{"id":7091,"date":"2025-05-16T10:09:58","date_gmt":"2025-05-16T10:09:58","guid":{"rendered":"https:\/\/639.pm-domains.de\/?post_type=product&#038;p=7091"},"modified":"2026-04-21T13:32:14","modified_gmt":"2026-04-21T13:32:14","slug":"pyjama-de-protection-pour-homme-cedar","status":"publish","type":"product","link":"https:\/\/ecologa-europe.com\/shop\/produkt\/pyjama-de-protection-pour-homme-cedar\/?lang=fr","title":{"rendered":"Pyjama anti-ondes pour homme Cedar"},"content":{"rendered":"<h2 class=\"western\">Pyjama homme anti-ondes \u2013 protection CEM pour un sommeil r\u00e9parateur<\/h2>\n<p>D\u00e9couvrez notre <strong>pyjama anti-ondes pour homme<\/strong>, alliant confort classique et technologie moderne de <strong>protection contre les champs \u00e9lectromagn\u00e9tiques (CEM)<\/strong>. Id\u00e9al pour les hommes recherchant un sommeil r\u00e9parateur, des mati\u00e8res naturelles et une protection suppl\u00e9mentaire contre les hautes fr\u00e9quences.<\/p>\n<hr \/>\n<h3 class=\"western\">Design classique et confort optimal<\/h3>\n<p>Ce pyjama se compose d\u2019un haut \u00e0 manches longues avec patte de boutonnage, col Kent \u00e9l\u00e9gant et poche poitrine. Le pantalon droit offre une libert\u00e9 de mouvement optimale pour la nuit. Un v\u00e9ritable essentiel de la garde-robe homewear masculine.<\/p>\n<hr \/>\n<h3 class=\"western\">Coton doux et respirant<\/h3>\n<p>Le coton utilis\u00e9 est doux pour la peau, respirant et thermor\u00e9gulateur. Il aide \u00e0 limiter la transpiration nocturne et garantit un climat de sommeil \u00e9quilibr\u00e9 et naturel.<\/p>\n<hr \/>\n<h3 class=\"western\">Protection int\u00e9gr\u00e9e contre les CEM<\/h3>\n<p>Ce mod\u00e8le dispose d\u2019une fonction de <strong>blindage contre les ondes \u00e9lectromagn\u00e9tiques haute fr\u00e9quence (CEM)<\/strong>.<br \/>\nLe tissu contient des fibres de coton blind\u00e9es avec de fines fibres de cuivre recouvertes d\u2019argent.<\/p>\n<p>\u2714 R\u00e9duction des hautes fr\u00e9quences<br \/>\n\u2714 Environnement de sommeil plus calme<br \/>\n\u2714 Id\u00e9al pour chambres avec WiFi, t\u00e9l\u00e9phones ou radiofr\u00e9quences<\/p>\n<hr \/>\n<h3 class=\"western\">Qualit\u00e9 haut de gamme<\/h3>\n<p>Tissu en <strong>qualit\u00e9 fil retors (Vollzwirn)<\/strong> :<\/p>\n<ul>\n<li>meilleure stabilit\u00e9<\/li>\n<li>entretien facile<\/li>\n<li>couleurs plus intenses<\/li>\n<li>finition satin\u00e9e \u00e9l\u00e9gante<\/li>\n<\/ul>\n<hr \/>\n<h3 class=\"western\">Composition &amp; certification<\/h3>\n<ul>\n<li>97 % coton<\/li>\n<li>3 % m\u00e9tal (cuivre argent\u00e9 fin)<\/li>\n<li>OEKO-TEX Standard 100<\/li>\n<li>Tests : IEEE 299-1997, ASTM D 4935-89<\/li>\n<\/ul>\n<p>Couleur : bleu clair<br \/>\nTailles : 48\u201358<\/p>\n<hr \/>\n<h3 class=\"western\">Entretien<\/h3>\n<ul>\n<li>Lavage d\u00e9licat \u00e0 30 \u00b0C<\/li>\n<li>Sans javel ni d\u00e9sinfectants<\/li>\n<li>Sans adoucissant<\/li>\n<\/ul>\n<hr \/>\n\n<table id=\"tablepress-28\" class=\"tablepress tablepress-id-28\">\n<thead>\n<tr class=\"row-1\">\n\t<td class=\"column-1\"><\/td><th class=\"column-2\">Fr\u00e9quence \/ Application (MHz)<\/th><th class=\"column-3\">D\u00e9cibel (dB)<\/th><th class=\"column-4\">Pourcentage (%)<\/th>\n<\/tr>\n<\/thead>\n<tbody class=\"row-striping row-hover\">\n<tr class=\"row-2\">\n\t<td class=\"column-1\">Tetra 450<\/td><td class=\"column-2\">450MHz<\/td><td class=\"column-3\">45dB<\/td><td class=\"column-4\">99,99%<\/td>\n<\/tr>\n<tr class=\"row-3\">\n\t<td class=\"column-1\">LTE 800<\/td><td class=\"column-2\">800MHz<\/td><td class=\"column-3\">30dB<\/td><td class=\"column-4\">99,9%<\/td>\n<\/tr>\n<tr class=\"row-4\">\n\t<td class=\"column-1\">GSM 900<\/td><td class=\"column-2\">900MHz<\/td><td class=\"column-3\">30dB<\/td><td class=\"column-4\">99,9%<\/td>\n<\/tr>\n<tr class=\"row-5\">\n\t<td class=\"column-1\">GSM 1800<\/td><td class=\"column-2\">1800MHz<\/td><td class=\"column-3\">20dB<\/td><td class=\"column-4\">99%<\/td>\n<\/tr>\n<tr class=\"row-6\">\n\t<td class=\"column-1\">DECT 1800<\/td><td class=\"column-2\">1800MHz<\/td><td class=\"column-3\">20dB<\/td><td class=\"column-4\">99%<\/td>\n<\/tr>\n<tr class=\"row-7\">\n\t<td class=\"column-1\">UMTS 2000<\/td><td class=\"column-2\">2000MHz<\/td><td class=\"column-3\">20dB<\/td><td class=\"column-4\">99%<\/td>\n<\/tr>\n<tr class=\"row-8\">\n\t<td class=\"column-1\">WLAN 2400<\/td><td class=\"column-2\">2400MHz<\/td><td class=\"column-3\">20dB<\/td><td class=\"column-4\">99%<\/td>\n<\/tr>\n<tr class=\"row-9\">\n\t<td class=\"column-1\">LTE 2600<\/td><td class=\"column-2\">2600MHz<\/td><td class=\"column-3\">20dB<\/td><td class=\"column-4\">99%<\/td>\n<\/tr>\n<tr class=\"row-10\">\n\t<td class=\"column-1\">WLAN 5800<\/td><td class=\"column-2\">5800MHz<\/td><td class=\"column-3\">10dB<\/td><td class=\"column-4\">90%<\/td>\n<\/tr>\n<\/tbody>\n<\/table>\n<!-- #tablepress-28 from cache -->\n\n<table id=\"tablepress-48\" class=\"tablepress tablepress-id-48\">\n<thead>\n<tr class=\"row-1\">\n\t<th class=\"column-1\">Tailles<\/th><th class=\"column-2\">48<\/th><th class=\"column-3\">50<\/th><th class=\"column-4\">52<\/th><th class=\"column-5\">54<\/th><th class=\"column-6\">56<\/th><th class=\"column-7\">58<\/th>\n<\/tr>\n<\/thead>\n<tbody class=\"row-striping row-hover\">\n<tr class=\"row-2\">\n\t<td class=\"column-1\">\u00bd tour de poitrine<\/td><td class=\"column-2\">54<\/td><td class=\"column-3\">56<\/td><td class=\"column-4\">58<\/td><td class=\"column-5\">60<\/td><td class=\"column-6\">62<\/td><td class=\"column-7\">64<\/td>\n<\/tr>\n<tr class=\"row-3\">\n\t<td class=\"column-1\">\u00bd tour des hanches<\/td><td class=\"column-2\">51,6<\/td><td class=\"column-3\">53,6<\/td><td class=\"column-4\">55,6<\/td><td class=\"column-5\">57,6<\/td><td class=\"column-6\">59,6<\/td><td class=\"column-7\">61,6<\/td>\n<\/tr>\n<tr class=\"row-4\">\n\t<td class=\"column-1\">Longueur \u00e9paule<\/td><td class=\"column-2\">18,5<\/td><td class=\"column-3\">19<\/td><td class=\"column-4\">19,5<\/td><td class=\"column-5\">20<\/td><td class=\"column-6\">20,5<\/td><td class=\"column-7\">21<\/td>\n<\/tr>\n<tr class=\"row-5\">\n\t<td class=\"column-1\">Longueur manche<\/td><td class=\"column-2\">60,5<\/td><td class=\"column-3\">61<\/td><td class=\"column-4\">61,5<\/td><td class=\"column-5\">62<\/td><td class=\"column-6\">62,5<\/td><td class=\"column-7\">63<\/td>\n<\/tr>\n<tr class=\"row-6\">\n\t<td class=\"column-1\">\u00bd tour de poignet<\/td><td class=\"column-2\">11,25<\/td><td class=\"column-3\">11,75<\/td><td class=\"column-4\">12,25<\/td><td class=\"column-5\">12,75<\/td><td class=\"column-6\">13,25<\/td><td class=\"column-7\">13,75<\/td>\n<\/tr>\n<tr class=\"row-7\">\n\t<td class=\"column-1\">Hauteur col, derriere milieu<\/td><td class=\"column-2\">7<\/td><td class=\"column-3\">7<\/td><td class=\"column-4\">7<\/td><td class=\"column-5\">7<\/td><td class=\"column-6\">7<\/td><td class=\"column-7\">7<\/td>\n<\/tr>\n<tr class=\"row-8\">\n\t<td class=\"column-1\">\u00bd Ourlet<\/td><td class=\"column-2\">19,8<\/td><td class=\"column-3\">20,3<\/td><td class=\"column-4\">20,8<\/td><td class=\"column-5\">21,3<\/td><td class=\"column-6\">22,8<\/td><td class=\"column-7\">23,3<\/td>\n<\/tr>\n<tr class=\"row-9\">\n\t<td class=\"column-1\">Longueur devant, milieu<\/td><td class=\"column-2\">76,3<\/td><td class=\"column-3\">76,8<\/td><td class=\"column-4\">77,3<\/td><td class=\"column-5\">77,8<\/td><td class=\"column-6\">78,3<\/td><td class=\"column-7\">78,8<\/td>\n<\/tr>\n<tr class=\"row-10\">\n\t<td class=\"column-1\">Longueur derriere, milieu<\/td><td class=\"column-2\">86,7<\/td><td class=\"column-3\">87,2<\/td><td class=\"column-4\">87,7<\/td><td class=\"column-5\">88,2<\/td><td class=\"column-6\">88,7<\/td><td class=\"column-7\">89,2<\/td>\n<\/tr>\n<tr class=\"row-11\">\n\t<td class=\"column-1\">Longueur entrejambe<\/td><td class=\"column-2\">106,4<\/td><td class=\"column-3\">107,4<\/td><td class=\"column-4\">108,4<\/td><td class=\"column-5\">109,4<\/td><td class=\"column-6\">110,4<\/td><td class=\"column-7\">111,4<\/td>\n<\/tr>\n<tr class=\"row-12\">\n\t<td class=\"column-1\">Longueur cot\u00e9<\/td><td class=\"column-2\">108<\/td><td class=\"column-3\">109<\/td><td class=\"column-4\">110<\/td><td class=\"column-5\">111<\/td><td class=\"column-6\">112<\/td><td class=\"column-7\">113<\/td>\n<\/tr>\n<tr class=\"row-13\">\n\t<td class=\"column-1\">Tour de taille (\u00e9lastique)<\/td><td class=\"column-2\">88<\/td><td class=\"column-3\">90<\/td><td class=\"column-4\">92<\/td><td class=\"column-5\">94<\/td><td class=\"column-6\">96<\/td><td class=\"column-7\">98<\/td>\n<\/tr>\n<\/tbody>\n<\/table>\n<!-- #tablepress-48 from cache -->\n","protected":false},"excerpt":{"rendered":"<p>Pyjama homme en coton doux avec protection anti-ondes \u00e9lectromagn\u00e9tiques (CEM). Confortable, respirant et con\u00e7u pour un sommeil plus paisible gr\u00e2ce \u00e0 un tissu blind\u00e9 en fibres cuivre-argent.<\/p>\n","protected":false},"featured_media":1270,"template":"","meta":{"inline_featured_image":false,"site-sidebar-layout":"default","site-content-layout":"","ast-site-content-layout":"default","site-content-style":"default","site-sidebar-style":"default","ast-global-header-display":"","ast-banner-title-visibility":"","ast-main-header-display":"","ast-hfb-above-header-display":"","ast-hfb-below-header-display":"","ast-hfb-mobile-header-display":"","site-post-title":"","ast-breadcrumbs-content":"","ast-featured-img":"","footer-sml-layout":"","ast-disable-related-posts":"","theme-transparent-header-meta":"default","adv-header-id-meta":"","stick-header-meta":"","header-above-stick-meta":"","header-main-stick-meta":"","header-below-stick-meta":"","astra-migrate-meta-layouts":"set","ast-page-background-enabled":"default","ast-page-background-meta":{"desktop":{"background-color":"var(--ast-global-color-5)","background-image":"","background-repeat":"repeat","background-position":"center center","background-size":"auto","background-attachment":"scroll","background-type":"","background-media":"","overlay-type":"","overlay-color":"","overlay-opacity":"","overlay-gradient":""},"tablet":{"background-color":"","background-image":"","background-repeat":"repeat","background-position":"center center","background-size":"auto","background-attachment":"scroll","background-type":"","background-media":"","overlay-type":"","overlay-color":"","overlay-opacity":"","overlay-gradient":""},"mobile":{"background-color":"","background-image":"","background-repeat":"repeat","background-position":"center center","background-size":"auto","background-attachment":"scroll","background-type":"","background-media":"","overlay-type":"","overlay-color":"","overlay-opacity":"","overlay-gradient":""}},"ast-content-background-meta":{"desktop":{"background-color":"var(--ast-global-color-4)","background-image":"","background-repeat":"repeat","background-position":"center center","background-size":"auto","background-attachment":"scroll","background-type":"","background-media":"","overlay-type":"","overlay-color":"","overlay-opacity":"","overlay-gradient":""},"tablet":{"background-color":"var(--ast-global-color-4)","background-image":"","background-repeat":"repeat","background-position":"center center","background-size":"auto","background-attachment":"scroll","background-type":"","background-media":"","overlay-type":"","overlay-color":"","overlay-opacity":"","overlay-gradient":""},"mobile":{"background-color":"var(--ast-global-color-4)","background-image":"","background-repeat":"repeat","background-position":"center center","background-size":"auto","background-attachment":"scroll","background-type":"","background-media":"","overlay-type":"","overlay-color":"","overlay-opacity":"","overlay-gradient":""}}},"product_brand":[],"product_cat":[325,186,185],"product_tag":[1121,1120,1122],"class_list":{"0":"post-7091","1":"product","2":"type-product","3":"status-publish","4":"has-post-thumbnail","6":"product_cat-draps-et-pyjamas","7":"product_cat-hommes","8":"product_cat-vetements-high-tech","9":"product_tag-protection-cem","10":"product_tag-pyjama-anti-ondes-homme","11":"product_tag-vetements-anti-ondes","12":"product_shipping_class-standardversand","13":"pa_groesse-48-4","14":"pa_groesse-50-2","15":"pa_groesse-52-3","16":"pa_groesse-54-3","17":"pa_groesse-56-3","18":"pa_groesse-58-4","19":"desktop-align-left","20":"tablet-align-left","21":"mobile-align-left","23":"first","24":"instock","25":"taxable","26":"shipping-taxable","27":"purchasable","28":"product-type-variable"},"yoast_head":"<!-- This site is optimized with the Yoast SEO plugin v27.5 - https:\/\/yoast.com\/product\/yoast-seo-wordpress\/ -->\n<title>Pyjama anti-ondes pour homme Cedar - Elektrosmog-Schutz Onlineshop<\/title>\n<meta name=\"description\" content=\"Pyjama homme anti-ondes en coton avec fibres cuivre-argent. Protection CEM int\u00e9gr\u00e9e contre les champs \u00e9lectromagn\u00e9tiques pour un sommeil r\u00e9parateur.\" \/>\n<meta name=\"robots\" content=\"index, follow, max-snippet:-1, max-image-preview:large, max-video-preview:-1\" \/>\n<link rel=\"canonical\" href=\"https:\/\/ecologa-europe.com\/shop\/produkt\/pyjama-de-protection-pour-homme-cedar\/\" \/>\n<meta property=\"og:locale\" content=\"de_DE\" \/>\n<meta property=\"og:type\" content=\"article\" \/>\n<meta property=\"og:title\" content=\"Pyjama anti-ondes pour homme Cedar - Elektrosmog-Schutz Onlineshop\" \/>\n<meta property=\"og:description\" content=\"Pyjama homme anti-ondes en coton avec fibres cuivre-argent. Protection CEM int\u00e9gr\u00e9e contre les champs \u00e9lectromagn\u00e9tiques pour un sommeil r\u00e9parateur.\" \/>\n<meta property=\"og:url\" content=\"https:\/\/ecologa-europe.com\/shop\/produkt\/pyjama-de-protection-pour-homme-cedar\/?lang=fr\" \/>\n<meta property=\"og:site_name\" content=\"Elektrosmog-Schutz Onlineshop\" \/>\n<meta property=\"article:publisher\" content=\"https:\/\/www.facebook.com\/Ecologa-Europe-GmbH-1604744566252298\/\" \/>\n<meta property=\"article:modified_time\" content=\"2026-04-21T13:32:14+00:00\" \/>\n<meta property=\"og:image\" content=\"https:\/\/ecologa-europe.com\/shop\/wp-content\/uploads\/2025\/04\/herren_pyjama_2.jpg\" \/>\n\t<meta property=\"og:image:width\" content=\"1772\" \/>\n\t<meta property=\"og:image:height\" content=\"1280\" \/>\n\t<meta property=\"og:image:type\" content=\"image\/jpeg\" \/>\n<meta name=\"twitter:card\" content=\"summary_large_image\" \/>\n<meta name=\"twitter:label1\" content=\"Gesch\u00e4tzte Lesezeit\" \/>\n\t<meta name=\"twitter:data1\" content=\"2\u00a0Minuten\" \/>\n<script type=\"application\/ld+json\" class=\"yoast-schema-graph\">{\"@context\":\"https:\\\/\\\/schema.org\",\"@graph\":[{\"@type\":\"WebPage\",\"@id\":\"https:\\\/\\\/ecologa-europe.com\\\/shop\\\/produkt\\\/pyjama-de-protection-pour-homme-cedar\\\/?lang=fr\",\"url\":\"https:\\\/\\\/ecologa-europe.com\\\/shop\\\/produkt\\\/pyjama-de-protection-pour-homme-cedar\\\/?lang=fr\",\"name\":\"Pyjama anti-ondes pour homme Cedar - Elektrosmog-Schutz Onlineshop\",\"isPartOf\":{\"@id\":\"https:\\\/\\\/ecologa-europe.com\\\/shop\\\/#website\"},\"primaryImageOfPage\":{\"@id\":\"https:\\\/\\\/ecologa-europe.com\\\/shop\\\/produkt\\\/pyjama-de-protection-pour-homme-cedar\\\/?lang=fr#primaryimage\"},\"image\":{\"@id\":\"https:\\\/\\\/ecologa-europe.com\\\/shop\\\/produkt\\\/pyjama-de-protection-pour-homme-cedar\\\/?lang=fr#primaryimage\"},\"thumbnailUrl\":\"https:\\\/\\\/ecologa-europe.com\\\/shop\\\/wp-content\\\/uploads\\\/2025\\\/04\\\/herren_pyjama_2.jpg\",\"datePublished\":\"2025-05-16T10:09:58+00:00\",\"dateModified\":\"2026-04-21T13:32:14+00:00\",\"description\":\"Pyjama homme anti-ondes en coton avec fibres cuivre-argent. Protection CEM int\u00e9gr\u00e9e contre les champs \u00e9lectromagn\u00e9tiques pour un sommeil r\u00e9parateur.\",\"breadcrumb\":{\"@id\":\"https:\\\/\\\/ecologa-europe.com\\\/shop\\\/produkt\\\/pyjama-de-protection-pour-homme-cedar\\\/?lang=fr#breadcrumb\"},\"inLanguage\":\"de\",\"potentialAction\":[{\"@type\":\"ReadAction\",\"target\":[\"https:\\\/\\\/ecologa-europe.com\\\/shop\\\/produkt\\\/pyjama-de-protection-pour-homme-cedar\\\/?lang=fr\"]}]},{\"@type\":\"ImageObject\",\"inLanguage\":\"de\",\"@id\":\"https:\\\/\\\/ecologa-europe.com\\\/shop\\\/produkt\\\/pyjama-de-protection-pour-homme-cedar\\\/?lang=fr#primaryimage\",\"url\":\"https:\\\/\\\/ecologa-europe.com\\\/shop\\\/wp-content\\\/uploads\\\/2025\\\/04\\\/herren_pyjama_2.jpg\",\"contentUrl\":\"https:\\\/\\\/ecologa-europe.com\\\/shop\\\/wp-content\\\/uploads\\\/2025\\\/04\\\/herren_pyjama_2.jpg\",\"width\":1772,\"height\":1280},{\"@type\":\"BreadcrumbList\",\"@id\":\"https:\\\/\\\/ecologa-europe.com\\\/shop\\\/produkt\\\/pyjama-de-protection-pour-homme-cedar\\\/?lang=fr#breadcrumb\",\"itemListElement\":[{\"@type\":\"ListItem\",\"position\":1,\"name\":\"Startseite\",\"item\":\"https:\\\/\\\/ecologa-europe.com\\\/shop\\\/\"},{\"@type\":\"ListItem\",\"position\":2,\"name\":\"Shop\",\"item\":\"https:\\\/\\\/ecologa-europe.com\\\/shop\\\/shop\\\/\"},{\"@type\":\"ListItem\",\"position\":3,\"name\":\"Pyjama anti-ondes pour homme Cedar\"}]},{\"@type\":\"WebSite\",\"@id\":\"https:\\\/\\\/ecologa-europe.com\\\/shop\\\/#website\",\"url\":\"https:\\\/\\\/ecologa-europe.com\\\/shop\\\/\",\"name\":\"Elektrosmog-Schutz Onlineshop\",\"description\":\"Ecologa Europe\",\"publisher\":{\"@id\":\"https:\\\/\\\/ecologa-europe.com\\\/shop\\\/#organization\"},\"potentialAction\":[{\"@type\":\"SearchAction\",\"target\":{\"@type\":\"EntryPoint\",\"urlTemplate\":\"https:\\\/\\\/ecologa-europe.com\\\/shop\\\/?s={search_term_string}\"},\"query-input\":{\"@type\":\"PropertyValueSpecification\",\"valueRequired\":true,\"valueName\":\"search_term_string\"}}],\"inLanguage\":\"de\"},{\"@type\":\"Organization\",\"@id\":\"https:\\\/\\\/ecologa-europe.com\\\/shop\\\/#organization\",\"name\":\"Elektrosmog-Schutz Onlineshop\",\"url\":\"https:\\\/\\\/ecologa-europe.com\\\/shop\\\/\",\"logo\":{\"@type\":\"ImageObject\",\"inLanguage\":\"de\",\"@id\":\"https:\\\/\\\/ecologa-europe.com\\\/shop\\\/#\\\/schema\\\/logo\\\/image\\\/\",\"url\":\"https:\\\/\\\/ecologa-europe.com\\\/shop\\\/wp-content\\\/uploads\\\/2025\\\/04\\\/vertical-navbar-logo.svg\",\"contentUrl\":\"https:\\\/\\\/ecologa-europe.com\\\/shop\\\/wp-content\\\/uploads\\\/2025\\\/04\\\/vertical-navbar-logo.svg\",\"width\":182,\"height\":70,\"caption\":\"Elektrosmog-Schutz Onlineshop\"},\"image\":{\"@id\":\"https:\\\/\\\/ecologa-europe.com\\\/shop\\\/#\\\/schema\\\/logo\\\/image\\\/\"},\"sameAs\":[\"https:\\\/\\\/www.facebook.com\\\/Ecologa-Europe-GmbH-1604744566252298\\\/\",\"https:\\\/\\\/www.instagram.com\\\/ecologaeurope\\\/\"]}]}<\/script>\n<!-- \/ Yoast SEO plugin. -->","yoast_head_json":{"title":"Pyjama anti-ondes pour homme Cedar - Elektrosmog-Schutz Onlineshop","description":"Pyjama homme anti-ondes en coton avec fibres cuivre-argent. Protection CEM int\u00e9gr\u00e9e contre les champs \u00e9lectromagn\u00e9tiques pour un sommeil r\u00e9parateur.","robots":{"index":"index","follow":"follow","max-snippet":"max-snippet:-1","max-image-preview":"max-image-preview:large","max-video-preview":"max-video-preview:-1"},"canonical":"https:\/\/ecologa-europe.com\/shop\/produkt\/pyjama-de-protection-pour-homme-cedar\/","og_locale":"de_DE","og_type":"article","og_title":"Pyjama anti-ondes pour homme Cedar - Elektrosmog-Schutz Onlineshop","og_description":"Pyjama homme anti-ondes en coton avec fibres cuivre-argent. Protection CEM int\u00e9gr\u00e9e contre les champs \u00e9lectromagn\u00e9tiques pour un sommeil r\u00e9parateur.","og_url":"https:\/\/ecologa-europe.com\/shop\/produkt\/pyjama-de-protection-pour-homme-cedar\/?lang=fr","og_site_name":"Elektrosmog-Schutz Onlineshop","article_publisher":"https:\/\/www.facebook.com\/Ecologa-Europe-GmbH-1604744566252298\/","article_modified_time":"2026-04-21T13:32:14+00:00","og_image":[{"width":1772,"height":1280,"url":"https:\/\/ecologa-europe.com\/shop\/wp-content\/uploads\/2025\/04\/herren_pyjama_2.jpg","type":"image\/jpeg"}],"twitter_card":"summary_large_image","twitter_misc":{"Gesch\u00e4tzte Lesezeit":"2\u00a0Minuten"},"schema":{"@context":"https:\/\/schema.org","@graph":[{"@type":"WebPage","@id":"https:\/\/ecologa-europe.com\/shop\/produkt\/pyjama-de-protection-pour-homme-cedar\/?lang=fr","url":"https:\/\/ecologa-europe.com\/shop\/produkt\/pyjama-de-protection-pour-homme-cedar\/?lang=fr","name":"Pyjama anti-ondes pour homme Cedar - Elektrosmog-Schutz Onlineshop","isPartOf":{"@id":"https:\/\/ecologa-europe.com\/shop\/#website"},"primaryImageOfPage":{"@id":"https:\/\/ecologa-europe.com\/shop\/produkt\/pyjama-de-protection-pour-homme-cedar\/?lang=fr#primaryimage"},"image":{"@id":"https:\/\/ecologa-europe.com\/shop\/produkt\/pyjama-de-protection-pour-homme-cedar\/?lang=fr#primaryimage"},"thumbnailUrl":"https:\/\/ecologa-europe.com\/shop\/wp-content\/uploads\/2025\/04\/herren_pyjama_2.jpg","datePublished":"2025-05-16T10:09:58+00:00","dateModified":"2026-04-21T13:32:14+00:00","description":"Pyjama homme anti-ondes en coton avec fibres cuivre-argent. Protection CEM int\u00e9gr\u00e9e contre les champs \u00e9lectromagn\u00e9tiques pour un sommeil r\u00e9parateur.","breadcrumb":{"@id":"https:\/\/ecologa-europe.com\/shop\/produkt\/pyjama-de-protection-pour-homme-cedar\/?lang=fr#breadcrumb"},"inLanguage":"de","potentialAction":[{"@type":"ReadAction","target":["https:\/\/ecologa-europe.com\/shop\/produkt\/pyjama-de-protection-pour-homme-cedar\/?lang=fr"]}]},{"@type":"ImageObject","inLanguage":"de","@id":"https:\/\/ecologa-europe.com\/shop\/produkt\/pyjama-de-protection-pour-homme-cedar\/?lang=fr#primaryimage","url":"https:\/\/ecologa-europe.com\/shop\/wp-content\/uploads\/2025\/04\/herren_pyjama_2.jpg","contentUrl":"https:\/\/ecologa-europe.com\/shop\/wp-content\/uploads\/2025\/04\/herren_pyjama_2.jpg","width":1772,"height":1280},{"@type":"BreadcrumbList","@id":"https:\/\/ecologa-europe.com\/shop\/produkt\/pyjama-de-protection-pour-homme-cedar\/?lang=fr#breadcrumb","itemListElement":[{"@type":"ListItem","position":1,"name":"Startseite","item":"https:\/\/ecologa-europe.com\/shop\/"},{"@type":"ListItem","position":2,"name":"Shop","item":"https:\/\/ecologa-europe.com\/shop\/shop\/"},{"@type":"ListItem","position":3,"name":"Pyjama anti-ondes pour homme Cedar"}]},{"@type":"WebSite","@id":"https:\/\/ecologa-europe.com\/shop\/#website","url":"https:\/\/ecologa-europe.com\/shop\/","name":"Elektrosmog-Schutz Onlineshop","description":"Ecologa Europe","publisher":{"@id":"https:\/\/ecologa-europe.com\/shop\/#organization"},"potentialAction":[{"@type":"SearchAction","target":{"@type":"EntryPoint","urlTemplate":"https:\/\/ecologa-europe.com\/shop\/?s={search_term_string}"},"query-input":{"@type":"PropertyValueSpecification","valueRequired":true,"valueName":"search_term_string"}}],"inLanguage":"de"},{"@type":"Organization","@id":"https:\/\/ecologa-europe.com\/shop\/#organization","name":"Elektrosmog-Schutz Onlineshop","url":"https:\/\/ecologa-europe.com\/shop\/","logo":{"@type":"ImageObject","inLanguage":"de","@id":"https:\/\/ecologa-europe.com\/shop\/#\/schema\/logo\/image\/","url":"https:\/\/ecologa-europe.com\/shop\/wp-content\/uploads\/2025\/04\/vertical-navbar-logo.svg","contentUrl":"https:\/\/ecologa-europe.com\/shop\/wp-content\/uploads\/2025\/04\/vertical-navbar-logo.svg","width":182,"height":70,"caption":"Elektrosmog-Schutz Onlineshop"},"image":{"@id":"https:\/\/ecologa-europe.com\/shop\/#\/schema\/logo\/image\/"},"sameAs":["https:\/\/www.facebook.com\/Ecologa-Europe-GmbH-1604744566252298\/","https:\/\/www.instagram.com\/ecologaeurope\/"]}]}},"_links":{"self":[{"href":"https:\/\/ecologa-europe.com\/shop\/wp-json\/wp\/v2\/product\/7091","targetHints":{"allow":["GET"]}}],"collection":[{"href":"https:\/\/ecologa-europe.com\/shop\/wp-json\/wp\/v2\/product"}],"about":[{"href":"https:\/\/ecologa-europe.com\/shop\/wp-json\/wp\/v2\/types\/product"}],"wp:featuredmedia":[{"embeddable":true,"href":"https:\/\/ecologa-europe.com\/shop\/wp-json\/wp\/v2\/media\/1270"}],"wp:attachment":[{"href":"https:\/\/ecologa-europe.com\/shop\/wp-json\/wp\/v2\/media?parent=7091"}],"wp:term":[{"taxonomy":"product_brand","embeddable":true,"href":"https:\/\/ecologa-europe.com\/shop\/wp-json\/wp\/v2\/product_brand?post=7091"},{"taxonomy":"product_cat","embeddable":true,"href":"https:\/\/ecologa-europe.com\/shop\/wp-json\/wp\/v2\/product_cat?post=7091"},{"taxonomy":"product_tag","embeddable":true,"href":"https:\/\/ecologa-europe.com\/shop\/wp-json\/wp\/v2\/product_tag?post=7091"}],"curies":[{"name":"wp","href":"https:\/\/api.w.org\/{rel}","templated":true}]}}