{"id":7098,"date":"2025-05-16T10:09:58","date_gmt":"2025-05-16T10:09:58","guid":{"rendered":"https:\/\/639.pm-domains.de\/?post_type=product&#038;p=7098"},"modified":"2025-12-20T00:56:51","modified_gmt":"2025-12-20T00:56:51","slug":"pigiama-da-uomo-schermante-cedar","status":"publish","type":"product","link":"https:\/\/ecologa-europe.com\/shop\/produkt\/pigiama-da-uomo-schermante-cedar\/?lang=it","title":{"rendered":"Pigiama da uomo schermante Cedar"},"content":{"rendered":"<p>Un pigiama elegante e confortevole!<\/p>\n<p>Il nostro pigiama classico, composto da un top a maniche lunghe con abbottonatura e colletto Kent moderato, una tasca sul petto e pantaloni dal taglio dritto, \u00e8 perfetto per gli uomini che amano stare comodi.<\/p>\n<p>Con la sua estetica pulita e senza tempo, questo modello in cotone tradizionale \u00e8 un vero e proprio capo essenziale per il guardaroba di casa. Il cotone regola la temperatura corporea e impedisce di sudare troppo. \u00c8 il materiale perfetto per la biancheria da notte.<\/p>\n<p>Il cedro ha un&#8217;altra propriet\u00e0: protegge molto efficacemente dai raggi ad alta frequenza.<br \/>\nQuesto perch\u00e9 \u00e8 realizzato con cotone schermato certificato secondo l&#8217;OEKO-TEX Standard 100. Ci\u00f2 significa che i fili di rame molto sottili sono stati utilizzati per la protezione dei tessuti.<br \/>\nCi\u00f2 significa che i sottilissimi fili di rame sono rivestiti di argento puro per garantire una tolleranza ottimale.<br \/>\nI nostri pigiami Cedar sono realizzati in qualit\u00e0 full twist.<br \/>\nLa torsione completa \u00e8 un tessuto in cui sia l&#8217;ordito che la trama sono costituiti da filati ritorti. L&#8217;alta e doppia torsione dei filati conferisce al tessuto una stabilit\u00e0 ancora maggiore, aumentandone la facilit\u00e0 di manutenzione. I colori acquistano brillantezza. Questo conferisce al nostro modello un aspetto satinato.<br \/>\nInoltre, l&#8217;effetto schermante della finissima trama metallica del tessuto impedisce alle radiazioni elettromagnetiche di penetrare.<\/p>\n\n<table id=\"tablepress-29\" class=\"tablepress tablepress-id-29\">\n<thead>\n<tr class=\"row-1\">\n\t<td class=\"column-1\"><\/td><th class=\"column-2\">Frequenza \/ Applicazione (MHz)<\/th><th class=\"column-3\">Decibel (dB)<\/th><th class=\"column-4\">Percentuale (%)<\/th>\n<\/tr>\n<\/thead>\n<tbody class=\"row-striping row-hover\">\n<tr class=\"row-2\">\n\t<td class=\"column-1\">Tetra 450<\/td><td class=\"column-2\">450MHz<\/td><td class=\"column-3\">45dB<\/td><td class=\"column-4\">99,99%<\/td>\n<\/tr>\n<tr class=\"row-3\">\n\t<td class=\"column-1\">LTE 800<\/td><td class=\"column-2\">800MHz<\/td><td class=\"column-3\">30dB<\/td><td class=\"column-4\">99,9%<\/td>\n<\/tr>\n<tr class=\"row-4\">\n\t<td class=\"column-1\">GSM 900<\/td><td class=\"column-2\">900MHz<\/td><td class=\"column-3\">30dB<\/td><td class=\"column-4\">99,9%<\/td>\n<\/tr>\n<tr class=\"row-5\">\n\t<td class=\"column-1\">GSM 1800<\/td><td class=\"column-2\">1800MHz<\/td><td class=\"column-3\">20dB<\/td><td class=\"column-4\">99%<\/td>\n<\/tr>\n<tr class=\"row-6\">\n\t<td class=\"column-1\">DECT 1800<\/td><td class=\"column-2\">1800MHz<\/td><td class=\"column-3\">20dB<\/td><td class=\"column-4\">99%<\/td>\n<\/tr>\n<tr class=\"row-7\">\n\t<td class=\"column-1\">UMTS 2000<\/td><td class=\"column-2\">2000MHz<\/td><td class=\"column-3\">20dB<\/td><td class=\"column-4\">99%<\/td>\n<\/tr>\n<tr class=\"row-8\">\n\t<td class=\"column-1\">WLAN 2400<\/td><td class=\"column-2\">2400MHz<\/td><td class=\"column-3\">20dB<\/td><td class=\"column-4\">99%<\/td>\n<\/tr>\n<tr class=\"row-9\">\n\t<td class=\"column-1\">LTE 2600<\/td><td class=\"column-2\">2600MHz<\/td><td class=\"column-3\">20dB<\/td><td class=\"column-4\">99%<\/td>\n<\/tr>\n<tr class=\"row-10\">\n\t<td class=\"column-1\">WLAN 5800<\/td><td class=\"column-2\">5800MHz<\/td><td class=\"column-3\">10dB<\/td><td class=\"column-4\">90%<\/td>\n<\/tr>\n<\/tbody>\n<\/table>\n<!-- #tablepress-29 from cache -->\n<p>In questo modo, le propriet\u00e0 dermocompatibili del cotone e l&#8217;effetto schermante contribuiscono ancora di pi\u00f9 al vostro benessere.<\/p>\n<p>Composizione: twill pieno ritorto<br \/>\nColore: azzurro<br \/>\n97% cotone \/ 3% metallo (filo di rame fine argentato)<br \/>\nBase di prova: IEEE 299-1997<br \/>\nASTM D 4935-89<\/p>\n<p>Dimensioni: 48, 50, 52, 54, 56, 58<\/p>\n\n<table id=\"tablepress-49\" class=\"tablepress tablepress-id-49\">\n<thead>\n<tr class=\"row-1\">\n\t<th class=\"column-1\">Taglie<\/th><th class=\"column-2\">48<\/th><th class=\"column-3\">50<\/th><th class=\"column-4\">52<\/th><th class=\"column-5\">54<\/th><th class=\"column-6\">56<\/th><th class=\"column-7\">58<\/th>\n<\/tr>\n<\/thead>\n<tbody class=\"row-striping row-hover\">\n<tr class=\"row-2\">\n\t<td class=\"column-1\">\u00bd circonferenza del torace<\/td><td class=\"column-2\">54<\/td><td class=\"column-3\">56<\/td><td class=\"column-4\">58<\/td><td class=\"column-5\">60<\/td><td class=\"column-6\">62<\/td><td class=\"column-7\">64<\/td>\n<\/tr>\n<tr class=\"row-3\">\n\t<td class=\"column-1\">\u00bd circonferenza dell'anca<\/td><td class=\"column-2\">51,6<\/td><td class=\"column-3\">53,6<\/td><td class=\"column-4\">55,6<\/td><td class=\"column-5\">57,6<\/td><td class=\"column-6\">59,6<\/td><td class=\"column-7\">61,6<\/td>\n<\/tr>\n<tr class=\"row-4\">\n\t<td class=\"column-1\">Lunghezza della spalla<\/td><td class=\"column-2\">18,5<\/td><td class=\"column-3\">19<\/td><td class=\"column-4\">19,5<\/td><td class=\"column-5\">20<\/td><td class=\"column-6\">20,5<\/td><td class=\"column-7\">21<\/td>\n<\/tr>\n<tr class=\"row-5\">\n\t<td class=\"column-1\">Lunghezza della maniglia<\/td><td class=\"column-2\">60,5<\/td><td class=\"column-3\">61<\/td><td class=\"column-4\">61,5<\/td><td class=\"column-5\">62<\/td><td class=\"column-6\">62,5<\/td><td class=\"column-7\">63<\/td>\n<\/tr>\n<tr class=\"row-6\">\n\t<td class=\"column-1\">\u00bd circonferenza del polso<\/td><td class=\"column-2\">11,25<\/td><td class=\"column-3\">11,75<\/td><td class=\"column-4\">12,25<\/td><td class=\"column-5\">12,75<\/td><td class=\"column-6\">13,25<\/td><td class=\"column-7\">13,75<\/td>\n<\/tr>\n<tr class=\"row-7\">\n\t<td class=\"column-1\">Altezza del collo, centro posteriore<\/td><td class=\"column-2\">7<\/td><td class=\"column-3\">7<\/td><td class=\"column-4\">7<\/td><td class=\"column-5\">7<\/td><td class=\"column-6\">7<\/td><td class=\"column-7\">7<\/td>\n<\/tr>\n<tr class=\"row-8\">\n\t<td class=\"column-1\">\u00bd orlo<\/td><td class=\"column-2\">19,8<\/td><td class=\"column-3\">20,3<\/td><td class=\"column-4\">20,8<\/td><td class=\"column-5\">21,3<\/td><td class=\"column-6\">22,8<\/td><td class=\"column-7\">23,3<\/td>\n<\/tr>\n<tr class=\"row-9\">\n\t<td class=\"column-1\">Lunghezza anteriore, centrale<\/td><td class=\"column-2\">76,3<\/td><td class=\"column-3\">76,8<\/td><td class=\"column-4\">77,3<\/td><td class=\"column-5\">77,8<\/td><td class=\"column-6\">78,3<\/td><td class=\"column-7\">78,8<\/td>\n<\/tr>\n<tr class=\"row-10\">\n\t<td class=\"column-1\">Lunghezza posteriore, centrale<\/td><td class=\"column-2\">86,7<\/td><td class=\"column-3\">87,2<\/td><td class=\"column-4\">87,7<\/td><td class=\"column-5\">88,2<\/td><td class=\"column-6\">88,7<\/td><td class=\"column-7\">89,2<\/td>\n<\/tr>\n<tr class=\"row-11\">\n\t<td class=\"column-1\">Lunghezza dei pantaloni<\/td><td class=\"column-2\">106,4<\/td><td class=\"column-3\">107,4<\/td><td class=\"column-4\">108,4<\/td><td class=\"column-5\">109,4<\/td><td class=\"column-6\">110,4<\/td><td class=\"column-7\">111,4<\/td>\n<\/tr>\n<tr class=\"row-12\">\n\t<td class=\"column-1\">Lunghezza dimensionata<\/td><td class=\"column-2\">108<\/td><td class=\"column-3\">109<\/td><td class=\"column-4\">110<\/td><td class=\"column-5\">111<\/td><td class=\"column-6\">112<\/td><td class=\"column-7\">113<\/td>\n<\/tr>\n<tr class=\"row-13\">\n\t<td class=\"column-1\">Cintura (elastico)<\/td><td class=\"column-2\">88<\/td><td class=\"column-3\">90<\/td><td class=\"column-4\">92<\/td><td class=\"column-5\">94<\/td><td class=\"column-6\">96<\/td><td class=\"column-7\">98<\/td>\n<\/tr>\n<\/tbody>\n<\/table>\n\n<p>Istruzioni per la cura:<br \/>\nLavaggio delicato a 30 \u00b0C.<br \/>\nNon utilizzare disinfettanti o detergenti contenenti cloro!<br \/>\nNon utilizzare ammorbidenti.<\/p>\n","protected":false},"excerpt":{"rendered":"<p>Un pigiama elegante e confortevole!<\/p>\n<p>Il nostro pigiama classico, composto da un top a maniche lunghe con abbottonatura, colletto Kent moderato, tasca sul petto e pantaloni dal taglio dritto, \u00e8 perfetto per gli uomini che amano stare comodi.<\/p>\n<p>I nostri pigiami Cedar sono realizzati in qualit\u00e0 a doppia torsione e proteggono molto efficacemente dai raggi ad alta frequenza. Sono infatti realizzati con cotone schermato OEKO-TEX Standard 100.<\/p>\n<p>Le propriet\u00e0 dermocompatibili del cotone e la schermatura contribuiscono ulteriormente al vostro benessere.<\/p>\n<p>Colore: azzurro<br \/>\nComposizione: twill pieno ritorto<br \/>\n97% cotone \/ 3% metallo<br \/>\n(filo di rame fine argentato)<br \/>\nTaglie: 48, 50, 52, 54, 56, 58<\/p>\n","protected":false},"featured_media":1271,"template":"","meta":{"inline_featured_image":false,"site-sidebar-layout":"default","site-content-layout":"","ast-site-content-layout":"default","site-content-style":"default","site-sidebar-style":"default","ast-global-header-display":"","ast-banner-title-visibility":"","ast-main-header-display":"","ast-hfb-above-header-display":"","ast-hfb-below-header-display":"","ast-hfb-mobile-header-display":"","site-post-title":"","ast-breadcrumbs-content":"","ast-featured-img":"","footer-sml-layout":"","ast-disable-related-posts":"","theme-transparent-header-meta":"default","adv-header-id-meta":"","stick-header-meta":"","header-above-stick-meta":"","header-main-stick-meta":"","header-below-stick-meta":"","astra-migrate-meta-layouts":"default","ast-page-background-enabled":"default","ast-page-background-meta":{"desktop":{"background-color":"var(--ast-global-color-5)","background-image":"","background-repeat":"repeat","background-position":"center center","background-size":"auto","background-attachment":"scroll","background-type":"","background-media":"","overlay-type":"","overlay-color":"","overlay-opacity":"","overlay-gradient":""},"tablet":{"background-color":"","background-image":"","background-repeat":"repeat","background-position":"center center","background-size":"auto","background-attachment":"scroll","background-type":"","background-media":"","overlay-type":"","overlay-color":"","overlay-opacity":"","overlay-gradient":""},"mobile":{"background-color":"","background-image":"","background-repeat":"repeat","background-position":"center center","background-size":"auto","background-attachment":"scroll","background-type":"","background-media":"","overlay-type":"","overlay-color":"","overlay-opacity":"","overlay-gradient":""}},"ast-content-background-meta":{"desktop":{"background-color":"var(--ast-global-color-4)","background-image":"","background-repeat":"repeat","background-position":"center center","background-size":"auto","background-attachment":"scroll","background-type":"","background-media":"","overlay-type":"","overlay-color":"","overlay-opacity":"","overlay-gradient":""},"tablet":{"background-color":"var(--ast-global-color-4)","background-image":"","background-repeat":"repeat","background-position":"center center","background-size":"auto","background-attachment":"scroll","background-type":"","background-media":"","overlay-type":"","overlay-color":"","overlay-opacity":"","overlay-gradient":""},"mobile":{"background-color":"var(--ast-global-color-4)","background-image":"","background-repeat":"repeat","background-position":"center center","background-size":"auto","background-attachment":"scroll","background-type":"","background-media":"","overlay-type":"","overlay-color":"","overlay-opacity":"","overlay-gradient":""}}},"product_brand":[],"product_cat":[190,326,191],"product_tag":[192,230,659],"class_list":{"0":"post-7098","1":"product","2":"type-product","3":"status-publish","4":"has-post-thumbnail","6":"product_cat-abbigliamento-high-tech","7":"product_cat-lenzuola-e-pijama","8":"product_cat-uomo","9":"product_tag-abbigliamenti-schermanti","10":"product_tag-protezione-5g","11":"product_tag-protezione-dallelettrosmog-it","12":"product_shipping_class-standardversand","13":"pa_groesse-48-3","14":"pa_groesse-50-4","15":"pa_groesse-52-4","16":"pa_groesse-54-2","17":"pa_groesse-56-4","18":"pa_groesse-58-2","19":"desktop-align-left","20":"tablet-align-left","21":"mobile-align-left","23":"first","24":"instock","25":"taxable","26":"shipping-taxable","27":"purchasable","28":"product-type-variable"},"yoast_head":"<!-- This site is optimized with the Yoast SEO plugin v27.4 - https:\/\/yoast.com\/product\/yoast-seo-wordpress\/ -->\n<title>Pigiama da uomo schermante Cedar - Elektrosmog-Schutz Onlineshop<\/title>\n<meta name=\"description\" content=\"Pigiama da uomo per la schermatura delle onde elettromagnetiche ad alta frequenza\" \/>\n<meta name=\"robots\" content=\"index, follow, max-snippet:-1, max-image-preview:large, max-video-preview:-1\" \/>\n<link rel=\"canonical\" href=\"https:\/\/ecologa-europe.com\/shop\/produkt\/pigiama-da-uomo-schermante-cedar\/\" \/>\n<meta property=\"og:locale\" content=\"de_DE\" \/>\n<meta property=\"og:type\" content=\"article\" \/>\n<meta property=\"og:title\" content=\"Pigiama da uomo schermante Cedar - Elektrosmog-Schutz Onlineshop\" \/>\n<meta property=\"og:description\" content=\"Pigiama da uomo per la schermatura delle onde elettromagnetiche ad alta frequenza\" \/>\n<meta property=\"og:url\" content=\"https:\/\/ecologa-europe.com\/shop\/produkt\/pigiama-da-uomo-schermante-cedar\/?lang=it\" \/>\n<meta property=\"og:site_name\" content=\"Elektrosmog-Schutz Onlineshop\" \/>\n<meta property=\"article:publisher\" content=\"https:\/\/www.facebook.com\/Ecologa-Europe-GmbH-1604744566252298\/\" \/>\n<meta property=\"article:modified_time\" content=\"2025-12-20T00:56:51+00:00\" \/>\n<meta property=\"og:image\" content=\"https:\/\/ecologa-europe.com\/shop\/wp-content\/uploads\/2025\/04\/herren_pyjama_2.jpg\" \/>\n\t<meta property=\"og:image:width\" content=\"1772\" \/>\n\t<meta property=\"og:image:height\" content=\"1280\" \/>\n\t<meta property=\"og:image:type\" content=\"image\/jpeg\" \/>\n<meta name=\"twitter:card\" content=\"summary_large_image\" \/>\n<meta name=\"twitter:label1\" content=\"Gesch\u00e4tzte Lesezeit\" \/>\n\t<meta name=\"twitter:data1\" content=\"1\u00a0Minute\" \/>\n<script type=\"application\/ld+json\" class=\"yoast-schema-graph\">{\"@context\":\"https:\\\/\\\/schema.org\",\"@graph\":[{\"@type\":\"WebPage\",\"@id\":\"https:\\\/\\\/ecologa-europe.com\\\/shop\\\/produkt\\\/pigiama-da-uomo-schermante-cedar\\\/?lang=it\",\"url\":\"https:\\\/\\\/ecologa-europe.com\\\/shop\\\/produkt\\\/pigiama-da-uomo-schermante-cedar\\\/?lang=it\",\"name\":\"Pigiama da uomo schermante Cedar - Elektrosmog-Schutz Onlineshop\",\"isPartOf\":{\"@id\":\"https:\\\/\\\/ecologa-europe.com\\\/shop\\\/#website\"},\"primaryImageOfPage\":{\"@id\":\"https:\\\/\\\/ecologa-europe.com\\\/shop\\\/produkt\\\/pigiama-da-uomo-schermante-cedar\\\/?lang=it#primaryimage\"},\"image\":{\"@id\":\"https:\\\/\\\/ecologa-europe.com\\\/shop\\\/produkt\\\/pigiama-da-uomo-schermante-cedar\\\/?lang=it#primaryimage\"},\"thumbnailUrl\":\"https:\\\/\\\/ecologa-europe.com\\\/shop\\\/wp-content\\\/uploads\\\/2025\\\/04\\\/herren_pyjama_2.jpg\",\"datePublished\":\"2025-05-16T10:09:58+00:00\",\"dateModified\":\"2025-12-20T00:56:51+00:00\",\"description\":\"Pigiama da uomo per la schermatura delle onde elettromagnetiche ad alta frequenza\",\"breadcrumb\":{\"@id\":\"https:\\\/\\\/ecologa-europe.com\\\/shop\\\/produkt\\\/pigiama-da-uomo-schermante-cedar\\\/?lang=it#breadcrumb\"},\"inLanguage\":\"de\",\"potentialAction\":[{\"@type\":\"ReadAction\",\"target\":[\"https:\\\/\\\/ecologa-europe.com\\\/shop\\\/produkt\\\/pigiama-da-uomo-schermante-cedar\\\/?lang=it\"]}]},{\"@type\":\"ImageObject\",\"inLanguage\":\"de\",\"@id\":\"https:\\\/\\\/ecologa-europe.com\\\/shop\\\/produkt\\\/pigiama-da-uomo-schermante-cedar\\\/?lang=it#primaryimage\",\"url\":\"https:\\\/\\\/ecologa-europe.com\\\/shop\\\/wp-content\\\/uploads\\\/2025\\\/04\\\/herren_pyjama_2.jpg\",\"contentUrl\":\"https:\\\/\\\/ecologa-europe.com\\\/shop\\\/wp-content\\\/uploads\\\/2025\\\/04\\\/herren_pyjama_2.jpg\",\"width\":1772,\"height\":1280},{\"@type\":\"BreadcrumbList\",\"@id\":\"https:\\\/\\\/ecologa-europe.com\\\/shop\\\/produkt\\\/pigiama-da-uomo-schermante-cedar\\\/?lang=it#breadcrumb\",\"itemListElement\":[{\"@type\":\"ListItem\",\"position\":1,\"name\":\"Startseite\",\"item\":\"https:\\\/\\\/ecologa-europe.com\\\/shop\\\/\"},{\"@type\":\"ListItem\",\"position\":2,\"name\":\"Shop\",\"item\":\"https:\\\/\\\/ecologa-europe.com\\\/shop\\\/shop\\\/\"},{\"@type\":\"ListItem\",\"position\":3,\"name\":\"Pigiama da uomo schermante Cedar\"}]},{\"@type\":\"WebSite\",\"@id\":\"https:\\\/\\\/ecologa-europe.com\\\/shop\\\/#website\",\"url\":\"https:\\\/\\\/ecologa-europe.com\\\/shop\\\/\",\"name\":\"Elektrosmog-Schutz Onlineshop\",\"description\":\"Ecologa Europe\",\"publisher\":{\"@id\":\"https:\\\/\\\/ecologa-europe.com\\\/shop\\\/#organization\"},\"potentialAction\":[{\"@type\":\"SearchAction\",\"target\":{\"@type\":\"EntryPoint\",\"urlTemplate\":\"https:\\\/\\\/ecologa-europe.com\\\/shop\\\/?s={search_term_string}\"},\"query-input\":{\"@type\":\"PropertyValueSpecification\",\"valueRequired\":true,\"valueName\":\"search_term_string\"}}],\"inLanguage\":\"de\"},{\"@type\":\"Organization\",\"@id\":\"https:\\\/\\\/ecologa-europe.com\\\/shop\\\/#organization\",\"name\":\"Elektrosmog-Schutz Onlineshop\",\"url\":\"https:\\\/\\\/ecologa-europe.com\\\/shop\\\/\",\"logo\":{\"@type\":\"ImageObject\",\"inLanguage\":\"de\",\"@id\":\"https:\\\/\\\/ecologa-europe.com\\\/shop\\\/#\\\/schema\\\/logo\\\/image\\\/\",\"url\":\"https:\\\/\\\/ecologa-europe.com\\\/shop\\\/wp-content\\\/uploads\\\/2025\\\/04\\\/vertical-navbar-logo.svg\",\"contentUrl\":\"https:\\\/\\\/ecologa-europe.com\\\/shop\\\/wp-content\\\/uploads\\\/2025\\\/04\\\/vertical-navbar-logo.svg\",\"width\":182,\"height\":70,\"caption\":\"Elektrosmog-Schutz Onlineshop\"},\"image\":{\"@id\":\"https:\\\/\\\/ecologa-europe.com\\\/shop\\\/#\\\/schema\\\/logo\\\/image\\\/\"},\"sameAs\":[\"https:\\\/\\\/www.facebook.com\\\/Ecologa-Europe-GmbH-1604744566252298\\\/\",\"https:\\\/\\\/www.instagram.com\\\/ecologaeurope\\\/\"]}]}<\/script>\n<!-- \/ Yoast SEO plugin. -->","yoast_head_json":{"title":"Pigiama da uomo schermante Cedar - Elektrosmog-Schutz Onlineshop","description":"Pigiama da uomo per la schermatura delle onde elettromagnetiche ad alta frequenza","robots":{"index":"index","follow":"follow","max-snippet":"max-snippet:-1","max-image-preview":"max-image-preview:large","max-video-preview":"max-video-preview:-1"},"canonical":"https:\/\/ecologa-europe.com\/shop\/produkt\/pigiama-da-uomo-schermante-cedar\/","og_locale":"de_DE","og_type":"article","og_title":"Pigiama da uomo schermante Cedar - Elektrosmog-Schutz Onlineshop","og_description":"Pigiama da uomo per la schermatura delle onde elettromagnetiche ad alta frequenza","og_url":"https:\/\/ecologa-europe.com\/shop\/produkt\/pigiama-da-uomo-schermante-cedar\/?lang=it","og_site_name":"Elektrosmog-Schutz Onlineshop","article_publisher":"https:\/\/www.facebook.com\/Ecologa-Europe-GmbH-1604744566252298\/","article_modified_time":"2025-12-20T00:56:51+00:00","og_image":[{"width":1772,"height":1280,"url":"https:\/\/ecologa-europe.com\/shop\/wp-content\/uploads\/2025\/04\/herren_pyjama_2.jpg","type":"image\/jpeg"}],"twitter_card":"summary_large_image","twitter_misc":{"Gesch\u00e4tzte Lesezeit":"1\u00a0Minute"},"schema":{"@context":"https:\/\/schema.org","@graph":[{"@type":"WebPage","@id":"https:\/\/ecologa-europe.com\/shop\/produkt\/pigiama-da-uomo-schermante-cedar\/?lang=it","url":"https:\/\/ecologa-europe.com\/shop\/produkt\/pigiama-da-uomo-schermante-cedar\/?lang=it","name":"Pigiama da uomo schermante Cedar - Elektrosmog-Schutz Onlineshop","isPartOf":{"@id":"https:\/\/ecologa-europe.com\/shop\/#website"},"primaryImageOfPage":{"@id":"https:\/\/ecologa-europe.com\/shop\/produkt\/pigiama-da-uomo-schermante-cedar\/?lang=it#primaryimage"},"image":{"@id":"https:\/\/ecologa-europe.com\/shop\/produkt\/pigiama-da-uomo-schermante-cedar\/?lang=it#primaryimage"},"thumbnailUrl":"https:\/\/ecologa-europe.com\/shop\/wp-content\/uploads\/2025\/04\/herren_pyjama_2.jpg","datePublished":"2025-05-16T10:09:58+00:00","dateModified":"2025-12-20T00:56:51+00:00","description":"Pigiama da uomo per la schermatura delle onde elettromagnetiche ad alta frequenza","breadcrumb":{"@id":"https:\/\/ecologa-europe.com\/shop\/produkt\/pigiama-da-uomo-schermante-cedar\/?lang=it#breadcrumb"},"inLanguage":"de","potentialAction":[{"@type":"ReadAction","target":["https:\/\/ecologa-europe.com\/shop\/produkt\/pigiama-da-uomo-schermante-cedar\/?lang=it"]}]},{"@type":"ImageObject","inLanguage":"de","@id":"https:\/\/ecologa-europe.com\/shop\/produkt\/pigiama-da-uomo-schermante-cedar\/?lang=it#primaryimage","url":"https:\/\/ecologa-europe.com\/shop\/wp-content\/uploads\/2025\/04\/herren_pyjama_2.jpg","contentUrl":"https:\/\/ecologa-europe.com\/shop\/wp-content\/uploads\/2025\/04\/herren_pyjama_2.jpg","width":1772,"height":1280},{"@type":"BreadcrumbList","@id":"https:\/\/ecologa-europe.com\/shop\/produkt\/pigiama-da-uomo-schermante-cedar\/?lang=it#breadcrumb","itemListElement":[{"@type":"ListItem","position":1,"name":"Startseite","item":"https:\/\/ecologa-europe.com\/shop\/"},{"@type":"ListItem","position":2,"name":"Shop","item":"https:\/\/ecologa-europe.com\/shop\/shop\/"},{"@type":"ListItem","position":3,"name":"Pigiama da uomo schermante Cedar"}]},{"@type":"WebSite","@id":"https:\/\/ecologa-europe.com\/shop\/#website","url":"https:\/\/ecologa-europe.com\/shop\/","name":"Elektrosmog-Schutz Onlineshop","description":"Ecologa Europe","publisher":{"@id":"https:\/\/ecologa-europe.com\/shop\/#organization"},"potentialAction":[{"@type":"SearchAction","target":{"@type":"EntryPoint","urlTemplate":"https:\/\/ecologa-europe.com\/shop\/?s={search_term_string}"},"query-input":{"@type":"PropertyValueSpecification","valueRequired":true,"valueName":"search_term_string"}}],"inLanguage":"de"},{"@type":"Organization","@id":"https:\/\/ecologa-europe.com\/shop\/#organization","name":"Elektrosmog-Schutz Onlineshop","url":"https:\/\/ecologa-europe.com\/shop\/","logo":{"@type":"ImageObject","inLanguage":"de","@id":"https:\/\/ecologa-europe.com\/shop\/#\/schema\/logo\/image\/","url":"https:\/\/ecologa-europe.com\/shop\/wp-content\/uploads\/2025\/04\/vertical-navbar-logo.svg","contentUrl":"https:\/\/ecologa-europe.com\/shop\/wp-content\/uploads\/2025\/04\/vertical-navbar-logo.svg","width":182,"height":70,"caption":"Elektrosmog-Schutz Onlineshop"},"image":{"@id":"https:\/\/ecologa-europe.com\/shop\/#\/schema\/logo\/image\/"},"sameAs":["https:\/\/www.facebook.com\/Ecologa-Europe-GmbH-1604744566252298\/","https:\/\/www.instagram.com\/ecologaeurope\/"]}]}},"_links":{"self":[{"href":"https:\/\/ecologa-europe.com\/shop\/wp-json\/wp\/v2\/product\/7098","targetHints":{"allow":["GET"]}}],"collection":[{"href":"https:\/\/ecologa-europe.com\/shop\/wp-json\/wp\/v2\/product"}],"about":[{"href":"https:\/\/ecologa-europe.com\/shop\/wp-json\/wp\/v2\/types\/product"}],"wp:featuredmedia":[{"embeddable":true,"href":"https:\/\/ecologa-europe.com\/shop\/wp-json\/wp\/v2\/media\/1271"}],"wp:attachment":[{"href":"https:\/\/ecologa-europe.com\/shop\/wp-json\/wp\/v2\/media?parent=7098"}],"wp:term":[{"taxonomy":"product_brand","embeddable":true,"href":"https:\/\/ecologa-europe.com\/shop\/wp-json\/wp\/v2\/product_brand?post=7098"},{"taxonomy":"product_cat","embeddable":true,"href":"https:\/\/ecologa-europe.com\/shop\/wp-json\/wp\/v2\/product_cat?post=7098"},{"taxonomy":"product_tag","embeddable":true,"href":"https:\/\/ecologa-europe.com\/shop\/wp-json\/wp\/v2\/product_tag?post=7098"}],"curies":[{"name":"wp","href":"https:\/\/api.w.org\/{rel}","templated":true}]}}