{"id":7107,"date":"2025-05-16T10:14:37","date_gmt":"2025-05-16T10:14:37","guid":{"rendered":"https:\/\/639.pm-domains.de\/?post_type=product&#038;p=7107"},"modified":"2025-05-16T10:39:40","modified_gmt":"2025-05-16T10:39:40","slug":"sacco-a-pelo-schermante-haube","status":"publish","type":"product","link":"https:\/\/ecologa-europe.com\/shop\/produkt\/sacco-a-pelo-schermante-haube\/?lang=it","title":{"rendered":"Sacco a pelo schermante Haube"},"content":{"rendered":"<p>Il nostro sacco a pelo \u00e8 una copertura per il sonno e racchiude il corpo e la testa. Il tessuto \u00e8 in cotone. La sua forma \u00e8 rettangolare e ha una cerniera sul lato.<br \/>\nIl sacco a pelo sostituisce entrambe le combinazioni abituali di piumino, cuscino e lenzuolo.<\/p>\n<p>Haube pu\u00f2 essere utilizzato anche come sacco a pelo improvvisato durante le degenze in ospedale o in viaggio.<\/p>\n<p>Grazie alla qualit\u00e0 della doppia torsione, questo tessuto twill \u00e8 traspirante e assorbente. Inoltre, il cotone schermato OEKO Standard 100 protegge molto efficacemente dalle alte frequenze.<\/p>\n<p>I fili di rame pi\u00f9 sottili sono rivestiti d&#8217;argento per una compatibilit\u00e0 ottimale. Per escludere la conduttivit\u00e0 elettrica e prevenire l&#8217;ossidazione, il filo di metallo viene poi rivestito di poliammide. Il tutto viene poi rivestito di cotone e il filo risultante viene ritorto con un secondo filo di puro cotone.<br \/>\nQuesta elevata torsione e la doppia torsione dei filati conferiscono al tessuto una stabilit\u00e0 ancora maggiore. In questo modo, le propriet\u00e0 dermocompatibili del cotone contribuiscono ancora di pi\u00f9 al vostro benessere.<br \/>\nL&#8217;effetto schermante del sottilissimo intreccio metallico del tessuto impedisce la penetrazione delle radiazioni elettromagnetiche.<\/p>\n<p>Efficacia di schermatura: max. ~45 dB (&gt;99,99 %)<\/p>\n<p>[tabella id=29 \/]<\/p>\n<p>Dati tecnici (materiale principale)<\/p>\n<p>Base di prova: IEEE 299-1997<br \/>\nASTM D 4935-89<br \/>\nColore: blu chiaro<br \/>\nMaterie prime: popeline 97 % cotone \/ 3 % metallo<br \/>\nSuperficie non conduttiva, non collegabile a terra<br \/>\nCertificati: Oeko-Tex 100 classe 1<br \/>\nDimensioni &#8211; sacco a pelo: circa 2,0 m x 1,05 m<\/p>\n<p>Dati tecnici (rete)<\/p>\n<p>Attenuazione: 20 dB a 1 GHz<br \/>\nColore: azzurro<br \/>\nMaterie prime: 92% poliestere, 7,5% rame, 0,5% argento<br \/>\nPeso: 65 g\/m\u00b2<br \/>\nStabilit\u00e0 dimensionale: 0,1-0,3 %.<br \/>\nSuperficie a bassa conduttivit\u00e0, non pu\u00f2 essere messa a terra<br \/>\nResistenza: 1010 Ohm\/mq<\/p>\n<p>Istruzioni per la cura<br \/>\nLavaggio delicato a 30 gradi<br \/>\nNon adatto all&#8217;asciugatrice<br \/>\nStirare a bassa temperatura<\/p>\n","protected":false},"excerpt":{"rendered":"<p>Il nostro sacco a pelo \u00e8 una copertura per il sonno e racchiude il corpo e la testa. Il tessuto \u00e8 in cotone. La sua forma \u00e8 rettangolare e ha una cerniera sul lato.<br \/>\nGrazie alla sua qualit\u00e0 a doppia torsione, questo tessuto twill \u00e8 traspirante e assorbente. Inoltre, il cotone, schermato secondo lo standard OEKO 100, protegge molto efficacemente dalle alte frequenze.<br \/>\nEfficacia di schermatura: max. ~45 dB (&gt;99,99%)<\/p>\n<p>Colore: azzurro<br \/>\nMaterie prime: popeline 97% cotone \/ 3% metallo<br \/>\nSuperficie non conduttiva, non pu\u00f2 essere collegata a terra<br \/>\nCertificati: Oeko-Tex 100 classe 1<br \/>\nDimensioni &#8211; sacco a pelo: circa 2,0 m x 1,05 m<\/p>\n","protected":false},"featured_media":1400,"template":"","meta":{"inline_featured_image":false,"site-sidebar-layout":"default","site-content-layout":"","ast-site-content-layout":"default","site-content-style":"default","site-sidebar-style":"default","ast-global-header-display":"","ast-banner-title-visibility":"","ast-main-header-display":"","ast-hfb-above-header-display":"","ast-hfb-below-header-display":"","ast-hfb-mobile-header-display":"","site-post-title":"","ast-breadcrumbs-content":"","ast-featured-img":"","footer-sml-layout":"","ast-disable-related-posts":"","theme-transparent-header-meta":"default","adv-header-id-meta":"","stick-header-meta":"","header-above-stick-meta":"","header-main-stick-meta":"","header-below-stick-meta":"","astra-migrate-meta-layouts":"default","ast-page-background-enabled":"default","ast-page-background-meta":{"desktop":{"background-color":"var(--ast-global-color-5)","background-image":"","background-repeat":"repeat","background-position":"center center","background-size":"auto","background-attachment":"scroll","background-type":"","background-media":"","overlay-type":"","overlay-color":"","overlay-opacity":"","overlay-gradient":""},"tablet":{"background-color":"","background-image":"","background-repeat":"repeat","background-position":"center center","background-size":"auto","background-attachment":"scroll","background-type":"","background-media":"","overlay-type":"","overlay-color":"","overlay-opacity":"","overlay-gradient":""},"mobile":{"background-color":"","background-image":"","background-repeat":"repeat","background-position":"center center","background-size":"auto","background-attachment":"scroll","background-type":"","background-media":"","overlay-type":"","overlay-color":"","overlay-opacity":"","overlay-gradient":""}},"ast-content-background-meta":{"desktop":{"background-color":"var(--ast-global-color-4)","background-image":"","background-repeat":"repeat","background-position":"center center","background-size":"auto","background-attachment":"scroll","background-type":"","background-media":"","overlay-type":"","overlay-color":"","overlay-opacity":"","overlay-gradient":""},"tablet":{"background-color":"var(--ast-global-color-4)","background-image":"","background-repeat":"repeat","background-position":"center center","background-size":"auto","background-attachment":"scroll","background-type":"","background-media":"","overlay-type":"","overlay-color":"","overlay-opacity":"","overlay-gradient":""},"mobile":{"background-color":"var(--ast-global-color-4)","background-image":"","background-repeat":"repeat","background-position":"center center","background-size":"auto","background-attachment":"scroll","background-type":"","background-media":"","overlay-type":"","overlay-color":"","overlay-opacity":"","overlay-gradient":""}}},"product_brand":[],"product_cat":[326],"product_tag":[],"class_list":{"0":"post-7107","1":"product","2":"type-product","3":"status-publish","4":"has-post-thumbnail","6":"product_cat-lenzuola-e-pijama","7":"product_shipping_class-standardversand","8":"desktop-align-left","9":"tablet-align-left","10":"mobile-align-left","12":"first","13":"instock","14":"taxable","15":"shipping-taxable","16":"purchasable","17":"product-type-simple"},"yoast_head":"<!-- This site is optimized with the Yoast SEO plugin v27.4 - https:\/\/yoast.com\/product\/yoast-seo-wordpress\/ -->\n<title>Sacco a pelo schermante Haube - Elektrosmog-Schutz Onlineshop<\/title>\n<meta name=\"description\" content=\"Sacco a pelo per la schermatura delle onde elettromagnetiche ad alta frequenza. Altamente efficiente e confortevole sulla pelle.\" \/>\n<meta name=\"robots\" content=\"index, follow, max-snippet:-1, max-image-preview:large, max-video-preview:-1\" \/>\n<link rel=\"canonical\" href=\"https:\/\/ecologa-europe.com\/shop\/produkt\/sacco-a-pelo-schermante-haube\/\" \/>\n<meta property=\"og:locale\" content=\"de_DE\" \/>\n<meta property=\"og:type\" content=\"article\" \/>\n<meta property=\"og:title\" content=\"Sacco a pelo schermante Haube - Elektrosmog-Schutz Onlineshop\" \/>\n<meta property=\"og:description\" content=\"Sacco a pelo per la schermatura delle onde elettromagnetiche ad alta frequenza. Altamente efficiente e confortevole sulla pelle.\" \/>\n<meta property=\"og:url\" content=\"https:\/\/ecologa-europe.com\/shop\/produkt\/sacco-a-pelo-schermante-haube\/?lang=it\" \/>\n<meta property=\"og:site_name\" content=\"Elektrosmog-Schutz Onlineshop\" \/>\n<meta property=\"article:publisher\" content=\"https:\/\/www.facebook.com\/Ecologa-Europe-GmbH-1604744566252298\/\" \/>\n<meta property=\"article:modified_time\" content=\"2025-05-16T10:39:40+00:00\" \/>\n<meta property=\"og:image\" content=\"https:\/\/ecologa-europe.com\/shop\/wp-content\/uploads\/2025\/04\/haube_hellblau_1.jpg\" \/>\n\t<meta property=\"og:image:width\" content=\"1772\" \/>\n\t<meta property=\"og:image:height\" content=\"1280\" \/>\n\t<meta property=\"og:image:type\" content=\"image\/jpeg\" \/>\n<meta name=\"twitter:card\" content=\"summary_large_image\" \/>\n<meta name=\"twitter:label1\" content=\"Gesch\u00e4tzte Lesezeit\" \/>\n\t<meta name=\"twitter:data1\" content=\"1\u00a0Minute\" \/>\n<script type=\"application\/ld+json\" class=\"yoast-schema-graph\">{\"@context\":\"https:\\\/\\\/schema.org\",\"@graph\":[{\"@type\":\"WebPage\",\"@id\":\"https:\\\/\\\/ecologa-europe.com\\\/shop\\\/produkt\\\/sacco-a-pelo-schermante-haube\\\/?lang=it\",\"url\":\"https:\\\/\\\/ecologa-europe.com\\\/shop\\\/produkt\\\/sacco-a-pelo-schermante-haube\\\/?lang=it\",\"name\":\"Sacco a pelo schermante Haube - Elektrosmog-Schutz Onlineshop\",\"isPartOf\":{\"@id\":\"https:\\\/\\\/ecologa-europe.com\\\/shop\\\/#website\"},\"primaryImageOfPage\":{\"@id\":\"https:\\\/\\\/ecologa-europe.com\\\/shop\\\/produkt\\\/sacco-a-pelo-schermante-haube\\\/?lang=it#primaryimage\"},\"image\":{\"@id\":\"https:\\\/\\\/ecologa-europe.com\\\/shop\\\/produkt\\\/sacco-a-pelo-schermante-haube\\\/?lang=it#primaryimage\"},\"thumbnailUrl\":\"https:\\\/\\\/ecologa-europe.com\\\/shop\\\/wp-content\\\/uploads\\\/2025\\\/04\\\/haube_hellblau_1.jpg\",\"datePublished\":\"2025-05-16T10:14:37+00:00\",\"dateModified\":\"2025-05-16T10:39:40+00:00\",\"description\":\"Sacco a pelo per la schermatura delle onde elettromagnetiche ad alta frequenza. Altamente efficiente e confortevole sulla pelle.\",\"breadcrumb\":{\"@id\":\"https:\\\/\\\/ecologa-europe.com\\\/shop\\\/produkt\\\/sacco-a-pelo-schermante-haube\\\/?lang=it#breadcrumb\"},\"inLanguage\":\"de\",\"potentialAction\":[{\"@type\":\"ReadAction\",\"target\":[\"https:\\\/\\\/ecologa-europe.com\\\/shop\\\/produkt\\\/sacco-a-pelo-schermante-haube\\\/?lang=it\"]}]},{\"@type\":\"ImageObject\",\"inLanguage\":\"de\",\"@id\":\"https:\\\/\\\/ecologa-europe.com\\\/shop\\\/produkt\\\/sacco-a-pelo-schermante-haube\\\/?lang=it#primaryimage\",\"url\":\"https:\\\/\\\/ecologa-europe.com\\\/shop\\\/wp-content\\\/uploads\\\/2025\\\/04\\\/haube_hellblau_1.jpg\",\"contentUrl\":\"https:\\\/\\\/ecologa-europe.com\\\/shop\\\/wp-content\\\/uploads\\\/2025\\\/04\\\/haube_hellblau_1.jpg\",\"width\":1772,\"height\":1280},{\"@type\":\"BreadcrumbList\",\"@id\":\"https:\\\/\\\/ecologa-europe.com\\\/shop\\\/produkt\\\/sacco-a-pelo-schermante-haube\\\/?lang=it#breadcrumb\",\"itemListElement\":[{\"@type\":\"ListItem\",\"position\":1,\"name\":\"Startseite\",\"item\":\"https:\\\/\\\/ecologa-europe.com\\\/shop\\\/\"},{\"@type\":\"ListItem\",\"position\":2,\"name\":\"Shop\",\"item\":\"https:\\\/\\\/ecologa-europe.com\\\/shop\\\/shop\\\/\"},{\"@type\":\"ListItem\",\"position\":3,\"name\":\"Sacco a pelo schermante Haube\"}]},{\"@type\":\"WebSite\",\"@id\":\"https:\\\/\\\/ecologa-europe.com\\\/shop\\\/#website\",\"url\":\"https:\\\/\\\/ecologa-europe.com\\\/shop\\\/\",\"name\":\"Elektrosmog-Schutz Onlineshop\",\"description\":\"Ecologa Europe\",\"publisher\":{\"@id\":\"https:\\\/\\\/ecologa-europe.com\\\/shop\\\/#organization\"},\"potentialAction\":[{\"@type\":\"SearchAction\",\"target\":{\"@type\":\"EntryPoint\",\"urlTemplate\":\"https:\\\/\\\/ecologa-europe.com\\\/shop\\\/?s={search_term_string}\"},\"query-input\":{\"@type\":\"PropertyValueSpecification\",\"valueRequired\":true,\"valueName\":\"search_term_string\"}}],\"inLanguage\":\"de\"},{\"@type\":\"Organization\",\"@id\":\"https:\\\/\\\/ecologa-europe.com\\\/shop\\\/#organization\",\"name\":\"Elektrosmog-Schutz Onlineshop\",\"url\":\"https:\\\/\\\/ecologa-europe.com\\\/shop\\\/\",\"logo\":{\"@type\":\"ImageObject\",\"inLanguage\":\"de\",\"@id\":\"https:\\\/\\\/ecologa-europe.com\\\/shop\\\/#\\\/schema\\\/logo\\\/image\\\/\",\"url\":\"https:\\\/\\\/ecologa-europe.com\\\/shop\\\/wp-content\\\/uploads\\\/2025\\\/04\\\/vertical-navbar-logo.svg\",\"contentUrl\":\"https:\\\/\\\/ecologa-europe.com\\\/shop\\\/wp-content\\\/uploads\\\/2025\\\/04\\\/vertical-navbar-logo.svg\",\"width\":182,\"height\":70,\"caption\":\"Elektrosmog-Schutz Onlineshop\"},\"image\":{\"@id\":\"https:\\\/\\\/ecologa-europe.com\\\/shop\\\/#\\\/schema\\\/logo\\\/image\\\/\"},\"sameAs\":[\"https:\\\/\\\/www.facebook.com\\\/Ecologa-Europe-GmbH-1604744566252298\\\/\",\"https:\\\/\\\/www.instagram.com\\\/ecologaeurope\\\/\"]}]}<\/script>\n<!-- \/ Yoast SEO plugin. -->","yoast_head_json":{"title":"Sacco a pelo schermante Haube - Elektrosmog-Schutz Onlineshop","description":"Sacco a pelo per la schermatura delle onde elettromagnetiche ad alta frequenza. Altamente efficiente e confortevole sulla pelle.","robots":{"index":"index","follow":"follow","max-snippet":"max-snippet:-1","max-image-preview":"max-image-preview:large","max-video-preview":"max-video-preview:-1"},"canonical":"https:\/\/ecologa-europe.com\/shop\/produkt\/sacco-a-pelo-schermante-haube\/","og_locale":"de_DE","og_type":"article","og_title":"Sacco a pelo schermante Haube - Elektrosmog-Schutz Onlineshop","og_description":"Sacco a pelo per la schermatura delle onde elettromagnetiche ad alta frequenza. Altamente efficiente e confortevole sulla pelle.","og_url":"https:\/\/ecologa-europe.com\/shop\/produkt\/sacco-a-pelo-schermante-haube\/?lang=it","og_site_name":"Elektrosmog-Schutz Onlineshop","article_publisher":"https:\/\/www.facebook.com\/Ecologa-Europe-GmbH-1604744566252298\/","article_modified_time":"2025-05-16T10:39:40+00:00","og_image":[{"width":1772,"height":1280,"url":"https:\/\/ecologa-europe.com\/shop\/wp-content\/uploads\/2025\/04\/haube_hellblau_1.jpg","type":"image\/jpeg"}],"twitter_card":"summary_large_image","twitter_misc":{"Gesch\u00e4tzte Lesezeit":"1\u00a0Minute"},"schema":{"@context":"https:\/\/schema.org","@graph":[{"@type":"WebPage","@id":"https:\/\/ecologa-europe.com\/shop\/produkt\/sacco-a-pelo-schermante-haube\/?lang=it","url":"https:\/\/ecologa-europe.com\/shop\/produkt\/sacco-a-pelo-schermante-haube\/?lang=it","name":"Sacco a pelo schermante Haube - Elektrosmog-Schutz Onlineshop","isPartOf":{"@id":"https:\/\/ecologa-europe.com\/shop\/#website"},"primaryImageOfPage":{"@id":"https:\/\/ecologa-europe.com\/shop\/produkt\/sacco-a-pelo-schermante-haube\/?lang=it#primaryimage"},"image":{"@id":"https:\/\/ecologa-europe.com\/shop\/produkt\/sacco-a-pelo-schermante-haube\/?lang=it#primaryimage"},"thumbnailUrl":"https:\/\/ecologa-europe.com\/shop\/wp-content\/uploads\/2025\/04\/haube_hellblau_1.jpg","datePublished":"2025-05-16T10:14:37+00:00","dateModified":"2025-05-16T10:39:40+00:00","description":"Sacco a pelo per la schermatura delle onde elettromagnetiche ad alta frequenza. Altamente efficiente e confortevole sulla pelle.","breadcrumb":{"@id":"https:\/\/ecologa-europe.com\/shop\/produkt\/sacco-a-pelo-schermante-haube\/?lang=it#breadcrumb"},"inLanguage":"de","potentialAction":[{"@type":"ReadAction","target":["https:\/\/ecologa-europe.com\/shop\/produkt\/sacco-a-pelo-schermante-haube\/?lang=it"]}]},{"@type":"ImageObject","inLanguage":"de","@id":"https:\/\/ecologa-europe.com\/shop\/produkt\/sacco-a-pelo-schermante-haube\/?lang=it#primaryimage","url":"https:\/\/ecologa-europe.com\/shop\/wp-content\/uploads\/2025\/04\/haube_hellblau_1.jpg","contentUrl":"https:\/\/ecologa-europe.com\/shop\/wp-content\/uploads\/2025\/04\/haube_hellblau_1.jpg","width":1772,"height":1280},{"@type":"BreadcrumbList","@id":"https:\/\/ecologa-europe.com\/shop\/produkt\/sacco-a-pelo-schermante-haube\/?lang=it#breadcrumb","itemListElement":[{"@type":"ListItem","position":1,"name":"Startseite","item":"https:\/\/ecologa-europe.com\/shop\/"},{"@type":"ListItem","position":2,"name":"Shop","item":"https:\/\/ecologa-europe.com\/shop\/shop\/"},{"@type":"ListItem","position":3,"name":"Sacco a pelo schermante Haube"}]},{"@type":"WebSite","@id":"https:\/\/ecologa-europe.com\/shop\/#website","url":"https:\/\/ecologa-europe.com\/shop\/","name":"Elektrosmog-Schutz Onlineshop","description":"Ecologa Europe","publisher":{"@id":"https:\/\/ecologa-europe.com\/shop\/#organization"},"potentialAction":[{"@type":"SearchAction","target":{"@type":"EntryPoint","urlTemplate":"https:\/\/ecologa-europe.com\/shop\/?s={search_term_string}"},"query-input":{"@type":"PropertyValueSpecification","valueRequired":true,"valueName":"search_term_string"}}],"inLanguage":"de"},{"@type":"Organization","@id":"https:\/\/ecologa-europe.com\/shop\/#organization","name":"Elektrosmog-Schutz Onlineshop","url":"https:\/\/ecologa-europe.com\/shop\/","logo":{"@type":"ImageObject","inLanguage":"de","@id":"https:\/\/ecologa-europe.com\/shop\/#\/schema\/logo\/image\/","url":"https:\/\/ecologa-europe.com\/shop\/wp-content\/uploads\/2025\/04\/vertical-navbar-logo.svg","contentUrl":"https:\/\/ecologa-europe.com\/shop\/wp-content\/uploads\/2025\/04\/vertical-navbar-logo.svg","width":182,"height":70,"caption":"Elektrosmog-Schutz Onlineshop"},"image":{"@id":"https:\/\/ecologa-europe.com\/shop\/#\/schema\/logo\/image\/"},"sameAs":["https:\/\/www.facebook.com\/Ecologa-Europe-GmbH-1604744566252298\/","https:\/\/www.instagram.com\/ecologaeurope\/"]}]}},"_links":{"self":[{"href":"https:\/\/ecologa-europe.com\/shop\/wp-json\/wp\/v2\/product\/7107","targetHints":{"allow":["GET"]}}],"collection":[{"href":"https:\/\/ecologa-europe.com\/shop\/wp-json\/wp\/v2\/product"}],"about":[{"href":"https:\/\/ecologa-europe.com\/shop\/wp-json\/wp\/v2\/types\/product"}],"wp:featuredmedia":[{"embeddable":true,"href":"https:\/\/ecologa-europe.com\/shop\/wp-json\/wp\/v2\/media\/1400"}],"wp:attachment":[{"href":"https:\/\/ecologa-europe.com\/shop\/wp-json\/wp\/v2\/media?parent=7107"}],"wp:term":[{"taxonomy":"product_brand","embeddable":true,"href":"https:\/\/ecologa-europe.com\/shop\/wp-json\/wp\/v2\/product_brand?post=7107"},{"taxonomy":"product_cat","embeddable":true,"href":"https:\/\/ecologa-europe.com\/shop\/wp-json\/wp\/v2\/product_cat?post=7107"},{"taxonomy":"product_tag","embeddable":true,"href":"https:\/\/ecologa-europe.com\/shop\/wp-json\/wp\/v2\/product_tag?post=7107"}],"curies":[{"name":"wp","href":"https:\/\/api.w.org\/{rel}","templated":true}]}}