{"id":7110,"date":"2025-05-16T10:14:37","date_gmt":"2025-05-16T10:14:37","guid":{"rendered":"https:\/\/639.pm-domains.de\/?post_type=product&#038;p=7110"},"modified":"2025-05-16T10:39:41","modified_gmt":"2025-05-16T10:39:41","slug":"sac-de-couchage-blinde-darian","status":"publish","type":"product","link":"https:\/\/ecologa-europe.com\/shop\/produkt\/sac-de-couchage-blinde-darian\/?lang=fr","title":{"rendered":"Sac de couchage blind\u00e9 Darian"},"content":{"rendered":"<p>Darian est un sac de couchage non doubl\u00e9. Ce mod\u00e8le a une forme rectangulaire, dispose d&#8217;une fermeture \u00e9clair sur le c\u00f4t\u00e9. La pointe du sac de couchage est un triangle, travaill\u00e9 en double \u00e9paisseur. Darian est fabriqu\u00e9 en coton blind\u00e9. Le sac de couchage est id\u00e9al pour les personnes allergiques et remplace le drap et la housse de couette.<\/p>\n<p>Gr\u00e2ce \u00e0 sa qualit\u00e9 double retors, ce tissu en serg\u00e9 est respirant et absorbant. De plus, le coton blind\u00e9 selon l&#8217;OEKO Standard 100 prot\u00e8ge tr\u00e8s efficacement contre les hautes fr\u00e9quences.<br \/>\nLorsque l&#8217;on voyage, le sac de couchage est la meilleure et la plus simple solution de protection.<\/p>\n<p>Les fils de cuivre les plus fins sont recouverts d&#8217;argent pour une compatibilit\u00e9 optimale. Afin d&#8217;exclure toute conductivit\u00e9 \u00e9lectrique et d&#8217;emp\u00eacher l&#8217;oxydation, le fil m\u00e9tallique est ensuite recouvert de polyamide. Le tout est ensuite recouvert de coton et le fil ainsi obtenu est retordu avec un deuxi\u00e8me fil en pur coton.<br \/>\nCette torsion \u00e9lev\u00e9e et le double retordage des fils conf\u00e8rent au tissu une stabilit\u00e9 encore plus grande. Ainsi, les propri\u00e9t\u00e9s du coton qui respectent la peau contribuent encore plus \u00e0 votre bien-\u00eatre.<br \/>\nL&#8217;effet de blindage du tressage m\u00e9tallique tr\u00e8s fin du tissu emp\u00eache la p\u00e9n\u00e9tration des rayonnements \u00e9lectromagn\u00e9tiques.<\/p>\n<p>Att\u00e9nuation du blindage : max. ~45 dB (&gt;99,99 %)<\/p>\n\n<table id=\"tablepress-28\" class=\"tablepress tablepress-id-28\">\n<thead>\n<tr class=\"row-1\">\n\t<td class=\"column-1\"><\/td><th class=\"column-2\">Fr\u00e9quence \/ Application (MHz)<\/th><th class=\"column-3\">D\u00e9cibel (dB)<\/th><th class=\"column-4\">Pourcentage (%)<\/th>\n<\/tr>\n<\/thead>\n<tbody class=\"row-striping row-hover\">\n<tr class=\"row-2\">\n\t<td class=\"column-1\">Tetra 450<\/td><td class=\"column-2\">450MHz<\/td><td class=\"column-3\">45dB<\/td><td class=\"column-4\">99,99%<\/td>\n<\/tr>\n<tr class=\"row-3\">\n\t<td class=\"column-1\">LTE 800<\/td><td class=\"column-2\">800MHz<\/td><td class=\"column-3\">30dB<\/td><td class=\"column-4\">99,9%<\/td>\n<\/tr>\n<tr class=\"row-4\">\n\t<td class=\"column-1\">GSM 900<\/td><td class=\"column-2\">900MHz<\/td><td class=\"column-3\">30dB<\/td><td class=\"column-4\">99,9%<\/td>\n<\/tr>\n<tr class=\"row-5\">\n\t<td class=\"column-1\">GSM 1800<\/td><td class=\"column-2\">1800MHz<\/td><td class=\"column-3\">20dB<\/td><td class=\"column-4\">99%<\/td>\n<\/tr>\n<tr class=\"row-6\">\n\t<td class=\"column-1\">DECT 1800<\/td><td class=\"column-2\">1800MHz<\/td><td class=\"column-3\">20dB<\/td><td class=\"column-4\">99%<\/td>\n<\/tr>\n<tr class=\"row-7\">\n\t<td class=\"column-1\">UMTS 2000<\/td><td class=\"column-2\">2000MHz<\/td><td class=\"column-3\">20dB<\/td><td class=\"column-4\">99%<\/td>\n<\/tr>\n<tr class=\"row-8\">\n\t<td class=\"column-1\">WLAN 2400<\/td><td class=\"column-2\">2400MHz<\/td><td class=\"column-3\">20dB<\/td><td class=\"column-4\">99%<\/td>\n<\/tr>\n<tr class=\"row-9\">\n\t<td class=\"column-1\">LTE 2600<\/td><td class=\"column-2\">2600MHz<\/td><td class=\"column-3\">20dB<\/td><td class=\"column-4\">99%<\/td>\n<\/tr>\n<tr class=\"row-10\">\n\t<td class=\"column-1\">WLAN 5800<\/td><td class=\"column-2\">5800MHz<\/td><td class=\"column-3\">10dB<\/td><td class=\"column-4\">90%<\/td>\n<\/tr>\n<\/tbody>\n<\/table>\n<!-- #tablepress-28 from cache -->\n<p>Donn\u00e9es techniques<br \/>\nBase de contr\u00f4le : IEEE 299-1997<br \/>\nASTM D 4935-89<br \/>\nCouleur : beige<br \/>\nTaille : 2,00 m x 1,40 m<br \/>\nMati\u00e8res premi\u00e8res : serg\u00e9 97 % coton \/ 3 % m\u00e9tal<br \/>\nSurface non conductrice, ne peut pas \u00eatre mise \u00e0 la terre<br \/>\nCertificats : Oeko-Tex 100 classe 1<\/p>\n<p>Conseil d&#8217;entretien<br \/>\nLavage d\u00e9licat \u00e0 30 degr\u00e9s<br \/>\nNe convient pas au s\u00e8che-linge<br \/>\nRepasser \u00e0 basse temp\u00e9rature<\/p>\n","protected":false},"excerpt":{"rendered":"<p>Un sac de couchage qui prot\u00e8ge des ondes \u00e9lectromagn\u00e9tiques \u00e0 haute fr\u00e9quence.<br \/>\nTr\u00e8s efficace et agr\u00e9able au contact de la peau.<\/p>\n<p>Darian a une forme rectangulaire, dispose d&#8217;une fermeture \u00e9clair sur le c\u00f4t\u00e9. La pointe du sac de couchage est un triangle, trait\u00e9 en double couche. Darian est fabriqu\u00e9 en coton prot\u00e9g\u00e9. Le sac de couchage est id\u00e9al pour les personnes allergiques et remplace le drap et la housse de couette.<\/p>\n<p>Lorsque l&#8217;on part en voyage, le sac de couchage est la meilleure et la plus simple des solutions de protection.<\/p>\n<p>Gr\u00e2ce \u00e0 sa qualit\u00e9 double retors, ce tissu en serg\u00e9 est respirant et absorbant. De plus, le coton blind\u00e9 selon l&#8217;OEKO Standard 100 prot\u00e8ge tr\u00e8s efficacement contre les hautes fr\u00e9quences.<\/p>\n<p>Att\u00e9nuation du blindage : max. ~45 dB (&gt;99,99 %)<\/p>\n<p>Couleur : beige<br \/>\nTaille : 2,00 m x 1,40 m<\/p>\n","protected":false},"featured_media":524,"template":"","meta":{"inline_featured_image":false,"site-sidebar-layout":"default","site-content-layout":"","ast-site-content-layout":"default","site-content-style":"default","site-sidebar-style":"default","ast-global-header-display":"","ast-banner-title-visibility":"","ast-main-header-display":"","ast-hfb-above-header-display":"","ast-hfb-below-header-display":"","ast-hfb-mobile-header-display":"","site-post-title":"","ast-breadcrumbs-content":"","ast-featured-img":"","footer-sml-layout":"","ast-disable-related-posts":"","theme-transparent-header-meta":"","adv-header-id-meta":"","stick-header-meta":"","header-above-stick-meta":"","header-main-stick-meta":"","header-below-stick-meta":"","astra-migrate-meta-layouts":"default","ast-page-background-enabled":"default","ast-page-background-meta":{"desktop":{"background-color":"var(--ast-global-color-5)","background-image":"","background-repeat":"repeat","background-position":"center center","background-size":"auto","background-attachment":"scroll","background-type":"","background-media":"","overlay-type":"","overlay-color":"","overlay-opacity":"","overlay-gradient":""},"tablet":{"background-color":"","background-image":"","background-repeat":"repeat","background-position":"center center","background-size":"auto","background-attachment":"scroll","background-type":"","background-media":"","overlay-type":"","overlay-color":"","overlay-opacity":"","overlay-gradient":""},"mobile":{"background-color":"","background-image":"","background-repeat":"repeat","background-position":"center center","background-size":"auto","background-attachment":"scroll","background-type":"","background-media":"","overlay-type":"","overlay-color":"","overlay-opacity":"","overlay-gradient":""}},"ast-content-background-meta":{"desktop":{"background-color":"var(--ast-global-color-4)","background-image":"","background-repeat":"repeat","background-position":"center center","background-size":"auto","background-attachment":"scroll","background-type":"","background-media":"","overlay-type":"","overlay-color":"","overlay-opacity":"","overlay-gradient":""},"tablet":{"background-color":"var(--ast-global-color-4)","background-image":"","background-repeat":"repeat","background-position":"center center","background-size":"auto","background-attachment":"scroll","background-type":"","background-media":"","overlay-type":"","overlay-color":"","overlay-opacity":"","overlay-gradient":""},"mobile":{"background-color":"var(--ast-global-color-4)","background-image":"","background-repeat":"repeat","background-position":"center center","background-size":"auto","background-attachment":"scroll","background-type":"","background-media":"","overlay-type":"","overlay-color":"","overlay-opacity":"","overlay-gradient":""}}},"product_brand":[],"product_cat":[325],"product_tag":[331,208,187],"class_list":{"0":"post-7110","1":"product","2":"type-product","3":"status-publish","4":"has-post-thumbnail","6":"product_cat-draps-et-pyjamas","7":"product_tag-literie-de-blindage","8":"product_tag-protection-contre-lelectrosmog","9":"product_tag-protection-contre-la-5g","10":"product_shipping_class-standardversand","11":"desktop-align-left","12":"tablet-align-left","13":"mobile-align-left","15":"first","16":"instock","17":"taxable","18":"shipping-taxable","19":"purchasable","20":"product-type-simple"},"yoast_head":"<!-- This site is optimized with the Yoast SEO plugin v27.4 - https:\/\/yoast.com\/product\/yoast-seo-wordpress\/ -->\n<title>Sac de couchage blind\u00e9 Darian - Elektrosmog-Schutz Onlineshop<\/title>\n<meta name=\"description\" content=\"Sac de couchage pour la protection contre les ondes \u00e9lectromagn\u00e9tiques \u00e0 haute fr\u00e9quence\" \/>\n<meta name=\"robots\" content=\"index, follow, max-snippet:-1, max-image-preview:large, max-video-preview:-1\" \/>\n<link rel=\"canonical\" href=\"https:\/\/ecologa-europe.com\/shop\/produkt\/sac-de-couchage-blinde-darian\/\" \/>\n<meta property=\"og:locale\" content=\"de_DE\" \/>\n<meta property=\"og:type\" content=\"article\" \/>\n<meta property=\"og:title\" content=\"Sac de couchage blind\u00e9 Darian - Elektrosmog-Schutz Onlineshop\" \/>\n<meta property=\"og:description\" content=\"Sac de couchage pour la protection contre les ondes \u00e9lectromagn\u00e9tiques \u00e0 haute fr\u00e9quence\" \/>\n<meta property=\"og:url\" content=\"https:\/\/ecologa-europe.com\/shop\/produkt\/sac-de-couchage-blinde-darian\/?lang=fr\" \/>\n<meta property=\"og:site_name\" content=\"Elektrosmog-Schutz Onlineshop\" \/>\n<meta property=\"article:publisher\" content=\"https:\/\/www.facebook.com\/Ecologa-Europe-GmbH-1604744566252298\/\" \/>\n<meta property=\"article:modified_time\" content=\"2025-05-16T10:39:41+00:00\" \/>\n<meta property=\"og:image\" content=\"https:\/\/ecologa-europe.com\/shop\/wp-content\/uploads\/2025\/04\/schlafsack_darian_2jpg-2-1.jpg\" \/>\n\t<meta property=\"og:image:width\" content=\"1772\" \/>\n\t<meta property=\"og:image:height\" content=\"1280\" \/>\n\t<meta property=\"og:image:type\" content=\"image\/jpeg\" \/>\n<meta name=\"twitter:card\" content=\"summary_large_image\" \/>\n<meta name=\"twitter:label1\" content=\"Gesch\u00e4tzte Lesezeit\" \/>\n\t<meta name=\"twitter:data1\" content=\"2\u00a0Minuten\" \/>\n<script type=\"application\/ld+json\" class=\"yoast-schema-graph\">{\"@context\":\"https:\\\/\\\/schema.org\",\"@graph\":[{\"@type\":\"WebPage\",\"@id\":\"https:\\\/\\\/ecologa-europe.com\\\/shop\\\/produkt\\\/sac-de-couchage-blinde-darian\\\/?lang=fr\",\"url\":\"https:\\\/\\\/ecologa-europe.com\\\/shop\\\/produkt\\\/sac-de-couchage-blinde-darian\\\/?lang=fr\",\"name\":\"Sac de couchage blind\u00e9 Darian - Elektrosmog-Schutz Onlineshop\",\"isPartOf\":{\"@id\":\"https:\\\/\\\/ecologa-europe.com\\\/shop\\\/#website\"},\"primaryImageOfPage\":{\"@id\":\"https:\\\/\\\/ecologa-europe.com\\\/shop\\\/produkt\\\/sac-de-couchage-blinde-darian\\\/?lang=fr#primaryimage\"},\"image\":{\"@id\":\"https:\\\/\\\/ecologa-europe.com\\\/shop\\\/produkt\\\/sac-de-couchage-blinde-darian\\\/?lang=fr#primaryimage\"},\"thumbnailUrl\":\"https:\\\/\\\/ecologa-europe.com\\\/shop\\\/wp-content\\\/uploads\\\/2025\\\/04\\\/schlafsack_darian_2jpg-2-1.jpg\",\"datePublished\":\"2025-05-16T10:14:37+00:00\",\"dateModified\":\"2025-05-16T10:39:41+00:00\",\"description\":\"Sac de couchage pour la protection contre les ondes \u00e9lectromagn\u00e9tiques \u00e0 haute fr\u00e9quence\",\"breadcrumb\":{\"@id\":\"https:\\\/\\\/ecologa-europe.com\\\/shop\\\/produkt\\\/sac-de-couchage-blinde-darian\\\/?lang=fr#breadcrumb\"},\"inLanguage\":\"de\",\"potentialAction\":[{\"@type\":\"ReadAction\",\"target\":[\"https:\\\/\\\/ecologa-europe.com\\\/shop\\\/produkt\\\/sac-de-couchage-blinde-darian\\\/?lang=fr\"]}]},{\"@type\":\"ImageObject\",\"inLanguage\":\"de\",\"@id\":\"https:\\\/\\\/ecologa-europe.com\\\/shop\\\/produkt\\\/sac-de-couchage-blinde-darian\\\/?lang=fr#primaryimage\",\"url\":\"https:\\\/\\\/ecologa-europe.com\\\/shop\\\/wp-content\\\/uploads\\\/2025\\\/04\\\/schlafsack_darian_2jpg-2-1.jpg\",\"contentUrl\":\"https:\\\/\\\/ecologa-europe.com\\\/shop\\\/wp-content\\\/uploads\\\/2025\\\/04\\\/schlafsack_darian_2jpg-2-1.jpg\",\"width\":1772,\"height\":1280},{\"@type\":\"BreadcrumbList\",\"@id\":\"https:\\\/\\\/ecologa-europe.com\\\/shop\\\/produkt\\\/sac-de-couchage-blinde-darian\\\/?lang=fr#breadcrumb\",\"itemListElement\":[{\"@type\":\"ListItem\",\"position\":1,\"name\":\"Startseite\",\"item\":\"https:\\\/\\\/ecologa-europe.com\\\/shop\\\/\"},{\"@type\":\"ListItem\",\"position\":2,\"name\":\"Shop\",\"item\":\"https:\\\/\\\/ecologa-europe.com\\\/shop\\\/shop\\\/\"},{\"@type\":\"ListItem\",\"position\":3,\"name\":\"Sac de couchage blind\u00e9 Darian\"}]},{\"@type\":\"WebSite\",\"@id\":\"https:\\\/\\\/ecologa-europe.com\\\/shop\\\/#website\",\"url\":\"https:\\\/\\\/ecologa-europe.com\\\/shop\\\/\",\"name\":\"Elektrosmog-Schutz Onlineshop\",\"description\":\"Ecologa Europe\",\"publisher\":{\"@id\":\"https:\\\/\\\/ecologa-europe.com\\\/shop\\\/#organization\"},\"potentialAction\":[{\"@type\":\"SearchAction\",\"target\":{\"@type\":\"EntryPoint\",\"urlTemplate\":\"https:\\\/\\\/ecologa-europe.com\\\/shop\\\/?s={search_term_string}\"},\"query-input\":{\"@type\":\"PropertyValueSpecification\",\"valueRequired\":true,\"valueName\":\"search_term_string\"}}],\"inLanguage\":\"de\"},{\"@type\":\"Organization\",\"@id\":\"https:\\\/\\\/ecologa-europe.com\\\/shop\\\/#organization\",\"name\":\"Elektrosmog-Schutz Onlineshop\",\"url\":\"https:\\\/\\\/ecologa-europe.com\\\/shop\\\/\",\"logo\":{\"@type\":\"ImageObject\",\"inLanguage\":\"de\",\"@id\":\"https:\\\/\\\/ecologa-europe.com\\\/shop\\\/#\\\/schema\\\/logo\\\/image\\\/\",\"url\":\"https:\\\/\\\/ecologa-europe.com\\\/shop\\\/wp-content\\\/uploads\\\/2025\\\/04\\\/vertical-navbar-logo.svg\",\"contentUrl\":\"https:\\\/\\\/ecologa-europe.com\\\/shop\\\/wp-content\\\/uploads\\\/2025\\\/04\\\/vertical-navbar-logo.svg\",\"width\":182,\"height\":70,\"caption\":\"Elektrosmog-Schutz Onlineshop\"},\"image\":{\"@id\":\"https:\\\/\\\/ecologa-europe.com\\\/shop\\\/#\\\/schema\\\/logo\\\/image\\\/\"},\"sameAs\":[\"https:\\\/\\\/www.facebook.com\\\/Ecologa-Europe-GmbH-1604744566252298\\\/\",\"https:\\\/\\\/www.instagram.com\\\/ecologaeurope\\\/\"]}]}<\/script>\n<!-- \/ Yoast SEO plugin. -->","yoast_head_json":{"title":"Sac de couchage blind\u00e9 Darian - Elektrosmog-Schutz Onlineshop","description":"Sac de couchage pour la protection contre les ondes \u00e9lectromagn\u00e9tiques \u00e0 haute fr\u00e9quence","robots":{"index":"index","follow":"follow","max-snippet":"max-snippet:-1","max-image-preview":"max-image-preview:large","max-video-preview":"max-video-preview:-1"},"canonical":"https:\/\/ecologa-europe.com\/shop\/produkt\/sac-de-couchage-blinde-darian\/","og_locale":"de_DE","og_type":"article","og_title":"Sac de couchage blind\u00e9 Darian - Elektrosmog-Schutz Onlineshop","og_description":"Sac de couchage pour la protection contre les ondes \u00e9lectromagn\u00e9tiques \u00e0 haute fr\u00e9quence","og_url":"https:\/\/ecologa-europe.com\/shop\/produkt\/sac-de-couchage-blinde-darian\/?lang=fr","og_site_name":"Elektrosmog-Schutz Onlineshop","article_publisher":"https:\/\/www.facebook.com\/Ecologa-Europe-GmbH-1604744566252298\/","article_modified_time":"2025-05-16T10:39:41+00:00","og_image":[{"width":1772,"height":1280,"url":"https:\/\/ecologa-europe.com\/shop\/wp-content\/uploads\/2025\/04\/schlafsack_darian_2jpg-2-1.jpg","type":"image\/jpeg"}],"twitter_card":"summary_large_image","twitter_misc":{"Gesch\u00e4tzte Lesezeit":"2\u00a0Minuten"},"schema":{"@context":"https:\/\/schema.org","@graph":[{"@type":"WebPage","@id":"https:\/\/ecologa-europe.com\/shop\/produkt\/sac-de-couchage-blinde-darian\/?lang=fr","url":"https:\/\/ecologa-europe.com\/shop\/produkt\/sac-de-couchage-blinde-darian\/?lang=fr","name":"Sac de couchage blind\u00e9 Darian - Elektrosmog-Schutz Onlineshop","isPartOf":{"@id":"https:\/\/ecologa-europe.com\/shop\/#website"},"primaryImageOfPage":{"@id":"https:\/\/ecologa-europe.com\/shop\/produkt\/sac-de-couchage-blinde-darian\/?lang=fr#primaryimage"},"image":{"@id":"https:\/\/ecologa-europe.com\/shop\/produkt\/sac-de-couchage-blinde-darian\/?lang=fr#primaryimage"},"thumbnailUrl":"https:\/\/ecologa-europe.com\/shop\/wp-content\/uploads\/2025\/04\/schlafsack_darian_2jpg-2-1.jpg","datePublished":"2025-05-16T10:14:37+00:00","dateModified":"2025-05-16T10:39:41+00:00","description":"Sac de couchage pour la protection contre les ondes \u00e9lectromagn\u00e9tiques \u00e0 haute fr\u00e9quence","breadcrumb":{"@id":"https:\/\/ecologa-europe.com\/shop\/produkt\/sac-de-couchage-blinde-darian\/?lang=fr#breadcrumb"},"inLanguage":"de","potentialAction":[{"@type":"ReadAction","target":["https:\/\/ecologa-europe.com\/shop\/produkt\/sac-de-couchage-blinde-darian\/?lang=fr"]}]},{"@type":"ImageObject","inLanguage":"de","@id":"https:\/\/ecologa-europe.com\/shop\/produkt\/sac-de-couchage-blinde-darian\/?lang=fr#primaryimage","url":"https:\/\/ecologa-europe.com\/shop\/wp-content\/uploads\/2025\/04\/schlafsack_darian_2jpg-2-1.jpg","contentUrl":"https:\/\/ecologa-europe.com\/shop\/wp-content\/uploads\/2025\/04\/schlafsack_darian_2jpg-2-1.jpg","width":1772,"height":1280},{"@type":"BreadcrumbList","@id":"https:\/\/ecologa-europe.com\/shop\/produkt\/sac-de-couchage-blinde-darian\/?lang=fr#breadcrumb","itemListElement":[{"@type":"ListItem","position":1,"name":"Startseite","item":"https:\/\/ecologa-europe.com\/shop\/"},{"@type":"ListItem","position":2,"name":"Shop","item":"https:\/\/ecologa-europe.com\/shop\/shop\/"},{"@type":"ListItem","position":3,"name":"Sac de couchage blind\u00e9 Darian"}]},{"@type":"WebSite","@id":"https:\/\/ecologa-europe.com\/shop\/#website","url":"https:\/\/ecologa-europe.com\/shop\/","name":"Elektrosmog-Schutz Onlineshop","description":"Ecologa Europe","publisher":{"@id":"https:\/\/ecologa-europe.com\/shop\/#organization"},"potentialAction":[{"@type":"SearchAction","target":{"@type":"EntryPoint","urlTemplate":"https:\/\/ecologa-europe.com\/shop\/?s={search_term_string}"},"query-input":{"@type":"PropertyValueSpecification","valueRequired":true,"valueName":"search_term_string"}}],"inLanguage":"de"},{"@type":"Organization","@id":"https:\/\/ecologa-europe.com\/shop\/#organization","name":"Elektrosmog-Schutz Onlineshop","url":"https:\/\/ecologa-europe.com\/shop\/","logo":{"@type":"ImageObject","inLanguage":"de","@id":"https:\/\/ecologa-europe.com\/shop\/#\/schema\/logo\/image\/","url":"https:\/\/ecologa-europe.com\/shop\/wp-content\/uploads\/2025\/04\/vertical-navbar-logo.svg","contentUrl":"https:\/\/ecologa-europe.com\/shop\/wp-content\/uploads\/2025\/04\/vertical-navbar-logo.svg","width":182,"height":70,"caption":"Elektrosmog-Schutz Onlineshop"},"image":{"@id":"https:\/\/ecologa-europe.com\/shop\/#\/schema\/logo\/image\/"},"sameAs":["https:\/\/www.facebook.com\/Ecologa-Europe-GmbH-1604744566252298\/","https:\/\/www.instagram.com\/ecologaeurope\/"]}]}},"_links":{"self":[{"href":"https:\/\/ecologa-europe.com\/shop\/wp-json\/wp\/v2\/product\/7110","targetHints":{"allow":["GET"]}}],"collection":[{"href":"https:\/\/ecologa-europe.com\/shop\/wp-json\/wp\/v2\/product"}],"about":[{"href":"https:\/\/ecologa-europe.com\/shop\/wp-json\/wp\/v2\/types\/product"}],"wp:featuredmedia":[{"embeddable":true,"href":"https:\/\/ecologa-europe.com\/shop\/wp-json\/wp\/v2\/media\/524"}],"wp:attachment":[{"href":"https:\/\/ecologa-europe.com\/shop\/wp-json\/wp\/v2\/media?parent=7110"}],"wp:term":[{"taxonomy":"product_brand","embeddable":true,"href":"https:\/\/ecologa-europe.com\/shop\/wp-json\/wp\/v2\/product_brand?post=7110"},{"taxonomy":"product_cat","embeddable":true,"href":"https:\/\/ecologa-europe.com\/shop\/wp-json\/wp\/v2\/product_cat?post=7110"},{"taxonomy":"product_tag","embeddable":true,"href":"https:\/\/ecologa-europe.com\/shop\/wp-json\/wp\/v2\/product_tag?post=7110"}],"curies":[{"name":"wp","href":"https:\/\/api.w.org\/{rel}","templated":true}]}}