{"id":7130,"date":"2025-05-16T10:08:09","date_gmt":"2025-05-16T10:08:09","guid":{"rendered":"https:\/\/639.pm-domains.de\/?post_type=product&#038;p=7130"},"modified":"2025-05-16T10:37:21","modified_gmt":"2025-05-16T10:37:21","slug":"cappello-schermante-bakerboy-zoella","status":"publish","type":"product","link":"https:\/\/ecologa-europe.com\/shop\/produkt\/cappello-schermante-bakerboy-zoella\/?lang=it","title":{"rendered":"Cappello schermante Bakerboy Zoella"},"content":{"rendered":"<p>Un accessorio \u00e8 il pezzo forte di ogni abito. Che si tratti di un copricapo, di una sciarpa o di guanti.<br \/>\nCome accessorio di moda, i berretti da donna valorizzano facilmente i look di tutti i giorni e conferiscono un aspetto urbano e di tendenza.<br \/>\nCon il pezzo giusto, possiamo beneficiare delle loro numerose propriet\u00e0 funzionali, come tenere i capelli lontani dal viso, proteggerci dal sole, dal vento e dalle intemperie, o proteggerci dai raggi ad alta frequenza con il nostro Zoella Bakerboy Cap. Questo berretto retr\u00f2 assomiglia a un berretto da baseball, solo che la parte superiore \u00e8 pi\u00f9 gonfia e a forma di fungo.<br \/>\nIl nostro modello \u00e8 dotato di un paracollo extra-lungo che si chiude sul davanti con un velcro.<br \/>\nZoella \u00e8 disponibile nel colore azzurro.<br \/>\nIl cappellino Bakerboy Zoella \u00e8 realizzato con un tessuto schermante in twill di cotone certificato OEKO-STANDARD 100, morbido e fluente con una lucentezza di seta opaca.<br \/>\nLe sue prestazioni di schermatura sono eccellenti e vanno dal 90 al 99,9% a seconda della frequenza.<\/p>\n\n<table id=\"tablepress-29\" class=\"tablepress tablepress-id-29\">\n<thead>\n<tr class=\"row-1\">\n\t<td class=\"column-1\"><\/td><th class=\"column-2\">Frequenza \/ Applicazione (MHz)<\/th><th class=\"column-3\">Decibel (dB)<\/th><th class=\"column-4\">Percentuale (%)<\/th>\n<\/tr>\n<\/thead>\n<tbody class=\"row-striping row-hover\">\n<tr class=\"row-2\">\n\t<td class=\"column-1\">Tetra 450<\/td><td class=\"column-2\">450MHz<\/td><td class=\"column-3\">45dB<\/td><td class=\"column-4\">99,99%<\/td>\n<\/tr>\n<tr class=\"row-3\">\n\t<td class=\"column-1\">LTE 800<\/td><td class=\"column-2\">800MHz<\/td><td class=\"column-3\">30dB<\/td><td class=\"column-4\">99,9%<\/td>\n<\/tr>\n<tr class=\"row-4\">\n\t<td class=\"column-1\">GSM 900<\/td><td class=\"column-2\">900MHz<\/td><td class=\"column-3\">30dB<\/td><td class=\"column-4\">99,9%<\/td>\n<\/tr>\n<tr class=\"row-5\">\n\t<td class=\"column-1\">GSM 1800<\/td><td class=\"column-2\">1800MHz<\/td><td class=\"column-3\">20dB<\/td><td class=\"column-4\">99%<\/td>\n<\/tr>\n<tr class=\"row-6\">\n\t<td class=\"column-1\">DECT 1800<\/td><td class=\"column-2\">1800MHz<\/td><td class=\"column-3\">20dB<\/td><td class=\"column-4\">99%<\/td>\n<\/tr>\n<tr class=\"row-7\">\n\t<td class=\"column-1\">UMTS 2000<\/td><td class=\"column-2\">2000MHz<\/td><td class=\"column-3\">20dB<\/td><td class=\"column-4\">99%<\/td>\n<\/tr>\n<tr class=\"row-8\">\n\t<td class=\"column-1\">WLAN 2400<\/td><td class=\"column-2\">2400MHz<\/td><td class=\"column-3\">20dB<\/td><td class=\"column-4\">99%<\/td>\n<\/tr>\n<tr class=\"row-9\">\n\t<td class=\"column-1\">LTE 2600<\/td><td class=\"column-2\">2600MHz<\/td><td class=\"column-3\">20dB<\/td><td class=\"column-4\">99%<\/td>\n<\/tr>\n<tr class=\"row-10\">\n\t<td class=\"column-1\">WLAN 5800<\/td><td class=\"column-2\">5800MHz<\/td><td class=\"column-3\">10dB<\/td><td class=\"column-4\">90%<\/td>\n<\/tr>\n<\/tbody>\n<\/table>\n<!-- #tablepress-29 from cache -->\n<p>Questo modello \u00e8 disponibile nelle taglie 55, 57, 59 e 61.<\/p>\n<p>Il berretto schermante da panettiere \u00e8 prodotto in Germania.<\/p>\n<p>Istruzioni per la cura:<br \/>\nCiclo di lavaggio delicato a 30 \u00b0C.<br \/>\nNon utilizzare disinfettanti o detergenti contenenti cloro!<br \/>\nNon utilizzare ammorbidenti.<\/p>\n<p>Come si misura la circonferenza della testa?<\/p>\n<p>Per determinare la misura del cappello, misurate la circonferenza della testa nel punto in cui il cappello dovrebbe toccare (di solito circa 1\/2 cm \/ 1 cm sopra le sopracciglia e le orecchie). Tenere la fascia allentata quanto si desidera che il cappello sia adatto (molto spesso la taglia \u00e8 troppo stretta perch\u00e9 si lascia la fascia troppo stretta). Se la vostra taglia \u00e8 compresa tra due taglie, vi consigliamo di scegliere quella pi\u00f9 grande. Vedrete che il cappello calzer\u00e0 pi\u00f9 comodamente.<\/p>\n","protected":false},"excerpt":{"rendered":"<p>Per schermare le onde elettromagnetiche ad alta frequenza<br \/>\nTessuto twill interamente ritorto<br \/>\nLavorazione di altissima qualit\u00e0<br \/>\nElevato comfort di utilizzo<br \/>\nTaglie: 55, 57, 59, 61<br \/>\nColori: azzurro<br \/>\nMateriale: 97% cotone \/ 3% metallo, trama twill a torsione completa<br \/>\nBase di prova:<br \/>\nIEEE 299-1997<br \/>\nASTM D 4935-89<br \/>\nEfficacia di schermatura: max. 99,99%<\/p>\n","protected":false},"featured_media":132,"template":"","meta":{"inline_featured_image":false,"site-sidebar-layout":"default","site-content-layout":"","ast-site-content-layout":"default","site-content-style":"default","site-sidebar-style":"default","ast-global-header-display":"","ast-banner-title-visibility":"","ast-main-header-display":"","ast-hfb-above-header-display":"","ast-hfb-below-header-display":"","ast-hfb-mobile-header-display":"","site-post-title":"","ast-breadcrumbs-content":"","ast-featured-img":"","footer-sml-layout":"","ast-disable-related-posts":"","theme-transparent-header-meta":"","adv-header-id-meta":"","stick-header-meta":"","header-above-stick-meta":"","header-main-stick-meta":"","header-below-stick-meta":"","astra-migrate-meta-layouts":"default","ast-page-background-enabled":"default","ast-page-background-meta":{"desktop":{"background-color":"var(--ast-global-color-5)","background-image":"","background-repeat":"repeat","background-position":"center center","background-size":"auto","background-attachment":"scroll","background-type":"","background-media":"","overlay-type":"","overlay-color":"","overlay-opacity":"","overlay-gradient":""},"tablet":{"background-color":"","background-image":"","background-repeat":"repeat","background-position":"center center","background-size":"auto","background-attachment":"scroll","background-type":"","background-media":"","overlay-type":"","overlay-color":"","overlay-opacity":"","overlay-gradient":""},"mobile":{"background-color":"","background-image":"","background-repeat":"repeat","background-position":"center center","background-size":"auto","background-attachment":"scroll","background-type":"","background-media":"","overlay-type":"","overlay-color":"","overlay-opacity":"","overlay-gradient":""}},"ast-content-background-meta":{"desktop":{"background-color":"var(--ast-global-color-4)","background-image":"","background-repeat":"repeat","background-position":"center center","background-size":"auto","background-attachment":"scroll","background-type":"","background-media":"","overlay-type":"","overlay-color":"","overlay-opacity":"","overlay-gradient":""},"tablet":{"background-color":"var(--ast-global-color-4)","background-image":"","background-repeat":"repeat","background-position":"center center","background-size":"auto","background-attachment":"scroll","background-type":"","background-media":"","overlay-type":"","overlay-color":"","overlay-opacity":"","overlay-gradient":""},"mobile":{"background-color":"var(--ast-global-color-4)","background-image":"","background-repeat":"repeat","background-position":"center center","background-size":"auto","background-attachment":"scroll","background-type":"","background-media":"","overlay-type":"","overlay-color":"","overlay-opacity":"","overlay-gradient":""}}},"product_brand":[],"product_cat":[190,201,202],"product_tag":[192,203,339],"class_list":{"0":"post-7130","1":"product","2":"type-product","3":"status-publish","4":"has-post-thumbnail","6":"product_cat-abbigliamento-high-tech","7":"product_cat-accessoires-2","8":"product_cat-donne","9":"product_tag-abbigliamenti-schermanti","10":"product_tag-berretto-schermante","11":"product_tag-copricapo-schermante-da-donna","12":"product_shipping_class-standardversand","13":"pa_groesse-55-3","14":"pa_groesse-57-3","15":"pa_groesse-59-3","16":"pa_groesse-61-4","17":"desktop-align-left","18":"tablet-align-left","19":"mobile-align-left","21":"first","22":"instock","23":"taxable","24":"shipping-taxable","25":"purchasable","26":"product-type-variable"},"yoast_head":"<!-- This site is optimized with the Yoast SEO plugin v27.3 - https:\/\/yoast.com\/product\/yoast-seo-wordpress\/ -->\n<title>Cappello schermante Bakerboy Zoella - Elektrosmog-Schutz Onlineshop<\/title>\n<meta name=\"description\" content=\"Berretto da donna con protezione del collo e della gola. Chiusura in velcro sul davanti. Una protezione per la testa molto efficace in caso di sensibilit\u00e0 alle radiazioni.pfschutz bei Strahlenempfindlichkeit.\" \/>\n<meta name=\"robots\" content=\"index, follow, max-snippet:-1, max-image-preview:large, max-video-preview:-1\" \/>\n<link rel=\"canonical\" href=\"https:\/\/ecologa-europe.com\/shop\/produkt\/cappello-schermante-bakerboy-zoella\/\" \/>\n<meta property=\"og:locale\" content=\"de_DE\" \/>\n<meta property=\"og:type\" content=\"article\" \/>\n<meta property=\"og:title\" content=\"Cappello schermante Bakerboy Zoella - Elektrosmog-Schutz Onlineshop\" \/>\n<meta property=\"og:description\" content=\"Berretto da donna con protezione del collo e della gola. Chiusura in velcro sul davanti. Una protezione per la testa molto efficace in caso di sensibilit\u00e0 alle radiazioni.pfschutz bei Strahlenempfindlichkeit.\" \/>\n<meta property=\"og:url\" content=\"https:\/\/ecologa-europe.com\/shop\/produkt\/cappello-schermante-bakerboy-zoella\/?lang=it\" \/>\n<meta property=\"og:site_name\" content=\"Elektrosmog-Schutz Onlineshop\" \/>\n<meta property=\"article:publisher\" content=\"https:\/\/www.facebook.com\/Ecologa-Europe-GmbH-1604744566252298\/\" \/>\n<meta property=\"article:modified_time\" content=\"2025-05-16T10:37:21+00:00\" \/>\n<meta property=\"og:image\" content=\"https:\/\/ecologa-europe.com\/shop\/wp-content\/uploads\/2025\/04\/cap_Zoella_hellblau.jpg\" \/>\n\t<meta property=\"og:image:width\" content=\"1280\" \/>\n\t<meta property=\"og:image:height\" content=\"1810\" \/>\n\t<meta property=\"og:image:type\" content=\"image\/jpeg\" \/>\n<meta name=\"twitter:card\" content=\"summary_large_image\" \/>\n<meta name=\"twitter:label1\" content=\"Gesch\u00e4tzte Lesezeit\" \/>\n\t<meta name=\"twitter:data1\" content=\"1\u00a0Minute\" \/>\n<script type=\"application\/ld+json\" class=\"yoast-schema-graph\">{\"@context\":\"https:\\\/\\\/schema.org\",\"@graph\":[{\"@type\":\"WebPage\",\"@id\":\"https:\\\/\\\/ecologa-europe.com\\\/shop\\\/produkt\\\/cappello-schermante-bakerboy-zoella\\\/?lang=it\",\"url\":\"https:\\\/\\\/ecologa-europe.com\\\/shop\\\/produkt\\\/cappello-schermante-bakerboy-zoella\\\/?lang=it\",\"name\":\"Cappello schermante Bakerboy Zoella - Elektrosmog-Schutz Onlineshop\",\"isPartOf\":{\"@id\":\"https:\\\/\\\/ecologa-europe.com\\\/shop\\\/#website\"},\"primaryImageOfPage\":{\"@id\":\"https:\\\/\\\/ecologa-europe.com\\\/shop\\\/produkt\\\/cappello-schermante-bakerboy-zoella\\\/?lang=it#primaryimage\"},\"image\":{\"@id\":\"https:\\\/\\\/ecologa-europe.com\\\/shop\\\/produkt\\\/cappello-schermante-bakerboy-zoella\\\/?lang=it#primaryimage\"},\"thumbnailUrl\":\"https:\\\/\\\/ecologa-europe.com\\\/shop\\\/wp-content\\\/uploads\\\/2025\\\/04\\\/cap_Zoella_hellblau.jpg\",\"datePublished\":\"2025-05-16T10:08:09+00:00\",\"dateModified\":\"2025-05-16T10:37:21+00:00\",\"description\":\"Berretto da donna con protezione del collo e della gola. Chiusura in velcro sul davanti. Una protezione per la testa molto efficace in caso di sensibilit\u00e0 alle radiazioni.pfschutz bei Strahlenempfindlichkeit.\",\"breadcrumb\":{\"@id\":\"https:\\\/\\\/ecologa-europe.com\\\/shop\\\/produkt\\\/cappello-schermante-bakerboy-zoella\\\/?lang=it#breadcrumb\"},\"inLanguage\":\"de\",\"potentialAction\":[{\"@type\":\"ReadAction\",\"target\":[\"https:\\\/\\\/ecologa-europe.com\\\/shop\\\/produkt\\\/cappello-schermante-bakerboy-zoella\\\/?lang=it\"]}]},{\"@type\":\"ImageObject\",\"inLanguage\":\"de\",\"@id\":\"https:\\\/\\\/ecologa-europe.com\\\/shop\\\/produkt\\\/cappello-schermante-bakerboy-zoella\\\/?lang=it#primaryimage\",\"url\":\"https:\\\/\\\/ecologa-europe.com\\\/shop\\\/wp-content\\\/uploads\\\/2025\\\/04\\\/cap_Zoella_hellblau.jpg\",\"contentUrl\":\"https:\\\/\\\/ecologa-europe.com\\\/shop\\\/wp-content\\\/uploads\\\/2025\\\/04\\\/cap_Zoella_hellblau.jpg\",\"width\":1280,\"height\":1810},{\"@type\":\"BreadcrumbList\",\"@id\":\"https:\\\/\\\/ecologa-europe.com\\\/shop\\\/produkt\\\/cappello-schermante-bakerboy-zoella\\\/?lang=it#breadcrumb\",\"itemListElement\":[{\"@type\":\"ListItem\",\"position\":1,\"name\":\"Startseite\",\"item\":\"https:\\\/\\\/ecologa-europe.com\\\/shop\\\/\"},{\"@type\":\"ListItem\",\"position\":2,\"name\":\"Shop\",\"item\":\"https:\\\/\\\/ecologa-europe.com\\\/shop\\\/shop\\\/\"},{\"@type\":\"ListItem\",\"position\":3,\"name\":\"Cappello schermante Bakerboy Zoella\"}]},{\"@type\":\"WebSite\",\"@id\":\"https:\\\/\\\/ecologa-europe.com\\\/shop\\\/#website\",\"url\":\"https:\\\/\\\/ecologa-europe.com\\\/shop\\\/\",\"name\":\"Elektrosmog-Schutz Onlineshop\",\"description\":\"Ecologa Europe\",\"publisher\":{\"@id\":\"https:\\\/\\\/ecologa-europe.com\\\/shop\\\/#organization\"},\"potentialAction\":[{\"@type\":\"SearchAction\",\"target\":{\"@type\":\"EntryPoint\",\"urlTemplate\":\"https:\\\/\\\/ecologa-europe.com\\\/shop\\\/?s={search_term_string}\"},\"query-input\":{\"@type\":\"PropertyValueSpecification\",\"valueRequired\":true,\"valueName\":\"search_term_string\"}}],\"inLanguage\":\"de\"},{\"@type\":\"Organization\",\"@id\":\"https:\\\/\\\/ecologa-europe.com\\\/shop\\\/#organization\",\"name\":\"Elektrosmog-Schutz Onlineshop\",\"url\":\"https:\\\/\\\/ecologa-europe.com\\\/shop\\\/\",\"logo\":{\"@type\":\"ImageObject\",\"inLanguage\":\"de\",\"@id\":\"https:\\\/\\\/ecologa-europe.com\\\/shop\\\/#\\\/schema\\\/logo\\\/image\\\/\",\"url\":\"https:\\\/\\\/ecologa-europe.com\\\/shop\\\/wp-content\\\/uploads\\\/2025\\\/04\\\/vertical-navbar-logo.svg\",\"contentUrl\":\"https:\\\/\\\/ecologa-europe.com\\\/shop\\\/wp-content\\\/uploads\\\/2025\\\/04\\\/vertical-navbar-logo.svg\",\"width\":182,\"height\":70,\"caption\":\"Elektrosmog-Schutz Onlineshop\"},\"image\":{\"@id\":\"https:\\\/\\\/ecologa-europe.com\\\/shop\\\/#\\\/schema\\\/logo\\\/image\\\/\"},\"sameAs\":[\"https:\\\/\\\/www.facebook.com\\\/Ecologa-Europe-GmbH-1604744566252298\\\/\",\"https:\\\/\\\/www.instagram.com\\\/ecologaeurope\\\/\"]}]}<\/script>\n<!-- \/ Yoast SEO plugin. -->","yoast_head_json":{"title":"Cappello schermante Bakerboy Zoella - Elektrosmog-Schutz Onlineshop","description":"Berretto da donna con protezione del collo e della gola. Chiusura in velcro sul davanti. Una protezione per la testa molto efficace in caso di sensibilit\u00e0 alle radiazioni.pfschutz bei Strahlenempfindlichkeit.","robots":{"index":"index","follow":"follow","max-snippet":"max-snippet:-1","max-image-preview":"max-image-preview:large","max-video-preview":"max-video-preview:-1"},"canonical":"https:\/\/ecologa-europe.com\/shop\/produkt\/cappello-schermante-bakerboy-zoella\/","og_locale":"de_DE","og_type":"article","og_title":"Cappello schermante Bakerboy Zoella - Elektrosmog-Schutz Onlineshop","og_description":"Berretto da donna con protezione del collo e della gola. Chiusura in velcro sul davanti. Una protezione per la testa molto efficace in caso di sensibilit\u00e0 alle radiazioni.pfschutz bei Strahlenempfindlichkeit.","og_url":"https:\/\/ecologa-europe.com\/shop\/produkt\/cappello-schermante-bakerboy-zoella\/?lang=it","og_site_name":"Elektrosmog-Schutz Onlineshop","article_publisher":"https:\/\/www.facebook.com\/Ecologa-Europe-GmbH-1604744566252298\/","article_modified_time":"2025-05-16T10:37:21+00:00","og_image":[{"width":1280,"height":1810,"url":"https:\/\/ecologa-europe.com\/shop\/wp-content\/uploads\/2025\/04\/cap_Zoella_hellblau.jpg","type":"image\/jpeg"}],"twitter_card":"summary_large_image","twitter_misc":{"Gesch\u00e4tzte Lesezeit":"1\u00a0Minute"},"schema":{"@context":"https:\/\/schema.org","@graph":[{"@type":"WebPage","@id":"https:\/\/ecologa-europe.com\/shop\/produkt\/cappello-schermante-bakerboy-zoella\/?lang=it","url":"https:\/\/ecologa-europe.com\/shop\/produkt\/cappello-schermante-bakerboy-zoella\/?lang=it","name":"Cappello schermante Bakerboy Zoella - Elektrosmog-Schutz Onlineshop","isPartOf":{"@id":"https:\/\/ecologa-europe.com\/shop\/#website"},"primaryImageOfPage":{"@id":"https:\/\/ecologa-europe.com\/shop\/produkt\/cappello-schermante-bakerboy-zoella\/?lang=it#primaryimage"},"image":{"@id":"https:\/\/ecologa-europe.com\/shop\/produkt\/cappello-schermante-bakerboy-zoella\/?lang=it#primaryimage"},"thumbnailUrl":"https:\/\/ecologa-europe.com\/shop\/wp-content\/uploads\/2025\/04\/cap_Zoella_hellblau.jpg","datePublished":"2025-05-16T10:08:09+00:00","dateModified":"2025-05-16T10:37:21+00:00","description":"Berretto da donna con protezione del collo e della gola. Chiusura in velcro sul davanti. Una protezione per la testa molto efficace in caso di sensibilit\u00e0 alle radiazioni.pfschutz bei Strahlenempfindlichkeit.","breadcrumb":{"@id":"https:\/\/ecologa-europe.com\/shop\/produkt\/cappello-schermante-bakerboy-zoella\/?lang=it#breadcrumb"},"inLanguage":"de","potentialAction":[{"@type":"ReadAction","target":["https:\/\/ecologa-europe.com\/shop\/produkt\/cappello-schermante-bakerboy-zoella\/?lang=it"]}]},{"@type":"ImageObject","inLanguage":"de","@id":"https:\/\/ecologa-europe.com\/shop\/produkt\/cappello-schermante-bakerboy-zoella\/?lang=it#primaryimage","url":"https:\/\/ecologa-europe.com\/shop\/wp-content\/uploads\/2025\/04\/cap_Zoella_hellblau.jpg","contentUrl":"https:\/\/ecologa-europe.com\/shop\/wp-content\/uploads\/2025\/04\/cap_Zoella_hellblau.jpg","width":1280,"height":1810},{"@type":"BreadcrumbList","@id":"https:\/\/ecologa-europe.com\/shop\/produkt\/cappello-schermante-bakerboy-zoella\/?lang=it#breadcrumb","itemListElement":[{"@type":"ListItem","position":1,"name":"Startseite","item":"https:\/\/ecologa-europe.com\/shop\/"},{"@type":"ListItem","position":2,"name":"Shop","item":"https:\/\/ecologa-europe.com\/shop\/shop\/"},{"@type":"ListItem","position":3,"name":"Cappello schermante Bakerboy Zoella"}]},{"@type":"WebSite","@id":"https:\/\/ecologa-europe.com\/shop\/#website","url":"https:\/\/ecologa-europe.com\/shop\/","name":"Elektrosmog-Schutz Onlineshop","description":"Ecologa Europe","publisher":{"@id":"https:\/\/ecologa-europe.com\/shop\/#organization"},"potentialAction":[{"@type":"SearchAction","target":{"@type":"EntryPoint","urlTemplate":"https:\/\/ecologa-europe.com\/shop\/?s={search_term_string}"},"query-input":{"@type":"PropertyValueSpecification","valueRequired":true,"valueName":"search_term_string"}}],"inLanguage":"de"},{"@type":"Organization","@id":"https:\/\/ecologa-europe.com\/shop\/#organization","name":"Elektrosmog-Schutz Onlineshop","url":"https:\/\/ecologa-europe.com\/shop\/","logo":{"@type":"ImageObject","inLanguage":"de","@id":"https:\/\/ecologa-europe.com\/shop\/#\/schema\/logo\/image\/","url":"https:\/\/ecologa-europe.com\/shop\/wp-content\/uploads\/2025\/04\/vertical-navbar-logo.svg","contentUrl":"https:\/\/ecologa-europe.com\/shop\/wp-content\/uploads\/2025\/04\/vertical-navbar-logo.svg","width":182,"height":70,"caption":"Elektrosmog-Schutz Onlineshop"},"image":{"@id":"https:\/\/ecologa-europe.com\/shop\/#\/schema\/logo\/image\/"},"sameAs":["https:\/\/www.facebook.com\/Ecologa-Europe-GmbH-1604744566252298\/","https:\/\/www.instagram.com\/ecologaeurope\/"]}]}},"_links":{"self":[{"href":"https:\/\/ecologa-europe.com\/shop\/wp-json\/wp\/v2\/product\/7130","targetHints":{"allow":["GET"]}}],"collection":[{"href":"https:\/\/ecologa-europe.com\/shop\/wp-json\/wp\/v2\/product"}],"about":[{"href":"https:\/\/ecologa-europe.com\/shop\/wp-json\/wp\/v2\/types\/product"}],"wp:featuredmedia":[{"embeddable":true,"href":"https:\/\/ecologa-europe.com\/shop\/wp-json\/wp\/v2\/media\/132"}],"wp:attachment":[{"href":"https:\/\/ecologa-europe.com\/shop\/wp-json\/wp\/v2\/media?parent=7130"}],"wp:term":[{"taxonomy":"product_brand","embeddable":true,"href":"https:\/\/ecologa-europe.com\/shop\/wp-json\/wp\/v2\/product_brand?post=7130"},{"taxonomy":"product_cat","embeddable":true,"href":"https:\/\/ecologa-europe.com\/shop\/wp-json\/wp\/v2\/product_cat?post=7130"},{"taxonomy":"product_tag","embeddable":true,"href":"https:\/\/ecologa-europe.com\/shop\/wp-json\/wp\/v2\/product_tag?post=7130"}],"curies":[{"name":"wp","href":"https:\/\/api.w.org\/{rel}","templated":true}]}}