{"id":7140,"date":"2025-05-16T10:08:09","date_gmt":"2025-05-16T10:08:09","guid":{"rendered":"https:\/\/639.pm-domains.de\/?post_type=product&#038;p=7140"},"modified":"2025-12-20T00:56:44","modified_gmt":"2025-12-20T00:56:44","slug":"casquette-ecran-sahara","status":"publish","type":"product","link":"https:\/\/ecologa-europe.com\/shop\/produkt\/casquette-ecran-sahara\/?lang=fr","title":{"rendered":"Casquette \u00e9cran Sahara"},"content":{"rendered":"<p>Les casquettes de baseball restent un must absolu.<br \/>\nChaque ann\u00e9e, la mode \u00e9volue un peu plus. Cela vaut aussi pour les casquettes et les bonnets. De nouvelles couleurs et possibilit\u00e9s de combinaison peuvent compl\u00e8tement changer un style.<br \/>\nQue ce soit pour se prot\u00e9ger visiblement du soleil, pour dissimuler ses cheveux ou pour \u00e9viter les regards indiscrets, les casquettes pr\u00e9sentent d\u00e9j\u00e0 de nombreux avantages pratiques.<br \/>\nNos casquettes ont encore un autre avantage. Elles prot\u00e8gent contre les rayons \u00e0 haute fr\u00e9quence.<br \/>\nNotre mod\u00e8le Sahara est \u00e9quip\u00e9 d&#8217;un prot\u00e8ge-nuque extra-long qui se fixe \u00e0 l&#8217;avant \u00e0 l&#8217;aide d&#8217;une fermeture velcro.<br \/>\nSi vous le souhaitez, vous pouvez \u00e9galement rabattre le prot\u00e8ge-nuque vers l&#8217;int\u00e9rieur et le faire ainsi dispara\u00eetre dans la casquette.<br \/>\nSahara est fabriqu\u00e9 dans un tissu \u00e9cran en serg\u00e9 de coton certifi\u00e9 OEKO-STANDARD 100. Ce tissu en serg\u00e9 est doux et fluide avec un \u00e9clat soyeux mat.<br \/>\nSa performance de blindage est excellente, avec une valeur comprise entre 90 et 99,9%, selon la fr\u00e9quence.<\/p>\n\n<table id=\"tablepress-28\" class=\"tablepress tablepress-id-28\">\n<thead>\n<tr class=\"row-1\">\n\t<td class=\"column-1\"><\/td><th class=\"column-2\">Fr\u00e9quence \/ Application (MHz)<\/th><th class=\"column-3\">D\u00e9cibel (dB)<\/th><th class=\"column-4\">Pourcentage (%)<\/th>\n<\/tr>\n<\/thead>\n<tbody class=\"row-striping row-hover\">\n<tr class=\"row-2\">\n\t<td class=\"column-1\">Tetra 450<\/td><td class=\"column-2\">450MHz<\/td><td class=\"column-3\">45dB<\/td><td class=\"column-4\">99,99%<\/td>\n<\/tr>\n<tr class=\"row-3\">\n\t<td class=\"column-1\">LTE 800<\/td><td class=\"column-2\">800MHz<\/td><td class=\"column-3\">30dB<\/td><td class=\"column-4\">99,9%<\/td>\n<\/tr>\n<tr class=\"row-4\">\n\t<td class=\"column-1\">GSM 900<\/td><td class=\"column-2\">900MHz<\/td><td class=\"column-3\">30dB<\/td><td class=\"column-4\">99,9%<\/td>\n<\/tr>\n<tr class=\"row-5\">\n\t<td class=\"column-1\">GSM 1800<\/td><td class=\"column-2\">1800MHz<\/td><td class=\"column-3\">20dB<\/td><td class=\"column-4\">99%<\/td>\n<\/tr>\n<tr class=\"row-6\">\n\t<td class=\"column-1\">DECT 1800<\/td><td class=\"column-2\">1800MHz<\/td><td class=\"column-3\">20dB<\/td><td class=\"column-4\">99%<\/td>\n<\/tr>\n<tr class=\"row-7\">\n\t<td class=\"column-1\">UMTS 2000<\/td><td class=\"column-2\">2000MHz<\/td><td class=\"column-3\">20dB<\/td><td class=\"column-4\">99%<\/td>\n<\/tr>\n<tr class=\"row-8\">\n\t<td class=\"column-1\">WLAN 2400<\/td><td class=\"column-2\">2400MHz<\/td><td class=\"column-3\">20dB<\/td><td class=\"column-4\">99%<\/td>\n<\/tr>\n<tr class=\"row-9\">\n\t<td class=\"column-1\">LTE 2600<\/td><td class=\"column-2\">2600MHz<\/td><td class=\"column-3\">20dB<\/td><td class=\"column-4\">99%<\/td>\n<\/tr>\n<tr class=\"row-10\">\n\t<td class=\"column-1\">WLAN 5800<\/td><td class=\"column-2\">5800MHz<\/td><td class=\"column-3\">10dB<\/td><td class=\"column-4\">90%<\/td>\n<\/tr>\n<\/tbody>\n<\/table>\n<!-- #tablepress-28 from cache -->\n<p>Ce mod\u00e8le est disponible dans les tailles 55, 57, 59 et 61. Il peut \u00eatre port\u00e9 aussi bien par les femmes que par les hommes.<br \/>\nIl est fabriqu\u00e9 en Allemagne.<\/p>\n<p>Conseil d&#8217;entretien :<br \/>\nLavage d\u00e9licat \u00e0 30 \u00b0C.<br \/>\nNe pas utiliser de d\u00e9sinfectants ou de produits de nettoyage contenant du chlore !<br \/>\nRenoncer \u00e9galement aux adoucissants.<\/p>\n<p>Comment mesurer votre tour de t\u00eate ?<br \/>\nPour d\u00e9terminer votre taille de chapeau, mesurez votre tour de t\u00eate \u00e0 l&#8217;endroit o\u00f9 le chapeau se poserait (g\u00e9n\u00e9ralement environ 0,5 \u00e0 1 cm au-dessus des sourcils et des oreilles). Maintenez le ruban aussi l\u00e2che que vous souhaitez que le chapeau soit ajust\u00e9 ; (tr\u00e8s souvent, on mesure trop juste parce qu&#8217;on laisse le ruban trop serr\u00e9). Si votre taille se situe entre deux tailles, nous vous recommandons de choisir la plus grande. Vous constaterez que le chapeau est plus confortable.<\/p>\n","protected":false},"excerpt":{"rendered":"<p>Pour le blindage contre les ondes \u00e9lectromagn\u00e9tiques \u00e0 haute fr\u00e9quence<br \/>\nTissu serg\u00e9 enti\u00e8rement retors<br \/>\nFinition de tr\u00e8s haute qualit\u00e9<br \/>\nGrand confort de port<br \/>\nTailles : 55, 57, 59, 61<br \/>\nCouleur : gris clair<br \/>\nMat\u00e9riau : 97% coton \/ 3% m\u00e9tal, armure serg\u00e9e \u00e0 fils de cha\u00eene complets<br \/>\nBase de contr\u00f4le :<br \/>\nIEEE 299-1997<br \/>\nASTM D 4935-89<br \/>\nAtt\u00e9nuation du blindage : 99,99% max.<\/p>\n","protected":false},"featured_media":877,"template":"","meta":{"inline_featured_image":false,"site-sidebar-layout":"default","site-content-layout":"","ast-site-content-layout":"default","site-content-style":"default","site-sidebar-style":"default","ast-global-header-display":"","ast-banner-title-visibility":"","ast-main-header-display":"","ast-hfb-above-header-display":"","ast-hfb-below-header-display":"","ast-hfb-mobile-header-display":"","site-post-title":"","ast-breadcrumbs-content":"","ast-featured-img":"","footer-sml-layout":"","ast-disable-related-posts":"","theme-transparent-header-meta":"default","adv-header-id-meta":"","stick-header-meta":"","header-above-stick-meta":"","header-main-stick-meta":"","header-below-stick-meta":"","astra-migrate-meta-layouts":"default","ast-page-background-enabled":"default","ast-page-background-meta":{"desktop":{"background-color":"var(--ast-global-color-5)","background-image":"","background-repeat":"repeat","background-position":"center center","background-size":"auto","background-attachment":"scroll","background-type":"","background-media":"","overlay-type":"","overlay-color":"","overlay-opacity":"","overlay-gradient":""},"tablet":{"background-color":"","background-image":"","background-repeat":"repeat","background-position":"center center","background-size":"auto","background-attachment":"scroll","background-type":"","background-media":"","overlay-type":"","overlay-color":"","overlay-opacity":"","overlay-gradient":""},"mobile":{"background-color":"","background-image":"","background-repeat":"repeat","background-position":"center center","background-size":"auto","background-attachment":"scroll","background-type":"","background-media":"","overlay-type":"","overlay-color":"","overlay-opacity":"","overlay-gradient":""}},"ast-content-background-meta":{"desktop":{"background-color":"var(--ast-global-color-4)","background-image":"","background-repeat":"repeat","background-position":"center center","background-size":"auto","background-attachment":"scroll","background-type":"","background-media":"","overlay-type":"","overlay-color":"","overlay-opacity":"","overlay-gradient":""},"tablet":{"background-color":"var(--ast-global-color-4)","background-image":"","background-repeat":"repeat","background-position":"center center","background-size":"auto","background-attachment":"scroll","background-type":"","background-media":"","overlay-type":"","overlay-color":"","overlay-opacity":"","overlay-gradient":""},"mobile":{"background-color":"var(--ast-global-color-4)","background-image":"","background-repeat":"repeat","background-position":"center center","background-size":"auto","background-attachment":"scroll","background-type":"","background-media":"","overlay-type":"","overlay-color":"","overlay-opacity":"","overlay-gradient":""}}},"product_brand":[],"product_cat":[198,186,176,185],"product_tag":[188],"class_list":{"0":"post-7140","1":"product","2":"type-product","3":"status-publish","4":"has-post-thumbnail","6":"product_cat-femmes","7":"product_cat-hommes","8":"product_cat-non-categorise","9":"product_cat-vetements-high-tech","10":"product_tag-vetements-de-protection","11":"product_shipping_class-standardversand","12":"pa_groesse-55-2","13":"pa_groesse-57-4","14":"pa_groesse-59-2","15":"pa_groesse-61-2","16":"desktop-align-left","17":"tablet-align-left","18":"mobile-align-left","20":"first","21":"instock","22":"taxable","23":"shipping-taxable","24":"purchasable","25":"product-type-variable"},"yoast_head":"<!-- This site is optimized with the Yoast SEO plugin v27.4 - https:\/\/yoast.com\/product\/yoast-seo-wordpress\/ -->\n<title>Casquette \u00e9cran Sahara - Elektrosmog-Schutz Onlineshop<\/title>\n<meta name=\"description\" content=\"Casquette anti-radiations Sahara pour femmes et hommes avec protection de la nuque et du cou. Fermeture \u00e0 l&#039;avant par velcro. Une protection de la t\u00eate tr\u00e8s efficace en cas de radiosensibilit\u00e9. Coupe tr\u00e8s moderne.\" \/>\n<meta name=\"robots\" content=\"index, follow, max-snippet:-1, max-image-preview:large, max-video-preview:-1\" \/>\n<link rel=\"canonical\" href=\"https:\/\/ecologa-europe.com\/shop\/produkt\/casquette-ecran-sahara\/\" \/>\n<meta property=\"og:locale\" content=\"de_DE\" \/>\n<meta property=\"og:type\" content=\"article\" \/>\n<meta property=\"og:title\" content=\"Casquette \u00e9cran Sahara - Elektrosmog-Schutz Onlineshop\" \/>\n<meta property=\"og:description\" content=\"Casquette anti-radiations Sahara pour femmes et hommes avec protection de la nuque et du cou. Fermeture \u00e0 l&#039;avant par velcro. Une protection de la t\u00eate tr\u00e8s efficace en cas de radiosensibilit\u00e9. Coupe tr\u00e8s moderne.\" \/>\n<meta property=\"og:url\" content=\"https:\/\/ecologa-europe.com\/shop\/produkt\/casquette-ecran-sahara\/?lang=fr\" \/>\n<meta property=\"og:site_name\" content=\"Elektrosmog-Schutz Onlineshop\" \/>\n<meta property=\"article:publisher\" content=\"https:\/\/www.facebook.com\/Ecologa-Europe-GmbH-1604744566252298\/\" \/>\n<meta property=\"article:modified_time\" content=\"2025-12-20T00:56:44+00:00\" \/>\n<meta property=\"og:image\" content=\"https:\/\/ecologa-europe.com\/shop\/wp-content\/uploads\/2025\/04\/sahara_damen_herren.jpg\" \/>\n\t<meta property=\"og:image:width\" content=\"1772\" \/>\n\t<meta property=\"og:image:height\" content=\"1280\" \/>\n\t<meta property=\"og:image:type\" content=\"image\/jpeg\" \/>\n<meta name=\"twitter:card\" content=\"summary_large_image\" \/>\n<meta name=\"twitter:label1\" content=\"Gesch\u00e4tzte Lesezeit\" \/>\n\t<meta name=\"twitter:data1\" content=\"2\u00a0Minuten\" \/>\n<script type=\"application\/ld+json\" class=\"yoast-schema-graph\">{\"@context\":\"https:\\\/\\\/schema.org\",\"@graph\":[{\"@type\":\"WebPage\",\"@id\":\"https:\\\/\\\/ecologa-europe.com\\\/shop\\\/produkt\\\/casquette-ecran-sahara\\\/?lang=fr\",\"url\":\"https:\\\/\\\/ecologa-europe.com\\\/shop\\\/produkt\\\/casquette-ecran-sahara\\\/?lang=fr\",\"name\":\"Casquette \u00e9cran Sahara - Elektrosmog-Schutz Onlineshop\",\"isPartOf\":{\"@id\":\"https:\\\/\\\/ecologa-europe.com\\\/shop\\\/#website\"},\"primaryImageOfPage\":{\"@id\":\"https:\\\/\\\/ecologa-europe.com\\\/shop\\\/produkt\\\/casquette-ecran-sahara\\\/?lang=fr#primaryimage\"},\"image\":{\"@id\":\"https:\\\/\\\/ecologa-europe.com\\\/shop\\\/produkt\\\/casquette-ecran-sahara\\\/?lang=fr#primaryimage\"},\"thumbnailUrl\":\"https:\\\/\\\/ecologa-europe.com\\\/shop\\\/wp-content\\\/uploads\\\/2025\\\/04\\\/sahara_damen_herren.jpg\",\"datePublished\":\"2025-05-16T10:08:09+00:00\",\"dateModified\":\"2025-12-20T00:56:44+00:00\",\"description\":\"Casquette anti-radiations Sahara pour femmes et hommes avec protection de la nuque et du cou. Fermeture \u00e0 l'avant par velcro. Une protection de la t\u00eate tr\u00e8s efficace en cas de radiosensibilit\u00e9. Coupe tr\u00e8s moderne.\",\"breadcrumb\":{\"@id\":\"https:\\\/\\\/ecologa-europe.com\\\/shop\\\/produkt\\\/casquette-ecran-sahara\\\/?lang=fr#breadcrumb\"},\"inLanguage\":\"de\",\"potentialAction\":[{\"@type\":\"ReadAction\",\"target\":[\"https:\\\/\\\/ecologa-europe.com\\\/shop\\\/produkt\\\/casquette-ecran-sahara\\\/?lang=fr\"]}]},{\"@type\":\"ImageObject\",\"inLanguage\":\"de\",\"@id\":\"https:\\\/\\\/ecologa-europe.com\\\/shop\\\/produkt\\\/casquette-ecran-sahara\\\/?lang=fr#primaryimage\",\"url\":\"https:\\\/\\\/ecologa-europe.com\\\/shop\\\/wp-content\\\/uploads\\\/2025\\\/04\\\/sahara_damen_herren.jpg\",\"contentUrl\":\"https:\\\/\\\/ecologa-europe.com\\\/shop\\\/wp-content\\\/uploads\\\/2025\\\/04\\\/sahara_damen_herren.jpg\",\"width\":1772,\"height\":1280},{\"@type\":\"BreadcrumbList\",\"@id\":\"https:\\\/\\\/ecologa-europe.com\\\/shop\\\/produkt\\\/casquette-ecran-sahara\\\/?lang=fr#breadcrumb\",\"itemListElement\":[{\"@type\":\"ListItem\",\"position\":1,\"name\":\"Startseite\",\"item\":\"https:\\\/\\\/ecologa-europe.com\\\/shop\\\/\"},{\"@type\":\"ListItem\",\"position\":2,\"name\":\"Shop\",\"item\":\"https:\\\/\\\/ecologa-europe.com\\\/shop\\\/shop\\\/\"},{\"@type\":\"ListItem\",\"position\":3,\"name\":\"Casquette \u00e9cran Sahara\"}]},{\"@type\":\"WebSite\",\"@id\":\"https:\\\/\\\/ecologa-europe.com\\\/shop\\\/#website\",\"url\":\"https:\\\/\\\/ecologa-europe.com\\\/shop\\\/\",\"name\":\"Elektrosmog-Schutz Onlineshop\",\"description\":\"Ecologa Europe\",\"publisher\":{\"@id\":\"https:\\\/\\\/ecologa-europe.com\\\/shop\\\/#organization\"},\"potentialAction\":[{\"@type\":\"SearchAction\",\"target\":{\"@type\":\"EntryPoint\",\"urlTemplate\":\"https:\\\/\\\/ecologa-europe.com\\\/shop\\\/?s={search_term_string}\"},\"query-input\":{\"@type\":\"PropertyValueSpecification\",\"valueRequired\":true,\"valueName\":\"search_term_string\"}}],\"inLanguage\":\"de\"},{\"@type\":\"Organization\",\"@id\":\"https:\\\/\\\/ecologa-europe.com\\\/shop\\\/#organization\",\"name\":\"Elektrosmog-Schutz Onlineshop\",\"url\":\"https:\\\/\\\/ecologa-europe.com\\\/shop\\\/\",\"logo\":{\"@type\":\"ImageObject\",\"inLanguage\":\"de\",\"@id\":\"https:\\\/\\\/ecologa-europe.com\\\/shop\\\/#\\\/schema\\\/logo\\\/image\\\/\",\"url\":\"https:\\\/\\\/ecologa-europe.com\\\/shop\\\/wp-content\\\/uploads\\\/2025\\\/04\\\/vertical-navbar-logo.svg\",\"contentUrl\":\"https:\\\/\\\/ecologa-europe.com\\\/shop\\\/wp-content\\\/uploads\\\/2025\\\/04\\\/vertical-navbar-logo.svg\",\"width\":182,\"height\":70,\"caption\":\"Elektrosmog-Schutz Onlineshop\"},\"image\":{\"@id\":\"https:\\\/\\\/ecologa-europe.com\\\/shop\\\/#\\\/schema\\\/logo\\\/image\\\/\"},\"sameAs\":[\"https:\\\/\\\/www.facebook.com\\\/Ecologa-Europe-GmbH-1604744566252298\\\/\",\"https:\\\/\\\/www.instagram.com\\\/ecologaeurope\\\/\"]}]}<\/script>\n<!-- \/ Yoast SEO plugin. -->","yoast_head_json":{"title":"Casquette \u00e9cran Sahara - Elektrosmog-Schutz Onlineshop","description":"Casquette anti-radiations Sahara pour femmes et hommes avec protection de la nuque et du cou. Fermeture \u00e0 l'avant par velcro. Une protection de la t\u00eate tr\u00e8s efficace en cas de radiosensibilit\u00e9. Coupe tr\u00e8s moderne.","robots":{"index":"index","follow":"follow","max-snippet":"max-snippet:-1","max-image-preview":"max-image-preview:large","max-video-preview":"max-video-preview:-1"},"canonical":"https:\/\/ecologa-europe.com\/shop\/produkt\/casquette-ecran-sahara\/","og_locale":"de_DE","og_type":"article","og_title":"Casquette \u00e9cran Sahara - Elektrosmog-Schutz Onlineshop","og_description":"Casquette anti-radiations Sahara pour femmes et hommes avec protection de la nuque et du cou. Fermeture \u00e0 l'avant par velcro. Une protection de la t\u00eate tr\u00e8s efficace en cas de radiosensibilit\u00e9. Coupe tr\u00e8s moderne.","og_url":"https:\/\/ecologa-europe.com\/shop\/produkt\/casquette-ecran-sahara\/?lang=fr","og_site_name":"Elektrosmog-Schutz Onlineshop","article_publisher":"https:\/\/www.facebook.com\/Ecologa-Europe-GmbH-1604744566252298\/","article_modified_time":"2025-12-20T00:56:44+00:00","og_image":[{"width":1772,"height":1280,"url":"https:\/\/ecologa-europe.com\/shop\/wp-content\/uploads\/2025\/04\/sahara_damen_herren.jpg","type":"image\/jpeg"}],"twitter_card":"summary_large_image","twitter_misc":{"Gesch\u00e4tzte Lesezeit":"2\u00a0Minuten"},"schema":{"@context":"https:\/\/schema.org","@graph":[{"@type":"WebPage","@id":"https:\/\/ecologa-europe.com\/shop\/produkt\/casquette-ecran-sahara\/?lang=fr","url":"https:\/\/ecologa-europe.com\/shop\/produkt\/casquette-ecran-sahara\/?lang=fr","name":"Casquette \u00e9cran Sahara - Elektrosmog-Schutz Onlineshop","isPartOf":{"@id":"https:\/\/ecologa-europe.com\/shop\/#website"},"primaryImageOfPage":{"@id":"https:\/\/ecologa-europe.com\/shop\/produkt\/casquette-ecran-sahara\/?lang=fr#primaryimage"},"image":{"@id":"https:\/\/ecologa-europe.com\/shop\/produkt\/casquette-ecran-sahara\/?lang=fr#primaryimage"},"thumbnailUrl":"https:\/\/ecologa-europe.com\/shop\/wp-content\/uploads\/2025\/04\/sahara_damen_herren.jpg","datePublished":"2025-05-16T10:08:09+00:00","dateModified":"2025-12-20T00:56:44+00:00","description":"Casquette anti-radiations Sahara pour femmes et hommes avec protection de la nuque et du cou. Fermeture \u00e0 l'avant par velcro. Une protection de la t\u00eate tr\u00e8s efficace en cas de radiosensibilit\u00e9. Coupe tr\u00e8s moderne.","breadcrumb":{"@id":"https:\/\/ecologa-europe.com\/shop\/produkt\/casquette-ecran-sahara\/?lang=fr#breadcrumb"},"inLanguage":"de","potentialAction":[{"@type":"ReadAction","target":["https:\/\/ecologa-europe.com\/shop\/produkt\/casquette-ecran-sahara\/?lang=fr"]}]},{"@type":"ImageObject","inLanguage":"de","@id":"https:\/\/ecologa-europe.com\/shop\/produkt\/casquette-ecran-sahara\/?lang=fr#primaryimage","url":"https:\/\/ecologa-europe.com\/shop\/wp-content\/uploads\/2025\/04\/sahara_damen_herren.jpg","contentUrl":"https:\/\/ecologa-europe.com\/shop\/wp-content\/uploads\/2025\/04\/sahara_damen_herren.jpg","width":1772,"height":1280},{"@type":"BreadcrumbList","@id":"https:\/\/ecologa-europe.com\/shop\/produkt\/casquette-ecran-sahara\/?lang=fr#breadcrumb","itemListElement":[{"@type":"ListItem","position":1,"name":"Startseite","item":"https:\/\/ecologa-europe.com\/shop\/"},{"@type":"ListItem","position":2,"name":"Shop","item":"https:\/\/ecologa-europe.com\/shop\/shop\/"},{"@type":"ListItem","position":3,"name":"Casquette \u00e9cran Sahara"}]},{"@type":"WebSite","@id":"https:\/\/ecologa-europe.com\/shop\/#website","url":"https:\/\/ecologa-europe.com\/shop\/","name":"Elektrosmog-Schutz Onlineshop","description":"Ecologa Europe","publisher":{"@id":"https:\/\/ecologa-europe.com\/shop\/#organization"},"potentialAction":[{"@type":"SearchAction","target":{"@type":"EntryPoint","urlTemplate":"https:\/\/ecologa-europe.com\/shop\/?s={search_term_string}"},"query-input":{"@type":"PropertyValueSpecification","valueRequired":true,"valueName":"search_term_string"}}],"inLanguage":"de"},{"@type":"Organization","@id":"https:\/\/ecologa-europe.com\/shop\/#organization","name":"Elektrosmog-Schutz Onlineshop","url":"https:\/\/ecologa-europe.com\/shop\/","logo":{"@type":"ImageObject","inLanguage":"de","@id":"https:\/\/ecologa-europe.com\/shop\/#\/schema\/logo\/image\/","url":"https:\/\/ecologa-europe.com\/shop\/wp-content\/uploads\/2025\/04\/vertical-navbar-logo.svg","contentUrl":"https:\/\/ecologa-europe.com\/shop\/wp-content\/uploads\/2025\/04\/vertical-navbar-logo.svg","width":182,"height":70,"caption":"Elektrosmog-Schutz Onlineshop"},"image":{"@id":"https:\/\/ecologa-europe.com\/shop\/#\/schema\/logo\/image\/"},"sameAs":["https:\/\/www.facebook.com\/Ecologa-Europe-GmbH-1604744566252298\/","https:\/\/www.instagram.com\/ecologaeurope\/"]}]}},"_links":{"self":[{"href":"https:\/\/ecologa-europe.com\/shop\/wp-json\/wp\/v2\/product\/7140","targetHints":{"allow":["GET"]}}],"collection":[{"href":"https:\/\/ecologa-europe.com\/shop\/wp-json\/wp\/v2\/product"}],"about":[{"href":"https:\/\/ecologa-europe.com\/shop\/wp-json\/wp\/v2\/types\/product"}],"wp:featuredmedia":[{"embeddable":true,"href":"https:\/\/ecologa-europe.com\/shop\/wp-json\/wp\/v2\/media\/877"}],"wp:attachment":[{"href":"https:\/\/ecologa-europe.com\/shop\/wp-json\/wp\/v2\/media?parent=7140"}],"wp:term":[{"taxonomy":"product_brand","embeddable":true,"href":"https:\/\/ecologa-europe.com\/shop\/wp-json\/wp\/v2\/product_brand?post=7140"},{"taxonomy":"product_cat","embeddable":true,"href":"https:\/\/ecologa-europe.com\/shop\/wp-json\/wp\/v2\/product_cat?post=7140"},{"taxonomy":"product_tag","embeddable":true,"href":"https:\/\/ecologa-europe.com\/shop\/wp-json\/wp\/v2\/product_tag?post=7140"}],"curies":[{"name":"wp","href":"https:\/\/api.w.org\/{rel}","templated":true}]}}