{"id":7190,"date":"2025-05-16T10:10:14","date_gmt":"2025-05-16T10:10:14","guid":{"rendered":"https:\/\/639.pm-domains.de\/?post_type=product&#038;p=7190"},"modified":"2025-05-16T10:38:47","modified_gmt":"2025-05-16T10:38:47","slug":"boxer-short-ecran-popeline","status":"publish","type":"product","link":"https:\/\/ecologa-europe.com\/shop\/produkt\/boxer-short-ecran-popeline\/?lang=fr","title":{"rendered":"Boxer-short \u00e9cran &#8211; Popeline"},"content":{"rendered":"<p>Les boxers offrent plus d&#8217;espace et sont consid\u00e9r\u00e9s comme une alternative d\u00e9contract\u00e9e et plus confortable aux slips. Notre mod\u00e8le a une coupe confortable. Il est fabriqu\u00e9 en pur coton et poss\u00e8de une patte de boutonnage et une taille \u00e9lastique douce et surpiqu\u00e9e. Il se pr\u00e9sente dans un bleu et un blanc classiques.<\/p>\n<p>Le boxer est fabriqu\u00e9 en popeline de coton blind\u00e9e.<\/p>\n<p>Les fils de cuivre les plus fins sont enduits d&#8217;argent pour une compatibilit\u00e9 optimale. Afin d&#8217;exclure toute conductivit\u00e9 \u00e9lectrique et d&#8217;emp\u00eacher l&#8217;oxydation, le fil m\u00e9tallique est ensuite recouvert de polyamide. Le tout est ensuite recouvert de coton et le fil ainsi obtenu est retordu avec un deuxi\u00e8me fil en pur coton.<br \/>\nCette torsion \u00e9lev\u00e9e et le double retordage des fils conf\u00e8rent au tissu une stabilit\u00e9 encore plus grande. Ainsi, les propri\u00e9t\u00e9s du coton qui respectent la peau contribuent encore plus \u00e0 votre bien-\u00eatre.<br \/>\nL&#8217;effet de blindage du tressage m\u00e9tallique tr\u00e8s fin du tissu emp\u00eache la p\u00e9n\u00e9tration des rayonnements \u00e9lectromagn\u00e9tiques.<br \/>\nLe tissu particuli\u00e8rement dense est tr\u00e8s r\u00e9sistant.<\/p>\n<p>Att\u00e9nuation du blindage : max. ~45 dB (&gt;99,99 %)<\/p>\n\n<table id=\"tablepress-28\" class=\"tablepress tablepress-id-28\">\n<thead>\n<tr class=\"row-1\">\n\t<td class=\"column-1\"><\/td><th class=\"column-2\">Fr\u00e9quence \/ Application (MHz)<\/th><th class=\"column-3\">D\u00e9cibel (dB)<\/th><th class=\"column-4\">Pourcentage (%)<\/th>\n<\/tr>\n<\/thead>\n<tbody class=\"row-striping row-hover\">\n<tr class=\"row-2\">\n\t<td class=\"column-1\">Tetra 450<\/td><td class=\"column-2\">450MHz<\/td><td class=\"column-3\">45dB<\/td><td class=\"column-4\">99,99%<\/td>\n<\/tr>\n<tr class=\"row-3\">\n\t<td class=\"column-1\">LTE 800<\/td><td class=\"column-2\">800MHz<\/td><td class=\"column-3\">30dB<\/td><td class=\"column-4\">99,9%<\/td>\n<\/tr>\n<tr class=\"row-4\">\n\t<td class=\"column-1\">GSM 900<\/td><td class=\"column-2\">900MHz<\/td><td class=\"column-3\">30dB<\/td><td class=\"column-4\">99,9%<\/td>\n<\/tr>\n<tr class=\"row-5\">\n\t<td class=\"column-1\">GSM 1800<\/td><td class=\"column-2\">1800MHz<\/td><td class=\"column-3\">20dB<\/td><td class=\"column-4\">99%<\/td>\n<\/tr>\n<tr class=\"row-6\">\n\t<td class=\"column-1\">DECT 1800<\/td><td class=\"column-2\">1800MHz<\/td><td class=\"column-3\">20dB<\/td><td class=\"column-4\">99%<\/td>\n<\/tr>\n<tr class=\"row-7\">\n\t<td class=\"column-1\">UMTS 2000<\/td><td class=\"column-2\">2000MHz<\/td><td class=\"column-3\">20dB<\/td><td class=\"column-4\">99%<\/td>\n<\/tr>\n<tr class=\"row-8\">\n\t<td class=\"column-1\">WLAN 2400<\/td><td class=\"column-2\">2400MHz<\/td><td class=\"column-3\">20dB<\/td><td class=\"column-4\">99%<\/td>\n<\/tr>\n<tr class=\"row-9\">\n\t<td class=\"column-1\">LTE 2600<\/td><td class=\"column-2\">2600MHz<\/td><td class=\"column-3\">20dB<\/td><td class=\"column-4\">99%<\/td>\n<\/tr>\n<tr class=\"row-10\">\n\t<td class=\"column-1\">WLAN 5800<\/td><td class=\"column-2\">5800MHz<\/td><td class=\"column-3\">10dB<\/td><td class=\"column-4\">90%<\/td>\n<\/tr>\n<\/tbody>\n<\/table>\n<!-- #tablepress-28 from cache -->\n<p>Composition : popeline \u00e0 fils retors<br \/>\nCouleur : blanc, gris-bleu clair<br \/>\n97 % Coton, 3 % Metal (fil de cuivre fin argent\u00e9)<\/p>\n<p>Tailles : 48-S, 50-M, 52-L, 54-XL, 56-XXL<\/p>\n\n<table id=\"tablepress-57\" class=\"tablepress tablepress-id-57\">\n<thead>\n<tr class=\"row-1\">\n\t<th class=\"column-1\">Taille<\/th><th class=\"column-2\">S<\/th><th class=\"column-3\">M<\/th><th class=\"column-4\">L<\/th><th class=\"column-5\">XL<\/th><th class=\"column-6\">XXL<\/th>\n<\/tr>\n<\/thead>\n<tbody class=\"row-striping row-hover\">\n<tr class=\"row-2\">\n\t<td class=\"column-1\">Largeur de la ceinture<\/td><td class=\"column-2\">72<\/td><td class=\"column-3\">76<\/td><td class=\"column-4\">80<\/td><td class=\"column-5\">84<\/td><td class=\"column-6\">88<\/td>\n<\/tr>\n<tr class=\"row-3\">\n\t<td class=\"column-1\">Allongement max.<\/td><td class=\"column-2\">97<\/td><td class=\"column-3\">102<\/td><td class=\"column-4\">108<\/td><td class=\"column-5\">113<\/td><td class=\"column-6\">119<\/td>\n<\/tr>\n<tr class=\"row-4\">\n\t<td class=\"column-1\">Longueur de c\u00f4t\u00e9 avec ceinture<\/td><td class=\"column-2\">38<\/td><td class=\"column-3\">39<\/td><td class=\"column-4\">40,5<\/td><td class=\"column-5\">42<\/td><td class=\"column-6\">43,5<\/td>\n<\/tr>\n<tr class=\"row-5\">\n\t<td class=\"column-1\">Longueur int\u00e9rieure de la jambe<\/td><td class=\"column-2\">11<\/td><td class=\"column-3\">11,5<\/td><td class=\"column-4\">12<\/td><td class=\"column-5\">13<\/td><td class=\"column-6\">14<\/td>\n<\/tr>\n<tr class=\"row-6\">\n\t<td class=\"column-1\">Tour de hanches<\/td><td class=\"column-2\">108<\/td><td class=\"column-3\">112<\/td><td class=\"column-4\">116<\/td><td class=\"column-5\">120<\/td><td class=\"column-6\">124<\/td>\n<\/tr>\n<\/tbody>\n<\/table>\n\n<p>Conseil d&#8217;entretien<br \/>\nLavage d\u00e9licat \u00e0 30 degr\u00e9s.<br \/>\nNe convient pas au s\u00e8che-linge.<br \/>\nRepasser \u00e0 basse temp\u00e9rature.<\/p>\n","protected":false},"excerpt":{"rendered":"<p>La lingerie qui prot\u00e8ge contre les rayonnements \u00e9lectromagn\u00e9tiques.<\/p>\n<p>Notre mod\u00e8le a une coupe confortable. Il est fabriqu\u00e9 en pur coton et poss\u00e8de une patte de boutonnage et une taille \u00e9lastique douce et surpiqu\u00e9e. Il se pr\u00e9sente dans un bleu et un blanc classiques.<\/p>\n<p>Att\u00e9nuation de l&#8217;\u00e9cran : max. ~45 dB (&gt;99,99 %)<\/p>\n<p>Composition : popeline \u00e0 fils retors<br \/>\n97 % Coton, 3 % Metal (fil de cuivre fin argent\u00e9)<br \/>\nCouleur : blanc, gris-bleu clair<br \/>\nTailles : 48-S, 50-M, 52-L, 54-XL, 56-XXL<\/p>\n","protected":false},"featured_media":364,"template":"","meta":{"inline_featured_image":false,"site-sidebar-layout":"default","site-content-layout":"","ast-site-content-layout":"default","site-content-style":"default","site-sidebar-style":"default","ast-global-header-display":"","ast-banner-title-visibility":"","ast-main-header-display":"","ast-hfb-above-header-display":"","ast-hfb-below-header-display":"","ast-hfb-mobile-header-display":"","site-post-title":"","ast-breadcrumbs-content":"","ast-featured-img":"","footer-sml-layout":"","ast-disable-related-posts":"","theme-transparent-header-meta":"","adv-header-id-meta":"","stick-header-meta":"","header-above-stick-meta":"","header-main-stick-meta":"","header-below-stick-meta":"","astra-migrate-meta-layouts":"default","ast-page-background-enabled":"default","ast-page-background-meta":{"desktop":{"background-color":"var(--ast-global-color-5)","background-image":"","background-repeat":"repeat","background-position":"center center","background-size":"auto","background-attachment":"scroll","background-type":"","background-media":"","overlay-type":"","overlay-color":"","overlay-opacity":"","overlay-gradient":""},"tablet":{"background-color":"","background-image":"","background-repeat":"repeat","background-position":"center center","background-size":"auto","background-attachment":"scroll","background-type":"","background-media":"","overlay-type":"","overlay-color":"","overlay-opacity":"","overlay-gradient":""},"mobile":{"background-color":"","background-image":"","background-repeat":"repeat","background-position":"center center","background-size":"auto","background-attachment":"scroll","background-type":"","background-media":"","overlay-type":"","overlay-color":"","overlay-opacity":"","overlay-gradient":""}},"ast-content-background-meta":{"desktop":{"background-color":"var(--ast-global-color-4)","background-image":"","background-repeat":"repeat","background-position":"center center","background-size":"auto","background-attachment":"scroll","background-type":"","background-media":"","overlay-type":"","overlay-color":"","overlay-opacity":"","overlay-gradient":""},"tablet":{"background-color":"var(--ast-global-color-4)","background-image":"","background-repeat":"repeat","background-position":"center center","background-size":"auto","background-attachment":"scroll","background-type":"","background-media":"","overlay-type":"","overlay-color":"","overlay-opacity":"","overlay-gradient":""},"mobile":{"background-color":"var(--ast-global-color-4)","background-image":"","background-repeat":"repeat","background-position":"center center","background-size":"auto","background-attachment":"scroll","background-type":"","background-media":"","overlay-type":"","overlay-color":"","overlay-opacity":"","overlay-gradient":""}}},"product_brand":[],"product_cat":[186,600,83,185],"product_tag":[208,187,188],"class_list":{"0":"post-7190","1":"product","2":"type-product","3":"status-publish","4":"has-post-thumbnail","6":"product_cat-hommes","7":"product_cat-hommes-vetements-high-tech","8":"product_cat-slider-start-1","9":"product_cat-vetements-high-tech","10":"product_tag-protection-contre-lelectrosmog","11":"product_tag-protection-contre-la-5g","12":"product_tag-vetements-de-protection","13":"product_shipping_class-standardversand","14":"pa_farbe-blanc","15":"pa_farbe-gris-bleu-clair","16":"pa_groesse-l-4","17":"pa_groesse-m-3","18":"pa_groesse-s-3","19":"pa_groesse-xl-3","20":"pa_groesse-xxl-4","21":"desktop-align-left","22":"tablet-align-left","23":"mobile-align-left","25":"first","26":"instock","27":"taxable","28":"shipping-taxable","29":"purchasable","30":"product-type-variable"},"yoast_head":"<!-- This site is optimized with the Yoast SEO plugin v27.4 - https:\/\/yoast.com\/product\/yoast-seo-wordpress\/ -->\n<title>Boxer-short \u00e9cran - Popeline - Elektrosmog-Schutz Onlineshop<\/title>\n<meta name=\"description\" content=\"Boxer de protection contre les radiations pour hommes en popeline\" \/>\n<meta name=\"robots\" content=\"index, follow, max-snippet:-1, max-image-preview:large, max-video-preview:-1\" \/>\n<link rel=\"canonical\" href=\"https:\/\/ecologa-europe.com\/shop\/produkt\/boxer-short-ecran-popeline\/\" \/>\n<meta property=\"og:locale\" content=\"de_DE\" \/>\n<meta property=\"og:type\" content=\"article\" \/>\n<meta property=\"og:title\" content=\"Boxer-short \u00e9cran - Popeline - Elektrosmog-Schutz Onlineshop\" \/>\n<meta property=\"og:description\" content=\"Boxer de protection contre les radiations pour hommes en popeline\" \/>\n<meta property=\"og:url\" content=\"https:\/\/ecologa-europe.com\/shop\/produkt\/boxer-short-ecran-popeline\/?lang=fr\" \/>\n<meta property=\"og:site_name\" content=\"Elektrosmog-Schutz Onlineshop\" \/>\n<meta property=\"article:publisher\" content=\"https:\/\/www.facebook.com\/Ecologa-Europe-GmbH-1604744566252298\/\" \/>\n<meta property=\"article:modified_time\" content=\"2025-05-16T10:38:47+00:00\" \/>\n<meta property=\"og:image\" content=\"https:\/\/ecologa-europe.com\/shop\/wp-content\/uploads\/2025\/04\/boxer_popelin_blau.jpg\" \/>\n\t<meta property=\"og:image:width\" content=\"1205\" \/>\n\t<meta property=\"og:image:height\" content=\"1300\" \/>\n\t<meta property=\"og:image:type\" content=\"image\/jpeg\" \/>\n<meta name=\"twitter:card\" content=\"summary_large_image\" \/>\n<meta name=\"twitter:label1\" content=\"Gesch\u00e4tzte Lesezeit\" \/>\n\t<meta name=\"twitter:data1\" content=\"1\u00a0Minute\" \/>\n<script type=\"application\/ld+json\" class=\"yoast-schema-graph\">{\"@context\":\"https:\\\/\\\/schema.org\",\"@graph\":[{\"@type\":\"WebPage\",\"@id\":\"https:\\\/\\\/ecologa-europe.com\\\/shop\\\/produkt\\\/boxer-short-ecran-popeline\\\/?lang=fr\",\"url\":\"https:\\\/\\\/ecologa-europe.com\\\/shop\\\/produkt\\\/boxer-short-ecran-popeline\\\/?lang=fr\",\"name\":\"Boxer-short \u00e9cran - Popeline - Elektrosmog-Schutz Onlineshop\",\"isPartOf\":{\"@id\":\"https:\\\/\\\/ecologa-europe.com\\\/shop\\\/#website\"},\"primaryImageOfPage\":{\"@id\":\"https:\\\/\\\/ecologa-europe.com\\\/shop\\\/produkt\\\/boxer-short-ecran-popeline\\\/?lang=fr#primaryimage\"},\"image\":{\"@id\":\"https:\\\/\\\/ecologa-europe.com\\\/shop\\\/produkt\\\/boxer-short-ecran-popeline\\\/?lang=fr#primaryimage\"},\"thumbnailUrl\":\"https:\\\/\\\/ecologa-europe.com\\\/shop\\\/wp-content\\\/uploads\\\/2025\\\/04\\\/boxer_popelin_blau.jpg\",\"datePublished\":\"2025-05-16T10:10:14+00:00\",\"dateModified\":\"2025-05-16T10:38:47+00:00\",\"description\":\"Boxer de protection contre les radiations pour hommes en popeline\",\"breadcrumb\":{\"@id\":\"https:\\\/\\\/ecologa-europe.com\\\/shop\\\/produkt\\\/boxer-short-ecran-popeline\\\/?lang=fr#breadcrumb\"},\"inLanguage\":\"de\",\"potentialAction\":[{\"@type\":\"ReadAction\",\"target\":[\"https:\\\/\\\/ecologa-europe.com\\\/shop\\\/produkt\\\/boxer-short-ecran-popeline\\\/?lang=fr\"]}]},{\"@type\":\"ImageObject\",\"inLanguage\":\"de\",\"@id\":\"https:\\\/\\\/ecologa-europe.com\\\/shop\\\/produkt\\\/boxer-short-ecran-popeline\\\/?lang=fr#primaryimage\",\"url\":\"https:\\\/\\\/ecologa-europe.com\\\/shop\\\/wp-content\\\/uploads\\\/2025\\\/04\\\/boxer_popelin_blau.jpg\",\"contentUrl\":\"https:\\\/\\\/ecologa-europe.com\\\/shop\\\/wp-content\\\/uploads\\\/2025\\\/04\\\/boxer_popelin_blau.jpg\",\"width\":1205,\"height\":1300},{\"@type\":\"BreadcrumbList\",\"@id\":\"https:\\\/\\\/ecologa-europe.com\\\/shop\\\/produkt\\\/boxer-short-ecran-popeline\\\/?lang=fr#breadcrumb\",\"itemListElement\":[{\"@type\":\"ListItem\",\"position\":1,\"name\":\"Startseite\",\"item\":\"https:\\\/\\\/ecologa-europe.com\\\/shop\\\/\"},{\"@type\":\"ListItem\",\"position\":2,\"name\":\"Shop\",\"item\":\"https:\\\/\\\/ecologa-europe.com\\\/shop\\\/shop\\\/\"},{\"@type\":\"ListItem\",\"position\":3,\"name\":\"Boxer-short \u00e9cran &#8211; Popeline\"}]},{\"@type\":\"WebSite\",\"@id\":\"https:\\\/\\\/ecologa-europe.com\\\/shop\\\/#website\",\"url\":\"https:\\\/\\\/ecologa-europe.com\\\/shop\\\/\",\"name\":\"Elektrosmog-Schutz Onlineshop\",\"description\":\"Ecologa Europe\",\"publisher\":{\"@id\":\"https:\\\/\\\/ecologa-europe.com\\\/shop\\\/#organization\"},\"potentialAction\":[{\"@type\":\"SearchAction\",\"target\":{\"@type\":\"EntryPoint\",\"urlTemplate\":\"https:\\\/\\\/ecologa-europe.com\\\/shop\\\/?s={search_term_string}\"},\"query-input\":{\"@type\":\"PropertyValueSpecification\",\"valueRequired\":true,\"valueName\":\"search_term_string\"}}],\"inLanguage\":\"de\"},{\"@type\":\"Organization\",\"@id\":\"https:\\\/\\\/ecologa-europe.com\\\/shop\\\/#organization\",\"name\":\"Elektrosmog-Schutz Onlineshop\",\"url\":\"https:\\\/\\\/ecologa-europe.com\\\/shop\\\/\",\"logo\":{\"@type\":\"ImageObject\",\"inLanguage\":\"de\",\"@id\":\"https:\\\/\\\/ecologa-europe.com\\\/shop\\\/#\\\/schema\\\/logo\\\/image\\\/\",\"url\":\"https:\\\/\\\/ecologa-europe.com\\\/shop\\\/wp-content\\\/uploads\\\/2025\\\/04\\\/vertical-navbar-logo.svg\",\"contentUrl\":\"https:\\\/\\\/ecologa-europe.com\\\/shop\\\/wp-content\\\/uploads\\\/2025\\\/04\\\/vertical-navbar-logo.svg\",\"width\":182,\"height\":70,\"caption\":\"Elektrosmog-Schutz Onlineshop\"},\"image\":{\"@id\":\"https:\\\/\\\/ecologa-europe.com\\\/shop\\\/#\\\/schema\\\/logo\\\/image\\\/\"},\"sameAs\":[\"https:\\\/\\\/www.facebook.com\\\/Ecologa-Europe-GmbH-1604744566252298\\\/\",\"https:\\\/\\\/www.instagram.com\\\/ecologaeurope\\\/\"]}]}<\/script>\n<!-- \/ Yoast SEO plugin. -->","yoast_head_json":{"title":"Boxer-short \u00e9cran - Popeline - Elektrosmog-Schutz Onlineshop","description":"Boxer de protection contre les radiations pour hommes en popeline","robots":{"index":"index","follow":"follow","max-snippet":"max-snippet:-1","max-image-preview":"max-image-preview:large","max-video-preview":"max-video-preview:-1"},"canonical":"https:\/\/ecologa-europe.com\/shop\/produkt\/boxer-short-ecran-popeline\/","og_locale":"de_DE","og_type":"article","og_title":"Boxer-short \u00e9cran - Popeline - Elektrosmog-Schutz Onlineshop","og_description":"Boxer de protection contre les radiations pour hommes en popeline","og_url":"https:\/\/ecologa-europe.com\/shop\/produkt\/boxer-short-ecran-popeline\/?lang=fr","og_site_name":"Elektrosmog-Schutz Onlineshop","article_publisher":"https:\/\/www.facebook.com\/Ecologa-Europe-GmbH-1604744566252298\/","article_modified_time":"2025-05-16T10:38:47+00:00","og_image":[{"width":1205,"height":1300,"url":"https:\/\/ecologa-europe.com\/shop\/wp-content\/uploads\/2025\/04\/boxer_popelin_blau.jpg","type":"image\/jpeg"}],"twitter_card":"summary_large_image","twitter_misc":{"Gesch\u00e4tzte Lesezeit":"1\u00a0Minute"},"schema":{"@context":"https:\/\/schema.org","@graph":[{"@type":"WebPage","@id":"https:\/\/ecologa-europe.com\/shop\/produkt\/boxer-short-ecran-popeline\/?lang=fr","url":"https:\/\/ecologa-europe.com\/shop\/produkt\/boxer-short-ecran-popeline\/?lang=fr","name":"Boxer-short \u00e9cran - Popeline - Elektrosmog-Schutz Onlineshop","isPartOf":{"@id":"https:\/\/ecologa-europe.com\/shop\/#website"},"primaryImageOfPage":{"@id":"https:\/\/ecologa-europe.com\/shop\/produkt\/boxer-short-ecran-popeline\/?lang=fr#primaryimage"},"image":{"@id":"https:\/\/ecologa-europe.com\/shop\/produkt\/boxer-short-ecran-popeline\/?lang=fr#primaryimage"},"thumbnailUrl":"https:\/\/ecologa-europe.com\/shop\/wp-content\/uploads\/2025\/04\/boxer_popelin_blau.jpg","datePublished":"2025-05-16T10:10:14+00:00","dateModified":"2025-05-16T10:38:47+00:00","description":"Boxer de protection contre les radiations pour hommes en popeline","breadcrumb":{"@id":"https:\/\/ecologa-europe.com\/shop\/produkt\/boxer-short-ecran-popeline\/?lang=fr#breadcrumb"},"inLanguage":"de","potentialAction":[{"@type":"ReadAction","target":["https:\/\/ecologa-europe.com\/shop\/produkt\/boxer-short-ecran-popeline\/?lang=fr"]}]},{"@type":"ImageObject","inLanguage":"de","@id":"https:\/\/ecologa-europe.com\/shop\/produkt\/boxer-short-ecran-popeline\/?lang=fr#primaryimage","url":"https:\/\/ecologa-europe.com\/shop\/wp-content\/uploads\/2025\/04\/boxer_popelin_blau.jpg","contentUrl":"https:\/\/ecologa-europe.com\/shop\/wp-content\/uploads\/2025\/04\/boxer_popelin_blau.jpg","width":1205,"height":1300},{"@type":"BreadcrumbList","@id":"https:\/\/ecologa-europe.com\/shop\/produkt\/boxer-short-ecran-popeline\/?lang=fr#breadcrumb","itemListElement":[{"@type":"ListItem","position":1,"name":"Startseite","item":"https:\/\/ecologa-europe.com\/shop\/"},{"@type":"ListItem","position":2,"name":"Shop","item":"https:\/\/ecologa-europe.com\/shop\/shop\/"},{"@type":"ListItem","position":3,"name":"Boxer-short \u00e9cran &#8211; Popeline"}]},{"@type":"WebSite","@id":"https:\/\/ecologa-europe.com\/shop\/#website","url":"https:\/\/ecologa-europe.com\/shop\/","name":"Elektrosmog-Schutz Onlineshop","description":"Ecologa Europe","publisher":{"@id":"https:\/\/ecologa-europe.com\/shop\/#organization"},"potentialAction":[{"@type":"SearchAction","target":{"@type":"EntryPoint","urlTemplate":"https:\/\/ecologa-europe.com\/shop\/?s={search_term_string}"},"query-input":{"@type":"PropertyValueSpecification","valueRequired":true,"valueName":"search_term_string"}}],"inLanguage":"de"},{"@type":"Organization","@id":"https:\/\/ecologa-europe.com\/shop\/#organization","name":"Elektrosmog-Schutz Onlineshop","url":"https:\/\/ecologa-europe.com\/shop\/","logo":{"@type":"ImageObject","inLanguage":"de","@id":"https:\/\/ecologa-europe.com\/shop\/#\/schema\/logo\/image\/","url":"https:\/\/ecologa-europe.com\/shop\/wp-content\/uploads\/2025\/04\/vertical-navbar-logo.svg","contentUrl":"https:\/\/ecologa-europe.com\/shop\/wp-content\/uploads\/2025\/04\/vertical-navbar-logo.svg","width":182,"height":70,"caption":"Elektrosmog-Schutz Onlineshop"},"image":{"@id":"https:\/\/ecologa-europe.com\/shop\/#\/schema\/logo\/image\/"},"sameAs":["https:\/\/www.facebook.com\/Ecologa-Europe-GmbH-1604744566252298\/","https:\/\/www.instagram.com\/ecologaeurope\/"]}]}},"_links":{"self":[{"href":"https:\/\/ecologa-europe.com\/shop\/wp-json\/wp\/v2\/product\/7190","targetHints":{"allow":["GET"]}}],"collection":[{"href":"https:\/\/ecologa-europe.com\/shop\/wp-json\/wp\/v2\/product"}],"about":[{"href":"https:\/\/ecologa-europe.com\/shop\/wp-json\/wp\/v2\/types\/product"}],"wp:featuredmedia":[{"embeddable":true,"href":"https:\/\/ecologa-europe.com\/shop\/wp-json\/wp\/v2\/media\/364"}],"wp:attachment":[{"href":"https:\/\/ecologa-europe.com\/shop\/wp-json\/wp\/v2\/media?parent=7190"}],"wp:term":[{"taxonomy":"product_brand","embeddable":true,"href":"https:\/\/ecologa-europe.com\/shop\/wp-json\/wp\/v2\/product_brand?post=7190"},{"taxonomy":"product_cat","embeddable":true,"href":"https:\/\/ecologa-europe.com\/shop\/wp-json\/wp\/v2\/product_cat?post=7190"},{"taxonomy":"product_tag","embeddable":true,"href":"https:\/\/ecologa-europe.com\/shop\/wp-json\/wp\/v2\/product_tag?post=7190"}],"curies":[{"name":"wp","href":"https:\/\/api.w.org\/{rel}","templated":true}]}}