{"id":7301,"date":"2025-05-16T10:15:32","date_gmt":"2025-05-16T10:15:32","guid":{"rendered":"https:\/\/639.pm-domains.de\/?post_type=product&#038;p=7301"},"modified":"2025-05-16T10:41:06","modified_gmt":"2025-05-16T10:41:06","slug":"tapis-de-sol-pour-baldaquin-hf","status":"publish","type":"product","link":"https:\/\/ecologa-europe.com\/shop\/produkt\/tapis-de-sol-pour-baldaquin-hf\/?lang=fr","title":{"rendered":"Tapis de sol pour baldaquin HF"},"content":{"rendered":"<p>Tapis de sol pour baldaquin adapt\u00e9 \u00e0 tous nos baldaquins Ecologa, fabriqu\u00e9s \u00e0 partir des tissus de protection Voile et Linon.<\/p>\n<p>Pour le blindage de grandes surfaces d&#8217;ondes \u00e9lectromagn\u00e9tiques \u00e0 haute fr\u00e9quence, de champs \u00e9lectriques alternatifs \u00e0 basse fr\u00e9quence et de charges statiques.<br \/>\nConvient aux fr\u00e9quences 5G<br \/>\nTr\u00e8s bonne r\u00e9sistance \u00e0 la d\u00e9chirure pour une qualit\u00e9 souple<br \/>\nPropri\u00e9t\u00e9s 100 % textiles<\/p>\n<p>L&#8217;att\u00e9nuation du blindage de cette construction tiss\u00e9e tr\u00e8s ouverte est inhabituellement \u00e9lev\u00e9e et ind\u00e9pendante de la direction. Gr\u00e2ce aux fils fins de polyamide int\u00e9gr\u00e9s et rev\u00eatus d&#8217;argent pur, ce tricot a un effet antistatique et est exempt de nanotechnologie.<\/p>\n<p>Veuillez noter que pour les baldaquins non contactables (pouvant \u00eatre mis \u00e0 la terre), le support du baldaquin ne doit pas non plus \u00eatre mis \u00e0 la terre, car il peut y avoir un entra\u00eenement de champ.<br \/>\nLes filaments d&#8217;acier inoxydable tiss\u00e9s prot\u00e8gent le textile contre les effets m\u00e9caniques et la corrosion et augmentent la r\u00e9sistance au lavage.<\/p>\n<p>Ce tapis de sol est pos\u00e9 directement sur le sol sous le lit.<br \/>\nNous recommandons de poser une fine moquette sur le support afin de le prot\u00e9ger contre les influences m\u00e9caniques.<\/p>\n<p>Description :<br \/>\nLit simple 2,20 m x 1,10 m<br \/>\nLit double 2,20 m x 2,20 m<br \/>\nAutres dimensions sur demande !<\/p>\n<p>Donn\u00e9es techniques :<br \/>\nMat\u00e9riau : 92 % polyester, 8 % acier<br \/>\nCouleur : gris clair<br \/>\nNormes de contr\u00f4le : MIL-STD 285, NSA 65-6<br \/>\nAtt\u00e9nuation de l&#8217;\u00e9cran : max. 42 dB (99,99 %)<br \/>\nNorme OEKO-TEX 100<br \/>\nFabriqu\u00e9 en Allemagne<\/p>\n<p>Conseils d&#8217;entretien :<br \/>\nLe tissu peut \u00eatre lav\u00e9 \u00e0 30\u00b0C en cycle d\u00e9licat. Le tissu ne doit cependant pas \u00eatre essor\u00e9 ou s\u00e9ch\u00e9 en machine.<br \/>\nUne m\u00e9canique trop importante pourrait entra\u00eener des ruptures de fils.<br \/>\nPAS de d\u00e9tergents agressifs ou de chlore !<\/p>\n","protected":false},"excerpt":{"rendered":"<p>Tapis de sol pour baldaquin adapt\u00e9 \u00e0 tous nos baldaquins Ecologa, fabriqu\u00e9s \u00e0 partir des tissus de protection Voile et Linon.<\/p>\n<p>Pour le blindage de grandes surfaces d&#8217;ondes \u00e9lectromagn\u00e9tiques \u00e0 haute fr\u00e9quence, de champs \u00e9lectriques alternatifs \u00e0 basse fr\u00e9quence et de charges statiques.<br \/>\nConvient aux fr\u00e9quences 5G<br \/>\nTr\u00e8s bonne r\u00e9sistance \u00e0 la d\u00e9chirure pour une qualit\u00e9 souple<br \/>\nPropri\u00e9t\u00e9s 100 % textiles<\/p>\n<p>Lit simple 2,20 m x 1,10 m<br \/>\nLit double 2,20 m x 2,20 m<br \/>\nAutres dimensions sur demande !<\/p>\n<p>Att\u00e9nuation de l&#8217;\u00e9cran : max. 42 dB (99,99 %)<br \/>\nNorme OEKO-TEX 100<br \/>\nFabriqu\u00e9 en Allemagne<\/p>\n","protected":false},"featured_media":1669,"template":"","meta":{"inline_featured_image":false,"site-sidebar-layout":"default","site-content-layout":"","ast-site-content-layout":"default","site-content-style":"default","site-sidebar-style":"default","ast-global-header-display":"","ast-banner-title-visibility":"","ast-main-header-display":"","ast-hfb-above-header-display":"","ast-hfb-below-header-display":"","ast-hfb-mobile-header-display":"","site-post-title":"","ast-breadcrumbs-content":"","ast-featured-img":"","footer-sml-layout":"","ast-disable-related-posts":"","theme-transparent-header-meta":"default","adv-header-id-meta":"","stick-header-meta":"","header-above-stick-meta":"","header-main-stick-meta":"","header-below-stick-meta":"","astra-migrate-meta-layouts":"default","ast-page-background-enabled":"default","ast-page-background-meta":{"desktop":{"background-color":"var(--ast-global-color-5)","background-image":"","background-repeat":"repeat","background-position":"center center","background-size":"auto","background-attachment":"scroll","background-type":"","background-media":"","overlay-type":"","overlay-color":"","overlay-opacity":"","overlay-gradient":""},"tablet":{"background-color":"","background-image":"","background-repeat":"repeat","background-position":"center center","background-size":"auto","background-attachment":"scroll","background-type":"","background-media":"","overlay-type":"","overlay-color":"","overlay-opacity":"","overlay-gradient":""},"mobile":{"background-color":"","background-image":"","background-repeat":"repeat","background-position":"center center","background-size":"auto","background-attachment":"scroll","background-type":"","background-media":"","overlay-type":"","overlay-color":"","overlay-opacity":"","overlay-gradient":""}},"ast-content-background-meta":{"desktop":{"background-color":"var(--ast-global-color-4)","background-image":"","background-repeat":"repeat","background-position":"center center","background-size":"auto","background-attachment":"scroll","background-type":"","background-media":"","overlay-type":"","overlay-color":"","overlay-opacity":"","overlay-gradient":""},"tablet":{"background-color":"var(--ast-global-color-4)","background-image":"","background-repeat":"repeat","background-position":"center center","background-size":"auto","background-attachment":"scroll","background-type":"","background-media":"","overlay-type":"","overlay-color":"","overlay-opacity":"","overlay-gradient":""},"mobile":{"background-color":"var(--ast-global-color-4)","background-image":"","background-repeat":"repeat","background-position":"center center","background-size":"auto","background-attachment":"scroll","background-type":"","background-media":"","overlay-type":"","overlay-color":"","overlay-opacity":"","overlay-gradient":""}}},"product_brand":[],"product_cat":[411,598,639,638],"product_tag":[208,187,291],"class_list":{"0":"post-7301","1":"product","2":"type-product","3":"status-publish","4":"has-post-thumbnail","6":"product_cat-accessoires-de-mise-a-la-terre-pour-baldaquins","7":"product_cat-baldaquins-anti-ondes","8":"product_cat-baldaquins-pour-lits-1-personne","9":"product_cat-baldaquins-pour-lits-double","10":"product_tag-protection-contre-lelectrosmog","11":"product_tag-protection-contre-la-5g","12":"product_tag-sommeil-sain","13":"product_shipping_class-standardversand","14":"pa_groesse-double-bed","15":"pa_groesse-single-bed","16":"desktop-align-left","17":"tablet-align-left","18":"mobile-align-left","20":"first","21":"outofstock","22":"taxable","23":"shipping-taxable","24":"purchasable","25":"product-type-variable"},"yoast_head":"<!-- This site is optimized with the Yoast SEO plugin v27.4 - https:\/\/yoast.com\/product\/yoast-seo-wordpress\/ -->\n<title>Tapis de sol pour baldaquin HF - Elektrosmog-Schutz Onlineshop<\/title>\n<meta name=\"robots\" content=\"index, follow, max-snippet:-1, max-image-preview:large, max-video-preview:-1\" \/>\n<link rel=\"canonical\" href=\"https:\/\/ecologa-europe.com\/shop\/produkt\/tapis-de-sol-pour-baldaquin-hf\/\" \/>\n<meta property=\"og:locale\" content=\"de_DE\" \/>\n<meta property=\"og:type\" content=\"article\" \/>\n<meta property=\"og:title\" content=\"Tapis de sol pour baldaquin HF - Elektrosmog-Schutz Onlineshop\" \/>\n<meta property=\"og:description\" content=\"Tapis de sol pour baldaquin adapt\u00e9 \u00e0 tous nos baldaquins Ecologa, fabriqu\u00e9s \u00e0 partir des tissus de protection Voile et Linon.  Pour le blindage de grandes surfaces d&#039;ondes \u00e9lectromagn\u00e9tiques \u00e0 haute fr\u00e9quence, de champs \u00e9lectriques alternatifs \u00e0 basse fr\u00e9quence et de charges statiques. Convient aux fr\u00e9quences 5G Tr\u00e8s bonne r\u00e9sistance \u00e0 la d\u00e9chirure pour une qualit\u00e9 souple Propri\u00e9t\u00e9s 100 % textiles  Lit simple 2,20 m x 1,10 m Lit double 2,20 m x 2,20 m Autres dimensions sur demande !  Att\u00e9nuation de l&#039;\u00e9cran : max. 42 dB (99,99 %) Norme OEKO-TEX 100 Fabriqu\u00e9 en Allemagne\" \/>\n<meta property=\"og:url\" content=\"https:\/\/ecologa-europe.com\/shop\/produkt\/tapis-de-sol-pour-baldaquin-hf\/?lang=fr\" \/>\n<meta property=\"og:site_name\" content=\"Elektrosmog-Schutz Onlineshop\" \/>\n<meta property=\"article:publisher\" content=\"https:\/\/www.facebook.com\/Ecologa-Europe-GmbH-1604744566252298\/\" \/>\n<meta property=\"article:modified_time\" content=\"2025-05-16T10:41:06+00:00\" \/>\n<meta property=\"og:image\" content=\"https:\/\/ecologa-europe.com\/shop\/wp-content\/uploads\/2025\/04\/Baldachinunterlage_HF_L.jpg\" \/>\n\t<meta property=\"og:image:width\" content=\"1772\" \/>\n\t<meta property=\"og:image:height\" content=\"1280\" \/>\n\t<meta property=\"og:image:type\" content=\"image\/jpeg\" \/>\n<meta name=\"twitter:card\" content=\"summary_large_image\" \/>\n<meta name=\"twitter:label1\" content=\"Gesch\u00e4tzte Lesezeit\" \/>\n\t<meta name=\"twitter:data1\" content=\"1\u00a0Minute\" \/>\n<script type=\"application\/ld+json\" class=\"yoast-schema-graph\">{\"@context\":\"https:\\\/\\\/schema.org\",\"@graph\":[{\"@type\":\"WebPage\",\"@id\":\"https:\\\/\\\/ecologa-europe.com\\\/shop\\\/produkt\\\/tapis-de-sol-pour-baldaquin-hf\\\/?lang=fr\",\"url\":\"https:\\\/\\\/ecologa-europe.com\\\/shop\\\/produkt\\\/tapis-de-sol-pour-baldaquin-hf\\\/?lang=fr\",\"name\":\"Tapis de sol pour baldaquin HF - Elektrosmog-Schutz Onlineshop\",\"isPartOf\":{\"@id\":\"https:\\\/\\\/ecologa-europe.com\\\/shop\\\/#website\"},\"primaryImageOfPage\":{\"@id\":\"https:\\\/\\\/ecologa-europe.com\\\/shop\\\/produkt\\\/tapis-de-sol-pour-baldaquin-hf\\\/?lang=fr#primaryimage\"},\"image\":{\"@id\":\"https:\\\/\\\/ecologa-europe.com\\\/shop\\\/produkt\\\/tapis-de-sol-pour-baldaquin-hf\\\/?lang=fr#primaryimage\"},\"thumbnailUrl\":\"https:\\\/\\\/ecologa-europe.com\\\/shop\\\/wp-content\\\/uploads\\\/2025\\\/04\\\/Baldachinunterlage_HF_L.jpg\",\"datePublished\":\"2025-05-16T10:15:32+00:00\",\"dateModified\":\"2025-05-16T10:41:06+00:00\",\"breadcrumb\":{\"@id\":\"https:\\\/\\\/ecologa-europe.com\\\/shop\\\/produkt\\\/tapis-de-sol-pour-baldaquin-hf\\\/?lang=fr#breadcrumb\"},\"inLanguage\":\"de\",\"potentialAction\":[{\"@type\":\"ReadAction\",\"target\":[\"https:\\\/\\\/ecologa-europe.com\\\/shop\\\/produkt\\\/tapis-de-sol-pour-baldaquin-hf\\\/?lang=fr\"]}]},{\"@type\":\"ImageObject\",\"inLanguage\":\"de\",\"@id\":\"https:\\\/\\\/ecologa-europe.com\\\/shop\\\/produkt\\\/tapis-de-sol-pour-baldaquin-hf\\\/?lang=fr#primaryimage\",\"url\":\"https:\\\/\\\/ecologa-europe.com\\\/shop\\\/wp-content\\\/uploads\\\/2025\\\/04\\\/Baldachinunterlage_HF_L.jpg\",\"contentUrl\":\"https:\\\/\\\/ecologa-europe.com\\\/shop\\\/wp-content\\\/uploads\\\/2025\\\/04\\\/Baldachinunterlage_HF_L.jpg\",\"width\":1772,\"height\":1280},{\"@type\":\"BreadcrumbList\",\"@id\":\"https:\\\/\\\/ecologa-europe.com\\\/shop\\\/produkt\\\/tapis-de-sol-pour-baldaquin-hf\\\/?lang=fr#breadcrumb\",\"itemListElement\":[{\"@type\":\"ListItem\",\"position\":1,\"name\":\"Startseite\",\"item\":\"https:\\\/\\\/ecologa-europe.com\\\/shop\\\/\"},{\"@type\":\"ListItem\",\"position\":2,\"name\":\"Shop\",\"item\":\"https:\\\/\\\/ecologa-europe.com\\\/shop\\\/shop\\\/\"},{\"@type\":\"ListItem\",\"position\":3,\"name\":\"Tapis de sol pour baldaquin HF\"}]},{\"@type\":\"WebSite\",\"@id\":\"https:\\\/\\\/ecologa-europe.com\\\/shop\\\/#website\",\"url\":\"https:\\\/\\\/ecologa-europe.com\\\/shop\\\/\",\"name\":\"Elektrosmog-Schutz Onlineshop\",\"description\":\"Ecologa Europe\",\"publisher\":{\"@id\":\"https:\\\/\\\/ecologa-europe.com\\\/shop\\\/#organization\"},\"potentialAction\":[{\"@type\":\"SearchAction\",\"target\":{\"@type\":\"EntryPoint\",\"urlTemplate\":\"https:\\\/\\\/ecologa-europe.com\\\/shop\\\/?s={search_term_string}\"},\"query-input\":{\"@type\":\"PropertyValueSpecification\",\"valueRequired\":true,\"valueName\":\"search_term_string\"}}],\"inLanguage\":\"de\"},{\"@type\":\"Organization\",\"@id\":\"https:\\\/\\\/ecologa-europe.com\\\/shop\\\/#organization\",\"name\":\"Elektrosmog-Schutz Onlineshop\",\"url\":\"https:\\\/\\\/ecologa-europe.com\\\/shop\\\/\",\"logo\":{\"@type\":\"ImageObject\",\"inLanguage\":\"de\",\"@id\":\"https:\\\/\\\/ecologa-europe.com\\\/shop\\\/#\\\/schema\\\/logo\\\/image\\\/\",\"url\":\"https:\\\/\\\/ecologa-europe.com\\\/shop\\\/wp-content\\\/uploads\\\/2025\\\/04\\\/vertical-navbar-logo.svg\",\"contentUrl\":\"https:\\\/\\\/ecologa-europe.com\\\/shop\\\/wp-content\\\/uploads\\\/2025\\\/04\\\/vertical-navbar-logo.svg\",\"width\":182,\"height\":70,\"caption\":\"Elektrosmog-Schutz Onlineshop\"},\"image\":{\"@id\":\"https:\\\/\\\/ecologa-europe.com\\\/shop\\\/#\\\/schema\\\/logo\\\/image\\\/\"},\"sameAs\":[\"https:\\\/\\\/www.facebook.com\\\/Ecologa-Europe-GmbH-1604744566252298\\\/\",\"https:\\\/\\\/www.instagram.com\\\/ecologaeurope\\\/\"]}]}<\/script>\n<!-- \/ Yoast SEO plugin. -->","yoast_head_json":{"title":"Tapis de sol pour baldaquin HF - Elektrosmog-Schutz Onlineshop","robots":{"index":"index","follow":"follow","max-snippet":"max-snippet:-1","max-image-preview":"max-image-preview:large","max-video-preview":"max-video-preview:-1"},"canonical":"https:\/\/ecologa-europe.com\/shop\/produkt\/tapis-de-sol-pour-baldaquin-hf\/","og_locale":"de_DE","og_type":"article","og_title":"Tapis de sol pour baldaquin HF - Elektrosmog-Schutz Onlineshop","og_description":"Tapis de sol pour baldaquin adapt\u00e9 \u00e0 tous nos baldaquins Ecologa, fabriqu\u00e9s \u00e0 partir des tissus de protection Voile et Linon.  Pour le blindage de grandes surfaces d'ondes \u00e9lectromagn\u00e9tiques \u00e0 haute fr\u00e9quence, de champs \u00e9lectriques alternatifs \u00e0 basse fr\u00e9quence et de charges statiques. Convient aux fr\u00e9quences 5G Tr\u00e8s bonne r\u00e9sistance \u00e0 la d\u00e9chirure pour une qualit\u00e9 souple Propri\u00e9t\u00e9s 100 % textiles  Lit simple 2,20 m x 1,10 m Lit double 2,20 m x 2,20 m Autres dimensions sur demande !  Att\u00e9nuation de l'\u00e9cran : max. 42 dB (99,99 %) Norme OEKO-TEX 100 Fabriqu\u00e9 en Allemagne","og_url":"https:\/\/ecologa-europe.com\/shop\/produkt\/tapis-de-sol-pour-baldaquin-hf\/?lang=fr","og_site_name":"Elektrosmog-Schutz Onlineshop","article_publisher":"https:\/\/www.facebook.com\/Ecologa-Europe-GmbH-1604744566252298\/","article_modified_time":"2025-05-16T10:41:06+00:00","og_image":[{"width":1772,"height":1280,"url":"https:\/\/ecologa-europe.com\/shop\/wp-content\/uploads\/2025\/04\/Baldachinunterlage_HF_L.jpg","type":"image\/jpeg"}],"twitter_card":"summary_large_image","twitter_misc":{"Gesch\u00e4tzte Lesezeit":"1\u00a0Minute"},"schema":{"@context":"https:\/\/schema.org","@graph":[{"@type":"WebPage","@id":"https:\/\/ecologa-europe.com\/shop\/produkt\/tapis-de-sol-pour-baldaquin-hf\/?lang=fr","url":"https:\/\/ecologa-europe.com\/shop\/produkt\/tapis-de-sol-pour-baldaquin-hf\/?lang=fr","name":"Tapis de sol pour baldaquin HF - Elektrosmog-Schutz Onlineshop","isPartOf":{"@id":"https:\/\/ecologa-europe.com\/shop\/#website"},"primaryImageOfPage":{"@id":"https:\/\/ecologa-europe.com\/shop\/produkt\/tapis-de-sol-pour-baldaquin-hf\/?lang=fr#primaryimage"},"image":{"@id":"https:\/\/ecologa-europe.com\/shop\/produkt\/tapis-de-sol-pour-baldaquin-hf\/?lang=fr#primaryimage"},"thumbnailUrl":"https:\/\/ecologa-europe.com\/shop\/wp-content\/uploads\/2025\/04\/Baldachinunterlage_HF_L.jpg","datePublished":"2025-05-16T10:15:32+00:00","dateModified":"2025-05-16T10:41:06+00:00","breadcrumb":{"@id":"https:\/\/ecologa-europe.com\/shop\/produkt\/tapis-de-sol-pour-baldaquin-hf\/?lang=fr#breadcrumb"},"inLanguage":"de","potentialAction":[{"@type":"ReadAction","target":["https:\/\/ecologa-europe.com\/shop\/produkt\/tapis-de-sol-pour-baldaquin-hf\/?lang=fr"]}]},{"@type":"ImageObject","inLanguage":"de","@id":"https:\/\/ecologa-europe.com\/shop\/produkt\/tapis-de-sol-pour-baldaquin-hf\/?lang=fr#primaryimage","url":"https:\/\/ecologa-europe.com\/shop\/wp-content\/uploads\/2025\/04\/Baldachinunterlage_HF_L.jpg","contentUrl":"https:\/\/ecologa-europe.com\/shop\/wp-content\/uploads\/2025\/04\/Baldachinunterlage_HF_L.jpg","width":1772,"height":1280},{"@type":"BreadcrumbList","@id":"https:\/\/ecologa-europe.com\/shop\/produkt\/tapis-de-sol-pour-baldaquin-hf\/?lang=fr#breadcrumb","itemListElement":[{"@type":"ListItem","position":1,"name":"Startseite","item":"https:\/\/ecologa-europe.com\/shop\/"},{"@type":"ListItem","position":2,"name":"Shop","item":"https:\/\/ecologa-europe.com\/shop\/shop\/"},{"@type":"ListItem","position":3,"name":"Tapis de sol pour baldaquin HF"}]},{"@type":"WebSite","@id":"https:\/\/ecologa-europe.com\/shop\/#website","url":"https:\/\/ecologa-europe.com\/shop\/","name":"Elektrosmog-Schutz Onlineshop","description":"Ecologa Europe","publisher":{"@id":"https:\/\/ecologa-europe.com\/shop\/#organization"},"potentialAction":[{"@type":"SearchAction","target":{"@type":"EntryPoint","urlTemplate":"https:\/\/ecologa-europe.com\/shop\/?s={search_term_string}"},"query-input":{"@type":"PropertyValueSpecification","valueRequired":true,"valueName":"search_term_string"}}],"inLanguage":"de"},{"@type":"Organization","@id":"https:\/\/ecologa-europe.com\/shop\/#organization","name":"Elektrosmog-Schutz Onlineshop","url":"https:\/\/ecologa-europe.com\/shop\/","logo":{"@type":"ImageObject","inLanguage":"de","@id":"https:\/\/ecologa-europe.com\/shop\/#\/schema\/logo\/image\/","url":"https:\/\/ecologa-europe.com\/shop\/wp-content\/uploads\/2025\/04\/vertical-navbar-logo.svg","contentUrl":"https:\/\/ecologa-europe.com\/shop\/wp-content\/uploads\/2025\/04\/vertical-navbar-logo.svg","width":182,"height":70,"caption":"Elektrosmog-Schutz Onlineshop"},"image":{"@id":"https:\/\/ecologa-europe.com\/shop\/#\/schema\/logo\/image\/"},"sameAs":["https:\/\/www.facebook.com\/Ecologa-Europe-GmbH-1604744566252298\/","https:\/\/www.instagram.com\/ecologaeurope\/"]}]}},"_links":{"self":[{"href":"https:\/\/ecologa-europe.com\/shop\/wp-json\/wp\/v2\/product\/7301","targetHints":{"allow":["GET"]}}],"collection":[{"href":"https:\/\/ecologa-europe.com\/shop\/wp-json\/wp\/v2\/product"}],"about":[{"href":"https:\/\/ecologa-europe.com\/shop\/wp-json\/wp\/v2\/types\/product"}],"wp:featuredmedia":[{"embeddable":true,"href":"https:\/\/ecologa-europe.com\/shop\/wp-json\/wp\/v2\/media\/1669"}],"wp:attachment":[{"href":"https:\/\/ecologa-europe.com\/shop\/wp-json\/wp\/v2\/media?parent=7301"}],"wp:term":[{"taxonomy":"product_brand","embeddable":true,"href":"https:\/\/ecologa-europe.com\/shop\/wp-json\/wp\/v2\/product_brand?post=7301"},{"taxonomy":"product_cat","embeddable":true,"href":"https:\/\/ecologa-europe.com\/shop\/wp-json\/wp\/v2\/product_cat?post=7301"},{"taxonomy":"product_tag","embeddable":true,"href":"https:\/\/ecologa-europe.com\/shop\/wp-json\/wp\/v2\/product_tag?post=7301"}],"curies":[{"name":"wp","href":"https:\/\/api.w.org\/{rel}","templated":true}]}}