{"id":7339,"date":"2025-05-16T10:15:32","date_gmt":"2025-05-16T10:15:32","guid":{"rendered":"https:\/\/639.pm-domains.de\/?post_type=product&#038;p=7339"},"modified":"2025-05-16T10:41:08","modified_gmt":"2025-05-16T10:41:08","slug":"realiser-soi-meme-un-baldaquin-de-protection","status":"publish","type":"product","link":"https:\/\/ecologa-europe.com\/shop\/produkt\/realiser-soi-meme-un-baldaquin-de-protection\/?lang=fr","title":{"rendered":"R\u00e9aliser soi-m\u00eame un baldaquin de protection"},"content":{"rendered":"<p>R\u00e9aliser soi-m\u00eame un baldaquin \u00e9cran<\/p>\n<p>Chacun d&#8217;entre nous a d\u00e9j\u00e0 r\u00eav\u00e9 d&#8217;un lit \u00e0 baldaquin. C&#8217;est une id\u00e9e g\u00e9niale, car passer la nuit dans un lit \u00e0 baldaquin a un effet positif, apporte l&#8217;harmonie et renforce notre force vitale.<br \/>\nDe plus, gr\u00e2ce \u00e0 nos tissus de protection, vous b\u00e9n\u00e9ficiez d&#8217;une protection optimale contre la pollution par l&#8217;\u00e9lectrosmog.<\/p>\n<p>L&#8217;extension des r\u00e9seaux de t\u00e9l\u00e9phonie mobile et le nouveau r\u00e9seau 5G ont contribu\u00e9 \u00e0 ce que de nombreuses personnes dans les pays industrialis\u00e9s se pr\u00e9occupent de plus en plus du th\u00e8me de l&#8217;\u00e9lectrosmog.<br \/>\nL&#8217;\u00e9lectrosmog, qu&#8217;il s&#8217;agisse de hautes ou de basses fr\u00e9quences, est synonyme de stress accru pour le corps. Cela peut entra\u00eener des r\u00e9actions psychiques et physiques.<br \/>\nHeureusement, il est possible de se prot\u00e9ger avec des moyens relativement simples.<\/p>\n<p>Par exemple, un baldaquin \u00e9cran pour prot\u00e9ger le lit, car le souhait d&#8217;un sommeil calme et sain est toujours prioritaire.<\/p>\n<p>Pour cette raison, vous ne faites pas d&#8217;erreur en confectionnant votre propre baldaquin.<\/p>\n<p>Avant tout, il vous suffit de faire preuve de votre propre cr\u00e9ativit\u00e9. Dans notre rubrique &#8222;Baldaquin sur mesure&#8220;, nous vous montrons comment vous pourriez r\u00e9aliser vos propres r\u00eaves. Laissez libre cours \u00e0 votre imagination. et cr\u00e9ez votre lit personnel.<\/p>\n<p>Les tissus de protection que vous pouvez utiliser \u00e0 cet effet sont :<br \/>\nTissu \u00e9cran Veil<br \/>\nTissu \u00e9cran Linon<br \/>\nTissu \u00e9cran Argent 110<\/p>\n<p>Vous les trouverez dans notre rubrique Tissus et tissus.<\/p>\n<p>Amusez-vous bien !<\/p>\n","protected":false},"excerpt":{"rendered":"<p>Chacun d&#8217;entre nous a d\u00e9j\u00e0 r\u00eav\u00e9 d&#8217;un lit \u00e0 baldaquin. C&#8217;est une id\u00e9e g\u00e9niale, car passer la nuit dans un lit \u00e0 baldaquin a un effet positif, apporte l&#8217;harmonie et renforce notre force vitale.<br \/>\nDe plus, gr\u00e2ce \u00e0 nos tissus de protection, vous b\u00e9n\u00e9ficiez d&#8217;une protection optimale contre la pollution par l&#8217;\u00e9lectrosmog.<\/p>\n<p>Pour cette raison, vous ne faites pas d&#8217;erreur en confectionnant votre propre baldaquin.<\/p>\n<p>Avant tout, il vous suffit de faire preuve de votre propre cr\u00e9ativit\u00e9. Dans notre rubrique &#8222;Baldaquin sur mesure&#8220;, nous vous montrons comment vous pourriez r\u00e9aliser vos propres r\u00eaves. Laissez libre cours \u00e0 votre imagination. et cr\u00e9ez votre lit personnel.<\/p>\n<p>Les tissus de protection que vous pouvez utiliser \u00e0 cet effet sont :<br \/>\nTissu \u00e9cran Veil<br \/>\nTissu \u00e9cran Linon<br \/>\nTissu \u00e9cran Argent 110<\/p>\n<p>Vous les trouverez dans notre rubrique Tissus et tissus.<\/p>\n<p>Amusez-vous bien !<\/p>\n","protected":false},"featured_media":691,"template":"","meta":{"inline_featured_image":false,"site-sidebar-layout":"default","site-content-layout":"","ast-site-content-layout":"default","site-content-style":"default","site-sidebar-style":"default","ast-global-header-display":"","ast-banner-title-visibility":"","ast-main-header-display":"","ast-hfb-above-header-display":"","ast-hfb-below-header-display":"","ast-hfb-mobile-header-display":"","site-post-title":"","ast-breadcrumbs-content":"","ast-featured-img":"","footer-sml-layout":"","ast-disable-related-posts":"","theme-transparent-header-meta":"","adv-header-id-meta":"","stick-header-meta":"","header-above-stick-meta":"","header-main-stick-meta":"","header-below-stick-meta":"","astra-migrate-meta-layouts":"default","ast-page-background-enabled":"default","ast-page-background-meta":{"desktop":{"background-color":"var(--ast-global-color-5)","background-image":"","background-repeat":"repeat","background-position":"center center","background-size":"auto","background-attachment":"scroll","background-type":"","background-media":"","overlay-type":"","overlay-color":"","overlay-opacity":"","overlay-gradient":""},"tablet":{"background-color":"","background-image":"","background-repeat":"repeat","background-position":"center center","background-size":"auto","background-attachment":"scroll","background-type":"","background-media":"","overlay-type":"","overlay-color":"","overlay-opacity":"","overlay-gradient":""},"mobile":{"background-color":"","background-image":"","background-repeat":"repeat","background-position":"center center","background-size":"auto","background-attachment":"scroll","background-type":"","background-media":"","overlay-type":"","overlay-color":"","overlay-opacity":"","overlay-gradient":""}},"ast-content-background-meta":{"desktop":{"background-color":"var(--ast-global-color-4)","background-image":"","background-repeat":"repeat","background-position":"center center","background-size":"auto","background-attachment":"scroll","background-type":"","background-media":"","overlay-type":"","overlay-color":"","overlay-opacity":"","overlay-gradient":""},"tablet":{"background-color":"var(--ast-global-color-4)","background-image":"","background-repeat":"repeat","background-position":"center center","background-size":"auto","background-attachment":"scroll","background-type":"","background-media":"","overlay-type":"","overlay-color":"","overlay-opacity":"","overlay-gradient":""},"mobile":{"background-color":"var(--ast-global-color-4)","background-image":"","background-repeat":"repeat","background-position":"center center","background-size":"auto","background-attachment":"scroll","background-type":"","background-media":"","overlay-type":"","overlay-color":"","overlay-opacity":"","overlay-gradient":""}}},"product_brand":[],"product_cat":[598,614],"product_tag":[208,187,291],"class_list":{"0":"post-7339","1":"product","2":"type-product","3":"status-publish","4":"has-post-thumbnail","6":"product_cat-baldaquins-anti-ondes","7":"product_cat-faire-soi-meme-un-baldaquin-de-protection-baldaquins-de-protection-2","8":"product_tag-protection-contre-lelectrosmog","9":"product_tag-protection-contre-la-5g","10":"product_tag-sommeil-sain","11":"product_shipping_class-standardversand","12":"desktop-align-left","13":"tablet-align-left","14":"mobile-align-left","16":"first","17":"instock","18":"taxable","19":"shipping-taxable","20":"product-type-simple"},"yoast_head":"<!-- This site is optimized with the Yoast SEO plugin v27.4 - https:\/\/yoast.com\/product\/yoast-seo-wordpress\/ -->\n<title>R\u00e9aliser soi-m\u00eame un baldaquin de protection - Elektrosmog-Schutz Onlineshop<\/title>\n<meta name=\"description\" content=\"Baldaquin de protection contre les rayonnements \u00e9lectromagn\u00e9tiques \u00e0 haute fr\u00e9quence.\" \/>\n<meta name=\"robots\" content=\"index, follow, max-snippet:-1, max-image-preview:large, max-video-preview:-1\" \/>\n<link rel=\"canonical\" href=\"https:\/\/ecologa-europe.com\/shop\/produkt\/realiser-soi-meme-un-baldaquin-de-protection\/\" \/>\n<meta property=\"og:locale\" content=\"de_DE\" \/>\n<meta property=\"og:type\" content=\"article\" \/>\n<meta property=\"og:title\" content=\"R\u00e9aliser soi-m\u00eame un baldaquin de protection - Elektrosmog-Schutz Onlineshop\" \/>\n<meta property=\"og:description\" content=\"Baldaquin de protection contre les rayonnements \u00e9lectromagn\u00e9tiques \u00e0 haute fr\u00e9quence.\" \/>\n<meta property=\"og:url\" content=\"https:\/\/ecologa-europe.com\/shop\/produkt\/realiser-soi-meme-un-baldaquin-de-protection\/?lang=fr\" \/>\n<meta property=\"og:site_name\" content=\"Elektrosmog-Schutz Onlineshop\" \/>\n<meta property=\"article:publisher\" content=\"https:\/\/www.facebook.com\/Ecologa-Europe-GmbH-1604744566252298\/\" \/>\n<meta property=\"article:modified_time\" content=\"2025-05-16T10:41:08+00:00\" \/>\n<meta property=\"og:image\" content=\"https:\/\/ecologa-europe.com\/shop\/wp-content\/uploads\/2025\/04\/iStock-1471978908.jpg\" \/>\n\t<meta property=\"og:image:width\" content=\"1920\" \/>\n\t<meta property=\"og:image:height\" content=\"1280\" \/>\n\t<meta property=\"og:image:type\" content=\"image\/jpeg\" \/>\n<meta name=\"twitter:card\" content=\"summary_large_image\" \/>\n<meta name=\"twitter:label1\" content=\"Gesch\u00e4tzte Lesezeit\" \/>\n\t<meta name=\"twitter:data1\" content=\"1\u00a0Minute\" \/>\n<script type=\"application\/ld+json\" class=\"yoast-schema-graph\">{\"@context\":\"https:\\\/\\\/schema.org\",\"@graph\":[{\"@type\":\"WebPage\",\"@id\":\"https:\\\/\\\/ecologa-europe.com\\\/shop\\\/produkt\\\/realiser-soi-meme-un-baldaquin-de-protection\\\/?lang=fr\",\"url\":\"https:\\\/\\\/ecologa-europe.com\\\/shop\\\/produkt\\\/realiser-soi-meme-un-baldaquin-de-protection\\\/?lang=fr\",\"name\":\"R\u00e9aliser soi-m\u00eame un baldaquin de protection - Elektrosmog-Schutz Onlineshop\",\"isPartOf\":{\"@id\":\"https:\\\/\\\/ecologa-europe.com\\\/shop\\\/#website\"},\"primaryImageOfPage\":{\"@id\":\"https:\\\/\\\/ecologa-europe.com\\\/shop\\\/produkt\\\/realiser-soi-meme-un-baldaquin-de-protection\\\/?lang=fr#primaryimage\"},\"image\":{\"@id\":\"https:\\\/\\\/ecologa-europe.com\\\/shop\\\/produkt\\\/realiser-soi-meme-un-baldaquin-de-protection\\\/?lang=fr#primaryimage\"},\"thumbnailUrl\":\"https:\\\/\\\/ecologa-europe.com\\\/shop\\\/wp-content\\\/uploads\\\/2025\\\/04\\\/iStock-1471978908.jpg\",\"datePublished\":\"2025-05-16T10:15:32+00:00\",\"dateModified\":\"2025-05-16T10:41:08+00:00\",\"description\":\"Baldaquin de protection contre les rayonnements \u00e9lectromagn\u00e9tiques \u00e0 haute fr\u00e9quence.\",\"breadcrumb\":{\"@id\":\"https:\\\/\\\/ecologa-europe.com\\\/shop\\\/produkt\\\/realiser-soi-meme-un-baldaquin-de-protection\\\/?lang=fr#breadcrumb\"},\"inLanguage\":\"de\",\"potentialAction\":[{\"@type\":\"ReadAction\",\"target\":[\"https:\\\/\\\/ecologa-europe.com\\\/shop\\\/produkt\\\/realiser-soi-meme-un-baldaquin-de-protection\\\/?lang=fr\"]}]},{\"@type\":\"ImageObject\",\"inLanguage\":\"de\",\"@id\":\"https:\\\/\\\/ecologa-europe.com\\\/shop\\\/produkt\\\/realiser-soi-meme-un-baldaquin-de-protection\\\/?lang=fr#primaryimage\",\"url\":\"https:\\\/\\\/ecologa-europe.com\\\/shop\\\/wp-content\\\/uploads\\\/2025\\\/04\\\/iStock-1471978908.jpg\",\"contentUrl\":\"https:\\\/\\\/ecologa-europe.com\\\/shop\\\/wp-content\\\/uploads\\\/2025\\\/04\\\/iStock-1471978908.jpg\",\"width\":1920,\"height\":1280},{\"@type\":\"BreadcrumbList\",\"@id\":\"https:\\\/\\\/ecologa-europe.com\\\/shop\\\/produkt\\\/realiser-soi-meme-un-baldaquin-de-protection\\\/?lang=fr#breadcrumb\",\"itemListElement\":[{\"@type\":\"ListItem\",\"position\":1,\"name\":\"Startseite\",\"item\":\"https:\\\/\\\/ecologa-europe.com\\\/shop\\\/\"},{\"@type\":\"ListItem\",\"position\":2,\"name\":\"Shop\",\"item\":\"https:\\\/\\\/ecologa-europe.com\\\/shop\\\/shop\\\/\"},{\"@type\":\"ListItem\",\"position\":3,\"name\":\"R\u00e9aliser soi-m\u00eame un baldaquin de protection\"}]},{\"@type\":\"WebSite\",\"@id\":\"https:\\\/\\\/ecologa-europe.com\\\/shop\\\/#website\",\"url\":\"https:\\\/\\\/ecologa-europe.com\\\/shop\\\/\",\"name\":\"Elektrosmog-Schutz Onlineshop\",\"description\":\"Ecologa Europe\",\"publisher\":{\"@id\":\"https:\\\/\\\/ecologa-europe.com\\\/shop\\\/#organization\"},\"potentialAction\":[{\"@type\":\"SearchAction\",\"target\":{\"@type\":\"EntryPoint\",\"urlTemplate\":\"https:\\\/\\\/ecologa-europe.com\\\/shop\\\/?s={search_term_string}\"},\"query-input\":{\"@type\":\"PropertyValueSpecification\",\"valueRequired\":true,\"valueName\":\"search_term_string\"}}],\"inLanguage\":\"de\"},{\"@type\":\"Organization\",\"@id\":\"https:\\\/\\\/ecologa-europe.com\\\/shop\\\/#organization\",\"name\":\"Elektrosmog-Schutz Onlineshop\",\"url\":\"https:\\\/\\\/ecologa-europe.com\\\/shop\\\/\",\"logo\":{\"@type\":\"ImageObject\",\"inLanguage\":\"de\",\"@id\":\"https:\\\/\\\/ecologa-europe.com\\\/shop\\\/#\\\/schema\\\/logo\\\/image\\\/\",\"url\":\"https:\\\/\\\/ecologa-europe.com\\\/shop\\\/wp-content\\\/uploads\\\/2025\\\/04\\\/vertical-navbar-logo.svg\",\"contentUrl\":\"https:\\\/\\\/ecologa-europe.com\\\/shop\\\/wp-content\\\/uploads\\\/2025\\\/04\\\/vertical-navbar-logo.svg\",\"width\":182,\"height\":70,\"caption\":\"Elektrosmog-Schutz Onlineshop\"},\"image\":{\"@id\":\"https:\\\/\\\/ecologa-europe.com\\\/shop\\\/#\\\/schema\\\/logo\\\/image\\\/\"},\"sameAs\":[\"https:\\\/\\\/www.facebook.com\\\/Ecologa-Europe-GmbH-1604744566252298\\\/\",\"https:\\\/\\\/www.instagram.com\\\/ecologaeurope\\\/\"]}]}<\/script>\n<!-- \/ Yoast SEO plugin. -->","yoast_head_json":{"title":"R\u00e9aliser soi-m\u00eame un baldaquin de protection - Elektrosmog-Schutz Onlineshop","description":"Baldaquin de protection contre les rayonnements \u00e9lectromagn\u00e9tiques \u00e0 haute fr\u00e9quence.","robots":{"index":"index","follow":"follow","max-snippet":"max-snippet:-1","max-image-preview":"max-image-preview:large","max-video-preview":"max-video-preview:-1"},"canonical":"https:\/\/ecologa-europe.com\/shop\/produkt\/realiser-soi-meme-un-baldaquin-de-protection\/","og_locale":"de_DE","og_type":"article","og_title":"R\u00e9aliser soi-m\u00eame un baldaquin de protection - Elektrosmog-Schutz Onlineshop","og_description":"Baldaquin de protection contre les rayonnements \u00e9lectromagn\u00e9tiques \u00e0 haute fr\u00e9quence.","og_url":"https:\/\/ecologa-europe.com\/shop\/produkt\/realiser-soi-meme-un-baldaquin-de-protection\/?lang=fr","og_site_name":"Elektrosmog-Schutz Onlineshop","article_publisher":"https:\/\/www.facebook.com\/Ecologa-Europe-GmbH-1604744566252298\/","article_modified_time":"2025-05-16T10:41:08+00:00","og_image":[{"width":1920,"height":1280,"url":"https:\/\/ecologa-europe.com\/shop\/wp-content\/uploads\/2025\/04\/iStock-1471978908.jpg","type":"image\/jpeg"}],"twitter_card":"summary_large_image","twitter_misc":{"Gesch\u00e4tzte Lesezeit":"1\u00a0Minute"},"schema":{"@context":"https:\/\/schema.org","@graph":[{"@type":"WebPage","@id":"https:\/\/ecologa-europe.com\/shop\/produkt\/realiser-soi-meme-un-baldaquin-de-protection\/?lang=fr","url":"https:\/\/ecologa-europe.com\/shop\/produkt\/realiser-soi-meme-un-baldaquin-de-protection\/?lang=fr","name":"R\u00e9aliser soi-m\u00eame un baldaquin de protection - Elektrosmog-Schutz Onlineshop","isPartOf":{"@id":"https:\/\/ecologa-europe.com\/shop\/#website"},"primaryImageOfPage":{"@id":"https:\/\/ecologa-europe.com\/shop\/produkt\/realiser-soi-meme-un-baldaquin-de-protection\/?lang=fr#primaryimage"},"image":{"@id":"https:\/\/ecologa-europe.com\/shop\/produkt\/realiser-soi-meme-un-baldaquin-de-protection\/?lang=fr#primaryimage"},"thumbnailUrl":"https:\/\/ecologa-europe.com\/shop\/wp-content\/uploads\/2025\/04\/iStock-1471978908.jpg","datePublished":"2025-05-16T10:15:32+00:00","dateModified":"2025-05-16T10:41:08+00:00","description":"Baldaquin de protection contre les rayonnements \u00e9lectromagn\u00e9tiques \u00e0 haute fr\u00e9quence.","breadcrumb":{"@id":"https:\/\/ecologa-europe.com\/shop\/produkt\/realiser-soi-meme-un-baldaquin-de-protection\/?lang=fr#breadcrumb"},"inLanguage":"de","potentialAction":[{"@type":"ReadAction","target":["https:\/\/ecologa-europe.com\/shop\/produkt\/realiser-soi-meme-un-baldaquin-de-protection\/?lang=fr"]}]},{"@type":"ImageObject","inLanguage":"de","@id":"https:\/\/ecologa-europe.com\/shop\/produkt\/realiser-soi-meme-un-baldaquin-de-protection\/?lang=fr#primaryimage","url":"https:\/\/ecologa-europe.com\/shop\/wp-content\/uploads\/2025\/04\/iStock-1471978908.jpg","contentUrl":"https:\/\/ecologa-europe.com\/shop\/wp-content\/uploads\/2025\/04\/iStock-1471978908.jpg","width":1920,"height":1280},{"@type":"BreadcrumbList","@id":"https:\/\/ecologa-europe.com\/shop\/produkt\/realiser-soi-meme-un-baldaquin-de-protection\/?lang=fr#breadcrumb","itemListElement":[{"@type":"ListItem","position":1,"name":"Startseite","item":"https:\/\/ecologa-europe.com\/shop\/"},{"@type":"ListItem","position":2,"name":"Shop","item":"https:\/\/ecologa-europe.com\/shop\/shop\/"},{"@type":"ListItem","position":3,"name":"R\u00e9aliser soi-m\u00eame un baldaquin de protection"}]},{"@type":"WebSite","@id":"https:\/\/ecologa-europe.com\/shop\/#website","url":"https:\/\/ecologa-europe.com\/shop\/","name":"Elektrosmog-Schutz Onlineshop","description":"Ecologa Europe","publisher":{"@id":"https:\/\/ecologa-europe.com\/shop\/#organization"},"potentialAction":[{"@type":"SearchAction","target":{"@type":"EntryPoint","urlTemplate":"https:\/\/ecologa-europe.com\/shop\/?s={search_term_string}"},"query-input":{"@type":"PropertyValueSpecification","valueRequired":true,"valueName":"search_term_string"}}],"inLanguage":"de"},{"@type":"Organization","@id":"https:\/\/ecologa-europe.com\/shop\/#organization","name":"Elektrosmog-Schutz Onlineshop","url":"https:\/\/ecologa-europe.com\/shop\/","logo":{"@type":"ImageObject","inLanguage":"de","@id":"https:\/\/ecologa-europe.com\/shop\/#\/schema\/logo\/image\/","url":"https:\/\/ecologa-europe.com\/shop\/wp-content\/uploads\/2025\/04\/vertical-navbar-logo.svg","contentUrl":"https:\/\/ecologa-europe.com\/shop\/wp-content\/uploads\/2025\/04\/vertical-navbar-logo.svg","width":182,"height":70,"caption":"Elektrosmog-Schutz Onlineshop"},"image":{"@id":"https:\/\/ecologa-europe.com\/shop\/#\/schema\/logo\/image\/"},"sameAs":["https:\/\/www.facebook.com\/Ecologa-Europe-GmbH-1604744566252298\/","https:\/\/www.instagram.com\/ecologaeurope\/"]}]}},"_links":{"self":[{"href":"https:\/\/ecologa-europe.com\/shop\/wp-json\/wp\/v2\/product\/7339","targetHints":{"allow":["GET"]}}],"collection":[{"href":"https:\/\/ecologa-europe.com\/shop\/wp-json\/wp\/v2\/product"}],"about":[{"href":"https:\/\/ecologa-europe.com\/shop\/wp-json\/wp\/v2\/types\/product"}],"wp:featuredmedia":[{"embeddable":true,"href":"https:\/\/ecologa-europe.com\/shop\/wp-json\/wp\/v2\/media\/691"}],"wp:attachment":[{"href":"https:\/\/ecologa-europe.com\/shop\/wp-json\/wp\/v2\/media?parent=7339"}],"wp:term":[{"taxonomy":"product_brand","embeddable":true,"href":"https:\/\/ecologa-europe.com\/shop\/wp-json\/wp\/v2\/product_brand?post=7339"},{"taxonomy":"product_cat","embeddable":true,"href":"https:\/\/ecologa-europe.com\/shop\/wp-json\/wp\/v2\/product_cat?post=7339"},{"taxonomy":"product_tag","embeddable":true,"href":"https:\/\/ecologa-europe.com\/shop\/wp-json\/wp\/v2\/product_tag?post=7339"}],"curies":[{"name":"wp","href":"https:\/\/api.w.org\/{rel}","templated":true}]}}