{"id":7346,"date":"2025-05-16T10:09:54","date_gmt":"2025-05-16T10:09:54","guid":{"rendered":"https:\/\/639.pm-domains.de\/?post_type=product&#038;p=7346"},"modified":"2025-10-08T05:17:32","modified_gmt":"2025-10-08T05:17:32","slug":"veste-de-protection-a-capuche-ad-hoc-unisexe","status":"publish","type":"product","link":"https:\/\/ecologa-europe.com\/shop\/produkt\/veste-de-protection-a-capuche-ad-hoc-unisexe\/?lang=fr","title":{"rendered":"Veste de protection \u00e0 capuche  Ad hoc &#8211; Unisexe"},"content":{"rendered":"<p>Le sweat \u00e0 capuche a fait du chemin. L&#8217;\u00e9poque o\u00f9 il n&#8217;\u00e9tait utilis\u00e9 que dans les salles de sport est r\u00e9volue.<br \/>\nLa veste \u00e0 capuche continue de gagner du terrain et est un \u00e9l\u00e9ment de style volontiers port\u00e9. Cool et d\u00e9contract\u00e9e, elle est en m\u00eame temps chic.<\/p>\n<p>Nous avons opt\u00e9 pour un mod\u00e8le avec fermeture \u00e9clair, qui permet de cr\u00e9er facilement un look superpos\u00e9.<\/p>\n<p>Notre dernier mod\u00e8le se pr\u00e9sente dans une couleur bleue, Dark Jeans.<br \/>\nLes finitions contrast\u00e9es et c\u00f4tel\u00e9es en maille \u00e9lastique aux manches et \u00e0 l&#8217;ourlet sont bleu fonc\u00e9 pour cr\u00e9er un contraste, mais restent ton sur ton.<\/p>\n<p>La coupe est droite, avec deux poches lat\u00e9rales et un col montant. La capuche n&#8217;est pas trop grande afin de mieux prot\u00e9ger le corps contre les hautes fr\u00e9quences. Notre veste \u00e0 capuche &#8222;Ad hoc&#8220; est un mod\u00e8le unisexe.<\/p>\n<p>Vous vous sentirez \u00e0 l&#8217;aise \u00e0 coup s\u00fbr !<\/p>\n<p>Le tissu de protection est un tricot jacquard endroit\/envers, dans une combinaison de coton peign\u00e9 et de polyamide enduit d&#8217;argent. Le rev\u00eatement n&#8217;est pas constitu\u00e9 de nano-argent controvers\u00e9, mais d&#8217;argent pur qui entoure toute la fibre de polyamide. L&#8217;argent m\u00e9tallique est absolument inoffensif pour la sant\u00e9 de l&#8217;homme et pour la nature.<br \/>\nGr\u00e2ce \u00e0 la structure innovante du tissu et \u00e0 l&#8217;utilisation de mat\u00e9riaux de haute qualit\u00e9, ce tricot prot\u00e8ge des rayonnements \u00e9lectromagn\u00e9tiques.<\/p>\n\n<table id=\"tablepress-18\" class=\"tablepress tablepress-id-18\">\n<thead>\n<tr class=\"row-1\">\n\t<td class=\"column-1\"><\/td><th class=\"column-2\">Frequence \/ Application (MHz)<\/th><th class=\"column-3\">D\u00e9cibel (dB*)<\/th><th class=\"column-4\">Pourcentage (%)<\/th>\n<\/tr>\n<\/thead>\n<tbody class=\"row-striping row-hover\">\n<tr class=\"row-2\">\n\t<td class=\"column-1\">Tetra 450<\/td><td class=\"column-2\">450MHz<\/td><td class=\"column-3\">33dB<\/td><td class=\"column-4\">99,9%<\/td>\n<\/tr>\n<tr class=\"row-3\">\n\t<td class=\"column-1\">LTE 800<\/td><td class=\"column-2\">800MHz<\/td><td class=\"column-3\">31dB<\/td><td class=\"column-4\">99,9%<\/td>\n<\/tr>\n<tr class=\"row-4\">\n\t<td class=\"column-1\">GSM 900<\/td><td class=\"column-2\">900MHz<\/td><td class=\"column-3\">31dB<\/td><td class=\"column-4\">99,9%<\/td>\n<\/tr>\n<tr class=\"row-5\">\n\t<td class=\"column-1\">GSM 1800<\/td><td class=\"column-2\">1800MHz<\/td><td class=\"column-3\">23dB<\/td><td class=\"column-4\">99%<\/td>\n<\/tr>\n<tr class=\"row-6\">\n\t<td class=\"column-1\">DECT 1800<\/td><td class=\"column-2\">1800MHz<\/td><td class=\"column-3\">23dB<\/td><td class=\"column-4\">99%<\/td>\n<\/tr>\n<tr class=\"row-7\">\n\t<td class=\"column-1\">UMTS 2000<\/td><td class=\"column-2\">2000MHz<\/td><td class=\"column-3\">21dB<\/td><td class=\"column-4\">99%<\/td>\n<\/tr>\n<tr class=\"row-8\">\n\t<td class=\"column-1\">WLAN 2400<\/td><td class=\"column-2\">2400MHz<\/td><td class=\"column-3\">21dB<\/td><td class=\"column-4\">90%<\/td>\n<\/tr>\n<tr class=\"row-9\">\n\t<td class=\"column-1\">LTE 2600<\/td><td class=\"column-2\">2600MHz<\/td><td class=\"column-3\">21dB<\/td><td class=\"column-4\">99%<\/td>\n<\/tr>\n<tr class=\"row-10\">\n\t<td class=\"column-1\">WLAN 5800<\/td><td class=\"column-2\">5800MHz<\/td><td class=\"column-3\">15dB<\/td><td class=\"column-4\">90%<\/td>\n<\/tr>\n<\/tbody>\n<\/table>\n<!-- #tablepress-18 from cache -->\n<p>Couleur : bleu<br \/>\nDisponible dans les tailles S, M, L, XL.<\/p>\n\n<table id=\"tablepress-71\" class=\"tablepress tablepress-id-71\">\n<thead>\n<tr class=\"row-1\">\n\t<th class=\"column-1\">Hoody \u00e9cran Ad hoc - Unisexe<\/th><th class=\"column-2\">S<\/th><th class=\"column-3\">M<\/th><th class=\"column-4\">L<\/th><th class=\"column-5\">XL<\/th>\n<\/tr>\n<\/thead>\n<tbody class=\"row-striping row-hover\">\n<tr class=\"row-2\">\n\t<td class=\"column-1\">Mesures in cm<\/td><td class=\"column-2\"><\/td><td class=\"column-3\"><\/td><td class=\"column-4\"><\/td><td class=\"column-5\"><\/td>\n<\/tr>\n<tr class=\"row-3\">\n\t<td class=\"column-1\">\u00c9paule<\/td><td class=\"column-2\">47<\/td><td class=\"column-3\">48<\/td><td class=\"column-4\">51<\/td><td class=\"column-5\">55<\/td>\n<\/tr>\n<tr class=\"row-4\">\n\t<td class=\"column-1\">1\/2 Tour de poitrine<\/td><td class=\"column-2\">55<\/td><td class=\"column-3\">57<\/td><td class=\"column-4\">60<\/td><td class=\"column-5\">62<\/td>\n<\/tr>\n<tr class=\"row-5\">\n\t<td class=\"column-1\">1\/2 Tour des hanches<\/td><td class=\"column-2\">48<\/td><td class=\"column-3\">50<\/td><td class=\"column-4\">54<\/td><td class=\"column-5\">56<\/td>\n<\/tr>\n<tr class=\"row-6\">\n\t<td class=\"column-1\">Longueur<\/td><td class=\"column-2\">67<\/td><td class=\"column-3\">69<\/td><td class=\"column-4\">73<\/td><td class=\"column-5\">76<\/td>\n<\/tr>\n<\/tbody>\n<\/table>\n<!-- #tablepress-71 from cache -->\n<p>Conseils d&#8217;entretien :<br \/>\nLavage d\u00e9licat \u00e0 30 \u00b0C.<br \/>\nNe pas utiliser de d\u00e9sinfectants ou de produits de nettoyage contenant du chlore !<br \/>\nRenoncer aux adoucissants.<\/p>\n","protected":false},"excerpt":{"rendered":"<p>Veste \u00e0 capuche pour la protection contre les ondes \u00e9lectromagn\u00e9tiques \u00e0 haute fr\u00e9quence, doubl\u00e9e en coton bio.<br \/>\nCoton trait\u00e9 \u00e0 l&#8217;argent \u00e0 99%.<br \/>\nFinition de tr\u00e8s haute qualit\u00e9<br \/>\nGrand confort de port<\/p>\n<p>Gr\u00e2ce \u00e0 la structure innovante du tissu et \u00e0 l&#8217;utilisation de mat\u00e9riaux de haute qualit\u00e9, ce tricot prot\u00e8ge des rayonnements \u00e9lectromagn\u00e9tiques.<\/p>\n","protected":false},"featured_media":1186,"template":"","meta":{"inline_featured_image":false,"site-sidebar-layout":"default","site-content-layout":"","ast-site-content-layout":"default","site-content-style":"default","site-sidebar-style":"default","ast-global-header-display":"","ast-banner-title-visibility":"","ast-main-header-display":"","ast-hfb-above-header-display":"","ast-hfb-below-header-display":"","ast-hfb-mobile-header-display":"","site-post-title":"","ast-breadcrumbs-content":"","ast-featured-img":"","footer-sml-layout":"","ast-disable-related-posts":"","theme-transparent-header-meta":"default","adv-header-id-meta":"","stick-header-meta":"","header-above-stick-meta":"","header-main-stick-meta":"","header-below-stick-meta":"","astra-migrate-meta-layouts":"default","ast-page-background-enabled":"default","ast-page-background-meta":{"desktop":{"background-color":"var(--ast-global-color-5)","background-image":"","background-repeat":"repeat","background-position":"center center","background-size":"auto","background-attachment":"scroll","background-type":"","background-media":"","overlay-type":"","overlay-color":"","overlay-opacity":"","overlay-gradient":""},"tablet":{"background-color":"","background-image":"","background-repeat":"repeat","background-position":"center center","background-size":"auto","background-attachment":"scroll","background-type":"","background-media":"","overlay-type":"","overlay-color":"","overlay-opacity":"","overlay-gradient":""},"mobile":{"background-color":"","background-image":"","background-repeat":"repeat","background-position":"center center","background-size":"auto","background-attachment":"scroll","background-type":"","background-media":"","overlay-type":"","overlay-color":"","overlay-opacity":"","overlay-gradient":""}},"ast-content-background-meta":{"desktop":{"background-color":"var(--ast-global-color-4)","background-image":"","background-repeat":"repeat","background-position":"center center","background-size":"auto","background-attachment":"scroll","background-type":"","background-media":"","overlay-type":"","overlay-color":"","overlay-opacity":"","overlay-gradient":""},"tablet":{"background-color":"var(--ast-global-color-4)","background-image":"","background-repeat":"repeat","background-position":"center center","background-size":"auto","background-attachment":"scroll","background-type":"","background-media":"","overlay-type":"","overlay-color":"","overlay-opacity":"","overlay-gradient":""},"mobile":{"background-color":"var(--ast-global-color-4)","background-image":"","background-repeat":"repeat","background-position":"center center","background-size":"auto","background-attachment":"scroll","background-type":"","background-media":"","overlay-type":"","overlay-color":"","overlay-opacity":"","overlay-gradient":""}}},"product_brand":[],"product_cat":[198,186,185],"product_tag":[188],"class_list":{"0":"post-7346","1":"product","2":"type-product","3":"status-publish","4":"has-post-thumbnail","6":"product_cat-femmes","7":"product_cat-hommes","8":"product_cat-vetements-high-tech","9":"product_tag-vetements-de-protection","10":"product_shipping_class-standardversand","11":"pa_groesse-l-4","12":"pa_groesse-m-3","13":"pa_groesse-s-3","14":"pa_groesse-xl-3","15":"desktop-align-left","16":"tablet-align-left","17":"mobile-align-left","19":"first","20":"instock","21":"taxable","22":"shipping-taxable","23":"purchasable","24":"product-type-variable"},"yoast_head":"<!-- This site is optimized with the Yoast SEO plugin v27.4 - https:\/\/yoast.com\/product\/yoast-seo-wordpress\/ -->\n<title>Veste de protection \u00e0 capuche Ad hoc - Unisexe - Elektrosmog-Schutz Onlineshop<\/title>\n<meta name=\"description\" content=\"Veste \u00e0 capuche pour la protection contre les ondes \u00e9lectromagn\u00e9tiques \u00e0 haute fr\u00e9quence, doubl\u00e9e en coton bio\" \/>\n<meta name=\"robots\" content=\"index, follow, max-snippet:-1, max-image-preview:large, max-video-preview:-1\" \/>\n<link rel=\"canonical\" href=\"https:\/\/ecologa-europe.com\/shop\/produkt\/veste-de-protection-a-capuche-ad-hoc-unisexe\/\" \/>\n<meta property=\"og:locale\" content=\"de_DE\" \/>\n<meta property=\"og:type\" content=\"article\" \/>\n<meta property=\"og:title\" content=\"Veste de protection \u00e0 capuche Ad hoc - Unisexe - Elektrosmog-Schutz Onlineshop\" \/>\n<meta property=\"og:description\" content=\"Veste \u00e0 capuche pour la protection contre les ondes \u00e9lectromagn\u00e9tiques \u00e0 haute fr\u00e9quence, doubl\u00e9e en coton bio\" \/>\n<meta property=\"og:url\" content=\"https:\/\/ecologa-europe.com\/shop\/produkt\/veste-de-protection-a-capuche-ad-hoc-unisexe\/?lang=fr\" \/>\n<meta property=\"og:site_name\" content=\"Elektrosmog-Schutz Onlineshop\" \/>\n<meta property=\"article:publisher\" content=\"https:\/\/www.facebook.com\/Ecologa-Europe-GmbH-1604744566252298\/\" \/>\n<meta property=\"article:modified_time\" content=\"2025-10-08T05:17:32+00:00\" \/>\n<meta property=\"og:image\" content=\"https:\/\/ecologa-europe.com\/shop\/wp-content\/uploads\/2025\/04\/ad-hoc_sohema.jpg\" \/>\n\t<meta property=\"og:image:width\" content=\"1772\" \/>\n\t<meta property=\"og:image:height\" content=\"1280\" \/>\n\t<meta property=\"og:image:type\" content=\"image\/jpeg\" \/>\n<meta name=\"twitter:card\" content=\"summary_large_image\" \/>\n<meta name=\"twitter:label1\" content=\"Gesch\u00e4tzte Lesezeit\" \/>\n\t<meta name=\"twitter:data1\" content=\"2\u00a0Minuten\" \/>\n<script type=\"application\/ld+json\" class=\"yoast-schema-graph\">{\"@context\":\"https:\\\/\\\/schema.org\",\"@graph\":[{\"@type\":\"WebPage\",\"@id\":\"https:\\\/\\\/ecologa-europe.com\\\/shop\\\/produkt\\\/veste-de-protection-a-capuche-ad-hoc-unisexe\\\/?lang=fr\",\"url\":\"https:\\\/\\\/ecologa-europe.com\\\/shop\\\/produkt\\\/veste-de-protection-a-capuche-ad-hoc-unisexe\\\/?lang=fr\",\"name\":\"Veste de protection \u00e0 capuche Ad hoc - Unisexe - Elektrosmog-Schutz Onlineshop\",\"isPartOf\":{\"@id\":\"https:\\\/\\\/ecologa-europe.com\\\/shop\\\/#website\"},\"primaryImageOfPage\":{\"@id\":\"https:\\\/\\\/ecologa-europe.com\\\/shop\\\/produkt\\\/veste-de-protection-a-capuche-ad-hoc-unisexe\\\/?lang=fr#primaryimage\"},\"image\":{\"@id\":\"https:\\\/\\\/ecologa-europe.com\\\/shop\\\/produkt\\\/veste-de-protection-a-capuche-ad-hoc-unisexe\\\/?lang=fr#primaryimage\"},\"thumbnailUrl\":\"https:\\\/\\\/ecologa-europe.com\\\/shop\\\/wp-content\\\/uploads\\\/2025\\\/04\\\/ad-hoc_sohema.jpg\",\"datePublished\":\"2025-05-16T10:09:54+00:00\",\"dateModified\":\"2025-10-08T05:17:32+00:00\",\"description\":\"Veste \u00e0 capuche pour la protection contre les ondes \u00e9lectromagn\u00e9tiques \u00e0 haute fr\u00e9quence, doubl\u00e9e en coton bio\",\"breadcrumb\":{\"@id\":\"https:\\\/\\\/ecologa-europe.com\\\/shop\\\/produkt\\\/veste-de-protection-a-capuche-ad-hoc-unisexe\\\/?lang=fr#breadcrumb\"},\"inLanguage\":\"de\",\"potentialAction\":[{\"@type\":\"ReadAction\",\"target\":[\"https:\\\/\\\/ecologa-europe.com\\\/shop\\\/produkt\\\/veste-de-protection-a-capuche-ad-hoc-unisexe\\\/?lang=fr\"]}]},{\"@type\":\"ImageObject\",\"inLanguage\":\"de\",\"@id\":\"https:\\\/\\\/ecologa-europe.com\\\/shop\\\/produkt\\\/veste-de-protection-a-capuche-ad-hoc-unisexe\\\/?lang=fr#primaryimage\",\"url\":\"https:\\\/\\\/ecologa-europe.com\\\/shop\\\/wp-content\\\/uploads\\\/2025\\\/04\\\/ad-hoc_sohema.jpg\",\"contentUrl\":\"https:\\\/\\\/ecologa-europe.com\\\/shop\\\/wp-content\\\/uploads\\\/2025\\\/04\\\/ad-hoc_sohema.jpg\",\"width\":1772,\"height\":1280},{\"@type\":\"BreadcrumbList\",\"@id\":\"https:\\\/\\\/ecologa-europe.com\\\/shop\\\/produkt\\\/veste-de-protection-a-capuche-ad-hoc-unisexe\\\/?lang=fr#breadcrumb\",\"itemListElement\":[{\"@type\":\"ListItem\",\"position\":1,\"name\":\"Startseite\",\"item\":\"https:\\\/\\\/ecologa-europe.com\\\/shop\\\/\"},{\"@type\":\"ListItem\",\"position\":2,\"name\":\"Shop\",\"item\":\"https:\\\/\\\/ecologa-europe.com\\\/shop\\\/shop\\\/\"},{\"@type\":\"ListItem\",\"position\":3,\"name\":\"Veste de protection \u00e0 capuche Ad hoc &#8211; Unisexe\"}]},{\"@type\":\"WebSite\",\"@id\":\"https:\\\/\\\/ecologa-europe.com\\\/shop\\\/#website\",\"url\":\"https:\\\/\\\/ecologa-europe.com\\\/shop\\\/\",\"name\":\"Elektrosmog-Schutz Onlineshop\",\"description\":\"Ecologa Europe\",\"publisher\":{\"@id\":\"https:\\\/\\\/ecologa-europe.com\\\/shop\\\/#organization\"},\"potentialAction\":[{\"@type\":\"SearchAction\",\"target\":{\"@type\":\"EntryPoint\",\"urlTemplate\":\"https:\\\/\\\/ecologa-europe.com\\\/shop\\\/?s={search_term_string}\"},\"query-input\":{\"@type\":\"PropertyValueSpecification\",\"valueRequired\":true,\"valueName\":\"search_term_string\"}}],\"inLanguage\":\"de\"},{\"@type\":\"Organization\",\"@id\":\"https:\\\/\\\/ecologa-europe.com\\\/shop\\\/#organization\",\"name\":\"Elektrosmog-Schutz Onlineshop\",\"url\":\"https:\\\/\\\/ecologa-europe.com\\\/shop\\\/\",\"logo\":{\"@type\":\"ImageObject\",\"inLanguage\":\"de\",\"@id\":\"https:\\\/\\\/ecologa-europe.com\\\/shop\\\/#\\\/schema\\\/logo\\\/image\\\/\",\"url\":\"https:\\\/\\\/ecologa-europe.com\\\/shop\\\/wp-content\\\/uploads\\\/2025\\\/04\\\/vertical-navbar-logo.svg\",\"contentUrl\":\"https:\\\/\\\/ecologa-europe.com\\\/shop\\\/wp-content\\\/uploads\\\/2025\\\/04\\\/vertical-navbar-logo.svg\",\"width\":182,\"height\":70,\"caption\":\"Elektrosmog-Schutz Onlineshop\"},\"image\":{\"@id\":\"https:\\\/\\\/ecologa-europe.com\\\/shop\\\/#\\\/schema\\\/logo\\\/image\\\/\"},\"sameAs\":[\"https:\\\/\\\/www.facebook.com\\\/Ecologa-Europe-GmbH-1604744566252298\\\/\",\"https:\\\/\\\/www.instagram.com\\\/ecologaeurope\\\/\"]}]}<\/script>\n<!-- \/ Yoast SEO plugin. -->","yoast_head_json":{"title":"Veste de protection \u00e0 capuche Ad hoc - Unisexe - Elektrosmog-Schutz Onlineshop","description":"Veste \u00e0 capuche pour la protection contre les ondes \u00e9lectromagn\u00e9tiques \u00e0 haute fr\u00e9quence, doubl\u00e9e en coton bio","robots":{"index":"index","follow":"follow","max-snippet":"max-snippet:-1","max-image-preview":"max-image-preview:large","max-video-preview":"max-video-preview:-1"},"canonical":"https:\/\/ecologa-europe.com\/shop\/produkt\/veste-de-protection-a-capuche-ad-hoc-unisexe\/","og_locale":"de_DE","og_type":"article","og_title":"Veste de protection \u00e0 capuche Ad hoc - Unisexe - Elektrosmog-Schutz Onlineshop","og_description":"Veste \u00e0 capuche pour la protection contre les ondes \u00e9lectromagn\u00e9tiques \u00e0 haute fr\u00e9quence, doubl\u00e9e en coton bio","og_url":"https:\/\/ecologa-europe.com\/shop\/produkt\/veste-de-protection-a-capuche-ad-hoc-unisexe\/?lang=fr","og_site_name":"Elektrosmog-Schutz Onlineshop","article_publisher":"https:\/\/www.facebook.com\/Ecologa-Europe-GmbH-1604744566252298\/","article_modified_time":"2025-10-08T05:17:32+00:00","og_image":[{"width":1772,"height":1280,"url":"https:\/\/ecologa-europe.com\/shop\/wp-content\/uploads\/2025\/04\/ad-hoc_sohema.jpg","type":"image\/jpeg"}],"twitter_card":"summary_large_image","twitter_misc":{"Gesch\u00e4tzte Lesezeit":"2\u00a0Minuten"},"schema":{"@context":"https:\/\/schema.org","@graph":[{"@type":"WebPage","@id":"https:\/\/ecologa-europe.com\/shop\/produkt\/veste-de-protection-a-capuche-ad-hoc-unisexe\/?lang=fr","url":"https:\/\/ecologa-europe.com\/shop\/produkt\/veste-de-protection-a-capuche-ad-hoc-unisexe\/?lang=fr","name":"Veste de protection \u00e0 capuche Ad hoc - Unisexe - Elektrosmog-Schutz Onlineshop","isPartOf":{"@id":"https:\/\/ecologa-europe.com\/shop\/#website"},"primaryImageOfPage":{"@id":"https:\/\/ecologa-europe.com\/shop\/produkt\/veste-de-protection-a-capuche-ad-hoc-unisexe\/?lang=fr#primaryimage"},"image":{"@id":"https:\/\/ecologa-europe.com\/shop\/produkt\/veste-de-protection-a-capuche-ad-hoc-unisexe\/?lang=fr#primaryimage"},"thumbnailUrl":"https:\/\/ecologa-europe.com\/shop\/wp-content\/uploads\/2025\/04\/ad-hoc_sohema.jpg","datePublished":"2025-05-16T10:09:54+00:00","dateModified":"2025-10-08T05:17:32+00:00","description":"Veste \u00e0 capuche pour la protection contre les ondes \u00e9lectromagn\u00e9tiques \u00e0 haute fr\u00e9quence, doubl\u00e9e en coton bio","breadcrumb":{"@id":"https:\/\/ecologa-europe.com\/shop\/produkt\/veste-de-protection-a-capuche-ad-hoc-unisexe\/?lang=fr#breadcrumb"},"inLanguage":"de","potentialAction":[{"@type":"ReadAction","target":["https:\/\/ecologa-europe.com\/shop\/produkt\/veste-de-protection-a-capuche-ad-hoc-unisexe\/?lang=fr"]}]},{"@type":"ImageObject","inLanguage":"de","@id":"https:\/\/ecologa-europe.com\/shop\/produkt\/veste-de-protection-a-capuche-ad-hoc-unisexe\/?lang=fr#primaryimage","url":"https:\/\/ecologa-europe.com\/shop\/wp-content\/uploads\/2025\/04\/ad-hoc_sohema.jpg","contentUrl":"https:\/\/ecologa-europe.com\/shop\/wp-content\/uploads\/2025\/04\/ad-hoc_sohema.jpg","width":1772,"height":1280},{"@type":"BreadcrumbList","@id":"https:\/\/ecologa-europe.com\/shop\/produkt\/veste-de-protection-a-capuche-ad-hoc-unisexe\/?lang=fr#breadcrumb","itemListElement":[{"@type":"ListItem","position":1,"name":"Startseite","item":"https:\/\/ecologa-europe.com\/shop\/"},{"@type":"ListItem","position":2,"name":"Shop","item":"https:\/\/ecologa-europe.com\/shop\/shop\/"},{"@type":"ListItem","position":3,"name":"Veste de protection \u00e0 capuche Ad hoc &#8211; Unisexe"}]},{"@type":"WebSite","@id":"https:\/\/ecologa-europe.com\/shop\/#website","url":"https:\/\/ecologa-europe.com\/shop\/","name":"Elektrosmog-Schutz Onlineshop","description":"Ecologa Europe","publisher":{"@id":"https:\/\/ecologa-europe.com\/shop\/#organization"},"potentialAction":[{"@type":"SearchAction","target":{"@type":"EntryPoint","urlTemplate":"https:\/\/ecologa-europe.com\/shop\/?s={search_term_string}"},"query-input":{"@type":"PropertyValueSpecification","valueRequired":true,"valueName":"search_term_string"}}],"inLanguage":"de"},{"@type":"Organization","@id":"https:\/\/ecologa-europe.com\/shop\/#organization","name":"Elektrosmog-Schutz Onlineshop","url":"https:\/\/ecologa-europe.com\/shop\/","logo":{"@type":"ImageObject","inLanguage":"de","@id":"https:\/\/ecologa-europe.com\/shop\/#\/schema\/logo\/image\/","url":"https:\/\/ecologa-europe.com\/shop\/wp-content\/uploads\/2025\/04\/vertical-navbar-logo.svg","contentUrl":"https:\/\/ecologa-europe.com\/shop\/wp-content\/uploads\/2025\/04\/vertical-navbar-logo.svg","width":182,"height":70,"caption":"Elektrosmog-Schutz Onlineshop"},"image":{"@id":"https:\/\/ecologa-europe.com\/shop\/#\/schema\/logo\/image\/"},"sameAs":["https:\/\/www.facebook.com\/Ecologa-Europe-GmbH-1604744566252298\/","https:\/\/www.instagram.com\/ecologaeurope\/"]}]}},"_links":{"self":[{"href":"https:\/\/ecologa-europe.com\/shop\/wp-json\/wp\/v2\/product\/7346","targetHints":{"allow":["GET"]}}],"collection":[{"href":"https:\/\/ecologa-europe.com\/shop\/wp-json\/wp\/v2\/product"}],"about":[{"href":"https:\/\/ecologa-europe.com\/shop\/wp-json\/wp\/v2\/types\/product"}],"wp:featuredmedia":[{"embeddable":true,"href":"https:\/\/ecologa-europe.com\/shop\/wp-json\/wp\/v2\/media\/1186"}],"wp:attachment":[{"href":"https:\/\/ecologa-europe.com\/shop\/wp-json\/wp\/v2\/media?parent=7346"}],"wp:term":[{"taxonomy":"product_brand","embeddable":true,"href":"https:\/\/ecologa-europe.com\/shop\/wp-json\/wp\/v2\/product_brand?post=7346"},{"taxonomy":"product_cat","embeddable":true,"href":"https:\/\/ecologa-europe.com\/shop\/wp-json\/wp\/v2\/product_cat?post=7346"},{"taxonomy":"product_tag","embeddable":true,"href":"https:\/\/ecologa-europe.com\/shop\/wp-json\/wp\/v2\/product_tag?post=7346"}],"curies":[{"name":"wp","href":"https:\/\/api.w.org\/{rel}","templated":true}]}}