{"id":7364,"date":"2025-05-16T10:09:55","date_gmt":"2025-05-16T10:09:55","guid":{"rendered":"https:\/\/639.pm-domains.de\/?post_type=product&#038;p=7364"},"modified":"2025-05-16T10:38:26","modified_gmt":"2025-05-16T10:38:26","slug":"giacca-softshell-irith-shielding","status":"publish","type":"product","link":"https:\/\/ecologa-europe.com\/shop\/produkt\/giacca-softshell-irith-shielding\/?lang=it","title":{"rendered":"Giacca Softshell Irith Shielding"},"content":{"rendered":"<p>UNA GIACCA SCHERMANTE MULTIFUNZIONALE!<\/p>\n<p>La nostra giacca softshell \u00e8 versatile. \u00c8 stata progettata per offrirvi le migliori condizioni per le vostre attivit\u00e0 all&#8217;aperto. Grazie alle sue propriet\u00e0 impermeabili e antivento, potrete sentirvi a vostro agio in tutte le stagioni, che si tratti di primavera, estate, autunno o inverno.<br \/>\n\u00c8 molto flessibile grazie all&#8217;elevato contenuto di elastan e offre un elevato livello di comfort.<br \/>\nLa schiena \u00e8 leggermente allungata per proteggersi quando si va in bicicletta. Il taglio \u00e8 leggermente a vita.<\/p>\n<p>La nostra giacca softshell convince per i numerosi dettagli che la rendono il compagno ideale. Il collo alto protegge dal vento e dal freddo e la cerniera \u00e8 dotata di una protezione per il mento.<br \/>\nIl cappuccio staccabile pu\u00f2 essere regolato in modo ottimale sulla testa con due elastici.<br \/>\nI polsini sono regolabili con velcro. Le tasche sono dotate di cerniere.<br \/>\nL&#8217;orlo \u00e8 dotato di un cordino elastico con tappo per regolarne l&#8217;ampiezza.<br \/>\nAbbiamo inoltre dotato il capo di strisce riflettenti. Queste strisce sono efficaci ovunque sia importante la sicurezza. Sono un importante aiuto visivo, ad esempio quando si fa jogging, si scia o si va a scuola!<\/p>\n<p>La nostra giacca Irith \u00e8 una giacca funzionale di alta qualit\u00e0 e presenta tutti i vantaggi di una giacca softshell, ma la fodera \u00e8 realizzata in un tessuto di cotone organico schermato, che offre inoltre una protezione molto efficace contro le alte frequenze.<\/p>\n<p>Il tessuto schermante \u00e8 un tessuto jacquard in cotone organico pettinato e poliammide argentata. Il rivestimento intorno alla fibra di poliammide \u00e8 in argento puro.<br \/>\nL&#8217;argento \u00e8 assolutamente innocuo per la salute umana e per la natura.<br \/>\nGrazie alla costruzione innovativa del tessuto e all&#8217;uso di materiali di alta qualit\u00e0, questa maglia protegge dalle radiazioni elettromagnetiche nella gamma da 20 kHz a 10 GHz, con un&#8217;efficienza fino al 99%.<\/p>\n\n<table id=\"tablepress-19\" class=\"tablepress tablepress-id-19\">\n<thead>\n<tr class=\"row-1\">\n\t<td class=\"column-1\"><\/td><th class=\"column-2\">Frequenza \/ Applicazione (MHz)<\/th><th class=\"column-3\">Decibel (dB*)<\/th><th class=\"column-4\">Percentuale (%)<\/th>\n<\/tr>\n<\/thead>\n<tbody class=\"row-striping row-hover\">\n<tr class=\"row-2\">\n\t<td class=\"column-1\">Tetra 450<\/td><td class=\"column-2\">450MHz<\/td><td class=\"column-3\">33dB<\/td><td class=\"column-4\">99,9%<\/td>\n<\/tr>\n<tr class=\"row-3\">\n\t<td class=\"column-1\">LTE 800<\/td><td class=\"column-2\">800MHz<\/td><td class=\"column-3\">31dB<\/td><td class=\"column-4\">99,9%<\/td>\n<\/tr>\n<tr class=\"row-4\">\n\t<td class=\"column-1\">GSM 900<\/td><td class=\"column-2\">900MHz<\/td><td class=\"column-3\">31dB<\/td><td class=\"column-4\">99,9%<\/td>\n<\/tr>\n<tr class=\"row-5\">\n\t<td class=\"column-1\">GSM 1800<\/td><td class=\"column-2\">1800MHz<\/td><td class=\"column-3\">23dB<\/td><td class=\"column-4\">99%<\/td>\n<\/tr>\n<tr class=\"row-6\">\n\t<td class=\"column-1\">DECT 1800<\/td><td class=\"column-2\">1800MHz<\/td><td class=\"column-3\">23dB<\/td><td class=\"column-4\">99%<\/td>\n<\/tr>\n<tr class=\"row-7\">\n\t<td class=\"column-1\">UMTS 2000<\/td><td class=\"column-2\">2000MHz<\/td><td class=\"column-3\">21dB<\/td><td class=\"column-4\">99%<\/td>\n<\/tr>\n<tr class=\"row-8\">\n\t<td class=\"column-1\">WLAN 2400<\/td><td class=\"column-2\">2400MHz<\/td><td class=\"column-3\">21dB<\/td><td class=\"column-4\">90%<\/td>\n<\/tr>\n<tr class=\"row-9\">\n\t<td class=\"column-1\">LTE 2600<\/td><td class=\"column-2\">2600MHz<\/td><td class=\"column-3\">21dB<\/td><td class=\"column-4\">99%<\/td>\n<\/tr>\n<tr class=\"row-10\">\n\t<td class=\"column-1\">WLAN 5800<\/td><td class=\"column-2\">5800MHz<\/td><td class=\"column-3\">15dB<\/td><td class=\"column-4\">90%<\/td>\n<\/tr>\n<\/tbody>\n<\/table>\n<!-- #tablepress-19 from cache -->\n<p>Dati tecnici<\/p>\n<p>Alta qualit\u00e0 di produzione<br \/>\nEccellente comfort d&#8217;uso<br \/>\nIdrorepellente<br \/>\nAntivento<br \/>\nTraspirante<br \/>\nSoftshell 90% poliestere + 10% elastan<br \/>\nTessuto schermante 89% cotone organico, 9% poliammide, 2% argento<br \/>\nCappuccio staccabile e regolabile<br \/>\nManiche regolabili<br \/>\nOrlo regolabile<br \/>\nTaglio: leggermente in vita<br \/>\nColore: blu scuro<br \/>\nTaglie: S, M, L<\/p>\n\n<table id=\"tablepress-79\" class=\"tablepress tablepress-id-79\">\n<thead>\n<tr class=\"row-1\">\n\t<th class=\"column-1\">Misure<\/th><th class=\"column-2\">S\/36<\/th><th class=\"column-3\">M\/38<\/th><th class=\"column-4\">L\/40<\/th>\n<\/tr>\n<\/thead>\n<tbody class=\"row-striping row-hover\">\n<tr class=\"row-2\">\n\t<td class=\"column-1\">1\/2 Busto<\/td><td class=\"column-2\">55<\/td><td class=\"column-3\">56<\/td><td class=\"column-4\">58<\/td>\n<\/tr>\n<tr class=\"row-3\">\n\t<td class=\"column-1\">1\/2 Vita<\/td><td class=\"column-2\">49<\/td><td class=\"column-3\">50<\/td><td class=\"column-4\">54<\/td>\n<\/tr>\n<tr class=\"row-4\">\n\t<td class=\"column-1\">1\/2 larghezza dell'orlo<\/td><td class=\"column-2\">55<\/td><td class=\"column-3\">57<\/td><td class=\"column-4\">60<\/td>\n<\/tr>\n<tr class=\"row-5\">\n\t<td class=\"column-1\">Lunghezza del busto<\/td><td class=\"column-2\">64<\/td><td class=\"column-3\">66<\/td><td class=\"column-4\">68<\/td>\n<\/tr>\n<tr class=\"row-6\">\n\t<td class=\"column-1\">Lunghezza del braccio<\/td><td class=\"column-2\">60<\/td><td class=\"column-3\">61<\/td><td class=\"column-4\">63<\/td>\n<\/tr>\n<\/tbody>\n<\/table>\n\n<p>Istruzioni per la cura<\/p>\n<p>Prima del lavaggio<br \/>\nAssicurarsi che sia sufficientemente ventilata e scossa. La giacca softshell non deve essere lavata dopo ogni utilizzo!<br \/>\nSe la lavatrice \u00e8 inevitabile: svuotare le tasche e chiudere tutte le cerniere e le cinghie in velcro.<\/p>\n<p>Lavaggio<br \/>\n\u00c8 preferibile utilizzare un detergente liquido delicato. Il detersivo in polvere potrebbe ostruire i pori dello strato di membrana e compromettere la traspirabilit\u00e0 del tessuto.<br \/>\nUn ciclo di lavaggio semplice, ad esempio per capi delicati, a una temperatura compresa tra 30 e 40 \u00b0C \u00e8 ottimale.<br \/>\nNon utilizzare la centrifuga<br \/>\nUna giacca softshell non deve mai essere messa nell&#8217;asciugatrice! Il modo pi\u00f9 delicato \u00e8 quello di asciugarla all&#8217;aria, su una gruccia o su uno stendino.<\/p>\n","protected":false},"excerpt":{"rendered":"<p>La nostra giacca Irith \u00e8 una giacca funzionale di alta qualit\u00e0 e presenta tutti i vantaggi di una giacca softshell.<br \/>\nLa fodera \u00e8 realizzata in tessuto di cotone organico schermato, che offre inoltre una protezione molto efficace contro le alte frequenze.<br \/>\nConvince per i numerosi dettagli che la rendono la compagna ideale.<br \/>\nAlta qualit\u00e0 di produzione<br \/>\nEccezionale comfort di vestibilit\u00e0<br \/>\nIdrorepellente<br \/>\nResistente al vento<br \/>\nTraspirante<br \/>\nSoftshell 90% poliestere + 10% elastan<br \/>\nTessuto schermante 89% cotone organico, 9% poliammide, 2% argento<br \/>\nCappuccio staccabile e regolabile<br \/>\nManiche regolabili<br \/>\nOrlo regolabile<br \/>\nTaglio: leggermente in vita<br \/>\nColore: blu scuro<br \/>\nTaglie: S, M, L<\/p>\n","protected":false},"featured_media":1223,"template":"","meta":{"inline_featured_image":false,"site-sidebar-layout":"default","site-content-layout":"","ast-site-content-layout":"default","site-content-style":"default","site-sidebar-style":"default","ast-global-header-display":"","ast-banner-title-visibility":"","ast-main-header-display":"","ast-hfb-above-header-display":"","ast-hfb-below-header-display":"","ast-hfb-mobile-header-display":"","site-post-title":"","ast-breadcrumbs-content":"","ast-featured-img":"","footer-sml-layout":"","ast-disable-related-posts":"","theme-transparent-header-meta":"default","adv-header-id-meta":"","stick-header-meta":"","header-above-stick-meta":"","header-main-stick-meta":"","header-below-stick-meta":"","astra-migrate-meta-layouts":"default","ast-page-background-enabled":"default","ast-page-background-meta":{"desktop":{"background-color":"var(--ast-global-color-5)","background-image":"","background-repeat":"repeat","background-position":"center center","background-size":"auto","background-attachment":"scroll","background-type":"","background-media":"","overlay-type":"","overlay-color":"","overlay-opacity":"","overlay-gradient":""},"tablet":{"background-color":"","background-image":"","background-repeat":"repeat","background-position":"center center","background-size":"auto","background-attachment":"scroll","background-type":"","background-media":"","overlay-type":"","overlay-color":"","overlay-opacity":"","overlay-gradient":""},"mobile":{"background-color":"","background-image":"","background-repeat":"repeat","background-position":"center center","background-size":"auto","background-attachment":"scroll","background-type":"","background-media":"","overlay-type":"","overlay-color":"","overlay-opacity":"","overlay-gradient":""}},"ast-content-background-meta":{"desktop":{"background-color":"var(--ast-global-color-4)","background-image":"","background-repeat":"repeat","background-position":"center center","background-size":"auto","background-attachment":"scroll","background-type":"","background-media":"","overlay-type":"","overlay-color":"","overlay-opacity":"","overlay-gradient":""},"tablet":{"background-color":"var(--ast-global-color-4)","background-image":"","background-repeat":"repeat","background-position":"center center","background-size":"auto","background-attachment":"scroll","background-type":"","background-media":"","overlay-type":"","overlay-color":"","overlay-opacity":"","overlay-gradient":""},"mobile":{"background-color":"var(--ast-global-color-4)","background-image":"","background-repeat":"repeat","background-position":"center center","background-size":"auto","background-attachment":"scroll","background-type":"","background-media":"","overlay-type":"","overlay-color":"","overlay-opacity":"","overlay-gradient":""}}},"product_brand":[],"product_cat":[190,202],"product_tag":[192,194],"class_list":{"0":"post-7364","1":"product","2":"type-product","3":"status-publish","4":"has-post-thumbnail","6":"product_cat-abbigliamento-high-tech","7":"product_cat-donne","8":"product_tag-abbigliamenti-schermanti","9":"product_tag-protezione-dal-5g","10":"product_shipping_class-standardversand","11":"pa_groesse-l-3","12":"pa_groesse-m-4","13":"pa_groesse-s-4","14":"desktop-align-left","15":"tablet-align-left","16":"mobile-align-left","18":"first","19":"instock","20":"taxable","21":"shipping-taxable","22":"purchasable","23":"product-type-variable"},"yoast_head":"<!-- This site is optimized with the Yoast SEO plugin v27.4 - https:\/\/yoast.com\/product\/yoast-seo-wordpress\/ -->\n<title>Giacca Softshell Irith Shielding - Elektrosmog-Schutz Onlineshop<\/title>\n<meta name=\"description\" content=\"Una giacca funzionale di alta qualit\u00e0. Foderata con un tessuto di cotone organico schermante che offre una protezione molto efficace contro le alte frequenze.\" \/>\n<meta name=\"robots\" content=\"index, follow, max-snippet:-1, max-image-preview:large, max-video-preview:-1\" \/>\n<link rel=\"canonical\" href=\"https:\/\/ecologa-europe.com\/shop\/produkt\/giacca-softshell-irith-shielding\/\" \/>\n<meta property=\"og:locale\" content=\"de_DE\" \/>\n<meta property=\"og:type\" content=\"article\" \/>\n<meta property=\"og:title\" content=\"Giacca Softshell Irith Shielding - Elektrosmog-Schutz Onlineshop\" \/>\n<meta property=\"og:description\" content=\"Una giacca funzionale di alta qualit\u00e0. Foderata con un tessuto di cotone organico schermante che offre una protezione molto efficace contro le alte frequenze.\" \/>\n<meta property=\"og:url\" content=\"https:\/\/ecologa-europe.com\/shop\/produkt\/giacca-softshell-irith-shielding\/?lang=it\" \/>\n<meta property=\"og:site_name\" content=\"Elektrosmog-Schutz Onlineshop\" \/>\n<meta property=\"article:publisher\" content=\"https:\/\/www.facebook.com\/Ecologa-Europe-GmbH-1604744566252298\/\" \/>\n<meta property=\"article:modified_time\" content=\"2025-05-16T10:38:26+00:00\" \/>\n<meta property=\"og:image\" content=\"https:\/\/ecologa-europe.com\/shop\/wp-content\/uploads\/2025\/04\/Irith_1.jpg\" \/>\n\t<meta property=\"og:image:width\" content=\"1772\" \/>\n\t<meta property=\"og:image:height\" content=\"1280\" \/>\n\t<meta property=\"og:image:type\" content=\"image\/jpeg\" \/>\n<meta name=\"twitter:card\" content=\"summary_large_image\" \/>\n<meta name=\"twitter:label1\" content=\"Gesch\u00e4tzte Lesezeit\" \/>\n\t<meta name=\"twitter:data1\" content=\"2\u00a0Minuten\" \/>\n<script type=\"application\/ld+json\" class=\"yoast-schema-graph\">{\"@context\":\"https:\\\/\\\/schema.org\",\"@graph\":[{\"@type\":\"WebPage\",\"@id\":\"https:\\\/\\\/ecologa-europe.com\\\/shop\\\/produkt\\\/giacca-softshell-irith-shielding\\\/?lang=it\",\"url\":\"https:\\\/\\\/ecologa-europe.com\\\/shop\\\/produkt\\\/giacca-softshell-irith-shielding\\\/?lang=it\",\"name\":\"Giacca Softshell Irith Shielding - Elektrosmog-Schutz Onlineshop\",\"isPartOf\":{\"@id\":\"https:\\\/\\\/ecologa-europe.com\\\/shop\\\/#website\"},\"primaryImageOfPage\":{\"@id\":\"https:\\\/\\\/ecologa-europe.com\\\/shop\\\/produkt\\\/giacca-softshell-irith-shielding\\\/?lang=it#primaryimage\"},\"image\":{\"@id\":\"https:\\\/\\\/ecologa-europe.com\\\/shop\\\/produkt\\\/giacca-softshell-irith-shielding\\\/?lang=it#primaryimage\"},\"thumbnailUrl\":\"https:\\\/\\\/ecologa-europe.com\\\/shop\\\/wp-content\\\/uploads\\\/2025\\\/04\\\/Irith_1.jpg\",\"datePublished\":\"2025-05-16T10:09:55+00:00\",\"dateModified\":\"2025-05-16T10:38:26+00:00\",\"description\":\"Una giacca funzionale di alta qualit\u00e0. Foderata con un tessuto di cotone organico schermante che offre una protezione molto efficace contro le alte frequenze.\",\"breadcrumb\":{\"@id\":\"https:\\\/\\\/ecologa-europe.com\\\/shop\\\/produkt\\\/giacca-softshell-irith-shielding\\\/?lang=it#breadcrumb\"},\"inLanguage\":\"de\",\"potentialAction\":[{\"@type\":\"ReadAction\",\"target\":[\"https:\\\/\\\/ecologa-europe.com\\\/shop\\\/produkt\\\/giacca-softshell-irith-shielding\\\/?lang=it\"]}]},{\"@type\":\"ImageObject\",\"inLanguage\":\"de\",\"@id\":\"https:\\\/\\\/ecologa-europe.com\\\/shop\\\/produkt\\\/giacca-softshell-irith-shielding\\\/?lang=it#primaryimage\",\"url\":\"https:\\\/\\\/ecologa-europe.com\\\/shop\\\/wp-content\\\/uploads\\\/2025\\\/04\\\/Irith_1.jpg\",\"contentUrl\":\"https:\\\/\\\/ecologa-europe.com\\\/shop\\\/wp-content\\\/uploads\\\/2025\\\/04\\\/Irith_1.jpg\",\"width\":1772,\"height\":1280},{\"@type\":\"BreadcrumbList\",\"@id\":\"https:\\\/\\\/ecologa-europe.com\\\/shop\\\/produkt\\\/giacca-softshell-irith-shielding\\\/?lang=it#breadcrumb\",\"itemListElement\":[{\"@type\":\"ListItem\",\"position\":1,\"name\":\"Startseite\",\"item\":\"https:\\\/\\\/ecologa-europe.com\\\/shop\\\/\"},{\"@type\":\"ListItem\",\"position\":2,\"name\":\"Shop\",\"item\":\"https:\\\/\\\/ecologa-europe.com\\\/shop\\\/shop\\\/\"},{\"@type\":\"ListItem\",\"position\":3,\"name\":\"Giacca Softshell Irith Shielding\"}]},{\"@type\":\"WebSite\",\"@id\":\"https:\\\/\\\/ecologa-europe.com\\\/shop\\\/#website\",\"url\":\"https:\\\/\\\/ecologa-europe.com\\\/shop\\\/\",\"name\":\"Elektrosmog-Schutz Onlineshop\",\"description\":\"Ecologa Europe\",\"publisher\":{\"@id\":\"https:\\\/\\\/ecologa-europe.com\\\/shop\\\/#organization\"},\"potentialAction\":[{\"@type\":\"SearchAction\",\"target\":{\"@type\":\"EntryPoint\",\"urlTemplate\":\"https:\\\/\\\/ecologa-europe.com\\\/shop\\\/?s={search_term_string}\"},\"query-input\":{\"@type\":\"PropertyValueSpecification\",\"valueRequired\":true,\"valueName\":\"search_term_string\"}}],\"inLanguage\":\"de\"},{\"@type\":\"Organization\",\"@id\":\"https:\\\/\\\/ecologa-europe.com\\\/shop\\\/#organization\",\"name\":\"Elektrosmog-Schutz Onlineshop\",\"url\":\"https:\\\/\\\/ecologa-europe.com\\\/shop\\\/\",\"logo\":{\"@type\":\"ImageObject\",\"inLanguage\":\"de\",\"@id\":\"https:\\\/\\\/ecologa-europe.com\\\/shop\\\/#\\\/schema\\\/logo\\\/image\\\/\",\"url\":\"https:\\\/\\\/ecologa-europe.com\\\/shop\\\/wp-content\\\/uploads\\\/2025\\\/04\\\/vertical-navbar-logo.svg\",\"contentUrl\":\"https:\\\/\\\/ecologa-europe.com\\\/shop\\\/wp-content\\\/uploads\\\/2025\\\/04\\\/vertical-navbar-logo.svg\",\"width\":182,\"height\":70,\"caption\":\"Elektrosmog-Schutz Onlineshop\"},\"image\":{\"@id\":\"https:\\\/\\\/ecologa-europe.com\\\/shop\\\/#\\\/schema\\\/logo\\\/image\\\/\"},\"sameAs\":[\"https:\\\/\\\/www.facebook.com\\\/Ecologa-Europe-GmbH-1604744566252298\\\/\",\"https:\\\/\\\/www.instagram.com\\\/ecologaeurope\\\/\"]}]}<\/script>\n<!-- \/ Yoast SEO plugin. -->","yoast_head_json":{"title":"Giacca Softshell Irith Shielding - Elektrosmog-Schutz Onlineshop","description":"Una giacca funzionale di alta qualit\u00e0. Foderata con un tessuto di cotone organico schermante che offre una protezione molto efficace contro le alte frequenze.","robots":{"index":"index","follow":"follow","max-snippet":"max-snippet:-1","max-image-preview":"max-image-preview:large","max-video-preview":"max-video-preview:-1"},"canonical":"https:\/\/ecologa-europe.com\/shop\/produkt\/giacca-softshell-irith-shielding\/","og_locale":"de_DE","og_type":"article","og_title":"Giacca Softshell Irith Shielding - Elektrosmog-Schutz Onlineshop","og_description":"Una giacca funzionale di alta qualit\u00e0. Foderata con un tessuto di cotone organico schermante che offre una protezione molto efficace contro le alte frequenze.","og_url":"https:\/\/ecologa-europe.com\/shop\/produkt\/giacca-softshell-irith-shielding\/?lang=it","og_site_name":"Elektrosmog-Schutz Onlineshop","article_publisher":"https:\/\/www.facebook.com\/Ecologa-Europe-GmbH-1604744566252298\/","article_modified_time":"2025-05-16T10:38:26+00:00","og_image":[{"width":1772,"height":1280,"url":"https:\/\/ecologa-europe.com\/shop\/wp-content\/uploads\/2025\/04\/Irith_1.jpg","type":"image\/jpeg"}],"twitter_card":"summary_large_image","twitter_misc":{"Gesch\u00e4tzte Lesezeit":"2\u00a0Minuten"},"schema":{"@context":"https:\/\/schema.org","@graph":[{"@type":"WebPage","@id":"https:\/\/ecologa-europe.com\/shop\/produkt\/giacca-softshell-irith-shielding\/?lang=it","url":"https:\/\/ecologa-europe.com\/shop\/produkt\/giacca-softshell-irith-shielding\/?lang=it","name":"Giacca Softshell Irith Shielding - Elektrosmog-Schutz Onlineshop","isPartOf":{"@id":"https:\/\/ecologa-europe.com\/shop\/#website"},"primaryImageOfPage":{"@id":"https:\/\/ecologa-europe.com\/shop\/produkt\/giacca-softshell-irith-shielding\/?lang=it#primaryimage"},"image":{"@id":"https:\/\/ecologa-europe.com\/shop\/produkt\/giacca-softshell-irith-shielding\/?lang=it#primaryimage"},"thumbnailUrl":"https:\/\/ecologa-europe.com\/shop\/wp-content\/uploads\/2025\/04\/Irith_1.jpg","datePublished":"2025-05-16T10:09:55+00:00","dateModified":"2025-05-16T10:38:26+00:00","description":"Una giacca funzionale di alta qualit\u00e0. Foderata con un tessuto di cotone organico schermante che offre una protezione molto efficace contro le alte frequenze.","breadcrumb":{"@id":"https:\/\/ecologa-europe.com\/shop\/produkt\/giacca-softshell-irith-shielding\/?lang=it#breadcrumb"},"inLanguage":"de","potentialAction":[{"@type":"ReadAction","target":["https:\/\/ecologa-europe.com\/shop\/produkt\/giacca-softshell-irith-shielding\/?lang=it"]}]},{"@type":"ImageObject","inLanguage":"de","@id":"https:\/\/ecologa-europe.com\/shop\/produkt\/giacca-softshell-irith-shielding\/?lang=it#primaryimage","url":"https:\/\/ecologa-europe.com\/shop\/wp-content\/uploads\/2025\/04\/Irith_1.jpg","contentUrl":"https:\/\/ecologa-europe.com\/shop\/wp-content\/uploads\/2025\/04\/Irith_1.jpg","width":1772,"height":1280},{"@type":"BreadcrumbList","@id":"https:\/\/ecologa-europe.com\/shop\/produkt\/giacca-softshell-irith-shielding\/?lang=it#breadcrumb","itemListElement":[{"@type":"ListItem","position":1,"name":"Startseite","item":"https:\/\/ecologa-europe.com\/shop\/"},{"@type":"ListItem","position":2,"name":"Shop","item":"https:\/\/ecologa-europe.com\/shop\/shop\/"},{"@type":"ListItem","position":3,"name":"Giacca Softshell Irith Shielding"}]},{"@type":"WebSite","@id":"https:\/\/ecologa-europe.com\/shop\/#website","url":"https:\/\/ecologa-europe.com\/shop\/","name":"Elektrosmog-Schutz Onlineshop","description":"Ecologa Europe","publisher":{"@id":"https:\/\/ecologa-europe.com\/shop\/#organization"},"potentialAction":[{"@type":"SearchAction","target":{"@type":"EntryPoint","urlTemplate":"https:\/\/ecologa-europe.com\/shop\/?s={search_term_string}"},"query-input":{"@type":"PropertyValueSpecification","valueRequired":true,"valueName":"search_term_string"}}],"inLanguage":"de"},{"@type":"Organization","@id":"https:\/\/ecologa-europe.com\/shop\/#organization","name":"Elektrosmog-Schutz Onlineshop","url":"https:\/\/ecologa-europe.com\/shop\/","logo":{"@type":"ImageObject","inLanguage":"de","@id":"https:\/\/ecologa-europe.com\/shop\/#\/schema\/logo\/image\/","url":"https:\/\/ecologa-europe.com\/shop\/wp-content\/uploads\/2025\/04\/vertical-navbar-logo.svg","contentUrl":"https:\/\/ecologa-europe.com\/shop\/wp-content\/uploads\/2025\/04\/vertical-navbar-logo.svg","width":182,"height":70,"caption":"Elektrosmog-Schutz Onlineshop"},"image":{"@id":"https:\/\/ecologa-europe.com\/shop\/#\/schema\/logo\/image\/"},"sameAs":["https:\/\/www.facebook.com\/Ecologa-Europe-GmbH-1604744566252298\/","https:\/\/www.instagram.com\/ecologaeurope\/"]}]}},"_links":{"self":[{"href":"https:\/\/ecologa-europe.com\/shop\/wp-json\/wp\/v2\/product\/7364","targetHints":{"allow":["GET"]}}],"collection":[{"href":"https:\/\/ecologa-europe.com\/shop\/wp-json\/wp\/v2\/product"}],"about":[{"href":"https:\/\/ecologa-europe.com\/shop\/wp-json\/wp\/v2\/types\/product"}],"wp:featuredmedia":[{"embeddable":true,"href":"https:\/\/ecologa-europe.com\/shop\/wp-json\/wp\/v2\/media\/1223"}],"wp:attachment":[{"href":"https:\/\/ecologa-europe.com\/shop\/wp-json\/wp\/v2\/media?parent=7364"}],"wp:term":[{"taxonomy":"product_brand","embeddable":true,"href":"https:\/\/ecologa-europe.com\/shop\/wp-json\/wp\/v2\/product_brand?post=7364"},{"taxonomy":"product_cat","embeddable":true,"href":"https:\/\/ecologa-europe.com\/shop\/wp-json\/wp\/v2\/product_cat?post=7364"},{"taxonomy":"product_tag","embeddable":true,"href":"https:\/\/ecologa-europe.com\/shop\/wp-json\/wp\/v2\/product_tag?post=7364"}],"curies":[{"name":"wp","href":"https:\/\/api.w.org\/{rel}","templated":true}]}}