{"id":7392,"date":"2025-05-16T10:09:00","date_gmt":"2025-05-16T10:09:00","guid":{"rendered":"https:\/\/639.pm-domains.de\/?post_type=product&#038;p=7392"},"modified":"2026-02-20T22:33:55","modified_gmt":"2026-02-20T22:33:55","slug":"snood-blinde-logan","status":"publish","type":"product","link":"https:\/\/ecologa-europe.com\/shop\/produkt\/snood-blinde-logan\/?lang=fr","title":{"rendered":"Snood blind\u00e9 Logan"},"content":{"rendered":"<p>Le snood est une combinaison d&#8217;\u00e9charpe, de bonnet et de pull \u00e0 col roul\u00e9. Il peut \u00eatre port\u00e9 comme un foulard et \u00eatre rapidement utilis\u00e9 comme couvre-chef, surtout pour garder les oreilles au chaud, car la t\u00eate et le cou doivent \u00eatre bien prot\u00e9g\u00e9s du froid en hiver.<br \/>\nOutre son c\u00f4t\u00e9 pratique, le snood est aussi un accessoire de mode. On peut ainsi le combiner parfaitement avec sa garde-robe hivernale ou le porter comme \u00e9l\u00e9ment phare.<\/p>\n<p>Pour notre mod\u00e8le Logan, nous avons opt\u00e9 pour les couleurs classiques bleu marine, noir, gris clair, bordeaux et kaki.<br \/>\nCet accessoire polyvalent peut \u00eatre port\u00e9 aussi bien par les femmes que par les hommes.<br \/>\nLe snood est fabriqu\u00e9 en coton jersey \u00e0 mailles fines, avec des fils compacts.<br \/>\nIl s&#8217;agit de fils fabriqu\u00e9s \u00e0 l&#8217;aide d&#8217;une technique de filage sp\u00e9ciale. Les fils sont torsad\u00e9s en un tr\u00e8s petit triangle avec torsion, ce qui permet d&#8217;\u00e9liminer les fibres. Cette nouvelle structure de fil conf\u00e8re aux fils compacts une plus grande r\u00e9sistance, un meilleur allongement et moins de pilosit\u00e9. Les fils compacts (\u00e0 torsion \u00e9lev\u00e9e), sont moins rugueux que les fils l\u00e2ches (\u00e0 torsion basse).<\/p>\n<p>L&#8217;int\u00e9rieur de l&#8217;\u00e9charpe tubulaire est rev\u00eatu d&#8217;un tissu de protection qui offre une excellente protection contre les ondes \u00e9lectromagn\u00e9tiques.<br \/>\nIl s&#8217;agit d&#8217;un tissu en polyamide m\u00e9tallis\u00e9 de couleur argent\u00e9e, qui poss\u00e8de une tr\u00e8s grande propri\u00e9t\u00e9 de blindage. Le tricot est fabriqu\u00e9 \u00e0 partir d&#8217;un fil polym\u00e8re fin et monofilament. Gr\u00e2ce \u00e0 la m\u00e9tallisation uniforme, la propri\u00e9t\u00e9 de blindage reste inchang\u00e9e.<br \/>\nCapacit\u00e9 de blindage (0,2 &#8211; 2 GHz) Moyenne < 45 dB de 0,2 GHz - 2 GHz.\nCapacit\u00e9 de blindage (2 - 5 GHz) Moyenne < 40 dB de 2 GHz - 5 GHz.\nCapacit\u00e9 de blindage (5 - 14 GHz) Moyenne < 36 dB de 5 GHz - 14 GHz.\nTissu de protection : 100 % polyamide \/ nylon 6.6\nM\u00e9tallisation : argent fin, Ag\nTissu ext\u00e9rieur : 96 % coton 4 % Lycra\nCirconf\u00e9rence : env. 70 cm, hauteur env. 37 cm\n\nConseils d'entretien :\nLavage d\u00e9licat \u00e0 30\u00b0C.\nNe pas utiliser de d\u00e9sinfectants ou de produits de nettoyage contenant du chlore !\nRenoncer \u00e9galement aux adoucissants.\nNe pas utiliser de s\u00e8che-linge\n<\/p>\n","protected":false},"excerpt":{"rendered":"<p>Pour le blindage contre les ondes \u00e9lectromagn\u00e9tiques \u00e0 haute fr\u00e9quence<br \/>\nFinition de tr\u00e8s haute qualit\u00e9<br \/>\nTr\u00e8s confortable \u00e0 porter.<br \/>\nCet accessoire polyvalent ajoute une touche de style \u00e0 vos looks et peut \u00eatre port\u00e9 aussi bien par les femmes que par les hommes.<br \/>\nL&#8217;int\u00e9rieur est en polyamide argent\u00e9 et offre une excellente protection contre les ondes \u00e9lectromagn\u00e9tiques.<br \/>\nAtt\u00e9nuation tr\u00e8s \u00e9lev\u00e9e du blindage jusqu&#8217;\u00e0 48 dB (>99,99 %).<br \/>\nCouleur : Bordeaux, gris clair, kaki, marine, noir<br \/>\nUnisexe<br \/>\nFabriqu\u00e9 en Allemagne<\/p>\n","protected":false},"featured_media":1105,"template":"","meta":{"inline_featured_image":false,"site-sidebar-layout":"default","site-content-layout":"","ast-site-content-layout":"default","site-content-style":"default","site-sidebar-style":"default","ast-global-header-display":"","ast-banner-title-visibility":"","ast-main-header-display":"","ast-hfb-above-header-display":"","ast-hfb-below-header-display":"","ast-hfb-mobile-header-display":"","site-post-title":"","ast-breadcrumbs-content":"","ast-featured-img":"","footer-sml-layout":"","ast-disable-related-posts":"","theme-transparent-header-meta":"default","adv-header-id-meta":"","stick-header-meta":"","header-above-stick-meta":"","header-main-stick-meta":"","header-below-stick-meta":"","astra-migrate-meta-layouts":"default","ast-page-background-enabled":"default","ast-page-background-meta":{"desktop":{"background-color":"var(--ast-global-color-5)","background-image":"","background-repeat":"repeat","background-position":"center center","background-size":"auto","background-attachment":"scroll","background-type":"","background-media":"","overlay-type":"","overlay-color":"","overlay-opacity":"","overlay-gradient":""},"tablet":{"background-color":"","background-image":"","background-repeat":"repeat","background-position":"center center","background-size":"auto","background-attachment":"scroll","background-type":"","background-media":"","overlay-type":"","overlay-color":"","overlay-opacity":"","overlay-gradient":""},"mobile":{"background-color":"","background-image":"","background-repeat":"repeat","background-position":"center center","background-size":"auto","background-attachment":"scroll","background-type":"","background-media":"","overlay-type":"","overlay-color":"","overlay-opacity":"","overlay-gradient":""}},"ast-content-background-meta":{"desktop":{"background-color":"var(--ast-global-color-4)","background-image":"","background-repeat":"repeat","background-position":"center center","background-size":"auto","background-attachment":"scroll","background-type":"","background-media":"","overlay-type":"","overlay-color":"","overlay-opacity":"","overlay-gradient":""},"tablet":{"background-color":"var(--ast-global-color-4)","background-image":"","background-repeat":"repeat","background-position":"center center","background-size":"auto","background-attachment":"scroll","background-type":"","background-media":"","overlay-type":"","overlay-color":"","overlay-opacity":"","overlay-gradient":""},"mobile":{"background-color":"var(--ast-global-color-4)","background-image":"","background-repeat":"repeat","background-position":"center center","background-size":"auto","background-attachment":"scroll","background-type":"","background-media":"","overlay-type":"","overlay-color":"","overlay-opacity":"","overlay-gradient":""}}},"product_brand":[],"product_cat":[198,185],"product_tag":[188],"class_list":{"0":"post-7392","1":"product","2":"type-product","3":"status-publish","4":"has-post-thumbnail","6":"product_cat-femmes","7":"product_cat-vetements-high-tech","8":"product_tag-vetements-de-protection","9":"product_shipping_class-standardversand","10":"pa_farbe-bordeaux-4","11":"pa_farbe-gris-clair","12":"pa_farbe-kaki","13":"pa_farbe-marine-2","14":"pa_farbe-noir","15":"desktop-align-left","16":"tablet-align-left","17":"mobile-align-left","19":"first","20":"instock","21":"taxable","22":"shipping-taxable","23":"purchasable","24":"product-type-variable"},"yoast_head":"<!-- This site is optimized with the Yoast SEO plugin v27.4 - https:\/\/yoast.com\/product\/yoast-seo-wordpress\/ -->\n<title>Snood blind\u00e9 Logan - Elektrosmog-Schutz Onlineshop<\/title>\n<meta name=\"description\" content=\"L&#039;int\u00e9rieur de l&#039;\u00e9charpe tubulaire est doubl\u00e9 d&#039;un tissu de blindage qui offre une excellente protection contre les ondes \u00e9lectromagn\u00e9tiques.\" \/>\n<meta name=\"robots\" content=\"index, follow, max-snippet:-1, max-image-preview:large, max-video-preview:-1\" \/>\n<link rel=\"canonical\" href=\"https:\/\/ecologa-europe.com\/shop\/produkt\/snood-blinde-logan\/\" \/>\n<meta property=\"og:locale\" content=\"de_DE\" \/>\n<meta property=\"og:type\" content=\"article\" \/>\n<meta property=\"og:title\" content=\"Snood blind\u00e9 Logan - Elektrosmog-Schutz Onlineshop\" \/>\n<meta property=\"og:description\" content=\"L&#039;int\u00e9rieur de l&#039;\u00e9charpe tubulaire est doubl\u00e9 d&#039;un tissu de blindage qui offre une excellente protection contre les ondes \u00e9lectromagn\u00e9tiques.\" \/>\n<meta property=\"og:url\" content=\"https:\/\/ecologa-europe.com\/shop\/produkt\/snood-blinde-logan\/?lang=fr\" \/>\n<meta property=\"og:site_name\" content=\"Elektrosmog-Schutz Onlineshop\" \/>\n<meta property=\"article:publisher\" content=\"https:\/\/www.facebook.com\/Ecologa-Europe-GmbH-1604744566252298\/\" \/>\n<meta property=\"article:modified_time\" content=\"2026-02-20T22:33:55+00:00\" \/>\n<meta property=\"og:image\" content=\"https:\/\/ecologa-europe.com\/shop\/wp-content\/uploads\/2025\/04\/logan_khaki_1.jpg\" \/>\n\t<meta property=\"og:image:width\" content=\"1772\" \/>\n\t<meta property=\"og:image:height\" content=\"1280\" \/>\n\t<meta property=\"og:image:type\" content=\"image\/jpeg\" \/>\n<meta name=\"twitter:card\" content=\"summary_large_image\" \/>\n<meta name=\"twitter:label1\" content=\"Gesch\u00e4tzte Lesezeit\" \/>\n\t<meta name=\"twitter:data1\" content=\"2\u00a0Minuten\" \/>\n<script type=\"application\/ld+json\" class=\"yoast-schema-graph\">{\"@context\":\"https:\\\/\\\/schema.org\",\"@graph\":[{\"@type\":\"WebPage\",\"@id\":\"https:\\\/\\\/ecologa-europe.com\\\/shop\\\/produkt\\\/snood-blinde-logan\\\/?lang=fr\",\"url\":\"https:\\\/\\\/ecologa-europe.com\\\/shop\\\/produkt\\\/snood-blinde-logan\\\/?lang=fr\",\"name\":\"Snood blind\u00e9 Logan - Elektrosmog-Schutz Onlineshop\",\"isPartOf\":{\"@id\":\"https:\\\/\\\/ecologa-europe.com\\\/shop\\\/#website\"},\"primaryImageOfPage\":{\"@id\":\"https:\\\/\\\/ecologa-europe.com\\\/shop\\\/produkt\\\/snood-blinde-logan\\\/?lang=fr#primaryimage\"},\"image\":{\"@id\":\"https:\\\/\\\/ecologa-europe.com\\\/shop\\\/produkt\\\/snood-blinde-logan\\\/?lang=fr#primaryimage\"},\"thumbnailUrl\":\"https:\\\/\\\/ecologa-europe.com\\\/shop\\\/wp-content\\\/uploads\\\/2025\\\/04\\\/logan_khaki_1.jpg\",\"datePublished\":\"2025-05-16T10:09:00+00:00\",\"dateModified\":\"2026-02-20T22:33:55+00:00\",\"description\":\"L'int\u00e9rieur de l'\u00e9charpe tubulaire est doubl\u00e9 d'un tissu de blindage qui offre une excellente protection contre les ondes \u00e9lectromagn\u00e9tiques.\",\"breadcrumb\":{\"@id\":\"https:\\\/\\\/ecologa-europe.com\\\/shop\\\/produkt\\\/snood-blinde-logan\\\/?lang=fr#breadcrumb\"},\"inLanguage\":\"de\",\"potentialAction\":[{\"@type\":\"ReadAction\",\"target\":[\"https:\\\/\\\/ecologa-europe.com\\\/shop\\\/produkt\\\/snood-blinde-logan\\\/?lang=fr\"]}]},{\"@type\":\"ImageObject\",\"inLanguage\":\"de\",\"@id\":\"https:\\\/\\\/ecologa-europe.com\\\/shop\\\/produkt\\\/snood-blinde-logan\\\/?lang=fr#primaryimage\",\"url\":\"https:\\\/\\\/ecologa-europe.com\\\/shop\\\/wp-content\\\/uploads\\\/2025\\\/04\\\/logan_khaki_1.jpg\",\"contentUrl\":\"https:\\\/\\\/ecologa-europe.com\\\/shop\\\/wp-content\\\/uploads\\\/2025\\\/04\\\/logan_khaki_1.jpg\",\"width\":1772,\"height\":1280},{\"@type\":\"BreadcrumbList\",\"@id\":\"https:\\\/\\\/ecologa-europe.com\\\/shop\\\/produkt\\\/snood-blinde-logan\\\/?lang=fr#breadcrumb\",\"itemListElement\":[{\"@type\":\"ListItem\",\"position\":1,\"name\":\"Startseite\",\"item\":\"https:\\\/\\\/ecologa-europe.com\\\/shop\\\/\"},{\"@type\":\"ListItem\",\"position\":2,\"name\":\"Shop\",\"item\":\"https:\\\/\\\/ecologa-europe.com\\\/shop\\\/shop\\\/\"},{\"@type\":\"ListItem\",\"position\":3,\"name\":\"Snood blind\u00e9 Logan\"}]},{\"@type\":\"WebSite\",\"@id\":\"https:\\\/\\\/ecologa-europe.com\\\/shop\\\/#website\",\"url\":\"https:\\\/\\\/ecologa-europe.com\\\/shop\\\/\",\"name\":\"Elektrosmog-Schutz Onlineshop\",\"description\":\"Ecologa Europe\",\"publisher\":{\"@id\":\"https:\\\/\\\/ecologa-europe.com\\\/shop\\\/#organization\"},\"potentialAction\":[{\"@type\":\"SearchAction\",\"target\":{\"@type\":\"EntryPoint\",\"urlTemplate\":\"https:\\\/\\\/ecologa-europe.com\\\/shop\\\/?s={search_term_string}\"},\"query-input\":{\"@type\":\"PropertyValueSpecification\",\"valueRequired\":true,\"valueName\":\"search_term_string\"}}],\"inLanguage\":\"de\"},{\"@type\":\"Organization\",\"@id\":\"https:\\\/\\\/ecologa-europe.com\\\/shop\\\/#organization\",\"name\":\"Elektrosmog-Schutz Onlineshop\",\"url\":\"https:\\\/\\\/ecologa-europe.com\\\/shop\\\/\",\"logo\":{\"@type\":\"ImageObject\",\"inLanguage\":\"de\",\"@id\":\"https:\\\/\\\/ecologa-europe.com\\\/shop\\\/#\\\/schema\\\/logo\\\/image\\\/\",\"url\":\"https:\\\/\\\/ecologa-europe.com\\\/shop\\\/wp-content\\\/uploads\\\/2025\\\/04\\\/vertical-navbar-logo.svg\",\"contentUrl\":\"https:\\\/\\\/ecologa-europe.com\\\/shop\\\/wp-content\\\/uploads\\\/2025\\\/04\\\/vertical-navbar-logo.svg\",\"width\":182,\"height\":70,\"caption\":\"Elektrosmog-Schutz Onlineshop\"},\"image\":{\"@id\":\"https:\\\/\\\/ecologa-europe.com\\\/shop\\\/#\\\/schema\\\/logo\\\/image\\\/\"},\"sameAs\":[\"https:\\\/\\\/www.facebook.com\\\/Ecologa-Europe-GmbH-1604744566252298\\\/\",\"https:\\\/\\\/www.instagram.com\\\/ecologaeurope\\\/\"]}]}<\/script>\n<!-- \/ Yoast SEO plugin. -->","yoast_head_json":{"title":"Snood blind\u00e9 Logan - Elektrosmog-Schutz Onlineshop","description":"L'int\u00e9rieur de l'\u00e9charpe tubulaire est doubl\u00e9 d'un tissu de blindage qui offre une excellente protection contre les ondes \u00e9lectromagn\u00e9tiques.","robots":{"index":"index","follow":"follow","max-snippet":"max-snippet:-1","max-image-preview":"max-image-preview:large","max-video-preview":"max-video-preview:-1"},"canonical":"https:\/\/ecologa-europe.com\/shop\/produkt\/snood-blinde-logan\/","og_locale":"de_DE","og_type":"article","og_title":"Snood blind\u00e9 Logan - Elektrosmog-Schutz Onlineshop","og_description":"L'int\u00e9rieur de l'\u00e9charpe tubulaire est doubl\u00e9 d'un tissu de blindage qui offre une excellente protection contre les ondes \u00e9lectromagn\u00e9tiques.","og_url":"https:\/\/ecologa-europe.com\/shop\/produkt\/snood-blinde-logan\/?lang=fr","og_site_name":"Elektrosmog-Schutz Onlineshop","article_publisher":"https:\/\/www.facebook.com\/Ecologa-Europe-GmbH-1604744566252298\/","article_modified_time":"2026-02-20T22:33:55+00:00","og_image":[{"width":1772,"height":1280,"url":"https:\/\/ecologa-europe.com\/shop\/wp-content\/uploads\/2025\/04\/logan_khaki_1.jpg","type":"image\/jpeg"}],"twitter_card":"summary_large_image","twitter_misc":{"Gesch\u00e4tzte Lesezeit":"2\u00a0Minuten"},"schema":{"@context":"https:\/\/schema.org","@graph":[{"@type":"WebPage","@id":"https:\/\/ecologa-europe.com\/shop\/produkt\/snood-blinde-logan\/?lang=fr","url":"https:\/\/ecologa-europe.com\/shop\/produkt\/snood-blinde-logan\/?lang=fr","name":"Snood blind\u00e9 Logan - Elektrosmog-Schutz Onlineshop","isPartOf":{"@id":"https:\/\/ecologa-europe.com\/shop\/#website"},"primaryImageOfPage":{"@id":"https:\/\/ecologa-europe.com\/shop\/produkt\/snood-blinde-logan\/?lang=fr#primaryimage"},"image":{"@id":"https:\/\/ecologa-europe.com\/shop\/produkt\/snood-blinde-logan\/?lang=fr#primaryimage"},"thumbnailUrl":"https:\/\/ecologa-europe.com\/shop\/wp-content\/uploads\/2025\/04\/logan_khaki_1.jpg","datePublished":"2025-05-16T10:09:00+00:00","dateModified":"2026-02-20T22:33:55+00:00","description":"L'int\u00e9rieur de l'\u00e9charpe tubulaire est doubl\u00e9 d'un tissu de blindage qui offre une excellente protection contre les ondes \u00e9lectromagn\u00e9tiques.","breadcrumb":{"@id":"https:\/\/ecologa-europe.com\/shop\/produkt\/snood-blinde-logan\/?lang=fr#breadcrumb"},"inLanguage":"de","potentialAction":[{"@type":"ReadAction","target":["https:\/\/ecologa-europe.com\/shop\/produkt\/snood-blinde-logan\/?lang=fr"]}]},{"@type":"ImageObject","inLanguage":"de","@id":"https:\/\/ecologa-europe.com\/shop\/produkt\/snood-blinde-logan\/?lang=fr#primaryimage","url":"https:\/\/ecologa-europe.com\/shop\/wp-content\/uploads\/2025\/04\/logan_khaki_1.jpg","contentUrl":"https:\/\/ecologa-europe.com\/shop\/wp-content\/uploads\/2025\/04\/logan_khaki_1.jpg","width":1772,"height":1280},{"@type":"BreadcrumbList","@id":"https:\/\/ecologa-europe.com\/shop\/produkt\/snood-blinde-logan\/?lang=fr#breadcrumb","itemListElement":[{"@type":"ListItem","position":1,"name":"Startseite","item":"https:\/\/ecologa-europe.com\/shop\/"},{"@type":"ListItem","position":2,"name":"Shop","item":"https:\/\/ecologa-europe.com\/shop\/shop\/"},{"@type":"ListItem","position":3,"name":"Snood blind\u00e9 Logan"}]},{"@type":"WebSite","@id":"https:\/\/ecologa-europe.com\/shop\/#website","url":"https:\/\/ecologa-europe.com\/shop\/","name":"Elektrosmog-Schutz Onlineshop","description":"Ecologa Europe","publisher":{"@id":"https:\/\/ecologa-europe.com\/shop\/#organization"},"potentialAction":[{"@type":"SearchAction","target":{"@type":"EntryPoint","urlTemplate":"https:\/\/ecologa-europe.com\/shop\/?s={search_term_string}"},"query-input":{"@type":"PropertyValueSpecification","valueRequired":true,"valueName":"search_term_string"}}],"inLanguage":"de"},{"@type":"Organization","@id":"https:\/\/ecologa-europe.com\/shop\/#organization","name":"Elektrosmog-Schutz Onlineshop","url":"https:\/\/ecologa-europe.com\/shop\/","logo":{"@type":"ImageObject","inLanguage":"de","@id":"https:\/\/ecologa-europe.com\/shop\/#\/schema\/logo\/image\/","url":"https:\/\/ecologa-europe.com\/shop\/wp-content\/uploads\/2025\/04\/vertical-navbar-logo.svg","contentUrl":"https:\/\/ecologa-europe.com\/shop\/wp-content\/uploads\/2025\/04\/vertical-navbar-logo.svg","width":182,"height":70,"caption":"Elektrosmog-Schutz Onlineshop"},"image":{"@id":"https:\/\/ecologa-europe.com\/shop\/#\/schema\/logo\/image\/"},"sameAs":["https:\/\/www.facebook.com\/Ecologa-Europe-GmbH-1604744566252298\/","https:\/\/www.instagram.com\/ecologaeurope\/"]}]}},"_links":{"self":[{"href":"https:\/\/ecologa-europe.com\/shop\/wp-json\/wp\/v2\/product\/7392","targetHints":{"allow":["GET"]}}],"collection":[{"href":"https:\/\/ecologa-europe.com\/shop\/wp-json\/wp\/v2\/product"}],"about":[{"href":"https:\/\/ecologa-europe.com\/shop\/wp-json\/wp\/v2\/types\/product"}],"wp:featuredmedia":[{"embeddable":true,"href":"https:\/\/ecologa-europe.com\/shop\/wp-json\/wp\/v2\/media\/1105"}],"wp:attachment":[{"href":"https:\/\/ecologa-europe.com\/shop\/wp-json\/wp\/v2\/media?parent=7392"}],"wp:term":[{"taxonomy":"product_brand","embeddable":true,"href":"https:\/\/ecologa-europe.com\/shop\/wp-json\/wp\/v2\/product_brand?post=7392"},{"taxonomy":"product_cat","embeddable":true,"href":"https:\/\/ecologa-europe.com\/shop\/wp-json\/wp\/v2\/product_cat?post=7392"},{"taxonomy":"product_tag","embeddable":true,"href":"https:\/\/ecologa-europe.com\/shop\/wp-json\/wp\/v2\/product_tag?post=7392"}],"curies":[{"name":"wp","href":"https:\/\/api.w.org\/{rel}","templated":true}]}}