{"id":7398,"date":"2025-05-16T10:09:00","date_gmt":"2025-05-16T10:09:00","guid":{"rendered":"https:\/\/639.pm-domains.de\/?post_type=product&#038;p=7398"},"modified":"2025-05-16T10:38:04","modified_gmt":"2025-05-16T10:38:04","slug":"snood-schermante-logan","status":"publish","type":"product","link":"https:\/\/ecologa-europe.com\/shop\/produkt\/snood-schermante-logan\/?lang=it","title":{"rendered":"Snood schermante Logan"},"content":{"rendered":"<p>Lo snood \u00e8 una combinazione di sciarpa, cappello e dolcevita. Pu\u00f2 essere indossato come una sciarpa e utilizzato rapidamente come copricapo che tiene al caldo soprattutto le orecchie, poich\u00e9 in inverno la testa e il collo devono essere ben protetti dal freddo.<br \/>\nOltre all&#8217;aspetto pratico, lo snood \u00e8 anche un accessorio di moda. Si pu\u00f2 quindi abbinare perfettamente al proprio guardaroba invernale o indossarlo come elemento di spicco.<\/p>\n<p>Per il nostro modello Logan abbiamo scelto i classici colori blu navy, nero, grigio chiaro, bordeaux e kaki.<br \/>\nQuesto accessorio versatile pu\u00f2 essere indossato sia da donne che da uomini.<br \/>\nLo Snood \u00e8 realizzato in cotone jersey a maglia fine, con filati compatti.<br \/>\nSi tratta di filati realizzati con una speciale tecnica di filatura. I filati vengono ritorti in un triangolo molto piccolo con una torsione che elimina le fibre. Questa nuova struttura del filato conferisce ai filati compatti maggiore resistenza, migliore elasticit\u00e0 e minore pelosit\u00e0. I filati compatti (ad alta torsione) sono meno ruvidi di quelli sciolti (a bassa torsione).<\/p>\n<p>L&#8217;interno della sciarpa tubolare \u00e8 rivestito con un tessuto protettivo che offre un&#8217;eccellente protezione dalle onde elettromagnetiche.<br \/>\nSi tratta di un tessuto poliammidico metallizzato di colore argento che ha propriet\u00e0 schermanti molto elevate. Il tessuto a maglia \u00e8 realizzato con un sottile filato polimerico monofilamento. Grazie alla metallizzazione uniforme, la propriet\u00e0 di schermatura rimane invariata.<br \/>\nCapacit\u00e0 di schermatura (0,2-2 GHz) Media < 45 dB da 0,2 GHz a 2 GHz.\nCapacit\u00e0 di schermatura (2 - 5 GHz) In media < 40 dB da 2 GHz - 5 GHz.\nCapacit\u00e0 di schermatura (5 - 14 GHz) In media < 36 dB da 5 GHz a 14 GHz.\nMateriale di schermatura: 100 % poliammide \/ nylon 6.6\nMetallizzazione: argento fino, Ag\nTessuto esterno: 96 % cotone 4 % lycra\nCirconferenza: ca. 70 cm, altezza ca. 37 cm\n\nIstruzioni per la cura:\nLavare delicatamente a 30\u00b0C.\nNon utilizzare disinfettanti o detergenti contenenti cloro!\nNon utilizzare ammorbidenti.\nNon adatto all'asciugatrice\n<\/p>\n","protected":false},"excerpt":{"rendered":"<p>Per schermare le onde elettromagnetiche ad alta frequenza<br \/>\nLavorazione di altissima qualit\u00e0<br \/>\nElevato comfort di utilizzo.<br \/>\nQuesto accessorio versatile aggiunge un tocco di stile al vostro look e pu\u00f2 essere indossato sia da donne che da uomini.<br \/>\nL&#8217;interno \u00e8 realizzato in poliammide argentata e offre un&#8217;eccellente protezione dalle onde elettromagnetiche.<br \/>\nAttenuazione molto elevata, fino a 48 dB (>99,99%).<br \/>\nColore: Bordeaux, Grigio chiaro, Cachi, Marina, Nero<br \/>\nUnisex<br \/>\nProdotto in Germania<\/p>\n","protected":false},"featured_media":1106,"template":"","meta":{"inline_featured_image":false,"site-sidebar-layout":"default","site-content-layout":"","ast-site-content-layout":"default","site-content-style":"default","site-sidebar-style":"default","ast-global-header-display":"","ast-banner-title-visibility":"","ast-main-header-display":"","ast-hfb-above-header-display":"","ast-hfb-below-header-display":"","ast-hfb-mobile-header-display":"","site-post-title":"","ast-breadcrumbs-content":"","ast-featured-img":"","footer-sml-layout":"","ast-disable-related-posts":"","theme-transparent-header-meta":"default","adv-header-id-meta":"","stick-header-meta":"","header-above-stick-meta":"","header-main-stick-meta":"","header-below-stick-meta":"","astra-migrate-meta-layouts":"default","ast-page-background-enabled":"default","ast-page-background-meta":{"desktop":{"background-color":"var(--ast-global-color-5)","background-image":"","background-repeat":"repeat","background-position":"center center","background-size":"auto","background-attachment":"scroll","background-type":"","background-media":"","overlay-type":"","overlay-color":"","overlay-opacity":"","overlay-gradient":""},"tablet":{"background-color":"","background-image":"","background-repeat":"repeat","background-position":"center center","background-size":"auto","background-attachment":"scroll","background-type":"","background-media":"","overlay-type":"","overlay-color":"","overlay-opacity":"","overlay-gradient":""},"mobile":{"background-color":"","background-image":"","background-repeat":"repeat","background-position":"center center","background-size":"auto","background-attachment":"scroll","background-type":"","background-media":"","overlay-type":"","overlay-color":"","overlay-opacity":"","overlay-gradient":""}},"ast-content-background-meta":{"desktop":{"background-color":"var(--ast-global-color-4)","background-image":"","background-repeat":"repeat","background-position":"center center","background-size":"auto","background-attachment":"scroll","background-type":"","background-media":"","overlay-type":"","overlay-color":"","overlay-opacity":"","overlay-gradient":""},"tablet":{"background-color":"var(--ast-global-color-4)","background-image":"","background-repeat":"repeat","background-position":"center center","background-size":"auto","background-attachment":"scroll","background-type":"","background-media":"","overlay-type":"","overlay-color":"","overlay-opacity":"","overlay-gradient":""},"mobile":{"background-color":"var(--ast-global-color-4)","background-image":"","background-repeat":"repeat","background-position":"center center","background-size":"auto","background-attachment":"scroll","background-type":"","background-media":"","overlay-type":"","overlay-color":"","overlay-opacity":"","overlay-gradient":""}}},"product_brand":[],"product_cat":[190,202],"product_tag":[192,194,209],"class_list":{"0":"post-7398","1":"product","2":"type-product","3":"status-publish","4":"has-post-thumbnail","6":"product_cat-abbigliamento-high-tech","7":"product_cat-donne","8":"product_tag-abbigliamenti-schermanti","9":"product_tag-protezione-dal-5g","10":"product_tag-protezione-dallelettrosmog","11":"product_shipping_class-standardversand","12":"pa_farbe-blu-navy","13":"pa_farbe-bordeaux-2","14":"pa_farbe-grigio-chiaro","15":"pa_farbe-khaki-3","16":"pa_farbe-nero","17":"desktop-align-left","18":"tablet-align-left","19":"mobile-align-left","21":"first","22":"instock","23":"taxable","24":"shipping-taxable","25":"purchasable","26":"product-type-variable"},"yoast_head":"<!-- This site is optimized with the Yoast SEO plugin v27.4 - https:\/\/yoast.com\/product\/yoast-seo-wordpress\/ -->\n<title>Snood schermante Logan - Elektrosmog-Schutz Onlineshop<\/title>\n<meta name=\"description\" content=\"L&#039;interno dello snood \u00e8 foderato con un tessuto schermante che offre un&#039;eccellente protezione dalle onde elettromagnetiche.\" \/>\n<meta name=\"robots\" content=\"index, follow, max-snippet:-1, max-image-preview:large, max-video-preview:-1\" \/>\n<link rel=\"canonical\" href=\"https:\/\/ecologa-europe.com\/shop\/produkt\/snood-schermante-logan\/\" \/>\n<meta property=\"og:locale\" content=\"de_DE\" \/>\n<meta property=\"og:type\" content=\"article\" \/>\n<meta property=\"og:title\" content=\"Snood schermante Logan - Elektrosmog-Schutz Onlineshop\" \/>\n<meta property=\"og:description\" content=\"L&#039;interno dello snood \u00e8 foderato con un tessuto schermante che offre un&#039;eccellente protezione dalle onde elettromagnetiche.\" \/>\n<meta property=\"og:url\" content=\"https:\/\/ecologa-europe.com\/shop\/produkt\/snood-schermante-logan\/?lang=it\" \/>\n<meta property=\"og:site_name\" content=\"Elektrosmog-Schutz Onlineshop\" \/>\n<meta property=\"article:publisher\" content=\"https:\/\/www.facebook.com\/Ecologa-Europe-GmbH-1604744566252298\/\" \/>\n<meta property=\"article:modified_time\" content=\"2025-05-16T10:38:04+00:00\" \/>\n<meta property=\"og:image\" content=\"https:\/\/ecologa-europe.com\/shop\/wp-content\/uploads\/2025\/04\/logan_khaki_1.jpg\" \/>\n\t<meta property=\"og:image:width\" content=\"1772\" \/>\n\t<meta property=\"og:image:height\" content=\"1280\" \/>\n\t<meta property=\"og:image:type\" content=\"image\/jpeg\" \/>\n<meta name=\"twitter:card\" content=\"summary_large_image\" \/>\n<meta name=\"twitter:label1\" content=\"Gesch\u00e4tzte Lesezeit\" \/>\n\t<meta name=\"twitter:data1\" content=\"1\u00a0Minute\" \/>\n<script type=\"application\/ld+json\" class=\"yoast-schema-graph\">{\"@context\":\"https:\\\/\\\/schema.org\",\"@graph\":[{\"@type\":\"WebPage\",\"@id\":\"https:\\\/\\\/ecologa-europe.com\\\/shop\\\/produkt\\\/snood-schermante-logan\\\/?lang=it\",\"url\":\"https:\\\/\\\/ecologa-europe.com\\\/shop\\\/produkt\\\/snood-schermante-logan\\\/?lang=it\",\"name\":\"Snood schermante Logan - Elektrosmog-Schutz Onlineshop\",\"isPartOf\":{\"@id\":\"https:\\\/\\\/ecologa-europe.com\\\/shop\\\/#website\"},\"primaryImageOfPage\":{\"@id\":\"https:\\\/\\\/ecologa-europe.com\\\/shop\\\/produkt\\\/snood-schermante-logan\\\/?lang=it#primaryimage\"},\"image\":{\"@id\":\"https:\\\/\\\/ecologa-europe.com\\\/shop\\\/produkt\\\/snood-schermante-logan\\\/?lang=it#primaryimage\"},\"thumbnailUrl\":\"https:\\\/\\\/ecologa-europe.com\\\/shop\\\/wp-content\\\/uploads\\\/2025\\\/04\\\/logan_khaki_1.jpg\",\"datePublished\":\"2025-05-16T10:09:00+00:00\",\"dateModified\":\"2025-05-16T10:38:04+00:00\",\"description\":\"L'interno dello snood \u00e8 foderato con un tessuto schermante che offre un'eccellente protezione dalle onde elettromagnetiche.\",\"breadcrumb\":{\"@id\":\"https:\\\/\\\/ecologa-europe.com\\\/shop\\\/produkt\\\/snood-schermante-logan\\\/?lang=it#breadcrumb\"},\"inLanguage\":\"de\",\"potentialAction\":[{\"@type\":\"ReadAction\",\"target\":[\"https:\\\/\\\/ecologa-europe.com\\\/shop\\\/produkt\\\/snood-schermante-logan\\\/?lang=it\"]}]},{\"@type\":\"ImageObject\",\"inLanguage\":\"de\",\"@id\":\"https:\\\/\\\/ecologa-europe.com\\\/shop\\\/produkt\\\/snood-schermante-logan\\\/?lang=it#primaryimage\",\"url\":\"https:\\\/\\\/ecologa-europe.com\\\/shop\\\/wp-content\\\/uploads\\\/2025\\\/04\\\/logan_khaki_1.jpg\",\"contentUrl\":\"https:\\\/\\\/ecologa-europe.com\\\/shop\\\/wp-content\\\/uploads\\\/2025\\\/04\\\/logan_khaki_1.jpg\",\"width\":1772,\"height\":1280},{\"@type\":\"BreadcrumbList\",\"@id\":\"https:\\\/\\\/ecologa-europe.com\\\/shop\\\/produkt\\\/snood-schermante-logan\\\/?lang=it#breadcrumb\",\"itemListElement\":[{\"@type\":\"ListItem\",\"position\":1,\"name\":\"Startseite\",\"item\":\"https:\\\/\\\/ecologa-europe.com\\\/shop\\\/\"},{\"@type\":\"ListItem\",\"position\":2,\"name\":\"Shop\",\"item\":\"https:\\\/\\\/ecologa-europe.com\\\/shop\\\/shop\\\/\"},{\"@type\":\"ListItem\",\"position\":3,\"name\":\"Snood schermante Logan\"}]},{\"@type\":\"WebSite\",\"@id\":\"https:\\\/\\\/ecologa-europe.com\\\/shop\\\/#website\",\"url\":\"https:\\\/\\\/ecologa-europe.com\\\/shop\\\/\",\"name\":\"Elektrosmog-Schutz Onlineshop\",\"description\":\"Ecologa Europe\",\"publisher\":{\"@id\":\"https:\\\/\\\/ecologa-europe.com\\\/shop\\\/#organization\"},\"potentialAction\":[{\"@type\":\"SearchAction\",\"target\":{\"@type\":\"EntryPoint\",\"urlTemplate\":\"https:\\\/\\\/ecologa-europe.com\\\/shop\\\/?s={search_term_string}\"},\"query-input\":{\"@type\":\"PropertyValueSpecification\",\"valueRequired\":true,\"valueName\":\"search_term_string\"}}],\"inLanguage\":\"de\"},{\"@type\":\"Organization\",\"@id\":\"https:\\\/\\\/ecologa-europe.com\\\/shop\\\/#organization\",\"name\":\"Elektrosmog-Schutz Onlineshop\",\"url\":\"https:\\\/\\\/ecologa-europe.com\\\/shop\\\/\",\"logo\":{\"@type\":\"ImageObject\",\"inLanguage\":\"de\",\"@id\":\"https:\\\/\\\/ecologa-europe.com\\\/shop\\\/#\\\/schema\\\/logo\\\/image\\\/\",\"url\":\"https:\\\/\\\/ecologa-europe.com\\\/shop\\\/wp-content\\\/uploads\\\/2025\\\/04\\\/vertical-navbar-logo.svg\",\"contentUrl\":\"https:\\\/\\\/ecologa-europe.com\\\/shop\\\/wp-content\\\/uploads\\\/2025\\\/04\\\/vertical-navbar-logo.svg\",\"width\":182,\"height\":70,\"caption\":\"Elektrosmog-Schutz Onlineshop\"},\"image\":{\"@id\":\"https:\\\/\\\/ecologa-europe.com\\\/shop\\\/#\\\/schema\\\/logo\\\/image\\\/\"},\"sameAs\":[\"https:\\\/\\\/www.facebook.com\\\/Ecologa-Europe-GmbH-1604744566252298\\\/\",\"https:\\\/\\\/www.instagram.com\\\/ecologaeurope\\\/\"]}]}<\/script>\n<!-- \/ Yoast SEO plugin. -->","yoast_head_json":{"title":"Snood schermante Logan - Elektrosmog-Schutz Onlineshop","description":"L'interno dello snood \u00e8 foderato con un tessuto schermante che offre un'eccellente protezione dalle onde elettromagnetiche.","robots":{"index":"index","follow":"follow","max-snippet":"max-snippet:-1","max-image-preview":"max-image-preview:large","max-video-preview":"max-video-preview:-1"},"canonical":"https:\/\/ecologa-europe.com\/shop\/produkt\/snood-schermante-logan\/","og_locale":"de_DE","og_type":"article","og_title":"Snood schermante Logan - Elektrosmog-Schutz Onlineshop","og_description":"L'interno dello snood \u00e8 foderato con un tessuto schermante che offre un'eccellente protezione dalle onde elettromagnetiche.","og_url":"https:\/\/ecologa-europe.com\/shop\/produkt\/snood-schermante-logan\/?lang=it","og_site_name":"Elektrosmog-Schutz Onlineshop","article_publisher":"https:\/\/www.facebook.com\/Ecologa-Europe-GmbH-1604744566252298\/","article_modified_time":"2025-05-16T10:38:04+00:00","og_image":[{"width":1772,"height":1280,"url":"https:\/\/ecologa-europe.com\/shop\/wp-content\/uploads\/2025\/04\/logan_khaki_1.jpg","type":"image\/jpeg"}],"twitter_card":"summary_large_image","twitter_misc":{"Gesch\u00e4tzte Lesezeit":"1\u00a0Minute"},"schema":{"@context":"https:\/\/schema.org","@graph":[{"@type":"WebPage","@id":"https:\/\/ecologa-europe.com\/shop\/produkt\/snood-schermante-logan\/?lang=it","url":"https:\/\/ecologa-europe.com\/shop\/produkt\/snood-schermante-logan\/?lang=it","name":"Snood schermante Logan - Elektrosmog-Schutz Onlineshop","isPartOf":{"@id":"https:\/\/ecologa-europe.com\/shop\/#website"},"primaryImageOfPage":{"@id":"https:\/\/ecologa-europe.com\/shop\/produkt\/snood-schermante-logan\/?lang=it#primaryimage"},"image":{"@id":"https:\/\/ecologa-europe.com\/shop\/produkt\/snood-schermante-logan\/?lang=it#primaryimage"},"thumbnailUrl":"https:\/\/ecologa-europe.com\/shop\/wp-content\/uploads\/2025\/04\/logan_khaki_1.jpg","datePublished":"2025-05-16T10:09:00+00:00","dateModified":"2025-05-16T10:38:04+00:00","description":"L'interno dello snood \u00e8 foderato con un tessuto schermante che offre un'eccellente protezione dalle onde elettromagnetiche.","breadcrumb":{"@id":"https:\/\/ecologa-europe.com\/shop\/produkt\/snood-schermante-logan\/?lang=it#breadcrumb"},"inLanguage":"de","potentialAction":[{"@type":"ReadAction","target":["https:\/\/ecologa-europe.com\/shop\/produkt\/snood-schermante-logan\/?lang=it"]}]},{"@type":"ImageObject","inLanguage":"de","@id":"https:\/\/ecologa-europe.com\/shop\/produkt\/snood-schermante-logan\/?lang=it#primaryimage","url":"https:\/\/ecologa-europe.com\/shop\/wp-content\/uploads\/2025\/04\/logan_khaki_1.jpg","contentUrl":"https:\/\/ecologa-europe.com\/shop\/wp-content\/uploads\/2025\/04\/logan_khaki_1.jpg","width":1772,"height":1280},{"@type":"BreadcrumbList","@id":"https:\/\/ecologa-europe.com\/shop\/produkt\/snood-schermante-logan\/?lang=it#breadcrumb","itemListElement":[{"@type":"ListItem","position":1,"name":"Startseite","item":"https:\/\/ecologa-europe.com\/shop\/"},{"@type":"ListItem","position":2,"name":"Shop","item":"https:\/\/ecologa-europe.com\/shop\/shop\/"},{"@type":"ListItem","position":3,"name":"Snood schermante Logan"}]},{"@type":"WebSite","@id":"https:\/\/ecologa-europe.com\/shop\/#website","url":"https:\/\/ecologa-europe.com\/shop\/","name":"Elektrosmog-Schutz Onlineshop","description":"Ecologa Europe","publisher":{"@id":"https:\/\/ecologa-europe.com\/shop\/#organization"},"potentialAction":[{"@type":"SearchAction","target":{"@type":"EntryPoint","urlTemplate":"https:\/\/ecologa-europe.com\/shop\/?s={search_term_string}"},"query-input":{"@type":"PropertyValueSpecification","valueRequired":true,"valueName":"search_term_string"}}],"inLanguage":"de"},{"@type":"Organization","@id":"https:\/\/ecologa-europe.com\/shop\/#organization","name":"Elektrosmog-Schutz Onlineshop","url":"https:\/\/ecologa-europe.com\/shop\/","logo":{"@type":"ImageObject","inLanguage":"de","@id":"https:\/\/ecologa-europe.com\/shop\/#\/schema\/logo\/image\/","url":"https:\/\/ecologa-europe.com\/shop\/wp-content\/uploads\/2025\/04\/vertical-navbar-logo.svg","contentUrl":"https:\/\/ecologa-europe.com\/shop\/wp-content\/uploads\/2025\/04\/vertical-navbar-logo.svg","width":182,"height":70,"caption":"Elektrosmog-Schutz Onlineshop"},"image":{"@id":"https:\/\/ecologa-europe.com\/shop\/#\/schema\/logo\/image\/"},"sameAs":["https:\/\/www.facebook.com\/Ecologa-Europe-GmbH-1604744566252298\/","https:\/\/www.instagram.com\/ecologaeurope\/"]}]}},"_links":{"self":[{"href":"https:\/\/ecologa-europe.com\/shop\/wp-json\/wp\/v2\/product\/7398","targetHints":{"allow":["GET"]}}],"collection":[{"href":"https:\/\/ecologa-europe.com\/shop\/wp-json\/wp\/v2\/product"}],"about":[{"href":"https:\/\/ecologa-europe.com\/shop\/wp-json\/wp\/v2\/types\/product"}],"wp:featuredmedia":[{"embeddable":true,"href":"https:\/\/ecologa-europe.com\/shop\/wp-json\/wp\/v2\/media\/1106"}],"wp:attachment":[{"href":"https:\/\/ecologa-europe.com\/shop\/wp-json\/wp\/v2\/media?parent=7398"}],"wp:term":[{"taxonomy":"product_brand","embeddable":true,"href":"https:\/\/ecologa-europe.com\/shop\/wp-json\/wp\/v2\/product_brand?post=7398"},{"taxonomy":"product_cat","embeddable":true,"href":"https:\/\/ecologa-europe.com\/shop\/wp-json\/wp\/v2\/product_cat?post=7398"},{"taxonomy":"product_tag","embeddable":true,"href":"https:\/\/ecologa-europe.com\/shop\/wp-json\/wp\/v2\/product_tag?post=7398"}],"curies":[{"name":"wp","href":"https:\/\/api.w.org\/{rel}","templated":true}]}}