{"id":7405,"date":"2025-05-16T10:09:57","date_gmt":"2025-05-16T10:09:57","guid":{"rendered":"https:\/\/639.pm-domains.de\/?post_type=product&#038;p=7405"},"modified":"2026-01-09T20:58:31","modified_gmt":"2026-01-09T20:58:31","slug":"tablier-de-cuisine-blinde","status":"publish","type":"product","link":"https:\/\/ecologa-europe.com\/shop\/produkt\/tablier-de-cuisine-blinde\/?lang=fr","title":{"rendered":"Tablier de cuisine blind\u00e9"},"content":{"rendered":"<p><strong>Protection contre les rayonnements \u00e9lectromagn\u00e9tiques des tables de cuisson \u00e0 induction !<\/strong><\/p>\n<p>Les tables de cuisson \u00e0 induction g\u00e9n\u00e8rent des champs \u00e9lectromagn\u00e9tiques. Il s&#8217;agit de fr\u00e9quences basses ou moyennes qui oscillent entre 20 et 100 kHz.<br \/>\nNotre tablier blind\u00e9 est \u00e9quip\u00e9 de deux feuilles de blindage. Ces films de protection contre les champs magn\u00e9tiques pour la poitrine et l&#8217;abdomen sont fix\u00e9s \u00e0 l&#8217;int\u00e9rieur du tablier.<br \/>\nLe film en m\u00e9tal magn\u00e9tique doux nanocristallin \u00e0 haute perm\u00e9abilit\u00e9 magn\u00e9tique est ultra-mince, l\u00e9ger et flexible. Il r\u00e9duit jusqu&#8217;\u00e0 80 % le champ magn\u00e9tique \u00e0 basse fr\u00e9quence (nT) g\u00e9n\u00e9r\u00e9 par les appareils de cuisson IH.<br \/>\nIl est possible de doubler le film de protection ou de le remplacer par un film optionnel.<br \/>\nLe tablier de cuisine est fabriqu\u00e9 en tissu de coton de haute qualit\u00e9, impr\u00e9gn\u00e9 d&#8217;un produit antitaches, ce qui le rend imperm\u00e9able \u00e0 l&#8217;eau, \u00e0 l&#8217;huile et \u00e0 la vapeur.<br \/>\nLe tablier de cuisine est en toile de coton de qualit\u00e9 sup\u00e9rieure impr\u00e9gn\u00e9e d&#8217;un produit anti-t\u00e2ches, ce qui le rend imperm\u00e9able \u00e0 l&#8217;eau, \u00e0 l&#8217;huile et \u00e0 la vapeur.<br \/>\nLe tablier est la tenue parfaite pour la cuisine : il prot\u00e8ge les v\u00eatements et offre des passants et des poches pratiques. Il est pr\u00e9lav\u00e9, ne se d\u00e9colore donc pas au nettoyage et \u00e0 la machine \u00e0 laver.<\/p>\n<p><strong>Seul le tablier en denim doit \u00eatre lav\u00e9 s\u00e9par\u00e9ment !<\/strong><br \/>\n<strong>Conseils d&#8217;entretien : Avant le lavage, il faut imp\u00e9rativement retirer les films de protection du tablier de cuisine.<br \/>\n<\/strong><\/p>\n<p>Taille unique<br \/>\nCouleur : noir, denim, rouge cerise<\/p>\n<p><strong>Caract\u00e9ristiques :<\/strong><br \/>\nMat\u00e9riau : 100% coton<br \/>\nBlindage :<br \/>\nDimensions de la protection ventrale : 47 cm x 50 cm<br \/>\nDimensions de la protection pectorale : 32 cm x 23,5 cm<br \/>\nBlindage magn\u00e9tique \u00e0 50 Hz : 20dB une couche<br \/>\nBlindage magn\u00e9tique \u00e0 50 Hz : 24dB deux couches<br \/>\nBlindage magn\u00e9tique \u00e0 100 kHz : 25dB une couche<br \/>\nBlindage magn\u00e9tique \u00e0 100 kHz : 29dB deux couches<br \/>\nenv. 100 \u00b5T(micro-Tesla) = 10.000nT (nano-Tesla) \u00e0 dans une seule couche.<br \/>\nUn blindage plus \u00e9lev\u00e9 peut \u00eatre obtenu en ajoutant un deuxi\u00e8me film.<br \/>\nEpaisseur totale du film : 0,118 mm<br \/>\nEpaisseur du film plastique PET : 0,025 mm<br \/>\nEpaisseur du mat\u00e9riau magn\u00e9tique nanocristallin : 0,018 mm<br \/>\nDensit\u00e9 de flux magn\u00e9tique B88 (H=800A\/m champ magn\u00e9tique DC\/courant continu) : 1,23T (Tesla).<br \/>\nPerm\u00e9abilit\u00e9 sp\u00e9cifique maximale (CC) \u03bc max : 70.000<br \/>\nPlage de temp\u00e9rature de fonctionnement : -40 \u00e0 +80\u00b0C<\/p>\n<p><strong>Cuisini\u00e8re avec plan de cuisson \u00e0 induction<\/strong><\/p>\n<p>Contrairement \u00e0 la cuisson au gaz ou aux plans de cuisson vitroc\u00e9ramiques traditionnels, la chaleur n&#8217;est pas g\u00e9n\u00e9r\u00e9e par des \u00e9l\u00e9ments chauffants dans le plan de cuisson ou par la flamme, mais directement dans le fond de la casserole. Sous le couvercle en verre se trouve une bobine d&#8217;induction qui est aliment\u00e9e par un courant alternatif \u00e0 haute fr\u00e9quence.<br \/>\nIl en r\u00e9sulte un champ magn\u00e9tique alternatif. Dans une casserole magn\u00e9tisable plac\u00e9e sur la plaque de cuisson, des courants de Foucault se forment dans le fond de la casserole. Celui-ci s&#8217;\u00e9chauffe alors et transmet la chaleur \u00e0 son contenu. Alors que les cuisini\u00e8res \u00e9lectriques traditionnelles fonctionnent avec un courant alternatif de 50 Hz, la fr\u00e9quence du champ magn\u00e9tique des cuisini\u00e8res \u00e0 induction peut \u00eatre jusqu&#8217;\u00e0 environ 1 000 fois plus \u00e9lev\u00e9e.<br \/>\nSelon l&#8217;autorit\u00e9 internationale sp\u00e9cialis\u00e9e (International Commission on Non-Ionizing Radiation Protection &#8211; ICNIRP), les tables de cuisson \u00e0 induction ne doivent pas d\u00e9passer un rayonnement magn\u00e9tique de r\u00e9f\u00e9rence de 6,25 microtesla (\u00b5T) \/ 6 250 nanotesla [nT] \u00e0 30 cm de la table de cuisson, si une seule table de cuisson est utilis\u00e9e (\u00e0 condition qu&#8217;une casserole suffisamment grande soit plac\u00e9e sur cette table).<\/p>\n<p>Afin de r\u00e9duire les risques li\u00e9s aux radiations \u00e9mises par les tables de cuisson \u00e0 induction lors de leur utilisation, il convient de suivre les conseils suivants :<\/p>\n<p>&#8211; N&#8217;utilisez que des casseroles adapt\u00e9es \u00e0 la cuisson par induction.<br \/>\n&#8211; N&#8217;utilisez pas de casseroles endommag\u00e9es dont le fond est bossel\u00e9 ou bomb\u00e9.<br \/>\n&#8211; Utilisez une casserole qui recouvre enti\u00e8rement la zone de cuisson : n&#8217;utilisez pas de casseroles trop petites et placez les casseroles au centre<br \/>\nde\u00a0 la zone de cuisson<br \/>\n&#8211; Utilisez si possible les plaques de cuisson qui se trouvent \u00e0 l&#8217;arri\u00e8re.<br \/>\n&#8211; Maintenez une distance d&#8217;au moins 5-10 cm, de pr\u00e9f\u00e9rence 30 cm, par rapport aux plaques de cuisson. Cela vaut en particulier pour les<br \/>\nfemmes enceintes et les jeunes enfants.<br \/>\n&#8211; N&#8217;utilisez pas de cuill\u00e8re en m\u00e9tal pendant la cuisson afin d&#8217;\u00e9viter que les radiations ne s&#8217;\u00e9chappent dans le corps.<br \/>\n&#8211; Les personnes portant un stimulateur cardiaque doivent consulter leur m\u00e9decin pour savoir si elles peuvent utiliser des plaques de cuisson \u00e0<br \/>\ninduction. La British Heart Foundation (BHF) conseille aux personnes portant un stimulateur cardiaque de se tenir \u00e0 au moins 60 cm des<br \/>\nplaques de cuisson \u00e0 induction.<\/p>\n<p><strong>Bon \u00e0 savoir :<\/strong> les cuisini\u00e8res \u00e0 induction ne sont pas les seules \u00e0 g\u00e9n\u00e9rer des champs magn\u00e9tiques alternatifs tr\u00e8s \u00e9lev\u00e9s dans la cuisine.<br \/>\nVoici quelques exemples de mesures effectu\u00e9es sur diff\u00e9rents appareils \u00e9lectriques \u00e0 une distance d&#8217;environ 20 cm<br \/>\nGrille-pain 200 nT<br \/>\nBouilloire \u00e9lectrique 200 nT<br \/>\nCuisini\u00e8re \u00e9lectrique \u00e0 pleine puissance env. 200 nT.<br \/>\nFour r\u00e9gl\u00e9 \u00e0 200\u00b0C 1000 nT<br \/>\nCuisini\u00e8re \u00e0 induction \u00e0 pleine puissance env. 2500 nT<br \/>\nFour \u00e0 micro-ondes plus de 6000 nT<\/p>\n","protected":false},"excerpt":{"rendered":"<p><strong>Protection contre les rayonnements \u00e9lectromagn\u00e9tiques des tables de cuisson \u00e0 induction !<\/strong><\/p>\n<p>Les tables de cuisson \u00e0 induction g\u00e9n\u00e8rent des champs \u00e9lectromagn\u00e9tiques. Il s&#8217;agit de fr\u00e9quences basses ou moyennes qui oscillent entre 20 et 100 kHz.<br \/>\nNotre tablier blind\u00e9 est \u00e9quip\u00e9 de deux feuilles de blindage. Ces films de protection contre les champs magn\u00e9tiques pour la poitrine et l&#8217;abdomen sont fix\u00e9s \u00e0 l&#8217;int\u00e9rieur du tablier.<br \/>\nLe film en m\u00e9tal magn\u00e9tique doux nanocristallin \u00e0 haute perm\u00e9abilit\u00e9 magn\u00e9tique est ultra-mince, l\u00e9ger et flexible. Il r\u00e9duit jusqu&#8217;\u00e0 80 % le champ magn\u00e9tique \u00e0 basse fr\u00e9quence (nT) g\u00e9n\u00e9r\u00e9 par les appareils de cuisson IH.<\/p>\n<p>Le tablier de cuisine est fabriqu\u00e9 en toile de coton de haute qualit\u00e9 impr\u00e9gn\u00e9e d&#8217;un produit antitaches, ce qui le rend imperm\u00e9able \u00e0 l&#8217;eau, \u00e0 l&#8217;huile et \u00e0 la vapeur.<br \/>\nLe tablier est la tenue parfaite pour la cuisine : il prot\u00e8ge les v\u00eatements et offre des passants et des poches pratiques. Il est pr\u00e9lav\u00e9, ne se d\u00e9colore donc pas au nettoyage et \u00e0 la machine \u00e0 laver.<\/p>\n<p>Taille unique<br \/>\nCouleurs : noir, denim, rouge cerise<\/p>\n","protected":false},"featured_media":1258,"template":"","meta":{"inline_featured_image":false,"site-sidebar-layout":"default","site-content-layout":"","ast-site-content-layout":"default","site-content-style":"default","site-sidebar-style":"default","ast-global-header-display":"","ast-banner-title-visibility":"","ast-main-header-display":"","ast-hfb-above-header-display":"","ast-hfb-below-header-display":"","ast-hfb-mobile-header-display":"","site-post-title":"","ast-breadcrumbs-content":"","ast-featured-img":"","footer-sml-layout":"","ast-disable-related-posts":"","theme-transparent-header-meta":"default","adv-header-id-meta":"","stick-header-meta":"","header-above-stick-meta":"","header-main-stick-meta":"","header-below-stick-meta":"","astra-migrate-meta-layouts":"default","ast-page-background-enabled":"default","ast-page-background-meta":{"desktop":{"background-color":"var(--ast-global-color-5)","background-image":"","background-repeat":"repeat","background-position":"center center","background-size":"auto","background-attachment":"scroll","background-type":"","background-media":"","overlay-type":"","overlay-color":"","overlay-opacity":"","overlay-gradient":""},"tablet":{"background-color":"","background-image":"","background-repeat":"repeat","background-position":"center center","background-size":"auto","background-attachment":"scroll","background-type":"","background-media":"","overlay-type":"","overlay-color":"","overlay-opacity":"","overlay-gradient":""},"mobile":{"background-color":"","background-image":"","background-repeat":"repeat","background-position":"center center","background-size":"auto","background-attachment":"scroll","background-type":"","background-media":"","overlay-type":"","overlay-color":"","overlay-opacity":"","overlay-gradient":""}},"ast-content-background-meta":{"desktop":{"background-color":"var(--ast-global-color-4)","background-image":"","background-repeat":"repeat","background-position":"center center","background-size":"auto","background-attachment":"scroll","background-type":"","background-media":"","overlay-type":"","overlay-color":"","overlay-opacity":"","overlay-gradient":""},"tablet":{"background-color":"var(--ast-global-color-4)","background-image":"","background-repeat":"repeat","background-position":"center center","background-size":"auto","background-attachment":"scroll","background-type":"","background-media":"","overlay-type":"","overlay-color":"","overlay-opacity":"","overlay-gradient":""},"mobile":{"background-color":"var(--ast-global-color-4)","background-image":"","background-repeat":"repeat","background-position":"center center","background-size":"auto","background-attachment":"scroll","background-type":"","background-media":"","overlay-type":"","overlay-color":"","overlay-opacity":"","overlay-gradient":""}}},"product_brand":[],"product_cat":[198,185],"product_tag":[188],"class_list":{"0":"post-7405","1":"product","2":"type-product","3":"status-publish","4":"has-post-thumbnail","6":"product_cat-femmes","7":"product_cat-vetements-high-tech","8":"product_tag-vetements-de-protection","9":"product_shipping_class-standardversand","10":"pa_farbe-denim-3","11":"pa_farbe-noir","12":"pa_farbe-rouge-cerise","13":"desktop-align-left","14":"tablet-align-left","15":"mobile-align-left","17":"first","18":"instock","19":"taxable","20":"shipping-taxable","21":"purchasable","22":"product-type-variable"},"yoast_head":"<!-- This site is optimized with the Yoast SEO plugin v27.4 - https:\/\/yoast.com\/product\/yoast-seo-wordpress\/ -->\n<title>Tablier de cuisine blind\u00e9 - Elektrosmog-Schutz Onlineshop<\/title>\n<meta name=\"description\" content=\"Tablier de cuisine en toile de coton de qualit\u00e9 sup\u00e9rieure impr\u00e9gn\u00e9e d&#039;un produit antitaches en cas d&#039;utilisation d&#039;une cuisini\u00e8re \u00e0 induction.\" \/>\n<meta name=\"robots\" content=\"index, follow, max-snippet:-1, max-image-preview:large, max-video-preview:-1\" \/>\n<link rel=\"canonical\" href=\"https:\/\/ecologa-europe.com\/shop\/produkt\/tablier-de-cuisine-blinde\/\" \/>\n<meta property=\"og:locale\" content=\"de_DE\" \/>\n<meta property=\"og:type\" content=\"article\" \/>\n<meta property=\"og:title\" content=\"Tablier de cuisine blind\u00e9 - Elektrosmog-Schutz Onlineshop\" \/>\n<meta property=\"og:description\" content=\"Tablier de cuisine en toile de coton de qualit\u00e9 sup\u00e9rieure impr\u00e9gn\u00e9e d&#039;un produit antitaches en cas d&#039;utilisation d&#039;une cuisini\u00e8re \u00e0 induction.\" \/>\n<meta property=\"og:url\" content=\"https:\/\/ecologa-europe.com\/shop\/produkt\/tablier-de-cuisine-blinde\/?lang=fr\" \/>\n<meta property=\"og:site_name\" content=\"Elektrosmog-Schutz Onlineshop\" \/>\n<meta property=\"article:publisher\" content=\"https:\/\/www.facebook.com\/Ecologa-Europe-GmbH-1604744566252298\/\" \/>\n<meta property=\"article:modified_time\" content=\"2026-01-09T20:58:31+00:00\" \/>\n<meta property=\"og:image\" content=\"https:\/\/ecologa-europe.com\/shop\/wp-content\/uploads\/2025\/04\/kuechenschuerze.jpg\" \/>\n\t<meta property=\"og:image:width\" content=\"1772\" \/>\n\t<meta property=\"og:image:height\" content=\"1280\" \/>\n\t<meta property=\"og:image:type\" content=\"image\/jpeg\" \/>\n<meta name=\"twitter:card\" content=\"summary_large_image\" \/>\n<meta name=\"twitter:label1\" content=\"Gesch\u00e4tzte Lesezeit\" \/>\n\t<meta name=\"twitter:data1\" content=\"5\u00a0Minuten\" \/>\n<script type=\"application\/ld+json\" class=\"yoast-schema-graph\">{\"@context\":\"https:\\\/\\\/schema.org\",\"@graph\":[{\"@type\":\"WebPage\",\"@id\":\"https:\\\/\\\/ecologa-europe.com\\\/shop\\\/produkt\\\/tablier-de-cuisine-blinde\\\/?lang=fr\",\"url\":\"https:\\\/\\\/ecologa-europe.com\\\/shop\\\/produkt\\\/tablier-de-cuisine-blinde\\\/?lang=fr\",\"name\":\"Tablier de cuisine blind\u00e9 - Elektrosmog-Schutz Onlineshop\",\"isPartOf\":{\"@id\":\"https:\\\/\\\/ecologa-europe.com\\\/shop\\\/#website\"},\"primaryImageOfPage\":{\"@id\":\"https:\\\/\\\/ecologa-europe.com\\\/shop\\\/produkt\\\/tablier-de-cuisine-blinde\\\/?lang=fr#primaryimage\"},\"image\":{\"@id\":\"https:\\\/\\\/ecologa-europe.com\\\/shop\\\/produkt\\\/tablier-de-cuisine-blinde\\\/?lang=fr#primaryimage\"},\"thumbnailUrl\":\"https:\\\/\\\/ecologa-europe.com\\\/shop\\\/wp-content\\\/uploads\\\/2025\\\/04\\\/kuechenschuerze.jpg\",\"datePublished\":\"2025-05-16T10:09:57+00:00\",\"dateModified\":\"2026-01-09T20:58:31+00:00\",\"description\":\"Tablier de cuisine en toile de coton de qualit\u00e9 sup\u00e9rieure impr\u00e9gn\u00e9e d'un produit antitaches en cas d'utilisation d'une cuisini\u00e8re \u00e0 induction.\",\"breadcrumb\":{\"@id\":\"https:\\\/\\\/ecologa-europe.com\\\/shop\\\/produkt\\\/tablier-de-cuisine-blinde\\\/?lang=fr#breadcrumb\"},\"inLanguage\":\"de\",\"potentialAction\":[{\"@type\":\"ReadAction\",\"target\":[\"https:\\\/\\\/ecologa-europe.com\\\/shop\\\/produkt\\\/tablier-de-cuisine-blinde\\\/?lang=fr\"]}]},{\"@type\":\"ImageObject\",\"inLanguage\":\"de\",\"@id\":\"https:\\\/\\\/ecologa-europe.com\\\/shop\\\/produkt\\\/tablier-de-cuisine-blinde\\\/?lang=fr#primaryimage\",\"url\":\"https:\\\/\\\/ecologa-europe.com\\\/shop\\\/wp-content\\\/uploads\\\/2025\\\/04\\\/kuechenschuerze.jpg\",\"contentUrl\":\"https:\\\/\\\/ecologa-europe.com\\\/shop\\\/wp-content\\\/uploads\\\/2025\\\/04\\\/kuechenschuerze.jpg\",\"width\":1772,\"height\":1280},{\"@type\":\"BreadcrumbList\",\"@id\":\"https:\\\/\\\/ecologa-europe.com\\\/shop\\\/produkt\\\/tablier-de-cuisine-blinde\\\/?lang=fr#breadcrumb\",\"itemListElement\":[{\"@type\":\"ListItem\",\"position\":1,\"name\":\"Startseite\",\"item\":\"https:\\\/\\\/ecologa-europe.com\\\/shop\\\/\"},{\"@type\":\"ListItem\",\"position\":2,\"name\":\"Shop\",\"item\":\"https:\\\/\\\/ecologa-europe.com\\\/shop\\\/shop\\\/\"},{\"@type\":\"ListItem\",\"position\":3,\"name\":\"Tablier de cuisine blind\u00e9\"}]},{\"@type\":\"WebSite\",\"@id\":\"https:\\\/\\\/ecologa-europe.com\\\/shop\\\/#website\",\"url\":\"https:\\\/\\\/ecologa-europe.com\\\/shop\\\/\",\"name\":\"Elektrosmog-Schutz Onlineshop\",\"description\":\"Ecologa Europe\",\"publisher\":{\"@id\":\"https:\\\/\\\/ecologa-europe.com\\\/shop\\\/#organization\"},\"potentialAction\":[{\"@type\":\"SearchAction\",\"target\":{\"@type\":\"EntryPoint\",\"urlTemplate\":\"https:\\\/\\\/ecologa-europe.com\\\/shop\\\/?s={search_term_string}\"},\"query-input\":{\"@type\":\"PropertyValueSpecification\",\"valueRequired\":true,\"valueName\":\"search_term_string\"}}],\"inLanguage\":\"de\"},{\"@type\":\"Organization\",\"@id\":\"https:\\\/\\\/ecologa-europe.com\\\/shop\\\/#organization\",\"name\":\"Elektrosmog-Schutz Onlineshop\",\"url\":\"https:\\\/\\\/ecologa-europe.com\\\/shop\\\/\",\"logo\":{\"@type\":\"ImageObject\",\"inLanguage\":\"de\",\"@id\":\"https:\\\/\\\/ecologa-europe.com\\\/shop\\\/#\\\/schema\\\/logo\\\/image\\\/\",\"url\":\"https:\\\/\\\/ecologa-europe.com\\\/shop\\\/wp-content\\\/uploads\\\/2025\\\/04\\\/vertical-navbar-logo.svg\",\"contentUrl\":\"https:\\\/\\\/ecologa-europe.com\\\/shop\\\/wp-content\\\/uploads\\\/2025\\\/04\\\/vertical-navbar-logo.svg\",\"width\":182,\"height\":70,\"caption\":\"Elektrosmog-Schutz Onlineshop\"},\"image\":{\"@id\":\"https:\\\/\\\/ecologa-europe.com\\\/shop\\\/#\\\/schema\\\/logo\\\/image\\\/\"},\"sameAs\":[\"https:\\\/\\\/www.facebook.com\\\/Ecologa-Europe-GmbH-1604744566252298\\\/\",\"https:\\\/\\\/www.instagram.com\\\/ecologaeurope\\\/\"]}]}<\/script>\n<!-- \/ Yoast SEO plugin. -->","yoast_head_json":{"title":"Tablier de cuisine blind\u00e9 - Elektrosmog-Schutz Onlineshop","description":"Tablier de cuisine en toile de coton de qualit\u00e9 sup\u00e9rieure impr\u00e9gn\u00e9e d'un produit antitaches en cas d'utilisation d'une cuisini\u00e8re \u00e0 induction.","robots":{"index":"index","follow":"follow","max-snippet":"max-snippet:-1","max-image-preview":"max-image-preview:large","max-video-preview":"max-video-preview:-1"},"canonical":"https:\/\/ecologa-europe.com\/shop\/produkt\/tablier-de-cuisine-blinde\/","og_locale":"de_DE","og_type":"article","og_title":"Tablier de cuisine blind\u00e9 - Elektrosmog-Schutz Onlineshop","og_description":"Tablier de cuisine en toile de coton de qualit\u00e9 sup\u00e9rieure impr\u00e9gn\u00e9e d'un produit antitaches en cas d'utilisation d'une cuisini\u00e8re \u00e0 induction.","og_url":"https:\/\/ecologa-europe.com\/shop\/produkt\/tablier-de-cuisine-blinde\/?lang=fr","og_site_name":"Elektrosmog-Schutz Onlineshop","article_publisher":"https:\/\/www.facebook.com\/Ecologa-Europe-GmbH-1604744566252298\/","article_modified_time":"2026-01-09T20:58:31+00:00","og_image":[{"width":1772,"height":1280,"url":"https:\/\/ecologa-europe.com\/shop\/wp-content\/uploads\/2025\/04\/kuechenschuerze.jpg","type":"image\/jpeg"}],"twitter_card":"summary_large_image","twitter_misc":{"Gesch\u00e4tzte Lesezeit":"5\u00a0Minuten"},"schema":{"@context":"https:\/\/schema.org","@graph":[{"@type":"WebPage","@id":"https:\/\/ecologa-europe.com\/shop\/produkt\/tablier-de-cuisine-blinde\/?lang=fr","url":"https:\/\/ecologa-europe.com\/shop\/produkt\/tablier-de-cuisine-blinde\/?lang=fr","name":"Tablier de cuisine blind\u00e9 - Elektrosmog-Schutz Onlineshop","isPartOf":{"@id":"https:\/\/ecologa-europe.com\/shop\/#website"},"primaryImageOfPage":{"@id":"https:\/\/ecologa-europe.com\/shop\/produkt\/tablier-de-cuisine-blinde\/?lang=fr#primaryimage"},"image":{"@id":"https:\/\/ecologa-europe.com\/shop\/produkt\/tablier-de-cuisine-blinde\/?lang=fr#primaryimage"},"thumbnailUrl":"https:\/\/ecologa-europe.com\/shop\/wp-content\/uploads\/2025\/04\/kuechenschuerze.jpg","datePublished":"2025-05-16T10:09:57+00:00","dateModified":"2026-01-09T20:58:31+00:00","description":"Tablier de cuisine en toile de coton de qualit\u00e9 sup\u00e9rieure impr\u00e9gn\u00e9e d'un produit antitaches en cas d'utilisation d'une cuisini\u00e8re \u00e0 induction.","breadcrumb":{"@id":"https:\/\/ecologa-europe.com\/shop\/produkt\/tablier-de-cuisine-blinde\/?lang=fr#breadcrumb"},"inLanguage":"de","potentialAction":[{"@type":"ReadAction","target":["https:\/\/ecologa-europe.com\/shop\/produkt\/tablier-de-cuisine-blinde\/?lang=fr"]}]},{"@type":"ImageObject","inLanguage":"de","@id":"https:\/\/ecologa-europe.com\/shop\/produkt\/tablier-de-cuisine-blinde\/?lang=fr#primaryimage","url":"https:\/\/ecologa-europe.com\/shop\/wp-content\/uploads\/2025\/04\/kuechenschuerze.jpg","contentUrl":"https:\/\/ecologa-europe.com\/shop\/wp-content\/uploads\/2025\/04\/kuechenschuerze.jpg","width":1772,"height":1280},{"@type":"BreadcrumbList","@id":"https:\/\/ecologa-europe.com\/shop\/produkt\/tablier-de-cuisine-blinde\/?lang=fr#breadcrumb","itemListElement":[{"@type":"ListItem","position":1,"name":"Startseite","item":"https:\/\/ecologa-europe.com\/shop\/"},{"@type":"ListItem","position":2,"name":"Shop","item":"https:\/\/ecologa-europe.com\/shop\/shop\/"},{"@type":"ListItem","position":3,"name":"Tablier de cuisine blind\u00e9"}]},{"@type":"WebSite","@id":"https:\/\/ecologa-europe.com\/shop\/#website","url":"https:\/\/ecologa-europe.com\/shop\/","name":"Elektrosmog-Schutz Onlineshop","description":"Ecologa Europe","publisher":{"@id":"https:\/\/ecologa-europe.com\/shop\/#organization"},"potentialAction":[{"@type":"SearchAction","target":{"@type":"EntryPoint","urlTemplate":"https:\/\/ecologa-europe.com\/shop\/?s={search_term_string}"},"query-input":{"@type":"PropertyValueSpecification","valueRequired":true,"valueName":"search_term_string"}}],"inLanguage":"de"},{"@type":"Organization","@id":"https:\/\/ecologa-europe.com\/shop\/#organization","name":"Elektrosmog-Schutz Onlineshop","url":"https:\/\/ecologa-europe.com\/shop\/","logo":{"@type":"ImageObject","inLanguage":"de","@id":"https:\/\/ecologa-europe.com\/shop\/#\/schema\/logo\/image\/","url":"https:\/\/ecologa-europe.com\/shop\/wp-content\/uploads\/2025\/04\/vertical-navbar-logo.svg","contentUrl":"https:\/\/ecologa-europe.com\/shop\/wp-content\/uploads\/2025\/04\/vertical-navbar-logo.svg","width":182,"height":70,"caption":"Elektrosmog-Schutz Onlineshop"},"image":{"@id":"https:\/\/ecologa-europe.com\/shop\/#\/schema\/logo\/image\/"},"sameAs":["https:\/\/www.facebook.com\/Ecologa-Europe-GmbH-1604744566252298\/","https:\/\/www.instagram.com\/ecologaeurope\/"]}]}},"_links":{"self":[{"href":"https:\/\/ecologa-europe.com\/shop\/wp-json\/wp\/v2\/product\/7405","targetHints":{"allow":["GET"]}}],"collection":[{"href":"https:\/\/ecologa-europe.com\/shop\/wp-json\/wp\/v2\/product"}],"about":[{"href":"https:\/\/ecologa-europe.com\/shop\/wp-json\/wp\/v2\/types\/product"}],"wp:featuredmedia":[{"embeddable":true,"href":"https:\/\/ecologa-europe.com\/shop\/wp-json\/wp\/v2\/media\/1258"}],"wp:attachment":[{"href":"https:\/\/ecologa-europe.com\/shop\/wp-json\/wp\/v2\/media?parent=7405"}],"wp:term":[{"taxonomy":"product_brand","embeddable":true,"href":"https:\/\/ecologa-europe.com\/shop\/wp-json\/wp\/v2\/product_brand?post=7405"},{"taxonomy":"product_cat","embeddable":true,"href":"https:\/\/ecologa-europe.com\/shop\/wp-json\/wp\/v2\/product_cat?post=7405"},{"taxonomy":"product_tag","embeddable":true,"href":"https:\/\/ecologa-europe.com\/shop\/wp-json\/wp\/v2\/product_tag?post=7405"}],"curies":[{"name":"wp","href":"https:\/\/api.w.org\/{rel}","templated":true}]}}