{"id":7406,"date":"2025-05-16T10:09:57","date_gmt":"2025-05-16T10:09:57","guid":{"rendered":"https:\/\/639.pm-domains.de\/?post_type=product&#038;p=7406"},"modified":"2025-05-16T10:38:43","modified_gmt":"2025-05-16T10:38:43","slug":"grembiule-da-cucina-schermante","status":"publish","type":"product","link":"https:\/\/ecologa-europe.com\/shop\/produkt\/grembiule-da-cucina-schermante\/?lang=it","title":{"rendered":"Grembiule da cucina schermante"},"content":{"rendered":"<p>Protezione<strong> dalle radiazioni elettromagnetiche dei piani di cottura a induzione!<\/strong><\/p>\n<p>I piani di cottura a induzione generano campi elettromagnetici. Si tratta di frequenze basse o medie che oscillano tra 20 e 100 kHz.<br \/>\nIl nostro grembiule schermato \u00e8 dotato di due fogli di schermatura. Queste lamine di schermatura dei campi magnetici per la zona del petto e dello stomaco sono fissate all&#8217;interno del grembiule.<br \/>\nLa lamina in metallo magnetico morbido nanocristallino ad alta permeabilit\u00e0 magnetica \u00e8 ultrasottile, leggera e flessibile. Riduce fino all&#8217;80% il campo magnetico a bassa frequenza (nT) generato dagli apparecchi di cottura IH.<br \/>\n\u00c8 possibile raddoppiare la pellicola di schermatura o sostituirla con una pellicola opzionale.<br \/>\nIl grembiule da cucina \u00e8 realizzato in tessuto di cotone di alta qualit\u00e0, impregnato di un agente antimacchia che lo rende impermeabile ad acqua, olio e vapore.<br \/>\nIl grembiule da cucina \u00e8 realizzato in tela di cotone antimacchia di alta qualit\u00e0 ed \u00e8 quindi impermeabile all&#8217;acqua, all&#8217;olio e al vapore.<br \/>\nIl grembiule \u00e8 l&#8217;abbigliamento perfetto per la cucina: protegge gli indumenti ed \u00e8 dotato di pratici passanti e tasche. \u00c8 prelavabile e quindi non scolorisce n\u00e9 sbiadisce in lavatrice.<\/p>\n<p><strong>Solo il grembiule in denim deve essere lavato separatamente!<\/strong><br \/>\n<strong>Istruzioni per la cura: Prima del lavaggio, rimuovere la pellicola protettiva dal grembiule da cucina.<\/strong><\/p>\n<p>Taglia unica<br \/>\nColore: nero, denim, rosso ciliegia<\/p>\n<p><strong>Caratteristiche:<\/strong><br \/>\nMateriale: 100% cotone<br \/>\nSchermatura:<br \/>\nDimensioni dello scudo per la pancia: 47 cm x 50 cm<br \/>\nDimensioni dello scudo per il petto: 32 cm x 23,5 cm<br \/>\nSchermatura magnetica a 50 Hz: 20dB uno strato<br \/>\nSchermatura magnetica a 50 Hz: 24dB due strati<br \/>\nSchermatura magnetica a 100 kHz: 25dB uno strato<br \/>\nSchermatura magnetica a 100 kHz: 29dB due strati<br \/>\ncirca 100 \u00b5T(micro-Tesla) = 10.000nT (nano-Tesla) in un singolo strato.<br \/>\n\u00c8 possibile ottenere una schermatura pi\u00f9 elevata con un secondo film aggiuntivo.<br \/>\nSpessore totale del film: 0,118 mm<br \/>\nSpessore del film plastico in PET: 0,025 mm<br \/>\nSpessore del materiale magnetico nanocristallino: 0,018 mm<br \/>\nDensit\u00e0 di flusso magnetico B88 (H=800A\/m campo magnetico CC\/corrente continua): 1,23T (Tesla).<br \/>\nPermeabilit\u00e0 specifica massima (CC) \u03bc max: 70.000<br \/>\nTemperatura di funzionamento: da -40 a +80\u00b0C<\/p>\n<p><strong>Cucina con piano di cottura a induzione<\/strong><\/p>\n<p>A differenza della cucina a gas o dei tradizionali piani di cottura in vetroceramica, il calore non \u00e8 generato dagli elementi riscaldanti del piano di cottura o dalla fiamma, ma direttamente dal fondo della pentola. Sotto il coperchio di vetro \u00e8 presente una bobina a induzione, alimentata con corrente alternata ad alta frequenza.<br \/>\nQuesto crea un campo magnetico alternato. In una pentola magnetizzabile sul piano di cottura, si formano correnti parassite nel fondo della pentola. Questa si riscalda e trasferisce il calore al contenuto. Mentre le cucine elettriche tradizionali funzionano con corrente alternata a 50 Hz, la frequenza del campo magnetico nelle cucine a induzione pu\u00f2 essere fino a circa 1000 volte superiore.<br \/>\nSecondo la Commissione Internazionale per la Protezione dalle Radiazioni Non Ionizzanti (ICNIRP), i piani di cottura a induzione non devono superare una radiazione magnetica di riferimento di 6,25 microtesla (\u00b5T) \/ 6.250 nanotesla [nT] a una distanza di 30 cm dal piano di cottura se si utilizza un solo piano di cottura (a condizione che vi sia una pentola sufficientemente grande).<\/p>\n<p>Per ridurre il rischio di radiazioni provenienti dai piani di cottura a induzione durante l&#8217;uso, si consiglia di seguire i seguenti consigli:<\/p>\n<p>&#8211; Utilizzare solo pentole adatte alla cottura a induzione.<br \/>\n&#8211; Non utilizzare pentole danneggiate, con il fondo ammaccato o curvo.<br \/>\n&#8211; Utilizzare una pentola che copra completamente il piano di cottura: non utilizzare pentole troppo piccole e posizionare le pentole al centro<br \/>\ndella zona di cottura.<br \/>\n&#8211; Se possibile, utilizzare le piastre sul retro.<br \/>\n&#8211; Mantenere una distanza di almeno 5-10 cm, preferibilmente 30 cm, dalle piastre. Questo vale in particolare per le donne in gravidanza e<br \/>\ni bambini piccoli.<br \/>\n&#8211; Non utilizzare cucchiai di metallo durante la cottura per evitare la fuoriuscita di radiazioni nel corpo.<br \/>\n&#8211; Le persone con un pacemaker dovrebbero discutere con il proprio medico se possono utilizzare i piani di cottura a induzione. La British Heart<br \/>\nFoundation (BHF) consiglia alle persone con pacemaker di tenere una distanza di almeno 60 cm dai piani di cottura a induzione.<\/p>\n<p><strong>Da sapere:<\/strong> non solo i fornelli a induzione generano campi magnetici alternati molto elevati in cucina.<br \/>\nEcco alcuni esempi di misurazioni su vari apparecchi elettrici a una distanza di circa 20 cm<br \/>\nTostapane 200 nT<br \/>\nBollitore elettrico 200 nT<br \/>\nFornello elettrico a piena potenza circa 200 nT.<br \/>\nForno impostato a 200\u00b0C 1000 nT<br \/>\nFornello a induzione a piena potenza circa 2500 nT<br \/>\nForno a microonde pi\u00f9 di 6000 nT<\/p>\n","protected":false},"excerpt":{"rendered":"<p><strong>Protezione dalle radiazioni elettromagnetiche dei piani di cottura a induzione!<\/strong><\/p>\n<p>I piani di cottura a induzione generano campi elettromagnetici. Si tratta di frequenze basse o medie che oscillano tra 20 e 100 kHz.<br \/>\nIl nostro grembiule schermato \u00e8 dotato di due fogli di schermatura. Queste lamine di schermatura dei campi magnetici per la zona del petto e dello stomaco sono fissate all&#8217;interno del grembiule.<br \/>\nLa lamina in metallo magnetico morbido nanocristallino ad alta permeabilit\u00e0 magnetica \u00e8 ultrasottile, leggera e flessibile. Riduce fino all&#8217;80% il campo magnetico a bassa frequenza (nT) generato dagli apparecchi di cottura IH.<\/p>\n<p>Il grembiule da cucina \u00e8 realizzato in tela di cotone di alta qualit\u00e0, antimacchia e quindi repellente all&#8217;acqua, all&#8217;olio e al vapore.<br \/>\nIl grembiule \u00e8 l&#8217;abbigliamento perfetto per la cucina: protegge gli indumenti ed \u00e8 dotato di pratici passanti e tasche. \u00c8 prelavabile e quindi non scolorisce o sbiadisce in lavatrice.<\/p>\n<p>Taglia unica<br \/>\nColore: nero, denim, rosso ciliegia<\/p>\n","protected":false},"featured_media":1259,"template":"","meta":{"inline_featured_image":false,"site-sidebar-layout":"default","site-content-layout":"","ast-site-content-layout":"default","site-content-style":"default","site-sidebar-style":"default","ast-global-header-display":"","ast-banner-title-visibility":"","ast-main-header-display":"","ast-hfb-above-header-display":"","ast-hfb-below-header-display":"","ast-hfb-mobile-header-display":"","site-post-title":"","ast-breadcrumbs-content":"","ast-featured-img":"","footer-sml-layout":"","ast-disable-related-posts":"","theme-transparent-header-meta":"default","adv-header-id-meta":"","stick-header-meta":"","header-above-stick-meta":"","header-main-stick-meta":"","header-below-stick-meta":"","astra-migrate-meta-layouts":"default","ast-page-background-enabled":"default","ast-page-background-meta":{"desktop":{"background-color":"var(--ast-global-color-5)","background-image":"","background-repeat":"repeat","background-position":"center center","background-size":"auto","background-attachment":"scroll","background-type":"","background-media":"","overlay-type":"","overlay-color":"","overlay-opacity":"","overlay-gradient":""},"tablet":{"background-color":"","background-image":"","background-repeat":"repeat","background-position":"center center","background-size":"auto","background-attachment":"scroll","background-type":"","background-media":"","overlay-type":"","overlay-color":"","overlay-opacity":"","overlay-gradient":""},"mobile":{"background-color":"","background-image":"","background-repeat":"repeat","background-position":"center center","background-size":"auto","background-attachment":"scroll","background-type":"","background-media":"","overlay-type":"","overlay-color":"","overlay-opacity":"","overlay-gradient":""}},"ast-content-background-meta":{"desktop":{"background-color":"var(--ast-global-color-4)","background-image":"","background-repeat":"repeat","background-position":"center center","background-size":"auto","background-attachment":"scroll","background-type":"","background-media":"","overlay-type":"","overlay-color":"","overlay-opacity":"","overlay-gradient":""},"tablet":{"background-color":"var(--ast-global-color-4)","background-image":"","background-repeat":"repeat","background-position":"center center","background-size":"auto","background-attachment":"scroll","background-type":"","background-media":"","overlay-type":"","overlay-color":"","overlay-opacity":"","overlay-gradient":""},"mobile":{"background-color":"var(--ast-global-color-4)","background-image":"","background-repeat":"repeat","background-position":"center center","background-size":"auto","background-attachment":"scroll","background-type":"","background-media":"","overlay-type":"","overlay-color":"","overlay-opacity":"","overlay-gradient":""}}},"product_brand":[],"product_cat":[190,202],"product_tag":[192],"class_list":{"0":"post-7406","1":"product","2":"type-product","3":"status-publish","4":"has-post-thumbnail","6":"product_cat-abbigliamento-high-tech","7":"product_cat-donne","8":"product_tag-abbigliamenti-schermanti","9":"product_shipping_class-standardversand","10":"pa_farbe-denim-2","11":"pa_farbe-nero","12":"pa_farbe-rosso-ciliegia","13":"desktop-align-left","14":"tablet-align-left","15":"mobile-align-left","17":"first","18":"instock","19":"taxable","20":"shipping-taxable","21":"purchasable","22":"product-type-variable"},"yoast_head":"<!-- This site is optimized with the Yoast SEO plugin v27.4 - https:\/\/yoast.com\/product\/yoast-seo-wordpress\/ -->\n<title>Grembiule da cucina schermante - Elektrosmog-Schutz Onlineshop<\/title>\n<meta name=\"description\" content=\"Grembiule da cucina in tela di cotone impregnata di alta qualit\u00e0 e antimacchia per l&#039;utilizzo di un fornello a induzione.\" \/>\n<meta name=\"robots\" content=\"index, follow, max-snippet:-1, max-image-preview:large, max-video-preview:-1\" \/>\n<link rel=\"canonical\" href=\"https:\/\/ecologa-europe.com\/shop\/produkt\/grembiule-da-cucina-schermante\/\" \/>\n<meta property=\"og:locale\" content=\"de_DE\" \/>\n<meta property=\"og:type\" content=\"article\" \/>\n<meta property=\"og:title\" content=\"Grembiule da cucina schermante - Elektrosmog-Schutz Onlineshop\" \/>\n<meta property=\"og:description\" content=\"Grembiule da cucina in tela di cotone impregnata di alta qualit\u00e0 e antimacchia per l&#039;utilizzo di un fornello a induzione.\" \/>\n<meta property=\"og:url\" content=\"https:\/\/ecologa-europe.com\/shop\/produkt\/grembiule-da-cucina-schermante\/?lang=it\" \/>\n<meta property=\"og:site_name\" content=\"Elektrosmog-Schutz Onlineshop\" \/>\n<meta property=\"article:publisher\" content=\"https:\/\/www.facebook.com\/Ecologa-Europe-GmbH-1604744566252298\/\" \/>\n<meta property=\"article:modified_time\" content=\"2025-05-16T10:38:43+00:00\" \/>\n<meta property=\"og:image\" content=\"https:\/\/ecologa-europe.com\/shop\/wp-content\/uploads\/2025\/04\/kuechenschuerze.jpg\" \/>\n\t<meta property=\"og:image:width\" content=\"1772\" \/>\n\t<meta property=\"og:image:height\" content=\"1280\" \/>\n\t<meta property=\"og:image:type\" content=\"image\/jpeg\" \/>\n<meta name=\"twitter:card\" content=\"summary_large_image\" \/>\n<meta name=\"twitter:label1\" content=\"Gesch\u00e4tzte Lesezeit\" \/>\n\t<meta name=\"twitter:data1\" content=\"5\u00a0Minuten\" \/>\n<script type=\"application\/ld+json\" class=\"yoast-schema-graph\">{\"@context\":\"https:\\\/\\\/schema.org\",\"@graph\":[{\"@type\":\"WebPage\",\"@id\":\"https:\\\/\\\/ecologa-europe.com\\\/shop\\\/produkt\\\/grembiule-da-cucina-schermante\\\/?lang=it\",\"url\":\"https:\\\/\\\/ecologa-europe.com\\\/shop\\\/produkt\\\/grembiule-da-cucina-schermante\\\/?lang=it\",\"name\":\"Grembiule da cucina schermante - Elektrosmog-Schutz Onlineshop\",\"isPartOf\":{\"@id\":\"https:\\\/\\\/ecologa-europe.com\\\/shop\\\/#website\"},\"primaryImageOfPage\":{\"@id\":\"https:\\\/\\\/ecologa-europe.com\\\/shop\\\/produkt\\\/grembiule-da-cucina-schermante\\\/?lang=it#primaryimage\"},\"image\":{\"@id\":\"https:\\\/\\\/ecologa-europe.com\\\/shop\\\/produkt\\\/grembiule-da-cucina-schermante\\\/?lang=it#primaryimage\"},\"thumbnailUrl\":\"https:\\\/\\\/ecologa-europe.com\\\/shop\\\/wp-content\\\/uploads\\\/2025\\\/04\\\/kuechenschuerze.jpg\",\"datePublished\":\"2025-05-16T10:09:57+00:00\",\"dateModified\":\"2025-05-16T10:38:43+00:00\",\"description\":\"Grembiule da cucina in tela di cotone impregnata di alta qualit\u00e0 e antimacchia per l'utilizzo di un fornello a induzione.\",\"breadcrumb\":{\"@id\":\"https:\\\/\\\/ecologa-europe.com\\\/shop\\\/produkt\\\/grembiule-da-cucina-schermante\\\/?lang=it#breadcrumb\"},\"inLanguage\":\"de\",\"potentialAction\":[{\"@type\":\"ReadAction\",\"target\":[\"https:\\\/\\\/ecologa-europe.com\\\/shop\\\/produkt\\\/grembiule-da-cucina-schermante\\\/?lang=it\"]}]},{\"@type\":\"ImageObject\",\"inLanguage\":\"de\",\"@id\":\"https:\\\/\\\/ecologa-europe.com\\\/shop\\\/produkt\\\/grembiule-da-cucina-schermante\\\/?lang=it#primaryimage\",\"url\":\"https:\\\/\\\/ecologa-europe.com\\\/shop\\\/wp-content\\\/uploads\\\/2025\\\/04\\\/kuechenschuerze.jpg\",\"contentUrl\":\"https:\\\/\\\/ecologa-europe.com\\\/shop\\\/wp-content\\\/uploads\\\/2025\\\/04\\\/kuechenschuerze.jpg\",\"width\":1772,\"height\":1280},{\"@type\":\"BreadcrumbList\",\"@id\":\"https:\\\/\\\/ecologa-europe.com\\\/shop\\\/produkt\\\/grembiule-da-cucina-schermante\\\/?lang=it#breadcrumb\",\"itemListElement\":[{\"@type\":\"ListItem\",\"position\":1,\"name\":\"Startseite\",\"item\":\"https:\\\/\\\/ecologa-europe.com\\\/shop\\\/\"},{\"@type\":\"ListItem\",\"position\":2,\"name\":\"Shop\",\"item\":\"https:\\\/\\\/ecologa-europe.com\\\/shop\\\/shop\\\/\"},{\"@type\":\"ListItem\",\"position\":3,\"name\":\"Grembiule da cucina schermante\"}]},{\"@type\":\"WebSite\",\"@id\":\"https:\\\/\\\/ecologa-europe.com\\\/shop\\\/#website\",\"url\":\"https:\\\/\\\/ecologa-europe.com\\\/shop\\\/\",\"name\":\"Elektrosmog-Schutz Onlineshop\",\"description\":\"Ecologa Europe\",\"publisher\":{\"@id\":\"https:\\\/\\\/ecologa-europe.com\\\/shop\\\/#organization\"},\"potentialAction\":[{\"@type\":\"SearchAction\",\"target\":{\"@type\":\"EntryPoint\",\"urlTemplate\":\"https:\\\/\\\/ecologa-europe.com\\\/shop\\\/?s={search_term_string}\"},\"query-input\":{\"@type\":\"PropertyValueSpecification\",\"valueRequired\":true,\"valueName\":\"search_term_string\"}}],\"inLanguage\":\"de\"},{\"@type\":\"Organization\",\"@id\":\"https:\\\/\\\/ecologa-europe.com\\\/shop\\\/#organization\",\"name\":\"Elektrosmog-Schutz Onlineshop\",\"url\":\"https:\\\/\\\/ecologa-europe.com\\\/shop\\\/\",\"logo\":{\"@type\":\"ImageObject\",\"inLanguage\":\"de\",\"@id\":\"https:\\\/\\\/ecologa-europe.com\\\/shop\\\/#\\\/schema\\\/logo\\\/image\\\/\",\"url\":\"https:\\\/\\\/ecologa-europe.com\\\/shop\\\/wp-content\\\/uploads\\\/2025\\\/04\\\/vertical-navbar-logo.svg\",\"contentUrl\":\"https:\\\/\\\/ecologa-europe.com\\\/shop\\\/wp-content\\\/uploads\\\/2025\\\/04\\\/vertical-navbar-logo.svg\",\"width\":182,\"height\":70,\"caption\":\"Elektrosmog-Schutz Onlineshop\"},\"image\":{\"@id\":\"https:\\\/\\\/ecologa-europe.com\\\/shop\\\/#\\\/schema\\\/logo\\\/image\\\/\"},\"sameAs\":[\"https:\\\/\\\/www.facebook.com\\\/Ecologa-Europe-GmbH-1604744566252298\\\/\",\"https:\\\/\\\/www.instagram.com\\\/ecologaeurope\\\/\"]}]}<\/script>\n<!-- \/ Yoast SEO plugin. -->","yoast_head_json":{"title":"Grembiule da cucina schermante - Elektrosmog-Schutz Onlineshop","description":"Grembiule da cucina in tela di cotone impregnata di alta qualit\u00e0 e antimacchia per l'utilizzo di un fornello a induzione.","robots":{"index":"index","follow":"follow","max-snippet":"max-snippet:-1","max-image-preview":"max-image-preview:large","max-video-preview":"max-video-preview:-1"},"canonical":"https:\/\/ecologa-europe.com\/shop\/produkt\/grembiule-da-cucina-schermante\/","og_locale":"de_DE","og_type":"article","og_title":"Grembiule da cucina schermante - Elektrosmog-Schutz Onlineshop","og_description":"Grembiule da cucina in tela di cotone impregnata di alta qualit\u00e0 e antimacchia per l'utilizzo di un fornello a induzione.","og_url":"https:\/\/ecologa-europe.com\/shop\/produkt\/grembiule-da-cucina-schermante\/?lang=it","og_site_name":"Elektrosmog-Schutz Onlineshop","article_publisher":"https:\/\/www.facebook.com\/Ecologa-Europe-GmbH-1604744566252298\/","article_modified_time":"2025-05-16T10:38:43+00:00","og_image":[{"width":1772,"height":1280,"url":"https:\/\/ecologa-europe.com\/shop\/wp-content\/uploads\/2025\/04\/kuechenschuerze.jpg","type":"image\/jpeg"}],"twitter_card":"summary_large_image","twitter_misc":{"Gesch\u00e4tzte Lesezeit":"5\u00a0Minuten"},"schema":{"@context":"https:\/\/schema.org","@graph":[{"@type":"WebPage","@id":"https:\/\/ecologa-europe.com\/shop\/produkt\/grembiule-da-cucina-schermante\/?lang=it","url":"https:\/\/ecologa-europe.com\/shop\/produkt\/grembiule-da-cucina-schermante\/?lang=it","name":"Grembiule da cucina schermante - Elektrosmog-Schutz Onlineshop","isPartOf":{"@id":"https:\/\/ecologa-europe.com\/shop\/#website"},"primaryImageOfPage":{"@id":"https:\/\/ecologa-europe.com\/shop\/produkt\/grembiule-da-cucina-schermante\/?lang=it#primaryimage"},"image":{"@id":"https:\/\/ecologa-europe.com\/shop\/produkt\/grembiule-da-cucina-schermante\/?lang=it#primaryimage"},"thumbnailUrl":"https:\/\/ecologa-europe.com\/shop\/wp-content\/uploads\/2025\/04\/kuechenschuerze.jpg","datePublished":"2025-05-16T10:09:57+00:00","dateModified":"2025-05-16T10:38:43+00:00","description":"Grembiule da cucina in tela di cotone impregnata di alta qualit\u00e0 e antimacchia per l'utilizzo di un fornello a induzione.","breadcrumb":{"@id":"https:\/\/ecologa-europe.com\/shop\/produkt\/grembiule-da-cucina-schermante\/?lang=it#breadcrumb"},"inLanguage":"de","potentialAction":[{"@type":"ReadAction","target":["https:\/\/ecologa-europe.com\/shop\/produkt\/grembiule-da-cucina-schermante\/?lang=it"]}]},{"@type":"ImageObject","inLanguage":"de","@id":"https:\/\/ecologa-europe.com\/shop\/produkt\/grembiule-da-cucina-schermante\/?lang=it#primaryimage","url":"https:\/\/ecologa-europe.com\/shop\/wp-content\/uploads\/2025\/04\/kuechenschuerze.jpg","contentUrl":"https:\/\/ecologa-europe.com\/shop\/wp-content\/uploads\/2025\/04\/kuechenschuerze.jpg","width":1772,"height":1280},{"@type":"BreadcrumbList","@id":"https:\/\/ecologa-europe.com\/shop\/produkt\/grembiule-da-cucina-schermante\/?lang=it#breadcrumb","itemListElement":[{"@type":"ListItem","position":1,"name":"Startseite","item":"https:\/\/ecologa-europe.com\/shop\/"},{"@type":"ListItem","position":2,"name":"Shop","item":"https:\/\/ecologa-europe.com\/shop\/shop\/"},{"@type":"ListItem","position":3,"name":"Grembiule da cucina schermante"}]},{"@type":"WebSite","@id":"https:\/\/ecologa-europe.com\/shop\/#website","url":"https:\/\/ecologa-europe.com\/shop\/","name":"Elektrosmog-Schutz Onlineshop","description":"Ecologa Europe","publisher":{"@id":"https:\/\/ecologa-europe.com\/shop\/#organization"},"potentialAction":[{"@type":"SearchAction","target":{"@type":"EntryPoint","urlTemplate":"https:\/\/ecologa-europe.com\/shop\/?s={search_term_string}"},"query-input":{"@type":"PropertyValueSpecification","valueRequired":true,"valueName":"search_term_string"}}],"inLanguage":"de"},{"@type":"Organization","@id":"https:\/\/ecologa-europe.com\/shop\/#organization","name":"Elektrosmog-Schutz Onlineshop","url":"https:\/\/ecologa-europe.com\/shop\/","logo":{"@type":"ImageObject","inLanguage":"de","@id":"https:\/\/ecologa-europe.com\/shop\/#\/schema\/logo\/image\/","url":"https:\/\/ecologa-europe.com\/shop\/wp-content\/uploads\/2025\/04\/vertical-navbar-logo.svg","contentUrl":"https:\/\/ecologa-europe.com\/shop\/wp-content\/uploads\/2025\/04\/vertical-navbar-logo.svg","width":182,"height":70,"caption":"Elektrosmog-Schutz Onlineshop"},"image":{"@id":"https:\/\/ecologa-europe.com\/shop\/#\/schema\/logo\/image\/"},"sameAs":["https:\/\/www.facebook.com\/Ecologa-Europe-GmbH-1604744566252298\/","https:\/\/www.instagram.com\/ecologaeurope\/"]}]}},"_links":{"self":[{"href":"https:\/\/ecologa-europe.com\/shop\/wp-json\/wp\/v2\/product\/7406","targetHints":{"allow":["GET"]}}],"collection":[{"href":"https:\/\/ecologa-europe.com\/shop\/wp-json\/wp\/v2\/product"}],"about":[{"href":"https:\/\/ecologa-europe.com\/shop\/wp-json\/wp\/v2\/types\/product"}],"wp:featuredmedia":[{"embeddable":true,"href":"https:\/\/ecologa-europe.com\/shop\/wp-json\/wp\/v2\/media\/1259"}],"wp:attachment":[{"href":"https:\/\/ecologa-europe.com\/shop\/wp-json\/wp\/v2\/media?parent=7406"}],"wp:term":[{"taxonomy":"product_brand","embeddable":true,"href":"https:\/\/ecologa-europe.com\/shop\/wp-json\/wp\/v2\/product_brand?post=7406"},{"taxonomy":"product_cat","embeddable":true,"href":"https:\/\/ecologa-europe.com\/shop\/wp-json\/wp\/v2\/product_cat?post=7406"},{"taxonomy":"product_tag","embeddable":true,"href":"https:\/\/ecologa-europe.com\/shop\/wp-json\/wp\/v2\/product_tag?post=7406"}],"curies":[{"name":"wp","href":"https:\/\/api.w.org\/{rel}","templated":true}]}}