{"id":7426,"date":"2025-05-16T10:08:34","date_gmt":"2025-05-16T10:08:34","guid":{"rendered":"https:\/\/639.pm-domains.de\/?post_type=product&#038;p=7426"},"modified":"2025-05-16T10:37:34","modified_gmt":"2025-05-16T10:37:34","slug":"chapeau-de-pecheur-blinde-bob","status":"publish","type":"product","link":"https:\/\/ecologa-europe.com\/shop\/produkt\/chapeau-de-pecheur-blinde-bob\/?lang=fr","title":{"rendered":"Chapeau de p\u00eacheur blind\u00e9 Bob"},"content":{"rendered":"<p>Qui ne conna\u00eet pas le petit chapeau de p\u00eacheur (\u00e9galement connu sous le nom de bucket hat) ?<br \/>\nAujourd&#8217;hui, on le voit partout : dans tous les d\u00e9fil\u00e9s de haute couture, dans la rue ou sur la t\u00eate de toutes les fashionistas. Le bob est \u00e0 la mode et est devenu l&#8217;accessoire de mode le plus populaire.<\/p>\n<p>Le bob que nous vous pr\u00e9sentons ici a \u00e9t\u00e9 confectionn\u00e9 en gabardine d&#8217;un gris agr\u00e9able. Cet accessoire de mode s&#8217;adapte parfaitement \u00e0 votre quotidien et \u00e0 votre style streetwear sportif.<br \/>\nNous le proposons en taille unique 57. Le bob est fabriqu\u00e9 en gabardine de polyester.<br \/>\nNon seulement il vous prot\u00e8ge des rayons ac\u00e9r\u00e9s du soleil et du mauvais temps, mais il ajoute une touche d&#8217;originalit\u00e9 \u00e0 votre style et, surtout, il vous prot\u00e8ge des hautes fr\u00e9quences gr\u00e2ce \u00e0 sa doublure blind\u00e9e. La toile de blindage est un tissu en polyester tiss\u00e9 avec des fils de cuivre argent\u00e9s. L&#8217;att\u00e9nuation du blindage de cette construction tiss\u00e9e tr\u00e8s ouverte est inhabituellement \u00e9lev\u00e9e et ind\u00e9pendante de la direction et atteint une valeur maximale de 40 dB entre 500 MHz et 6 GHz.<\/p>\n<p>Bob est fabriqu\u00e9 en Allemagne.<\/p>\n<p>Conseils d&#8217;entretien :<br \/>\nLe mat\u00e9riau peut \u00eatre lav\u00e9 \u00e0 30\u00b0C en cycle d\u00e9licat, mais ne doit pas \u00eatre essor\u00e9 ou s\u00e9ch\u00e9 en machine.<br \/>\nUne m\u00e9canique trop importante pourrait entra\u00eener des ruptures de fils.<\/p>\n","protected":false},"excerpt":{"rendered":"<p>Pour le blindage contre les ondes \u00e9lectromagn\u00e9tiques \u00e0 haute fr\u00e9quence<br \/>\nFinition de tr\u00e8s haute qualit\u00e9<br \/>\nGrand confort de port<br \/>\nMat\u00e9riau : gabardine de polyester<br \/>\nDoublure de blindage : 90% polyester, 10% m\u00e9tal<br \/>\nAtt\u00e9nuation du blindage : ~40 dB de 500 MHz \u00e0 6 GHz<br \/>\nTaille : Taille unique (57)<br \/>\nCouleur : Gris<\/p>\n","protected":false},"featured_media":162,"template":"","meta":{"inline_featured_image":false,"site-sidebar-layout":"default","site-content-layout":"","ast-site-content-layout":"default","site-content-style":"default","site-sidebar-style":"default","ast-global-header-display":"","ast-banner-title-visibility":"","ast-main-header-display":"","ast-hfb-above-header-display":"","ast-hfb-below-header-display":"","ast-hfb-mobile-header-display":"","site-post-title":"","ast-breadcrumbs-content":"","ast-featured-img":"","footer-sml-layout":"","ast-disable-related-posts":"","theme-transparent-header-meta":"","adv-header-id-meta":"","stick-header-meta":"","header-above-stick-meta":"","header-main-stick-meta":"","header-below-stick-meta":"","astra-migrate-meta-layouts":"default","ast-page-background-enabled":"default","ast-page-background-meta":{"desktop":{"background-color":"var(--ast-global-color-5)","background-image":"","background-repeat":"repeat","background-position":"center center","background-size":"auto","background-attachment":"scroll","background-type":"","background-media":"","overlay-type":"","overlay-color":"","overlay-opacity":"","overlay-gradient":""},"tablet":{"background-color":"","background-image":"","background-repeat":"repeat","background-position":"center center","background-size":"auto","background-attachment":"scroll","background-type":"","background-media":"","overlay-type":"","overlay-color":"","overlay-opacity":"","overlay-gradient":""},"mobile":{"background-color":"","background-image":"","background-repeat":"repeat","background-position":"center center","background-size":"auto","background-attachment":"scroll","background-type":"","background-media":"","overlay-type":"","overlay-color":"","overlay-opacity":"","overlay-gradient":""}},"ast-content-background-meta":{"desktop":{"background-color":"var(--ast-global-color-4)","background-image":"","background-repeat":"repeat","background-position":"center center","background-size":"auto","background-attachment":"scroll","background-type":"","background-media":"","overlay-type":"","overlay-color":"","overlay-opacity":"","overlay-gradient":""},"tablet":{"background-color":"var(--ast-global-color-4)","background-image":"","background-repeat":"repeat","background-position":"center center","background-size":"auto","background-attachment":"scroll","background-type":"","background-media":"","overlay-type":"","overlay-color":"","overlay-opacity":"","overlay-gradient":""},"mobile":{"background-color":"var(--ast-global-color-4)","background-image":"","background-repeat":"repeat","background-position":"center center","background-size":"auto","background-attachment":"scroll","background-type":"","background-media":"","overlay-type":"","overlay-color":"","overlay-opacity":"","overlay-gradient":""}}},"product_brand":[],"product_cat":[198,185],"product_tag":[343,208,188],"class_list":{"0":"post-7426","1":"product","2":"type-product","3":"status-publish","4":"has-post-thumbnail","6":"product_cat-femmes","7":"product_cat-vetements-high-tech","8":"product_tag-chapeau-blinde","9":"product_tag-protection-contre-lelectrosmog","10":"product_tag-vetements-de-protection","11":"product_shipping_class-standardversand","12":"pa_farbe-gris","13":"desktop-align-left","14":"tablet-align-left","15":"mobile-align-left","17":"first","18":"instock","19":"taxable","20":"shipping-taxable","21":"purchasable","22":"product-type-simple"},"yoast_head":"<!-- This site is optimized with the Yoast SEO plugin v27.4 - https:\/\/yoast.com\/product\/yoast-seo-wordpress\/ -->\n<title>Chapeau de p\u00eacheur blind\u00e9 Bob - Elektrosmog-Schutz Onlineshop<\/title>\n<meta name=\"description\" content=\"L&#039;att\u00e9nuation du blindage du chapeau de p\u00eacheur Bob est exceptionnellement \u00e9lev\u00e9e et atteint un maximum de 40 dB entre 500 MHz et 6 GHz.\" \/>\n<meta name=\"robots\" content=\"index, follow, max-snippet:-1, max-image-preview:large, max-video-preview:-1\" \/>\n<link rel=\"canonical\" href=\"https:\/\/ecologa-europe.com\/shop\/produkt\/chapeau-de-pecheur-blinde-bob\/\" \/>\n<meta property=\"og:locale\" content=\"de_DE\" \/>\n<meta property=\"og:type\" content=\"article\" \/>\n<meta property=\"og:title\" content=\"Chapeau de p\u00eacheur blind\u00e9 Bob - Elektrosmog-Schutz Onlineshop\" \/>\n<meta property=\"og:description\" content=\"L&#039;att\u00e9nuation du blindage du chapeau de p\u00eacheur Bob est exceptionnellement \u00e9lev\u00e9e et atteint un maximum de 40 dB entre 500 MHz et 6 GHz.\" \/>\n<meta property=\"og:url\" content=\"https:\/\/ecologa-europe.com\/shop\/produkt\/chapeau-de-pecheur-blinde-bob\/?lang=fr\" \/>\n<meta property=\"og:site_name\" content=\"Elektrosmog-Schutz Onlineshop\" \/>\n<meta property=\"article:publisher\" content=\"https:\/\/www.facebook.com\/Ecologa-Europe-GmbH-1604744566252298\/\" \/>\n<meta property=\"article:modified_time\" content=\"2025-05-16T10:37:34+00:00\" \/>\n<meta property=\"og:image\" content=\"https:\/\/ecologa-europe.com\/shop\/wp-content\/uploads\/2025\/04\/bob_1.jpg\" \/>\n\t<meta property=\"og:image:width\" content=\"1772\" \/>\n\t<meta property=\"og:image:height\" content=\"1280\" \/>\n\t<meta property=\"og:image:type\" content=\"image\/jpeg\" \/>\n<meta name=\"twitter:card\" content=\"summary_large_image\" \/>\n<meta name=\"twitter:label1\" content=\"Gesch\u00e4tzte Lesezeit\" \/>\n\t<meta name=\"twitter:data1\" content=\"1\u00a0Minute\" \/>\n<script type=\"application\/ld+json\" class=\"yoast-schema-graph\">{\"@context\":\"https:\\\/\\\/schema.org\",\"@graph\":[{\"@type\":\"WebPage\",\"@id\":\"https:\\\/\\\/ecologa-europe.com\\\/shop\\\/produkt\\\/chapeau-de-pecheur-blinde-bob\\\/?lang=fr\",\"url\":\"https:\\\/\\\/ecologa-europe.com\\\/shop\\\/produkt\\\/chapeau-de-pecheur-blinde-bob\\\/?lang=fr\",\"name\":\"Chapeau de p\u00eacheur blind\u00e9 Bob - Elektrosmog-Schutz Onlineshop\",\"isPartOf\":{\"@id\":\"https:\\\/\\\/ecologa-europe.com\\\/shop\\\/#website\"},\"primaryImageOfPage\":{\"@id\":\"https:\\\/\\\/ecologa-europe.com\\\/shop\\\/produkt\\\/chapeau-de-pecheur-blinde-bob\\\/?lang=fr#primaryimage\"},\"image\":{\"@id\":\"https:\\\/\\\/ecologa-europe.com\\\/shop\\\/produkt\\\/chapeau-de-pecheur-blinde-bob\\\/?lang=fr#primaryimage\"},\"thumbnailUrl\":\"https:\\\/\\\/ecologa-europe.com\\\/shop\\\/wp-content\\\/uploads\\\/2025\\\/04\\\/bob_1.jpg\",\"datePublished\":\"2025-05-16T10:08:34+00:00\",\"dateModified\":\"2025-05-16T10:37:34+00:00\",\"description\":\"L'att\u00e9nuation du blindage du chapeau de p\u00eacheur Bob est exceptionnellement \u00e9lev\u00e9e et atteint un maximum de 40 dB entre 500 MHz et 6 GHz.\",\"breadcrumb\":{\"@id\":\"https:\\\/\\\/ecologa-europe.com\\\/shop\\\/produkt\\\/chapeau-de-pecheur-blinde-bob\\\/?lang=fr#breadcrumb\"},\"inLanguage\":\"de\",\"potentialAction\":[{\"@type\":\"ReadAction\",\"target\":[\"https:\\\/\\\/ecologa-europe.com\\\/shop\\\/produkt\\\/chapeau-de-pecheur-blinde-bob\\\/?lang=fr\"]}]},{\"@type\":\"ImageObject\",\"inLanguage\":\"de\",\"@id\":\"https:\\\/\\\/ecologa-europe.com\\\/shop\\\/produkt\\\/chapeau-de-pecheur-blinde-bob\\\/?lang=fr#primaryimage\",\"url\":\"https:\\\/\\\/ecologa-europe.com\\\/shop\\\/wp-content\\\/uploads\\\/2025\\\/04\\\/bob_1.jpg\",\"contentUrl\":\"https:\\\/\\\/ecologa-europe.com\\\/shop\\\/wp-content\\\/uploads\\\/2025\\\/04\\\/bob_1.jpg\",\"width\":1772,\"height\":1280},{\"@type\":\"BreadcrumbList\",\"@id\":\"https:\\\/\\\/ecologa-europe.com\\\/shop\\\/produkt\\\/chapeau-de-pecheur-blinde-bob\\\/?lang=fr#breadcrumb\",\"itemListElement\":[{\"@type\":\"ListItem\",\"position\":1,\"name\":\"Startseite\",\"item\":\"https:\\\/\\\/ecologa-europe.com\\\/shop\\\/\"},{\"@type\":\"ListItem\",\"position\":2,\"name\":\"Shop\",\"item\":\"https:\\\/\\\/ecologa-europe.com\\\/shop\\\/shop\\\/\"},{\"@type\":\"ListItem\",\"position\":3,\"name\":\"Chapeau de p\u00eacheur blind\u00e9 Bob\"}]},{\"@type\":\"WebSite\",\"@id\":\"https:\\\/\\\/ecologa-europe.com\\\/shop\\\/#website\",\"url\":\"https:\\\/\\\/ecologa-europe.com\\\/shop\\\/\",\"name\":\"Elektrosmog-Schutz Onlineshop\",\"description\":\"Ecologa Europe\",\"publisher\":{\"@id\":\"https:\\\/\\\/ecologa-europe.com\\\/shop\\\/#organization\"},\"potentialAction\":[{\"@type\":\"SearchAction\",\"target\":{\"@type\":\"EntryPoint\",\"urlTemplate\":\"https:\\\/\\\/ecologa-europe.com\\\/shop\\\/?s={search_term_string}\"},\"query-input\":{\"@type\":\"PropertyValueSpecification\",\"valueRequired\":true,\"valueName\":\"search_term_string\"}}],\"inLanguage\":\"de\"},{\"@type\":\"Organization\",\"@id\":\"https:\\\/\\\/ecologa-europe.com\\\/shop\\\/#organization\",\"name\":\"Elektrosmog-Schutz Onlineshop\",\"url\":\"https:\\\/\\\/ecologa-europe.com\\\/shop\\\/\",\"logo\":{\"@type\":\"ImageObject\",\"inLanguage\":\"de\",\"@id\":\"https:\\\/\\\/ecologa-europe.com\\\/shop\\\/#\\\/schema\\\/logo\\\/image\\\/\",\"url\":\"https:\\\/\\\/ecologa-europe.com\\\/shop\\\/wp-content\\\/uploads\\\/2025\\\/04\\\/vertical-navbar-logo.svg\",\"contentUrl\":\"https:\\\/\\\/ecologa-europe.com\\\/shop\\\/wp-content\\\/uploads\\\/2025\\\/04\\\/vertical-navbar-logo.svg\",\"width\":182,\"height\":70,\"caption\":\"Elektrosmog-Schutz Onlineshop\"},\"image\":{\"@id\":\"https:\\\/\\\/ecologa-europe.com\\\/shop\\\/#\\\/schema\\\/logo\\\/image\\\/\"},\"sameAs\":[\"https:\\\/\\\/www.facebook.com\\\/Ecologa-Europe-GmbH-1604744566252298\\\/\",\"https:\\\/\\\/www.instagram.com\\\/ecologaeurope\\\/\"]}]}<\/script>\n<!-- \/ Yoast SEO plugin. -->","yoast_head_json":{"title":"Chapeau de p\u00eacheur blind\u00e9 Bob - Elektrosmog-Schutz Onlineshop","description":"L'att\u00e9nuation du blindage du chapeau de p\u00eacheur Bob est exceptionnellement \u00e9lev\u00e9e et atteint un maximum de 40 dB entre 500 MHz et 6 GHz.","robots":{"index":"index","follow":"follow","max-snippet":"max-snippet:-1","max-image-preview":"max-image-preview:large","max-video-preview":"max-video-preview:-1"},"canonical":"https:\/\/ecologa-europe.com\/shop\/produkt\/chapeau-de-pecheur-blinde-bob\/","og_locale":"de_DE","og_type":"article","og_title":"Chapeau de p\u00eacheur blind\u00e9 Bob - Elektrosmog-Schutz Onlineshop","og_description":"L'att\u00e9nuation du blindage du chapeau de p\u00eacheur Bob est exceptionnellement \u00e9lev\u00e9e et atteint un maximum de 40 dB entre 500 MHz et 6 GHz.","og_url":"https:\/\/ecologa-europe.com\/shop\/produkt\/chapeau-de-pecheur-blinde-bob\/?lang=fr","og_site_name":"Elektrosmog-Schutz Onlineshop","article_publisher":"https:\/\/www.facebook.com\/Ecologa-Europe-GmbH-1604744566252298\/","article_modified_time":"2025-05-16T10:37:34+00:00","og_image":[{"width":1772,"height":1280,"url":"https:\/\/ecologa-europe.com\/shop\/wp-content\/uploads\/2025\/04\/bob_1.jpg","type":"image\/jpeg"}],"twitter_card":"summary_large_image","twitter_misc":{"Gesch\u00e4tzte Lesezeit":"1\u00a0Minute"},"schema":{"@context":"https:\/\/schema.org","@graph":[{"@type":"WebPage","@id":"https:\/\/ecologa-europe.com\/shop\/produkt\/chapeau-de-pecheur-blinde-bob\/?lang=fr","url":"https:\/\/ecologa-europe.com\/shop\/produkt\/chapeau-de-pecheur-blinde-bob\/?lang=fr","name":"Chapeau de p\u00eacheur blind\u00e9 Bob - Elektrosmog-Schutz Onlineshop","isPartOf":{"@id":"https:\/\/ecologa-europe.com\/shop\/#website"},"primaryImageOfPage":{"@id":"https:\/\/ecologa-europe.com\/shop\/produkt\/chapeau-de-pecheur-blinde-bob\/?lang=fr#primaryimage"},"image":{"@id":"https:\/\/ecologa-europe.com\/shop\/produkt\/chapeau-de-pecheur-blinde-bob\/?lang=fr#primaryimage"},"thumbnailUrl":"https:\/\/ecologa-europe.com\/shop\/wp-content\/uploads\/2025\/04\/bob_1.jpg","datePublished":"2025-05-16T10:08:34+00:00","dateModified":"2025-05-16T10:37:34+00:00","description":"L'att\u00e9nuation du blindage du chapeau de p\u00eacheur Bob est exceptionnellement \u00e9lev\u00e9e et atteint un maximum de 40 dB entre 500 MHz et 6 GHz.","breadcrumb":{"@id":"https:\/\/ecologa-europe.com\/shop\/produkt\/chapeau-de-pecheur-blinde-bob\/?lang=fr#breadcrumb"},"inLanguage":"de","potentialAction":[{"@type":"ReadAction","target":["https:\/\/ecologa-europe.com\/shop\/produkt\/chapeau-de-pecheur-blinde-bob\/?lang=fr"]}]},{"@type":"ImageObject","inLanguage":"de","@id":"https:\/\/ecologa-europe.com\/shop\/produkt\/chapeau-de-pecheur-blinde-bob\/?lang=fr#primaryimage","url":"https:\/\/ecologa-europe.com\/shop\/wp-content\/uploads\/2025\/04\/bob_1.jpg","contentUrl":"https:\/\/ecologa-europe.com\/shop\/wp-content\/uploads\/2025\/04\/bob_1.jpg","width":1772,"height":1280},{"@type":"BreadcrumbList","@id":"https:\/\/ecologa-europe.com\/shop\/produkt\/chapeau-de-pecheur-blinde-bob\/?lang=fr#breadcrumb","itemListElement":[{"@type":"ListItem","position":1,"name":"Startseite","item":"https:\/\/ecologa-europe.com\/shop\/"},{"@type":"ListItem","position":2,"name":"Shop","item":"https:\/\/ecologa-europe.com\/shop\/shop\/"},{"@type":"ListItem","position":3,"name":"Chapeau de p\u00eacheur blind\u00e9 Bob"}]},{"@type":"WebSite","@id":"https:\/\/ecologa-europe.com\/shop\/#website","url":"https:\/\/ecologa-europe.com\/shop\/","name":"Elektrosmog-Schutz Onlineshop","description":"Ecologa Europe","publisher":{"@id":"https:\/\/ecologa-europe.com\/shop\/#organization"},"potentialAction":[{"@type":"SearchAction","target":{"@type":"EntryPoint","urlTemplate":"https:\/\/ecologa-europe.com\/shop\/?s={search_term_string}"},"query-input":{"@type":"PropertyValueSpecification","valueRequired":true,"valueName":"search_term_string"}}],"inLanguage":"de"},{"@type":"Organization","@id":"https:\/\/ecologa-europe.com\/shop\/#organization","name":"Elektrosmog-Schutz Onlineshop","url":"https:\/\/ecologa-europe.com\/shop\/","logo":{"@type":"ImageObject","inLanguage":"de","@id":"https:\/\/ecologa-europe.com\/shop\/#\/schema\/logo\/image\/","url":"https:\/\/ecologa-europe.com\/shop\/wp-content\/uploads\/2025\/04\/vertical-navbar-logo.svg","contentUrl":"https:\/\/ecologa-europe.com\/shop\/wp-content\/uploads\/2025\/04\/vertical-navbar-logo.svg","width":182,"height":70,"caption":"Elektrosmog-Schutz Onlineshop"},"image":{"@id":"https:\/\/ecologa-europe.com\/shop\/#\/schema\/logo\/image\/"},"sameAs":["https:\/\/www.facebook.com\/Ecologa-Europe-GmbH-1604744566252298\/","https:\/\/www.instagram.com\/ecologaeurope\/"]}]}},"_links":{"self":[{"href":"https:\/\/ecologa-europe.com\/shop\/wp-json\/wp\/v2\/product\/7426","targetHints":{"allow":["GET"]}}],"collection":[{"href":"https:\/\/ecologa-europe.com\/shop\/wp-json\/wp\/v2\/product"}],"about":[{"href":"https:\/\/ecologa-europe.com\/shop\/wp-json\/wp\/v2\/types\/product"}],"wp:featuredmedia":[{"embeddable":true,"href":"https:\/\/ecologa-europe.com\/shop\/wp-json\/wp\/v2\/media\/162"}],"wp:attachment":[{"href":"https:\/\/ecologa-europe.com\/shop\/wp-json\/wp\/v2\/media?parent=7426"}],"wp:term":[{"taxonomy":"product_brand","embeddable":true,"href":"https:\/\/ecologa-europe.com\/shop\/wp-json\/wp\/v2\/product_brand?post=7426"},{"taxonomy":"product_cat","embeddable":true,"href":"https:\/\/ecologa-europe.com\/shop\/wp-json\/wp\/v2\/product_cat?post=7426"},{"taxonomy":"product_tag","embeddable":true,"href":"https:\/\/ecologa-europe.com\/shop\/wp-json\/wp\/v2\/product_tag?post=7426"}],"curies":[{"name":"wp","href":"https:\/\/api.w.org\/{rel}","templated":true}]}}