{"id":7438,"date":"2025-05-16T10:09:31","date_gmt":"2025-05-16T10:09:31","guid":{"rendered":"https:\/\/639.pm-domains.de\/?post_type=product&#038;p=7438"},"modified":"2025-10-04T12:41:34","modified_gmt":"2025-10-04T12:41:34","slug":"leggings-schermanti-da-donna","status":"publish","type":"product","link":"https:\/\/ecologa-europe.com\/shop\/produkt\/leggings-schermanti-da-donna\/?lang=it","title":{"rendered":"Leggings schermanti da donna"},"content":{"rendered":"<p>L&#8217;intimo che protegge dalle radiazioni elettromagnetiche!<br \/>\nDelicato per la pelle, resistente ai lavaggi e priva di nanotecnologie.<br \/>\nLa vostra protezione professionale!<\/p>\n<p>Questa qualit\u00e0 \u00e8 una maglia jacquard destra-sinistra in una combinazione di cotone organico pettinato e poliammide<br \/>\nCotone organico e poliammide rivestiti d&#8217;argento. Il rivestimento non \u00e8 costituito dal controverso nano-argento, ma da argento puro che circonda l&#8217;intera fibra di poliammide. L&#8217;argento metallico \u00e8 assolutamente innocuo per la salute umana e per la natura.<br \/>\nGrazie alla costruzione innovativa del tessuto e all&#8217;uso di materiali di alta qualit\u00e0, questa maglia protegge dalle radiazioni elettromagnetiche nella gamma da 20 kHz a 10 GHz, con un&#8217;efficacia fino al 99%. Ci\u00f2 \u00e8 stato confermato da una perizia del Prof. Pauli dell&#8217;Universit\u00e0 delle Forze Armate Federali di Monaco.<\/p>\n<p>I leggings hanno una morbida vita elasticizzata, tengono caldo e sono estremamente comodi da indossare. Sono traspiranti, regolano la temperatura e prevengono gli odori.<br \/>\n\u00c8 il capo perfetto da indossare tutti i giorni.<\/p>\n<p>Composizione: 89% cotone biologico, 9% poliammide, 2% argento.<\/p>\n\n<table id=\"tablepress-19\" class=\"tablepress tablepress-id-19\">\n<thead>\n<tr class=\"row-1\">\n\t<td class=\"column-1\"><\/td><th class=\"column-2\">Frequenza \/ Applicazione (MHz)<\/th><th class=\"column-3\">Decibel (dB*)<\/th><th class=\"column-4\">Percentuale (%)<\/th>\n<\/tr>\n<\/thead>\n<tbody class=\"row-striping row-hover\">\n<tr class=\"row-2\">\n\t<td class=\"column-1\">Tetra 450<\/td><td class=\"column-2\">450MHz<\/td><td class=\"column-3\">33dB<\/td><td class=\"column-4\">99,9%<\/td>\n<\/tr>\n<tr class=\"row-3\">\n\t<td class=\"column-1\">LTE 800<\/td><td class=\"column-2\">800MHz<\/td><td class=\"column-3\">31dB<\/td><td class=\"column-4\">99,9%<\/td>\n<\/tr>\n<tr class=\"row-4\">\n\t<td class=\"column-1\">GSM 900<\/td><td class=\"column-2\">900MHz<\/td><td class=\"column-3\">31dB<\/td><td class=\"column-4\">99,9%<\/td>\n<\/tr>\n<tr class=\"row-5\">\n\t<td class=\"column-1\">GSM 1800<\/td><td class=\"column-2\">1800MHz<\/td><td class=\"column-3\">23dB<\/td><td class=\"column-4\">99%<\/td>\n<\/tr>\n<tr class=\"row-6\">\n\t<td class=\"column-1\">DECT 1800<\/td><td class=\"column-2\">1800MHz<\/td><td class=\"column-3\">23dB<\/td><td class=\"column-4\">99%<\/td>\n<\/tr>\n<tr class=\"row-7\">\n\t<td class=\"column-1\">UMTS 2000<\/td><td class=\"column-2\">2000MHz<\/td><td class=\"column-3\">21dB<\/td><td class=\"column-4\">99%<\/td>\n<\/tr>\n<tr class=\"row-8\">\n\t<td class=\"column-1\">WLAN 2400<\/td><td class=\"column-2\">2400MHz<\/td><td class=\"column-3\">21dB<\/td><td class=\"column-4\">90%<\/td>\n<\/tr>\n<tr class=\"row-9\">\n\t<td class=\"column-1\">LTE 2600<\/td><td class=\"column-2\">2600MHz<\/td><td class=\"column-3\">21dB<\/td><td class=\"column-4\">99%<\/td>\n<\/tr>\n<tr class=\"row-10\">\n\t<td class=\"column-1\">WLAN 5800<\/td><td class=\"column-2\">5800MHz<\/td><td class=\"column-3\">15dB<\/td><td class=\"column-4\">90%<\/td>\n<\/tr>\n<\/tbody>\n<\/table>\n<!-- #tablepress-19 from cache -->\n<p>Colore: bianco<br \/>\nTaglie: S, M, L, XL<\/p>\n\n<table id=\"tablepress-82\" class=\"tablepress tablepress-id-82\">\n<thead>\n<tr class=\"row-1\">\n\t<th class=\"column-1\">Taglia<\/th><th class=\"column-2\">S<\/th><th class=\"column-3\">M<\/th><th class=\"column-4\">L<\/th><th class=\"column-5\">XL<\/th>\n<\/tr>\n<\/thead>\n<tbody class=\"row-striping row-hover\">\n<tr class=\"row-2\">\n\t<td class=\"column-1\">\u00bd Circonferenza vita<\/td><td class=\"column-2\">30<\/td><td class=\"column-3\">32<\/td><td class=\"column-4\">34<\/td><td class=\"column-5\">35<\/td>\n<\/tr>\n<tr class=\"row-3\">\n\t<td class=\"column-1\">Lunghezza totale<\/td><td class=\"column-2\">31,5<\/td><td class=\"column-3\">33,5<\/td><td class=\"column-4\">35,5<\/td><td class=\"column-5\">36,5<\/td>\n<\/tr>\n<tr class=\"row-4\">\n\t<td class=\"column-1\">Lunghezza anteriore<\/td><td class=\"column-2\">29,5<\/td><td class=\"column-3\">31,5<\/td><td class=\"column-4\">33<\/td><td class=\"column-5\">34<\/td>\n<\/tr>\n<tr class=\"row-5\">\n\t<td class=\"column-1\">Lunghezza posteriore<\/td><td class=\"column-2\">32,5<\/td><td class=\"column-3\">35,5<\/td><td class=\"column-4\">37,5<\/td><td class=\"column-5\">38,5<\/td>\n<\/tr>\n<tr class=\"row-6\">\n\t<td class=\"column-1\">Lunghezza laterale<\/td><td class=\"column-2\">101<\/td><td class=\"column-3\">103,5<\/td><td class=\"column-4\">106<\/td><td class=\"column-5\">108<\/td>\n<\/tr>\n<tr class=\"row-7\">\n\t<td class=\"column-1\">\u00bd larghezza gamba<\/td><td class=\"column-2\">23,5<\/td><td class=\"column-3\">24,5<\/td><td class=\"column-4\">25,5<\/td><td class=\"column-5\">27<\/td>\n<\/tr>\n<\/tbody>\n<\/table>\n<!-- #tablepress-82 from cache -->\n<p>Istruzioni per la cura:<br \/>\nLavabile con il detersivo appropriato a 30 gradi sul ciclo lana.<br \/>\nNon adatto all&#8217;asciugatrice. Stirare a bassa temperatura.<\/p>\n","protected":false},"excerpt":{"rendered":"<p>Per schermare le onde elettromagnetiche ad alta frequenza<br \/>\n<strong>Cotone biologico, kbA (coltivazione biologica controllata)<\/strong><br \/>\nLavorazione di altissima qualit\u00e0<br \/>\nMorbido elastico in vita.<br \/>\nAntibatterico, antistatico e termoregolatore.<\/p>\n<p>I leggings hanno una morbida vita elasticizzata e sono estremamente comodi da indossare. Sono il capo perfetto da indossare tutti i giorni.<\/p>\n<p>Composizione: 89% cotone biologico, 9% poliammide, 2% argento<br \/>\nAttenuazione massima in %: &gt; 99,0 %<br \/>\nColore: bianco<\/p>\n","protected":false},"featured_media":1151,"template":"","meta":{"inline_featured_image":false,"site-sidebar-layout":"default","site-content-layout":"","ast-site-content-layout":"default","site-content-style":"default","site-sidebar-style":"default","ast-global-header-display":"","ast-banner-title-visibility":"","ast-main-header-display":"","ast-hfb-above-header-display":"","ast-hfb-below-header-display":"","ast-hfb-mobile-header-display":"","site-post-title":"","ast-breadcrumbs-content":"","ast-featured-img":"","footer-sml-layout":"","ast-disable-related-posts":"","theme-transparent-header-meta":"default","adv-header-id-meta":"","stick-header-meta":"","header-above-stick-meta":"","header-main-stick-meta":"","header-below-stick-meta":"","astra-migrate-meta-layouts":"default","ast-page-background-enabled":"default","ast-page-background-meta":{"desktop":{"background-color":"var(--ast-global-color-5)","background-image":"","background-repeat":"repeat","background-position":"center center","background-size":"auto","background-attachment":"scroll","background-type":"","background-media":"","overlay-type":"","overlay-color":"","overlay-opacity":"","overlay-gradient":""},"tablet":{"background-color":"","background-image":"","background-repeat":"repeat","background-position":"center center","background-size":"auto","background-attachment":"scroll","background-type":"","background-media":"","overlay-type":"","overlay-color":"","overlay-opacity":"","overlay-gradient":""},"mobile":{"background-color":"","background-image":"","background-repeat":"repeat","background-position":"center center","background-size":"auto","background-attachment":"scroll","background-type":"","background-media":"","overlay-type":"","overlay-color":"","overlay-opacity":"","overlay-gradient":""}},"ast-content-background-meta":{"desktop":{"background-color":"var(--ast-global-color-4)","background-image":"","background-repeat":"repeat","background-position":"center center","background-size":"auto","background-attachment":"scroll","background-type":"","background-media":"","overlay-type":"","overlay-color":"","overlay-opacity":"","overlay-gradient":""},"tablet":{"background-color":"var(--ast-global-color-4)","background-image":"","background-repeat":"repeat","background-position":"center center","background-size":"auto","background-attachment":"scroll","background-type":"","background-media":"","overlay-type":"","overlay-color":"","overlay-opacity":"","overlay-gradient":""},"mobile":{"background-color":"var(--ast-global-color-4)","background-image":"","background-repeat":"repeat","background-position":"center center","background-size":"auto","background-attachment":"scroll","background-type":"","background-media":"","overlay-type":"","overlay-color":"","overlay-opacity":"","overlay-gradient":""}}},"product_brand":[],"product_cat":[190,202],"product_tag":[],"class_list":{"0":"post-7438","1":"product","2":"type-product","3":"status-publish","4":"has-post-thumbnail","6":"product_cat-abbigliamento-high-tech","7":"product_cat-donne","8":"product_shipping_class-standardversand","9":"pa_groesse-l-3","10":"pa_groesse-m-4","11":"pa_groesse-s-4","12":"pa_groesse-xl-2","13":"desktop-align-left","14":"tablet-align-left","15":"mobile-align-left","17":"first","18":"instock","19":"taxable","20":"shipping-taxable","21":"purchasable","22":"product-type-variable"},"yoast_head":"<!-- This site is optimized with the Yoast SEO plugin v27.4 - https:\/\/yoast.com\/product\/yoast-seo-wordpress\/ -->\n<title>Leggings schermanti da donna - Elektrosmog-Schutz Onlineshop<\/title>\n<meta name=\"description\" content=\"La nuova generazione di biancheria intima per schermare le onde elettromagnetiche ad alta frequenza\" \/>\n<meta name=\"robots\" content=\"index, follow, max-snippet:-1, max-image-preview:large, max-video-preview:-1\" \/>\n<link rel=\"canonical\" href=\"https:\/\/ecologa-europe.com\/shop\/produkt\/leggings-schermanti-da-donna\/\" \/>\n<meta property=\"og:locale\" content=\"de_DE\" \/>\n<meta property=\"og:type\" content=\"article\" \/>\n<meta property=\"og:title\" content=\"Leggings schermanti da donna - Elektrosmog-Schutz Onlineshop\" \/>\n<meta property=\"og:description\" content=\"La nuova generazione di biancheria intima per schermare le onde elettromagnetiche ad alta frequenza\" \/>\n<meta property=\"og:url\" content=\"https:\/\/ecologa-europe.com\/shop\/produkt\/leggings-schermanti-da-donna\/?lang=it\" \/>\n<meta property=\"og:site_name\" content=\"Elektrosmog-Schutz Onlineshop\" \/>\n<meta property=\"article:publisher\" content=\"https:\/\/www.facebook.com\/Ecologa-Europe-GmbH-1604744566252298\/\" \/>\n<meta property=\"article:modified_time\" content=\"2025-10-04T12:41:34+00:00\" \/>\n<meta property=\"og:image\" content=\"https:\/\/ecologa-europe.com\/shop\/wp-content\/uploads\/2025\/04\/damen_leggings_1.jpg\" \/>\n\t<meta property=\"og:image:width\" content=\"1772\" \/>\n\t<meta property=\"og:image:height\" content=\"1280\" \/>\n\t<meta property=\"og:image:type\" content=\"image\/jpeg\" \/>\n<meta name=\"twitter:card\" content=\"summary_large_image\" \/>\n<meta name=\"twitter:label1\" content=\"Gesch\u00e4tzte Lesezeit\" \/>\n\t<meta name=\"twitter:data1\" content=\"2\u00a0Minuten\" \/>\n<script type=\"application\/ld+json\" class=\"yoast-schema-graph\">{\"@context\":\"https:\\\/\\\/schema.org\",\"@graph\":[{\"@type\":\"WebPage\",\"@id\":\"https:\\\/\\\/ecologa-europe.com\\\/shop\\\/produkt\\\/leggings-schermanti-da-donna\\\/?lang=it\",\"url\":\"https:\\\/\\\/ecologa-europe.com\\\/shop\\\/produkt\\\/leggings-schermanti-da-donna\\\/?lang=it\",\"name\":\"Leggings schermanti da donna - Elektrosmog-Schutz Onlineshop\",\"isPartOf\":{\"@id\":\"https:\\\/\\\/ecologa-europe.com\\\/shop\\\/#website\"},\"primaryImageOfPage\":{\"@id\":\"https:\\\/\\\/ecologa-europe.com\\\/shop\\\/produkt\\\/leggings-schermanti-da-donna\\\/?lang=it#primaryimage\"},\"image\":{\"@id\":\"https:\\\/\\\/ecologa-europe.com\\\/shop\\\/produkt\\\/leggings-schermanti-da-donna\\\/?lang=it#primaryimage\"},\"thumbnailUrl\":\"https:\\\/\\\/ecologa-europe.com\\\/shop\\\/wp-content\\\/uploads\\\/2025\\\/04\\\/damen_leggings_1.jpg\",\"datePublished\":\"2025-05-16T10:09:31+00:00\",\"dateModified\":\"2025-10-04T12:41:34+00:00\",\"description\":\"La nuova generazione di biancheria intima per schermare le onde elettromagnetiche ad alta frequenza\",\"breadcrumb\":{\"@id\":\"https:\\\/\\\/ecologa-europe.com\\\/shop\\\/produkt\\\/leggings-schermanti-da-donna\\\/?lang=it#breadcrumb\"},\"inLanguage\":\"de\",\"potentialAction\":[{\"@type\":\"ReadAction\",\"target\":[\"https:\\\/\\\/ecologa-europe.com\\\/shop\\\/produkt\\\/leggings-schermanti-da-donna\\\/?lang=it\"]}]},{\"@type\":\"ImageObject\",\"inLanguage\":\"de\",\"@id\":\"https:\\\/\\\/ecologa-europe.com\\\/shop\\\/produkt\\\/leggings-schermanti-da-donna\\\/?lang=it#primaryimage\",\"url\":\"https:\\\/\\\/ecologa-europe.com\\\/shop\\\/wp-content\\\/uploads\\\/2025\\\/04\\\/damen_leggings_1.jpg\",\"contentUrl\":\"https:\\\/\\\/ecologa-europe.com\\\/shop\\\/wp-content\\\/uploads\\\/2025\\\/04\\\/damen_leggings_1.jpg\",\"width\":1772,\"height\":1280},{\"@type\":\"BreadcrumbList\",\"@id\":\"https:\\\/\\\/ecologa-europe.com\\\/shop\\\/produkt\\\/leggings-schermanti-da-donna\\\/?lang=it#breadcrumb\",\"itemListElement\":[{\"@type\":\"ListItem\",\"position\":1,\"name\":\"Startseite\",\"item\":\"https:\\\/\\\/ecologa-europe.com\\\/shop\\\/\"},{\"@type\":\"ListItem\",\"position\":2,\"name\":\"Shop\",\"item\":\"https:\\\/\\\/ecologa-europe.com\\\/shop\\\/shop\\\/\"},{\"@type\":\"ListItem\",\"position\":3,\"name\":\"Leggings schermanti da donna\"}]},{\"@type\":\"WebSite\",\"@id\":\"https:\\\/\\\/ecologa-europe.com\\\/shop\\\/#website\",\"url\":\"https:\\\/\\\/ecologa-europe.com\\\/shop\\\/\",\"name\":\"Elektrosmog-Schutz Onlineshop\",\"description\":\"Ecologa Europe\",\"publisher\":{\"@id\":\"https:\\\/\\\/ecologa-europe.com\\\/shop\\\/#organization\"},\"potentialAction\":[{\"@type\":\"SearchAction\",\"target\":{\"@type\":\"EntryPoint\",\"urlTemplate\":\"https:\\\/\\\/ecologa-europe.com\\\/shop\\\/?s={search_term_string}\"},\"query-input\":{\"@type\":\"PropertyValueSpecification\",\"valueRequired\":true,\"valueName\":\"search_term_string\"}}],\"inLanguage\":\"de\"},{\"@type\":\"Organization\",\"@id\":\"https:\\\/\\\/ecologa-europe.com\\\/shop\\\/#organization\",\"name\":\"Elektrosmog-Schutz Onlineshop\",\"url\":\"https:\\\/\\\/ecologa-europe.com\\\/shop\\\/\",\"logo\":{\"@type\":\"ImageObject\",\"inLanguage\":\"de\",\"@id\":\"https:\\\/\\\/ecologa-europe.com\\\/shop\\\/#\\\/schema\\\/logo\\\/image\\\/\",\"url\":\"https:\\\/\\\/ecologa-europe.com\\\/shop\\\/wp-content\\\/uploads\\\/2025\\\/04\\\/vertical-navbar-logo.svg\",\"contentUrl\":\"https:\\\/\\\/ecologa-europe.com\\\/shop\\\/wp-content\\\/uploads\\\/2025\\\/04\\\/vertical-navbar-logo.svg\",\"width\":182,\"height\":70,\"caption\":\"Elektrosmog-Schutz Onlineshop\"},\"image\":{\"@id\":\"https:\\\/\\\/ecologa-europe.com\\\/shop\\\/#\\\/schema\\\/logo\\\/image\\\/\"},\"sameAs\":[\"https:\\\/\\\/www.facebook.com\\\/Ecologa-Europe-GmbH-1604744566252298\\\/\",\"https:\\\/\\\/www.instagram.com\\\/ecologaeurope\\\/\"]}]}<\/script>\n<!-- \/ Yoast SEO plugin. -->","yoast_head_json":{"title":"Leggings schermanti da donna - Elektrosmog-Schutz Onlineshop","description":"La nuova generazione di biancheria intima per schermare le onde elettromagnetiche ad alta frequenza","robots":{"index":"index","follow":"follow","max-snippet":"max-snippet:-1","max-image-preview":"max-image-preview:large","max-video-preview":"max-video-preview:-1"},"canonical":"https:\/\/ecologa-europe.com\/shop\/produkt\/leggings-schermanti-da-donna\/","og_locale":"de_DE","og_type":"article","og_title":"Leggings schermanti da donna - Elektrosmog-Schutz Onlineshop","og_description":"La nuova generazione di biancheria intima per schermare le onde elettromagnetiche ad alta frequenza","og_url":"https:\/\/ecologa-europe.com\/shop\/produkt\/leggings-schermanti-da-donna\/?lang=it","og_site_name":"Elektrosmog-Schutz Onlineshop","article_publisher":"https:\/\/www.facebook.com\/Ecologa-Europe-GmbH-1604744566252298\/","article_modified_time":"2025-10-04T12:41:34+00:00","og_image":[{"width":1772,"height":1280,"url":"https:\/\/ecologa-europe.com\/shop\/wp-content\/uploads\/2025\/04\/damen_leggings_1.jpg","type":"image\/jpeg"}],"twitter_card":"summary_large_image","twitter_misc":{"Gesch\u00e4tzte Lesezeit":"2\u00a0Minuten"},"schema":{"@context":"https:\/\/schema.org","@graph":[{"@type":"WebPage","@id":"https:\/\/ecologa-europe.com\/shop\/produkt\/leggings-schermanti-da-donna\/?lang=it","url":"https:\/\/ecologa-europe.com\/shop\/produkt\/leggings-schermanti-da-donna\/?lang=it","name":"Leggings schermanti da donna - Elektrosmog-Schutz Onlineshop","isPartOf":{"@id":"https:\/\/ecologa-europe.com\/shop\/#website"},"primaryImageOfPage":{"@id":"https:\/\/ecologa-europe.com\/shop\/produkt\/leggings-schermanti-da-donna\/?lang=it#primaryimage"},"image":{"@id":"https:\/\/ecologa-europe.com\/shop\/produkt\/leggings-schermanti-da-donna\/?lang=it#primaryimage"},"thumbnailUrl":"https:\/\/ecologa-europe.com\/shop\/wp-content\/uploads\/2025\/04\/damen_leggings_1.jpg","datePublished":"2025-05-16T10:09:31+00:00","dateModified":"2025-10-04T12:41:34+00:00","description":"La nuova generazione di biancheria intima per schermare le onde elettromagnetiche ad alta frequenza","breadcrumb":{"@id":"https:\/\/ecologa-europe.com\/shop\/produkt\/leggings-schermanti-da-donna\/?lang=it#breadcrumb"},"inLanguage":"de","potentialAction":[{"@type":"ReadAction","target":["https:\/\/ecologa-europe.com\/shop\/produkt\/leggings-schermanti-da-donna\/?lang=it"]}]},{"@type":"ImageObject","inLanguage":"de","@id":"https:\/\/ecologa-europe.com\/shop\/produkt\/leggings-schermanti-da-donna\/?lang=it#primaryimage","url":"https:\/\/ecologa-europe.com\/shop\/wp-content\/uploads\/2025\/04\/damen_leggings_1.jpg","contentUrl":"https:\/\/ecologa-europe.com\/shop\/wp-content\/uploads\/2025\/04\/damen_leggings_1.jpg","width":1772,"height":1280},{"@type":"BreadcrumbList","@id":"https:\/\/ecologa-europe.com\/shop\/produkt\/leggings-schermanti-da-donna\/?lang=it#breadcrumb","itemListElement":[{"@type":"ListItem","position":1,"name":"Startseite","item":"https:\/\/ecologa-europe.com\/shop\/"},{"@type":"ListItem","position":2,"name":"Shop","item":"https:\/\/ecologa-europe.com\/shop\/shop\/"},{"@type":"ListItem","position":3,"name":"Leggings schermanti da donna"}]},{"@type":"WebSite","@id":"https:\/\/ecologa-europe.com\/shop\/#website","url":"https:\/\/ecologa-europe.com\/shop\/","name":"Elektrosmog-Schutz Onlineshop","description":"Ecologa Europe","publisher":{"@id":"https:\/\/ecologa-europe.com\/shop\/#organization"},"potentialAction":[{"@type":"SearchAction","target":{"@type":"EntryPoint","urlTemplate":"https:\/\/ecologa-europe.com\/shop\/?s={search_term_string}"},"query-input":{"@type":"PropertyValueSpecification","valueRequired":true,"valueName":"search_term_string"}}],"inLanguage":"de"},{"@type":"Organization","@id":"https:\/\/ecologa-europe.com\/shop\/#organization","name":"Elektrosmog-Schutz Onlineshop","url":"https:\/\/ecologa-europe.com\/shop\/","logo":{"@type":"ImageObject","inLanguage":"de","@id":"https:\/\/ecologa-europe.com\/shop\/#\/schema\/logo\/image\/","url":"https:\/\/ecologa-europe.com\/shop\/wp-content\/uploads\/2025\/04\/vertical-navbar-logo.svg","contentUrl":"https:\/\/ecologa-europe.com\/shop\/wp-content\/uploads\/2025\/04\/vertical-navbar-logo.svg","width":182,"height":70,"caption":"Elektrosmog-Schutz Onlineshop"},"image":{"@id":"https:\/\/ecologa-europe.com\/shop\/#\/schema\/logo\/image\/"},"sameAs":["https:\/\/www.facebook.com\/Ecologa-Europe-GmbH-1604744566252298\/","https:\/\/www.instagram.com\/ecologaeurope\/"]}]}},"_links":{"self":[{"href":"https:\/\/ecologa-europe.com\/shop\/wp-json\/wp\/v2\/product\/7438","targetHints":{"allow":["GET"]}}],"collection":[{"href":"https:\/\/ecologa-europe.com\/shop\/wp-json\/wp\/v2\/product"}],"about":[{"href":"https:\/\/ecologa-europe.com\/shop\/wp-json\/wp\/v2\/types\/product"}],"wp:featuredmedia":[{"embeddable":true,"href":"https:\/\/ecologa-europe.com\/shop\/wp-json\/wp\/v2\/media\/1151"}],"wp:attachment":[{"href":"https:\/\/ecologa-europe.com\/shop\/wp-json\/wp\/v2\/media?parent=7438"}],"wp:term":[{"taxonomy":"product_brand","embeddable":true,"href":"https:\/\/ecologa-europe.com\/shop\/wp-json\/wp\/v2\/product_brand?post=7438"},{"taxonomy":"product_cat","embeddable":true,"href":"https:\/\/ecologa-europe.com\/shop\/wp-json\/wp\/v2\/product_cat?post=7438"},{"taxonomy":"product_tag","embeddable":true,"href":"https:\/\/ecologa-europe.com\/shop\/wp-json\/wp\/v2\/product_tag?post=7438"}],"curies":[{"name":"wp","href":"https:\/\/api.w.org\/{rel}","templated":true}]}}