{"id":7465,"date":"2025-05-16T10:08:35","date_gmt":"2025-05-16T10:08:35","guid":{"rendered":"https:\/\/639.pm-domains.de\/?post_type=product&#038;p=7465"},"modified":"2025-05-16T10:37:38","modified_gmt":"2025-05-16T10:37:38","slug":"tissu-de-protection-linon","status":"publish","type":"product","link":"https:\/\/ecologa-europe.com\/shop\/produkt\/tissu-de-protection-linon\/?lang=fr","title":{"rendered":"Tissu de protection Linon"},"content":{"rendered":"<p>Le tissu polyester souple et fluide \u00e0 haute protection contre les fr\u00e9quences, avec des fils de cuivre tr\u00e8s fins argent\u00e9s incorpor\u00e9s, est utilis\u00e9 dans la confection de baldaquins ainsi que comme tissu pour rideaux pour prot\u00e9ger des pi\u00e8ces enti\u00e8res et des zones de sommeil.<br \/>\nLe tricot est \u00bd &#8211; transparent, a\u00e9r\u00e9 et agr\u00e9able au toucher.<\/p>\n<p>Le tissu est tiss\u00e9 avec des fils de cuivre argent\u00e9s.<\/p>\n<p>Le linon est tr\u00e8s noble et s&#8217;adapte \u00e0 tous les styles.<\/p>\n<p>L&#8217;att\u00e9nuation de l&#8217;\u00e9cran de cette construction tiss\u00e9e tr\u00e8s ouverte est inhabituellement \u00e9lev\u00e9e et ind\u00e9pendante de la direction.<\/p>\n<p><strong>Donn\u00e9es techniques :<\/strong><br \/>\nLargeur : 330 cm \/ tissu au m\u00e8tre<br \/>\nMat\u00e9riau 92% polyester, 8% m\u00e9tal<br \/>\n<strong>OEKO-TEX Standard 100<\/strong><br \/>\nCouleur : gris clair<br \/>\nPoids : 0,110 kg\/m\u00b2.<br \/>\nNormes de contr\u00f4le : MIL-STD 285, NSA 65-6<br \/>\nAtt\u00e9nuation de l&#8217;\u00e9cran : max. 40 dB<\/p>\n<p>Conseils d&#8217;entretien :<br \/>\nLe tissu peut \u00eatre lav\u00e9 \u00e0 30\u00b0C en cycle d\u00e9licat. Le tissu ne doit cependant pas \u00eatre essor\u00e9 ou s\u00e9ch\u00e9 en machine.<br \/>\nUne m\u00e9canique trop importante pourrait entra\u00eener des ruptures de fils.<\/p>\n","protected":false},"excerpt":{"rendered":"<p>Le tissu polyester souple et fluide de protection contre les hautes fr\u00e9quences avec des fils de cuivre tr\u00e8s fins argent\u00e9s est utilis\u00e9 pour la confection de baldaquins ainsi que comme tissu pour rideaux pour la protection de pi\u00e8ces enti\u00e8res et de zones de sommeil.<\/p>\n<p>Pour le blindage de grandes surfaces contre les ondes \u00e9lectromagn\u00e9tiques \u00e0 haute fr\u00e9quence.<br \/>\n<strong>OEKO-TEX Standard 100<\/strong><br \/>\nPropri\u00e9t\u00e9s 100% textiles<br \/>\nSemi-transparent<br \/>\nExtr\u00eamement noble<br \/>\nDisponible en 330 cm de hauteur de pi\u00e8ce<\/p>\n","protected":false},"featured_media":955,"template":"","meta":{"inline_featured_image":false,"site-sidebar-layout":"default","site-content-layout":"","ast-site-content-layout":"default","site-content-style":"default","site-sidebar-style":"default","ast-global-header-display":"","ast-banner-title-visibility":"","ast-main-header-display":"","ast-hfb-above-header-display":"","ast-hfb-below-header-display":"","ast-hfb-mobile-header-display":"","site-post-title":"","ast-breadcrumbs-content":"","ast-featured-img":"","footer-sml-layout":"","ast-disable-related-posts":"","theme-transparent-header-meta":"default","adv-header-id-meta":"","stick-header-meta":"","header-above-stick-meta":"","header-main-stick-meta":"","header-below-stick-meta":"","astra-migrate-meta-layouts":"default","ast-page-background-enabled":"default","ast-page-background-meta":{"desktop":{"background-color":"var(--ast-global-color-5)","background-image":"","background-repeat":"repeat","background-position":"center center","background-size":"auto","background-attachment":"scroll","background-type":"","background-media":"","overlay-type":"","overlay-color":"","overlay-opacity":"","overlay-gradient":""},"tablet":{"background-color":"","background-image":"","background-repeat":"repeat","background-position":"center center","background-size":"auto","background-attachment":"scroll","background-type":"","background-media":"","overlay-type":"","overlay-color":"","overlay-opacity":"","overlay-gradient":""},"mobile":{"background-color":"","background-image":"","background-repeat":"repeat","background-position":"center center","background-size":"auto","background-attachment":"scroll","background-type":"","background-media":"","overlay-type":"","overlay-color":"","overlay-opacity":"","overlay-gradient":""}},"ast-content-background-meta":{"desktop":{"background-color":"var(--ast-global-color-4)","background-image":"","background-repeat":"repeat","background-position":"center center","background-size":"auto","background-attachment":"scroll","background-type":"","background-media":"","overlay-type":"","overlay-color":"","overlay-opacity":"","overlay-gradient":""},"tablet":{"background-color":"var(--ast-global-color-4)","background-image":"","background-repeat":"repeat","background-position":"center center","background-size":"auto","background-attachment":"scroll","background-type":"","background-media":"","overlay-type":"","overlay-color":"","overlay-opacity":"","overlay-gradient":""},"mobile":{"background-color":"var(--ast-global-color-4)","background-image":"","background-repeat":"repeat","background-position":"center center","background-size":"auto","background-attachment":"scroll","background-type":"","background-media":"","overlay-type":"","overlay-color":"","overlay-opacity":"","overlay-gradient":""}}},"product_brand":[],"product_cat":[314],"product_tag":[656],"class_list":{"0":"post-7465","1":"product","2":"type-product","3":"status-publish","4":"has-post-thumbnail","6":"product_cat-tissus-blindes","7":"product_tag-protection-contre-la-pollution-electromagnetique-fr","8":"product_shipping_class-standardversand","9":"pa_breite-330-cm-tissu-au-metre-2-cm","10":"desktop-align-left","11":"tablet-align-left","12":"mobile-align-left","14":"first","15":"outofstock","16":"taxable","17":"shipping-taxable","18":"purchasable","19":"product-type-simple"},"yoast_head":"<!-- This site is optimized with the Yoast SEO plugin v27.4 - https:\/\/yoast.com\/product\/yoast-seo-wordpress\/ -->\n<title>Tissu de protection Linon - Elektrosmog-Schutz Onlineshop<\/title>\n<meta name=\"description\" content=\"Gr\u00e2ce \u00e0 l&#039;effet de blindage du treillis m\u00e9tallique tr\u00e8s fin dans le tissu, les rayonnements \u00e9lectromagn\u00e9tiques sont emp\u00each\u00e9s de p\u00e9n\u00e9trer.\" \/>\n<meta name=\"robots\" content=\"index, follow, max-snippet:-1, max-image-preview:large, max-video-preview:-1\" \/>\n<link rel=\"canonical\" href=\"https:\/\/ecologa-europe.com\/shop\/produkt\/tissu-de-protection-linon\/\" \/>\n<meta property=\"og:locale\" content=\"de_DE\" \/>\n<meta property=\"og:type\" content=\"article\" \/>\n<meta property=\"og:title\" content=\"Tissu de protection Linon - Elektrosmog-Schutz Onlineshop\" \/>\n<meta property=\"og:description\" content=\"Gr\u00e2ce \u00e0 l&#039;effet de blindage du treillis m\u00e9tallique tr\u00e8s fin dans le tissu, les rayonnements \u00e9lectromagn\u00e9tiques sont emp\u00each\u00e9s de p\u00e9n\u00e9trer.\" \/>\n<meta property=\"og:url\" content=\"https:\/\/ecologa-europe.com\/shop\/produkt\/tissu-de-protection-linon\/?lang=fr\" \/>\n<meta property=\"og:site_name\" content=\"Elektrosmog-Schutz Onlineshop\" \/>\n<meta property=\"article:publisher\" content=\"https:\/\/www.facebook.com\/Ecologa-Europe-GmbH-1604744566252298\/\" \/>\n<meta property=\"article:modified_time\" content=\"2025-05-16T10:37:38+00:00\" \/>\n<meta property=\"og:image\" content=\"https:\/\/ecologa-europe.com\/shop\/wp-content\/uploads\/2025\/04\/linon_1.jpg\" \/>\n\t<meta property=\"og:image:width\" content=\"1922\" \/>\n\t<meta property=\"og:image:height\" content=\"1280\" \/>\n\t<meta property=\"og:image:type\" content=\"image\/jpeg\" \/>\n<meta name=\"twitter:card\" content=\"summary_large_image\" \/>\n<meta name=\"twitter:label1\" content=\"Gesch\u00e4tzte Lesezeit\" \/>\n\t<meta name=\"twitter:data1\" content=\"1\u00a0Minute\" \/>\n<script type=\"application\/ld+json\" class=\"yoast-schema-graph\">{\"@context\":\"https:\\\/\\\/schema.org\",\"@graph\":[{\"@type\":\"WebPage\",\"@id\":\"https:\\\/\\\/ecologa-europe.com\\\/shop\\\/produkt\\\/tissu-de-protection-linon\\\/?lang=fr\",\"url\":\"https:\\\/\\\/ecologa-europe.com\\\/shop\\\/produkt\\\/tissu-de-protection-linon\\\/?lang=fr\",\"name\":\"Tissu de protection Linon - Elektrosmog-Schutz Onlineshop\",\"isPartOf\":{\"@id\":\"https:\\\/\\\/ecologa-europe.com\\\/shop\\\/#website\"},\"primaryImageOfPage\":{\"@id\":\"https:\\\/\\\/ecologa-europe.com\\\/shop\\\/produkt\\\/tissu-de-protection-linon\\\/?lang=fr#primaryimage\"},\"image\":{\"@id\":\"https:\\\/\\\/ecologa-europe.com\\\/shop\\\/produkt\\\/tissu-de-protection-linon\\\/?lang=fr#primaryimage\"},\"thumbnailUrl\":\"https:\\\/\\\/ecologa-europe.com\\\/shop\\\/wp-content\\\/uploads\\\/2025\\\/04\\\/linon_1.jpg\",\"datePublished\":\"2025-05-16T10:08:35+00:00\",\"dateModified\":\"2025-05-16T10:37:38+00:00\",\"description\":\"Gr\u00e2ce \u00e0 l'effet de blindage du treillis m\u00e9tallique tr\u00e8s fin dans le tissu, les rayonnements \u00e9lectromagn\u00e9tiques sont emp\u00each\u00e9s de p\u00e9n\u00e9trer.\",\"breadcrumb\":{\"@id\":\"https:\\\/\\\/ecologa-europe.com\\\/shop\\\/produkt\\\/tissu-de-protection-linon\\\/?lang=fr#breadcrumb\"},\"inLanguage\":\"de\",\"potentialAction\":[{\"@type\":\"ReadAction\",\"target\":[\"https:\\\/\\\/ecologa-europe.com\\\/shop\\\/produkt\\\/tissu-de-protection-linon\\\/?lang=fr\"]}]},{\"@type\":\"ImageObject\",\"inLanguage\":\"de\",\"@id\":\"https:\\\/\\\/ecologa-europe.com\\\/shop\\\/produkt\\\/tissu-de-protection-linon\\\/?lang=fr#primaryimage\",\"url\":\"https:\\\/\\\/ecologa-europe.com\\\/shop\\\/wp-content\\\/uploads\\\/2025\\\/04\\\/linon_1.jpg\",\"contentUrl\":\"https:\\\/\\\/ecologa-europe.com\\\/shop\\\/wp-content\\\/uploads\\\/2025\\\/04\\\/linon_1.jpg\",\"width\":1922,\"height\":1280},{\"@type\":\"BreadcrumbList\",\"@id\":\"https:\\\/\\\/ecologa-europe.com\\\/shop\\\/produkt\\\/tissu-de-protection-linon\\\/?lang=fr#breadcrumb\",\"itemListElement\":[{\"@type\":\"ListItem\",\"position\":1,\"name\":\"Startseite\",\"item\":\"https:\\\/\\\/ecologa-europe.com\\\/shop\\\/\"},{\"@type\":\"ListItem\",\"position\":2,\"name\":\"Shop\",\"item\":\"https:\\\/\\\/ecologa-europe.com\\\/shop\\\/shop\\\/\"},{\"@type\":\"ListItem\",\"position\":3,\"name\":\"Tissu de protection Linon\"}]},{\"@type\":\"WebSite\",\"@id\":\"https:\\\/\\\/ecologa-europe.com\\\/shop\\\/#website\",\"url\":\"https:\\\/\\\/ecologa-europe.com\\\/shop\\\/\",\"name\":\"Elektrosmog-Schutz Onlineshop\",\"description\":\"Ecologa Europe\",\"publisher\":{\"@id\":\"https:\\\/\\\/ecologa-europe.com\\\/shop\\\/#organization\"},\"potentialAction\":[{\"@type\":\"SearchAction\",\"target\":{\"@type\":\"EntryPoint\",\"urlTemplate\":\"https:\\\/\\\/ecologa-europe.com\\\/shop\\\/?s={search_term_string}\"},\"query-input\":{\"@type\":\"PropertyValueSpecification\",\"valueRequired\":true,\"valueName\":\"search_term_string\"}}],\"inLanguage\":\"de\"},{\"@type\":\"Organization\",\"@id\":\"https:\\\/\\\/ecologa-europe.com\\\/shop\\\/#organization\",\"name\":\"Elektrosmog-Schutz Onlineshop\",\"url\":\"https:\\\/\\\/ecologa-europe.com\\\/shop\\\/\",\"logo\":{\"@type\":\"ImageObject\",\"inLanguage\":\"de\",\"@id\":\"https:\\\/\\\/ecologa-europe.com\\\/shop\\\/#\\\/schema\\\/logo\\\/image\\\/\",\"url\":\"https:\\\/\\\/ecologa-europe.com\\\/shop\\\/wp-content\\\/uploads\\\/2025\\\/04\\\/vertical-navbar-logo.svg\",\"contentUrl\":\"https:\\\/\\\/ecologa-europe.com\\\/shop\\\/wp-content\\\/uploads\\\/2025\\\/04\\\/vertical-navbar-logo.svg\",\"width\":182,\"height\":70,\"caption\":\"Elektrosmog-Schutz Onlineshop\"},\"image\":{\"@id\":\"https:\\\/\\\/ecologa-europe.com\\\/shop\\\/#\\\/schema\\\/logo\\\/image\\\/\"},\"sameAs\":[\"https:\\\/\\\/www.facebook.com\\\/Ecologa-Europe-GmbH-1604744566252298\\\/\",\"https:\\\/\\\/www.instagram.com\\\/ecologaeurope\\\/\"]}]}<\/script>\n<!-- \/ Yoast SEO plugin. -->","yoast_head_json":{"title":"Tissu de protection Linon - Elektrosmog-Schutz Onlineshop","description":"Gr\u00e2ce \u00e0 l'effet de blindage du treillis m\u00e9tallique tr\u00e8s fin dans le tissu, les rayonnements \u00e9lectromagn\u00e9tiques sont emp\u00each\u00e9s de p\u00e9n\u00e9trer.","robots":{"index":"index","follow":"follow","max-snippet":"max-snippet:-1","max-image-preview":"max-image-preview:large","max-video-preview":"max-video-preview:-1"},"canonical":"https:\/\/ecologa-europe.com\/shop\/produkt\/tissu-de-protection-linon\/","og_locale":"de_DE","og_type":"article","og_title":"Tissu de protection Linon - Elektrosmog-Schutz Onlineshop","og_description":"Gr\u00e2ce \u00e0 l'effet de blindage du treillis m\u00e9tallique tr\u00e8s fin dans le tissu, les rayonnements \u00e9lectromagn\u00e9tiques sont emp\u00each\u00e9s de p\u00e9n\u00e9trer.","og_url":"https:\/\/ecologa-europe.com\/shop\/produkt\/tissu-de-protection-linon\/?lang=fr","og_site_name":"Elektrosmog-Schutz Onlineshop","article_publisher":"https:\/\/www.facebook.com\/Ecologa-Europe-GmbH-1604744566252298\/","article_modified_time":"2025-05-16T10:37:38+00:00","og_image":[{"width":1922,"height":1280,"url":"https:\/\/ecologa-europe.com\/shop\/wp-content\/uploads\/2025\/04\/linon_1.jpg","type":"image\/jpeg"}],"twitter_card":"summary_large_image","twitter_misc":{"Gesch\u00e4tzte Lesezeit":"1\u00a0Minute"},"schema":{"@context":"https:\/\/schema.org","@graph":[{"@type":"WebPage","@id":"https:\/\/ecologa-europe.com\/shop\/produkt\/tissu-de-protection-linon\/?lang=fr","url":"https:\/\/ecologa-europe.com\/shop\/produkt\/tissu-de-protection-linon\/?lang=fr","name":"Tissu de protection Linon - Elektrosmog-Schutz Onlineshop","isPartOf":{"@id":"https:\/\/ecologa-europe.com\/shop\/#website"},"primaryImageOfPage":{"@id":"https:\/\/ecologa-europe.com\/shop\/produkt\/tissu-de-protection-linon\/?lang=fr#primaryimage"},"image":{"@id":"https:\/\/ecologa-europe.com\/shop\/produkt\/tissu-de-protection-linon\/?lang=fr#primaryimage"},"thumbnailUrl":"https:\/\/ecologa-europe.com\/shop\/wp-content\/uploads\/2025\/04\/linon_1.jpg","datePublished":"2025-05-16T10:08:35+00:00","dateModified":"2025-05-16T10:37:38+00:00","description":"Gr\u00e2ce \u00e0 l'effet de blindage du treillis m\u00e9tallique tr\u00e8s fin dans le tissu, les rayonnements \u00e9lectromagn\u00e9tiques sont emp\u00each\u00e9s de p\u00e9n\u00e9trer.","breadcrumb":{"@id":"https:\/\/ecologa-europe.com\/shop\/produkt\/tissu-de-protection-linon\/?lang=fr#breadcrumb"},"inLanguage":"de","potentialAction":[{"@type":"ReadAction","target":["https:\/\/ecologa-europe.com\/shop\/produkt\/tissu-de-protection-linon\/?lang=fr"]}]},{"@type":"ImageObject","inLanguage":"de","@id":"https:\/\/ecologa-europe.com\/shop\/produkt\/tissu-de-protection-linon\/?lang=fr#primaryimage","url":"https:\/\/ecologa-europe.com\/shop\/wp-content\/uploads\/2025\/04\/linon_1.jpg","contentUrl":"https:\/\/ecologa-europe.com\/shop\/wp-content\/uploads\/2025\/04\/linon_1.jpg","width":1922,"height":1280},{"@type":"BreadcrumbList","@id":"https:\/\/ecologa-europe.com\/shop\/produkt\/tissu-de-protection-linon\/?lang=fr#breadcrumb","itemListElement":[{"@type":"ListItem","position":1,"name":"Startseite","item":"https:\/\/ecologa-europe.com\/shop\/"},{"@type":"ListItem","position":2,"name":"Shop","item":"https:\/\/ecologa-europe.com\/shop\/shop\/"},{"@type":"ListItem","position":3,"name":"Tissu de protection Linon"}]},{"@type":"WebSite","@id":"https:\/\/ecologa-europe.com\/shop\/#website","url":"https:\/\/ecologa-europe.com\/shop\/","name":"Elektrosmog-Schutz Onlineshop","description":"Ecologa Europe","publisher":{"@id":"https:\/\/ecologa-europe.com\/shop\/#organization"},"potentialAction":[{"@type":"SearchAction","target":{"@type":"EntryPoint","urlTemplate":"https:\/\/ecologa-europe.com\/shop\/?s={search_term_string}"},"query-input":{"@type":"PropertyValueSpecification","valueRequired":true,"valueName":"search_term_string"}}],"inLanguage":"de"},{"@type":"Organization","@id":"https:\/\/ecologa-europe.com\/shop\/#organization","name":"Elektrosmog-Schutz Onlineshop","url":"https:\/\/ecologa-europe.com\/shop\/","logo":{"@type":"ImageObject","inLanguage":"de","@id":"https:\/\/ecologa-europe.com\/shop\/#\/schema\/logo\/image\/","url":"https:\/\/ecologa-europe.com\/shop\/wp-content\/uploads\/2025\/04\/vertical-navbar-logo.svg","contentUrl":"https:\/\/ecologa-europe.com\/shop\/wp-content\/uploads\/2025\/04\/vertical-navbar-logo.svg","width":182,"height":70,"caption":"Elektrosmog-Schutz Onlineshop"},"image":{"@id":"https:\/\/ecologa-europe.com\/shop\/#\/schema\/logo\/image\/"},"sameAs":["https:\/\/www.facebook.com\/Ecologa-Europe-GmbH-1604744566252298\/","https:\/\/www.instagram.com\/ecologaeurope\/"]}]}},"_links":{"self":[{"href":"https:\/\/ecologa-europe.com\/shop\/wp-json\/wp\/v2\/product\/7465","targetHints":{"allow":["GET"]}}],"collection":[{"href":"https:\/\/ecologa-europe.com\/shop\/wp-json\/wp\/v2\/product"}],"about":[{"href":"https:\/\/ecologa-europe.com\/shop\/wp-json\/wp\/v2\/types\/product"}],"wp:featuredmedia":[{"embeddable":true,"href":"https:\/\/ecologa-europe.com\/shop\/wp-json\/wp\/v2\/media\/955"}],"wp:attachment":[{"href":"https:\/\/ecologa-europe.com\/shop\/wp-json\/wp\/v2\/media?parent=7465"}],"wp:term":[{"taxonomy":"product_brand","embeddable":true,"href":"https:\/\/ecologa-europe.com\/shop\/wp-json\/wp\/v2\/product_brand?post=7465"},{"taxonomy":"product_cat","embeddable":true,"href":"https:\/\/ecologa-europe.com\/shop\/wp-json\/wp\/v2\/product_cat?post=7465"},{"taxonomy":"product_tag","embeddable":true,"href":"https:\/\/ecologa-europe.com\/shop\/wp-json\/wp\/v2\/product_tag?post=7465"}],"curies":[{"name":"wp","href":"https:\/\/api.w.org\/{rel}","templated":true}]}}