{"id":7469,"date":"2025-05-16T10:08:59","date_gmt":"2025-05-16T10:08:59","guid":{"rendered":"https:\/\/639.pm-domains.de\/?post_type=product&#038;p=7469"},"modified":"2025-12-20T00:56:05","modified_gmt":"2025-12-20T00:56:05","slug":"sciarpa-schermante-con-stampa-animali-coumba","status":"publish","type":"product","link":"https:\/\/ecologa-europe.com\/shop\/produkt\/sciarpa-schermante-con-stampa-animali-coumba\/?lang=it","title":{"rendered":"Sciarpa schermante con stampa animali Coumba"},"content":{"rendered":"<p>La sciarpa non \u00e8 solo un compagno pratico nella stagione fredda, ma pu\u00f2 anche diventare un pezzo alla moda con cui aggiungere variet\u00e0 al nostro look. Infatti, \u00e8 uno dei must del nostro guardaroba.<br \/>\nVi presentiamo il nostro modello Coumba double-face, con una stampa animalier su un lato e un morbido tessuto velour nero OEKO-Tex Standard 100 sull&#8217;altro.<\/p>\n<p>La nostra sciarpa, con il suo originale motivo e il mix di stampe di predatori, \u00e8 un accessorio molto sofisticato, chic ed elegante.<\/p>\n<p>Coumba ha una fodera in maglia di nylon completamente metallizzata con argento puro, particolarmente adatta a schermare le onde elettromagnetiche ad alta frequenza.<\/p>\n<p>Le dimensioni della sciarpa sono di circa 145 cm di lunghezza e 35 cm di larghezza.<br \/>\nProdotto in Germania<\/p>\n<p>Materiale:<br \/>\nTessuto Nicki velour: 80% cotone 20% poliestere<br \/>\nJersey di viscosa stampato: 96% viscosa, 4% elastan<br \/>\nFodera: tessuto di nylon argentato<br \/>\nAttenuazione: max. ~40 dB (&gt;99,99%)<br \/>\nmedia &lt; 45 dB da 0,2 GHz &#8211; 2 GHz<br \/>\nmedia &lt; 40 dB da 2 GHz a 5 GHz<br \/>\nmedia &lt; 36 dB da 5 GHz &#8211; 14 GHZ<\/p>\n<p>Istruzioni per la cura:<br \/>\nTemperatura di lavaggio: 30\u00b0C (delicati)<br \/>\nTemperatura di stiratura: Livello 1 &#8211; stiratura delicata<br \/>\nAsciugatura: Non asciugare in asciugatrice<br \/>\nCandeggio: Non candeggiare &#8211; Non usare detersivi con candeggina.<br \/>\nLavaggio a secco: Nessun lavaggio a secco<\/p>\n","protected":false},"excerpt":{"rendered":"<p>La nostra sciarpa, con il suo originale motivo e il mix di stampe di predatori, \u00e8 un accessorio molto sofisticato, chic ed elegante.<\/p>\n<p>Per schermare le onde elettromagnetiche ad alta frequenza.<br \/>\nDimensioni: circa 145 cm di lunghezza e 35 cm di larghezza<br \/>\nColori: un lato con una stampa animalier e l&#8217;altro con un morbido tessuto nicki velour nero OEKO-Tex Standard 100<br \/>\nTessuto schermante (interno): argentato 100 % poliammide \/ nylon 6.6<br \/>\nCertificato OEKO-Tex<br \/>\nConforme alle norme RoHS e REACH<br \/>\nProdotto in Germania<\/p>\n","protected":false},"featured_media":1016,"template":"","meta":{"inline_featured_image":false,"site-sidebar-layout":"default","site-content-layout":"","ast-site-content-layout":"default","site-content-style":"default","site-sidebar-style":"default","ast-global-header-display":"","ast-banner-title-visibility":"","ast-main-header-display":"","ast-hfb-above-header-display":"","ast-hfb-below-header-display":"","ast-hfb-mobile-header-display":"","site-post-title":"","ast-breadcrumbs-content":"","ast-featured-img":"","footer-sml-layout":"","ast-disable-related-posts":"","theme-transparent-header-meta":"default","adv-header-id-meta":"","stick-header-meta":"","header-above-stick-meta":"","header-main-stick-meta":"","header-below-stick-meta":"","astra-migrate-meta-layouts":"default","ast-page-background-enabled":"default","ast-page-background-meta":{"desktop":{"background-color":"var(--ast-global-color-5)","background-image":"","background-repeat":"repeat","background-position":"center center","background-size":"auto","background-attachment":"scroll","background-type":"","background-media":"","overlay-type":"","overlay-color":"","overlay-opacity":"","overlay-gradient":""},"tablet":{"background-color":"","background-image":"","background-repeat":"repeat","background-position":"center center","background-size":"auto","background-attachment":"scroll","background-type":"","background-media":"","overlay-type":"","overlay-color":"","overlay-opacity":"","overlay-gradient":""},"mobile":{"background-color":"","background-image":"","background-repeat":"repeat","background-position":"center center","background-size":"auto","background-attachment":"scroll","background-type":"","background-media":"","overlay-type":"","overlay-color":"","overlay-opacity":"","overlay-gradient":""}},"ast-content-background-meta":{"desktop":{"background-color":"var(--ast-global-color-4)","background-image":"","background-repeat":"repeat","background-position":"center center","background-size":"auto","background-attachment":"scroll","background-type":"","background-media":"","overlay-type":"","overlay-color":"","overlay-opacity":"","overlay-gradient":""},"tablet":{"background-color":"var(--ast-global-color-4)","background-image":"","background-repeat":"repeat","background-position":"center center","background-size":"auto","background-attachment":"scroll","background-type":"","background-media":"","overlay-type":"","overlay-color":"","overlay-opacity":"","overlay-gradient":""},"mobile":{"background-color":"var(--ast-global-color-4)","background-image":"","background-repeat":"repeat","background-position":"center center","background-size":"auto","background-attachment":"scroll","background-type":"","background-media":"","overlay-type":"","overlay-color":"","overlay-opacity":"","overlay-gradient":""}}},"product_brand":[],"product_cat":[190,202],"product_tag":[192,211,209],"class_list":{"0":"post-7469","1":"product","2":"type-product","3":"status-publish","4":"has-post-thumbnail","6":"product_cat-abbigliamento-high-tech","7":"product_cat-donne","8":"product_tag-abbigliamenti-schermanti","9":"product_tag-alta-frequenza","10":"product_tag-protezione-dallelettrosmog","11":"product_shipping_class-standardversand","12":"desktop-align-left","13":"tablet-align-left","14":"mobile-align-left","16":"first","17":"instock","18":"taxable","19":"shipping-taxable","20":"purchasable","21":"product-type-simple"},"yoast_head":"<!-- This site is optimized with the Yoast SEO plugin v27.4 - https:\/\/yoast.com\/product\/yoast-seo-wordpress\/ -->\n<title>Sciarpa schermante con stampa animali Coumba - Elektrosmog-Schutz Onlineshop<\/title>\n<meta name=\"description\" content=\"La sciarpa schermante Coumba \u00e8 foderata con un tessuto schermante che blocca le alte frequenze.\" \/>\n<meta name=\"robots\" content=\"index, follow, max-snippet:-1, max-image-preview:large, max-video-preview:-1\" \/>\n<link rel=\"canonical\" href=\"https:\/\/ecologa-europe.com\/shop\/produkt\/sciarpa-schermante-con-stampa-animali-coumba\/\" \/>\n<meta property=\"og:locale\" content=\"de_DE\" \/>\n<meta property=\"og:type\" content=\"article\" \/>\n<meta property=\"og:title\" content=\"Sciarpa schermante con stampa animali Coumba - Elektrosmog-Schutz Onlineshop\" \/>\n<meta property=\"og:description\" content=\"La sciarpa schermante Coumba \u00e8 foderata con un tessuto schermante che blocca le alte frequenze.\" \/>\n<meta property=\"og:url\" content=\"https:\/\/ecologa-europe.com\/shop\/produkt\/sciarpa-schermante-con-stampa-animali-coumba\/?lang=it\" \/>\n<meta property=\"og:site_name\" content=\"Elektrosmog-Schutz Onlineshop\" \/>\n<meta property=\"article:publisher\" content=\"https:\/\/www.facebook.com\/Ecologa-Europe-GmbH-1604744566252298\/\" \/>\n<meta property=\"article:modified_time\" content=\"2025-12-20T00:56:05+00:00\" \/>\n<meta property=\"og:image\" content=\"https:\/\/ecologa-europe.com\/shop\/wp-content\/uploads\/2025\/04\/coumba_3.jpg\" \/>\n\t<meta property=\"og:image:width\" content=\"1772\" \/>\n\t<meta property=\"og:image:height\" content=\"1280\" \/>\n\t<meta property=\"og:image:type\" content=\"image\/jpeg\" \/>\n<meta name=\"twitter:card\" content=\"summary_large_image\" \/>\n<meta name=\"twitter:label1\" content=\"Gesch\u00e4tzte Lesezeit\" \/>\n\t<meta name=\"twitter:data1\" content=\"2\u00a0Minuten\" \/>\n<script type=\"application\/ld+json\" class=\"yoast-schema-graph\">{\"@context\":\"https:\\\/\\\/schema.org\",\"@graph\":[{\"@type\":\"WebPage\",\"@id\":\"https:\\\/\\\/ecologa-europe.com\\\/shop\\\/produkt\\\/sciarpa-schermante-con-stampa-animali-coumba\\\/?lang=it\",\"url\":\"https:\\\/\\\/ecologa-europe.com\\\/shop\\\/produkt\\\/sciarpa-schermante-con-stampa-animali-coumba\\\/?lang=it\",\"name\":\"Sciarpa schermante con stampa animali Coumba - Elektrosmog-Schutz Onlineshop\",\"isPartOf\":{\"@id\":\"https:\\\/\\\/ecologa-europe.com\\\/shop\\\/#website\"},\"primaryImageOfPage\":{\"@id\":\"https:\\\/\\\/ecologa-europe.com\\\/shop\\\/produkt\\\/sciarpa-schermante-con-stampa-animali-coumba\\\/?lang=it#primaryimage\"},\"image\":{\"@id\":\"https:\\\/\\\/ecologa-europe.com\\\/shop\\\/produkt\\\/sciarpa-schermante-con-stampa-animali-coumba\\\/?lang=it#primaryimage\"},\"thumbnailUrl\":\"https:\\\/\\\/ecologa-europe.com\\\/shop\\\/wp-content\\\/uploads\\\/2025\\\/04\\\/coumba_3.jpg\",\"datePublished\":\"2025-05-16T10:08:59+00:00\",\"dateModified\":\"2025-12-20T00:56:05+00:00\",\"description\":\"La sciarpa schermante Coumba \u00e8 foderata con un tessuto schermante che blocca le alte frequenze.\",\"breadcrumb\":{\"@id\":\"https:\\\/\\\/ecologa-europe.com\\\/shop\\\/produkt\\\/sciarpa-schermante-con-stampa-animali-coumba\\\/?lang=it#breadcrumb\"},\"inLanguage\":\"de\",\"potentialAction\":[{\"@type\":\"ReadAction\",\"target\":[\"https:\\\/\\\/ecologa-europe.com\\\/shop\\\/produkt\\\/sciarpa-schermante-con-stampa-animali-coumba\\\/?lang=it\"]}]},{\"@type\":\"ImageObject\",\"inLanguage\":\"de\",\"@id\":\"https:\\\/\\\/ecologa-europe.com\\\/shop\\\/produkt\\\/sciarpa-schermante-con-stampa-animali-coumba\\\/?lang=it#primaryimage\",\"url\":\"https:\\\/\\\/ecologa-europe.com\\\/shop\\\/wp-content\\\/uploads\\\/2025\\\/04\\\/coumba_3.jpg\",\"contentUrl\":\"https:\\\/\\\/ecologa-europe.com\\\/shop\\\/wp-content\\\/uploads\\\/2025\\\/04\\\/coumba_3.jpg\",\"width\":1772,\"height\":1280},{\"@type\":\"BreadcrumbList\",\"@id\":\"https:\\\/\\\/ecologa-europe.com\\\/shop\\\/produkt\\\/sciarpa-schermante-con-stampa-animali-coumba\\\/?lang=it#breadcrumb\",\"itemListElement\":[{\"@type\":\"ListItem\",\"position\":1,\"name\":\"Startseite\",\"item\":\"https:\\\/\\\/ecologa-europe.com\\\/shop\\\/\"},{\"@type\":\"ListItem\",\"position\":2,\"name\":\"Shop\",\"item\":\"https:\\\/\\\/ecologa-europe.com\\\/shop\\\/shop\\\/\"},{\"@type\":\"ListItem\",\"position\":3,\"name\":\"Sciarpa schermante con stampa animali Coumba\"}]},{\"@type\":\"WebSite\",\"@id\":\"https:\\\/\\\/ecologa-europe.com\\\/shop\\\/#website\",\"url\":\"https:\\\/\\\/ecologa-europe.com\\\/shop\\\/\",\"name\":\"Elektrosmog-Schutz Onlineshop\",\"description\":\"Ecologa Europe\",\"publisher\":{\"@id\":\"https:\\\/\\\/ecologa-europe.com\\\/shop\\\/#organization\"},\"potentialAction\":[{\"@type\":\"SearchAction\",\"target\":{\"@type\":\"EntryPoint\",\"urlTemplate\":\"https:\\\/\\\/ecologa-europe.com\\\/shop\\\/?s={search_term_string}\"},\"query-input\":{\"@type\":\"PropertyValueSpecification\",\"valueRequired\":true,\"valueName\":\"search_term_string\"}}],\"inLanguage\":\"de\"},{\"@type\":\"Organization\",\"@id\":\"https:\\\/\\\/ecologa-europe.com\\\/shop\\\/#organization\",\"name\":\"Elektrosmog-Schutz Onlineshop\",\"url\":\"https:\\\/\\\/ecologa-europe.com\\\/shop\\\/\",\"logo\":{\"@type\":\"ImageObject\",\"inLanguage\":\"de\",\"@id\":\"https:\\\/\\\/ecologa-europe.com\\\/shop\\\/#\\\/schema\\\/logo\\\/image\\\/\",\"url\":\"https:\\\/\\\/ecologa-europe.com\\\/shop\\\/wp-content\\\/uploads\\\/2025\\\/04\\\/vertical-navbar-logo.svg\",\"contentUrl\":\"https:\\\/\\\/ecologa-europe.com\\\/shop\\\/wp-content\\\/uploads\\\/2025\\\/04\\\/vertical-navbar-logo.svg\",\"width\":182,\"height\":70,\"caption\":\"Elektrosmog-Schutz Onlineshop\"},\"image\":{\"@id\":\"https:\\\/\\\/ecologa-europe.com\\\/shop\\\/#\\\/schema\\\/logo\\\/image\\\/\"},\"sameAs\":[\"https:\\\/\\\/www.facebook.com\\\/Ecologa-Europe-GmbH-1604744566252298\\\/\",\"https:\\\/\\\/www.instagram.com\\\/ecologaeurope\\\/\"]}]}<\/script>\n<!-- \/ Yoast SEO plugin. -->","yoast_head_json":{"title":"Sciarpa schermante con stampa animali Coumba - Elektrosmog-Schutz Onlineshop","description":"La sciarpa schermante Coumba \u00e8 foderata con un tessuto schermante che blocca le alte frequenze.","robots":{"index":"index","follow":"follow","max-snippet":"max-snippet:-1","max-image-preview":"max-image-preview:large","max-video-preview":"max-video-preview:-1"},"canonical":"https:\/\/ecologa-europe.com\/shop\/produkt\/sciarpa-schermante-con-stampa-animali-coumba\/","og_locale":"de_DE","og_type":"article","og_title":"Sciarpa schermante con stampa animali Coumba - Elektrosmog-Schutz Onlineshop","og_description":"La sciarpa schermante Coumba \u00e8 foderata con un tessuto schermante che blocca le alte frequenze.","og_url":"https:\/\/ecologa-europe.com\/shop\/produkt\/sciarpa-schermante-con-stampa-animali-coumba\/?lang=it","og_site_name":"Elektrosmog-Schutz Onlineshop","article_publisher":"https:\/\/www.facebook.com\/Ecologa-Europe-GmbH-1604744566252298\/","article_modified_time":"2025-12-20T00:56:05+00:00","og_image":[{"width":1772,"height":1280,"url":"https:\/\/ecologa-europe.com\/shop\/wp-content\/uploads\/2025\/04\/coumba_3.jpg","type":"image\/jpeg"}],"twitter_card":"summary_large_image","twitter_misc":{"Gesch\u00e4tzte Lesezeit":"2\u00a0Minuten"},"schema":{"@context":"https:\/\/schema.org","@graph":[{"@type":"WebPage","@id":"https:\/\/ecologa-europe.com\/shop\/produkt\/sciarpa-schermante-con-stampa-animali-coumba\/?lang=it","url":"https:\/\/ecologa-europe.com\/shop\/produkt\/sciarpa-schermante-con-stampa-animali-coumba\/?lang=it","name":"Sciarpa schermante con stampa animali Coumba - Elektrosmog-Schutz Onlineshop","isPartOf":{"@id":"https:\/\/ecologa-europe.com\/shop\/#website"},"primaryImageOfPage":{"@id":"https:\/\/ecologa-europe.com\/shop\/produkt\/sciarpa-schermante-con-stampa-animali-coumba\/?lang=it#primaryimage"},"image":{"@id":"https:\/\/ecologa-europe.com\/shop\/produkt\/sciarpa-schermante-con-stampa-animali-coumba\/?lang=it#primaryimage"},"thumbnailUrl":"https:\/\/ecologa-europe.com\/shop\/wp-content\/uploads\/2025\/04\/coumba_3.jpg","datePublished":"2025-05-16T10:08:59+00:00","dateModified":"2025-12-20T00:56:05+00:00","description":"La sciarpa schermante Coumba \u00e8 foderata con un tessuto schermante che blocca le alte frequenze.","breadcrumb":{"@id":"https:\/\/ecologa-europe.com\/shop\/produkt\/sciarpa-schermante-con-stampa-animali-coumba\/?lang=it#breadcrumb"},"inLanguage":"de","potentialAction":[{"@type":"ReadAction","target":["https:\/\/ecologa-europe.com\/shop\/produkt\/sciarpa-schermante-con-stampa-animali-coumba\/?lang=it"]}]},{"@type":"ImageObject","inLanguage":"de","@id":"https:\/\/ecologa-europe.com\/shop\/produkt\/sciarpa-schermante-con-stampa-animali-coumba\/?lang=it#primaryimage","url":"https:\/\/ecologa-europe.com\/shop\/wp-content\/uploads\/2025\/04\/coumba_3.jpg","contentUrl":"https:\/\/ecologa-europe.com\/shop\/wp-content\/uploads\/2025\/04\/coumba_3.jpg","width":1772,"height":1280},{"@type":"BreadcrumbList","@id":"https:\/\/ecologa-europe.com\/shop\/produkt\/sciarpa-schermante-con-stampa-animali-coumba\/?lang=it#breadcrumb","itemListElement":[{"@type":"ListItem","position":1,"name":"Startseite","item":"https:\/\/ecologa-europe.com\/shop\/"},{"@type":"ListItem","position":2,"name":"Shop","item":"https:\/\/ecologa-europe.com\/shop\/shop\/"},{"@type":"ListItem","position":3,"name":"Sciarpa schermante con stampa animali Coumba"}]},{"@type":"WebSite","@id":"https:\/\/ecologa-europe.com\/shop\/#website","url":"https:\/\/ecologa-europe.com\/shop\/","name":"Elektrosmog-Schutz Onlineshop","description":"Ecologa Europe","publisher":{"@id":"https:\/\/ecologa-europe.com\/shop\/#organization"},"potentialAction":[{"@type":"SearchAction","target":{"@type":"EntryPoint","urlTemplate":"https:\/\/ecologa-europe.com\/shop\/?s={search_term_string}"},"query-input":{"@type":"PropertyValueSpecification","valueRequired":true,"valueName":"search_term_string"}}],"inLanguage":"de"},{"@type":"Organization","@id":"https:\/\/ecologa-europe.com\/shop\/#organization","name":"Elektrosmog-Schutz Onlineshop","url":"https:\/\/ecologa-europe.com\/shop\/","logo":{"@type":"ImageObject","inLanguage":"de","@id":"https:\/\/ecologa-europe.com\/shop\/#\/schema\/logo\/image\/","url":"https:\/\/ecologa-europe.com\/shop\/wp-content\/uploads\/2025\/04\/vertical-navbar-logo.svg","contentUrl":"https:\/\/ecologa-europe.com\/shop\/wp-content\/uploads\/2025\/04\/vertical-navbar-logo.svg","width":182,"height":70,"caption":"Elektrosmog-Schutz Onlineshop"},"image":{"@id":"https:\/\/ecologa-europe.com\/shop\/#\/schema\/logo\/image\/"},"sameAs":["https:\/\/www.facebook.com\/Ecologa-Europe-GmbH-1604744566252298\/","https:\/\/www.instagram.com\/ecologaeurope\/"]}]}},"_links":{"self":[{"href":"https:\/\/ecologa-europe.com\/shop\/wp-json\/wp\/v2\/product\/7469","targetHints":{"allow":["GET"]}}],"collection":[{"href":"https:\/\/ecologa-europe.com\/shop\/wp-json\/wp\/v2\/product"}],"about":[{"href":"https:\/\/ecologa-europe.com\/shop\/wp-json\/wp\/v2\/types\/product"}],"wp:featuredmedia":[{"embeddable":true,"href":"https:\/\/ecologa-europe.com\/shop\/wp-json\/wp\/v2\/media\/1016"}],"wp:attachment":[{"href":"https:\/\/ecologa-europe.com\/shop\/wp-json\/wp\/v2\/media?parent=7469"}],"wp:term":[{"taxonomy":"product_brand","embeddable":true,"href":"https:\/\/ecologa-europe.com\/shop\/wp-json\/wp\/v2\/product_brand?post=7469"},{"taxonomy":"product_cat","embeddable":true,"href":"https:\/\/ecologa-europe.com\/shop\/wp-json\/wp\/v2\/product_cat?post=7469"},{"taxonomy":"product_tag","embeddable":true,"href":"https:\/\/ecologa-europe.com\/shop\/wp-json\/wp\/v2\/product_tag?post=7469"}],"curies":[{"name":"wp","href":"https:\/\/api.w.org\/{rel}","templated":true}]}}