{"id":7490,"date":"2025-05-16T10:08:33","date_gmt":"2025-05-16T10:08:33","guid":{"rendered":"https:\/\/639.pm-domains.de\/?post_type=product&#038;p=7490"},"modified":"2025-10-17T09:11:50","modified_gmt":"2025-10-17T09:11:50","slug":"beanie-schermante-arwen","status":"publish","type":"product","link":"https:\/\/ecologa-europe.com\/shop\/produkt\/beanie-schermante-arwen\/?lang=it","title":{"rendered":"Beanie schermante Arwen"},"content":{"rendered":"<p>Il beanie \u00e8 una scelta sicura per tutti, in quanto si adatta naturalmente al corpo senza risultare inadeguato. Questo li rende un accessorio essenziale per tutti.<br \/>\nNoi amiamo i beanies perch\u00e9 da tempo sono diventati dei veri e propri pezzi unici.<br \/>\nIl nostro beanie Arwen non solo tiene la testa al caldo in inverno, ma ci protegge anche in modo molto efficace dai raggi ad alta frequenza.<br \/>\nIl beanie Arwen ha un taglio piuttosto casual ed \u00e8 disponibile in colori neutri sempre di tendenza.<\/p>\n<p>\u00c8 realizzato con due strati di jersey di cotone. La fodera di schermatura tra le maglie \u00e8 un tessuto a maglia realizzato con un sottile filato polimerico monofilamento che \u00e8 termicamente ed elettricamente conduttivo. Questo tessuto ha un effetto schermante contro le radiazioni elettromagnetiche.<br \/>\nLa sua capacit\u00e0 di schermatura \u00e8 la seguente:<br \/>\nin media < 45 dB da 0,2 GHz - 2 GHz\nin media < 40 dB da 2 GHz a 5 GHz\nin media < 36 dB da 5 GHz - 14 GHZ\nQuesto beanie  \u00e8 unisex.\nArwen \u00e8 disponibile nei seguenti colori: nero, blu, cobalto, denim scuro, antracite, grigio chiaro, marrone, beige, bordeaux.\n\nBerretto prodotto in Germania\n\nIstruzioni per la cura:\nNon asciugare in asciugatrice, lavare in lavatrice a 30\u00b0C con ciclo delicato.\nNon utilizzare ammorbidenti\n<\/p>\n","protected":false},"excerpt":{"rendered":"<p>Il nostro beanie Arwen non solo tiene la testa al caldo in inverno, ma ci protegge anche in modo molto efficace dai raggi ad alta frequenza.<br \/>\nIl beanie Arwen ha un taglio piuttosto casual ed \u00e8 disponibile in colori neutri sempre di tendenza.<\/p>\n<p>Per schermare le onde elettromagnetiche ad alta frequenza<br \/>\nTaglia: taglia unica (circa 57 cm di circonferenza della testa)<br \/>\nColori: nero, navy, cobalto, jeans scuro, marrone, beige, antracite, grigio chiaro, viola<br \/>\nJersey, 94% cotone, 6% lycra<br \/>\nTessuto schermante (interno): argentato 100% poliammide \/ nylon 6.6<br \/>\nCertificato OEKO-Tex<br \/>\nConforme a RoHS e REACH<\/p>\n","protected":false},"featured_media":890,"template":"","meta":{"inline_featured_image":false,"site-sidebar-layout":"default","site-content-layout":"","ast-site-content-layout":"default","site-content-style":"default","site-sidebar-style":"default","ast-global-header-display":"","ast-banner-title-visibility":"","ast-main-header-display":"","ast-hfb-above-header-display":"","ast-hfb-below-header-display":"","ast-hfb-mobile-header-display":"","site-post-title":"","ast-breadcrumbs-content":"","ast-featured-img":"","footer-sml-layout":"","ast-disable-related-posts":"","theme-transparent-header-meta":"default","adv-header-id-meta":"","stick-header-meta":"","header-above-stick-meta":"","header-main-stick-meta":"","header-below-stick-meta":"","astra-migrate-meta-layouts":"default","ast-page-background-enabled":"default","ast-page-background-meta":{"desktop":{"background-color":"var(--ast-global-color-5)","background-image":"","background-repeat":"repeat","background-position":"center center","background-size":"auto","background-attachment":"scroll","background-type":"","background-media":"","overlay-type":"","overlay-color":"","overlay-opacity":"","overlay-gradient":""},"tablet":{"background-color":"","background-image":"","background-repeat":"repeat","background-position":"center center","background-size":"auto","background-attachment":"scroll","background-type":"","background-media":"","overlay-type":"","overlay-color":"","overlay-opacity":"","overlay-gradient":""},"mobile":{"background-color":"","background-image":"","background-repeat":"repeat","background-position":"center center","background-size":"auto","background-attachment":"scroll","background-type":"","background-media":"","overlay-type":"","overlay-color":"","overlay-opacity":"","overlay-gradient":""}},"ast-content-background-meta":{"desktop":{"background-color":"var(--ast-global-color-4)","background-image":"","background-repeat":"repeat","background-position":"center center","background-size":"auto","background-attachment":"scroll","background-type":"","background-media":"","overlay-type":"","overlay-color":"","overlay-opacity":"","overlay-gradient":""},"tablet":{"background-color":"var(--ast-global-color-4)","background-image":"","background-repeat":"repeat","background-position":"center center","background-size":"auto","background-attachment":"scroll","background-type":"","background-media":"","overlay-type":"","overlay-color":"","overlay-opacity":"","overlay-gradient":""},"mobile":{"background-color":"var(--ast-global-color-4)","background-image":"","background-repeat":"repeat","background-position":"center center","background-size":"auto","background-attachment":"scroll","background-type":"","background-media":"","overlay-type":"","overlay-color":"","overlay-opacity":"","overlay-gradient":""}}},"product_brand":[],"product_cat":[190,202],"product_tag":[394,348],"class_list":{"0":"post-7490","1":"product","2":"type-product","3":"status-publish","4":"has-post-thumbnail","6":"product_cat-abbigliamento-high-tech","7":"product_cat-donne","8":"product_tag-beanie-schermante","9":"product_tag-schermare-lelettrosmog","10":"product_shipping_class-standardversand","11":"pa_farbe-antracite","12":"pa_farbe-beige-4","13":"pa_farbe-blu-navy","14":"pa_farbe-bordeaux-2","15":"pa_farbe-cobalto","16":"pa_farbe-grigio-chiaro","17":"pa_farbe-jeans-scuro","18":"pa_farbe-marrone","19":"pa_farbe-nero","20":"desktop-align-left","21":"tablet-align-left","22":"mobile-align-left","24":"first","25":"instock","26":"taxable","27":"shipping-taxable","28":"purchasable","29":"product-type-variable"},"yoast_head":"<!-- This site is optimized with the Yoast SEO plugin v27.5 - https:\/\/yoast.com\/product\/yoast-seo-wordpress\/ -->\n<title>Beanie schermante Arwen - Elektrosmog-Schutz Onlineshop<\/title>\n<meta name=\"description\" content=\"Il nostro beanie Arwen non solo tiene la testa al caldo in inverno, ma ci protegge anche in modo molto efficace dalle radiazioni elettromagnetiche.\" \/>\n<meta name=\"robots\" content=\"index, follow, max-snippet:-1, max-image-preview:large, max-video-preview:-1\" \/>\n<link rel=\"canonical\" href=\"https:\/\/ecologa-europe.com\/shop\/produkt\/beanie-schermante-arwen\/\" \/>\n<meta property=\"og:locale\" content=\"de_DE\" \/>\n<meta property=\"og:type\" content=\"article\" \/>\n<meta property=\"og:title\" content=\"Beanie schermante Arwen - Elektrosmog-Schutz Onlineshop\" \/>\n<meta property=\"og:description\" content=\"Il nostro beanie Arwen non solo tiene la testa al caldo in inverno, ma ci protegge anche in modo molto efficace dalle radiazioni elettromagnetiche.\" \/>\n<meta property=\"og:url\" content=\"https:\/\/ecologa-europe.com\/shop\/produkt\/beanie-schermante-arwen\/?lang=it\" \/>\n<meta property=\"og:site_name\" content=\"Elektrosmog-Schutz Onlineshop\" \/>\n<meta property=\"article:publisher\" content=\"https:\/\/www.facebook.com\/Ecologa-Europe-GmbH-1604744566252298\/\" \/>\n<meta property=\"article:modified_time\" content=\"2025-10-17T09:11:50+00:00\" \/>\n<meta property=\"og:image\" content=\"https:\/\/ecologa-europe.com\/shop\/wp-content\/uploads\/2025\/04\/arwen_kobalt_2-2.jpg\" \/>\n\t<meta property=\"og:image:width\" content=\"1200\" \/>\n\t<meta property=\"og:image:height\" content=\"1275\" \/>\n\t<meta property=\"og:image:type\" content=\"image\/jpeg\" \/>\n<meta name=\"twitter:card\" content=\"summary_large_image\" \/>\n<meta name=\"twitter:label1\" content=\"Gesch\u00e4tzte Lesezeit\" \/>\n\t<meta name=\"twitter:data1\" content=\"1\u00a0Minute\" \/>\n<script type=\"application\/ld+json\" class=\"yoast-schema-graph\">{\"@context\":\"https:\\\/\\\/schema.org\",\"@graph\":[{\"@type\":\"WebPage\",\"@id\":\"https:\\\/\\\/ecologa-europe.com\\\/shop\\\/produkt\\\/beanie-schermante-arwen\\\/?lang=it\",\"url\":\"https:\\\/\\\/ecologa-europe.com\\\/shop\\\/produkt\\\/beanie-schermante-arwen\\\/?lang=it\",\"name\":\"Beanie schermante Arwen - Elektrosmog-Schutz Onlineshop\",\"isPartOf\":{\"@id\":\"https:\\\/\\\/ecologa-europe.com\\\/shop\\\/#website\"},\"primaryImageOfPage\":{\"@id\":\"https:\\\/\\\/ecologa-europe.com\\\/shop\\\/produkt\\\/beanie-schermante-arwen\\\/?lang=it#primaryimage\"},\"image\":{\"@id\":\"https:\\\/\\\/ecologa-europe.com\\\/shop\\\/produkt\\\/beanie-schermante-arwen\\\/?lang=it#primaryimage\"},\"thumbnailUrl\":\"https:\\\/\\\/ecologa-europe.com\\\/shop\\\/wp-content\\\/uploads\\\/2025\\\/04\\\/arwen_kobalt_2-2.jpg\",\"datePublished\":\"2025-05-16T10:08:33+00:00\",\"dateModified\":\"2025-10-17T09:11:50+00:00\",\"description\":\"Il nostro beanie Arwen non solo tiene la testa al caldo in inverno, ma ci protegge anche in modo molto efficace dalle radiazioni elettromagnetiche.\",\"breadcrumb\":{\"@id\":\"https:\\\/\\\/ecologa-europe.com\\\/shop\\\/produkt\\\/beanie-schermante-arwen\\\/?lang=it#breadcrumb\"},\"inLanguage\":\"de\",\"potentialAction\":[{\"@type\":\"ReadAction\",\"target\":[\"https:\\\/\\\/ecologa-europe.com\\\/shop\\\/produkt\\\/beanie-schermante-arwen\\\/?lang=it\"]}]},{\"@type\":\"ImageObject\",\"inLanguage\":\"de\",\"@id\":\"https:\\\/\\\/ecologa-europe.com\\\/shop\\\/produkt\\\/beanie-schermante-arwen\\\/?lang=it#primaryimage\",\"url\":\"https:\\\/\\\/ecologa-europe.com\\\/shop\\\/wp-content\\\/uploads\\\/2025\\\/04\\\/arwen_kobalt_2-2.jpg\",\"contentUrl\":\"https:\\\/\\\/ecologa-europe.com\\\/shop\\\/wp-content\\\/uploads\\\/2025\\\/04\\\/arwen_kobalt_2-2.jpg\",\"width\":1200,\"height\":1275},{\"@type\":\"BreadcrumbList\",\"@id\":\"https:\\\/\\\/ecologa-europe.com\\\/shop\\\/produkt\\\/beanie-schermante-arwen\\\/?lang=it#breadcrumb\",\"itemListElement\":[{\"@type\":\"ListItem\",\"position\":1,\"name\":\"Startseite\",\"item\":\"https:\\\/\\\/ecologa-europe.com\\\/shop\\\/\"},{\"@type\":\"ListItem\",\"position\":2,\"name\":\"Shop\",\"item\":\"https:\\\/\\\/ecologa-europe.com\\\/shop\\\/shop\\\/\"},{\"@type\":\"ListItem\",\"position\":3,\"name\":\"Beanie schermante Arwen\"}]},{\"@type\":\"WebSite\",\"@id\":\"https:\\\/\\\/ecologa-europe.com\\\/shop\\\/#website\",\"url\":\"https:\\\/\\\/ecologa-europe.com\\\/shop\\\/\",\"name\":\"Elektrosmog-Schutz Onlineshop\",\"description\":\"Ecologa Europe\",\"publisher\":{\"@id\":\"https:\\\/\\\/ecologa-europe.com\\\/shop\\\/#organization\"},\"potentialAction\":[{\"@type\":\"SearchAction\",\"target\":{\"@type\":\"EntryPoint\",\"urlTemplate\":\"https:\\\/\\\/ecologa-europe.com\\\/shop\\\/?s={search_term_string}\"},\"query-input\":{\"@type\":\"PropertyValueSpecification\",\"valueRequired\":true,\"valueName\":\"search_term_string\"}}],\"inLanguage\":\"de\"},{\"@type\":\"Organization\",\"@id\":\"https:\\\/\\\/ecologa-europe.com\\\/shop\\\/#organization\",\"name\":\"Elektrosmog-Schutz Onlineshop\",\"url\":\"https:\\\/\\\/ecologa-europe.com\\\/shop\\\/\",\"logo\":{\"@type\":\"ImageObject\",\"inLanguage\":\"de\",\"@id\":\"https:\\\/\\\/ecologa-europe.com\\\/shop\\\/#\\\/schema\\\/logo\\\/image\\\/\",\"url\":\"https:\\\/\\\/ecologa-europe.com\\\/shop\\\/wp-content\\\/uploads\\\/2025\\\/04\\\/vertical-navbar-logo.svg\",\"contentUrl\":\"https:\\\/\\\/ecologa-europe.com\\\/shop\\\/wp-content\\\/uploads\\\/2025\\\/04\\\/vertical-navbar-logo.svg\",\"width\":182,\"height\":70,\"caption\":\"Elektrosmog-Schutz Onlineshop\"},\"image\":{\"@id\":\"https:\\\/\\\/ecologa-europe.com\\\/shop\\\/#\\\/schema\\\/logo\\\/image\\\/\"},\"sameAs\":[\"https:\\\/\\\/www.facebook.com\\\/Ecologa-Europe-GmbH-1604744566252298\\\/\",\"https:\\\/\\\/www.instagram.com\\\/ecologaeurope\\\/\"]}]}<\/script>\n<!-- \/ Yoast SEO plugin. -->","yoast_head_json":{"title":"Beanie schermante Arwen - Elektrosmog-Schutz Onlineshop","description":"Il nostro beanie Arwen non solo tiene la testa al caldo in inverno, ma ci protegge anche in modo molto efficace dalle radiazioni elettromagnetiche.","robots":{"index":"index","follow":"follow","max-snippet":"max-snippet:-1","max-image-preview":"max-image-preview:large","max-video-preview":"max-video-preview:-1"},"canonical":"https:\/\/ecologa-europe.com\/shop\/produkt\/beanie-schermante-arwen\/","og_locale":"de_DE","og_type":"article","og_title":"Beanie schermante Arwen - Elektrosmog-Schutz Onlineshop","og_description":"Il nostro beanie Arwen non solo tiene la testa al caldo in inverno, ma ci protegge anche in modo molto efficace dalle radiazioni elettromagnetiche.","og_url":"https:\/\/ecologa-europe.com\/shop\/produkt\/beanie-schermante-arwen\/?lang=it","og_site_name":"Elektrosmog-Schutz Onlineshop","article_publisher":"https:\/\/www.facebook.com\/Ecologa-Europe-GmbH-1604744566252298\/","article_modified_time":"2025-10-17T09:11:50+00:00","og_image":[{"width":1200,"height":1275,"url":"https:\/\/ecologa-europe.com\/shop\/wp-content\/uploads\/2025\/04\/arwen_kobalt_2-2.jpg","type":"image\/jpeg"}],"twitter_card":"summary_large_image","twitter_misc":{"Gesch\u00e4tzte Lesezeit":"1\u00a0Minute"},"schema":{"@context":"https:\/\/schema.org","@graph":[{"@type":"WebPage","@id":"https:\/\/ecologa-europe.com\/shop\/produkt\/beanie-schermante-arwen\/?lang=it","url":"https:\/\/ecologa-europe.com\/shop\/produkt\/beanie-schermante-arwen\/?lang=it","name":"Beanie schermante Arwen - Elektrosmog-Schutz Onlineshop","isPartOf":{"@id":"https:\/\/ecologa-europe.com\/shop\/#website"},"primaryImageOfPage":{"@id":"https:\/\/ecologa-europe.com\/shop\/produkt\/beanie-schermante-arwen\/?lang=it#primaryimage"},"image":{"@id":"https:\/\/ecologa-europe.com\/shop\/produkt\/beanie-schermante-arwen\/?lang=it#primaryimage"},"thumbnailUrl":"https:\/\/ecologa-europe.com\/shop\/wp-content\/uploads\/2025\/04\/arwen_kobalt_2-2.jpg","datePublished":"2025-05-16T10:08:33+00:00","dateModified":"2025-10-17T09:11:50+00:00","description":"Il nostro beanie Arwen non solo tiene la testa al caldo in inverno, ma ci protegge anche in modo molto efficace dalle radiazioni elettromagnetiche.","breadcrumb":{"@id":"https:\/\/ecologa-europe.com\/shop\/produkt\/beanie-schermante-arwen\/?lang=it#breadcrumb"},"inLanguage":"de","potentialAction":[{"@type":"ReadAction","target":["https:\/\/ecologa-europe.com\/shop\/produkt\/beanie-schermante-arwen\/?lang=it"]}]},{"@type":"ImageObject","inLanguage":"de","@id":"https:\/\/ecologa-europe.com\/shop\/produkt\/beanie-schermante-arwen\/?lang=it#primaryimage","url":"https:\/\/ecologa-europe.com\/shop\/wp-content\/uploads\/2025\/04\/arwen_kobalt_2-2.jpg","contentUrl":"https:\/\/ecologa-europe.com\/shop\/wp-content\/uploads\/2025\/04\/arwen_kobalt_2-2.jpg","width":1200,"height":1275},{"@type":"BreadcrumbList","@id":"https:\/\/ecologa-europe.com\/shop\/produkt\/beanie-schermante-arwen\/?lang=it#breadcrumb","itemListElement":[{"@type":"ListItem","position":1,"name":"Startseite","item":"https:\/\/ecologa-europe.com\/shop\/"},{"@type":"ListItem","position":2,"name":"Shop","item":"https:\/\/ecologa-europe.com\/shop\/shop\/"},{"@type":"ListItem","position":3,"name":"Beanie schermante Arwen"}]},{"@type":"WebSite","@id":"https:\/\/ecologa-europe.com\/shop\/#website","url":"https:\/\/ecologa-europe.com\/shop\/","name":"Elektrosmog-Schutz Onlineshop","description":"Ecologa Europe","publisher":{"@id":"https:\/\/ecologa-europe.com\/shop\/#organization"},"potentialAction":[{"@type":"SearchAction","target":{"@type":"EntryPoint","urlTemplate":"https:\/\/ecologa-europe.com\/shop\/?s={search_term_string}"},"query-input":{"@type":"PropertyValueSpecification","valueRequired":true,"valueName":"search_term_string"}}],"inLanguage":"de"},{"@type":"Organization","@id":"https:\/\/ecologa-europe.com\/shop\/#organization","name":"Elektrosmog-Schutz Onlineshop","url":"https:\/\/ecologa-europe.com\/shop\/","logo":{"@type":"ImageObject","inLanguage":"de","@id":"https:\/\/ecologa-europe.com\/shop\/#\/schema\/logo\/image\/","url":"https:\/\/ecologa-europe.com\/shop\/wp-content\/uploads\/2025\/04\/vertical-navbar-logo.svg","contentUrl":"https:\/\/ecologa-europe.com\/shop\/wp-content\/uploads\/2025\/04\/vertical-navbar-logo.svg","width":182,"height":70,"caption":"Elektrosmog-Schutz Onlineshop"},"image":{"@id":"https:\/\/ecologa-europe.com\/shop\/#\/schema\/logo\/image\/"},"sameAs":["https:\/\/www.facebook.com\/Ecologa-Europe-GmbH-1604744566252298\/","https:\/\/www.instagram.com\/ecologaeurope\/"]}]}},"_links":{"self":[{"href":"https:\/\/ecologa-europe.com\/shop\/wp-json\/wp\/v2\/product\/7490","targetHints":{"allow":["GET"]}}],"collection":[{"href":"https:\/\/ecologa-europe.com\/shop\/wp-json\/wp\/v2\/product"}],"about":[{"href":"https:\/\/ecologa-europe.com\/shop\/wp-json\/wp\/v2\/types\/product"}],"wp:featuredmedia":[{"embeddable":true,"href":"https:\/\/ecologa-europe.com\/shop\/wp-json\/wp\/v2\/media\/890"}],"wp:attachment":[{"href":"https:\/\/ecologa-europe.com\/shop\/wp-json\/wp\/v2\/media?parent=7490"}],"wp:term":[{"taxonomy":"product_brand","embeddable":true,"href":"https:\/\/ecologa-europe.com\/shop\/wp-json\/wp\/v2\/product_brand?post=7490"},{"taxonomy":"product_cat","embeddable":true,"href":"https:\/\/ecologa-europe.com\/shop\/wp-json\/wp\/v2\/product_cat?post=7490"},{"taxonomy":"product_tag","embeddable":true,"href":"https:\/\/ecologa-europe.com\/shop\/wp-json\/wp\/v2\/product_tag?post=7490"}],"curies":[{"name":"wp","href":"https:\/\/api.w.org\/{rel}","templated":true}]}}