{"id":7506,"date":"2025-05-16T10:08:35","date_gmt":"2025-05-16T10:08:35","guid":{"rendered":"https:\/\/639.pm-domains.de\/?post_type=product&#038;p=7506"},"modified":"2025-05-16T10:37:40","modified_gmt":"2025-05-16T10:37:40","slug":"tissu-de-protection-en-koeper","status":"publish","type":"product","link":"https:\/\/ecologa-europe.com\/shop\/produkt\/tissu-de-protection-en-koeper\/?lang=fr","title":{"rendered":"Tissu de protection en K\u00f6per"},"content":{"rendered":"<p>Tissu de protection pour la literie et les v\u00eatements, OEKO-TEX Standard 100<\/p>\n<p>Les fils de cuivre les plus fins sont enduits d&#8217;argent pour une compatibilit\u00e9 optimale. Afin d&#8217;exclure toute conductivit\u00e9 \u00e9lectrique et d&#8217;emp\u00eacher l&#8217;oxydation, le fil m\u00e9tallique est recouvert de polyester. Le tout est ensuite entour\u00e9 de coton et le fil obtenu est retordu avec un deuxi\u00e8me fil en pur coton.<br \/>\nGr\u00e2ce \u00e0 l&#8217;effet de blindage du treillis m\u00e9tallique tr\u00e8s fin dans le tissu, les rayonnements \u00e9lectromagn\u00e9tiques sont emp\u00each\u00e9s de p\u00e9n\u00e9trer.<\/p>\n<p>Le tissu particuli\u00e8rement dense est tr\u00e8s r\u00e9sistant.<\/p>\n<p><strong>Donn\u00e9es techniques :<\/strong><br \/>\nLargeur : 1,50 m<br \/>\nComposition : armure serg\u00e9 \u00e0 fils retors complets<br \/>\nCouleur : blanc, beige, bleu clair, gris clair, saumon<br \/>\nComposition : 97 % coton, 3 % m\u00e9tal (fil de cuivre fin argent\u00e9)<br \/>\nPropri\u00e9t\u00e9s : lavable, ne d\u00e9colore pas<br \/>\nBase de contr\u00f4le : IEEE 299-1997<br \/>\nASTM D 4935-89<br \/>\nAtt\u00e9nuation du blindage : max. ~45 dB (&gt;99,99 %)<\/p>\n<p>Conseils d&#8217;entretien :<br \/>\nLe tissu peut \u00eatre lav\u00e9 \u00e0 30\u00b0C en cycle d\u00e9licat. Le tissu ne doit cependant pas \u00eatre essor\u00e9 ou s\u00e9ch\u00e9 en machine.<br \/>\nUne m\u00e9canique trop importante pourrait entra\u00eener des ruptures de fils. Avec le traitement recommand\u00e9, on ne constate pas de diminution de l&#8217;effet de protection, m\u00eame apr\u00e8s 30 lavages.<\/p>\n","protected":false},"excerpt":{"rendered":"<p>Tissu de protection pour la literie et les v\u00eatements, OEKO-TEX Standard 100<br \/>\nGr\u00e2ce \u00e0 l&#8217;effet de blindage de la grille m\u00e9tallique tr\u00e8s fine dans le tissu, les rayonnements \u00e9lectromagn\u00e9tiques sont emp\u00each\u00e9s de p\u00e9n\u00e9trer.<\/p>\n<p>Pour le blindage contre les ondes \u00e9lectromagn\u00e9tiques \u00e0 haute fr\u00e9quence.<br \/>\nPropri\u00e9t\u00e9s 100 % textiles<br \/>\nArmure serg\u00e9e \u00e0 fils retors complets, OEKO-TEX Standard 100<br \/>\nDoux pour la peau, r\u00e9sistant au lavage et exempt de nanotechnologie.<\/p>\n","protected":false},"featured_media":970,"template":"","meta":{"inline_featured_image":false,"site-sidebar-layout":"default","site-content-layout":"","ast-site-content-layout":"default","site-content-style":"default","site-sidebar-style":"default","ast-global-header-display":"","ast-banner-title-visibility":"","ast-main-header-display":"","ast-hfb-above-header-display":"","ast-hfb-below-header-display":"","ast-hfb-mobile-header-display":"","site-post-title":"","ast-breadcrumbs-content":"","ast-featured-img":"","footer-sml-layout":"","ast-disable-related-posts":"","theme-transparent-header-meta":"default","adv-header-id-meta":"","stick-header-meta":"","header-above-stick-meta":"","header-main-stick-meta":"","header-below-stick-meta":"","astra-migrate-meta-layouts":"default","ast-page-background-enabled":"default","ast-page-background-meta":{"desktop":{"background-color":"var(--ast-global-color-5)","background-image":"","background-repeat":"repeat","background-position":"center center","background-size":"auto","background-attachment":"scroll","background-type":"","background-media":"","overlay-type":"","overlay-color":"","overlay-opacity":"","overlay-gradient":""},"tablet":{"background-color":"","background-image":"","background-repeat":"repeat","background-position":"center center","background-size":"auto","background-attachment":"scroll","background-type":"","background-media":"","overlay-type":"","overlay-color":"","overlay-opacity":"","overlay-gradient":""},"mobile":{"background-color":"","background-image":"","background-repeat":"repeat","background-position":"center center","background-size":"auto","background-attachment":"scroll","background-type":"","background-media":"","overlay-type":"","overlay-color":"","overlay-opacity":"","overlay-gradient":""}},"ast-content-background-meta":{"desktop":{"background-color":"var(--ast-global-color-4)","background-image":"","background-repeat":"repeat","background-position":"center center","background-size":"auto","background-attachment":"scroll","background-type":"","background-media":"","overlay-type":"","overlay-color":"","overlay-opacity":"","overlay-gradient":""},"tablet":{"background-color":"var(--ast-global-color-4)","background-image":"","background-repeat":"repeat","background-position":"center center","background-size":"auto","background-attachment":"scroll","background-type":"","background-media":"","overlay-type":"","overlay-color":"","overlay-opacity":"","overlay-gradient":""},"mobile":{"background-color":"var(--ast-global-color-4)","background-image":"","background-repeat":"repeat","background-position":"center center","background-size":"auto","background-attachment":"scroll","background-type":"","background-media":"","overlay-type":"","overlay-color":"","overlay-opacity":"","overlay-gradient":""}}},"product_brand":[],"product_cat":[314],"product_tag":[],"class_list":{"0":"post-7506","1":"product","2":"type-product","3":"status-publish","4":"has-post-thumbnail","6":"product_cat-tissus-blindes","7":"product_shipping_class-standardversand","8":"pa_farbe-beige-2","9":"pa_farbe-blanc","10":"pa_farbe-bleu-clair","11":"pa_farbe-gris-clair","12":"pa_farbe-saumon","13":"desktop-align-left","14":"tablet-align-left","15":"mobile-align-left","17":"first","18":"instock","19":"taxable","20":"shipping-taxable","21":"purchasable","22":"product-type-variable"},"yoast_head":"<!-- This site is optimized with the Yoast SEO plugin v27.3 - https:\/\/yoast.com\/product\/yoast-seo-wordpress\/ -->\n<title>Tissu de protection en K\u00f6per - Elektrosmog-Schutz Onlineshop<\/title>\n<meta name=\"description\" content=\"L&#039;effet de blindage du treillis m\u00e9tallique tr\u00e8s fin dans le tissu emp\u00eache les rayonnements \u00e9lectromagn\u00e9tiques de p\u00e9n\u00e9trer.\" \/>\n<meta name=\"robots\" content=\"index, follow, max-snippet:-1, max-image-preview:large, max-video-preview:-1\" \/>\n<link rel=\"canonical\" href=\"https:\/\/ecologa-europe.com\/shop\/produkt\/tissu-de-protection-en-koeper\/\" \/>\n<meta property=\"og:locale\" content=\"de_DE\" \/>\n<meta property=\"og:type\" content=\"article\" \/>\n<meta property=\"og:title\" content=\"Tissu de protection en K\u00f6per - Elektrosmog-Schutz Onlineshop\" \/>\n<meta property=\"og:description\" content=\"L&#039;effet de blindage du treillis m\u00e9tallique tr\u00e8s fin dans le tissu emp\u00eache les rayonnements \u00e9lectromagn\u00e9tiques de p\u00e9n\u00e9trer.\" \/>\n<meta property=\"og:url\" content=\"https:\/\/ecologa-europe.com\/shop\/produkt\/tissu-de-protection-en-koeper\/?lang=fr\" \/>\n<meta property=\"og:site_name\" content=\"Elektrosmog-Schutz Onlineshop\" \/>\n<meta property=\"article:publisher\" content=\"https:\/\/www.facebook.com\/Ecologa-Europe-GmbH-1604744566252298\/\" \/>\n<meta property=\"article:modified_time\" content=\"2025-05-16T10:37:40+00:00\" \/>\n<meta property=\"og:image\" content=\"https:\/\/ecologa-europe.com\/shop\/wp-content\/uploads\/2025\/04\/koeper-alle.jpg\" \/>\n\t<meta property=\"og:image:width\" content=\"1280\" \/>\n\t<meta property=\"og:image:height\" content=\"1280\" \/>\n\t<meta property=\"og:image:type\" content=\"image\/jpeg\" \/>\n<meta name=\"twitter:card\" content=\"summary_large_image\" \/>\n<meta name=\"twitter:label1\" content=\"Gesch\u00e4tzte Lesezeit\" \/>\n\t<meta name=\"twitter:data1\" content=\"2\u00a0Minuten\" \/>\n<script type=\"application\/ld+json\" class=\"yoast-schema-graph\">{\"@context\":\"https:\\\/\\\/schema.org\",\"@graph\":[{\"@type\":\"WebPage\",\"@id\":\"https:\\\/\\\/ecologa-europe.com\\\/shop\\\/produkt\\\/tissu-de-protection-en-koeper\\\/?lang=fr\",\"url\":\"https:\\\/\\\/ecologa-europe.com\\\/shop\\\/produkt\\\/tissu-de-protection-en-koeper\\\/?lang=fr\",\"name\":\"Tissu de protection en K\u00f6per - Elektrosmog-Schutz Onlineshop\",\"isPartOf\":{\"@id\":\"https:\\\/\\\/ecologa-europe.com\\\/shop\\\/#website\"},\"primaryImageOfPage\":{\"@id\":\"https:\\\/\\\/ecologa-europe.com\\\/shop\\\/produkt\\\/tissu-de-protection-en-koeper\\\/?lang=fr#primaryimage\"},\"image\":{\"@id\":\"https:\\\/\\\/ecologa-europe.com\\\/shop\\\/produkt\\\/tissu-de-protection-en-koeper\\\/?lang=fr#primaryimage\"},\"thumbnailUrl\":\"https:\\\/\\\/ecologa-europe.com\\\/shop\\\/wp-content\\\/uploads\\\/2025\\\/04\\\/koeper-alle.jpg\",\"datePublished\":\"2025-05-16T10:08:35+00:00\",\"dateModified\":\"2025-05-16T10:37:40+00:00\",\"description\":\"L'effet de blindage du treillis m\u00e9tallique tr\u00e8s fin dans le tissu emp\u00eache les rayonnements \u00e9lectromagn\u00e9tiques de p\u00e9n\u00e9trer.\",\"breadcrumb\":{\"@id\":\"https:\\\/\\\/ecologa-europe.com\\\/shop\\\/produkt\\\/tissu-de-protection-en-koeper\\\/?lang=fr#breadcrumb\"},\"inLanguage\":\"de\",\"potentialAction\":[{\"@type\":\"ReadAction\",\"target\":[\"https:\\\/\\\/ecologa-europe.com\\\/shop\\\/produkt\\\/tissu-de-protection-en-koeper\\\/?lang=fr\"]}]},{\"@type\":\"ImageObject\",\"inLanguage\":\"de\",\"@id\":\"https:\\\/\\\/ecologa-europe.com\\\/shop\\\/produkt\\\/tissu-de-protection-en-koeper\\\/?lang=fr#primaryimage\",\"url\":\"https:\\\/\\\/ecologa-europe.com\\\/shop\\\/wp-content\\\/uploads\\\/2025\\\/04\\\/koeper-alle.jpg\",\"contentUrl\":\"https:\\\/\\\/ecologa-europe.com\\\/shop\\\/wp-content\\\/uploads\\\/2025\\\/04\\\/koeper-alle.jpg\",\"width\":1280,\"height\":1280},{\"@type\":\"BreadcrumbList\",\"@id\":\"https:\\\/\\\/ecologa-europe.com\\\/shop\\\/produkt\\\/tissu-de-protection-en-koeper\\\/?lang=fr#breadcrumb\",\"itemListElement\":[{\"@type\":\"ListItem\",\"position\":1,\"name\":\"Startseite\",\"item\":\"https:\\\/\\\/ecologa-europe.com\\\/shop\\\/\"},{\"@type\":\"ListItem\",\"position\":2,\"name\":\"Shop\",\"item\":\"https:\\\/\\\/ecologa-europe.com\\\/shop\\\/shop\\\/\"},{\"@type\":\"ListItem\",\"position\":3,\"name\":\"Tissu de protection en K\u00f6per\"}]},{\"@type\":\"WebSite\",\"@id\":\"https:\\\/\\\/ecologa-europe.com\\\/shop\\\/#website\",\"url\":\"https:\\\/\\\/ecologa-europe.com\\\/shop\\\/\",\"name\":\"Elektrosmog-Schutz Onlineshop\",\"description\":\"Ecologa Europe\",\"publisher\":{\"@id\":\"https:\\\/\\\/ecologa-europe.com\\\/shop\\\/#organization\"},\"potentialAction\":[{\"@type\":\"SearchAction\",\"target\":{\"@type\":\"EntryPoint\",\"urlTemplate\":\"https:\\\/\\\/ecologa-europe.com\\\/shop\\\/?s={search_term_string}\"},\"query-input\":{\"@type\":\"PropertyValueSpecification\",\"valueRequired\":true,\"valueName\":\"search_term_string\"}}],\"inLanguage\":\"de\"},{\"@type\":\"Organization\",\"@id\":\"https:\\\/\\\/ecologa-europe.com\\\/shop\\\/#organization\",\"name\":\"Elektrosmog-Schutz Onlineshop\",\"url\":\"https:\\\/\\\/ecologa-europe.com\\\/shop\\\/\",\"logo\":{\"@type\":\"ImageObject\",\"inLanguage\":\"de\",\"@id\":\"https:\\\/\\\/ecologa-europe.com\\\/shop\\\/#\\\/schema\\\/logo\\\/image\\\/\",\"url\":\"https:\\\/\\\/ecologa-europe.com\\\/shop\\\/wp-content\\\/uploads\\\/2025\\\/04\\\/vertical-navbar-logo.svg\",\"contentUrl\":\"https:\\\/\\\/ecologa-europe.com\\\/shop\\\/wp-content\\\/uploads\\\/2025\\\/04\\\/vertical-navbar-logo.svg\",\"width\":182,\"height\":70,\"caption\":\"Elektrosmog-Schutz Onlineshop\"},\"image\":{\"@id\":\"https:\\\/\\\/ecologa-europe.com\\\/shop\\\/#\\\/schema\\\/logo\\\/image\\\/\"},\"sameAs\":[\"https:\\\/\\\/www.facebook.com\\\/Ecologa-Europe-GmbH-1604744566252298\\\/\",\"https:\\\/\\\/www.instagram.com\\\/ecologaeurope\\\/\"]}]}<\/script>\n<!-- \/ Yoast SEO plugin. -->","yoast_head_json":{"title":"Tissu de protection en K\u00f6per - Elektrosmog-Schutz Onlineshop","description":"L'effet de blindage du treillis m\u00e9tallique tr\u00e8s fin dans le tissu emp\u00eache les rayonnements \u00e9lectromagn\u00e9tiques de p\u00e9n\u00e9trer.","robots":{"index":"index","follow":"follow","max-snippet":"max-snippet:-1","max-image-preview":"max-image-preview:large","max-video-preview":"max-video-preview:-1"},"canonical":"https:\/\/ecologa-europe.com\/shop\/produkt\/tissu-de-protection-en-koeper\/","og_locale":"de_DE","og_type":"article","og_title":"Tissu de protection en K\u00f6per - Elektrosmog-Schutz Onlineshop","og_description":"L'effet de blindage du treillis m\u00e9tallique tr\u00e8s fin dans le tissu emp\u00eache les rayonnements \u00e9lectromagn\u00e9tiques de p\u00e9n\u00e9trer.","og_url":"https:\/\/ecologa-europe.com\/shop\/produkt\/tissu-de-protection-en-koeper\/?lang=fr","og_site_name":"Elektrosmog-Schutz Onlineshop","article_publisher":"https:\/\/www.facebook.com\/Ecologa-Europe-GmbH-1604744566252298\/","article_modified_time":"2025-05-16T10:37:40+00:00","og_image":[{"width":1280,"height":1280,"url":"https:\/\/ecologa-europe.com\/shop\/wp-content\/uploads\/2025\/04\/koeper-alle.jpg","type":"image\/jpeg"}],"twitter_card":"summary_large_image","twitter_misc":{"Gesch\u00e4tzte Lesezeit":"2\u00a0Minuten"},"schema":{"@context":"https:\/\/schema.org","@graph":[{"@type":"WebPage","@id":"https:\/\/ecologa-europe.com\/shop\/produkt\/tissu-de-protection-en-koeper\/?lang=fr","url":"https:\/\/ecologa-europe.com\/shop\/produkt\/tissu-de-protection-en-koeper\/?lang=fr","name":"Tissu de protection en K\u00f6per - Elektrosmog-Schutz Onlineshop","isPartOf":{"@id":"https:\/\/ecologa-europe.com\/shop\/#website"},"primaryImageOfPage":{"@id":"https:\/\/ecologa-europe.com\/shop\/produkt\/tissu-de-protection-en-koeper\/?lang=fr#primaryimage"},"image":{"@id":"https:\/\/ecologa-europe.com\/shop\/produkt\/tissu-de-protection-en-koeper\/?lang=fr#primaryimage"},"thumbnailUrl":"https:\/\/ecologa-europe.com\/shop\/wp-content\/uploads\/2025\/04\/koeper-alle.jpg","datePublished":"2025-05-16T10:08:35+00:00","dateModified":"2025-05-16T10:37:40+00:00","description":"L'effet de blindage du treillis m\u00e9tallique tr\u00e8s fin dans le tissu emp\u00eache les rayonnements \u00e9lectromagn\u00e9tiques de p\u00e9n\u00e9trer.","breadcrumb":{"@id":"https:\/\/ecologa-europe.com\/shop\/produkt\/tissu-de-protection-en-koeper\/?lang=fr#breadcrumb"},"inLanguage":"de","potentialAction":[{"@type":"ReadAction","target":["https:\/\/ecologa-europe.com\/shop\/produkt\/tissu-de-protection-en-koeper\/?lang=fr"]}]},{"@type":"ImageObject","inLanguage":"de","@id":"https:\/\/ecologa-europe.com\/shop\/produkt\/tissu-de-protection-en-koeper\/?lang=fr#primaryimage","url":"https:\/\/ecologa-europe.com\/shop\/wp-content\/uploads\/2025\/04\/koeper-alle.jpg","contentUrl":"https:\/\/ecologa-europe.com\/shop\/wp-content\/uploads\/2025\/04\/koeper-alle.jpg","width":1280,"height":1280},{"@type":"BreadcrumbList","@id":"https:\/\/ecologa-europe.com\/shop\/produkt\/tissu-de-protection-en-koeper\/?lang=fr#breadcrumb","itemListElement":[{"@type":"ListItem","position":1,"name":"Startseite","item":"https:\/\/ecologa-europe.com\/shop\/"},{"@type":"ListItem","position":2,"name":"Shop","item":"https:\/\/ecologa-europe.com\/shop\/shop\/"},{"@type":"ListItem","position":3,"name":"Tissu de protection en K\u00f6per"}]},{"@type":"WebSite","@id":"https:\/\/ecologa-europe.com\/shop\/#website","url":"https:\/\/ecologa-europe.com\/shop\/","name":"Elektrosmog-Schutz Onlineshop","description":"Ecologa Europe","publisher":{"@id":"https:\/\/ecologa-europe.com\/shop\/#organization"},"potentialAction":[{"@type":"SearchAction","target":{"@type":"EntryPoint","urlTemplate":"https:\/\/ecologa-europe.com\/shop\/?s={search_term_string}"},"query-input":{"@type":"PropertyValueSpecification","valueRequired":true,"valueName":"search_term_string"}}],"inLanguage":"de"},{"@type":"Organization","@id":"https:\/\/ecologa-europe.com\/shop\/#organization","name":"Elektrosmog-Schutz Onlineshop","url":"https:\/\/ecologa-europe.com\/shop\/","logo":{"@type":"ImageObject","inLanguage":"de","@id":"https:\/\/ecologa-europe.com\/shop\/#\/schema\/logo\/image\/","url":"https:\/\/ecologa-europe.com\/shop\/wp-content\/uploads\/2025\/04\/vertical-navbar-logo.svg","contentUrl":"https:\/\/ecologa-europe.com\/shop\/wp-content\/uploads\/2025\/04\/vertical-navbar-logo.svg","width":182,"height":70,"caption":"Elektrosmog-Schutz Onlineshop"},"image":{"@id":"https:\/\/ecologa-europe.com\/shop\/#\/schema\/logo\/image\/"},"sameAs":["https:\/\/www.facebook.com\/Ecologa-Europe-GmbH-1604744566252298\/","https:\/\/www.instagram.com\/ecologaeurope\/"]}]}},"_links":{"self":[{"href":"https:\/\/ecologa-europe.com\/shop\/wp-json\/wp\/v2\/product\/7506","targetHints":{"allow":["GET"]}}],"collection":[{"href":"https:\/\/ecologa-europe.com\/shop\/wp-json\/wp\/v2\/product"}],"about":[{"href":"https:\/\/ecologa-europe.com\/shop\/wp-json\/wp\/v2\/types\/product"}],"wp:featuredmedia":[{"embeddable":true,"href":"https:\/\/ecologa-europe.com\/shop\/wp-json\/wp\/v2\/media\/970"}],"wp:attachment":[{"href":"https:\/\/ecologa-europe.com\/shop\/wp-json\/wp\/v2\/media?parent=7506"}],"wp:term":[{"taxonomy":"product_brand","embeddable":true,"href":"https:\/\/ecologa-europe.com\/shop\/wp-json\/wp\/v2\/product_brand?post=7506"},{"taxonomy":"product_cat","embeddable":true,"href":"https:\/\/ecologa-europe.com\/shop\/wp-json\/wp\/v2\/product_cat?post=7506"},{"taxonomy":"product_tag","embeddable":true,"href":"https:\/\/ecologa-europe.com\/shop\/wp-json\/wp\/v2\/product_tag?post=7506"}],"curies":[{"name":"wp","href":"https:\/\/api.w.org\/{rel}","templated":true}]}}