{"id":7534,"date":"2025-05-16T10:15:04","date_gmt":"2025-05-16T10:15:04","guid":{"rendered":"https:\/\/639.pm-domains.de\/?post_type=product&#038;p=7534"},"modified":"2025-05-16T10:40:43","modified_gmt":"2025-05-16T10:40:43","slug":"non-tisse-de-cuivre-de-blindage-cu-ni","status":"publish","type":"product","link":"https:\/\/ecologa-europe.com\/shop\/produkt\/non-tisse-de-cuivre-de-blindage-cu-ni\/?lang=fr","title":{"rendered":"Non-tiss\u00e9 de cuivre de blindage Cu\/Ni"},"content":{"rendered":"<p>Ce non-tiss\u00e9 enrichi de cuivre et de nickel peut notamment \u00eatre utilis\u00e9 dans le domaine technique ainsi que pour le blindage des ondes \u00e9lectromagn\u00e9tiques, mais aussi \u00e0 des fins militaires et m\u00e9dicales. Par rapport aux tissus et aux mailles, les non-tiss\u00e9s ont une \u00e9paisseur relativement faible.<br \/>\nGr\u00e2ce aux m\u00e9taux utilis\u00e9s, son efficacit\u00e9 est tr\u00e8s \u00e9lev\u00e9e.<\/p>\n<p>Le cuivre fait office de blindage.<br \/>\nComme l&#8217;argent, le cuivre a un effet antimicrobien et est conducteur \u00e9lectrique et thermique. Sa performance particuli\u00e8re r\u00e9side dans le domaine du blindage CEM.<\/p>\n<p>Le nickel prot\u00e8ge<br \/>\nCe non-tiss\u00e9 est rev\u00eatu de nickel. Le nickel permet une conductivit\u00e9 accrue et sert \u00e9galement de protection contre la corrosion pour le rev\u00eatement de cuivre.<\/p>\n<p>Associ\u00e9 chimiquement au cuivre et au nickel, ce non-tiss\u00e9 convient en outre \u00e0 la dissipation antistatique ainsi qu&#8217;aux applications avec capteurs.<\/p>\n<p>Donn\u00e9es techniques :<br \/>\nType : Tissu de surface : Non-tiss\u00e9<br \/>\nMat\u00e9riau : 100 % polyamide \/ nylon 6.6<br \/>\nR\u00e9sistance de surface : < 0.02 \u03a9\/\u25a1\nCapacit\u00e9 de blindage (0,2-2 GHz) Moyenne : < 100 dB de 0.2 GHz - 2 GHz\nCapacit\u00e9 de blindage (2-5 GHz) Moyenne : < 83 dB de 2 GHz - 5 GHz\nCapacit\u00e9 de blindage (5 - 14 GHz) Moyenne : < 73 dB de 5 GHz - 14 GHz\nPoids 95 g\/m\u00b2 \u00b1 15\n\u00c9paisseur 0.35 mm \u00b1 20\nLargeur: : 100 cm \/ m\u00e8tre\nCertification : DIN EN ISO 9001:2005\nREACH, RoHS\n\nFabriqu\u00e9 en Allemagne\n<\/p>\n","protected":false},"excerpt":{"rendered":"<p>Ce non-tiss\u00e9 enrichi de cuivre et de nickel peut \u00eatre utilis\u00e9 entre autres dans le domaine technique ainsi que pour le blindage des ondes \u00e9lectromagn\u00e9tiques, mais aussi \u00e0 des fins militaires et m\u00e9dicales.<\/p>\n<p>Capacit\u00e9 de blindage (0,2-2 GHz) Moyenne : < 100 dB de 0,2 GHz - 2 GHz\nCapacit\u00e9 de blindage (2-5 GHz) Moyenne : < 83 dB de 2 GHz - 5 GHz\nCapacit\u00e9 de blindage (5 - 14 GHz) Moyenne : < 73 dB de 5 GHz - 14 GHz\nPoids 95 g\/m\u00b2 \u00b1 15\n\u00c9paisseur 0.35 mm \u00b1 20\nLargeur: : 100 cm \/ marchandise au m\u00e8tre\n\nFabriqu\u00e9 en Allemagne\n<\/p>\n","protected":false},"featured_media":1585,"template":"","meta":{"inline_featured_image":false,"site-sidebar-layout":"default","site-content-layout":"","ast-site-content-layout":"default","site-content-style":"default","site-sidebar-style":"default","ast-global-header-display":"","ast-banner-title-visibility":"","ast-main-header-display":"","ast-hfb-above-header-display":"","ast-hfb-below-header-display":"","ast-hfb-mobile-header-display":"","site-post-title":"","ast-breadcrumbs-content":"","ast-featured-img":"","footer-sml-layout":"","ast-disable-related-posts":"","theme-transparent-header-meta":"default","adv-header-id-meta":"","stick-header-meta":"","header-above-stick-meta":"","header-main-stick-meta":"","header-below-stick-meta":"","astra-migrate-meta-layouts":"default","ast-page-background-enabled":"default","ast-page-background-meta":{"desktop":{"background-color":"var(--ast-global-color-5)","background-image":"","background-repeat":"repeat","background-position":"center center","background-size":"auto","background-attachment":"scroll","background-type":"","background-media":"","overlay-type":"","overlay-color":"","overlay-opacity":"","overlay-gradient":""},"tablet":{"background-color":"","background-image":"","background-repeat":"repeat","background-position":"center center","background-size":"auto","background-attachment":"scroll","background-type":"","background-media":"","overlay-type":"","overlay-color":"","overlay-opacity":"","overlay-gradient":""},"mobile":{"background-color":"","background-image":"","background-repeat":"repeat","background-position":"center center","background-size":"auto","background-attachment":"scroll","background-type":"","background-media":"","overlay-type":"","overlay-color":"","overlay-opacity":"","overlay-gradient":""}},"ast-content-background-meta":{"desktop":{"background-color":"var(--ast-global-color-4)","background-image":"","background-repeat":"repeat","background-position":"center center","background-size":"auto","background-attachment":"scroll","background-type":"","background-media":"","overlay-type":"","overlay-color":"","overlay-opacity":"","overlay-gradient":""},"tablet":{"background-color":"var(--ast-global-color-4)","background-image":"","background-repeat":"repeat","background-position":"center center","background-size":"auto","background-attachment":"scroll","background-type":"","background-media":"","overlay-type":"","overlay-color":"","overlay-opacity":"","overlay-gradient":""},"mobile":{"background-color":"var(--ast-global-color-4)","background-image":"","background-repeat":"repeat","background-position":"center center","background-size":"auto","background-attachment":"scroll","background-type":"","background-media":"","overlay-type":"","overlay-color":"","overlay-opacity":"","overlay-gradient":""}}},"product_brand":[],"product_cat":[281],"product_tag":[200,224,208],"class_list":{"0":"post-7534","1":"product","2":"type-product","3":"status-publish","4":"has-post-thumbnail","6":"product_cat-non-tisse-et-treillis-de-blindage","7":"product_tag-blindage-haute-frequence","8":"product_tag-protection-5g","9":"product_tag-protection-contre-lelectrosmog","10":"product_shipping_class-sperrgut","11":"desktop-align-left","12":"tablet-align-left","13":"mobile-align-left","15":"first","16":"instock","17":"taxable","18":"shipping-taxable","19":"purchasable","20":"product-type-simple"},"yoast_head":"<!-- This site is optimized with the Yoast SEO plugin v27.4 - https:\/\/yoast.com\/product\/yoast-seo-wordpress\/ -->\n<title>Non-tiss\u00e9 de cuivre de blindage Cu\/Ni - Elektrosmog-Schutz Onlineshop<\/title>\n<meta name=\"description\" content=\"Ce non-tiss\u00e9 enrichi de cuivre et de nickel peut \u00eatre utilis\u00e9 entre autres dans le domaine technique et pour le blindage contre les ondes \u00e9lectromagn\u00e9tiques.\" \/>\n<meta name=\"robots\" content=\"index, follow, max-snippet:-1, max-image-preview:large, max-video-preview:-1\" \/>\n<link rel=\"canonical\" href=\"https:\/\/ecologa-europe.com\/shop\/produkt\/non-tisse-de-cuivre-de-blindage-cu-ni\/\" \/>\n<meta property=\"og:locale\" content=\"de_DE\" \/>\n<meta property=\"og:type\" content=\"article\" \/>\n<meta property=\"og:title\" content=\"Non-tiss\u00e9 de cuivre de blindage Cu\/Ni - Elektrosmog-Schutz Onlineshop\" \/>\n<meta property=\"og:description\" content=\"Ce non-tiss\u00e9 enrichi de cuivre et de nickel peut \u00eatre utilis\u00e9 entre autres dans le domaine technique et pour le blindage contre les ondes \u00e9lectromagn\u00e9tiques.\" \/>\n<meta property=\"og:url\" content=\"https:\/\/ecologa-europe.com\/shop\/produkt\/non-tisse-de-cuivre-de-blindage-cu-ni\/?lang=fr\" \/>\n<meta property=\"og:site_name\" content=\"Elektrosmog-Schutz Onlineshop\" \/>\n<meta property=\"article:publisher\" content=\"https:\/\/www.facebook.com\/Ecologa-Europe-GmbH-1604744566252298\/\" \/>\n<meta property=\"article:modified_time\" content=\"2025-05-16T10:40:43+00:00\" \/>\n<meta property=\"og:image\" content=\"https:\/\/ecologa-europe.com\/shop\/wp-content\/uploads\/2025\/04\/ni_cu_vlies.jpg\" \/>\n\t<meta property=\"og:image:width\" content=\"1772\" \/>\n\t<meta property=\"og:image:height\" content=\"1280\" \/>\n\t<meta property=\"og:image:type\" content=\"image\/jpeg\" \/>\n<meta name=\"twitter:card\" content=\"summary_large_image\" \/>\n<meta name=\"twitter:label1\" content=\"Gesch\u00e4tzte Lesezeit\" \/>\n\t<meta name=\"twitter:data1\" content=\"1\u00a0Minute\" \/>\n<script type=\"application\/ld+json\" class=\"yoast-schema-graph\">{\"@context\":\"https:\\\/\\\/schema.org\",\"@graph\":[{\"@type\":\"WebPage\",\"@id\":\"https:\\\/\\\/ecologa-europe.com\\\/shop\\\/produkt\\\/non-tisse-de-cuivre-de-blindage-cu-ni\\\/?lang=fr\",\"url\":\"https:\\\/\\\/ecologa-europe.com\\\/shop\\\/produkt\\\/non-tisse-de-cuivre-de-blindage-cu-ni\\\/?lang=fr\",\"name\":\"Non-tiss\u00e9 de cuivre de blindage Cu\\\/Ni - Elektrosmog-Schutz Onlineshop\",\"isPartOf\":{\"@id\":\"https:\\\/\\\/ecologa-europe.com\\\/shop\\\/#website\"},\"primaryImageOfPage\":{\"@id\":\"https:\\\/\\\/ecologa-europe.com\\\/shop\\\/produkt\\\/non-tisse-de-cuivre-de-blindage-cu-ni\\\/?lang=fr#primaryimage\"},\"image\":{\"@id\":\"https:\\\/\\\/ecologa-europe.com\\\/shop\\\/produkt\\\/non-tisse-de-cuivre-de-blindage-cu-ni\\\/?lang=fr#primaryimage\"},\"thumbnailUrl\":\"https:\\\/\\\/ecologa-europe.com\\\/shop\\\/wp-content\\\/uploads\\\/2025\\\/04\\\/ni_cu_vlies.jpg\",\"datePublished\":\"2025-05-16T10:15:04+00:00\",\"dateModified\":\"2025-05-16T10:40:43+00:00\",\"description\":\"Ce non-tiss\u00e9 enrichi de cuivre et de nickel peut \u00eatre utilis\u00e9 entre autres dans le domaine technique et pour le blindage contre les ondes \u00e9lectromagn\u00e9tiques.\",\"breadcrumb\":{\"@id\":\"https:\\\/\\\/ecologa-europe.com\\\/shop\\\/produkt\\\/non-tisse-de-cuivre-de-blindage-cu-ni\\\/?lang=fr#breadcrumb\"},\"inLanguage\":\"de\",\"potentialAction\":[{\"@type\":\"ReadAction\",\"target\":[\"https:\\\/\\\/ecologa-europe.com\\\/shop\\\/produkt\\\/non-tisse-de-cuivre-de-blindage-cu-ni\\\/?lang=fr\"]}]},{\"@type\":\"ImageObject\",\"inLanguage\":\"de\",\"@id\":\"https:\\\/\\\/ecologa-europe.com\\\/shop\\\/produkt\\\/non-tisse-de-cuivre-de-blindage-cu-ni\\\/?lang=fr#primaryimage\",\"url\":\"https:\\\/\\\/ecologa-europe.com\\\/shop\\\/wp-content\\\/uploads\\\/2025\\\/04\\\/ni_cu_vlies.jpg\",\"contentUrl\":\"https:\\\/\\\/ecologa-europe.com\\\/shop\\\/wp-content\\\/uploads\\\/2025\\\/04\\\/ni_cu_vlies.jpg\",\"width\":1772,\"height\":1280},{\"@type\":\"BreadcrumbList\",\"@id\":\"https:\\\/\\\/ecologa-europe.com\\\/shop\\\/produkt\\\/non-tisse-de-cuivre-de-blindage-cu-ni\\\/?lang=fr#breadcrumb\",\"itemListElement\":[{\"@type\":\"ListItem\",\"position\":1,\"name\":\"Startseite\",\"item\":\"https:\\\/\\\/ecologa-europe.com\\\/shop\\\/\"},{\"@type\":\"ListItem\",\"position\":2,\"name\":\"Shop\",\"item\":\"https:\\\/\\\/ecologa-europe.com\\\/shop\\\/shop\\\/\"},{\"@type\":\"ListItem\",\"position\":3,\"name\":\"Non-tiss\u00e9 de cuivre de blindage Cu\\\/Ni\"}]},{\"@type\":\"WebSite\",\"@id\":\"https:\\\/\\\/ecologa-europe.com\\\/shop\\\/#website\",\"url\":\"https:\\\/\\\/ecologa-europe.com\\\/shop\\\/\",\"name\":\"Elektrosmog-Schutz Onlineshop\",\"description\":\"Ecologa Europe\",\"publisher\":{\"@id\":\"https:\\\/\\\/ecologa-europe.com\\\/shop\\\/#organization\"},\"potentialAction\":[{\"@type\":\"SearchAction\",\"target\":{\"@type\":\"EntryPoint\",\"urlTemplate\":\"https:\\\/\\\/ecologa-europe.com\\\/shop\\\/?s={search_term_string}\"},\"query-input\":{\"@type\":\"PropertyValueSpecification\",\"valueRequired\":true,\"valueName\":\"search_term_string\"}}],\"inLanguage\":\"de\"},{\"@type\":\"Organization\",\"@id\":\"https:\\\/\\\/ecologa-europe.com\\\/shop\\\/#organization\",\"name\":\"Elektrosmog-Schutz Onlineshop\",\"url\":\"https:\\\/\\\/ecologa-europe.com\\\/shop\\\/\",\"logo\":{\"@type\":\"ImageObject\",\"inLanguage\":\"de\",\"@id\":\"https:\\\/\\\/ecologa-europe.com\\\/shop\\\/#\\\/schema\\\/logo\\\/image\\\/\",\"url\":\"https:\\\/\\\/ecologa-europe.com\\\/shop\\\/wp-content\\\/uploads\\\/2025\\\/04\\\/vertical-navbar-logo.svg\",\"contentUrl\":\"https:\\\/\\\/ecologa-europe.com\\\/shop\\\/wp-content\\\/uploads\\\/2025\\\/04\\\/vertical-navbar-logo.svg\",\"width\":182,\"height\":70,\"caption\":\"Elektrosmog-Schutz Onlineshop\"},\"image\":{\"@id\":\"https:\\\/\\\/ecologa-europe.com\\\/shop\\\/#\\\/schema\\\/logo\\\/image\\\/\"},\"sameAs\":[\"https:\\\/\\\/www.facebook.com\\\/Ecologa-Europe-GmbH-1604744566252298\\\/\",\"https:\\\/\\\/www.instagram.com\\\/ecologaeurope\\\/\"]}]}<\/script>\n<!-- \/ Yoast SEO plugin. -->","yoast_head_json":{"title":"Non-tiss\u00e9 de cuivre de blindage Cu\/Ni - Elektrosmog-Schutz Onlineshop","description":"Ce non-tiss\u00e9 enrichi de cuivre et de nickel peut \u00eatre utilis\u00e9 entre autres dans le domaine technique et pour le blindage contre les ondes \u00e9lectromagn\u00e9tiques.","robots":{"index":"index","follow":"follow","max-snippet":"max-snippet:-1","max-image-preview":"max-image-preview:large","max-video-preview":"max-video-preview:-1"},"canonical":"https:\/\/ecologa-europe.com\/shop\/produkt\/non-tisse-de-cuivre-de-blindage-cu-ni\/","og_locale":"de_DE","og_type":"article","og_title":"Non-tiss\u00e9 de cuivre de blindage Cu\/Ni - Elektrosmog-Schutz Onlineshop","og_description":"Ce non-tiss\u00e9 enrichi de cuivre et de nickel peut \u00eatre utilis\u00e9 entre autres dans le domaine technique et pour le blindage contre les ondes \u00e9lectromagn\u00e9tiques.","og_url":"https:\/\/ecologa-europe.com\/shop\/produkt\/non-tisse-de-cuivre-de-blindage-cu-ni\/?lang=fr","og_site_name":"Elektrosmog-Schutz Onlineshop","article_publisher":"https:\/\/www.facebook.com\/Ecologa-Europe-GmbH-1604744566252298\/","article_modified_time":"2025-05-16T10:40:43+00:00","og_image":[{"width":1772,"height":1280,"url":"https:\/\/ecologa-europe.com\/shop\/wp-content\/uploads\/2025\/04\/ni_cu_vlies.jpg","type":"image\/jpeg"}],"twitter_card":"summary_large_image","twitter_misc":{"Gesch\u00e4tzte Lesezeit":"1\u00a0Minute"},"schema":{"@context":"https:\/\/schema.org","@graph":[{"@type":"WebPage","@id":"https:\/\/ecologa-europe.com\/shop\/produkt\/non-tisse-de-cuivre-de-blindage-cu-ni\/?lang=fr","url":"https:\/\/ecologa-europe.com\/shop\/produkt\/non-tisse-de-cuivre-de-blindage-cu-ni\/?lang=fr","name":"Non-tiss\u00e9 de cuivre de blindage Cu\/Ni - Elektrosmog-Schutz Onlineshop","isPartOf":{"@id":"https:\/\/ecologa-europe.com\/shop\/#website"},"primaryImageOfPage":{"@id":"https:\/\/ecologa-europe.com\/shop\/produkt\/non-tisse-de-cuivre-de-blindage-cu-ni\/?lang=fr#primaryimage"},"image":{"@id":"https:\/\/ecologa-europe.com\/shop\/produkt\/non-tisse-de-cuivre-de-blindage-cu-ni\/?lang=fr#primaryimage"},"thumbnailUrl":"https:\/\/ecologa-europe.com\/shop\/wp-content\/uploads\/2025\/04\/ni_cu_vlies.jpg","datePublished":"2025-05-16T10:15:04+00:00","dateModified":"2025-05-16T10:40:43+00:00","description":"Ce non-tiss\u00e9 enrichi de cuivre et de nickel peut \u00eatre utilis\u00e9 entre autres dans le domaine technique et pour le blindage contre les ondes \u00e9lectromagn\u00e9tiques.","breadcrumb":{"@id":"https:\/\/ecologa-europe.com\/shop\/produkt\/non-tisse-de-cuivre-de-blindage-cu-ni\/?lang=fr#breadcrumb"},"inLanguage":"de","potentialAction":[{"@type":"ReadAction","target":["https:\/\/ecologa-europe.com\/shop\/produkt\/non-tisse-de-cuivre-de-blindage-cu-ni\/?lang=fr"]}]},{"@type":"ImageObject","inLanguage":"de","@id":"https:\/\/ecologa-europe.com\/shop\/produkt\/non-tisse-de-cuivre-de-blindage-cu-ni\/?lang=fr#primaryimage","url":"https:\/\/ecologa-europe.com\/shop\/wp-content\/uploads\/2025\/04\/ni_cu_vlies.jpg","contentUrl":"https:\/\/ecologa-europe.com\/shop\/wp-content\/uploads\/2025\/04\/ni_cu_vlies.jpg","width":1772,"height":1280},{"@type":"BreadcrumbList","@id":"https:\/\/ecologa-europe.com\/shop\/produkt\/non-tisse-de-cuivre-de-blindage-cu-ni\/?lang=fr#breadcrumb","itemListElement":[{"@type":"ListItem","position":1,"name":"Startseite","item":"https:\/\/ecologa-europe.com\/shop\/"},{"@type":"ListItem","position":2,"name":"Shop","item":"https:\/\/ecologa-europe.com\/shop\/shop\/"},{"@type":"ListItem","position":3,"name":"Non-tiss\u00e9 de cuivre de blindage Cu\/Ni"}]},{"@type":"WebSite","@id":"https:\/\/ecologa-europe.com\/shop\/#website","url":"https:\/\/ecologa-europe.com\/shop\/","name":"Elektrosmog-Schutz Onlineshop","description":"Ecologa Europe","publisher":{"@id":"https:\/\/ecologa-europe.com\/shop\/#organization"},"potentialAction":[{"@type":"SearchAction","target":{"@type":"EntryPoint","urlTemplate":"https:\/\/ecologa-europe.com\/shop\/?s={search_term_string}"},"query-input":{"@type":"PropertyValueSpecification","valueRequired":true,"valueName":"search_term_string"}}],"inLanguage":"de"},{"@type":"Organization","@id":"https:\/\/ecologa-europe.com\/shop\/#organization","name":"Elektrosmog-Schutz Onlineshop","url":"https:\/\/ecologa-europe.com\/shop\/","logo":{"@type":"ImageObject","inLanguage":"de","@id":"https:\/\/ecologa-europe.com\/shop\/#\/schema\/logo\/image\/","url":"https:\/\/ecologa-europe.com\/shop\/wp-content\/uploads\/2025\/04\/vertical-navbar-logo.svg","contentUrl":"https:\/\/ecologa-europe.com\/shop\/wp-content\/uploads\/2025\/04\/vertical-navbar-logo.svg","width":182,"height":70,"caption":"Elektrosmog-Schutz Onlineshop"},"image":{"@id":"https:\/\/ecologa-europe.com\/shop\/#\/schema\/logo\/image\/"},"sameAs":["https:\/\/www.facebook.com\/Ecologa-Europe-GmbH-1604744566252298\/","https:\/\/www.instagram.com\/ecologaeurope\/"]}]}},"_links":{"self":[{"href":"https:\/\/ecologa-europe.com\/shop\/wp-json\/wp\/v2\/product\/7534","targetHints":{"allow":["GET"]}}],"collection":[{"href":"https:\/\/ecologa-europe.com\/shop\/wp-json\/wp\/v2\/product"}],"about":[{"href":"https:\/\/ecologa-europe.com\/shop\/wp-json\/wp\/v2\/types\/product"}],"wp:featuredmedia":[{"embeddable":true,"href":"https:\/\/ecologa-europe.com\/shop\/wp-json\/wp\/v2\/media\/1585"}],"wp:attachment":[{"href":"https:\/\/ecologa-europe.com\/shop\/wp-json\/wp\/v2\/media?parent=7534"}],"wp:term":[{"taxonomy":"product_brand","embeddable":true,"href":"https:\/\/ecologa-europe.com\/shop\/wp-json\/wp\/v2\/product_brand?post=7534"},{"taxonomy":"product_cat","embeddable":true,"href":"https:\/\/ecologa-europe.com\/shop\/wp-json\/wp\/v2\/product_cat?post=7534"},{"taxonomy":"product_tag","embeddable":true,"href":"https:\/\/ecologa-europe.com\/shop\/wp-json\/wp\/v2\/product_tag?post=7534"}],"curies":[{"name":"wp","href":"https:\/\/api.w.org\/{rel}","templated":true}]}}