{"id":7543,"date":"2025-05-16T10:09:56","date_gmt":"2025-05-16T10:09:56","guid":{"rendered":"https:\/\/639.pm-domains.de\/?post_type=product&#038;p=7543"},"modified":"2025-12-20T00:56:52","modified_gmt":"2025-12-20T00:56:52","slug":"pyjama-de-protection-pour-femmes-aodren","status":"publish","type":"product","link":"https:\/\/ecologa-europe.com\/shop\/produkt\/pyjama-de-protection-pour-femmes-aodren\/?lang=fr","title":{"rendered":"Pyjama de protection pour femmes Aodren"},"content":{"rendered":"<p>Vous voulez vous sentir bien dans vos v\u00eatements de nuit ?<br \/>\nNotre pyjama classique, compos\u00e9 d&#8217;un haut \u00e0 manches longues avec une patte de boutonnage et d&#8217;un pantalon \u00e0 coupe droite, est parfait pour les femmes qui aiment le confort. V\u00e9ritable tendance old school, ce classique vous accompagnera pendant de nombreuses nuits sans que vous vous en lassiez.<br \/>\nAvec son esth\u00e9tique \u00e9pur\u00e9e et intemporelle, ce mod\u00e8le traditionnel en coton est un v\u00e9ritable essentiel de la garde-robe homewear. Le coton r\u00e9gule la temp\u00e9rature du corps et \u00e9vite de trop transpirer. C&#8217;est la mati\u00e8re parfaite pour les v\u00eatements de nuit.<\/p>\n<p>Aodren a une autre propri\u00e9t\u00e9, il vous prot\u00e8ge tr\u00e8s efficacement contre les rayons \u00e0 haute fr\u00e9quence.<br \/>\nEn effet, il est r\u00e9alis\u00e9 en coton blind\u00e9 OEKO-TEX Standard 100.<br \/>\nCela signifie que des fils de cuivre tr\u00e8s fins sont enrob\u00e9s d&#8217;argent pur afin de garantir une tol\u00e9rance optimale.<br \/>\nNotre pyjama Aodren est fabriqu\u00e9 en qualit\u00e9 double retors.<br \/>\nLe retors int\u00e9gral est un tissu dont le fil de cha\u00eene et le fil de trame sont tous deux compos\u00e9s de fils torsad\u00e9s. La haute torsion et la double torsion des fils conf\u00e8rent au tissu une stabilit\u00e9 encore plus grande, augmentent sa facilit\u00e9 d&#8217;entretien. Les couleurs gagnent en brillance. C&#8217;est ce qui donne \u00e0 notre mod\u00e8le cet aspect satin\u00e9.<br \/>\nDe plus, l&#8217;effet de blindage du tressage m\u00e9tallique tr\u00e8s fin du tissu emp\u00eache les rayonnements \u00e9lectromagn\u00e9tiques de p\u00e9n\u00e9trer.<\/p>\n<p>Ainsi, les propri\u00e9t\u00e9s du coton qui respectent la peau et l&#8217;effet de blindage contribuent encore plus \u00e0 votre bien-\u00eatre.<\/p>\n<p>Couleur : saumon<br \/>\nComposition : serg\u00e9 \u00e0 fils retors complets<br \/>\n97% coton \/ 3% m\u00e9tal<br \/>\n(fil de cuivre fin argent\u00e9)<\/p>\n\n<table id=\"tablepress-28\" class=\"tablepress tablepress-id-28\">\n<thead>\n<tr class=\"row-1\">\n\t<td class=\"column-1\"><\/td><th class=\"column-2\">Fr\u00e9quence \/ Application (MHz)<\/th><th class=\"column-3\">D\u00e9cibel (dB)<\/th><th class=\"column-4\">Pourcentage (%)<\/th>\n<\/tr>\n<\/thead>\n<tbody class=\"row-striping row-hover\">\n<tr class=\"row-2\">\n\t<td class=\"column-1\">Tetra 450<\/td><td class=\"column-2\">450MHz<\/td><td class=\"column-3\">45dB<\/td><td class=\"column-4\">99,99%<\/td>\n<\/tr>\n<tr class=\"row-3\">\n\t<td class=\"column-1\">LTE 800<\/td><td class=\"column-2\">800MHz<\/td><td class=\"column-3\">30dB<\/td><td class=\"column-4\">99,9%<\/td>\n<\/tr>\n<tr class=\"row-4\">\n\t<td class=\"column-1\">GSM 900<\/td><td class=\"column-2\">900MHz<\/td><td class=\"column-3\">30dB<\/td><td class=\"column-4\">99,9%<\/td>\n<\/tr>\n<tr class=\"row-5\">\n\t<td class=\"column-1\">GSM 1800<\/td><td class=\"column-2\">1800MHz<\/td><td class=\"column-3\">20dB<\/td><td class=\"column-4\">99%<\/td>\n<\/tr>\n<tr class=\"row-6\">\n\t<td class=\"column-1\">DECT 1800<\/td><td class=\"column-2\">1800MHz<\/td><td class=\"column-3\">20dB<\/td><td class=\"column-4\">99%<\/td>\n<\/tr>\n<tr class=\"row-7\">\n\t<td class=\"column-1\">UMTS 2000<\/td><td class=\"column-2\">2000MHz<\/td><td class=\"column-3\">20dB<\/td><td class=\"column-4\">99%<\/td>\n<\/tr>\n<tr class=\"row-8\">\n\t<td class=\"column-1\">WLAN 2400<\/td><td class=\"column-2\">2400MHz<\/td><td class=\"column-3\">20dB<\/td><td class=\"column-4\">99%<\/td>\n<\/tr>\n<tr class=\"row-9\">\n\t<td class=\"column-1\">LTE 2600<\/td><td class=\"column-2\">2600MHz<\/td><td class=\"column-3\">20dB<\/td><td class=\"column-4\">99%<\/td>\n<\/tr>\n<tr class=\"row-10\">\n\t<td class=\"column-1\">WLAN 5800<\/td><td class=\"column-2\">5800MHz<\/td><td class=\"column-3\">10dB<\/td><td class=\"column-4\">90%<\/td>\n<\/tr>\n<\/tbody>\n<\/table>\n\n<p>tailles : 36, 38, 40, 42, 44. 46<\/p>\n\n<table id=\"tablepress-90\" class=\"tablepress tablepress-id-90\">\n<thead>\n<tr class=\"row-1\">\n\t<th class=\"column-1\">Tailles<\/th><th class=\"column-2\">S<\/th><th class=\"column-3\">M<br \/>\n38<\/th><th class=\"column-4\">L<br \/>\n40<\/th><th class=\"column-5\">XL<br \/>\n42<\/th><th class=\"column-6\">XXL<br \/>\n44<\/th><th class=\"column-7\">3XL<br \/>\n46<\/th>\n<\/tr>\n<\/thead>\n<tbody class=\"row-striping row-hover\">\n<tr class=\"row-2\">\n\t<td class=\"column-1\">36<\/td><td class=\"column-2\">M<\/td><td class=\"column-3\">59<\/td><td class=\"column-4\">61<\/td><td class=\"column-5\">63<\/td><td class=\"column-6\">65<\/td><td class=\"column-7\">67<\/td>\n<\/tr>\n<tr class=\"row-3\">\n\t<td class=\"column-1\">38<\/td><td class=\"column-2\">L<\/td><td class=\"column-3\">53,25<\/td><td class=\"column-4\">55,25<\/td><td class=\"column-5\">57,25<\/td><td class=\"column-6\">59,25<\/td><td class=\"column-7\">61,25<\/td>\n<\/tr>\n<tr class=\"row-4\">\n\t<td class=\"column-1\">40<\/td><td class=\"column-2\">XL<\/td><td class=\"column-3\">15,5<\/td><td class=\"column-4\">16<\/td><td class=\"column-5\">16,5<\/td><td class=\"column-6\">17<\/td><td class=\"column-7\">17,5<\/td>\n<\/tr>\n<tr class=\"row-5\">\n\t<td class=\"column-1\">42<\/td><td class=\"column-2\">XXL<\/td><td class=\"column-3\">60,5<\/td><td class=\"column-4\">61<\/td><td class=\"column-5\">61,5<\/td><td class=\"column-6\">62<\/td><td class=\"column-7\">62,5<\/td>\n<\/tr>\n<tr class=\"row-6\">\n\t<td class=\"column-1\">44<\/td><td class=\"column-2\">3XL<\/td><td class=\"column-3\">13,5<\/td><td class=\"column-4\">14<\/td><td class=\"column-5\">14,5<\/td><td class=\"column-6\">15<\/td><td class=\"column-7\">15,5<\/td>\n<\/tr>\n<tr class=\"row-7\">\n\t<td class=\"column-1\">46<\/td><td class=\"column-2\">5,5<\/td><td class=\"column-3\">5,5<\/td><td class=\"column-4\">5,5<\/td><td class=\"column-5\">5,5<\/td><td class=\"column-6\">5,5<\/td><td class=\"column-7\">5,5<\/td>\n<\/tr>\n<tr class=\"row-8\">\n\t<td class=\"column-1\">\u00bd  tour de poitrine<\/td><td class=\"column-2\">57<\/td><td class=\"column-3\">59<\/td><td class=\"column-4\">61<\/td><td class=\"column-5\">63<\/td><td class=\"column-6\">65<\/td><td class=\"column-7\">67<\/td>\n<\/tr>\n<tr class=\"row-9\">\n\t<td class=\"column-1\">\u00bd tour de hanches<\/td><td class=\"column-2\">51,25<\/td><td class=\"column-3\">53,25<\/td><td class=\"column-4\">55,25<\/td><td class=\"column-5\">57,25<\/td><td class=\"column-6\">59,25<\/td><td class=\"column-7\">61,25<\/td>\n<\/tr>\n<tr class=\"row-10\">\n\t<td class=\"column-1\">Longueur \u00e9paule<\/td><td class=\"column-2\">15<\/td><td class=\"column-3\">15,5<\/td><td class=\"column-4\">16<\/td><td class=\"column-5\">16,5<\/td><td class=\"column-6\">17<\/td><td class=\"column-7\">17,5<\/td>\n<\/tr>\n<tr class=\"row-11\">\n\t<td class=\"column-1\">Longueur manche<\/td><td class=\"column-2\">60<\/td><td class=\"column-3\">60,5<\/td><td class=\"column-4\">61<\/td><td class=\"column-5\">61,5<\/td><td class=\"column-6\">62<\/td><td class=\"column-7\">62,5<\/td>\n<\/tr>\n<tr class=\"row-12\">\n\t<td class=\"column-1\">\u00bd tour de poignet<\/td><td class=\"column-2\">13<\/td><td class=\"column-3\">13,5<\/td><td class=\"column-4\">14<\/td><td class=\"column-5\">14,5<\/td><td class=\"column-6\">15<\/td><td class=\"column-7\">15,5<\/td>\n<\/tr>\n<tr class=\"row-13\">\n\t<td class=\"column-1\">Hauteur col derriere au milieu<\/td><td class=\"column-2\">5,5<\/td><td class=\"column-3\">5,5<\/td><td class=\"column-4\">5,5<\/td><td class=\"column-5\">5,5<\/td><td class=\"column-6\">5,5<\/td><td class=\"column-7\">5,5<\/td>\n<\/tr>\n<tr class=\"row-14\">\n\t<td class=\"column-1\">Longueur devant de l\u2018epaule au bas<\/td><td class=\"column-2\">75<\/td><td class=\"column-3\">75,6<\/td><td class=\"column-4\">76,2<\/td><td class=\"column-5\">76,8<\/td><td class=\"column-6\">77,4<\/td><td class=\"column-7\">78<\/td>\n<\/tr>\n<tr class=\"row-15\">\n\t<td class=\"column-1\">Longueur devant au milieu<\/td><td class=\"column-2\">67<\/td><td class=\"column-3\">67,5<\/td><td class=\"column-4\">68<\/td><td class=\"column-5\">68,5<\/td><td class=\"column-6\">69<\/td><td class=\"column-7\">69,5<\/td>\n<\/tr>\n<tr class=\"row-16\">\n\t<td class=\"column-1\">Longueur derriere au milieu<\/td><td class=\"column-2\">72<\/td><td class=\"column-3\">72,5<\/td><td class=\"column-4\">73<\/td><td class=\"column-5\">73,5<\/td><td class=\"column-6\">74<\/td><td class=\"column-7\">74,5<\/td>\n<\/tr>\n<tr class=\"row-17\">\n\t<td class=\"column-1\">Longueur entrejambe<\/td><td class=\"column-2\">76<\/td><td class=\"column-3\">77<\/td><td class=\"column-4\">78<\/td><td class=\"column-5\">79<\/td><td class=\"column-6\">80<\/td><td class=\"column-7\">81<\/td>\n<\/tr>\n<tr class=\"row-18\">\n\t<td class=\"column-1\">Longueur cot\u00e9<\/td><td class=\"column-2\">108<\/td><td class=\"column-3\">109<\/td><td class=\"column-4\">110<\/td><td class=\"column-5\">111<\/td><td class=\"column-6\">112<\/td><td class=\"column-7\">113<\/td>\n<\/tr>\n<tr class=\"row-19\">\n\t<td class=\"column-1\">Circonference de la ceinture (\u00e9lastique)<\/td><td class=\"column-2\">33<\/td><td class=\"column-3\">35<\/td><td class=\"column-4\">37<\/td><td class=\"column-5\">39<\/td><td class=\"column-6\">41<\/td><td class=\"column-7\">43<\/td>\n<\/tr>\n<\/tbody>\n<\/table>\n\n<p>Conseils d&#8217;entretien :<br \/>\nLavage d\u00e9licat \u00e0 30 \u00b0C.<br \/>\nNe pas utiliser de d\u00e9sinfectants ou de produits de nettoyage contenant du chlore !<br \/>\nRenoncer aux adoucissants.<\/p>\n","protected":false},"excerpt":{"rendered":"<p>Vous voulez vous sentir bien dans vos v\u00eatements de nuit ?<\/p>\n<p>Notre pyjama classique, compos\u00e9 d&#8217;un haut \u00e0 manches longues avec une patte de boutonnage et d&#8217;un pantalon \u00e0 coupe droite, est parfait pour les femmes qui aiment le confort.<\/p>\n<p>Notre pyjama Aodren est fabriqu\u00e9 en qualit\u00e9 double-torsion et vous prot\u00e8ge tr\u00e8s efficacement contre les rayonnements \u00e0 haute fr\u00e9quence. Il est en effet fabriqu\u00e9 en coton prot\u00e9g\u00e9 par la norme OEKO-TEX Standard 100.<\/p>\n<p>Ainsi, les propri\u00e9t\u00e9s du coton qui respectent la peau et le blindage contribuent encore plus \u00e0 votre bien-\u00eatre.<\/p>\n<p>Couleur : saumon<br \/>\nComposition : serg\u00e9 \u00e0 fils retors complets<br \/>\n97% coton \/ 3% m\u00e9tal<br \/>\n(fil de cuivre fin argent\u00e9)<br \/>\nTailles : 36, 38, 40, 42, 44. 46<\/p>\n","protected":false},"featured_media":1252,"template":"","meta":{"inline_featured_image":false,"site-sidebar-layout":"default","site-content-layout":"","ast-site-content-layout":"default","site-content-style":"default","site-sidebar-style":"default","ast-global-header-display":"","ast-banner-title-visibility":"","ast-main-header-display":"","ast-hfb-above-header-display":"","ast-hfb-below-header-display":"","ast-hfb-mobile-header-display":"","site-post-title":"","ast-breadcrumbs-content":"","ast-featured-img":"","footer-sml-layout":"","ast-disable-related-posts":"","theme-transparent-header-meta":"default","adv-header-id-meta":"","stick-header-meta":"","header-above-stick-meta":"","header-main-stick-meta":"","header-below-stick-meta":"","astra-migrate-meta-layouts":"default","ast-page-background-enabled":"default","ast-page-background-meta":{"desktop":{"background-color":"var(--ast-global-color-5)","background-image":"","background-repeat":"repeat","background-position":"center center","background-size":"auto","background-attachment":"scroll","background-type":"","background-media":"","overlay-type":"","overlay-color":"","overlay-opacity":"","overlay-gradient":""},"tablet":{"background-color":"","background-image":"","background-repeat":"repeat","background-position":"center center","background-size":"auto","background-attachment":"scroll","background-type":"","background-media":"","overlay-type":"","overlay-color":"","overlay-opacity":"","overlay-gradient":""},"mobile":{"background-color":"","background-image":"","background-repeat":"repeat","background-position":"center center","background-size":"auto","background-attachment":"scroll","background-type":"","background-media":"","overlay-type":"","overlay-color":"","overlay-opacity":"","overlay-gradient":""}},"ast-content-background-meta":{"desktop":{"background-color":"var(--ast-global-color-4)","background-image":"","background-repeat":"repeat","background-position":"center center","background-size":"auto","background-attachment":"scroll","background-type":"","background-media":"","overlay-type":"","overlay-color":"","overlay-opacity":"","overlay-gradient":""},"tablet":{"background-color":"var(--ast-global-color-4)","background-image":"","background-repeat":"repeat","background-position":"center center","background-size":"auto","background-attachment":"scroll","background-type":"","background-media":"","overlay-type":"","overlay-color":"","overlay-opacity":"","overlay-gradient":""},"mobile":{"background-color":"var(--ast-global-color-4)","background-image":"","background-repeat":"repeat","background-position":"center center","background-size":"auto","background-attachment":"scroll","background-type":"","background-media":"","overlay-type":"","overlay-color":"","overlay-opacity":"","overlay-gradient":""}}},"product_brand":[],"product_cat":[325,198,185],"product_tag":[188],"class_list":{"0":"post-7543","1":"product","2":"type-product","3":"status-publish","4":"has-post-thumbnail","6":"product_cat-draps-et-pyjamas","7":"product_cat-femmes","8":"product_cat-vetements-high-tech","9":"product_tag-vetements-de-protection","10":"product_shipping_class-standardversand","11":"pa_groesse-36-3","12":"pa_groesse-38-4","13":"pa_groesse-40-4","14":"pa_groesse-42-4","15":"pa_groesse-44-3","16":"pa_groesse-46-3","17":"desktop-align-left","18":"tablet-align-left","19":"mobile-align-left","21":"first","22":"instock","23":"taxable","24":"shipping-taxable","25":"purchasable","26":"product-type-variable"},"yoast_head":"<!-- This site is optimized with the Yoast SEO plugin v27.3 - https:\/\/yoast.com\/product\/yoast-seo-wordpress\/ -->\n<title>Pyjama de protection pour femmes Aodren - Elektrosmog-Schutz Onlineshop<\/title>\n<meta name=\"description\" content=\"Notre pyjama Aodren est fabriqu\u00e9 en qualit\u00e9 double-torsion et vous prot\u00e8ge tr\u00e8s efficacement contre les rayonnements \u00e0 haute fr\u00e9quence.\" \/>\n<meta name=\"robots\" content=\"index, follow, max-snippet:-1, max-image-preview:large, max-video-preview:-1\" \/>\n<link rel=\"canonical\" href=\"https:\/\/ecologa-europe.com\/shop\/produkt\/pyjama-de-protection-pour-femmes-aodren\/\" \/>\n<meta property=\"og:locale\" content=\"de_DE\" \/>\n<meta property=\"og:type\" content=\"article\" \/>\n<meta property=\"og:title\" content=\"Pyjama de protection pour femmes Aodren - Elektrosmog-Schutz Onlineshop\" \/>\n<meta property=\"og:description\" content=\"Notre pyjama Aodren est fabriqu\u00e9 en qualit\u00e9 double-torsion et vous prot\u00e8ge tr\u00e8s efficacement contre les rayonnements \u00e0 haute fr\u00e9quence.\" \/>\n<meta property=\"og:url\" content=\"https:\/\/ecologa-europe.com\/shop\/produkt\/pyjama-de-protection-pour-femmes-aodren\/?lang=fr\" \/>\n<meta property=\"og:site_name\" content=\"Elektrosmog-Schutz Onlineshop\" \/>\n<meta property=\"article:publisher\" content=\"https:\/\/www.facebook.com\/Ecologa-Europe-GmbH-1604744566252298\/\" \/>\n<meta property=\"article:modified_time\" content=\"2025-12-20T00:56:52+00:00\" \/>\n<meta property=\"og:image\" content=\"https:\/\/ecologa-europe.com\/shop\/wp-content\/uploads\/2025\/04\/pyjama_rosa_2.jpg\" \/>\n\t<meta property=\"og:image:width\" content=\"1772\" \/>\n\t<meta property=\"og:image:height\" content=\"1280\" \/>\n\t<meta property=\"og:image:type\" content=\"image\/jpeg\" \/>\n<meta name=\"twitter:card\" content=\"summary_large_image\" \/>\n<meta name=\"twitter:label1\" content=\"Gesch\u00e4tzte Lesezeit\" \/>\n\t<meta name=\"twitter:data1\" content=\"2\u00a0Minuten\" \/>\n<script type=\"application\/ld+json\" class=\"yoast-schema-graph\">{\"@context\":\"https:\\\/\\\/schema.org\",\"@graph\":[{\"@type\":\"WebPage\",\"@id\":\"https:\\\/\\\/ecologa-europe.com\\\/shop\\\/produkt\\\/pyjama-de-protection-pour-femmes-aodren\\\/?lang=fr\",\"url\":\"https:\\\/\\\/ecologa-europe.com\\\/shop\\\/produkt\\\/pyjama-de-protection-pour-femmes-aodren\\\/?lang=fr\",\"name\":\"Pyjama de protection pour femmes Aodren - Elektrosmog-Schutz Onlineshop\",\"isPartOf\":{\"@id\":\"https:\\\/\\\/ecologa-europe.com\\\/shop\\\/#website\"},\"primaryImageOfPage\":{\"@id\":\"https:\\\/\\\/ecologa-europe.com\\\/shop\\\/produkt\\\/pyjama-de-protection-pour-femmes-aodren\\\/?lang=fr#primaryimage\"},\"image\":{\"@id\":\"https:\\\/\\\/ecologa-europe.com\\\/shop\\\/produkt\\\/pyjama-de-protection-pour-femmes-aodren\\\/?lang=fr#primaryimage\"},\"thumbnailUrl\":\"https:\\\/\\\/ecologa-europe.com\\\/shop\\\/wp-content\\\/uploads\\\/2025\\\/04\\\/pyjama_rosa_2.jpg\",\"datePublished\":\"2025-05-16T10:09:56+00:00\",\"dateModified\":\"2025-12-20T00:56:52+00:00\",\"description\":\"Notre pyjama Aodren est fabriqu\u00e9 en qualit\u00e9 double-torsion et vous prot\u00e8ge tr\u00e8s efficacement contre les rayonnements \u00e0 haute fr\u00e9quence.\",\"breadcrumb\":{\"@id\":\"https:\\\/\\\/ecologa-europe.com\\\/shop\\\/produkt\\\/pyjama-de-protection-pour-femmes-aodren\\\/?lang=fr#breadcrumb\"},\"inLanguage\":\"de\",\"potentialAction\":[{\"@type\":\"ReadAction\",\"target\":[\"https:\\\/\\\/ecologa-europe.com\\\/shop\\\/produkt\\\/pyjama-de-protection-pour-femmes-aodren\\\/?lang=fr\"]}]},{\"@type\":\"ImageObject\",\"inLanguage\":\"de\",\"@id\":\"https:\\\/\\\/ecologa-europe.com\\\/shop\\\/produkt\\\/pyjama-de-protection-pour-femmes-aodren\\\/?lang=fr#primaryimage\",\"url\":\"https:\\\/\\\/ecologa-europe.com\\\/shop\\\/wp-content\\\/uploads\\\/2025\\\/04\\\/pyjama_rosa_2.jpg\",\"contentUrl\":\"https:\\\/\\\/ecologa-europe.com\\\/shop\\\/wp-content\\\/uploads\\\/2025\\\/04\\\/pyjama_rosa_2.jpg\",\"width\":1772,\"height\":1280},{\"@type\":\"BreadcrumbList\",\"@id\":\"https:\\\/\\\/ecologa-europe.com\\\/shop\\\/produkt\\\/pyjama-de-protection-pour-femmes-aodren\\\/?lang=fr#breadcrumb\",\"itemListElement\":[{\"@type\":\"ListItem\",\"position\":1,\"name\":\"Startseite\",\"item\":\"https:\\\/\\\/ecologa-europe.com\\\/shop\\\/\"},{\"@type\":\"ListItem\",\"position\":2,\"name\":\"Shop\",\"item\":\"https:\\\/\\\/ecologa-europe.com\\\/shop\\\/shop\\\/\"},{\"@type\":\"ListItem\",\"position\":3,\"name\":\"Pyjama de protection pour femmes Aodren\"}]},{\"@type\":\"WebSite\",\"@id\":\"https:\\\/\\\/ecologa-europe.com\\\/shop\\\/#website\",\"url\":\"https:\\\/\\\/ecologa-europe.com\\\/shop\\\/\",\"name\":\"Elektrosmog-Schutz Onlineshop\",\"description\":\"Ecologa Europe\",\"publisher\":{\"@id\":\"https:\\\/\\\/ecologa-europe.com\\\/shop\\\/#organization\"},\"potentialAction\":[{\"@type\":\"SearchAction\",\"target\":{\"@type\":\"EntryPoint\",\"urlTemplate\":\"https:\\\/\\\/ecologa-europe.com\\\/shop\\\/?s={search_term_string}\"},\"query-input\":{\"@type\":\"PropertyValueSpecification\",\"valueRequired\":true,\"valueName\":\"search_term_string\"}}],\"inLanguage\":\"de\"},{\"@type\":\"Organization\",\"@id\":\"https:\\\/\\\/ecologa-europe.com\\\/shop\\\/#organization\",\"name\":\"Elektrosmog-Schutz Onlineshop\",\"url\":\"https:\\\/\\\/ecologa-europe.com\\\/shop\\\/\",\"logo\":{\"@type\":\"ImageObject\",\"inLanguage\":\"de\",\"@id\":\"https:\\\/\\\/ecologa-europe.com\\\/shop\\\/#\\\/schema\\\/logo\\\/image\\\/\",\"url\":\"https:\\\/\\\/ecologa-europe.com\\\/shop\\\/wp-content\\\/uploads\\\/2025\\\/04\\\/vertical-navbar-logo.svg\",\"contentUrl\":\"https:\\\/\\\/ecologa-europe.com\\\/shop\\\/wp-content\\\/uploads\\\/2025\\\/04\\\/vertical-navbar-logo.svg\",\"width\":182,\"height\":70,\"caption\":\"Elektrosmog-Schutz Onlineshop\"},\"image\":{\"@id\":\"https:\\\/\\\/ecologa-europe.com\\\/shop\\\/#\\\/schema\\\/logo\\\/image\\\/\"},\"sameAs\":[\"https:\\\/\\\/www.facebook.com\\\/Ecologa-Europe-GmbH-1604744566252298\\\/\",\"https:\\\/\\\/www.instagram.com\\\/ecologaeurope\\\/\"]}]}<\/script>\n<!-- \/ Yoast SEO plugin. -->","yoast_head_json":{"title":"Pyjama de protection pour femmes Aodren - Elektrosmog-Schutz Onlineshop","description":"Notre pyjama Aodren est fabriqu\u00e9 en qualit\u00e9 double-torsion et vous prot\u00e8ge tr\u00e8s efficacement contre les rayonnements \u00e0 haute fr\u00e9quence.","robots":{"index":"index","follow":"follow","max-snippet":"max-snippet:-1","max-image-preview":"max-image-preview:large","max-video-preview":"max-video-preview:-1"},"canonical":"https:\/\/ecologa-europe.com\/shop\/produkt\/pyjama-de-protection-pour-femmes-aodren\/","og_locale":"de_DE","og_type":"article","og_title":"Pyjama de protection pour femmes Aodren - Elektrosmog-Schutz Onlineshop","og_description":"Notre pyjama Aodren est fabriqu\u00e9 en qualit\u00e9 double-torsion et vous prot\u00e8ge tr\u00e8s efficacement contre les rayonnements \u00e0 haute fr\u00e9quence.","og_url":"https:\/\/ecologa-europe.com\/shop\/produkt\/pyjama-de-protection-pour-femmes-aodren\/?lang=fr","og_site_name":"Elektrosmog-Schutz Onlineshop","article_publisher":"https:\/\/www.facebook.com\/Ecologa-Europe-GmbH-1604744566252298\/","article_modified_time":"2025-12-20T00:56:52+00:00","og_image":[{"width":1772,"height":1280,"url":"https:\/\/ecologa-europe.com\/shop\/wp-content\/uploads\/2025\/04\/pyjama_rosa_2.jpg","type":"image\/jpeg"}],"twitter_card":"summary_large_image","twitter_misc":{"Gesch\u00e4tzte Lesezeit":"2\u00a0Minuten"},"schema":{"@context":"https:\/\/schema.org","@graph":[{"@type":"WebPage","@id":"https:\/\/ecologa-europe.com\/shop\/produkt\/pyjama-de-protection-pour-femmes-aodren\/?lang=fr","url":"https:\/\/ecologa-europe.com\/shop\/produkt\/pyjama-de-protection-pour-femmes-aodren\/?lang=fr","name":"Pyjama de protection pour femmes Aodren - Elektrosmog-Schutz Onlineshop","isPartOf":{"@id":"https:\/\/ecologa-europe.com\/shop\/#website"},"primaryImageOfPage":{"@id":"https:\/\/ecologa-europe.com\/shop\/produkt\/pyjama-de-protection-pour-femmes-aodren\/?lang=fr#primaryimage"},"image":{"@id":"https:\/\/ecologa-europe.com\/shop\/produkt\/pyjama-de-protection-pour-femmes-aodren\/?lang=fr#primaryimage"},"thumbnailUrl":"https:\/\/ecologa-europe.com\/shop\/wp-content\/uploads\/2025\/04\/pyjama_rosa_2.jpg","datePublished":"2025-05-16T10:09:56+00:00","dateModified":"2025-12-20T00:56:52+00:00","description":"Notre pyjama Aodren est fabriqu\u00e9 en qualit\u00e9 double-torsion et vous prot\u00e8ge tr\u00e8s efficacement contre les rayonnements \u00e0 haute fr\u00e9quence.","breadcrumb":{"@id":"https:\/\/ecologa-europe.com\/shop\/produkt\/pyjama-de-protection-pour-femmes-aodren\/?lang=fr#breadcrumb"},"inLanguage":"de","potentialAction":[{"@type":"ReadAction","target":["https:\/\/ecologa-europe.com\/shop\/produkt\/pyjama-de-protection-pour-femmes-aodren\/?lang=fr"]}]},{"@type":"ImageObject","inLanguage":"de","@id":"https:\/\/ecologa-europe.com\/shop\/produkt\/pyjama-de-protection-pour-femmes-aodren\/?lang=fr#primaryimage","url":"https:\/\/ecologa-europe.com\/shop\/wp-content\/uploads\/2025\/04\/pyjama_rosa_2.jpg","contentUrl":"https:\/\/ecologa-europe.com\/shop\/wp-content\/uploads\/2025\/04\/pyjama_rosa_2.jpg","width":1772,"height":1280},{"@type":"BreadcrumbList","@id":"https:\/\/ecologa-europe.com\/shop\/produkt\/pyjama-de-protection-pour-femmes-aodren\/?lang=fr#breadcrumb","itemListElement":[{"@type":"ListItem","position":1,"name":"Startseite","item":"https:\/\/ecologa-europe.com\/shop\/"},{"@type":"ListItem","position":2,"name":"Shop","item":"https:\/\/ecologa-europe.com\/shop\/shop\/"},{"@type":"ListItem","position":3,"name":"Pyjama de protection pour femmes Aodren"}]},{"@type":"WebSite","@id":"https:\/\/ecologa-europe.com\/shop\/#website","url":"https:\/\/ecologa-europe.com\/shop\/","name":"Elektrosmog-Schutz Onlineshop","description":"Ecologa Europe","publisher":{"@id":"https:\/\/ecologa-europe.com\/shop\/#organization"},"potentialAction":[{"@type":"SearchAction","target":{"@type":"EntryPoint","urlTemplate":"https:\/\/ecologa-europe.com\/shop\/?s={search_term_string}"},"query-input":{"@type":"PropertyValueSpecification","valueRequired":true,"valueName":"search_term_string"}}],"inLanguage":"de"},{"@type":"Organization","@id":"https:\/\/ecologa-europe.com\/shop\/#organization","name":"Elektrosmog-Schutz Onlineshop","url":"https:\/\/ecologa-europe.com\/shop\/","logo":{"@type":"ImageObject","inLanguage":"de","@id":"https:\/\/ecologa-europe.com\/shop\/#\/schema\/logo\/image\/","url":"https:\/\/ecologa-europe.com\/shop\/wp-content\/uploads\/2025\/04\/vertical-navbar-logo.svg","contentUrl":"https:\/\/ecologa-europe.com\/shop\/wp-content\/uploads\/2025\/04\/vertical-navbar-logo.svg","width":182,"height":70,"caption":"Elektrosmog-Schutz Onlineshop"},"image":{"@id":"https:\/\/ecologa-europe.com\/shop\/#\/schema\/logo\/image\/"},"sameAs":["https:\/\/www.facebook.com\/Ecologa-Europe-GmbH-1604744566252298\/","https:\/\/www.instagram.com\/ecologaeurope\/"]}]}},"_links":{"self":[{"href":"https:\/\/ecologa-europe.com\/shop\/wp-json\/wp\/v2\/product\/7543","targetHints":{"allow":["GET"]}}],"collection":[{"href":"https:\/\/ecologa-europe.com\/shop\/wp-json\/wp\/v2\/product"}],"about":[{"href":"https:\/\/ecologa-europe.com\/shop\/wp-json\/wp\/v2\/types\/product"}],"wp:featuredmedia":[{"embeddable":true,"href":"https:\/\/ecologa-europe.com\/shop\/wp-json\/wp\/v2\/media\/1252"}],"wp:attachment":[{"href":"https:\/\/ecologa-europe.com\/shop\/wp-json\/wp\/v2\/media?parent=7543"}],"wp:term":[{"taxonomy":"product_brand","embeddable":true,"href":"https:\/\/ecologa-europe.com\/shop\/wp-json\/wp\/v2\/product_brand?post=7543"},{"taxonomy":"product_cat","embeddable":true,"href":"https:\/\/ecologa-europe.com\/shop\/wp-json\/wp\/v2\/product_cat?post=7543"},{"taxonomy":"product_tag","embeddable":true,"href":"https:\/\/ecologa-europe.com\/shop\/wp-json\/wp\/v2\/product_tag?post=7543"}],"curies":[{"name":"wp","href":"https:\/\/api.w.org\/{rel}","templated":true}]}}