{"id":7573,"date":"2025-05-16T10:08:04","date_gmt":"2025-05-16T10:08:04","guid":{"rendered":"https:\/\/639.pm-domains.de\/?post_type=product&#038;p=7573"},"modified":"2026-03-05T16:37:12","modified_gmt":"2026-03-05T16:37:12","slug":"camicetta-schermante-da-donna","status":"publish","type":"product","link":"https:\/\/ecologa-europe.com\/shop\/produkt\/camicetta-schermante-da-donna\/?lang=it","title":{"rendered":"Camicetta schermante da donna"},"content":{"rendered":"<p>La camicetta \u00e8 uno dei capi indispensabili in ogni guardaroba. Questo classico pu\u00f2 essere abbinato in molti modi: sopra un top, sotto un maglione o con i jeans, i modi di abbinare una camicetta sono infiniti ed estremamente chic.<br \/>\nLa scelta \u00e8 quasi inesauribile. Ma \u00e8 difficile trovare una combinazione di taglio alla moda e qualit\u00e0 eccellente.<\/p>\n<p>Il nostro modello a maniche lunghe \u00e8 funzionale e comodo da indossare. Il taglio sportivo ed elegante \u00e8 leggermente aderente. La camicetta con collo a camicia \u00e8 semplice e facile da indossare. Aperta o abbottonata, si adatta a qualsiasi stile. La lavorazione di altissima qualit\u00e0 garantisce una lunga durata.<br \/>\nLa presentiamo nei classici colori bianco e azzurro.<\/p>\n<p>La camicetta \u00e8 realizzata in cotone OEKO Standard 100 e protegge dalle alte frequenze.<br \/>\nI fili di rame pi\u00f9 fini sono rivestiti d&#8217;argento per una compatibilit\u00e0 ottimale. Per escludere la conduttivit\u00e0 elettrica e prevenire l&#8217;ossidazione, il filo di metallo viene poi rivestito di poliestere. A questo punto il tutto viene ricoperto di cotone e il filo risultante viene ritorto con un secondo filo di puro cotone.<br \/>\nL&#8217;effetto schermante della griglia metallica ultrafine nel tessuto impedisce la penetrazione delle radiazioni elettromagnetiche.<br \/>\nEfficacia di schermatura: max. ~45 dB (&gt;99,99 %)<\/p>\n<p>[tabella id=29 \/]<\/p>\n<p>Dati tecnici:<br \/>\nComposizione: popeline a torsione completa<br \/>\n97 % Coton, 3 % Metallo (filo di rame fine argentato)<\/p>\n\n<table id=\"tablepress-94\" class=\"tablepress tablepress-id-94\">\n<thead>\n<tr class=\"row-1\">\n\t<th class=\"column-1\">Taglia<\/th><th class=\"column-2\">S<\/th><th class=\"column-3\">M<br \/>\n38<\/th><th class=\"column-4\">L<br \/>\n40<\/th><th class=\"column-5\">XL<br \/>\n42<\/th><th class=\"column-6\">XXL<br \/>\n44<\/th><th class=\"column-7\">3XL<br \/>\n46<\/th>\n<\/tr>\n<\/thead>\n<tbody class=\"row-striping row-hover\">\n<tr class=\"row-2\">\n\t<td class=\"column-1\">Scollatura<\/td><td class=\"column-2\">36<\/td><td class=\"column-3\">37<\/td><td class=\"column-4\">38<\/td><td class=\"column-5\">39<\/td><td class=\"column-6\">40<\/td><td class=\"column-7\">41<\/td>\n<\/tr>\n<tr class=\"row-3\">\n\t<td class=\"column-1\">Circonferenza del torace<\/td><td class=\"column-2\">94<\/td><td class=\"column-3\">98<\/td><td class=\"column-4\">102<\/td><td class=\"column-5\">106<\/td><td class=\"column-6\">110<\/td><td class=\"column-7\">114<\/td>\n<\/tr>\n<tr class=\"row-4\">\n\t<td class=\"column-1\">Circonferenza vita<\/td><td class=\"column-2\">84<\/td><td class=\"column-3\">88<\/td><td class=\"column-4\">92<\/td><td class=\"column-5\">96<\/td><td class=\"column-6\">100<\/td><td class=\"column-7\">104<\/td>\n<\/tr>\n<tr class=\"row-5\">\n\t<td class=\"column-1\">Circonferenza dell'anca<\/td><td class=\"column-2\">96<\/td><td class=\"column-3\">100<\/td><td class=\"column-4\">104<\/td><td class=\"column-5\">108<\/td><td class=\"column-6\">112<\/td><td class=\"column-7\">116<\/td>\n<\/tr>\n<tr class=\"row-6\">\n\t<td class=\"column-1\">Altezza del dorso<\/td><td class=\"column-2\">66<\/td><td class=\"column-3\">66<\/td><td class=\"column-4\">66<\/td><td class=\"column-5\">67<\/td><td class=\"column-6\">67<\/td><td class=\"column-7\">68<\/td>\n<\/tr>\n<tr class=\"row-7\">\n\t<td class=\"column-1\">Lunghezza manicotto<\/td><td class=\"column-2\">60<\/td><td class=\"column-3\">61<\/td><td class=\"column-4\">61<\/td><td class=\"column-5\">62<\/td><td class=\"column-6\">62<\/td><td class=\"column-7\">62<\/td>\n<\/tr>\n<tr class=\"row-8\">\n\t<td class=\"column-1\">Circonferenza del polso<\/td><td class=\"column-2\">23<\/td><td class=\"column-3\">23<\/td><td class=\"column-4\">24<\/td><td class=\"column-5\">24<\/td><td class=\"column-6\">25<\/td><td class=\"column-7\">25<\/td>\n<\/tr>\n<tr class=\"row-9\">\n\t<td class=\"column-1\">Altezza del bracciale<\/td><td class=\"column-2\">6<\/td><td class=\"column-3\">6<\/td><td class=\"column-4\">6<\/td><td class=\"column-5\">6<\/td><td class=\"column-6\">6<\/td><td class=\"column-7\">6<\/td>\n<\/tr>\n<tr class=\"row-10\">\n\t<td class=\"column-1\">Larghezza del bracciale<\/td><td class=\"column-2\">24,5<\/td><td class=\"column-3\">24,5<\/td><td class=\"column-4\">24,5<\/td><td class=\"column-5\">24,5<\/td><td class=\"column-6\">25<\/td><td class=\"column-7\">25<\/td>\n<\/tr>\n<\/tbody>\n<\/table>\n\n<p>Istruzioni per la cura:<br \/>\nLavaggio delicato a 30 \u00b0C.<br \/>\nNon utilizzare disinfettanti o detergenti contenenti cloro!<br \/>\nNon utilizzare ammorbidenti.<\/p>\n","protected":false},"excerpt":{"rendered":"<p>Camicetta da donna con schermatura ad alta frequenza, dal taglio sportivo ed elegante, leggermente a vita. La lavorazione di altissima qualit\u00e0 garantisce la durata nel tempo. Camicetta a maniche lunghe funzionale e allo stesso tempo comoda da indossare.<\/p>\n<p>Per schermare le onde elettromagnetiche ad alta frequenza dalla parte superiore del corpo.<\/p>\n<p>Tessuto popeline a torsione completa &#8211; 97% cotone \/ 3% metallo<br \/>\nLavorazione di altissima qualit\u00e0<br \/>\nBuona lavabilit\u00e0<br \/>\nElevato comfort di vestibilit\u00e0<\/p>\n","protected":false},"featured_media":827,"template":"","meta":{"inline_featured_image":false,"site-sidebar-layout":"default","site-content-layout":"","ast-site-content-layout":"default","site-content-style":"default","site-sidebar-style":"default","ast-global-header-display":"","ast-banner-title-visibility":"","ast-main-header-display":"","ast-hfb-above-header-display":"","ast-hfb-below-header-display":"","ast-hfb-mobile-header-display":"","site-post-title":"","ast-breadcrumbs-content":"","ast-featured-img":"","footer-sml-layout":"","ast-disable-related-posts":"","theme-transparent-header-meta":"default","adv-header-id-meta":"","stick-header-meta":"","header-above-stick-meta":"","header-main-stick-meta":"","header-below-stick-meta":"","astra-migrate-meta-layouts":"default","ast-page-background-enabled":"default","ast-page-background-meta":{"desktop":{"background-color":"var(--ast-global-color-5)","background-image":"","background-repeat":"repeat","background-position":"center center","background-size":"auto","background-attachment":"scroll","background-type":"","background-media":"","overlay-type":"","overlay-color":"","overlay-opacity":"","overlay-gradient":""},"tablet":{"background-color":"","background-image":"","background-repeat":"repeat","background-position":"center center","background-size":"auto","background-attachment":"scroll","background-type":"","background-media":"","overlay-type":"","overlay-color":"","overlay-opacity":"","overlay-gradient":""},"mobile":{"background-color":"","background-image":"","background-repeat":"repeat","background-position":"center center","background-size":"auto","background-attachment":"scroll","background-type":"","background-media":"","overlay-type":"","overlay-color":"","overlay-opacity":"","overlay-gradient":""}},"ast-content-background-meta":{"desktop":{"background-color":"var(--ast-global-color-4)","background-image":"","background-repeat":"repeat","background-position":"center center","background-size":"auto","background-attachment":"scroll","background-type":"","background-media":"","overlay-type":"","overlay-color":"","overlay-opacity":"","overlay-gradient":""},"tablet":{"background-color":"var(--ast-global-color-4)","background-image":"","background-repeat":"repeat","background-position":"center center","background-size":"auto","background-attachment":"scroll","background-type":"","background-media":"","overlay-type":"","overlay-color":"","overlay-opacity":"","overlay-gradient":""},"mobile":{"background-color":"var(--ast-global-color-4)","background-image":"","background-repeat":"repeat","background-position":"center center","background-size":"auto","background-attachment":"scroll","background-type":"","background-media":"","overlay-type":"","overlay-color":"","overlay-opacity":"","overlay-gradient":""}}},"product_brand":[],"product_cat":[190,202],"product_tag":[192,194],"class_list":{"0":"post-7573","1":"product","2":"type-product","3":"status-publish","4":"has-post-thumbnail","6":"product_cat-abbigliamento-high-tech","7":"product_cat-donne","8":"product_tag-abbigliamenti-schermanti","9":"product_tag-protezione-dal-5g","10":"product_shipping_class-standardversand","11":"pa_farbe-bianco","12":"pa_farbe-grigio-azzurro","13":"pa_groesse-36-4","14":"pa_groesse-38-3","15":"pa_groesse-40-3","16":"pa_groesse-42-3","17":"pa_groesse-44-4","18":"pa_groesse-46-4","19":"pa_groesse-48-3","20":"pa_groesse-50-4","21":"desktop-align-left","22":"tablet-align-left","23":"mobile-align-left","25":"first","26":"instock","27":"taxable","28":"shipping-taxable","29":"purchasable","30":"product-type-variable"},"yoast_head":"<!-- This site is optimized with the Yoast SEO plugin v27.3 - https:\/\/yoast.com\/product\/yoast-seo-wordpress\/ -->\n<title>Camicetta schermante da donna - Elektrosmog-Schutz Onlineshop<\/title>\n<meta name=\"description\" content=\"Camicetta da donna a maniche lunghe con schermatura ad alta frequenza, dal taglio sportivo, elegante e leggermente aderente. Funzionale e allo stesso tempo comoda da indossare.\" \/>\n<meta name=\"robots\" content=\"index, follow, max-snippet:-1, max-image-preview:large, max-video-preview:-1\" \/>\n<link rel=\"canonical\" href=\"https:\/\/ecologa-europe.com\/shop\/produkt\/camicetta-schermante-da-donna\/\" \/>\n<meta property=\"og:locale\" content=\"de_DE\" \/>\n<meta property=\"og:type\" content=\"article\" \/>\n<meta property=\"og:title\" content=\"Camicetta schermante da donna - Elektrosmog-Schutz Onlineshop\" \/>\n<meta property=\"og:description\" content=\"Camicetta da donna a maniche lunghe con schermatura ad alta frequenza, dal taglio sportivo, elegante e leggermente aderente. Funzionale e allo stesso tempo comoda da indossare.\" \/>\n<meta property=\"og:url\" content=\"https:\/\/ecologa-europe.com\/shop\/produkt\/camicetta-schermante-da-donna\/?lang=it\" \/>\n<meta property=\"og:site_name\" content=\"Elektrosmog-Schutz Onlineshop\" \/>\n<meta property=\"article:publisher\" content=\"https:\/\/www.facebook.com\/Ecologa-Europe-GmbH-1604744566252298\/\" \/>\n<meta property=\"article:modified_time\" content=\"2026-03-05T16:37:12+00:00\" \/>\n<meta property=\"og:image\" content=\"https:\/\/ecologa-europe.com\/shop\/wp-content\/uploads\/2025\/04\/Bluse_blau_4.jpg\" \/>\n\t<meta property=\"og:image:width\" content=\"1772\" \/>\n\t<meta property=\"og:image:height\" content=\"1280\" \/>\n\t<meta property=\"og:image:type\" content=\"image\/jpeg\" \/>\n<meta name=\"twitter:card\" content=\"summary_large_image\" \/>\n<meta name=\"twitter:label1\" content=\"Gesch\u00e4tzte Lesezeit\" \/>\n\t<meta name=\"twitter:data1\" content=\"2\u00a0Minuten\" \/>\n<script type=\"application\/ld+json\" class=\"yoast-schema-graph\">{\"@context\":\"https:\\\/\\\/schema.org\",\"@graph\":[{\"@type\":\"WebPage\",\"@id\":\"https:\\\/\\\/ecologa-europe.com\\\/shop\\\/produkt\\\/camicetta-schermante-da-donna\\\/?lang=it\",\"url\":\"https:\\\/\\\/ecologa-europe.com\\\/shop\\\/produkt\\\/camicetta-schermante-da-donna\\\/?lang=it\",\"name\":\"Camicetta schermante da donna - Elektrosmog-Schutz Onlineshop\",\"isPartOf\":{\"@id\":\"https:\\\/\\\/ecologa-europe.com\\\/shop\\\/#website\"},\"primaryImageOfPage\":{\"@id\":\"https:\\\/\\\/ecologa-europe.com\\\/shop\\\/produkt\\\/camicetta-schermante-da-donna\\\/?lang=it#primaryimage\"},\"image\":{\"@id\":\"https:\\\/\\\/ecologa-europe.com\\\/shop\\\/produkt\\\/camicetta-schermante-da-donna\\\/?lang=it#primaryimage\"},\"thumbnailUrl\":\"https:\\\/\\\/ecologa-europe.com\\\/shop\\\/wp-content\\\/uploads\\\/2025\\\/04\\\/Bluse_blau_4.jpg\",\"datePublished\":\"2025-05-16T10:08:04+00:00\",\"dateModified\":\"2026-03-05T16:37:12+00:00\",\"description\":\"Camicetta da donna a maniche lunghe con schermatura ad alta frequenza, dal taglio sportivo, elegante e leggermente aderente. Funzionale e allo stesso tempo comoda da indossare.\",\"breadcrumb\":{\"@id\":\"https:\\\/\\\/ecologa-europe.com\\\/shop\\\/produkt\\\/camicetta-schermante-da-donna\\\/?lang=it#breadcrumb\"},\"inLanguage\":\"de\",\"potentialAction\":[{\"@type\":\"ReadAction\",\"target\":[\"https:\\\/\\\/ecologa-europe.com\\\/shop\\\/produkt\\\/camicetta-schermante-da-donna\\\/?lang=it\"]}]},{\"@type\":\"ImageObject\",\"inLanguage\":\"de\",\"@id\":\"https:\\\/\\\/ecologa-europe.com\\\/shop\\\/produkt\\\/camicetta-schermante-da-donna\\\/?lang=it#primaryimage\",\"url\":\"https:\\\/\\\/ecologa-europe.com\\\/shop\\\/wp-content\\\/uploads\\\/2025\\\/04\\\/Bluse_blau_4.jpg\",\"contentUrl\":\"https:\\\/\\\/ecologa-europe.com\\\/shop\\\/wp-content\\\/uploads\\\/2025\\\/04\\\/Bluse_blau_4.jpg\",\"width\":1772,\"height\":1280},{\"@type\":\"BreadcrumbList\",\"@id\":\"https:\\\/\\\/ecologa-europe.com\\\/shop\\\/produkt\\\/camicetta-schermante-da-donna\\\/?lang=it#breadcrumb\",\"itemListElement\":[{\"@type\":\"ListItem\",\"position\":1,\"name\":\"Startseite\",\"item\":\"https:\\\/\\\/ecologa-europe.com\\\/shop\\\/\"},{\"@type\":\"ListItem\",\"position\":2,\"name\":\"Shop\",\"item\":\"https:\\\/\\\/ecologa-europe.com\\\/shop\\\/shop\\\/\"},{\"@type\":\"ListItem\",\"position\":3,\"name\":\"Camicetta schermante da donna\"}]},{\"@type\":\"WebSite\",\"@id\":\"https:\\\/\\\/ecologa-europe.com\\\/shop\\\/#website\",\"url\":\"https:\\\/\\\/ecologa-europe.com\\\/shop\\\/\",\"name\":\"Elektrosmog-Schutz Onlineshop\",\"description\":\"Ecologa Europe\",\"publisher\":{\"@id\":\"https:\\\/\\\/ecologa-europe.com\\\/shop\\\/#organization\"},\"potentialAction\":[{\"@type\":\"SearchAction\",\"target\":{\"@type\":\"EntryPoint\",\"urlTemplate\":\"https:\\\/\\\/ecologa-europe.com\\\/shop\\\/?s={search_term_string}\"},\"query-input\":{\"@type\":\"PropertyValueSpecification\",\"valueRequired\":true,\"valueName\":\"search_term_string\"}}],\"inLanguage\":\"de\"},{\"@type\":\"Organization\",\"@id\":\"https:\\\/\\\/ecologa-europe.com\\\/shop\\\/#organization\",\"name\":\"Elektrosmog-Schutz Onlineshop\",\"url\":\"https:\\\/\\\/ecologa-europe.com\\\/shop\\\/\",\"logo\":{\"@type\":\"ImageObject\",\"inLanguage\":\"de\",\"@id\":\"https:\\\/\\\/ecologa-europe.com\\\/shop\\\/#\\\/schema\\\/logo\\\/image\\\/\",\"url\":\"https:\\\/\\\/ecologa-europe.com\\\/shop\\\/wp-content\\\/uploads\\\/2025\\\/04\\\/vertical-navbar-logo.svg\",\"contentUrl\":\"https:\\\/\\\/ecologa-europe.com\\\/shop\\\/wp-content\\\/uploads\\\/2025\\\/04\\\/vertical-navbar-logo.svg\",\"width\":182,\"height\":70,\"caption\":\"Elektrosmog-Schutz Onlineshop\"},\"image\":{\"@id\":\"https:\\\/\\\/ecologa-europe.com\\\/shop\\\/#\\\/schema\\\/logo\\\/image\\\/\"},\"sameAs\":[\"https:\\\/\\\/www.facebook.com\\\/Ecologa-Europe-GmbH-1604744566252298\\\/\",\"https:\\\/\\\/www.instagram.com\\\/ecologaeurope\\\/\"]}]}<\/script>\n<!-- \/ Yoast SEO plugin. -->","yoast_head_json":{"title":"Camicetta schermante da donna - Elektrosmog-Schutz Onlineshop","description":"Camicetta da donna a maniche lunghe con schermatura ad alta frequenza, dal taglio sportivo, elegante e leggermente aderente. Funzionale e allo stesso tempo comoda da indossare.","robots":{"index":"index","follow":"follow","max-snippet":"max-snippet:-1","max-image-preview":"max-image-preview:large","max-video-preview":"max-video-preview:-1"},"canonical":"https:\/\/ecologa-europe.com\/shop\/produkt\/camicetta-schermante-da-donna\/","og_locale":"de_DE","og_type":"article","og_title":"Camicetta schermante da donna - Elektrosmog-Schutz Onlineshop","og_description":"Camicetta da donna a maniche lunghe con schermatura ad alta frequenza, dal taglio sportivo, elegante e leggermente aderente. Funzionale e allo stesso tempo comoda da indossare.","og_url":"https:\/\/ecologa-europe.com\/shop\/produkt\/camicetta-schermante-da-donna\/?lang=it","og_site_name":"Elektrosmog-Schutz Onlineshop","article_publisher":"https:\/\/www.facebook.com\/Ecologa-Europe-GmbH-1604744566252298\/","article_modified_time":"2026-03-05T16:37:12+00:00","og_image":[{"width":1772,"height":1280,"url":"https:\/\/ecologa-europe.com\/shop\/wp-content\/uploads\/2025\/04\/Bluse_blau_4.jpg","type":"image\/jpeg"}],"twitter_card":"summary_large_image","twitter_misc":{"Gesch\u00e4tzte Lesezeit":"2\u00a0Minuten"},"schema":{"@context":"https:\/\/schema.org","@graph":[{"@type":"WebPage","@id":"https:\/\/ecologa-europe.com\/shop\/produkt\/camicetta-schermante-da-donna\/?lang=it","url":"https:\/\/ecologa-europe.com\/shop\/produkt\/camicetta-schermante-da-donna\/?lang=it","name":"Camicetta schermante da donna - Elektrosmog-Schutz Onlineshop","isPartOf":{"@id":"https:\/\/ecologa-europe.com\/shop\/#website"},"primaryImageOfPage":{"@id":"https:\/\/ecologa-europe.com\/shop\/produkt\/camicetta-schermante-da-donna\/?lang=it#primaryimage"},"image":{"@id":"https:\/\/ecologa-europe.com\/shop\/produkt\/camicetta-schermante-da-donna\/?lang=it#primaryimage"},"thumbnailUrl":"https:\/\/ecologa-europe.com\/shop\/wp-content\/uploads\/2025\/04\/Bluse_blau_4.jpg","datePublished":"2025-05-16T10:08:04+00:00","dateModified":"2026-03-05T16:37:12+00:00","description":"Camicetta da donna a maniche lunghe con schermatura ad alta frequenza, dal taglio sportivo, elegante e leggermente aderente. Funzionale e allo stesso tempo comoda da indossare.","breadcrumb":{"@id":"https:\/\/ecologa-europe.com\/shop\/produkt\/camicetta-schermante-da-donna\/?lang=it#breadcrumb"},"inLanguage":"de","potentialAction":[{"@type":"ReadAction","target":["https:\/\/ecologa-europe.com\/shop\/produkt\/camicetta-schermante-da-donna\/?lang=it"]}]},{"@type":"ImageObject","inLanguage":"de","@id":"https:\/\/ecologa-europe.com\/shop\/produkt\/camicetta-schermante-da-donna\/?lang=it#primaryimage","url":"https:\/\/ecologa-europe.com\/shop\/wp-content\/uploads\/2025\/04\/Bluse_blau_4.jpg","contentUrl":"https:\/\/ecologa-europe.com\/shop\/wp-content\/uploads\/2025\/04\/Bluse_blau_4.jpg","width":1772,"height":1280},{"@type":"BreadcrumbList","@id":"https:\/\/ecologa-europe.com\/shop\/produkt\/camicetta-schermante-da-donna\/?lang=it#breadcrumb","itemListElement":[{"@type":"ListItem","position":1,"name":"Startseite","item":"https:\/\/ecologa-europe.com\/shop\/"},{"@type":"ListItem","position":2,"name":"Shop","item":"https:\/\/ecologa-europe.com\/shop\/shop\/"},{"@type":"ListItem","position":3,"name":"Camicetta schermante da donna"}]},{"@type":"WebSite","@id":"https:\/\/ecologa-europe.com\/shop\/#website","url":"https:\/\/ecologa-europe.com\/shop\/","name":"Elektrosmog-Schutz Onlineshop","description":"Ecologa Europe","publisher":{"@id":"https:\/\/ecologa-europe.com\/shop\/#organization"},"potentialAction":[{"@type":"SearchAction","target":{"@type":"EntryPoint","urlTemplate":"https:\/\/ecologa-europe.com\/shop\/?s={search_term_string}"},"query-input":{"@type":"PropertyValueSpecification","valueRequired":true,"valueName":"search_term_string"}}],"inLanguage":"de"},{"@type":"Organization","@id":"https:\/\/ecologa-europe.com\/shop\/#organization","name":"Elektrosmog-Schutz Onlineshop","url":"https:\/\/ecologa-europe.com\/shop\/","logo":{"@type":"ImageObject","inLanguage":"de","@id":"https:\/\/ecologa-europe.com\/shop\/#\/schema\/logo\/image\/","url":"https:\/\/ecologa-europe.com\/shop\/wp-content\/uploads\/2025\/04\/vertical-navbar-logo.svg","contentUrl":"https:\/\/ecologa-europe.com\/shop\/wp-content\/uploads\/2025\/04\/vertical-navbar-logo.svg","width":182,"height":70,"caption":"Elektrosmog-Schutz Onlineshop"},"image":{"@id":"https:\/\/ecologa-europe.com\/shop\/#\/schema\/logo\/image\/"},"sameAs":["https:\/\/www.facebook.com\/Ecologa-Europe-GmbH-1604744566252298\/","https:\/\/www.instagram.com\/ecologaeurope\/"]}]}},"_links":{"self":[{"href":"https:\/\/ecologa-europe.com\/shop\/wp-json\/wp\/v2\/product\/7573","targetHints":{"allow":["GET"]}}],"collection":[{"href":"https:\/\/ecologa-europe.com\/shop\/wp-json\/wp\/v2\/product"}],"about":[{"href":"https:\/\/ecologa-europe.com\/shop\/wp-json\/wp\/v2\/types\/product"}],"wp:featuredmedia":[{"embeddable":true,"href":"https:\/\/ecologa-europe.com\/shop\/wp-json\/wp\/v2\/media\/827"}],"wp:attachment":[{"href":"https:\/\/ecologa-europe.com\/shop\/wp-json\/wp\/v2\/media?parent=7573"}],"wp:term":[{"taxonomy":"product_brand","embeddable":true,"href":"https:\/\/ecologa-europe.com\/shop\/wp-json\/wp\/v2\/product_brand?post=7573"},{"taxonomy":"product_cat","embeddable":true,"href":"https:\/\/ecologa-europe.com\/shop\/wp-json\/wp\/v2\/product_cat?post=7573"},{"taxonomy":"product_tag","embeddable":true,"href":"https:\/\/ecologa-europe.com\/shop\/wp-json\/wp\/v2\/product_tag?post=7573"}],"curies":[{"name":"wp","href":"https:\/\/api.w.org\/{rel}","templated":true}]}}