{"id":7608,"date":"2025-05-16T10:15:04","date_gmt":"2025-05-16T10:15:04","guid":{"rendered":"https:\/\/639.pm-domains.de\/?post_type=product&#038;p=7608"},"modified":"2025-05-16T10:40:38","modified_gmt":"2025-05-16T10:40:38","slug":"kit-de-mise-a-la-terre-pour-la-mise-a-la-terre-temporaire-de-textiles","status":"publish","type":"product","link":"https:\/\/ecologa-europe.com\/shop\/produkt\/kit-de-mise-a-la-terre-pour-la-mise-a-la-terre-temporaire-de-textiles\/?lang=fr","title":{"rendered":"Kit de mise \u00e0 la terre pour la mise \u00e0 la terre temporaire de textiles"},"content":{"rendered":"<p>Kit de mise \u00e0 la terre pour la mise \u00e0 la terre temporaire des textiles d&#8217;\u00e9cran et des non-tiss\u00e9s. Convient tr\u00e8s bien pour les mesures pr\u00e9liminaires en biologie de la construction.<\/p>\n<p>Le kit de mise \u00e0 la terre se compose d&#8217;un c\u00e2ble de 3,5 m\u00e8tres de long.<br \/>\nTransparent, dont les extr\u00e9mit\u00e9s sont munies de deux pinces de pr\u00e9l\u00e8vement. Elles sont isol\u00e9es des deux c\u00f4t\u00e9s.<\/p>\n<p>Caract\u00e9ristiques techniques<br \/>\n1 x c\u00e2ble de mise \u00e0 la terre transparent 350 cm<br \/>\navec bornes de pr\u00e9l\u00e8vement mont\u00e9es<br \/>\nSection : 2,5 mm<\/p>\n","protected":false},"excerpt":{"rendered":"<p>Kit de mise \u00e0 la terre pour la mise \u00e0 la terre temporaire des textiles d&#8217;\u00e9cran et des non-tiss\u00e9s. Convient tr\u00e8s bien pour les mesures pr\u00e9liminaires en biologie de la construction.<\/p>\n<p>Le kit de mise \u00e0 la terre se compose d&#8217;un c\u00e2ble de 3,5 m\u00e8tres de long.<br \/>\nTransparent, dont les extr\u00e9mit\u00e9s sont munies de deux pinces de pr\u00e9l\u00e8vement. Elles sont isol\u00e9es des deux c\u00f4t\u00e9s.<\/p>\n","protected":false},"featured_media":585,"template":"","meta":{"inline_featured_image":false,"site-sidebar-layout":"default","site-content-layout":"","ast-site-content-layout":"default","site-content-style":"default","site-sidebar-style":"default","ast-global-header-display":"","ast-banner-title-visibility":"","ast-main-header-display":"","ast-hfb-above-header-display":"","ast-hfb-below-header-display":"","ast-hfb-mobile-header-display":"","site-post-title":"","ast-breadcrumbs-content":"","ast-featured-img":"","footer-sml-layout":"","ast-disable-related-posts":"","theme-transparent-header-meta":"","adv-header-id-meta":"","stick-header-meta":"","header-above-stick-meta":"","header-main-stick-meta":"","header-below-stick-meta":"","astra-migrate-meta-layouts":"default","ast-page-background-enabled":"default","ast-page-background-meta":{"desktop":{"background-color":"var(--ast-global-color-5)","background-image":"","background-repeat":"repeat","background-position":"center center","background-size":"auto","background-attachment":"scroll","background-type":"","background-media":"","overlay-type":"","overlay-color":"","overlay-opacity":"","overlay-gradient":""},"tablet":{"background-color":"","background-image":"","background-repeat":"repeat","background-position":"center center","background-size":"auto","background-attachment":"scroll","background-type":"","background-media":"","overlay-type":"","overlay-color":"","overlay-opacity":"","overlay-gradient":""},"mobile":{"background-color":"","background-image":"","background-repeat":"repeat","background-position":"center center","background-size":"auto","background-attachment":"scroll","background-type":"","background-media":"","overlay-type":"","overlay-color":"","overlay-opacity":"","overlay-gradient":""}},"ast-content-background-meta":{"desktop":{"background-color":"var(--ast-global-color-4)","background-image":"","background-repeat":"repeat","background-position":"center center","background-size":"auto","background-attachment":"scroll","background-type":"","background-media":"","overlay-type":"","overlay-color":"","overlay-opacity":"","overlay-gradient":""},"tablet":{"background-color":"var(--ast-global-color-4)","background-image":"","background-repeat":"repeat","background-position":"center center","background-size":"auto","background-attachment":"scroll","background-type":"","background-media":"","overlay-type":"","overlay-color":"","overlay-opacity":"","overlay-gradient":""},"mobile":{"background-color":"var(--ast-global-color-4)","background-image":"","background-repeat":"repeat","background-position":"center center","background-size":"auto","background-attachment":"scroll","background-type":"","background-media":"","overlay-type":"","overlay-color":"","overlay-opacity":"","overlay-gradient":""}}},"product_brand":[],"product_cat":[411,280,599,314],"product_tag":[359,283,208],"class_list":{"0":"post-7608","1":"product","2":"type-product","3":"status-publish","4":"has-post-thumbnail","6":"product_cat-accessoires-de-mise-a-la-terre-pour-baldaquins","7":"product_cat-accessoires-de-mise-a-terre","8":"product_cat-baldaquins-de-protection-standard-baldaquins-de-protection-2","9":"product_cat-tissus-blindes","10":"product_tag-blindage-basse-frequence","11":"product_tag-mise-a-la-terre","12":"product_tag-protection-contre-lelectrosmog","13":"product_shipping_class-standardversand-2","14":"desktop-align-left","15":"tablet-align-left","16":"mobile-align-left","18":"first","19":"outofstock","20":"taxable","21":"shipping-taxable","22":"purchasable","23":"product-type-simple"},"yoast_head":"<!-- This site is optimized with the Yoast SEO plugin v27.4 - https:\/\/yoast.com\/product\/yoast-seo-wordpress\/ -->\n<title>Kit de mise \u00e0 la terre pour la mise \u00e0 la terre temporaire de textiles - Elektrosmog-Schutz Onlineshop<\/title>\n<meta name=\"description\" content=\"Kit de mise \u00e0 la terre pour la mise \u00e0 la terre temporaire de textiles et de non-tiss\u00e9s blind\u00e9s. Convient tr\u00e8s bien pour les mesures pr\u00e9liminaires en biologie de la construction.\" \/>\n<meta name=\"robots\" content=\"index, follow, max-snippet:-1, max-image-preview:large, max-video-preview:-1\" \/>\n<link rel=\"canonical\" href=\"https:\/\/ecologa-europe.com\/shop\/produkt\/kit-de-mise-a-la-terre-pour-la-mise-a-la-terre-temporaire-de-textiles\/\" \/>\n<meta property=\"og:locale\" content=\"de_DE\" \/>\n<meta property=\"og:type\" content=\"article\" \/>\n<meta property=\"og:title\" content=\"Kit de mise \u00e0 la terre pour la mise \u00e0 la terre temporaire de textiles - Elektrosmog-Schutz Onlineshop\" \/>\n<meta property=\"og:description\" content=\"Kit de mise \u00e0 la terre pour la mise \u00e0 la terre temporaire de textiles et de non-tiss\u00e9s blind\u00e9s. Convient tr\u00e8s bien pour les mesures pr\u00e9liminaires en biologie de la construction.\" \/>\n<meta property=\"og:url\" content=\"https:\/\/ecologa-europe.com\/shop\/produkt\/kit-de-mise-a-la-terre-pour-la-mise-a-la-terre-temporaire-de-textiles\/?lang=fr\" \/>\n<meta property=\"og:site_name\" content=\"Elektrosmog-Schutz Onlineshop\" \/>\n<meta property=\"article:publisher\" content=\"https:\/\/www.facebook.com\/Ecologa-Europe-GmbH-1604744566252298\/\" \/>\n<meta property=\"article:modified_time\" content=\"2025-05-16T10:40:38+00:00\" \/>\n<meta property=\"og:image\" content=\"https:\/\/ecologa-europe.com\/shop\/wp-content\/uploads\/2025\/04\/Erdunsset_Textil_temporaer.jpg\" \/>\n\t<meta property=\"og:image:width\" content=\"720\" \/>\n\t<meta property=\"og:image:height\" content=\"720\" \/>\n\t<meta property=\"og:image:type\" content=\"image\/jpeg\" \/>\n<meta name=\"twitter:card\" content=\"summary_large_image\" \/>\n<meta name=\"twitter:label1\" content=\"Gesch\u00e4tzte Lesezeit\" \/>\n\t<meta name=\"twitter:data1\" content=\"1\u00a0Minute\" \/>\n<script type=\"application\/ld+json\" class=\"yoast-schema-graph\">{\"@context\":\"https:\\\/\\\/schema.org\",\"@graph\":[{\"@type\":\"WebPage\",\"@id\":\"https:\\\/\\\/ecologa-europe.com\\\/shop\\\/produkt\\\/kit-de-mise-a-la-terre-pour-la-mise-a-la-terre-temporaire-de-textiles\\\/?lang=fr\",\"url\":\"https:\\\/\\\/ecologa-europe.com\\\/shop\\\/produkt\\\/kit-de-mise-a-la-terre-pour-la-mise-a-la-terre-temporaire-de-textiles\\\/?lang=fr\",\"name\":\"Kit de mise \u00e0 la terre pour la mise \u00e0 la terre temporaire de textiles - Elektrosmog-Schutz Onlineshop\",\"isPartOf\":{\"@id\":\"https:\\\/\\\/ecologa-europe.com\\\/shop\\\/#website\"},\"primaryImageOfPage\":{\"@id\":\"https:\\\/\\\/ecologa-europe.com\\\/shop\\\/produkt\\\/kit-de-mise-a-la-terre-pour-la-mise-a-la-terre-temporaire-de-textiles\\\/?lang=fr#primaryimage\"},\"image\":{\"@id\":\"https:\\\/\\\/ecologa-europe.com\\\/shop\\\/produkt\\\/kit-de-mise-a-la-terre-pour-la-mise-a-la-terre-temporaire-de-textiles\\\/?lang=fr#primaryimage\"},\"thumbnailUrl\":\"https:\\\/\\\/ecologa-europe.com\\\/shop\\\/wp-content\\\/uploads\\\/2025\\\/04\\\/Erdunsset_Textil_temporaer.jpg\",\"datePublished\":\"2025-05-16T10:15:04+00:00\",\"dateModified\":\"2025-05-16T10:40:38+00:00\",\"description\":\"Kit de mise \u00e0 la terre pour la mise \u00e0 la terre temporaire de textiles et de non-tiss\u00e9s blind\u00e9s. Convient tr\u00e8s bien pour les mesures pr\u00e9liminaires en biologie de la construction.\",\"breadcrumb\":{\"@id\":\"https:\\\/\\\/ecologa-europe.com\\\/shop\\\/produkt\\\/kit-de-mise-a-la-terre-pour-la-mise-a-la-terre-temporaire-de-textiles\\\/?lang=fr#breadcrumb\"},\"inLanguage\":\"de\",\"potentialAction\":[{\"@type\":\"ReadAction\",\"target\":[\"https:\\\/\\\/ecologa-europe.com\\\/shop\\\/produkt\\\/kit-de-mise-a-la-terre-pour-la-mise-a-la-terre-temporaire-de-textiles\\\/?lang=fr\"]}]},{\"@type\":\"ImageObject\",\"inLanguage\":\"de\",\"@id\":\"https:\\\/\\\/ecologa-europe.com\\\/shop\\\/produkt\\\/kit-de-mise-a-la-terre-pour-la-mise-a-la-terre-temporaire-de-textiles\\\/?lang=fr#primaryimage\",\"url\":\"https:\\\/\\\/ecologa-europe.com\\\/shop\\\/wp-content\\\/uploads\\\/2025\\\/04\\\/Erdunsset_Textil_temporaer.jpg\",\"contentUrl\":\"https:\\\/\\\/ecologa-europe.com\\\/shop\\\/wp-content\\\/uploads\\\/2025\\\/04\\\/Erdunsset_Textil_temporaer.jpg\",\"width\":720,\"height\":720},{\"@type\":\"BreadcrumbList\",\"@id\":\"https:\\\/\\\/ecologa-europe.com\\\/shop\\\/produkt\\\/kit-de-mise-a-la-terre-pour-la-mise-a-la-terre-temporaire-de-textiles\\\/?lang=fr#breadcrumb\",\"itemListElement\":[{\"@type\":\"ListItem\",\"position\":1,\"name\":\"Startseite\",\"item\":\"https:\\\/\\\/ecologa-europe.com\\\/shop\\\/\"},{\"@type\":\"ListItem\",\"position\":2,\"name\":\"Shop\",\"item\":\"https:\\\/\\\/ecologa-europe.com\\\/shop\\\/shop\\\/\"},{\"@type\":\"ListItem\",\"position\":3,\"name\":\"Kit de mise \u00e0 la terre pour la mise \u00e0 la terre temporaire de textiles\"}]},{\"@type\":\"WebSite\",\"@id\":\"https:\\\/\\\/ecologa-europe.com\\\/shop\\\/#website\",\"url\":\"https:\\\/\\\/ecologa-europe.com\\\/shop\\\/\",\"name\":\"Elektrosmog-Schutz Onlineshop\",\"description\":\"Ecologa Europe\",\"publisher\":{\"@id\":\"https:\\\/\\\/ecologa-europe.com\\\/shop\\\/#organization\"},\"potentialAction\":[{\"@type\":\"SearchAction\",\"target\":{\"@type\":\"EntryPoint\",\"urlTemplate\":\"https:\\\/\\\/ecologa-europe.com\\\/shop\\\/?s={search_term_string}\"},\"query-input\":{\"@type\":\"PropertyValueSpecification\",\"valueRequired\":true,\"valueName\":\"search_term_string\"}}],\"inLanguage\":\"de\"},{\"@type\":\"Organization\",\"@id\":\"https:\\\/\\\/ecologa-europe.com\\\/shop\\\/#organization\",\"name\":\"Elektrosmog-Schutz Onlineshop\",\"url\":\"https:\\\/\\\/ecologa-europe.com\\\/shop\\\/\",\"logo\":{\"@type\":\"ImageObject\",\"inLanguage\":\"de\",\"@id\":\"https:\\\/\\\/ecologa-europe.com\\\/shop\\\/#\\\/schema\\\/logo\\\/image\\\/\",\"url\":\"https:\\\/\\\/ecologa-europe.com\\\/shop\\\/wp-content\\\/uploads\\\/2025\\\/04\\\/vertical-navbar-logo.svg\",\"contentUrl\":\"https:\\\/\\\/ecologa-europe.com\\\/shop\\\/wp-content\\\/uploads\\\/2025\\\/04\\\/vertical-navbar-logo.svg\",\"width\":182,\"height\":70,\"caption\":\"Elektrosmog-Schutz Onlineshop\"},\"image\":{\"@id\":\"https:\\\/\\\/ecologa-europe.com\\\/shop\\\/#\\\/schema\\\/logo\\\/image\\\/\"},\"sameAs\":[\"https:\\\/\\\/www.facebook.com\\\/Ecologa-Europe-GmbH-1604744566252298\\\/\",\"https:\\\/\\\/www.instagram.com\\\/ecologaeurope\\\/\"]}]}<\/script>\n<!-- \/ Yoast SEO plugin. -->","yoast_head_json":{"title":"Kit de mise \u00e0 la terre pour la mise \u00e0 la terre temporaire de textiles - Elektrosmog-Schutz Onlineshop","description":"Kit de mise \u00e0 la terre pour la mise \u00e0 la terre temporaire de textiles et de non-tiss\u00e9s blind\u00e9s. Convient tr\u00e8s bien pour les mesures pr\u00e9liminaires en biologie de la construction.","robots":{"index":"index","follow":"follow","max-snippet":"max-snippet:-1","max-image-preview":"max-image-preview:large","max-video-preview":"max-video-preview:-1"},"canonical":"https:\/\/ecologa-europe.com\/shop\/produkt\/kit-de-mise-a-la-terre-pour-la-mise-a-la-terre-temporaire-de-textiles\/","og_locale":"de_DE","og_type":"article","og_title":"Kit de mise \u00e0 la terre pour la mise \u00e0 la terre temporaire de textiles - Elektrosmog-Schutz Onlineshop","og_description":"Kit de mise \u00e0 la terre pour la mise \u00e0 la terre temporaire de textiles et de non-tiss\u00e9s blind\u00e9s. Convient tr\u00e8s bien pour les mesures pr\u00e9liminaires en biologie de la construction.","og_url":"https:\/\/ecologa-europe.com\/shop\/produkt\/kit-de-mise-a-la-terre-pour-la-mise-a-la-terre-temporaire-de-textiles\/?lang=fr","og_site_name":"Elektrosmog-Schutz Onlineshop","article_publisher":"https:\/\/www.facebook.com\/Ecologa-Europe-GmbH-1604744566252298\/","article_modified_time":"2025-05-16T10:40:38+00:00","og_image":[{"width":720,"height":720,"url":"https:\/\/ecologa-europe.com\/shop\/wp-content\/uploads\/2025\/04\/Erdunsset_Textil_temporaer.jpg","type":"image\/jpeg"}],"twitter_card":"summary_large_image","twitter_misc":{"Gesch\u00e4tzte Lesezeit":"1\u00a0Minute"},"schema":{"@context":"https:\/\/schema.org","@graph":[{"@type":"WebPage","@id":"https:\/\/ecologa-europe.com\/shop\/produkt\/kit-de-mise-a-la-terre-pour-la-mise-a-la-terre-temporaire-de-textiles\/?lang=fr","url":"https:\/\/ecologa-europe.com\/shop\/produkt\/kit-de-mise-a-la-terre-pour-la-mise-a-la-terre-temporaire-de-textiles\/?lang=fr","name":"Kit de mise \u00e0 la terre pour la mise \u00e0 la terre temporaire de textiles - Elektrosmog-Schutz Onlineshop","isPartOf":{"@id":"https:\/\/ecologa-europe.com\/shop\/#website"},"primaryImageOfPage":{"@id":"https:\/\/ecologa-europe.com\/shop\/produkt\/kit-de-mise-a-la-terre-pour-la-mise-a-la-terre-temporaire-de-textiles\/?lang=fr#primaryimage"},"image":{"@id":"https:\/\/ecologa-europe.com\/shop\/produkt\/kit-de-mise-a-la-terre-pour-la-mise-a-la-terre-temporaire-de-textiles\/?lang=fr#primaryimage"},"thumbnailUrl":"https:\/\/ecologa-europe.com\/shop\/wp-content\/uploads\/2025\/04\/Erdunsset_Textil_temporaer.jpg","datePublished":"2025-05-16T10:15:04+00:00","dateModified":"2025-05-16T10:40:38+00:00","description":"Kit de mise \u00e0 la terre pour la mise \u00e0 la terre temporaire de textiles et de non-tiss\u00e9s blind\u00e9s. Convient tr\u00e8s bien pour les mesures pr\u00e9liminaires en biologie de la construction.","breadcrumb":{"@id":"https:\/\/ecologa-europe.com\/shop\/produkt\/kit-de-mise-a-la-terre-pour-la-mise-a-la-terre-temporaire-de-textiles\/?lang=fr#breadcrumb"},"inLanguage":"de","potentialAction":[{"@type":"ReadAction","target":["https:\/\/ecologa-europe.com\/shop\/produkt\/kit-de-mise-a-la-terre-pour-la-mise-a-la-terre-temporaire-de-textiles\/?lang=fr"]}]},{"@type":"ImageObject","inLanguage":"de","@id":"https:\/\/ecologa-europe.com\/shop\/produkt\/kit-de-mise-a-la-terre-pour-la-mise-a-la-terre-temporaire-de-textiles\/?lang=fr#primaryimage","url":"https:\/\/ecologa-europe.com\/shop\/wp-content\/uploads\/2025\/04\/Erdunsset_Textil_temporaer.jpg","contentUrl":"https:\/\/ecologa-europe.com\/shop\/wp-content\/uploads\/2025\/04\/Erdunsset_Textil_temporaer.jpg","width":720,"height":720},{"@type":"BreadcrumbList","@id":"https:\/\/ecologa-europe.com\/shop\/produkt\/kit-de-mise-a-la-terre-pour-la-mise-a-la-terre-temporaire-de-textiles\/?lang=fr#breadcrumb","itemListElement":[{"@type":"ListItem","position":1,"name":"Startseite","item":"https:\/\/ecologa-europe.com\/shop\/"},{"@type":"ListItem","position":2,"name":"Shop","item":"https:\/\/ecologa-europe.com\/shop\/shop\/"},{"@type":"ListItem","position":3,"name":"Kit de mise \u00e0 la terre pour la mise \u00e0 la terre temporaire de textiles"}]},{"@type":"WebSite","@id":"https:\/\/ecologa-europe.com\/shop\/#website","url":"https:\/\/ecologa-europe.com\/shop\/","name":"Elektrosmog-Schutz Onlineshop","description":"Ecologa Europe","publisher":{"@id":"https:\/\/ecologa-europe.com\/shop\/#organization"},"potentialAction":[{"@type":"SearchAction","target":{"@type":"EntryPoint","urlTemplate":"https:\/\/ecologa-europe.com\/shop\/?s={search_term_string}"},"query-input":{"@type":"PropertyValueSpecification","valueRequired":true,"valueName":"search_term_string"}}],"inLanguage":"de"},{"@type":"Organization","@id":"https:\/\/ecologa-europe.com\/shop\/#organization","name":"Elektrosmog-Schutz Onlineshop","url":"https:\/\/ecologa-europe.com\/shop\/","logo":{"@type":"ImageObject","inLanguage":"de","@id":"https:\/\/ecologa-europe.com\/shop\/#\/schema\/logo\/image\/","url":"https:\/\/ecologa-europe.com\/shop\/wp-content\/uploads\/2025\/04\/vertical-navbar-logo.svg","contentUrl":"https:\/\/ecologa-europe.com\/shop\/wp-content\/uploads\/2025\/04\/vertical-navbar-logo.svg","width":182,"height":70,"caption":"Elektrosmog-Schutz Onlineshop"},"image":{"@id":"https:\/\/ecologa-europe.com\/shop\/#\/schema\/logo\/image\/"},"sameAs":["https:\/\/www.facebook.com\/Ecologa-Europe-GmbH-1604744566252298\/","https:\/\/www.instagram.com\/ecologaeurope\/"]}]}},"_links":{"self":[{"href":"https:\/\/ecologa-europe.com\/shop\/wp-json\/wp\/v2\/product\/7608","targetHints":{"allow":["GET"]}}],"collection":[{"href":"https:\/\/ecologa-europe.com\/shop\/wp-json\/wp\/v2\/product"}],"about":[{"href":"https:\/\/ecologa-europe.com\/shop\/wp-json\/wp\/v2\/types\/product"}],"wp:featuredmedia":[{"embeddable":true,"href":"https:\/\/ecologa-europe.com\/shop\/wp-json\/wp\/v2\/media\/585"}],"wp:attachment":[{"href":"https:\/\/ecologa-europe.com\/shop\/wp-json\/wp\/v2\/media?parent=7608"}],"wp:term":[{"taxonomy":"product_brand","embeddable":true,"href":"https:\/\/ecologa-europe.com\/shop\/wp-json\/wp\/v2\/product_brand?post=7608"},{"taxonomy":"product_cat","embeddable":true,"href":"https:\/\/ecologa-europe.com\/shop\/wp-json\/wp\/v2\/product_cat?post=7608"},{"taxonomy":"product_tag","embeddable":true,"href":"https:\/\/ecologa-europe.com\/shop\/wp-json\/wp\/v2\/product_tag?post=7608"}],"curies":[{"name":"wp","href":"https:\/\/api.w.org\/{rel}","templated":true}]}}