{"id":7715,"date":"2025-05-16T10:26:01","date_gmt":"2025-05-16T10:26:01","guid":{"rendered":"https:\/\/639.pm-domains.de\/?post_type=product&#038;p=7715"},"modified":"2025-12-20T00:56:45","modified_gmt":"2025-12-20T00:56:45","slug":"snood-de-protection-pour-hommes-vin","status":"publish","type":"product","link":"https:\/\/ecologa-europe.com\/shop\/produkt\/snood-de-protection-pour-hommes-vin\/?lang=fr","title":{"rendered":"Snood de protection pour hommes Vin"},"content":{"rendered":"<p>Ce snood est tr\u00e8s pratique, car il est facile \u00e0 enfiler et peut \u00eatre port\u00e9 aussi bien autour du cou que de la t\u00eate. Pour cela, il suffit de rabattre la partie arri\u00e8re sur la t\u00eate.<br \/>\nLe snood offre ainsi une protection maximale contre le froid et les ondes \u00e9lectromagn\u00e9tiques pour la t\u00eate, le cou et les oreilles.<br \/>\nPour notre mod\u00e8le Vin, nous avons opt\u00e9 pour les couleurs classiques bleu marine, noir, gris clair, bordeaux et kaki.<\/p>\n<p>Un c\u00f4t\u00e9 du snood est en coton \u00e0 grosses mailles, l&#8217;autre en coton jersey \u00e0 mailles fines, fabriqu\u00e9 avec des fils compacts.<br \/>\nIl s&#8217;agit de fils fabriqu\u00e9s \u00e0 l&#8217;aide d&#8217;une technique de filage sp\u00e9ciale. Les fils sont tordus en un tr\u00e8s petit triangle avec torsion, ce qui permet d&#8217;\u00e9liminer les fibres. Cette nouvelle structure de fil conf\u00e8re aux fils compacts une plus grande r\u00e9sistance, un meilleur allongement et moins de pilosit\u00e9. Les fils compacts (\u00e0 torsion \u00e9lev\u00e9e), sont moins rugueux que les fils l\u00e2ches (\u00e0 torsion basse).<\/p>\n<p>L&#8217;int\u00e9rieur de l&#8217;\u00e9charpe tubulaire est rev\u00eatu d&#8217;un tissu de protection qui offre une excellente protection contre les ondes \u00e9lectromagn\u00e9tiques.<\/p>\n<p>Il s&#8217;agit d&#8217;un tissu en polyamide m\u00e9tallis\u00e9 de couleur argent\u00e9e, qui poss\u00e8de une tr\u00e8s grande propri\u00e9t\u00e9 de blindage. Le tricot est fabriqu\u00e9 \u00e0 partir d&#8217;un fil polym\u00e8re fin et monofilament. Gr\u00e2ce \u00e0 la m\u00e9tallisation uniforme, la propri\u00e9t\u00e9 de blindage reste inchang\u00e9e.<\/p>\n<p>Capacit\u00e9 de blindage (0,2 &#8211; 2 GHz) Moyenne &lt; 45 dB de 0,2 GHz &#8211; 2 GHz.<br \/>\nCapacit\u00e9 de blindage (2 &#8211; 5 GHz) Moyenne &lt; 40 dB de 2 GHz &#8211; 5 GHz.<br \/>\nCapacit\u00e9 de blindage (5 &#8211; 14 GHz) Moyenne &lt; 36 dB de 5 GHz &#8211; 14 GHz.<\/p>\n<p>Tissu de protection : 100 % polyamide \/ nylon 6.6<br \/>\nM\u00e9tallisation : argent fin, Ag<br \/>\nTissu ext\u00e9rieur : 96 % coton 4 % Lycra<br \/>\nCirconf\u00e9rence : env. 70 cm, hauteur env. 37 cm<\/p>\n<p>Conseils d&#8217;entretien :<br \/>\nLavage d\u00e9licat \u00e0 30\u00b0C.<br \/>\nNe pas utiliser de d\u00e9sinfectants ou de produits de nettoyage contenant du chlore !<br \/>\nRenoncer \u00e9galement aux adoucissants.<br \/>\nNe pas utiliser de s\u00e8che-linge<\/p>\n","protected":false},"excerpt":{"rendered":"<p>Pour le blindage contre les ondes \u00e9lectromagn\u00e9tiques \u00e0 haute fr\u00e9quence<br \/>\nFinition de tr\u00e8s haute qualit\u00e9<br \/>\nTr\u00e8s confortable \u00e0 porter.<br \/>\nCet accessoire polyvalent ajoute une touche de style \u00e0 vos looks et peut \u00eatre port\u00e9 aussi bien par les femmes que par les hommes.<br \/>\nL&#8217;int\u00e9rieur est en polyamide argent\u00e9 et offre une excellente protection contre les ondes \u00e9lectromagn\u00e9tiques.<br \/>\nAtt\u00e9nuation tr\u00e8s \u00e9lev\u00e9e du blindage jusqu&#8217;\u00e0 48 dB (&gt;99,99 %).<br \/>\nCouleur : Bordeaux, gris clair, kaki, marine, noir<\/p>\n<p>Unisexe<br \/>\nFabriqu\u00e9 en Allemagne<\/p>\n","protected":false},"featured_media":1780,"template":"","meta":{"inline_featured_image":false,"site-sidebar-layout":"default","site-content-layout":"","ast-site-content-layout":"default","site-content-style":"default","site-sidebar-style":"default","ast-global-header-display":"","ast-banner-title-visibility":"","ast-main-header-display":"","ast-hfb-above-header-display":"","ast-hfb-below-header-display":"","ast-hfb-mobile-header-display":"","site-post-title":"","ast-breadcrumbs-content":"","ast-featured-img":"","footer-sml-layout":"","ast-disable-related-posts":"","theme-transparent-header-meta":"default","adv-header-id-meta":"","stick-header-meta":"","header-above-stick-meta":"","header-main-stick-meta":"","header-below-stick-meta":"","astra-migrate-meta-layouts":"default","ast-page-background-enabled":"default","ast-page-background-meta":{"desktop":{"background-color":"var(--ast-global-color-5)","background-image":"","background-repeat":"repeat","background-position":"center center","background-size":"auto","background-attachment":"scroll","background-type":"","background-media":"","overlay-type":"","overlay-color":"","overlay-opacity":"","overlay-gradient":""},"tablet":{"background-color":"","background-image":"","background-repeat":"repeat","background-position":"center center","background-size":"auto","background-attachment":"scroll","background-type":"","background-media":"","overlay-type":"","overlay-color":"","overlay-opacity":"","overlay-gradient":""},"mobile":{"background-color":"","background-image":"","background-repeat":"repeat","background-position":"center center","background-size":"auto","background-attachment":"scroll","background-type":"","background-media":"","overlay-type":"","overlay-color":"","overlay-opacity":"","overlay-gradient":""}},"ast-content-background-meta":{"desktop":{"background-color":"var(--ast-global-color-4)","background-image":"","background-repeat":"repeat","background-position":"center center","background-size":"auto","background-attachment":"scroll","background-type":"","background-media":"","overlay-type":"","overlay-color":"","overlay-opacity":"","overlay-gradient":""},"tablet":{"background-color":"var(--ast-global-color-4)","background-image":"","background-repeat":"repeat","background-position":"center center","background-size":"auto","background-attachment":"scroll","background-type":"","background-media":"","overlay-type":"","overlay-color":"","overlay-opacity":"","overlay-gradient":""},"mobile":{"background-color":"var(--ast-global-color-4)","background-image":"","background-repeat":"repeat","background-position":"center center","background-size":"auto","background-attachment":"scroll","background-type":"","background-media":"","overlay-type":"","overlay-color":"","overlay-opacity":"","overlay-gradient":""}}},"product_brand":[],"product_cat":[186,185],"product_tag":[188],"class_list":{"0":"post-7715","1":"product","2":"type-product","3":"status-publish","4":"has-post-thumbnail","6":"product_cat-hommes","7":"product_cat-vetements-high-tech","8":"product_tag-vetements-de-protection","9":"product_shipping_class-standardversand","10":"pa_farbe-bordeaux-4","11":"pa_farbe-gris-clair","12":"pa_farbe-kaki","13":"pa_farbe-marine-2","14":"pa_farbe-noir","15":"desktop-align-left","16":"tablet-align-left","17":"mobile-align-left","19":"first","20":"instock","21":"taxable","22":"shipping-taxable","23":"purchasable","24":"product-type-variable"},"yoast_head":"<!-- This site is optimized with the Yoast SEO plugin v27.4 - https:\/\/yoast.com\/product\/yoast-seo-wordpress\/ -->\n<title>Snood de protection pour hommes Vin - Elektrosmog-Schutz Onlineshop<\/title>\n<meta name=\"description\" content=\"L&#039;int\u00e9rieur de l&#039;\u00e9charpe tubulaire est doubl\u00e9 d&#039;un tissu de blindage qui offre une excellente protection contre les ondes \u00e9lectromagn\u00e9tiques.\" \/>\n<meta name=\"robots\" content=\"index, follow, max-snippet:-1, max-image-preview:large, max-video-preview:-1\" \/>\n<link rel=\"canonical\" href=\"https:\/\/ecologa-europe.com\/shop\/produkt\/snood-de-protection-pour-hommes-vin\/\" \/>\n<meta property=\"og:locale\" content=\"de_DE\" \/>\n<meta property=\"og:type\" content=\"article\" \/>\n<meta property=\"og:title\" content=\"Snood de protection pour hommes Vin - Elektrosmog-Schutz Onlineshop\" \/>\n<meta property=\"og:description\" content=\"L&#039;int\u00e9rieur de l&#039;\u00e9charpe tubulaire est doubl\u00e9 d&#039;un tissu de blindage qui offre une excellente protection contre les ondes \u00e9lectromagn\u00e9tiques.\" \/>\n<meta property=\"og:url\" content=\"https:\/\/ecologa-europe.com\/shop\/produkt\/snood-de-protection-pour-hommes-vin\/?lang=fr\" \/>\n<meta property=\"og:site_name\" content=\"Elektrosmog-Schutz Onlineshop\" \/>\n<meta property=\"article:publisher\" content=\"https:\/\/www.facebook.com\/Ecologa-Europe-GmbH-1604744566252298\/\" \/>\n<meta property=\"article:modified_time\" content=\"2025-12-20T00:56:45+00:00\" \/>\n<meta property=\"og:image\" content=\"https:\/\/ecologa-europe.com\/shop\/wp-content\/uploads\/2025\/04\/vin_grau_H.jpg\" \/>\n\t<meta property=\"og:image:width\" content=\"1772\" \/>\n\t<meta property=\"og:image:height\" content=\"1280\" \/>\n\t<meta property=\"og:image:type\" content=\"image\/jpeg\" \/>\n<meta name=\"twitter:card\" content=\"summary_large_image\" \/>\n<meta name=\"twitter:label1\" content=\"Gesch\u00e4tzte Lesezeit\" \/>\n\t<meta name=\"twitter:data1\" content=\"2\u00a0Minuten\" \/>\n<script type=\"application\/ld+json\" class=\"yoast-schema-graph\">{\"@context\":\"https:\\\/\\\/schema.org\",\"@graph\":[{\"@type\":\"WebPage\",\"@id\":\"https:\\\/\\\/ecologa-europe.com\\\/shop\\\/produkt\\\/snood-de-protection-pour-hommes-vin\\\/?lang=fr\",\"url\":\"https:\\\/\\\/ecologa-europe.com\\\/shop\\\/produkt\\\/snood-de-protection-pour-hommes-vin\\\/?lang=fr\",\"name\":\"Snood de protection pour hommes Vin - Elektrosmog-Schutz Onlineshop\",\"isPartOf\":{\"@id\":\"https:\\\/\\\/ecologa-europe.com\\\/shop\\\/#website\"},\"primaryImageOfPage\":{\"@id\":\"https:\\\/\\\/ecologa-europe.com\\\/shop\\\/produkt\\\/snood-de-protection-pour-hommes-vin\\\/?lang=fr#primaryimage\"},\"image\":{\"@id\":\"https:\\\/\\\/ecologa-europe.com\\\/shop\\\/produkt\\\/snood-de-protection-pour-hommes-vin\\\/?lang=fr#primaryimage\"},\"thumbnailUrl\":\"https:\\\/\\\/ecologa-europe.com\\\/shop\\\/wp-content\\\/uploads\\\/2025\\\/04\\\/vin_grau_H.jpg\",\"datePublished\":\"2025-05-16T10:26:01+00:00\",\"dateModified\":\"2025-12-20T00:56:45+00:00\",\"description\":\"L'int\u00e9rieur de l'\u00e9charpe tubulaire est doubl\u00e9 d'un tissu de blindage qui offre une excellente protection contre les ondes \u00e9lectromagn\u00e9tiques.\",\"breadcrumb\":{\"@id\":\"https:\\\/\\\/ecologa-europe.com\\\/shop\\\/produkt\\\/snood-de-protection-pour-hommes-vin\\\/?lang=fr#breadcrumb\"},\"inLanguage\":\"de\",\"potentialAction\":[{\"@type\":\"ReadAction\",\"target\":[\"https:\\\/\\\/ecologa-europe.com\\\/shop\\\/produkt\\\/snood-de-protection-pour-hommes-vin\\\/?lang=fr\"]}]},{\"@type\":\"ImageObject\",\"inLanguage\":\"de\",\"@id\":\"https:\\\/\\\/ecologa-europe.com\\\/shop\\\/produkt\\\/snood-de-protection-pour-hommes-vin\\\/?lang=fr#primaryimage\",\"url\":\"https:\\\/\\\/ecologa-europe.com\\\/shop\\\/wp-content\\\/uploads\\\/2025\\\/04\\\/vin_grau_H.jpg\",\"contentUrl\":\"https:\\\/\\\/ecologa-europe.com\\\/shop\\\/wp-content\\\/uploads\\\/2025\\\/04\\\/vin_grau_H.jpg\",\"width\":1772,\"height\":1280},{\"@type\":\"BreadcrumbList\",\"@id\":\"https:\\\/\\\/ecologa-europe.com\\\/shop\\\/produkt\\\/snood-de-protection-pour-hommes-vin\\\/?lang=fr#breadcrumb\",\"itemListElement\":[{\"@type\":\"ListItem\",\"position\":1,\"name\":\"Startseite\",\"item\":\"https:\\\/\\\/ecologa-europe.com\\\/shop\\\/\"},{\"@type\":\"ListItem\",\"position\":2,\"name\":\"Shop\",\"item\":\"https:\\\/\\\/ecologa-europe.com\\\/shop\\\/shop\\\/\"},{\"@type\":\"ListItem\",\"position\":3,\"name\":\"Snood de protection pour hommes Vin\"}]},{\"@type\":\"WebSite\",\"@id\":\"https:\\\/\\\/ecologa-europe.com\\\/shop\\\/#website\",\"url\":\"https:\\\/\\\/ecologa-europe.com\\\/shop\\\/\",\"name\":\"Elektrosmog-Schutz Onlineshop\",\"description\":\"Ecologa Europe\",\"publisher\":{\"@id\":\"https:\\\/\\\/ecologa-europe.com\\\/shop\\\/#organization\"},\"potentialAction\":[{\"@type\":\"SearchAction\",\"target\":{\"@type\":\"EntryPoint\",\"urlTemplate\":\"https:\\\/\\\/ecologa-europe.com\\\/shop\\\/?s={search_term_string}\"},\"query-input\":{\"@type\":\"PropertyValueSpecification\",\"valueRequired\":true,\"valueName\":\"search_term_string\"}}],\"inLanguage\":\"de\"},{\"@type\":\"Organization\",\"@id\":\"https:\\\/\\\/ecologa-europe.com\\\/shop\\\/#organization\",\"name\":\"Elektrosmog-Schutz Onlineshop\",\"url\":\"https:\\\/\\\/ecologa-europe.com\\\/shop\\\/\",\"logo\":{\"@type\":\"ImageObject\",\"inLanguage\":\"de\",\"@id\":\"https:\\\/\\\/ecologa-europe.com\\\/shop\\\/#\\\/schema\\\/logo\\\/image\\\/\",\"url\":\"https:\\\/\\\/ecologa-europe.com\\\/shop\\\/wp-content\\\/uploads\\\/2025\\\/04\\\/vertical-navbar-logo.svg\",\"contentUrl\":\"https:\\\/\\\/ecologa-europe.com\\\/shop\\\/wp-content\\\/uploads\\\/2025\\\/04\\\/vertical-navbar-logo.svg\",\"width\":182,\"height\":70,\"caption\":\"Elektrosmog-Schutz Onlineshop\"},\"image\":{\"@id\":\"https:\\\/\\\/ecologa-europe.com\\\/shop\\\/#\\\/schema\\\/logo\\\/image\\\/\"},\"sameAs\":[\"https:\\\/\\\/www.facebook.com\\\/Ecologa-Europe-GmbH-1604744566252298\\\/\",\"https:\\\/\\\/www.instagram.com\\\/ecologaeurope\\\/\"]}]}<\/script>\n<!-- \/ Yoast SEO plugin. -->","yoast_head_json":{"title":"Snood de protection pour hommes Vin - Elektrosmog-Schutz Onlineshop","description":"L'int\u00e9rieur de l'\u00e9charpe tubulaire est doubl\u00e9 d'un tissu de blindage qui offre une excellente protection contre les ondes \u00e9lectromagn\u00e9tiques.","robots":{"index":"index","follow":"follow","max-snippet":"max-snippet:-1","max-image-preview":"max-image-preview:large","max-video-preview":"max-video-preview:-1"},"canonical":"https:\/\/ecologa-europe.com\/shop\/produkt\/snood-de-protection-pour-hommes-vin\/","og_locale":"de_DE","og_type":"article","og_title":"Snood de protection pour hommes Vin - Elektrosmog-Schutz Onlineshop","og_description":"L'int\u00e9rieur de l'\u00e9charpe tubulaire est doubl\u00e9 d'un tissu de blindage qui offre une excellente protection contre les ondes \u00e9lectromagn\u00e9tiques.","og_url":"https:\/\/ecologa-europe.com\/shop\/produkt\/snood-de-protection-pour-hommes-vin\/?lang=fr","og_site_name":"Elektrosmog-Schutz Onlineshop","article_publisher":"https:\/\/www.facebook.com\/Ecologa-Europe-GmbH-1604744566252298\/","article_modified_time":"2025-12-20T00:56:45+00:00","og_image":[{"width":1772,"height":1280,"url":"https:\/\/ecologa-europe.com\/shop\/wp-content\/uploads\/2025\/04\/vin_grau_H.jpg","type":"image\/jpeg"}],"twitter_card":"summary_large_image","twitter_misc":{"Gesch\u00e4tzte Lesezeit":"2\u00a0Minuten"},"schema":{"@context":"https:\/\/schema.org","@graph":[{"@type":"WebPage","@id":"https:\/\/ecologa-europe.com\/shop\/produkt\/snood-de-protection-pour-hommes-vin\/?lang=fr","url":"https:\/\/ecologa-europe.com\/shop\/produkt\/snood-de-protection-pour-hommes-vin\/?lang=fr","name":"Snood de protection pour hommes Vin - Elektrosmog-Schutz Onlineshop","isPartOf":{"@id":"https:\/\/ecologa-europe.com\/shop\/#website"},"primaryImageOfPage":{"@id":"https:\/\/ecologa-europe.com\/shop\/produkt\/snood-de-protection-pour-hommes-vin\/?lang=fr#primaryimage"},"image":{"@id":"https:\/\/ecologa-europe.com\/shop\/produkt\/snood-de-protection-pour-hommes-vin\/?lang=fr#primaryimage"},"thumbnailUrl":"https:\/\/ecologa-europe.com\/shop\/wp-content\/uploads\/2025\/04\/vin_grau_H.jpg","datePublished":"2025-05-16T10:26:01+00:00","dateModified":"2025-12-20T00:56:45+00:00","description":"L'int\u00e9rieur de l'\u00e9charpe tubulaire est doubl\u00e9 d'un tissu de blindage qui offre une excellente protection contre les ondes \u00e9lectromagn\u00e9tiques.","breadcrumb":{"@id":"https:\/\/ecologa-europe.com\/shop\/produkt\/snood-de-protection-pour-hommes-vin\/?lang=fr#breadcrumb"},"inLanguage":"de","potentialAction":[{"@type":"ReadAction","target":["https:\/\/ecologa-europe.com\/shop\/produkt\/snood-de-protection-pour-hommes-vin\/?lang=fr"]}]},{"@type":"ImageObject","inLanguage":"de","@id":"https:\/\/ecologa-europe.com\/shop\/produkt\/snood-de-protection-pour-hommes-vin\/?lang=fr#primaryimage","url":"https:\/\/ecologa-europe.com\/shop\/wp-content\/uploads\/2025\/04\/vin_grau_H.jpg","contentUrl":"https:\/\/ecologa-europe.com\/shop\/wp-content\/uploads\/2025\/04\/vin_grau_H.jpg","width":1772,"height":1280},{"@type":"BreadcrumbList","@id":"https:\/\/ecologa-europe.com\/shop\/produkt\/snood-de-protection-pour-hommes-vin\/?lang=fr#breadcrumb","itemListElement":[{"@type":"ListItem","position":1,"name":"Startseite","item":"https:\/\/ecologa-europe.com\/shop\/"},{"@type":"ListItem","position":2,"name":"Shop","item":"https:\/\/ecologa-europe.com\/shop\/shop\/"},{"@type":"ListItem","position":3,"name":"Snood de protection pour hommes Vin"}]},{"@type":"WebSite","@id":"https:\/\/ecologa-europe.com\/shop\/#website","url":"https:\/\/ecologa-europe.com\/shop\/","name":"Elektrosmog-Schutz Onlineshop","description":"Ecologa Europe","publisher":{"@id":"https:\/\/ecologa-europe.com\/shop\/#organization"},"potentialAction":[{"@type":"SearchAction","target":{"@type":"EntryPoint","urlTemplate":"https:\/\/ecologa-europe.com\/shop\/?s={search_term_string}"},"query-input":{"@type":"PropertyValueSpecification","valueRequired":true,"valueName":"search_term_string"}}],"inLanguage":"de"},{"@type":"Organization","@id":"https:\/\/ecologa-europe.com\/shop\/#organization","name":"Elektrosmog-Schutz Onlineshop","url":"https:\/\/ecologa-europe.com\/shop\/","logo":{"@type":"ImageObject","inLanguage":"de","@id":"https:\/\/ecologa-europe.com\/shop\/#\/schema\/logo\/image\/","url":"https:\/\/ecologa-europe.com\/shop\/wp-content\/uploads\/2025\/04\/vertical-navbar-logo.svg","contentUrl":"https:\/\/ecologa-europe.com\/shop\/wp-content\/uploads\/2025\/04\/vertical-navbar-logo.svg","width":182,"height":70,"caption":"Elektrosmog-Schutz Onlineshop"},"image":{"@id":"https:\/\/ecologa-europe.com\/shop\/#\/schema\/logo\/image\/"},"sameAs":["https:\/\/www.facebook.com\/Ecologa-Europe-GmbH-1604744566252298\/","https:\/\/www.instagram.com\/ecologaeurope\/"]}]}},"_links":{"self":[{"href":"https:\/\/ecologa-europe.com\/shop\/wp-json\/wp\/v2\/product\/7715","targetHints":{"allow":["GET"]}}],"collection":[{"href":"https:\/\/ecologa-europe.com\/shop\/wp-json\/wp\/v2\/product"}],"about":[{"href":"https:\/\/ecologa-europe.com\/shop\/wp-json\/wp\/v2\/types\/product"}],"wp:featuredmedia":[{"embeddable":true,"href":"https:\/\/ecologa-europe.com\/shop\/wp-json\/wp\/v2\/media\/1780"}],"wp:attachment":[{"href":"https:\/\/ecologa-europe.com\/shop\/wp-json\/wp\/v2\/media?parent=7715"}],"wp:term":[{"taxonomy":"product_brand","embeddable":true,"href":"https:\/\/ecologa-europe.com\/shop\/wp-json\/wp\/v2\/product_brand?post=7715"},{"taxonomy":"product_cat","embeddable":true,"href":"https:\/\/ecologa-europe.com\/shop\/wp-json\/wp\/v2\/product_cat?post=7715"},{"taxonomy":"product_tag","embeddable":true,"href":"https:\/\/ecologa-europe.com\/shop\/wp-json\/wp\/v2\/product_tag?post=7715"}],"curies":[{"name":"wp","href":"https:\/\/api.w.org\/{rel}","templated":true}]}}