{"id":7772,"date":"2025-05-16T10:26:53","date_gmt":"2025-05-16T10:26:53","guid":{"rendered":"https:\/\/639.pm-domains.de\/?post_type=product&#038;p=7772"},"modified":"2025-05-16T10:41:51","modified_gmt":"2025-05-16T10:41:51","slug":"kupfervlies-cu-100","status":"publish","type":"product","link":"https:\/\/ecologa-europe.com\/shop\/produkt\/kupfervlies-cu-100\/","title":{"rendered":"Kupfervlies CU 100"},"content":{"rendered":"<p><strong>Hoch- und Niederfrequenz Abschirmvlies.<\/strong><\/p>\n<p>Leitf\u00e4higes Vlies, das mit reinem Kupfer metallisiert und chemisch gebunden ist, mit einer Abschirmungsf\u00e4higkeit von ca. 80 dB im Frequenzbereich von 0,2 GHz bis 14 GHz.<\/p>\n<p>Das Produkt ist korrosionsbest\u00e4ndig, atmungsaktiv und rei\u00dffest. Es ist besonders leicht.<br \/>\nAufgrund seiner Abschirmungsf\u00e4higkeit von ca. 80 dB eignet sich dieser leitf\u00e4hige Vliesstoff besonders gut f\u00fcr die Abschirmung vor allem im Trockenbau f\u00fcr D\u00e4cher, W\u00e4nde und Decken.<br \/>\nEs eignet sich auch zur Abschirmung von niederfrequenten elektrischen Wechselfeldern, z. B. von medizinischen Ger\u00e4ten und Betten.<\/p>\n<p>Durch die hohe Abschirmd\u00e4mpfung erf\u00fcllt der Vliesstoff h\u00f6chste Anspr\u00fcche.<\/p>\n<ul>\n<li>\u00a0Kupfer (Cu)-beschichteter Vliesstoff + Schutzbeschichtung<\/li>\n<li>\u00a0Thermischer und elektrischer Leiter<\/li>\n<li>\u00a0Schutz gegen elektromagnetische Wellen<\/li>\n<li>\u00a0Basismaterial f\u00fcr EMI\/RFI-Dichtungen<\/li>\n<li>\u00a0Basismaterial f\u00fcr EMI\/RFI-Kabelabschirmung<\/li>\n<\/ul>\n<p>EMV: Abschirmung von Teilen wie Tapeten, antistatische Entladungen in elektronischen Komponenten und EMV-Dichtungen.<\/p>\n<ul>\n<li>\u00a0Oberfl\u00e4chenwiderstand: &lt; 0,02 \u25a1 \/ \u25a1<\/li>\n<li>\u00a0Abschirmwirkung: 80 dB durchschnittlich von 200 MHz bis 14 GHz<\/li>\n<li>\u00a0Temperaturbereich: &#8211; 30\u00b0C bis 90\u00b0C<\/li>\n<li>\u00a0Gesamtdicke: 0,160 mm \u00b1 2%.<\/li>\n<li>\u00a0Gewicht: 80 g\/m2 \u00b1 2%.<\/li>\n<li>\u00a0Rollenbreite: 100 cm<\/li>\n<\/ul>\n<p><strong>Erdungs- und Sicherheitsvorschriften:<\/strong><br \/>\nDie notwendige Installation ist zwingend durch eine Elektrofachkraft vorzusehen. Es muss ein Fehlerstrom-Schutzschalter<br \/>\n(FI oder RCD \u2264 30 mA) im Stromkreis vorhanden sein. Dieses Standardger\u00e4t installiert Ihnen, sofern nicht vorhanden, Ihr<br \/>\nElektriker. Alle Elektroarbeiten (Arbeiten an elektrischen Ger\u00e4ten und Anlagen) m\u00fcssen von einer Elektrofachkraft oder unter<br \/>\nderen Leitung und Aufsicht durchgef\u00fchrt und gepr\u00fcft werden!<\/p>\n","protected":false},"excerpt":{"rendered":"<p>Abschirmvlies zur gro\u00dffl\u00e4chigen Abschirmung von hochfrequenten elektromagnetischen Wellen, niederfrequenten elektrischen Wechselfeldern und zur Ableitung statischer Ladungen.<\/p>\n<p>Geeignet f\u00fcr 5G-Frequenzen<br \/>\nVliesstoff zur Verwendung im Trockenbau<br \/>\nVollst\u00e4ndig verkupfert auf der Oberfl\u00e4che<br \/>\nHohe Abschirmung &gt; 80 dB<br \/>\nDiffusionsoffen, ausgewogene Zugfestigkeit<\/p>\n<p>Durch die hohe Abschirmd\u00e4mpfung erf\u00fcllt der Vliesstoff h\u00f6chste Anspr\u00fcche.<\/p>\n","protected":false},"featured_media":759,"template":"","meta":{"inline_featured_image":false,"site-sidebar-layout":"default","site-content-layout":"","ast-site-content-layout":"default","site-content-style":"default","site-sidebar-style":"default","ast-global-header-display":"","ast-banner-title-visibility":"","ast-main-header-display":"","ast-hfb-above-header-display":"","ast-hfb-below-header-display":"","ast-hfb-mobile-header-display":"","site-post-title":"","ast-breadcrumbs-content":"","ast-featured-img":"","footer-sml-layout":"","ast-disable-related-posts":"","theme-transparent-header-meta":"","adv-header-id-meta":"","stick-header-meta":"","header-above-stick-meta":"","header-main-stick-meta":"","header-below-stick-meta":"","astra-migrate-meta-layouts":"default","ast-page-background-enabled":"default","ast-page-background-meta":{"desktop":{"background-color":"var(--ast-global-color-5)","background-image":"","background-repeat":"repeat","background-position":"center center","background-size":"auto","background-attachment":"scroll","background-type":"","background-media":"","overlay-type":"","overlay-color":"","overlay-opacity":"","overlay-gradient":""},"tablet":{"background-color":"","background-image":"","background-repeat":"repeat","background-position":"center center","background-size":"auto","background-attachment":"scroll","background-type":"","background-media":"","overlay-type":"","overlay-color":"","overlay-opacity":"","overlay-gradient":""},"mobile":{"background-color":"","background-image":"","background-repeat":"repeat","background-position":"center center","background-size":"auto","background-attachment":"scroll","background-type":"","background-media":"","overlay-type":"","overlay-color":"","overlay-opacity":"","overlay-gradient":""}},"ast-content-background-meta":{"desktop":{"background-color":"var(--ast-global-color-4)","background-image":"","background-repeat":"repeat","background-position":"center center","background-size":"auto","background-attachment":"scroll","background-type":"","background-media":"","overlay-type":"","overlay-color":"","overlay-opacity":"","overlay-gradient":""},"tablet":{"background-color":"var(--ast-global-color-4)","background-image":"","background-repeat":"repeat","background-position":"center center","background-size":"auto","background-attachment":"scroll","background-type":"","background-media":"","overlay-type":"","overlay-color":"","overlay-opacity":"","overlay-gradient":""},"mobile":{"background-color":"var(--ast-global-color-4)","background-image":"","background-repeat":"repeat","background-position":"center center","background-size":"auto","background-attachment":"scroll","background-type":"","background-media":"","overlay-type":"","overlay-color":"","overlay-opacity":"","overlay-gradient":""}}},"product_brand":[],"product_cat":[114],"product_tag":[151,21,33],"class_list":{"0":"post-7772","1":"product","2":"type-product","3":"status-publish","4":"has-post-thumbnail","6":"product_cat-abschirmvlies-und-gewirke","7":"product_tag-abschirmvlies","8":"product_tag-schutz-vor-5g","9":"product_tag-schutz-vor-elektrosmog","10":"product_shipping_class-sperrgut","11":"desktop-align-left","12":"tablet-align-left","13":"mobile-align-left","15":"first","16":"instock","17":"taxable","18":"shipping-taxable","19":"purchasable","20":"product-type-simple"},"yoast_head":"<!-- This site is optimized with the Yoast SEO plugin v27.3 - https:\/\/yoast.com\/product\/yoast-seo-wordpress\/ -->\n<title>Kupfervlies CU 100 - Elektrosmog-Schutz Onlineshop<\/title>\n<meta name=\"description\" content=\"Leitf\u00e4higer Vliesstoff aus Kupfer zur gro\u00dffl\u00e4chigen Abschirmung von hochfrequenten elektromagnetischen Wellen, niederfrequenten elektrischen Wechselfeldern und zur Ableitung statischer Ladungen.\" \/>\n<meta name=\"robots\" content=\"index, follow, max-snippet:-1, max-image-preview:large, max-video-preview:-1\" \/>\n<link rel=\"canonical\" href=\"https:\/\/ecologa-europe.com\/shop\/produkt\/kupfervlies-cu-100\/\" \/>\n<meta property=\"og:locale\" content=\"de_DE\" \/>\n<meta property=\"og:type\" content=\"article\" \/>\n<meta property=\"og:title\" content=\"Kupfervlies CU 100 - Elektrosmog-Schutz Onlineshop\" \/>\n<meta property=\"og:description\" content=\"Leitf\u00e4higer Vliesstoff aus Kupfer zur gro\u00dffl\u00e4chigen Abschirmung von hochfrequenten elektromagnetischen Wellen, niederfrequenten elektrischen Wechselfeldern und zur Ableitung statischer Ladungen.\" \/>\n<meta property=\"og:url\" content=\"https:\/\/ecologa-europe.com\/shop\/produkt\/kupfervlies-cu-100\/\" \/>\n<meta property=\"og:site_name\" content=\"Elektrosmog-Schutz Onlineshop\" \/>\n<meta property=\"article:publisher\" content=\"https:\/\/www.facebook.com\/Ecologa-Europe-GmbH-1604744566252298\/\" \/>\n<meta property=\"article:modified_time\" content=\"2025-05-16T10:41:51+00:00\" \/>\n<meta property=\"og:image\" content=\"https:\/\/ecologa-europe.com\/shop\/wp-content\/uploads\/2025\/04\/Koeln-2.jpg\" \/>\n\t<meta property=\"og:image:width\" content=\"1432\" \/>\n\t<meta property=\"og:image:height\" content=\"1035\" \/>\n\t<meta property=\"og:image:type\" content=\"image\/jpeg\" \/>\n<meta name=\"twitter:card\" content=\"summary_large_image\" \/>\n<meta name=\"twitter:label1\" content=\"Gesch\u00e4tzte Lesezeit\" \/>\n\t<meta name=\"twitter:data1\" content=\"2\u00a0Minuten\" \/>\n<script type=\"application\/ld+json\" class=\"yoast-schema-graph\">{\"@context\":\"https:\\\/\\\/schema.org\",\"@graph\":[{\"@type\":\"WebPage\",\"@id\":\"https:\\\/\\\/ecologa-europe.com\\\/shop\\\/produkt\\\/kupfervlies-cu-100\\\/\",\"url\":\"https:\\\/\\\/ecologa-europe.com\\\/shop\\\/produkt\\\/kupfervlies-cu-100\\\/\",\"name\":\"Kupfervlies CU 100 - Elektrosmog-Schutz Onlineshop\",\"isPartOf\":{\"@id\":\"https:\\\/\\\/ecologa-europe.com\\\/shop\\\/#website\"},\"primaryImageOfPage\":{\"@id\":\"https:\\\/\\\/ecologa-europe.com\\\/shop\\\/produkt\\\/kupfervlies-cu-100\\\/#primaryimage\"},\"image\":{\"@id\":\"https:\\\/\\\/ecologa-europe.com\\\/shop\\\/produkt\\\/kupfervlies-cu-100\\\/#primaryimage\"},\"thumbnailUrl\":\"https:\\\/\\\/ecologa-europe.com\\\/shop\\\/wp-content\\\/uploads\\\/2025\\\/04\\\/Koeln-2.jpg\",\"datePublished\":\"2025-05-16T10:26:53+00:00\",\"dateModified\":\"2025-05-16T10:41:51+00:00\",\"description\":\"Leitf\u00e4higer Vliesstoff aus Kupfer zur gro\u00dffl\u00e4chigen Abschirmung von hochfrequenten elektromagnetischen Wellen, niederfrequenten elektrischen Wechselfeldern und zur Ableitung statischer Ladungen.\",\"breadcrumb\":{\"@id\":\"https:\\\/\\\/ecologa-europe.com\\\/shop\\\/produkt\\\/kupfervlies-cu-100\\\/#breadcrumb\"},\"inLanguage\":\"de\",\"potentialAction\":[{\"@type\":\"ReadAction\",\"target\":[\"https:\\\/\\\/ecologa-europe.com\\\/shop\\\/produkt\\\/kupfervlies-cu-100\\\/\"]}]},{\"@type\":\"ImageObject\",\"inLanguage\":\"de\",\"@id\":\"https:\\\/\\\/ecologa-europe.com\\\/shop\\\/produkt\\\/kupfervlies-cu-100\\\/#primaryimage\",\"url\":\"https:\\\/\\\/ecologa-europe.com\\\/shop\\\/wp-content\\\/uploads\\\/2025\\\/04\\\/Koeln-2.jpg\",\"contentUrl\":\"https:\\\/\\\/ecologa-europe.com\\\/shop\\\/wp-content\\\/uploads\\\/2025\\\/04\\\/Koeln-2.jpg\",\"width\":1432,\"height\":1035},{\"@type\":\"BreadcrumbList\",\"@id\":\"https:\\\/\\\/ecologa-europe.com\\\/shop\\\/produkt\\\/kupfervlies-cu-100\\\/#breadcrumb\",\"itemListElement\":[{\"@type\":\"ListItem\",\"position\":1,\"name\":\"Startseite\",\"item\":\"https:\\\/\\\/ecologa-europe.com\\\/shop\\\/\"},{\"@type\":\"ListItem\",\"position\":2,\"name\":\"Shop\",\"item\":\"https:\\\/\\\/ecologa-europe.com\\\/shop\\\/shop\\\/\"},{\"@type\":\"ListItem\",\"position\":3,\"name\":\"Kupfervlies CU 100\"}]},{\"@type\":\"WebSite\",\"@id\":\"https:\\\/\\\/ecologa-europe.com\\\/shop\\\/#website\",\"url\":\"https:\\\/\\\/ecologa-europe.com\\\/shop\\\/\",\"name\":\"Elektrosmog-Schutz Onlineshop\",\"description\":\"Ecologa Europe\",\"publisher\":{\"@id\":\"https:\\\/\\\/ecologa-europe.com\\\/shop\\\/#organization\"},\"potentialAction\":[{\"@type\":\"SearchAction\",\"target\":{\"@type\":\"EntryPoint\",\"urlTemplate\":\"https:\\\/\\\/ecologa-europe.com\\\/shop\\\/?s={search_term_string}\"},\"query-input\":{\"@type\":\"PropertyValueSpecification\",\"valueRequired\":true,\"valueName\":\"search_term_string\"}}],\"inLanguage\":\"de\"},{\"@type\":\"Organization\",\"@id\":\"https:\\\/\\\/ecologa-europe.com\\\/shop\\\/#organization\",\"name\":\"Elektrosmog-Schutz Onlineshop\",\"url\":\"https:\\\/\\\/ecologa-europe.com\\\/shop\\\/\",\"logo\":{\"@type\":\"ImageObject\",\"inLanguage\":\"de\",\"@id\":\"https:\\\/\\\/ecologa-europe.com\\\/shop\\\/#\\\/schema\\\/logo\\\/image\\\/\",\"url\":\"https:\\\/\\\/ecologa-europe.com\\\/shop\\\/wp-content\\\/uploads\\\/2025\\\/04\\\/vertical-navbar-logo.svg\",\"contentUrl\":\"https:\\\/\\\/ecologa-europe.com\\\/shop\\\/wp-content\\\/uploads\\\/2025\\\/04\\\/vertical-navbar-logo.svg\",\"width\":182,\"height\":70,\"caption\":\"Elektrosmog-Schutz Onlineshop\"},\"image\":{\"@id\":\"https:\\\/\\\/ecologa-europe.com\\\/shop\\\/#\\\/schema\\\/logo\\\/image\\\/\"},\"sameAs\":[\"https:\\\/\\\/www.facebook.com\\\/Ecologa-Europe-GmbH-1604744566252298\\\/\",\"https:\\\/\\\/www.instagram.com\\\/ecologaeurope\\\/\"]}]}<\/script>\n<!-- \/ Yoast SEO plugin. -->","yoast_head_json":{"title":"Kupfervlies CU 100 - Elektrosmog-Schutz Onlineshop","description":"Leitf\u00e4higer Vliesstoff aus Kupfer zur gro\u00dffl\u00e4chigen Abschirmung von hochfrequenten elektromagnetischen Wellen, niederfrequenten elektrischen Wechselfeldern und zur Ableitung statischer Ladungen.","robots":{"index":"index","follow":"follow","max-snippet":"max-snippet:-1","max-image-preview":"max-image-preview:large","max-video-preview":"max-video-preview:-1"},"canonical":"https:\/\/ecologa-europe.com\/shop\/produkt\/kupfervlies-cu-100\/","og_locale":"de_DE","og_type":"article","og_title":"Kupfervlies CU 100 - Elektrosmog-Schutz Onlineshop","og_description":"Leitf\u00e4higer Vliesstoff aus Kupfer zur gro\u00dffl\u00e4chigen Abschirmung von hochfrequenten elektromagnetischen Wellen, niederfrequenten elektrischen Wechselfeldern und zur Ableitung statischer Ladungen.","og_url":"https:\/\/ecologa-europe.com\/shop\/produkt\/kupfervlies-cu-100\/","og_site_name":"Elektrosmog-Schutz Onlineshop","article_publisher":"https:\/\/www.facebook.com\/Ecologa-Europe-GmbH-1604744566252298\/","article_modified_time":"2025-05-16T10:41:51+00:00","og_image":[{"width":1432,"height":1035,"url":"https:\/\/ecologa-europe.com\/shop\/wp-content\/uploads\/2025\/04\/Koeln-2.jpg","type":"image\/jpeg"}],"twitter_card":"summary_large_image","twitter_misc":{"Gesch\u00e4tzte Lesezeit":"2\u00a0Minuten"},"schema":{"@context":"https:\/\/schema.org","@graph":[{"@type":"WebPage","@id":"https:\/\/ecologa-europe.com\/shop\/produkt\/kupfervlies-cu-100\/","url":"https:\/\/ecologa-europe.com\/shop\/produkt\/kupfervlies-cu-100\/","name":"Kupfervlies CU 100 - Elektrosmog-Schutz Onlineshop","isPartOf":{"@id":"https:\/\/ecologa-europe.com\/shop\/#website"},"primaryImageOfPage":{"@id":"https:\/\/ecologa-europe.com\/shop\/produkt\/kupfervlies-cu-100\/#primaryimage"},"image":{"@id":"https:\/\/ecologa-europe.com\/shop\/produkt\/kupfervlies-cu-100\/#primaryimage"},"thumbnailUrl":"https:\/\/ecologa-europe.com\/shop\/wp-content\/uploads\/2025\/04\/Koeln-2.jpg","datePublished":"2025-05-16T10:26:53+00:00","dateModified":"2025-05-16T10:41:51+00:00","description":"Leitf\u00e4higer Vliesstoff aus Kupfer zur gro\u00dffl\u00e4chigen Abschirmung von hochfrequenten elektromagnetischen Wellen, niederfrequenten elektrischen Wechselfeldern und zur Ableitung statischer Ladungen.","breadcrumb":{"@id":"https:\/\/ecologa-europe.com\/shop\/produkt\/kupfervlies-cu-100\/#breadcrumb"},"inLanguage":"de","potentialAction":[{"@type":"ReadAction","target":["https:\/\/ecologa-europe.com\/shop\/produkt\/kupfervlies-cu-100\/"]}]},{"@type":"ImageObject","inLanguage":"de","@id":"https:\/\/ecologa-europe.com\/shop\/produkt\/kupfervlies-cu-100\/#primaryimage","url":"https:\/\/ecologa-europe.com\/shop\/wp-content\/uploads\/2025\/04\/Koeln-2.jpg","contentUrl":"https:\/\/ecologa-europe.com\/shop\/wp-content\/uploads\/2025\/04\/Koeln-2.jpg","width":1432,"height":1035},{"@type":"BreadcrumbList","@id":"https:\/\/ecologa-europe.com\/shop\/produkt\/kupfervlies-cu-100\/#breadcrumb","itemListElement":[{"@type":"ListItem","position":1,"name":"Startseite","item":"https:\/\/ecologa-europe.com\/shop\/"},{"@type":"ListItem","position":2,"name":"Shop","item":"https:\/\/ecologa-europe.com\/shop\/shop\/"},{"@type":"ListItem","position":3,"name":"Kupfervlies CU 100"}]},{"@type":"WebSite","@id":"https:\/\/ecologa-europe.com\/shop\/#website","url":"https:\/\/ecologa-europe.com\/shop\/","name":"Elektrosmog-Schutz Onlineshop","description":"Ecologa Europe","publisher":{"@id":"https:\/\/ecologa-europe.com\/shop\/#organization"},"potentialAction":[{"@type":"SearchAction","target":{"@type":"EntryPoint","urlTemplate":"https:\/\/ecologa-europe.com\/shop\/?s={search_term_string}"},"query-input":{"@type":"PropertyValueSpecification","valueRequired":true,"valueName":"search_term_string"}}],"inLanguage":"de"},{"@type":"Organization","@id":"https:\/\/ecologa-europe.com\/shop\/#organization","name":"Elektrosmog-Schutz Onlineshop","url":"https:\/\/ecologa-europe.com\/shop\/","logo":{"@type":"ImageObject","inLanguage":"de","@id":"https:\/\/ecologa-europe.com\/shop\/#\/schema\/logo\/image\/","url":"https:\/\/ecologa-europe.com\/shop\/wp-content\/uploads\/2025\/04\/vertical-navbar-logo.svg","contentUrl":"https:\/\/ecologa-europe.com\/shop\/wp-content\/uploads\/2025\/04\/vertical-navbar-logo.svg","width":182,"height":70,"caption":"Elektrosmog-Schutz Onlineshop"},"image":{"@id":"https:\/\/ecologa-europe.com\/shop\/#\/schema\/logo\/image\/"},"sameAs":["https:\/\/www.facebook.com\/Ecologa-Europe-GmbH-1604744566252298\/","https:\/\/www.instagram.com\/ecologaeurope\/"]}]}},"_links":{"self":[{"href":"https:\/\/ecologa-europe.com\/shop\/wp-json\/wp\/v2\/product\/7772","targetHints":{"allow":["GET"]}}],"collection":[{"href":"https:\/\/ecologa-europe.com\/shop\/wp-json\/wp\/v2\/product"}],"about":[{"href":"https:\/\/ecologa-europe.com\/shop\/wp-json\/wp\/v2\/types\/product"}],"wp:featuredmedia":[{"embeddable":true,"href":"https:\/\/ecologa-europe.com\/shop\/wp-json\/wp\/v2\/media\/759"}],"wp:attachment":[{"href":"https:\/\/ecologa-europe.com\/shop\/wp-json\/wp\/v2\/media?parent=7772"}],"wp:term":[{"taxonomy":"product_brand","embeddable":true,"href":"https:\/\/ecologa-europe.com\/shop\/wp-json\/wp\/v2\/product_brand?post=7772"},{"taxonomy":"product_cat","embeddable":true,"href":"https:\/\/ecologa-europe.com\/shop\/wp-json\/wp\/v2\/product_cat?post=7772"},{"taxonomy":"product_tag","embeddable":true,"href":"https:\/\/ecologa-europe.com\/shop\/wp-json\/wp\/v2\/product_tag?post=7772"}],"curies":[{"name":"wp","href":"https:\/\/api.w.org\/{rel}","templated":true}]}}