{"id":7773,"date":"2025-05-16T10:26:53","date_gmt":"2025-05-16T10:26:53","guid":{"rendered":"https:\/\/639.pm-domains.de\/?post_type=product&#038;p=7773"},"modified":"2025-05-16T10:41:53","modified_gmt":"2025-05-16T10:41:53","slug":"non-tisse-cuivre-cu-100","status":"publish","type":"product","link":"https:\/\/ecologa-europe.com\/shop\/produkt\/non-tisse-cuivre-cu-100\/?lang=fr","title":{"rendered":"Non-tiss\u00e9 cuivre CU 100"},"content":{"rendered":"<p><strong>Tissu de blindage haute et basse fr\u00e9quence.<\/strong><\/p>\n<p>Non-tiss\u00e9 conducteur m\u00e9tallis\u00e9 avec du cuivre pur et li\u00e9 chimiquement, avec une capacit\u00e9 de blindage d&#8217;environ 80 dB dans la gamme de fr\u00e9quences de 0,2 GHz \u00e0 14 GHz.<\/p>\n<p>Le produit est r\u00e9sistant \u00e0 la corrosion, respirant et ind\u00e9chirable. Il est particuli\u00e8rement l\u00e9ger.<br \/>\nEn raison de sa capacit\u00e9 de blindage d&#8217;environ 80 dB, ce non-tiss\u00e9 conducteur convient particuli\u00e8rement bien pour le blindage, surtout dans la construction s\u00e8che pour les toits, les murs et les plafonds.<br \/>\nIl convient \u00e9galement pour le blindage des champs \u00e9lectriques alternatifs \u00e0 basse fr\u00e9quence, par exemple des appareils m\u00e9dicaux et des lits.<\/p>\n<p>Gr\u00e2ce \u00e0 sa grande capacit\u00e9 d&#8217;att\u00e9nuation du blindage, le non-tiss\u00e9 r\u00e9pond aux exigences les plus \u00e9lev\u00e9es.<\/p>\n<ul>\n<li>\u00a0Non-tiss\u00e9 rev\u00eatu de cuivre (Cu) + rev\u00eatement de protection<\/li>\n<li>\u00a0Conducteur thermique et \u00e9lectrique<\/li>\n<li>\u00a0Protection contre les ondes \u00e9lectromagn\u00e9tiques<\/li>\n<li>\u00a0Mat\u00e9riau de base pour joints EMI\/RFI<\/li>\n<li>\u00a0Mat\u00e9riau de base pour le blindage de c\u00e2bles EMI\/RFI<\/li>\n<\/ul>\n<p>CEM : blindage de pi\u00e8ces comme le papier peint, les d\u00e9charges antistatiques dans les composants \u00e9lectroniques et les joints CEM.<\/p>\n<ul>\n<li>\u00a0R\u00e9sistance de surface : &lt; 0,02 \u25a1 \/ \u25a1<\/li>\n<li>\u00a0Effet de blindage : 80 dB en moyenne de 200 MHz \u00e0 14 GHz<\/li>\n<li>\u00a0Plage de temp\u00e9rature : &#8211; 30\u00b0C \u00e0 90\u00b0C<\/li>\n<li>\u00a0\u00c9paisseur totale : 0,160 mm \u00b1 2%.<\/li>\n<li>\u00a0Poids : 80 g\/m2 \u00b1 2%.<\/li>\n<li>\u00a0Largeur du rouleau : 100 cm<\/li>\n<\/ul>\n<p><strong>R\u00e8gles de mise \u00e0 la terre et de s\u00e9curit\u00e9:<\/strong><br \/>\nL&#8217;installation n\u00e9cessaire doit imp\u00e9rativement \u00eatre pr\u00e9vue par un \u00e9lectricien sp\u00e9cialis\u00e9. Un disjoncteur de protection \u00e0 courant de d\u00e9faut<br \/>\n(FI ou RCD \u2264 30 mA) doit \u00eatre pr\u00e9sent dans le circuit \u00e9lectrique. Si vous ne disposez pas de cet appareil standard, votre \u00e9lectricien vous l&#8217;installera. Tous les travaux \u00e9lectriques (travaux sur les appareils et installations \u00e9lectriques) doivent \u00eatre effectu\u00e9s et contr\u00f4l\u00e9s par un \u00e9lectricien qualifi\u00e9 ou sous sa direction et sa surveillance !<\/p>\n","protected":false},"excerpt":{"rendered":"<p>Non-tiss\u00e9 de blindage pour le blindage de grandes surfaces contre les ondes \u00e9lectromagn\u00e9tiques \u00e0 haute fr\u00e9quence, les champs \u00e9lectriques alternatifs \u00e0 basse fr\u00e9quence et pour la dissipation des charges statiques.<\/p>\n<p>Convient pour les fr\u00e9quences 5G.<br \/>\nNon-tiss\u00e9 pour utilisation dans la construction s\u00e8che<br \/>\nEnti\u00e8rement cuivr\u00e9 en surface<br \/>\nBlindage \u00e9lev\u00e9 &gt;80 dB<br \/>\nOuvert \u00e0 la diffusion, r\u00e9sistance \u00e0 la traction \u00e9quilibr\u00e9e<\/p>\n<p>Gr\u00e2ce \u00e0 l&#8217;att\u00e9nuation \u00e9lev\u00e9e du blindage, le non-tiss\u00e9 r\u00e9pond aux exigences les plus \u00e9lev\u00e9es.<\/p>\n","protected":false},"featured_media":1816,"template":"","meta":{"inline_featured_image":false,"site-sidebar-layout":"default","site-content-layout":"","ast-site-content-layout":"default","site-content-style":"default","site-sidebar-style":"default","ast-global-header-display":"","ast-banner-title-visibility":"","ast-main-header-display":"","ast-hfb-above-header-display":"","ast-hfb-below-header-display":"","ast-hfb-mobile-header-display":"","site-post-title":"","ast-breadcrumbs-content":"","ast-featured-img":"","footer-sml-layout":"","ast-disable-related-posts":"","theme-transparent-header-meta":"default","adv-header-id-meta":"","stick-header-meta":"","header-above-stick-meta":"","header-main-stick-meta":"","header-below-stick-meta":"","astra-migrate-meta-layouts":"default","ast-page-background-enabled":"default","ast-page-background-meta":{"desktop":{"background-color":"var(--ast-global-color-5)","background-image":"","background-repeat":"repeat","background-position":"center center","background-size":"auto","background-attachment":"scroll","background-type":"","background-media":"","overlay-type":"","overlay-color":"","overlay-opacity":"","overlay-gradient":""},"tablet":{"background-color":"","background-image":"","background-repeat":"repeat","background-position":"center center","background-size":"auto","background-attachment":"scroll","background-type":"","background-media":"","overlay-type":"","overlay-color":"","overlay-opacity":"","overlay-gradient":""},"mobile":{"background-color":"","background-image":"","background-repeat":"repeat","background-position":"center center","background-size":"auto","background-attachment":"scroll","background-type":"","background-media":"","overlay-type":"","overlay-color":"","overlay-opacity":"","overlay-gradient":""}},"ast-content-background-meta":{"desktop":{"background-color":"var(--ast-global-color-4)","background-image":"","background-repeat":"repeat","background-position":"center center","background-size":"auto","background-attachment":"scroll","background-type":"","background-media":"","overlay-type":"","overlay-color":"","overlay-opacity":"","overlay-gradient":""},"tablet":{"background-color":"var(--ast-global-color-4)","background-image":"","background-repeat":"repeat","background-position":"center center","background-size":"auto","background-attachment":"scroll","background-type":"","background-media":"","overlay-type":"","overlay-color":"","overlay-opacity":"","overlay-gradient":""},"mobile":{"background-color":"var(--ast-global-color-4)","background-image":"","background-repeat":"repeat","background-position":"center center","background-size":"auto","background-attachment":"scroll","background-type":"","background-media":"","overlay-type":"","overlay-color":"","overlay-opacity":"","overlay-gradient":""}}},"product_brand":[],"product_cat":[281],"product_tag":[421,208,187],"class_list":{"0":"post-7773","1":"product","2":"type-product","3":"status-publish","4":"has-post-thumbnail","6":"product_cat-non-tisse-et-treillis-de-blindage","7":"product_tag-non-tisse-de-blindage","8":"product_tag-protection-contre-lelectrosmog","9":"product_tag-protection-contre-la-5g","10":"product_shipping_class-sperrgut","11":"desktop-align-left","12":"tablet-align-left","13":"mobile-align-left","15":"first","16":"instock","17":"taxable","18":"shipping-taxable","19":"purchasable","20":"product-type-simple"},"yoast_head":"<!-- This site is optimized with the Yoast SEO plugin v27.4 - https:\/\/yoast.com\/product\/yoast-seo-wordpress\/ -->\n<title>Non-tiss\u00e9 cuivre CU 100 - Elektrosmog-Schutz Onlineshop<\/title>\n<meta name=\"description\" content=\"Non-tiss\u00e9 conducteur en cuivre pour le blindage de grandes surfaces contre les ondes \u00e9lectromagn\u00e9tiques \u00e0 haute fr\u00e9quence, les champs \u00e9lectriques alternatifs \u00e0 basse fr\u00e9quence et pour la dissipation des charges statiques.\" \/>\n<meta name=\"robots\" content=\"index, follow, max-snippet:-1, max-image-preview:large, max-video-preview:-1\" \/>\n<link rel=\"canonical\" href=\"https:\/\/ecologa-europe.com\/shop\/produkt\/non-tisse-cuivre-cu-100\/\" \/>\n<meta property=\"og:locale\" content=\"de_DE\" \/>\n<meta property=\"og:type\" content=\"article\" \/>\n<meta property=\"og:title\" content=\"Non-tiss\u00e9 cuivre CU 100 - Elektrosmog-Schutz Onlineshop\" \/>\n<meta property=\"og:description\" content=\"Non-tiss\u00e9 conducteur en cuivre pour le blindage de grandes surfaces contre les ondes \u00e9lectromagn\u00e9tiques \u00e0 haute fr\u00e9quence, les champs \u00e9lectriques alternatifs \u00e0 basse fr\u00e9quence et pour la dissipation des charges statiques.\" \/>\n<meta property=\"og:url\" content=\"https:\/\/ecologa-europe.com\/shop\/produkt\/non-tisse-cuivre-cu-100\/?lang=fr\" \/>\n<meta property=\"og:site_name\" content=\"Elektrosmog-Schutz Onlineshop\" \/>\n<meta property=\"article:publisher\" content=\"https:\/\/www.facebook.com\/Ecologa-Europe-GmbH-1604744566252298\/\" \/>\n<meta property=\"article:modified_time\" content=\"2025-05-16T10:41:53+00:00\" \/>\n<meta property=\"og:image\" content=\"https:\/\/ecologa-europe.com\/shop\/wp-content\/uploads\/2025\/04\/Koeln-2.jpg\" \/>\n\t<meta property=\"og:image:width\" content=\"1432\" \/>\n\t<meta property=\"og:image:height\" content=\"1035\" \/>\n\t<meta property=\"og:image:type\" content=\"image\/jpeg\" \/>\n<meta name=\"twitter:card\" content=\"summary_large_image\" \/>\n<meta name=\"twitter:label1\" content=\"Gesch\u00e4tzte Lesezeit\" \/>\n\t<meta name=\"twitter:data1\" content=\"2\u00a0Minuten\" \/>\n<script type=\"application\/ld+json\" class=\"yoast-schema-graph\">{\"@context\":\"https:\\\/\\\/schema.org\",\"@graph\":[{\"@type\":\"WebPage\",\"@id\":\"https:\\\/\\\/ecologa-europe.com\\\/shop\\\/produkt\\\/non-tisse-cuivre-cu-100\\\/?lang=fr\",\"url\":\"https:\\\/\\\/ecologa-europe.com\\\/shop\\\/produkt\\\/non-tisse-cuivre-cu-100\\\/?lang=fr\",\"name\":\"Non-tiss\u00e9 cuivre CU 100 - Elektrosmog-Schutz Onlineshop\",\"isPartOf\":{\"@id\":\"https:\\\/\\\/ecologa-europe.com\\\/shop\\\/#website\"},\"primaryImageOfPage\":{\"@id\":\"https:\\\/\\\/ecologa-europe.com\\\/shop\\\/produkt\\\/non-tisse-cuivre-cu-100\\\/?lang=fr#primaryimage\"},\"image\":{\"@id\":\"https:\\\/\\\/ecologa-europe.com\\\/shop\\\/produkt\\\/non-tisse-cuivre-cu-100\\\/?lang=fr#primaryimage\"},\"thumbnailUrl\":\"https:\\\/\\\/ecologa-europe.com\\\/shop\\\/wp-content\\\/uploads\\\/2025\\\/04\\\/Koeln-2.jpg\",\"datePublished\":\"2025-05-16T10:26:53+00:00\",\"dateModified\":\"2025-05-16T10:41:53+00:00\",\"description\":\"Non-tiss\u00e9 conducteur en cuivre pour le blindage de grandes surfaces contre les ondes \u00e9lectromagn\u00e9tiques \u00e0 haute fr\u00e9quence, les champs \u00e9lectriques alternatifs \u00e0 basse fr\u00e9quence et pour la dissipation des charges statiques.\",\"breadcrumb\":{\"@id\":\"https:\\\/\\\/ecologa-europe.com\\\/shop\\\/produkt\\\/non-tisse-cuivre-cu-100\\\/?lang=fr#breadcrumb\"},\"inLanguage\":\"de\",\"potentialAction\":[{\"@type\":\"ReadAction\",\"target\":[\"https:\\\/\\\/ecologa-europe.com\\\/shop\\\/produkt\\\/non-tisse-cuivre-cu-100\\\/?lang=fr\"]}]},{\"@type\":\"ImageObject\",\"inLanguage\":\"de\",\"@id\":\"https:\\\/\\\/ecologa-europe.com\\\/shop\\\/produkt\\\/non-tisse-cuivre-cu-100\\\/?lang=fr#primaryimage\",\"url\":\"https:\\\/\\\/ecologa-europe.com\\\/shop\\\/wp-content\\\/uploads\\\/2025\\\/04\\\/Koeln-2.jpg\",\"contentUrl\":\"https:\\\/\\\/ecologa-europe.com\\\/shop\\\/wp-content\\\/uploads\\\/2025\\\/04\\\/Koeln-2.jpg\",\"width\":1432,\"height\":1035},{\"@type\":\"BreadcrumbList\",\"@id\":\"https:\\\/\\\/ecologa-europe.com\\\/shop\\\/produkt\\\/non-tisse-cuivre-cu-100\\\/?lang=fr#breadcrumb\",\"itemListElement\":[{\"@type\":\"ListItem\",\"position\":1,\"name\":\"Startseite\",\"item\":\"https:\\\/\\\/ecologa-europe.com\\\/shop\\\/\"},{\"@type\":\"ListItem\",\"position\":2,\"name\":\"Shop\",\"item\":\"https:\\\/\\\/ecologa-europe.com\\\/shop\\\/shop\\\/\"},{\"@type\":\"ListItem\",\"position\":3,\"name\":\"Non-tiss\u00e9 cuivre CU 100\"}]},{\"@type\":\"WebSite\",\"@id\":\"https:\\\/\\\/ecologa-europe.com\\\/shop\\\/#website\",\"url\":\"https:\\\/\\\/ecologa-europe.com\\\/shop\\\/\",\"name\":\"Elektrosmog-Schutz Onlineshop\",\"description\":\"Ecologa Europe\",\"publisher\":{\"@id\":\"https:\\\/\\\/ecologa-europe.com\\\/shop\\\/#organization\"},\"potentialAction\":[{\"@type\":\"SearchAction\",\"target\":{\"@type\":\"EntryPoint\",\"urlTemplate\":\"https:\\\/\\\/ecologa-europe.com\\\/shop\\\/?s={search_term_string}\"},\"query-input\":{\"@type\":\"PropertyValueSpecification\",\"valueRequired\":true,\"valueName\":\"search_term_string\"}}],\"inLanguage\":\"de\"},{\"@type\":\"Organization\",\"@id\":\"https:\\\/\\\/ecologa-europe.com\\\/shop\\\/#organization\",\"name\":\"Elektrosmog-Schutz Onlineshop\",\"url\":\"https:\\\/\\\/ecologa-europe.com\\\/shop\\\/\",\"logo\":{\"@type\":\"ImageObject\",\"inLanguage\":\"de\",\"@id\":\"https:\\\/\\\/ecologa-europe.com\\\/shop\\\/#\\\/schema\\\/logo\\\/image\\\/\",\"url\":\"https:\\\/\\\/ecologa-europe.com\\\/shop\\\/wp-content\\\/uploads\\\/2025\\\/04\\\/vertical-navbar-logo.svg\",\"contentUrl\":\"https:\\\/\\\/ecologa-europe.com\\\/shop\\\/wp-content\\\/uploads\\\/2025\\\/04\\\/vertical-navbar-logo.svg\",\"width\":182,\"height\":70,\"caption\":\"Elektrosmog-Schutz Onlineshop\"},\"image\":{\"@id\":\"https:\\\/\\\/ecologa-europe.com\\\/shop\\\/#\\\/schema\\\/logo\\\/image\\\/\"},\"sameAs\":[\"https:\\\/\\\/www.facebook.com\\\/Ecologa-Europe-GmbH-1604744566252298\\\/\",\"https:\\\/\\\/www.instagram.com\\\/ecologaeurope\\\/\"]}]}<\/script>\n<!-- \/ Yoast SEO plugin. -->","yoast_head_json":{"title":"Non-tiss\u00e9 cuivre CU 100 - Elektrosmog-Schutz Onlineshop","description":"Non-tiss\u00e9 conducteur en cuivre pour le blindage de grandes surfaces contre les ondes \u00e9lectromagn\u00e9tiques \u00e0 haute fr\u00e9quence, les champs \u00e9lectriques alternatifs \u00e0 basse fr\u00e9quence et pour la dissipation des charges statiques.","robots":{"index":"index","follow":"follow","max-snippet":"max-snippet:-1","max-image-preview":"max-image-preview:large","max-video-preview":"max-video-preview:-1"},"canonical":"https:\/\/ecologa-europe.com\/shop\/produkt\/non-tisse-cuivre-cu-100\/","og_locale":"de_DE","og_type":"article","og_title":"Non-tiss\u00e9 cuivre CU 100 - Elektrosmog-Schutz Onlineshop","og_description":"Non-tiss\u00e9 conducteur en cuivre pour le blindage de grandes surfaces contre les ondes \u00e9lectromagn\u00e9tiques \u00e0 haute fr\u00e9quence, les champs \u00e9lectriques alternatifs \u00e0 basse fr\u00e9quence et pour la dissipation des charges statiques.","og_url":"https:\/\/ecologa-europe.com\/shop\/produkt\/non-tisse-cuivre-cu-100\/?lang=fr","og_site_name":"Elektrosmog-Schutz Onlineshop","article_publisher":"https:\/\/www.facebook.com\/Ecologa-Europe-GmbH-1604744566252298\/","article_modified_time":"2025-05-16T10:41:53+00:00","og_image":[{"width":1432,"height":1035,"url":"https:\/\/ecologa-europe.com\/shop\/wp-content\/uploads\/2025\/04\/Koeln-2.jpg","type":"image\/jpeg"}],"twitter_card":"summary_large_image","twitter_misc":{"Gesch\u00e4tzte Lesezeit":"2\u00a0Minuten"},"schema":{"@context":"https:\/\/schema.org","@graph":[{"@type":"WebPage","@id":"https:\/\/ecologa-europe.com\/shop\/produkt\/non-tisse-cuivre-cu-100\/?lang=fr","url":"https:\/\/ecologa-europe.com\/shop\/produkt\/non-tisse-cuivre-cu-100\/?lang=fr","name":"Non-tiss\u00e9 cuivre CU 100 - Elektrosmog-Schutz Onlineshop","isPartOf":{"@id":"https:\/\/ecologa-europe.com\/shop\/#website"},"primaryImageOfPage":{"@id":"https:\/\/ecologa-europe.com\/shop\/produkt\/non-tisse-cuivre-cu-100\/?lang=fr#primaryimage"},"image":{"@id":"https:\/\/ecologa-europe.com\/shop\/produkt\/non-tisse-cuivre-cu-100\/?lang=fr#primaryimage"},"thumbnailUrl":"https:\/\/ecologa-europe.com\/shop\/wp-content\/uploads\/2025\/04\/Koeln-2.jpg","datePublished":"2025-05-16T10:26:53+00:00","dateModified":"2025-05-16T10:41:53+00:00","description":"Non-tiss\u00e9 conducteur en cuivre pour le blindage de grandes surfaces contre les ondes \u00e9lectromagn\u00e9tiques \u00e0 haute fr\u00e9quence, les champs \u00e9lectriques alternatifs \u00e0 basse fr\u00e9quence et pour la dissipation des charges statiques.","breadcrumb":{"@id":"https:\/\/ecologa-europe.com\/shop\/produkt\/non-tisse-cuivre-cu-100\/?lang=fr#breadcrumb"},"inLanguage":"de","potentialAction":[{"@type":"ReadAction","target":["https:\/\/ecologa-europe.com\/shop\/produkt\/non-tisse-cuivre-cu-100\/?lang=fr"]}]},{"@type":"ImageObject","inLanguage":"de","@id":"https:\/\/ecologa-europe.com\/shop\/produkt\/non-tisse-cuivre-cu-100\/?lang=fr#primaryimage","url":"https:\/\/ecologa-europe.com\/shop\/wp-content\/uploads\/2025\/04\/Koeln-2.jpg","contentUrl":"https:\/\/ecologa-europe.com\/shop\/wp-content\/uploads\/2025\/04\/Koeln-2.jpg","width":1432,"height":1035},{"@type":"BreadcrumbList","@id":"https:\/\/ecologa-europe.com\/shop\/produkt\/non-tisse-cuivre-cu-100\/?lang=fr#breadcrumb","itemListElement":[{"@type":"ListItem","position":1,"name":"Startseite","item":"https:\/\/ecologa-europe.com\/shop\/"},{"@type":"ListItem","position":2,"name":"Shop","item":"https:\/\/ecologa-europe.com\/shop\/shop\/"},{"@type":"ListItem","position":3,"name":"Non-tiss\u00e9 cuivre CU 100"}]},{"@type":"WebSite","@id":"https:\/\/ecologa-europe.com\/shop\/#website","url":"https:\/\/ecologa-europe.com\/shop\/","name":"Elektrosmog-Schutz Onlineshop","description":"Ecologa Europe","publisher":{"@id":"https:\/\/ecologa-europe.com\/shop\/#organization"},"potentialAction":[{"@type":"SearchAction","target":{"@type":"EntryPoint","urlTemplate":"https:\/\/ecologa-europe.com\/shop\/?s={search_term_string}"},"query-input":{"@type":"PropertyValueSpecification","valueRequired":true,"valueName":"search_term_string"}}],"inLanguage":"de"},{"@type":"Organization","@id":"https:\/\/ecologa-europe.com\/shop\/#organization","name":"Elektrosmog-Schutz Onlineshop","url":"https:\/\/ecologa-europe.com\/shop\/","logo":{"@type":"ImageObject","inLanguage":"de","@id":"https:\/\/ecologa-europe.com\/shop\/#\/schema\/logo\/image\/","url":"https:\/\/ecologa-europe.com\/shop\/wp-content\/uploads\/2025\/04\/vertical-navbar-logo.svg","contentUrl":"https:\/\/ecologa-europe.com\/shop\/wp-content\/uploads\/2025\/04\/vertical-navbar-logo.svg","width":182,"height":70,"caption":"Elektrosmog-Schutz Onlineshop"},"image":{"@id":"https:\/\/ecologa-europe.com\/shop\/#\/schema\/logo\/image\/"},"sameAs":["https:\/\/www.facebook.com\/Ecologa-Europe-GmbH-1604744566252298\/","https:\/\/www.instagram.com\/ecologaeurope\/"]}]}},"_links":{"self":[{"href":"https:\/\/ecologa-europe.com\/shop\/wp-json\/wp\/v2\/product\/7773","targetHints":{"allow":["GET"]}}],"collection":[{"href":"https:\/\/ecologa-europe.com\/shop\/wp-json\/wp\/v2\/product"}],"about":[{"href":"https:\/\/ecologa-europe.com\/shop\/wp-json\/wp\/v2\/types\/product"}],"wp:featuredmedia":[{"embeddable":true,"href":"https:\/\/ecologa-europe.com\/shop\/wp-json\/wp\/v2\/media\/1816"}],"wp:attachment":[{"href":"https:\/\/ecologa-europe.com\/shop\/wp-json\/wp\/v2\/media?parent=7773"}],"wp:term":[{"taxonomy":"product_brand","embeddable":true,"href":"https:\/\/ecologa-europe.com\/shop\/wp-json\/wp\/v2\/product_brand?post=7773"},{"taxonomy":"product_cat","embeddable":true,"href":"https:\/\/ecologa-europe.com\/shop\/wp-json\/wp\/v2\/product_cat?post=7773"},{"taxonomy":"product_tag","embeddable":true,"href":"https:\/\/ecologa-europe.com\/shop\/wp-json\/wp\/v2\/product_tag?post=7773"}],"curies":[{"name":"wp","href":"https:\/\/api.w.org\/{rel}","templated":true}]}}