{"id":7788,"date":"2025-05-16T10:27:16","date_gmt":"2025-05-16T10:27:16","guid":{"rendered":"https:\/\/639.pm-domains.de\/?post_type=product&#038;p=7788"},"modified":"2025-05-16T10:42:07","modified_gmt":"2025-05-16T10:42:07","slug":"cable-de-mise-a-la-terre-avec-anneaux-pour-bureau","status":"publish","type":"product","link":"https:\/\/ecologa-europe.com\/shop\/produkt\/cable-de-mise-a-la-terre-avec-anneaux-pour-bureau\/?lang=fr","title":{"rendered":"C\u00e2ble de mise \u00e0 la terre avec anneaux pour bureau"},"content":{"rendered":"<p>Erdungskabel mit Ring\u00f6sen f\u00fcr Schreibtisch zur station\u00e4ren Anwendung<\/p>\n<p>Zur sicheren Erdung von Schreibtischgestellen, Kabelkan\u00e4len, Zierleisten und anderen elektrisch leitf\u00e4higen Konstruktionen.<br \/>\nZum einfachen Verschrauben auf dem Erdungsstecker Adapter.<br \/>\nTransparentes Kabel 2,5 mm\u00b2 &#8211; 350 cm &#8211; 2 x Ring\u00f6se M4 \/ 2,5 mm\u00b2<\/p>\n<p>Ein 3,5 Meter langen transparenten Erdungskabel an dessen Enden jeweils eine Ring\u00f6se M4 \/ 2,5 mm\u00b2 angebracht ist.<br \/>\nErdungskabel zum Anschluss an den Erdungsstecker Adapter. Zur sicheren Kontaktierung von Schreibtischgestellen, Kabelkan\u00e4len, Zierleisten und anderen elektrisch leitf\u00e4higen Konstruktionen oder Fl\u00e4chen.<\/p>\n<p>WICHTIG!<br \/>\nACHTUNG:Die notwendige Installation ist zwingend durch eine Elektrofachkraft vorzusehen. Es mu\u00df ein Fehlerstrom-Schutzschalter (FI, RCD \u2264 30mA) im Stromkreis vorhanden sein. Dieses Ger\u00e4t geh\u00f6rt zum Standard jeder Elektroinstallation und installiert Ihnen, sofern nicht vorhanden, ihr Elektriker.<br \/>\nAlle Elektroarbeiten (Arbeiten an elektrischen Ger\u00e4ten und Anlagen) m\u00fcssen von einer Elektrofachkraft oder unter deren Leitung und Aufsicht durchgef\u00fchrt und gepr\u00fcft werden!<\/p>\n<p>Verwenden Sie ihre Leitung nur in normal temperierten, trockenen Innenr\u00e4umen.<br \/>\nKeine Au\u00dfenanwendung!<\/p>\n<p>Farbe: transparent<br \/>\nL\u00e4nge: 350 cm<br \/>\nQuerschnitt 2,5 mm\u00b2<\/p>\n<p><strong>Mode d&#8217;emploi<\/strong><\/p>\n<p>Relier l&#8217;anneau M4 du c\u00e2ble de raccordement avec l&#8217;adaptateur (Torx T20) \u00e0 l&#8217;aide de l&#8217;auxiliaire de vissage, avec une des vis Torx fournies M4 x 6 mm.<br \/>\nCouper le circuit \u00e9lectrique de la prise \u00e0 l&#8217;aide du fusible.<br \/>\nRetirer la vis centrale de la prise.<br \/>\nRaccorder la fiche \u00e0 la prise en pla\u00e7ant d&#8217;abord l&#8217;adaptateur.<br \/>\nSelon les besoins, utiliser la vis centrale plus longue M2,5 ou M3 x 35 mm fournie.<br \/>\nFixer le couvercle avec les deux vis Torx M4 x 8 mm fournies.<br \/>\nMaintenant l&#8217;autre c\u00f4t\u00e9 du kit de mise \u00e0 la terre peut  \u00eatre mont\u00e9 et raccord\u00e9.<\/p>\n<p>La prise de courant n&#8217;est plus disponible pour l&#8217;utilisation de consommateurs \u00e9lectriques.<\/p>\n","protected":false},"excerpt":{"rendered":"<p>&#8218;<br \/>\nC\u00e2ble de mise \u00e0 la terre avec anneaux pour bureau pour utilisation stationnaire<\/p>\n<p>Pour une mise \u00e0 la terre s\u00fbre des structures de bureau, des chemins de c\u00e2bles, des moulures et autres constructions conductrices d&#8217;\u00e9lectricit\u00e9.<br \/>\nSe visse facilement sur l&#8217;adaptateur de prise de terre.<br \/>\nC\u00e2ble transparent 2,5 mm\u00b2 &#8211; 350 cm &#8211; 2 x anneau M4 \/ 2,5 mm\u00b2.<\/p>\n<p>Un c\u00e2ble de mise \u00e0 la terre transparent de 3,5 m\u00e8tres de long avec un anneau M4 \/ 2,5 mm\u00b2 \u00e0 chaque extr\u00e9mit\u00e9.<br \/>\nC\u00e2ble de mise \u00e0 la terre \u00e0 raccorder \u00e0 l&#8217;adaptateur de prise de terre. Pour \u00e9tablir un contact s\u00fbr avec les structures de bureau, les chemins de c\u00e2bles, les moulures et autres constructions ou surfaces conductrices d&#8217;\u00e9lectricit\u00e9.<\/p>\n","protected":false},"featured_media":1846,"template":"","meta":{"inline_featured_image":false,"site-sidebar-layout":"default","site-content-layout":"","ast-site-content-layout":"default","site-content-style":"default","site-sidebar-style":"default","ast-global-header-display":"","ast-banner-title-visibility":"","ast-main-header-display":"","ast-hfb-above-header-display":"","ast-hfb-below-header-display":"","ast-hfb-mobile-header-display":"","site-post-title":"","ast-breadcrumbs-content":"","ast-featured-img":"","footer-sml-layout":"","ast-disable-related-posts":"","theme-transparent-header-meta":"default","adv-header-id-meta":"","stick-header-meta":"","header-above-stick-meta":"","header-main-stick-meta":"","header-below-stick-meta":"","astra-migrate-meta-layouts":"default","ast-page-background-enabled":"default","ast-page-background-meta":{"desktop":{"background-color":"var(--ast-global-color-5)","background-image":"","background-repeat":"repeat","background-position":"center center","background-size":"auto","background-attachment":"scroll","background-type":"","background-media":"","overlay-type":"","overlay-color":"","overlay-opacity":"","overlay-gradient":""},"tablet":{"background-color":"","background-image":"","background-repeat":"repeat","background-position":"center center","background-size":"auto","background-attachment":"scroll","background-type":"","background-media":"","overlay-type":"","overlay-color":"","overlay-opacity":"","overlay-gradient":""},"mobile":{"background-color":"","background-image":"","background-repeat":"repeat","background-position":"center center","background-size":"auto","background-attachment":"scroll","background-type":"","background-media":"","overlay-type":"","overlay-color":"","overlay-opacity":"","overlay-gradient":""}},"ast-content-background-meta":{"desktop":{"background-color":"var(--ast-global-color-4)","background-image":"","background-repeat":"repeat","background-position":"center center","background-size":"auto","background-attachment":"scroll","background-type":"","background-media":"","overlay-type":"","overlay-color":"","overlay-opacity":"","overlay-gradient":""},"tablet":{"background-color":"var(--ast-global-color-4)","background-image":"","background-repeat":"repeat","background-position":"center center","background-size":"auto","background-attachment":"scroll","background-type":"","background-media":"","overlay-type":"","overlay-color":"","overlay-opacity":"","overlay-gradient":""},"mobile":{"background-color":"var(--ast-global-color-4)","background-image":"","background-repeat":"repeat","background-position":"center center","background-size":"auto","background-attachment":"scroll","background-type":"","background-media":"","overlay-type":"","overlay-color":"","overlay-opacity":"","overlay-gradient":""}}},"product_brand":[],"product_cat":[280],"product_tag":[283,436,225],"class_list":{"0":"post-7788","1":"product","2":"type-product","3":"status-publish","4":"has-post-thumbnail","6":"product_cat-accessoires-de-mise-a-terre","7":"product_tag-mise-a-la-terre","8":"product_tag-mise-a-la-terre-de-bureaux","9":"product_tag-protection-electrosmog","10":"product_shipping_class-standardversand","11":"desktop-align-left","12":"tablet-align-left","13":"mobile-align-left","15":"first","16":"instock","17":"taxable","18":"shipping-taxable","19":"purchasable","20":"product-type-simple"},"yoast_head":"<!-- This site is optimized with the Yoast SEO plugin v27.5 - https:\/\/yoast.com\/product\/yoast-seo-wordpress\/ -->\n<title>C\u00e2ble de mise \u00e0 la terre avec anneaux pour bureau - Elektrosmog-Schutz Onlineshop<\/title>\n<meta name=\"description\" content=\"Pour une mise \u00e0 la terre s\u00fbre des ch\u00e2ssis de bureau, des chemins de c\u00e2bles, des moulures et d&#039;autres constructions conductrices d&#039;\u00e9lectricit\u00e9.\" \/>\n<meta name=\"robots\" content=\"index, follow, max-snippet:-1, max-image-preview:large, max-video-preview:-1\" \/>\n<link rel=\"canonical\" href=\"https:\/\/ecologa-europe.com\/shop\/produkt\/cable-de-mise-a-la-terre-avec-anneaux-pour-bureau\/\" \/>\n<meta property=\"og:locale\" content=\"de_DE\" \/>\n<meta property=\"og:type\" content=\"article\" \/>\n<meta property=\"og:title\" content=\"C\u00e2ble de mise \u00e0 la terre avec anneaux pour bureau - Elektrosmog-Schutz Onlineshop\" \/>\n<meta property=\"og:description\" content=\"Pour une mise \u00e0 la terre s\u00fbre des ch\u00e2ssis de bureau, des chemins de c\u00e2bles, des moulures et d&#039;autres constructions conductrices d&#039;\u00e9lectricit\u00e9.\" \/>\n<meta property=\"og:url\" content=\"https:\/\/ecologa-europe.com\/shop\/produkt\/cable-de-mise-a-la-terre-avec-anneaux-pour-bureau\/?lang=fr\" \/>\n<meta property=\"og:site_name\" content=\"Elektrosmog-Schutz Onlineshop\" \/>\n<meta property=\"article:publisher\" content=\"https:\/\/www.facebook.com\/Ecologa-Europe-GmbH-1604744566252298\/\" \/>\n<meta property=\"article:modified_time\" content=\"2025-05-16T10:42:07+00:00\" \/>\n<meta property=\"og:image\" content=\"https:\/\/ecologa-europe.com\/shop\/wp-content\/uploads\/2025\/04\/erdungskabel_ringoesenJPG.jpg\" \/>\n\t<meta property=\"og:image:width\" content=\"608\" \/>\n\t<meta property=\"og:image:height\" content=\"459\" \/>\n\t<meta property=\"og:image:type\" content=\"image\/jpeg\" \/>\n<meta name=\"twitter:card\" content=\"summary_large_image\" \/>\n<meta name=\"twitter:label1\" content=\"Gesch\u00e4tzte Lesezeit\" \/>\n\t<meta name=\"twitter:data1\" content=\"1\u00a0Minute\" \/>\n<script type=\"application\/ld+json\" class=\"yoast-schema-graph\">{\"@context\":\"https:\\\/\\\/schema.org\",\"@graph\":[{\"@type\":\"WebPage\",\"@id\":\"https:\\\/\\\/ecologa-europe.com\\\/shop\\\/produkt\\\/cable-de-mise-a-la-terre-avec-anneaux-pour-bureau\\\/?lang=fr\",\"url\":\"https:\\\/\\\/ecologa-europe.com\\\/shop\\\/produkt\\\/cable-de-mise-a-la-terre-avec-anneaux-pour-bureau\\\/?lang=fr\",\"name\":\"C\u00e2ble de mise \u00e0 la terre avec anneaux pour bureau - Elektrosmog-Schutz Onlineshop\",\"isPartOf\":{\"@id\":\"https:\\\/\\\/ecologa-europe.com\\\/shop\\\/#website\"},\"primaryImageOfPage\":{\"@id\":\"https:\\\/\\\/ecologa-europe.com\\\/shop\\\/produkt\\\/cable-de-mise-a-la-terre-avec-anneaux-pour-bureau\\\/?lang=fr#primaryimage\"},\"image\":{\"@id\":\"https:\\\/\\\/ecologa-europe.com\\\/shop\\\/produkt\\\/cable-de-mise-a-la-terre-avec-anneaux-pour-bureau\\\/?lang=fr#primaryimage\"},\"thumbnailUrl\":\"https:\\\/\\\/ecologa-europe.com\\\/shop\\\/wp-content\\\/uploads\\\/2025\\\/04\\\/erdungskabel_ringoesenJPG.jpg\",\"datePublished\":\"2025-05-16T10:27:16+00:00\",\"dateModified\":\"2025-05-16T10:42:07+00:00\",\"description\":\"Pour une mise \u00e0 la terre s\u00fbre des ch\u00e2ssis de bureau, des chemins de c\u00e2bles, des moulures et d'autres constructions conductrices d'\u00e9lectricit\u00e9.\",\"breadcrumb\":{\"@id\":\"https:\\\/\\\/ecologa-europe.com\\\/shop\\\/produkt\\\/cable-de-mise-a-la-terre-avec-anneaux-pour-bureau\\\/?lang=fr#breadcrumb\"},\"inLanguage\":\"de\",\"potentialAction\":[{\"@type\":\"ReadAction\",\"target\":[\"https:\\\/\\\/ecologa-europe.com\\\/shop\\\/produkt\\\/cable-de-mise-a-la-terre-avec-anneaux-pour-bureau\\\/?lang=fr\"]}]},{\"@type\":\"ImageObject\",\"inLanguage\":\"de\",\"@id\":\"https:\\\/\\\/ecologa-europe.com\\\/shop\\\/produkt\\\/cable-de-mise-a-la-terre-avec-anneaux-pour-bureau\\\/?lang=fr#primaryimage\",\"url\":\"https:\\\/\\\/ecologa-europe.com\\\/shop\\\/wp-content\\\/uploads\\\/2025\\\/04\\\/erdungskabel_ringoesenJPG.jpg\",\"contentUrl\":\"https:\\\/\\\/ecologa-europe.com\\\/shop\\\/wp-content\\\/uploads\\\/2025\\\/04\\\/erdungskabel_ringoesenJPG.jpg\",\"width\":608,\"height\":459},{\"@type\":\"BreadcrumbList\",\"@id\":\"https:\\\/\\\/ecologa-europe.com\\\/shop\\\/produkt\\\/cable-de-mise-a-la-terre-avec-anneaux-pour-bureau\\\/?lang=fr#breadcrumb\",\"itemListElement\":[{\"@type\":\"ListItem\",\"position\":1,\"name\":\"Startseite\",\"item\":\"https:\\\/\\\/ecologa-europe.com\\\/shop\\\/\"},{\"@type\":\"ListItem\",\"position\":2,\"name\":\"Shop\",\"item\":\"https:\\\/\\\/ecologa-europe.com\\\/shop\\\/shop\\\/\"},{\"@type\":\"ListItem\",\"position\":3,\"name\":\"C\u00e2ble de mise \u00e0 la terre avec anneaux pour bureau\"}]},{\"@type\":\"WebSite\",\"@id\":\"https:\\\/\\\/ecologa-europe.com\\\/shop\\\/#website\",\"url\":\"https:\\\/\\\/ecologa-europe.com\\\/shop\\\/\",\"name\":\"Elektrosmog-Schutz Onlineshop\",\"description\":\"Ecologa Europe\",\"publisher\":{\"@id\":\"https:\\\/\\\/ecologa-europe.com\\\/shop\\\/#organization\"},\"potentialAction\":[{\"@type\":\"SearchAction\",\"target\":{\"@type\":\"EntryPoint\",\"urlTemplate\":\"https:\\\/\\\/ecologa-europe.com\\\/shop\\\/?s={search_term_string}\"},\"query-input\":{\"@type\":\"PropertyValueSpecification\",\"valueRequired\":true,\"valueName\":\"search_term_string\"}}],\"inLanguage\":\"de\"},{\"@type\":\"Organization\",\"@id\":\"https:\\\/\\\/ecologa-europe.com\\\/shop\\\/#organization\",\"name\":\"Elektrosmog-Schutz Onlineshop\",\"url\":\"https:\\\/\\\/ecologa-europe.com\\\/shop\\\/\",\"logo\":{\"@type\":\"ImageObject\",\"inLanguage\":\"de\",\"@id\":\"https:\\\/\\\/ecologa-europe.com\\\/shop\\\/#\\\/schema\\\/logo\\\/image\\\/\",\"url\":\"https:\\\/\\\/ecologa-europe.com\\\/shop\\\/wp-content\\\/uploads\\\/2025\\\/04\\\/vertical-navbar-logo.svg\",\"contentUrl\":\"https:\\\/\\\/ecologa-europe.com\\\/shop\\\/wp-content\\\/uploads\\\/2025\\\/04\\\/vertical-navbar-logo.svg\",\"width\":182,\"height\":70,\"caption\":\"Elektrosmog-Schutz Onlineshop\"},\"image\":{\"@id\":\"https:\\\/\\\/ecologa-europe.com\\\/shop\\\/#\\\/schema\\\/logo\\\/image\\\/\"},\"sameAs\":[\"https:\\\/\\\/www.facebook.com\\\/Ecologa-Europe-GmbH-1604744566252298\\\/\",\"https:\\\/\\\/www.instagram.com\\\/ecologaeurope\\\/\"]}]}<\/script>\n<!-- \/ Yoast SEO plugin. -->","yoast_head_json":{"title":"C\u00e2ble de mise \u00e0 la terre avec anneaux pour bureau - Elektrosmog-Schutz Onlineshop","description":"Pour une mise \u00e0 la terre s\u00fbre des ch\u00e2ssis de bureau, des chemins de c\u00e2bles, des moulures et d'autres constructions conductrices d'\u00e9lectricit\u00e9.","robots":{"index":"index","follow":"follow","max-snippet":"max-snippet:-1","max-image-preview":"max-image-preview:large","max-video-preview":"max-video-preview:-1"},"canonical":"https:\/\/ecologa-europe.com\/shop\/produkt\/cable-de-mise-a-la-terre-avec-anneaux-pour-bureau\/","og_locale":"de_DE","og_type":"article","og_title":"C\u00e2ble de mise \u00e0 la terre avec anneaux pour bureau - Elektrosmog-Schutz Onlineshop","og_description":"Pour une mise \u00e0 la terre s\u00fbre des ch\u00e2ssis de bureau, des chemins de c\u00e2bles, des moulures et d'autres constructions conductrices d'\u00e9lectricit\u00e9.","og_url":"https:\/\/ecologa-europe.com\/shop\/produkt\/cable-de-mise-a-la-terre-avec-anneaux-pour-bureau\/?lang=fr","og_site_name":"Elektrosmog-Schutz Onlineshop","article_publisher":"https:\/\/www.facebook.com\/Ecologa-Europe-GmbH-1604744566252298\/","article_modified_time":"2025-05-16T10:42:07+00:00","og_image":[{"width":608,"height":459,"url":"https:\/\/ecologa-europe.com\/shop\/wp-content\/uploads\/2025\/04\/erdungskabel_ringoesenJPG.jpg","type":"image\/jpeg"}],"twitter_card":"summary_large_image","twitter_misc":{"Gesch\u00e4tzte Lesezeit":"1\u00a0Minute"},"schema":{"@context":"https:\/\/schema.org","@graph":[{"@type":"WebPage","@id":"https:\/\/ecologa-europe.com\/shop\/produkt\/cable-de-mise-a-la-terre-avec-anneaux-pour-bureau\/?lang=fr","url":"https:\/\/ecologa-europe.com\/shop\/produkt\/cable-de-mise-a-la-terre-avec-anneaux-pour-bureau\/?lang=fr","name":"C\u00e2ble de mise \u00e0 la terre avec anneaux pour bureau - Elektrosmog-Schutz Onlineshop","isPartOf":{"@id":"https:\/\/ecologa-europe.com\/shop\/#website"},"primaryImageOfPage":{"@id":"https:\/\/ecologa-europe.com\/shop\/produkt\/cable-de-mise-a-la-terre-avec-anneaux-pour-bureau\/?lang=fr#primaryimage"},"image":{"@id":"https:\/\/ecologa-europe.com\/shop\/produkt\/cable-de-mise-a-la-terre-avec-anneaux-pour-bureau\/?lang=fr#primaryimage"},"thumbnailUrl":"https:\/\/ecologa-europe.com\/shop\/wp-content\/uploads\/2025\/04\/erdungskabel_ringoesenJPG.jpg","datePublished":"2025-05-16T10:27:16+00:00","dateModified":"2025-05-16T10:42:07+00:00","description":"Pour une mise \u00e0 la terre s\u00fbre des ch\u00e2ssis de bureau, des chemins de c\u00e2bles, des moulures et d'autres constructions conductrices d'\u00e9lectricit\u00e9.","breadcrumb":{"@id":"https:\/\/ecologa-europe.com\/shop\/produkt\/cable-de-mise-a-la-terre-avec-anneaux-pour-bureau\/?lang=fr#breadcrumb"},"inLanguage":"de","potentialAction":[{"@type":"ReadAction","target":["https:\/\/ecologa-europe.com\/shop\/produkt\/cable-de-mise-a-la-terre-avec-anneaux-pour-bureau\/?lang=fr"]}]},{"@type":"ImageObject","inLanguage":"de","@id":"https:\/\/ecologa-europe.com\/shop\/produkt\/cable-de-mise-a-la-terre-avec-anneaux-pour-bureau\/?lang=fr#primaryimage","url":"https:\/\/ecologa-europe.com\/shop\/wp-content\/uploads\/2025\/04\/erdungskabel_ringoesenJPG.jpg","contentUrl":"https:\/\/ecologa-europe.com\/shop\/wp-content\/uploads\/2025\/04\/erdungskabel_ringoesenJPG.jpg","width":608,"height":459},{"@type":"BreadcrumbList","@id":"https:\/\/ecologa-europe.com\/shop\/produkt\/cable-de-mise-a-la-terre-avec-anneaux-pour-bureau\/?lang=fr#breadcrumb","itemListElement":[{"@type":"ListItem","position":1,"name":"Startseite","item":"https:\/\/ecologa-europe.com\/shop\/"},{"@type":"ListItem","position":2,"name":"Shop","item":"https:\/\/ecologa-europe.com\/shop\/shop\/"},{"@type":"ListItem","position":3,"name":"C\u00e2ble de mise \u00e0 la terre avec anneaux pour bureau"}]},{"@type":"WebSite","@id":"https:\/\/ecologa-europe.com\/shop\/#website","url":"https:\/\/ecologa-europe.com\/shop\/","name":"Elektrosmog-Schutz Onlineshop","description":"Ecologa Europe","publisher":{"@id":"https:\/\/ecologa-europe.com\/shop\/#organization"},"potentialAction":[{"@type":"SearchAction","target":{"@type":"EntryPoint","urlTemplate":"https:\/\/ecologa-europe.com\/shop\/?s={search_term_string}"},"query-input":{"@type":"PropertyValueSpecification","valueRequired":true,"valueName":"search_term_string"}}],"inLanguage":"de"},{"@type":"Organization","@id":"https:\/\/ecologa-europe.com\/shop\/#organization","name":"Elektrosmog-Schutz Onlineshop","url":"https:\/\/ecologa-europe.com\/shop\/","logo":{"@type":"ImageObject","inLanguage":"de","@id":"https:\/\/ecologa-europe.com\/shop\/#\/schema\/logo\/image\/","url":"https:\/\/ecologa-europe.com\/shop\/wp-content\/uploads\/2025\/04\/vertical-navbar-logo.svg","contentUrl":"https:\/\/ecologa-europe.com\/shop\/wp-content\/uploads\/2025\/04\/vertical-navbar-logo.svg","width":182,"height":70,"caption":"Elektrosmog-Schutz Onlineshop"},"image":{"@id":"https:\/\/ecologa-europe.com\/shop\/#\/schema\/logo\/image\/"},"sameAs":["https:\/\/www.facebook.com\/Ecologa-Europe-GmbH-1604744566252298\/","https:\/\/www.instagram.com\/ecologaeurope\/"]}]}},"_links":{"self":[{"href":"https:\/\/ecologa-europe.com\/shop\/wp-json\/wp\/v2\/product\/7788","targetHints":{"allow":["GET"]}}],"collection":[{"href":"https:\/\/ecologa-europe.com\/shop\/wp-json\/wp\/v2\/product"}],"about":[{"href":"https:\/\/ecologa-europe.com\/shop\/wp-json\/wp\/v2\/types\/product"}],"wp:featuredmedia":[{"embeddable":true,"href":"https:\/\/ecologa-europe.com\/shop\/wp-json\/wp\/v2\/media\/1846"}],"wp:attachment":[{"href":"https:\/\/ecologa-europe.com\/shop\/wp-json\/wp\/v2\/media?parent=7788"}],"wp:term":[{"taxonomy":"product_brand","embeddable":true,"href":"https:\/\/ecologa-europe.com\/shop\/wp-json\/wp\/v2\/product_brand?post=7788"},{"taxonomy":"product_cat","embeddable":true,"href":"https:\/\/ecologa-europe.com\/shop\/wp-json\/wp\/v2\/product_cat?post=7788"},{"taxonomy":"product_tag","embeddable":true,"href":"https:\/\/ecologa-europe.com\/shop\/wp-json\/wp\/v2\/product_tag?post=7788"}],"curies":[{"name":"wp","href":"https:\/\/api.w.org\/{rel}","templated":true}]}}