{"id":7825,"date":"2025-05-16T10:27:44","date_gmt":"2025-05-16T10:27:44","guid":{"rendered":"https:\/\/639.pm-domains.de\/?post_type=product&#038;p=7825"},"modified":"2026-03-24T10:17:20","modified_gmt":"2026-03-24T10:17:20","slug":"peinture-ecran-5g-indoor-paquet-test-de-100g","status":"publish","type":"product","link":"https:\/\/ecologa-europe.com\/shop\/produkt\/peinture-ecran-5g-indoor-paquet-test-de-100g\/?lang=fr","title":{"rendered":"Peinture \u00e9cran 5G Indoor paquet test de 100g"},"content":{"rendered":"<p>Peinture de protection contre les hautes et basses fr\u00e9quences pour l&#8217;int\u00e9rieur. Pour les tests, nous proposons aux clients un emballage de 100 g de peinture de blindage PLV (int\u00e9rieur). (pour environ 1 m2 de surface \u00e0 peindre &#8211; pour une couche peinte).<\/p>\n<p>Afin de vous assurer de l&#8217;efficacit\u00e9 de la peinture de blindage en poudre, vous avez la possibilit\u00e9 de commander un \u00e9chantillon.<\/p>\n<p><strong>Voici les avantages que presente la peinture:<\/strong><br \/>\nDes propri\u00e9t\u00e9s de blindage \u00e0 large bande du plus haut niveau<br \/>\nUn temps de s\u00e9chage rapide<br \/>\nUne application facile<br \/>\nSans solvants chimiques ni conservateurs &#8211; ce qui rend notre produit tr\u00e8s peu \u00e9missif et inodore.<br \/>\nNous renon\u00e7ons d\u00e9lib\u00e9r\u00e9ment aux solvants chimiques, aux conservateurs et \u00e0 l&#8217;antigel. La peinture n&#8217;est pas sensible au gel et peut \u00eatre exp\u00e9di\u00e9e sans probl\u00e8me m\u00eame en hiver.<br \/>\nLe volume et le poids r\u00e9duits de l&#8217;unit\u00e9 d&#8217;emballage maintiennent les frais d&#8217;exp\u00e9dition au plus bas et pr\u00e9servent l&#8217;environnement.<\/p>\n<p><strong>A quoi doit on faire attention lors de l&#8217;achat d&#8217;une peinture de blindage?<\/strong><\/p>\n<p><strong>Facilit\u00e9 d\u2018application<\/strong><br \/>\nUn point tr\u00e8s important en mati\u00e8re de peinture \u00e9cran est la facilit\u00e9 avec laquelle la peinture \u00e9cran peut \u00eatre recouverte sans que le support ne soit \u00e0 nouveau m\u00e9lang\u00e9.<\/p>\n<p>Si la peinture \u00e9cran utilis\u00e9e a une mauvaise adh\u00e9rence ou m\u00eame un effet de farinage, il est presque impossible de la repeindre en blanc ou, si c&#8217;est le cas, cela se fait au d\u00e9triment de la performance de l&#8217;\u00e9cran.<\/p>\n<p>Un effet de farinage signifie qu&#8217;en passant la main sur le mur sec, de la poussi\u00e8re de graphite reste sur la main.<\/p>\n<p>Donc il est tres Important que la peinture de protection ait une force d&#8217;adh\u00e9rence d&#8217;au moins 10 N\/mm\u00b2.<br \/>\nSinon, le mur ne sera pas blanc, mais gris !<\/p>\n<p>La peinture en poudre dispose d&#8217;une <strong>force d&#8217;adh\u00e9rence de 12 N\/mm\u00b2<\/strong>.<\/p>\n<p>Lorsque vous achetez une peinture veuillez toujours verifier la r\u00e9sistance \u00e0 la traction de la peinture indiqu\u00e9e par le fabriquant<\/p>\n<p><strong>Peinture de blindage liquides<\/strong><br \/>\nAttention lors de l&#8217;achat de peintures liquides, des biocides toxiques sont souvent utilis\u00e9s pour la conservation.<\/p>\n<p>Contrairement \u00e0 une peinture sous forme de poudre, il n&#8217;est PAS possible de renoncer aux agents de conservation lors de la fabrication de peintures liquides pr\u00eates \u00e0 l&#8217;emploi. Effectivement sans conservateurs environ un tiers des peintures se d\u00e9t\u00e9rioreraient dans le seau, avant m\u00eame d&#8217;atteindre le consommateur.<\/p>\n<p>Le biocide isothiazolinone pr\u00e9sent dans les peintures \u00e0 dispersion est une source d&#8217;inqui\u00e9tude. Il prot\u00e8gent les peintures et les vernis \u00e0 base d&#8217;eau contre les attaques microbiennes et donc contre la d\u00e9t\u00e9rioration.<br \/>\nIl s&#8217;agit la d&#8217;un effet souhait\u00e9 mais malheureusement les isothiazolinones pr\u00e9sentent une toxicit\u00e9 aquatique \u00e9lev\u00e9e.<\/p>\n<p>(C&#8217;est ce que l&#8217;on peut lire sur la page d&#8217;accueil du Verband der deutschen Lack- und Druckfarbenindustrie e.V. (VdL)<\/p>\n<p>Les isothiazolinones souvent utilis\u00e9es sont :<\/p>\n<p>La benzisothiazolinone (BIT), class\u00e9e comme substance dangereuse, fait partie de la classe des compos\u00e9s isothiazolinones et est un biocide tr\u00e8s r\u00e9pandu.<\/p>\n<p>L&#8217;\u00e9nilconazole (DCI), class\u00e9 comme substance dangereuse, est un fongicide syst\u00e9mique appartenant au groupe des imidazoles.<\/p>\n<p>La m\u00e9thylisothiazolinone (MIT), class\u00e9e comme substance dangereuse, fait partie de la classe des isothiazolinones et est un biocide tr\u00e8s r\u00e9pandu.<\/p>\n<p>Conseil : avant d&#8217;acheter une peinture \u00e9cran, consultez toujours la fiche technique du fabricant.<br \/>\n<strong>Tous les agents de conservation doivent y \u00eatre mentionn\u00e9s !<\/strong><\/p>\n<p><strong>Le blindage<br \/>\n<\/strong>Pour terminer nous porterons notre attention sur le blindage.<br \/>\nImportant :<br \/>\nCertains fabricants annoncent 90 dB ou 100 dB pour les couleurs de blindage, mais n&#8217;indique pas l&#8217;\u00e9paisseur exacte de la couche. Cette derniere devrait \u00eatre donn\u00e9e en g\/m2 &#8211; c&#8217;est-\u00e0-dire en grammes par m\u00e8tre carr\u00e9 par couche.<br \/>\nCette valeur indique au client quelle quantit\u00e9 de peinture s\u00e8che est n\u00e9cessaire sur un m\u00e8tre carr\u00e9 &#8211; <strong>pour obtenir effectivement la valeur de blindage indiqu\u00e9e.<\/strong><\/p>\n<p>Notre peinture de blindage :<br \/>\nPour un rendement de 5 m\u00b2 \/ litre \/ \u00e9paisseur de couche env. 150g\/m\u00b2.<br \/>\nJusqu&#8217;\u00e0 : Une couche 49 dB | Deux couches 65 dB<\/p>\n<p>Avec un rendement d&#8217;env. 7 m\u00b2 \/ litre \/ \u00e9paisseur de couche env. 100g\/m\u00b2.<br \/>\nJusqu&#8217;\u00e0 : Une couche 36 dB | Deux couches 58 dB | Trois couches 65 dB<\/p>\n<p>Une couche r\u00e9guli\u00e8re au rouleau acrylique donne une \u00e9paisseur d&#8217;environ 100-150 g\/m\u00b2.<\/p>\n","protected":false},"excerpt":{"rendered":"<p>Peinture de protection contre les hautes et basses fr\u00e9quences pour l&#8217;int\u00e9rieur. Pour les tests, nous proposons aux clients un emballage de 100 g de peinture de blindage PLV (int\u00e9rieur). (pour environ 1 m2 de surface \u00e0 peindre &#8211; pour une couche peinte).<\/p>\n<p>Afin de vous assurer de l&#8217;efficacit\u00e9 de la peinture de blindage en poudre, vous avez la possibilit\u00e9 de commander un \u00e9chantillon.<\/p>\n<p><strong>Voici les avantages que presente la peinture:<\/strong><br \/>\nDes propri\u00e9t\u00e9s de blindage \u00e0 large bande du plus haut niveau<br \/>\nUn temps de s\u00e9chage rapide<br \/>\nUne application facile<br \/>\nSans solvants chimiques ni conservateurs &#8211; ce qui rend notre produit tr\u00e8s peu \u00e9missif et inodore.<br \/>\nNous renon\u00e7ons d\u00e9lib\u00e9r\u00e9ment aux solvants chimiques, aux conservateurs et \u00e0 l&#8217;antigel. La peinture n&#8217;est pas sensible au gel et peut \u00eatre exp\u00e9di\u00e9e sans probl\u00e8me m\u00eame en hiver.<br \/>\nLe volume et le poids r\u00e9duits de l&#8217;unit\u00e9 d&#8217;emballage maintiennent les frais d&#8217;exp\u00e9dition au plus bas et pr\u00e9servent l&#8217;environnement.<\/p>\n","protected":false},"featured_media":1864,"template":"","meta":{"inline_featured_image":false,"site-sidebar-layout":"default","site-content-layout":"","ast-site-content-layout":"default","site-content-style":"default","site-sidebar-style":"default","ast-global-header-display":"","ast-banner-title-visibility":"","ast-main-header-display":"","ast-hfb-above-header-display":"","ast-hfb-below-header-display":"","ast-hfb-mobile-header-display":"","site-post-title":"","ast-breadcrumbs-content":"","ast-featured-img":"","footer-sml-layout":"","ast-disable-related-posts":"","theme-transparent-header-meta":"default","adv-header-id-meta":"","stick-header-meta":"","header-above-stick-meta":"","header-main-stick-meta":"","header-below-stick-meta":"","astra-migrate-meta-layouts":"set","ast-page-background-enabled":"default","ast-page-background-meta":{"desktop":{"background-color":"var(--ast-global-color-5)","background-image":"","background-repeat":"repeat","background-position":"center center","background-size":"auto","background-attachment":"scroll","background-type":"","background-media":"","overlay-type":"","overlay-color":"","overlay-opacity":"","overlay-gradient":""},"tablet":{"background-color":"","background-image":"","background-repeat":"repeat","background-position":"center center","background-size":"auto","background-attachment":"scroll","background-type":"","background-media":"","overlay-type":"","overlay-color":"","overlay-opacity":"","overlay-gradient":""},"mobile":{"background-color":"","background-image":"","background-repeat":"repeat","background-position":"center center","background-size":"auto","background-attachment":"scroll","background-type":"","background-media":"","overlay-type":"","overlay-color":"","overlay-opacity":"","overlay-gradient":""}},"ast-content-background-meta":{"desktop":{"background-color":"var(--ast-global-color-4)","background-image":"","background-repeat":"repeat","background-position":"center center","background-size":"auto","background-attachment":"scroll","background-type":"","background-media":"","overlay-type":"","overlay-color":"","overlay-opacity":"","overlay-gradient":""},"tablet":{"background-color":"var(--ast-global-color-4)","background-image":"","background-repeat":"repeat","background-position":"center center","background-size":"auto","background-attachment":"scroll","background-type":"","background-media":"","overlay-type":"","overlay-color":"","overlay-opacity":"","overlay-gradient":""},"mobile":{"background-color":"var(--ast-global-color-4)","background-image":"","background-repeat":"repeat","background-position":"center center","background-size":"auto","background-attachment":"scroll","background-type":"","background-media":"","overlay-type":"","overlay-color":"","overlay-opacity":"","overlay-gradient":""}}},"product_brand":[],"product_cat":[279,752],"product_tag":[333,208,187],"class_list":{"0":"post-7825","1":"product","2":"type-product","3":"status-publish","4":"has-post-thumbnail","6":"product_cat-peinture-anti-ondes","7":"product_cat-peinture-anti-ondes-interieure","8":"product_tag-peinture-de-blindage","9":"product_tag-protection-contre-lelectrosmog","10":"product_tag-protection-contre-la-5g","11":"product_shipping_class-standardversand","12":"desktop-align-left","13":"tablet-align-left","14":"mobile-align-left","16":"first","17":"instock","18":"taxable","19":"shipping-taxable","20":"purchasable","21":"product-type-simple"},"yoast_head":"<!-- This site is optimized with the Yoast SEO plugin v27.3 - https:\/\/yoast.com\/product\/yoast-seo-wordpress\/ -->\n<title>Peinture \u00e9cran 5G Indoor paquet test de 100g - Elektrosmog-Schutz Onlineshop<\/title>\n<meta name=\"description\" content=\"Peinture de blindage graphite pour le blindage des futures tr\u00e8s hautes fr\u00e9quences 5G.\" \/>\n<meta name=\"robots\" content=\"index, follow, max-snippet:-1, max-image-preview:large, max-video-preview:-1\" \/>\n<link rel=\"canonical\" href=\"https:\/\/ecologa-europe.com\/shop\/produkt\/peinture-ecran-5g-indoor-paquet-test-de-100g\/\" \/>\n<meta property=\"og:locale\" content=\"de_DE\" \/>\n<meta property=\"og:type\" content=\"article\" \/>\n<meta property=\"og:title\" content=\"Peinture \u00e9cran 5G Indoor paquet test de 100g - Elektrosmog-Schutz Onlineshop\" \/>\n<meta property=\"og:description\" content=\"Peinture de blindage graphite pour le blindage des futures tr\u00e8s hautes fr\u00e9quences 5G.\" \/>\n<meta property=\"og:url\" content=\"https:\/\/ecologa-europe.com\/shop\/produkt\/peinture-ecran-5g-indoor-paquet-test-de-100g\/?lang=fr\" \/>\n<meta property=\"og:site_name\" content=\"Elektrosmog-Schutz Onlineshop\" \/>\n<meta property=\"article:publisher\" content=\"https:\/\/www.facebook.com\/Ecologa-Europe-GmbH-1604744566252298\/\" \/>\n<meta property=\"article:modified_time\" content=\"2026-03-24T10:17:20+00:00\" \/>\n<meta property=\"og:image\" content=\"https:\/\/ecologa-europe.com\/shop\/wp-content\/uploads\/2025\/04\/produktverpackung_testpackung_100g_deutsch-1000x1000-1.jpg\" \/>\n\t<meta property=\"og:image:width\" content=\"1000\" \/>\n\t<meta property=\"og:image:height\" content=\"1000\" \/>\n\t<meta property=\"og:image:type\" content=\"image\/jpeg\" \/>\n<meta name=\"twitter:card\" content=\"summary_large_image\" \/>\n<meta name=\"twitter:label1\" content=\"Gesch\u00e4tzte Lesezeit\" \/>\n\t<meta name=\"twitter:data1\" content=\"4\u00a0Minuten\" \/>\n<script type=\"application\/ld+json\" class=\"yoast-schema-graph\">{\"@context\":\"https:\\\/\\\/schema.org\",\"@graph\":[{\"@type\":\"WebPage\",\"@id\":\"https:\\\/\\\/ecologa-europe.com\\\/shop\\\/produkt\\\/peinture-ecran-5g-indoor-paquet-test-de-100g\\\/?lang=fr\",\"url\":\"https:\\\/\\\/ecologa-europe.com\\\/shop\\\/produkt\\\/peinture-ecran-5g-indoor-paquet-test-de-100g\\\/?lang=fr\",\"name\":\"Peinture \u00e9cran 5G Indoor paquet test de 100g - Elektrosmog-Schutz Onlineshop\",\"isPartOf\":{\"@id\":\"https:\\\/\\\/ecologa-europe.com\\\/shop\\\/#website\"},\"primaryImageOfPage\":{\"@id\":\"https:\\\/\\\/ecologa-europe.com\\\/shop\\\/produkt\\\/peinture-ecran-5g-indoor-paquet-test-de-100g\\\/?lang=fr#primaryimage\"},\"image\":{\"@id\":\"https:\\\/\\\/ecologa-europe.com\\\/shop\\\/produkt\\\/peinture-ecran-5g-indoor-paquet-test-de-100g\\\/?lang=fr#primaryimage\"},\"thumbnailUrl\":\"https:\\\/\\\/ecologa-europe.com\\\/shop\\\/wp-content\\\/uploads\\\/2025\\\/04\\\/produktverpackung_testpackung_100g_deutsch-1000x1000-1.jpg\",\"datePublished\":\"2025-05-16T10:27:44+00:00\",\"dateModified\":\"2026-03-24T10:17:20+00:00\",\"description\":\"Peinture de blindage graphite pour le blindage des futures tr\u00e8s hautes fr\u00e9quences 5G.\",\"breadcrumb\":{\"@id\":\"https:\\\/\\\/ecologa-europe.com\\\/shop\\\/produkt\\\/peinture-ecran-5g-indoor-paquet-test-de-100g\\\/?lang=fr#breadcrumb\"},\"inLanguage\":\"de\",\"potentialAction\":[{\"@type\":\"ReadAction\",\"target\":[\"https:\\\/\\\/ecologa-europe.com\\\/shop\\\/produkt\\\/peinture-ecran-5g-indoor-paquet-test-de-100g\\\/?lang=fr\"]}]},{\"@type\":\"ImageObject\",\"inLanguage\":\"de\",\"@id\":\"https:\\\/\\\/ecologa-europe.com\\\/shop\\\/produkt\\\/peinture-ecran-5g-indoor-paquet-test-de-100g\\\/?lang=fr#primaryimage\",\"url\":\"https:\\\/\\\/ecologa-europe.com\\\/shop\\\/wp-content\\\/uploads\\\/2025\\\/04\\\/produktverpackung_testpackung_100g_deutsch-1000x1000-1.jpg\",\"contentUrl\":\"https:\\\/\\\/ecologa-europe.com\\\/shop\\\/wp-content\\\/uploads\\\/2025\\\/04\\\/produktverpackung_testpackung_100g_deutsch-1000x1000-1.jpg\",\"width\":1000,\"height\":1000},{\"@type\":\"BreadcrumbList\",\"@id\":\"https:\\\/\\\/ecologa-europe.com\\\/shop\\\/produkt\\\/peinture-ecran-5g-indoor-paquet-test-de-100g\\\/?lang=fr#breadcrumb\",\"itemListElement\":[{\"@type\":\"ListItem\",\"position\":1,\"name\":\"Startseite\",\"item\":\"https:\\\/\\\/ecologa-europe.com\\\/shop\\\/\"},{\"@type\":\"ListItem\",\"position\":2,\"name\":\"Shop\",\"item\":\"https:\\\/\\\/ecologa-europe.com\\\/shop\\\/shop\\\/\"},{\"@type\":\"ListItem\",\"position\":3,\"name\":\"Peinture \u00e9cran 5G Indoor paquet test de 100g\"}]},{\"@type\":\"WebSite\",\"@id\":\"https:\\\/\\\/ecologa-europe.com\\\/shop\\\/#website\",\"url\":\"https:\\\/\\\/ecologa-europe.com\\\/shop\\\/\",\"name\":\"Elektrosmog-Schutz Onlineshop\",\"description\":\"Ecologa Europe\",\"publisher\":{\"@id\":\"https:\\\/\\\/ecologa-europe.com\\\/shop\\\/#organization\"},\"potentialAction\":[{\"@type\":\"SearchAction\",\"target\":{\"@type\":\"EntryPoint\",\"urlTemplate\":\"https:\\\/\\\/ecologa-europe.com\\\/shop\\\/?s={search_term_string}\"},\"query-input\":{\"@type\":\"PropertyValueSpecification\",\"valueRequired\":true,\"valueName\":\"search_term_string\"}}],\"inLanguage\":\"de\"},{\"@type\":\"Organization\",\"@id\":\"https:\\\/\\\/ecologa-europe.com\\\/shop\\\/#organization\",\"name\":\"Elektrosmog-Schutz Onlineshop\",\"url\":\"https:\\\/\\\/ecologa-europe.com\\\/shop\\\/\",\"logo\":{\"@type\":\"ImageObject\",\"inLanguage\":\"de\",\"@id\":\"https:\\\/\\\/ecologa-europe.com\\\/shop\\\/#\\\/schema\\\/logo\\\/image\\\/\",\"url\":\"https:\\\/\\\/ecologa-europe.com\\\/shop\\\/wp-content\\\/uploads\\\/2025\\\/04\\\/vertical-navbar-logo.svg\",\"contentUrl\":\"https:\\\/\\\/ecologa-europe.com\\\/shop\\\/wp-content\\\/uploads\\\/2025\\\/04\\\/vertical-navbar-logo.svg\",\"width\":182,\"height\":70,\"caption\":\"Elektrosmog-Schutz Onlineshop\"},\"image\":{\"@id\":\"https:\\\/\\\/ecologa-europe.com\\\/shop\\\/#\\\/schema\\\/logo\\\/image\\\/\"},\"sameAs\":[\"https:\\\/\\\/www.facebook.com\\\/Ecologa-Europe-GmbH-1604744566252298\\\/\",\"https:\\\/\\\/www.instagram.com\\\/ecologaeurope\\\/\"]}]}<\/script>\n<!-- \/ Yoast SEO plugin. -->","yoast_head_json":{"title":"Peinture \u00e9cran 5G Indoor paquet test de 100g - Elektrosmog-Schutz Onlineshop","description":"Peinture de blindage graphite pour le blindage des futures tr\u00e8s hautes fr\u00e9quences 5G.","robots":{"index":"index","follow":"follow","max-snippet":"max-snippet:-1","max-image-preview":"max-image-preview:large","max-video-preview":"max-video-preview:-1"},"canonical":"https:\/\/ecologa-europe.com\/shop\/produkt\/peinture-ecran-5g-indoor-paquet-test-de-100g\/","og_locale":"de_DE","og_type":"article","og_title":"Peinture \u00e9cran 5G Indoor paquet test de 100g - Elektrosmog-Schutz Onlineshop","og_description":"Peinture de blindage graphite pour le blindage des futures tr\u00e8s hautes fr\u00e9quences 5G.","og_url":"https:\/\/ecologa-europe.com\/shop\/produkt\/peinture-ecran-5g-indoor-paquet-test-de-100g\/?lang=fr","og_site_name":"Elektrosmog-Schutz Onlineshop","article_publisher":"https:\/\/www.facebook.com\/Ecologa-Europe-GmbH-1604744566252298\/","article_modified_time":"2026-03-24T10:17:20+00:00","og_image":[{"width":1000,"height":1000,"url":"https:\/\/ecologa-europe.com\/shop\/wp-content\/uploads\/2025\/04\/produktverpackung_testpackung_100g_deutsch-1000x1000-1.jpg","type":"image\/jpeg"}],"twitter_card":"summary_large_image","twitter_misc":{"Gesch\u00e4tzte Lesezeit":"4\u00a0Minuten"},"schema":{"@context":"https:\/\/schema.org","@graph":[{"@type":"WebPage","@id":"https:\/\/ecologa-europe.com\/shop\/produkt\/peinture-ecran-5g-indoor-paquet-test-de-100g\/?lang=fr","url":"https:\/\/ecologa-europe.com\/shop\/produkt\/peinture-ecran-5g-indoor-paquet-test-de-100g\/?lang=fr","name":"Peinture \u00e9cran 5G Indoor paquet test de 100g - Elektrosmog-Schutz Onlineshop","isPartOf":{"@id":"https:\/\/ecologa-europe.com\/shop\/#website"},"primaryImageOfPage":{"@id":"https:\/\/ecologa-europe.com\/shop\/produkt\/peinture-ecran-5g-indoor-paquet-test-de-100g\/?lang=fr#primaryimage"},"image":{"@id":"https:\/\/ecologa-europe.com\/shop\/produkt\/peinture-ecran-5g-indoor-paquet-test-de-100g\/?lang=fr#primaryimage"},"thumbnailUrl":"https:\/\/ecologa-europe.com\/shop\/wp-content\/uploads\/2025\/04\/produktverpackung_testpackung_100g_deutsch-1000x1000-1.jpg","datePublished":"2025-05-16T10:27:44+00:00","dateModified":"2026-03-24T10:17:20+00:00","description":"Peinture de blindage graphite pour le blindage des futures tr\u00e8s hautes fr\u00e9quences 5G.","breadcrumb":{"@id":"https:\/\/ecologa-europe.com\/shop\/produkt\/peinture-ecran-5g-indoor-paquet-test-de-100g\/?lang=fr#breadcrumb"},"inLanguage":"de","potentialAction":[{"@type":"ReadAction","target":["https:\/\/ecologa-europe.com\/shop\/produkt\/peinture-ecran-5g-indoor-paquet-test-de-100g\/?lang=fr"]}]},{"@type":"ImageObject","inLanguage":"de","@id":"https:\/\/ecologa-europe.com\/shop\/produkt\/peinture-ecran-5g-indoor-paquet-test-de-100g\/?lang=fr#primaryimage","url":"https:\/\/ecologa-europe.com\/shop\/wp-content\/uploads\/2025\/04\/produktverpackung_testpackung_100g_deutsch-1000x1000-1.jpg","contentUrl":"https:\/\/ecologa-europe.com\/shop\/wp-content\/uploads\/2025\/04\/produktverpackung_testpackung_100g_deutsch-1000x1000-1.jpg","width":1000,"height":1000},{"@type":"BreadcrumbList","@id":"https:\/\/ecologa-europe.com\/shop\/produkt\/peinture-ecran-5g-indoor-paquet-test-de-100g\/?lang=fr#breadcrumb","itemListElement":[{"@type":"ListItem","position":1,"name":"Startseite","item":"https:\/\/ecologa-europe.com\/shop\/"},{"@type":"ListItem","position":2,"name":"Shop","item":"https:\/\/ecologa-europe.com\/shop\/shop\/"},{"@type":"ListItem","position":3,"name":"Peinture \u00e9cran 5G Indoor paquet test de 100g"}]},{"@type":"WebSite","@id":"https:\/\/ecologa-europe.com\/shop\/#website","url":"https:\/\/ecologa-europe.com\/shop\/","name":"Elektrosmog-Schutz Onlineshop","description":"Ecologa Europe","publisher":{"@id":"https:\/\/ecologa-europe.com\/shop\/#organization"},"potentialAction":[{"@type":"SearchAction","target":{"@type":"EntryPoint","urlTemplate":"https:\/\/ecologa-europe.com\/shop\/?s={search_term_string}"},"query-input":{"@type":"PropertyValueSpecification","valueRequired":true,"valueName":"search_term_string"}}],"inLanguage":"de"},{"@type":"Organization","@id":"https:\/\/ecologa-europe.com\/shop\/#organization","name":"Elektrosmog-Schutz Onlineshop","url":"https:\/\/ecologa-europe.com\/shop\/","logo":{"@type":"ImageObject","inLanguage":"de","@id":"https:\/\/ecologa-europe.com\/shop\/#\/schema\/logo\/image\/","url":"https:\/\/ecologa-europe.com\/shop\/wp-content\/uploads\/2025\/04\/vertical-navbar-logo.svg","contentUrl":"https:\/\/ecologa-europe.com\/shop\/wp-content\/uploads\/2025\/04\/vertical-navbar-logo.svg","width":182,"height":70,"caption":"Elektrosmog-Schutz Onlineshop"},"image":{"@id":"https:\/\/ecologa-europe.com\/shop\/#\/schema\/logo\/image\/"},"sameAs":["https:\/\/www.facebook.com\/Ecologa-Europe-GmbH-1604744566252298\/","https:\/\/www.instagram.com\/ecologaeurope\/"]}]}},"_links":{"self":[{"href":"https:\/\/ecologa-europe.com\/shop\/wp-json\/wp\/v2\/product\/7825","targetHints":{"allow":["GET"]}}],"collection":[{"href":"https:\/\/ecologa-europe.com\/shop\/wp-json\/wp\/v2\/product"}],"about":[{"href":"https:\/\/ecologa-europe.com\/shop\/wp-json\/wp\/v2\/types\/product"}],"wp:featuredmedia":[{"embeddable":true,"href":"https:\/\/ecologa-europe.com\/shop\/wp-json\/wp\/v2\/media\/1864"}],"wp:attachment":[{"href":"https:\/\/ecologa-europe.com\/shop\/wp-json\/wp\/v2\/media?parent=7825"}],"wp:term":[{"taxonomy":"product_brand","embeddable":true,"href":"https:\/\/ecologa-europe.com\/shop\/wp-json\/wp\/v2\/product_brand?post=7825"},{"taxonomy":"product_cat","embeddable":true,"href":"https:\/\/ecologa-europe.com\/shop\/wp-json\/wp\/v2\/product_cat?post=7825"},{"taxonomy":"product_tag","embeddable":true,"href":"https:\/\/ecologa-europe.com\/shop\/wp-json\/wp\/v2\/product_tag?post=7825"}],"curies":[{"name":"wp","href":"https:\/\/api.w.org\/{rel}","templated":true}]}}