{"id":7826,"date":"2025-05-16T10:27:44","date_gmt":"2025-05-16T10:27:44","guid":{"rendered":"https:\/\/639.pm-domains.de\/?post_type=product&#038;p=7826"},"modified":"2025-05-16T10:42:10","modified_gmt":"2025-05-16T10:42:10","slug":"vernice-schermante-5g-per-interni-confezione-di-prova-da-100-g","status":"publish","type":"product","link":"https:\/\/ecologa-europe.com\/shop\/produkt\/vernice-schermante-5g-per-interni-confezione-di-prova-da-100-g\/?lang=it","title":{"rendered":"Vernice schermante 5G per interni confezione di prova da 100 g"},"content":{"rendered":"<p>Vernice schermante per alte e basse frequenze per uso interno. A scopo di test, offriamo ai clienti una confezione da 100 g di vernice schermante PLV (per interni). (per circa 1 m2 di superficie da verniciare &#8211; per una mano di vernice).<\/p>\n<p>\u00c8 possibile ordinare un campione per verificare l&#8217;efficacia della vernice protettiva in polvere.<\/p>\n<p><strong>Ecco i vantaggi della vernice:<\/strong><br \/>\nPropriet\u00e0 di schermatura a banda larga di altissimo livello<br \/>\nTempo di asciugatura rapido<br \/>\nFacile applicazione<br \/>\nAssenza di solventi chimici o conservanti, che rendono il nostro prodotto a bassissime emissioni e inodore.<br \/>\nNon utilizziamo volutamente solventi chimici, conservanti o antigelo. La vernice non \u00e8 sensibile al gelo e pu\u00f2 essere spedita senza problemi anche in inverno.<br \/>\nIl volume e il peso ridotti dell&#8217;unit\u00e0 di imballaggio consentono di contenere i costi di spedizione e di proteggere l&#8217;ambiente.<\/p>\n<p><strong>A cosa bisogna prestare attenzione quando si acquista una vernice per armatura?<\/strong><\/p>\n<p><strong>Facilit\u00e0 di applicazione<\/strong><br \/>\nUn punto molto importante quando si parla di vernice per armatura \u00e8 la facilit\u00e0 con cui la vernice per armatura pu\u00f2 essere ricoperta senza che il substrato debba essere nuovamente mescolato.<\/p>\n<p>Se la vernice di schermatura utilizzata ha una scarsa adesione o addirittura un effetto di sfarinamento, \u00e8 quasi impossibile riverniciarla di bianco o, in tal caso, ci\u00f2 va a scapito delle prestazioni dello scudo.<\/p>\n<p>Un effetto di sfarinamento significa che quando si passa la mano sul muro asciutto, la polvere di grafite rimane sulla mano.<\/p>\n<p>\u00c8 quindi molto importante che la vernice protettiva abbia una forza di adesione di almeno 10 N\/mm\u00b2.<br \/>\nAltrimenti, la parete non sar\u00e0 bianca, ma grigia!<\/p>\n<p>La vernice in polvere ha una <strong>forza di adesione di 12 N\/mm\u00b2.<\/strong><\/p>\n<p>Al momento dell&#8217;acquisto, verificare sempre la resistenza alla trazione della vernice, come indicato dal produttore.<\/p>\n<p><strong>Vernice liquida per armature<\/strong><br \/>\nFare attenzione quando si acquistano vernici liquide, perch\u00e9 spesso vengono utilizzati biocidi tossici come conservanti.<\/p>\n<p>A differenza delle vernici in polvere, nella produzione di vernici liquide pronte all&#8217;uso NON \u00e8 possibile fare a meno dei conservanti. Senza conservanti, circa un terzo delle vernici si deteriorerebbe nel secchio, prima ancora di raggiungere il consumatore.<\/p>\n<p>Il biocida isotiazolinone presente nelle vernici in dispersione \u00e8 fonte di preoccupazione. Protegge le pitture e le vernici a base d&#8217;acqua dall&#8217;attacco microbico e quindi dal deterioramento.<br \/>\nSi tratta di un effetto auspicabile, ma purtroppo gli isotiazolinoni sono altamente tossici in acqua.<\/p>\n<p>(Come indicato sulla homepage del Verband der deutschen Lack- und Druckfarbenindustrie e.V. (VdL))<\/p>\n<p>Gli isotiazolinoni spesso utilizzati sono :<\/p>\n<p>Benzisotiazolinone (BIT), classificato come sostanza pericolosa, appartiene alla classe dei composti isotiazolinonici ed \u00e8 un biocida ampiamente utilizzato.<\/p>\n<p>L&#8217;enilconazolo (INN), classificato come sostanza pericolosa, \u00e8 un fungicida sistemico appartenente al gruppo degli imidazoli.<\/p>\n<p>Il metilisotiazolinone (MIT), classificato come sostanza pericolosa, appartiene alla classe degli isotiazoloni ed \u00e8 un biocida ampiamente utilizzato.<\/p>\n<p>Suggerimento: prima di acquistare una vernice per schermi, consultare sempre la scheda tecnica del produttore.<br \/>\n<strong>Tutti i conservanti devono essere menzionati!<\/strong><\/p>\n<p><strong>La schermatura<\/strong><br \/>\nInfine, passiamo alla schermatura.<br \/>\n\u00c8 importante:<br \/>\nAlcuni produttori dichiarano 90 dB o 100 dB per i colori di schermatura, ma non indicano lo spessore esatto dello strato. Questo dovrebbe essere indicato in g\/m2 &#8211; cio\u00e8 grammi per metro quadro per strato.<br \/>\nQuesto valore indica al cliente la quantit\u00e0 di vernice asciutta necessaria su un metro quadrato <strong>per ottenere effettivamente il valore di schermatura dichiarato.<\/strong><\/p>\n<p>La nostra vernice schermante:<br \/>\nPer una resa di 5 m\u00b2 \/ litro \/ spessore dello strato circa 150g\/m\u00b2.<br \/>\nFino a : Una mano 49 dB | Due mani 65 dB<\/p>\n<p>Con una resa di circa 7 m\u00b2 \/ litro \/ spessore dello strato circa 100g\/m\u00b2.<br \/>\nFino a : Una mano 36 dB | Due mani 58 dB | Tre mani 65 dB<\/p>\n<p>Una mano uniforme con un rullo acrilico d\u00e0 uno spessore di circa 100-150 g\/m\u00b2.<\/p>\n","protected":false},"excerpt":{"rendered":"<p>Vernice schermante per alte e basse frequenze per uso interno. A scopo di test, offriamo ai clienti una confezione da 100 g di vernice schermante PLV (per interni). (per circa 1 m2 di superficie da verniciare &#8211; per una mano di vernice).<\/p>\n<p>\u00c8 possibile ordinare un campione per verificare l&#8217;efficacia della vernice protettiva in polvere.<\/p>\n<p><strong>Ecco i vantaggi della vernice:<\/strong><br \/>\nPropriet\u00e0 di schermatura a banda larga di altissimo livello<br \/>\nTempo di asciugatura rapido<br \/>\nFacile applicazione<br \/>\nAssenza di solventi chimici o conservanti, che rendono il nostro prodotto a bassissime emissioni e inodore.<br \/>\nNon utilizziamo volutamente solventi chimici, conservanti o antigelo. La vernice non \u00e8 sensibile al gelo e pu\u00f2 essere spedita senza problemi anche in inverno.<br \/>\nIl volume e il peso ridotti dell&#8217;unit\u00e0 di imballaggio consentono di contenere i costi di spedizione e di proteggere l&#8217;ambiente.<\/p>\n","protected":false},"featured_media":1865,"template":"","meta":{"inline_featured_image":false,"site-sidebar-layout":"default","site-content-layout":"","ast-site-content-layout":"default","site-content-style":"default","site-sidebar-style":"default","ast-global-header-display":"","ast-banner-title-visibility":"","ast-main-header-display":"","ast-hfb-above-header-display":"","ast-hfb-below-header-display":"","ast-hfb-mobile-header-display":"","site-post-title":"","ast-breadcrumbs-content":"","ast-featured-img":"","footer-sml-layout":"","ast-disable-related-posts":"","theme-transparent-header-meta":"default","adv-header-id-meta":"","stick-header-meta":"","header-above-stick-meta":"","header-main-stick-meta":"","header-below-stick-meta":"","astra-migrate-meta-layouts":"default","ast-page-background-enabled":"default","ast-page-background-meta":{"desktop":{"background-color":"var(--ast-global-color-5)","background-image":"","background-repeat":"repeat","background-position":"center center","background-size":"auto","background-attachment":"scroll","background-type":"","background-media":"","overlay-type":"","overlay-color":"","overlay-opacity":"","overlay-gradient":""},"tablet":{"background-color":"","background-image":"","background-repeat":"repeat","background-position":"center center","background-size":"auto","background-attachment":"scroll","background-type":"","background-media":"","overlay-type":"","overlay-color":"","overlay-opacity":"","overlay-gradient":""},"mobile":{"background-color":"","background-image":"","background-repeat":"repeat","background-position":"center center","background-size":"auto","background-attachment":"scroll","background-type":"","background-media":"","overlay-type":"","overlay-color":"","overlay-opacity":"","overlay-gradient":""}},"ast-content-background-meta":{"desktop":{"background-color":"var(--ast-global-color-4)","background-image":"","background-repeat":"repeat","background-position":"center center","background-size":"auto","background-attachment":"scroll","background-type":"","background-media":"","overlay-type":"","overlay-color":"","overlay-opacity":"","overlay-gradient":""},"tablet":{"background-color":"var(--ast-global-color-4)","background-image":"","background-repeat":"repeat","background-position":"center center","background-size":"auto","background-attachment":"scroll","background-type":"","background-media":"","overlay-type":"","overlay-color":"","overlay-opacity":"","overlay-gradient":""},"mobile":{"background-color":"var(--ast-global-color-4)","background-image":"","background-repeat":"repeat","background-position":"center center","background-size":"auto","background-attachment":"scroll","background-type":"","background-media":"","overlay-type":"","overlay-color":"","overlay-opacity":"","overlay-gradient":""}}},"product_brand":[],"product_cat":[286],"product_tag":[194,209],"class_list":{"0":"post-7826","1":"product","2":"type-product","3":"status-publish","4":"has-post-thumbnail","6":"product_cat-pittura-schermante","7":"product_tag-protezione-dal-5g","8":"product_tag-protezione-dallelettrosmog","9":"product_shipping_class-standardversand","10":"desktop-align-left","11":"tablet-align-left","12":"mobile-align-left","14":"first","15":"instock","16":"taxable","17":"shipping-taxable","18":"purchasable","19":"product-type-simple"},"yoast_head":"<!-- This site is optimized with the Yoast SEO plugin v27.4 - https:\/\/yoast.com\/product\/yoast-seo-wordpress\/ -->\n<title>Vernice schermante 5G per interni confezione di prova da 100 g - Elektrosmog-Schutz Onlineshop<\/title>\n<meta name=\"description\" content=\"Vernice schermante in grafene per schermare le future altissime frequenze 5G.\" \/>\n<meta name=\"robots\" content=\"index, follow, max-snippet:-1, max-image-preview:large, max-video-preview:-1\" \/>\n<link rel=\"canonical\" href=\"https:\/\/ecologa-europe.com\/shop\/produkt\/vernice-schermante-5g-per-interni-confezione-di-prova-da-100-g\/\" \/>\n<meta property=\"og:locale\" content=\"de_DE\" \/>\n<meta property=\"og:type\" content=\"article\" \/>\n<meta property=\"og:title\" content=\"Vernice schermante 5G per interni confezione di prova da 100 g - Elektrosmog-Schutz Onlineshop\" \/>\n<meta property=\"og:description\" content=\"Vernice schermante in grafene per schermare le future altissime frequenze 5G.\" \/>\n<meta property=\"og:url\" content=\"https:\/\/ecologa-europe.com\/shop\/produkt\/vernice-schermante-5g-per-interni-confezione-di-prova-da-100-g\/?lang=it\" \/>\n<meta property=\"og:site_name\" content=\"Elektrosmog-Schutz Onlineshop\" \/>\n<meta property=\"article:publisher\" content=\"https:\/\/www.facebook.com\/Ecologa-Europe-GmbH-1604744566252298\/\" \/>\n<meta property=\"article:modified_time\" content=\"2025-05-16T10:42:10+00:00\" \/>\n<meta property=\"og:image\" content=\"https:\/\/ecologa-europe.com\/shop\/wp-content\/uploads\/2025\/04\/produktverpackung_testpackung_100g_deutsch-1000x1000-1.jpg\" \/>\n\t<meta property=\"og:image:width\" content=\"1000\" \/>\n\t<meta property=\"og:image:height\" content=\"1000\" \/>\n\t<meta property=\"og:image:type\" content=\"image\/jpeg\" \/>\n<meta name=\"twitter:card\" content=\"summary_large_image\" \/>\n<meta name=\"twitter:label1\" content=\"Gesch\u00e4tzte Lesezeit\" \/>\n\t<meta name=\"twitter:data1\" content=\"4\u00a0Minuten\" \/>\n<script type=\"application\/ld+json\" class=\"yoast-schema-graph\">{\"@context\":\"https:\\\/\\\/schema.org\",\"@graph\":[{\"@type\":\"WebPage\",\"@id\":\"https:\\\/\\\/ecologa-europe.com\\\/shop\\\/produkt\\\/vernice-schermante-5g-per-interni-confezione-di-prova-da-100-g\\\/?lang=it\",\"url\":\"https:\\\/\\\/ecologa-europe.com\\\/shop\\\/produkt\\\/vernice-schermante-5g-per-interni-confezione-di-prova-da-100-g\\\/?lang=it\",\"name\":\"Vernice schermante 5G per interni confezione di prova da 100 g - Elektrosmog-Schutz Onlineshop\",\"isPartOf\":{\"@id\":\"https:\\\/\\\/ecologa-europe.com\\\/shop\\\/#website\"},\"primaryImageOfPage\":{\"@id\":\"https:\\\/\\\/ecologa-europe.com\\\/shop\\\/produkt\\\/vernice-schermante-5g-per-interni-confezione-di-prova-da-100-g\\\/?lang=it#primaryimage\"},\"image\":{\"@id\":\"https:\\\/\\\/ecologa-europe.com\\\/shop\\\/produkt\\\/vernice-schermante-5g-per-interni-confezione-di-prova-da-100-g\\\/?lang=it#primaryimage\"},\"thumbnailUrl\":\"https:\\\/\\\/ecologa-europe.com\\\/shop\\\/wp-content\\\/uploads\\\/2025\\\/04\\\/produktverpackung_testpackung_100g_deutsch-1000x1000-1.jpg\",\"datePublished\":\"2025-05-16T10:27:44+00:00\",\"dateModified\":\"2025-05-16T10:42:10+00:00\",\"description\":\"Vernice schermante in grafene per schermare le future altissime frequenze 5G.\",\"breadcrumb\":{\"@id\":\"https:\\\/\\\/ecologa-europe.com\\\/shop\\\/produkt\\\/vernice-schermante-5g-per-interni-confezione-di-prova-da-100-g\\\/?lang=it#breadcrumb\"},\"inLanguage\":\"de\",\"potentialAction\":[{\"@type\":\"ReadAction\",\"target\":[\"https:\\\/\\\/ecologa-europe.com\\\/shop\\\/produkt\\\/vernice-schermante-5g-per-interni-confezione-di-prova-da-100-g\\\/?lang=it\"]}]},{\"@type\":\"ImageObject\",\"inLanguage\":\"de\",\"@id\":\"https:\\\/\\\/ecologa-europe.com\\\/shop\\\/produkt\\\/vernice-schermante-5g-per-interni-confezione-di-prova-da-100-g\\\/?lang=it#primaryimage\",\"url\":\"https:\\\/\\\/ecologa-europe.com\\\/shop\\\/wp-content\\\/uploads\\\/2025\\\/04\\\/produktverpackung_testpackung_100g_deutsch-1000x1000-1.jpg\",\"contentUrl\":\"https:\\\/\\\/ecologa-europe.com\\\/shop\\\/wp-content\\\/uploads\\\/2025\\\/04\\\/produktverpackung_testpackung_100g_deutsch-1000x1000-1.jpg\",\"width\":1000,\"height\":1000},{\"@type\":\"BreadcrumbList\",\"@id\":\"https:\\\/\\\/ecologa-europe.com\\\/shop\\\/produkt\\\/vernice-schermante-5g-per-interni-confezione-di-prova-da-100-g\\\/?lang=it#breadcrumb\",\"itemListElement\":[{\"@type\":\"ListItem\",\"position\":1,\"name\":\"Startseite\",\"item\":\"https:\\\/\\\/ecologa-europe.com\\\/shop\\\/\"},{\"@type\":\"ListItem\",\"position\":2,\"name\":\"Shop\",\"item\":\"https:\\\/\\\/ecologa-europe.com\\\/shop\\\/shop\\\/\"},{\"@type\":\"ListItem\",\"position\":3,\"name\":\"Vernice schermante 5G per interni confezione di prova da 100 g\"}]},{\"@type\":\"WebSite\",\"@id\":\"https:\\\/\\\/ecologa-europe.com\\\/shop\\\/#website\",\"url\":\"https:\\\/\\\/ecologa-europe.com\\\/shop\\\/\",\"name\":\"Elektrosmog-Schutz Onlineshop\",\"description\":\"Ecologa Europe\",\"publisher\":{\"@id\":\"https:\\\/\\\/ecologa-europe.com\\\/shop\\\/#organization\"},\"potentialAction\":[{\"@type\":\"SearchAction\",\"target\":{\"@type\":\"EntryPoint\",\"urlTemplate\":\"https:\\\/\\\/ecologa-europe.com\\\/shop\\\/?s={search_term_string}\"},\"query-input\":{\"@type\":\"PropertyValueSpecification\",\"valueRequired\":true,\"valueName\":\"search_term_string\"}}],\"inLanguage\":\"de\"},{\"@type\":\"Organization\",\"@id\":\"https:\\\/\\\/ecologa-europe.com\\\/shop\\\/#organization\",\"name\":\"Elektrosmog-Schutz Onlineshop\",\"url\":\"https:\\\/\\\/ecologa-europe.com\\\/shop\\\/\",\"logo\":{\"@type\":\"ImageObject\",\"inLanguage\":\"de\",\"@id\":\"https:\\\/\\\/ecologa-europe.com\\\/shop\\\/#\\\/schema\\\/logo\\\/image\\\/\",\"url\":\"https:\\\/\\\/ecologa-europe.com\\\/shop\\\/wp-content\\\/uploads\\\/2025\\\/04\\\/vertical-navbar-logo.svg\",\"contentUrl\":\"https:\\\/\\\/ecologa-europe.com\\\/shop\\\/wp-content\\\/uploads\\\/2025\\\/04\\\/vertical-navbar-logo.svg\",\"width\":182,\"height\":70,\"caption\":\"Elektrosmog-Schutz Onlineshop\"},\"image\":{\"@id\":\"https:\\\/\\\/ecologa-europe.com\\\/shop\\\/#\\\/schema\\\/logo\\\/image\\\/\"},\"sameAs\":[\"https:\\\/\\\/www.facebook.com\\\/Ecologa-Europe-GmbH-1604744566252298\\\/\",\"https:\\\/\\\/www.instagram.com\\\/ecologaeurope\\\/\"]}]}<\/script>\n<!-- \/ Yoast SEO plugin. -->","yoast_head_json":{"title":"Vernice schermante 5G per interni confezione di prova da 100 g - Elektrosmog-Schutz Onlineshop","description":"Vernice schermante in grafene per schermare le future altissime frequenze 5G.","robots":{"index":"index","follow":"follow","max-snippet":"max-snippet:-1","max-image-preview":"max-image-preview:large","max-video-preview":"max-video-preview:-1"},"canonical":"https:\/\/ecologa-europe.com\/shop\/produkt\/vernice-schermante-5g-per-interni-confezione-di-prova-da-100-g\/","og_locale":"de_DE","og_type":"article","og_title":"Vernice schermante 5G per interni confezione di prova da 100 g - Elektrosmog-Schutz Onlineshop","og_description":"Vernice schermante in grafene per schermare le future altissime frequenze 5G.","og_url":"https:\/\/ecologa-europe.com\/shop\/produkt\/vernice-schermante-5g-per-interni-confezione-di-prova-da-100-g\/?lang=it","og_site_name":"Elektrosmog-Schutz Onlineshop","article_publisher":"https:\/\/www.facebook.com\/Ecologa-Europe-GmbH-1604744566252298\/","article_modified_time":"2025-05-16T10:42:10+00:00","og_image":[{"width":1000,"height":1000,"url":"https:\/\/ecologa-europe.com\/shop\/wp-content\/uploads\/2025\/04\/produktverpackung_testpackung_100g_deutsch-1000x1000-1.jpg","type":"image\/jpeg"}],"twitter_card":"summary_large_image","twitter_misc":{"Gesch\u00e4tzte Lesezeit":"4\u00a0Minuten"},"schema":{"@context":"https:\/\/schema.org","@graph":[{"@type":"WebPage","@id":"https:\/\/ecologa-europe.com\/shop\/produkt\/vernice-schermante-5g-per-interni-confezione-di-prova-da-100-g\/?lang=it","url":"https:\/\/ecologa-europe.com\/shop\/produkt\/vernice-schermante-5g-per-interni-confezione-di-prova-da-100-g\/?lang=it","name":"Vernice schermante 5G per interni confezione di prova da 100 g - Elektrosmog-Schutz Onlineshop","isPartOf":{"@id":"https:\/\/ecologa-europe.com\/shop\/#website"},"primaryImageOfPage":{"@id":"https:\/\/ecologa-europe.com\/shop\/produkt\/vernice-schermante-5g-per-interni-confezione-di-prova-da-100-g\/?lang=it#primaryimage"},"image":{"@id":"https:\/\/ecologa-europe.com\/shop\/produkt\/vernice-schermante-5g-per-interni-confezione-di-prova-da-100-g\/?lang=it#primaryimage"},"thumbnailUrl":"https:\/\/ecologa-europe.com\/shop\/wp-content\/uploads\/2025\/04\/produktverpackung_testpackung_100g_deutsch-1000x1000-1.jpg","datePublished":"2025-05-16T10:27:44+00:00","dateModified":"2025-05-16T10:42:10+00:00","description":"Vernice schermante in grafene per schermare le future altissime frequenze 5G.","breadcrumb":{"@id":"https:\/\/ecologa-europe.com\/shop\/produkt\/vernice-schermante-5g-per-interni-confezione-di-prova-da-100-g\/?lang=it#breadcrumb"},"inLanguage":"de","potentialAction":[{"@type":"ReadAction","target":["https:\/\/ecologa-europe.com\/shop\/produkt\/vernice-schermante-5g-per-interni-confezione-di-prova-da-100-g\/?lang=it"]}]},{"@type":"ImageObject","inLanguage":"de","@id":"https:\/\/ecologa-europe.com\/shop\/produkt\/vernice-schermante-5g-per-interni-confezione-di-prova-da-100-g\/?lang=it#primaryimage","url":"https:\/\/ecologa-europe.com\/shop\/wp-content\/uploads\/2025\/04\/produktverpackung_testpackung_100g_deutsch-1000x1000-1.jpg","contentUrl":"https:\/\/ecologa-europe.com\/shop\/wp-content\/uploads\/2025\/04\/produktverpackung_testpackung_100g_deutsch-1000x1000-1.jpg","width":1000,"height":1000},{"@type":"BreadcrumbList","@id":"https:\/\/ecologa-europe.com\/shop\/produkt\/vernice-schermante-5g-per-interni-confezione-di-prova-da-100-g\/?lang=it#breadcrumb","itemListElement":[{"@type":"ListItem","position":1,"name":"Startseite","item":"https:\/\/ecologa-europe.com\/shop\/"},{"@type":"ListItem","position":2,"name":"Shop","item":"https:\/\/ecologa-europe.com\/shop\/shop\/"},{"@type":"ListItem","position":3,"name":"Vernice schermante 5G per interni confezione di prova da 100 g"}]},{"@type":"WebSite","@id":"https:\/\/ecologa-europe.com\/shop\/#website","url":"https:\/\/ecologa-europe.com\/shop\/","name":"Elektrosmog-Schutz Onlineshop","description":"Ecologa Europe","publisher":{"@id":"https:\/\/ecologa-europe.com\/shop\/#organization"},"potentialAction":[{"@type":"SearchAction","target":{"@type":"EntryPoint","urlTemplate":"https:\/\/ecologa-europe.com\/shop\/?s={search_term_string}"},"query-input":{"@type":"PropertyValueSpecification","valueRequired":true,"valueName":"search_term_string"}}],"inLanguage":"de"},{"@type":"Organization","@id":"https:\/\/ecologa-europe.com\/shop\/#organization","name":"Elektrosmog-Schutz Onlineshop","url":"https:\/\/ecologa-europe.com\/shop\/","logo":{"@type":"ImageObject","inLanguage":"de","@id":"https:\/\/ecologa-europe.com\/shop\/#\/schema\/logo\/image\/","url":"https:\/\/ecologa-europe.com\/shop\/wp-content\/uploads\/2025\/04\/vertical-navbar-logo.svg","contentUrl":"https:\/\/ecologa-europe.com\/shop\/wp-content\/uploads\/2025\/04\/vertical-navbar-logo.svg","width":182,"height":70,"caption":"Elektrosmog-Schutz Onlineshop"},"image":{"@id":"https:\/\/ecologa-europe.com\/shop\/#\/schema\/logo\/image\/"},"sameAs":["https:\/\/www.facebook.com\/Ecologa-Europe-GmbH-1604744566252298\/","https:\/\/www.instagram.com\/ecologaeurope\/"]}]}},"_links":{"self":[{"href":"https:\/\/ecologa-europe.com\/shop\/wp-json\/wp\/v2\/product\/7826","targetHints":{"allow":["GET"]}}],"collection":[{"href":"https:\/\/ecologa-europe.com\/shop\/wp-json\/wp\/v2\/product"}],"about":[{"href":"https:\/\/ecologa-europe.com\/shop\/wp-json\/wp\/v2\/types\/product"}],"wp:featuredmedia":[{"embeddable":true,"href":"https:\/\/ecologa-europe.com\/shop\/wp-json\/wp\/v2\/media\/1865"}],"wp:attachment":[{"href":"https:\/\/ecologa-europe.com\/shop\/wp-json\/wp\/v2\/media?parent=7826"}],"wp:term":[{"taxonomy":"product_brand","embeddable":true,"href":"https:\/\/ecologa-europe.com\/shop\/wp-json\/wp\/v2\/product_brand?post=7826"},{"taxonomy":"product_cat","embeddable":true,"href":"https:\/\/ecologa-europe.com\/shop\/wp-json\/wp\/v2\/product_cat?post=7826"},{"taxonomy":"product_tag","embeddable":true,"href":"https:\/\/ecologa-europe.com\/shop\/wp-json\/wp\/v2\/product_tag?post=7826"}],"curies":[{"name":"wp","href":"https:\/\/api.w.org\/{rel}","templated":true}]}}