{"id":7827,"date":"2025-05-16T10:27:44","date_gmt":"2025-05-16T10:27:44","guid":{"rendered":"https:\/\/639.pm-domains.de\/?post_type=product&#038;p=7827"},"modified":"2026-03-14T07:45:58","modified_gmt":"2026-03-14T07:45:58","slug":"5g-abschirmfarbe-outdoor-100g-testpackung","status":"publish","type":"product","link":"https:\/\/ecologa-europe.com\/shop\/produkt\/5g-abschirmfarbe-outdoor-100g-testpackung\/","title":{"rendered":"5G Abschirmfarbe Outdoor 100g Testpackung"},"content":{"rendered":"<p>Hoch- und Niederfrequenz-Abschirmfarbe f\u00fcr den Au\u00dfenbereich. F\u00fcr Testzwecke bieten wir Kunden eine 100 g Verpackungseinheit PLV Abschirmfarbe (Outdoor) an. (f\u00fcr etwa 1 m2 Streichfl\u00e4che \u2013bei einer gestrichenen Schicht).<\/p>\n<p>Um sich von der Wirksamkeit der Pulver-Abschirmfarbe zu \u00fcberzeugen, haben Sie die M\u00f6glichkeit, ein Muster zu bestellen.<\/p>\n<p><strong>Hier sind die Vorteile, die unsere Farbe bietet:<\/strong><\/p>\n<p>Breitbandige Abschirmungseigenschaften auf h\u00f6chstem Niveau<br \/>\nSchnelle Trocknungszeit<br \/>\nEinfache Anwendung<br \/>\nOhne chemische L\u00f6sungsmittel und Konservierungsstoffe &#8211; dadurch ist unser Produkt sehr emissions- und geruchsarm.<br \/>\nWir verzichten bewusst auf chemische L\u00f6sungsmittel, Konservierungsmittel und Frostschutzmittel. Die Farbe ist nicht frostempfindlich und kann auch im Winter problemlos versendet werden.<br \/>\nDas geringe Volumen und Gewicht der Verpackungseinheit h\u00e4lt die Versandkosten niedrig und schont die Umwelt.<\/p>\n<p><strong>Worauf sollte man beim Kauf von Abschirmfarben achten?<\/strong><\/p>\n<p><strong>Einfache Anwendung<\/strong><br \/>\nEin sehr wichtiger Punkt bei Leinwandfarben ist, wie leicht sie \u00fcberstrichen werden kann, ohne dass der Untergrund erneut vermischt wird.<\/p>\n<p>Wenn die verwendete Abschirmfarbe schlecht haftet oder sogar kreidend wirkt, ist es fast unm\u00f6glich, sie wei\u00df zu \u00fcberstreichen, oder wenn doch, geht dies auf Kosten der Abschirmleistung.<\/p>\n<p>Ein Kreidungseffekt bedeutet, dass beim Streichen mit der Hand \u00fcber die trockene Wand Graphitstaub an der Hand haften bleibt.<\/p>\n<p>Daher ist es sehr wichtig, dass die Schutzfarbe eine Haftkraft von mindestens 10 N\/mm\u00b2 hat.<br \/>\nAndernfalls wird die Wand nicht wei\u00df, sondern grau!<\/p>\n<p>Unser Pulverlack hat eine <strong>Haftkraft von 12 N\/mm\u00b2<\/strong>.<\/p>\n<p>Wenn Sie eine Farbe kaufen, achten Sie bitte immer auf die vom Hersteller angegebene Zugfestigkeit der Farbe.<\/p>\n<p><strong>Fl\u00fcssigabschirmfarbe<\/strong><br \/>\nVorsicht beim Kauf von Fl\u00fcssigabschirmfarben, oft werden giftige Biozide zur Konservierung eingesetzt.<\/p>\n<p>Im Gegensatz zu einer Farbe in Pulverform kann bei der Herstellung von gebrauchsfertigen Fl\u00fcssigfarben NICHT auf Konservierungsmittel verzichtet werden. Tats\u00e4chlich w\u00fcrde ohne Konservierungsstoffe etwa ein Drittel der Farben im Eimer verderben, noch bevor sie den Verbraucher erreichen.<\/p>\n<p>Das in Dispersionsfarben enthaltene Biozid Isothiazolinon gibt Anlass zur Sorge. Es sch\u00fctzt Farben und Lacke auf Wasserbasis vor mikrobiellen Angriffen und damit vor dem Verderben.<br \/>\nDies ist ein erw\u00fcnschter Effekt, doch leider weisen Isothiazolinone eine hohe aquatische Toxizit\u00e4t auf.<\/p>\n<p>(Zu lesen auf der Homepage des Verbands der deutschen Lack- und Druckfarbenindustrie e.V. (VdL).<\/p>\n<p>Oft verwendete Isothiazolinone sind:<\/p>\n<p>Benzisothiazolinon (BIT) als Gefahrstoff eingestuft, geh\u00f6rt in die Verbindungsklasse der Isothiazolinone und ist ein weit verbreitetes Biozid.<\/p>\n<p>Enilconazol (INN) als Gefahrstoff eingestuft, ist ein systemisches Fungizid aus der Gruppe der Imidazole.<\/p>\n<p>Methylisothiazolinon (MIT) als Gefahrstoff eingestuft, geh\u00f6rt zur Verbindungsklasse der Isothiazolinone und ist ein weit verbreitetes Biozid.<\/p>\n<p><strong>Tipp:<\/strong> Schauen Sie vor dem Kauf von Abschirmfarbe immer in das technische Merkblatz des Herstellers.<br \/>\n<strong>Dort m\u00fcssen alle Konservierungsmittel vollumf\u00e4nglich angegeben sein!<\/strong><\/p>\n<p><strong>Abschirmung<br \/>\n<\/strong>Abschlie\u00dfend richten wir unsere Aufmerksamkeit auf die Abschirmung.<br \/>\nWichtig:<br \/>\nEinige Hersteller geben 90 dB oder 100 dB f\u00fcr die Abschirmungsfarben an, geben aber nicht die genaue Schichtdicke an. Diese sollte in g\/m2 angegeben werden &#8211; d. h. in Gramm pro Quadratmeter pro Schicht.<br \/>\nDieser Wert sagt dem Kunden, wie viel trockene Farbe auf einem Quadratmeter ben\u00f6tigt wird &#8211; <strong>um den angegebenen Abschirmungswert tats\u00e4chlich zu erreichen.<\/strong><\/p>\n<p>Unsere Abschirmfarbe :<br \/>\nBei einer Ergiebigkeit von 5 m\u00b2 \/ Liter \/ Schichtdicke ca. 150g\/m\u00b2.<br \/>\nBis zu : Eine Schicht 49 dB | Zwei Schichten 65 dB.<\/p>\n<p>Bei einer Ergiebigkeit von ca. 7 m\u00b2 \/ Liter \/ Schichtdicke ca. 100g\/m\u00b2.<br \/>\nBis zu: Eine Schicht 36 dB | Zwei Schichten 58 dB | Drei Schichten 65 dB.<\/p>\n<p>Eine gleichm\u00e4\u00dfige Schicht mit der Acrylrolle ergibt eine Dicke von ca. 100-150 g\/m\u00b2.<\/p>\n","protected":false},"excerpt":{"rendered":"<p>Hoch- und Niederfrequenz-Abschirmfarbe f\u00fcr den Au\u00dfenbereich. F\u00fcr Testzwecke bieten wir Kunden eine 100 g Verpackungseinheit PLV Abschirmfarbe (Outdoor) an. (f\u00fcr etwa 1 m2 Streichfl\u00e4che \u2013bei einer gestrichenen Schicht).<\/p>\n<p>Um sich von der Wirksamkeit der Pulver-Abschirmfarbe zu \u00fcberzeugen, haben Sie die M\u00f6glichkeit, ein Muster zu bestellen.<\/p>\n<p><strong>Hier sind die Vorteile, die unsere Farbe bietet:<\/strong><\/p>\n<p>Breitbandige Abschirmungseigenschaften auf h\u00f6chstem Niveau<br \/>\nSchnelle Trocknungszeit<br \/>\nEinfache Anwendung<br \/>\nOhne chemische L\u00f6sungsmittel und Konservierungsstoffe &#8211; dadurch ist unser Produkt sehr emissions- und geruchsarm.<br \/>\nWir verzichten bewusst auf chemische L\u00f6sungsmittel, Konservierungsmittel und Frostschutzmittel. Die Farbe ist nicht frostempfindlich und kann auch im Winter problemlos versendet werden.<br \/>\nDas geringe Volumen und Gewicht der Verpackungseinheit h\u00e4lt die Versandkosten niedrig und schont die Umwelt.<\/p>\n","protected":false},"featured_media":775,"template":"","meta":{"inline_featured_image":false,"site-sidebar-layout":"default","site-content-layout":"","ast-site-content-layout":"default","site-content-style":"default","site-sidebar-style":"default","ast-global-header-display":"","ast-banner-title-visibility":"","ast-main-header-display":"","ast-hfb-above-header-display":"","ast-hfb-below-header-display":"","ast-hfb-mobile-header-display":"","site-post-title":"","ast-breadcrumbs-content":"","ast-featured-img":"","footer-sml-layout":"","ast-disable-related-posts":"","theme-transparent-header-meta":"default","adv-header-id-meta":"","stick-header-meta":"","header-above-stick-meta":"","header-main-stick-meta":"","header-below-stick-meta":"","astra-migrate-meta-layouts":"set","ast-page-background-enabled":"default","ast-page-background-meta":{"desktop":{"background-color":"var(--ast-global-color-5)","background-image":"","background-repeat":"repeat","background-position":"center center","background-size":"auto","background-attachment":"scroll","background-type":"","background-media":"","overlay-type":"","overlay-color":"","overlay-opacity":"","overlay-gradient":""},"tablet":{"background-color":"","background-image":"","background-repeat":"repeat","background-position":"center center","background-size":"auto","background-attachment":"scroll","background-type":"","background-media":"","overlay-type":"","overlay-color":"","overlay-opacity":"","overlay-gradient":""},"mobile":{"background-color":"","background-image":"","background-repeat":"repeat","background-position":"center center","background-size":"auto","background-attachment":"scroll","background-type":"","background-media":"","overlay-type":"","overlay-color":"","overlay-opacity":"","overlay-gradient":""}},"ast-content-background-meta":{"desktop":{"background-color":"var(--ast-global-color-4)","background-image":"","background-repeat":"repeat","background-position":"center center","background-size":"auto","background-attachment":"scroll","background-type":"","background-media":"","overlay-type":"","overlay-color":"","overlay-opacity":"","overlay-gradient":""},"tablet":{"background-color":"var(--ast-global-color-4)","background-image":"","background-repeat":"repeat","background-position":"center center","background-size":"auto","background-attachment":"scroll","background-type":"","background-media":"","overlay-type":"","overlay-color":"","overlay-opacity":"","overlay-gradient":""},"mobile":{"background-color":"var(--ast-global-color-4)","background-image":"","background-repeat":"repeat","background-position":"center center","background-size":"auto","background-attachment":"scroll","background-type":"","background-media":"","overlay-type":"","overlay-color":"","overlay-opacity":"","overlay-gradient":""}}},"product_brand":[],"product_cat":[112,745,83],"product_tag":[113,21,33],"class_list":{"0":"post-7827","1":"product","2":"type-product","3":"status-publish","4":"has-post-thumbnail","6":"product_cat-abschirmfarbe","7":"product_cat-abschirmfarbe-aussen","8":"product_cat-slider-start-1","9":"product_tag-abschirmfarbe","10":"product_tag-schutz-vor-5g","11":"product_tag-schutz-vor-elektrosmog","12":"product_shipping_class-standardversand","13":"desktop-align-left","14":"tablet-align-left","15":"mobile-align-left","17":"first","18":"instock","19":"taxable","20":"shipping-taxable","21":"purchasable","22":"product-type-simple"},"yoast_head":"<!-- This site is optimized with the Yoast SEO plugin v27.4 - https:\/\/yoast.com\/product\/yoast-seo-wordpress\/ -->\n<title>5G Abschirmfarbe Outdoor 100g Testpackung - Elektrosmog-Schutz Onlineshop<\/title>\n<meta name=\"description\" content=\"Abschirm-Graphit Farbe zur Schirmung der zuk\u00fcnftigen sehr hohen Frequenzen 5G.\" \/>\n<meta name=\"robots\" content=\"index, follow, max-snippet:-1, max-image-preview:large, max-video-preview:-1\" \/>\n<link rel=\"canonical\" href=\"https:\/\/ecologa-europe.com\/shop\/produkt\/5g-abschirmfarbe-outdoor-100g-testpackung\/\" \/>\n<meta property=\"og:locale\" content=\"de_DE\" \/>\n<meta property=\"og:type\" content=\"article\" \/>\n<meta property=\"og:title\" content=\"5G Abschirmfarbe Outdoor 100g Testpackung - Elektrosmog-Schutz Onlineshop\" \/>\n<meta property=\"og:description\" content=\"Abschirm-Graphit Farbe zur Schirmung der zuk\u00fcnftigen sehr hohen Frequenzen 5G.\" \/>\n<meta property=\"og:url\" content=\"https:\/\/ecologa-europe.com\/shop\/produkt\/5g-abschirmfarbe-outdoor-100g-testpackung\/\" \/>\n<meta property=\"og:site_name\" content=\"Elektrosmog-Schutz Onlineshop\" \/>\n<meta property=\"article:publisher\" content=\"https:\/\/www.facebook.com\/Ecologa-Europe-GmbH-1604744566252298\/\" \/>\n<meta property=\"article:modified_time\" content=\"2026-03-14T07:45:58+00:00\" \/>\n<meta property=\"og:image\" content=\"https:\/\/ecologa-europe.com\/shop\/wp-content\/uploads\/2025\/04\/produktverpackung_testpackung_100g_deutsch-1000x1000-1.jpg\" \/>\n\t<meta property=\"og:image:width\" content=\"1000\" \/>\n\t<meta property=\"og:image:height\" content=\"1000\" \/>\n\t<meta property=\"og:image:type\" content=\"image\/jpeg\" \/>\n<meta name=\"twitter:card\" content=\"summary_large_image\" \/>\n<meta name=\"twitter:label1\" content=\"Gesch\u00e4tzte Lesezeit\" \/>\n\t<meta name=\"twitter:data1\" content=\"4\u00a0Minuten\" \/>\n<script type=\"application\/ld+json\" class=\"yoast-schema-graph\">{\"@context\":\"https:\\\/\\\/schema.org\",\"@graph\":[{\"@type\":\"WebPage\",\"@id\":\"https:\\\/\\\/ecologa-europe.com\\\/shop\\\/produkt\\\/5g-abschirmfarbe-outdoor-100g-testpackung\\\/\",\"url\":\"https:\\\/\\\/ecologa-europe.com\\\/shop\\\/produkt\\\/5g-abschirmfarbe-outdoor-100g-testpackung\\\/\",\"name\":\"5G Abschirmfarbe Outdoor 100g Testpackung - Elektrosmog-Schutz Onlineshop\",\"isPartOf\":{\"@id\":\"https:\\\/\\\/ecologa-europe.com\\\/shop\\\/#website\"},\"primaryImageOfPage\":{\"@id\":\"https:\\\/\\\/ecologa-europe.com\\\/shop\\\/produkt\\\/5g-abschirmfarbe-outdoor-100g-testpackung\\\/#primaryimage\"},\"image\":{\"@id\":\"https:\\\/\\\/ecologa-europe.com\\\/shop\\\/produkt\\\/5g-abschirmfarbe-outdoor-100g-testpackung\\\/#primaryimage\"},\"thumbnailUrl\":\"https:\\\/\\\/ecologa-europe.com\\\/shop\\\/wp-content\\\/uploads\\\/2025\\\/04\\\/produktverpackung_testpackung_100g_deutsch-1000x1000-1.jpg\",\"datePublished\":\"2025-05-16T10:27:44+00:00\",\"dateModified\":\"2026-03-14T07:45:58+00:00\",\"description\":\"Abschirm-Graphit Farbe zur Schirmung der zuk\u00fcnftigen sehr hohen Frequenzen 5G.\",\"breadcrumb\":{\"@id\":\"https:\\\/\\\/ecologa-europe.com\\\/shop\\\/produkt\\\/5g-abschirmfarbe-outdoor-100g-testpackung\\\/#breadcrumb\"},\"inLanguage\":\"de\",\"potentialAction\":[{\"@type\":\"ReadAction\",\"target\":[\"https:\\\/\\\/ecologa-europe.com\\\/shop\\\/produkt\\\/5g-abschirmfarbe-outdoor-100g-testpackung\\\/\"]}]},{\"@type\":\"ImageObject\",\"inLanguage\":\"de\",\"@id\":\"https:\\\/\\\/ecologa-europe.com\\\/shop\\\/produkt\\\/5g-abschirmfarbe-outdoor-100g-testpackung\\\/#primaryimage\",\"url\":\"https:\\\/\\\/ecologa-europe.com\\\/shop\\\/wp-content\\\/uploads\\\/2025\\\/04\\\/produktverpackung_testpackung_100g_deutsch-1000x1000-1.jpg\",\"contentUrl\":\"https:\\\/\\\/ecologa-europe.com\\\/shop\\\/wp-content\\\/uploads\\\/2025\\\/04\\\/produktverpackung_testpackung_100g_deutsch-1000x1000-1.jpg\",\"width\":1000,\"height\":1000},{\"@type\":\"BreadcrumbList\",\"@id\":\"https:\\\/\\\/ecologa-europe.com\\\/shop\\\/produkt\\\/5g-abschirmfarbe-outdoor-100g-testpackung\\\/#breadcrumb\",\"itemListElement\":[{\"@type\":\"ListItem\",\"position\":1,\"name\":\"Startseite\",\"item\":\"https:\\\/\\\/ecologa-europe.com\\\/shop\\\/\"},{\"@type\":\"ListItem\",\"position\":2,\"name\":\"Shop\",\"item\":\"https:\\\/\\\/ecologa-europe.com\\\/shop\\\/shop\\\/\"},{\"@type\":\"ListItem\",\"position\":3,\"name\":\"5G Abschirmfarbe Outdoor 100g Testpackung\"}]},{\"@type\":\"WebSite\",\"@id\":\"https:\\\/\\\/ecologa-europe.com\\\/shop\\\/#website\",\"url\":\"https:\\\/\\\/ecologa-europe.com\\\/shop\\\/\",\"name\":\"Elektrosmog-Schutz Onlineshop\",\"description\":\"Ecologa Europe\",\"publisher\":{\"@id\":\"https:\\\/\\\/ecologa-europe.com\\\/shop\\\/#organization\"},\"potentialAction\":[{\"@type\":\"SearchAction\",\"target\":{\"@type\":\"EntryPoint\",\"urlTemplate\":\"https:\\\/\\\/ecologa-europe.com\\\/shop\\\/?s={search_term_string}\"},\"query-input\":{\"@type\":\"PropertyValueSpecification\",\"valueRequired\":true,\"valueName\":\"search_term_string\"}}],\"inLanguage\":\"de\"},{\"@type\":\"Organization\",\"@id\":\"https:\\\/\\\/ecologa-europe.com\\\/shop\\\/#organization\",\"name\":\"Elektrosmog-Schutz Onlineshop\",\"url\":\"https:\\\/\\\/ecologa-europe.com\\\/shop\\\/\",\"logo\":{\"@type\":\"ImageObject\",\"inLanguage\":\"de\",\"@id\":\"https:\\\/\\\/ecologa-europe.com\\\/shop\\\/#\\\/schema\\\/logo\\\/image\\\/\",\"url\":\"https:\\\/\\\/ecologa-europe.com\\\/shop\\\/wp-content\\\/uploads\\\/2025\\\/04\\\/vertical-navbar-logo.svg\",\"contentUrl\":\"https:\\\/\\\/ecologa-europe.com\\\/shop\\\/wp-content\\\/uploads\\\/2025\\\/04\\\/vertical-navbar-logo.svg\",\"width\":182,\"height\":70,\"caption\":\"Elektrosmog-Schutz Onlineshop\"},\"image\":{\"@id\":\"https:\\\/\\\/ecologa-europe.com\\\/shop\\\/#\\\/schema\\\/logo\\\/image\\\/\"},\"sameAs\":[\"https:\\\/\\\/www.facebook.com\\\/Ecologa-Europe-GmbH-1604744566252298\\\/\",\"https:\\\/\\\/www.instagram.com\\\/ecologaeurope\\\/\"]}]}<\/script>\n<!-- \/ Yoast SEO plugin. -->","yoast_head_json":{"title":"5G Abschirmfarbe Outdoor 100g Testpackung - Elektrosmog-Schutz Onlineshop","description":"Abschirm-Graphit Farbe zur Schirmung der zuk\u00fcnftigen sehr hohen Frequenzen 5G.","robots":{"index":"index","follow":"follow","max-snippet":"max-snippet:-1","max-image-preview":"max-image-preview:large","max-video-preview":"max-video-preview:-1"},"canonical":"https:\/\/ecologa-europe.com\/shop\/produkt\/5g-abschirmfarbe-outdoor-100g-testpackung\/","og_locale":"de_DE","og_type":"article","og_title":"5G Abschirmfarbe Outdoor 100g Testpackung - Elektrosmog-Schutz Onlineshop","og_description":"Abschirm-Graphit Farbe zur Schirmung der zuk\u00fcnftigen sehr hohen Frequenzen 5G.","og_url":"https:\/\/ecologa-europe.com\/shop\/produkt\/5g-abschirmfarbe-outdoor-100g-testpackung\/","og_site_name":"Elektrosmog-Schutz Onlineshop","article_publisher":"https:\/\/www.facebook.com\/Ecologa-Europe-GmbH-1604744566252298\/","article_modified_time":"2026-03-14T07:45:58+00:00","og_image":[{"width":1000,"height":1000,"url":"https:\/\/ecologa-europe.com\/shop\/wp-content\/uploads\/2025\/04\/produktverpackung_testpackung_100g_deutsch-1000x1000-1.jpg","type":"image\/jpeg"}],"twitter_card":"summary_large_image","twitter_misc":{"Gesch\u00e4tzte Lesezeit":"4\u00a0Minuten"},"schema":{"@context":"https:\/\/schema.org","@graph":[{"@type":"WebPage","@id":"https:\/\/ecologa-europe.com\/shop\/produkt\/5g-abschirmfarbe-outdoor-100g-testpackung\/","url":"https:\/\/ecologa-europe.com\/shop\/produkt\/5g-abschirmfarbe-outdoor-100g-testpackung\/","name":"5G Abschirmfarbe Outdoor 100g Testpackung - Elektrosmog-Schutz Onlineshop","isPartOf":{"@id":"https:\/\/ecologa-europe.com\/shop\/#website"},"primaryImageOfPage":{"@id":"https:\/\/ecologa-europe.com\/shop\/produkt\/5g-abschirmfarbe-outdoor-100g-testpackung\/#primaryimage"},"image":{"@id":"https:\/\/ecologa-europe.com\/shop\/produkt\/5g-abschirmfarbe-outdoor-100g-testpackung\/#primaryimage"},"thumbnailUrl":"https:\/\/ecologa-europe.com\/shop\/wp-content\/uploads\/2025\/04\/produktverpackung_testpackung_100g_deutsch-1000x1000-1.jpg","datePublished":"2025-05-16T10:27:44+00:00","dateModified":"2026-03-14T07:45:58+00:00","description":"Abschirm-Graphit Farbe zur Schirmung der zuk\u00fcnftigen sehr hohen Frequenzen 5G.","breadcrumb":{"@id":"https:\/\/ecologa-europe.com\/shop\/produkt\/5g-abschirmfarbe-outdoor-100g-testpackung\/#breadcrumb"},"inLanguage":"de","potentialAction":[{"@type":"ReadAction","target":["https:\/\/ecologa-europe.com\/shop\/produkt\/5g-abschirmfarbe-outdoor-100g-testpackung\/"]}]},{"@type":"ImageObject","inLanguage":"de","@id":"https:\/\/ecologa-europe.com\/shop\/produkt\/5g-abschirmfarbe-outdoor-100g-testpackung\/#primaryimage","url":"https:\/\/ecologa-europe.com\/shop\/wp-content\/uploads\/2025\/04\/produktverpackung_testpackung_100g_deutsch-1000x1000-1.jpg","contentUrl":"https:\/\/ecologa-europe.com\/shop\/wp-content\/uploads\/2025\/04\/produktverpackung_testpackung_100g_deutsch-1000x1000-1.jpg","width":1000,"height":1000},{"@type":"BreadcrumbList","@id":"https:\/\/ecologa-europe.com\/shop\/produkt\/5g-abschirmfarbe-outdoor-100g-testpackung\/#breadcrumb","itemListElement":[{"@type":"ListItem","position":1,"name":"Startseite","item":"https:\/\/ecologa-europe.com\/shop\/"},{"@type":"ListItem","position":2,"name":"Shop","item":"https:\/\/ecologa-europe.com\/shop\/shop\/"},{"@type":"ListItem","position":3,"name":"5G Abschirmfarbe Outdoor 100g Testpackung"}]},{"@type":"WebSite","@id":"https:\/\/ecologa-europe.com\/shop\/#website","url":"https:\/\/ecologa-europe.com\/shop\/","name":"Elektrosmog-Schutz Onlineshop","description":"Ecologa Europe","publisher":{"@id":"https:\/\/ecologa-europe.com\/shop\/#organization"},"potentialAction":[{"@type":"SearchAction","target":{"@type":"EntryPoint","urlTemplate":"https:\/\/ecologa-europe.com\/shop\/?s={search_term_string}"},"query-input":{"@type":"PropertyValueSpecification","valueRequired":true,"valueName":"search_term_string"}}],"inLanguage":"de"},{"@type":"Organization","@id":"https:\/\/ecologa-europe.com\/shop\/#organization","name":"Elektrosmog-Schutz Onlineshop","url":"https:\/\/ecologa-europe.com\/shop\/","logo":{"@type":"ImageObject","inLanguage":"de","@id":"https:\/\/ecologa-europe.com\/shop\/#\/schema\/logo\/image\/","url":"https:\/\/ecologa-europe.com\/shop\/wp-content\/uploads\/2025\/04\/vertical-navbar-logo.svg","contentUrl":"https:\/\/ecologa-europe.com\/shop\/wp-content\/uploads\/2025\/04\/vertical-navbar-logo.svg","width":182,"height":70,"caption":"Elektrosmog-Schutz Onlineshop"},"image":{"@id":"https:\/\/ecologa-europe.com\/shop\/#\/schema\/logo\/image\/"},"sameAs":["https:\/\/www.facebook.com\/Ecologa-Europe-GmbH-1604744566252298\/","https:\/\/www.instagram.com\/ecologaeurope\/"]}]}},"_links":{"self":[{"href":"https:\/\/ecologa-europe.com\/shop\/wp-json\/wp\/v2\/product\/7827","targetHints":{"allow":["GET"]}}],"collection":[{"href":"https:\/\/ecologa-europe.com\/shop\/wp-json\/wp\/v2\/product"}],"about":[{"href":"https:\/\/ecologa-europe.com\/shop\/wp-json\/wp\/v2\/types\/product"}],"wp:featuredmedia":[{"embeddable":true,"href":"https:\/\/ecologa-europe.com\/shop\/wp-json\/wp\/v2\/media\/775"}],"wp:attachment":[{"href":"https:\/\/ecologa-europe.com\/shop\/wp-json\/wp\/v2\/media?parent=7827"}],"wp:term":[{"taxonomy":"product_brand","embeddable":true,"href":"https:\/\/ecologa-europe.com\/shop\/wp-json\/wp\/v2\/product_brand?post=7827"},{"taxonomy":"product_cat","embeddable":true,"href":"https:\/\/ecologa-europe.com\/shop\/wp-json\/wp\/v2\/product_cat?post=7827"},{"taxonomy":"product_tag","embeddable":true,"href":"https:\/\/ecologa-europe.com\/shop\/wp-json\/wp\/v2\/product_tag?post=7827"}],"curies":[{"name":"wp","href":"https:\/\/api.w.org\/{rel}","templated":true}]}}