{"id":7832,"date":"2025-05-16T10:27:45","date_gmt":"2025-05-16T10:27:45","guid":{"rendered":"https:\/\/639.pm-domains.de\/?post_type=product&#038;p=7832"},"modified":"2025-05-16T10:42:23","modified_gmt":"2025-05-16T10:42:23","slug":"tissu-metallise-agc2","status":"publish","type":"product","link":"https:\/\/ecologa-europe.com\/shop\/produkt\/tissu-metallise-agc2\/?lang=fr","title":{"rendered":"Tissu m\u00e9tallis\u00e9 AGC2"},"content":{"rendered":"<p><strong>Tissus pour l&#8217;industrie<\/strong><\/p>\n<p>Textiles techniques, qualit\u00e9 made in Germany depuis plus de 40 ans.<br \/>\nDe l&#8217;argent, du cuivre, du nickel et de l&#8217;\u00e9tain v\u00e9ritables sont utilis\u00e9s pour m\u00e9talliser ces tissus selon un proc\u00e9d\u00e9 chimique unique au monde, qui exploite les propri\u00e9t\u00e9s naturelles des m\u00e9taux sous forme textile et flexible.<br \/>\nCes tissus polyvalents conviennent parfaitement comme tissus de blindage CEM dans diverses applications techniques.<br \/>\nCe textil completement metallis\u00e9 a l&#8217;argent est le parfait allrounder aussi bien pour tous les produits techniques que lpour les produits de blindage \u00e9lectromagn\u00e9tique. Avec une capacit\u00e9 de blindage moyenne de 60 dB dans la gamme de fr\u00e9quences de 0,2 \u00e0 14 GHz, ce tissu conducteur est id\u00e9al pour toutes les applications CEM.<br \/>\nEnduit sur une face d&#8217;un polyur\u00e9thane conducteur, ce tissu conducteur est particuli\u00e8rement r\u00e9sistant aux influences environnementales. Il est certifi\u00e9 OEKO-TEX\u00ae STANDARD 100.<\/p>\n<p><strong>Donn\u00e9es techniques :<\/strong><\/p>\n<p>BLargeur 128 cm \u00b1 3 cm<br \/>\nLongueur du rouleau : moyenne 100\/200\/300 m<br \/>\nType : Ripstop<br \/>\nM\u00e9tallisation : argent<br \/>\nDensit\u00e9 de fil cha\u00eene : \u2248 480-500 fils\/dm<br \/>\nDensit\u00e9 de fil trame : \u2248 450-490 fils\/dm<br \/>\nMati\u00e8re premi\u00e8re : 100% polyamide \/ nylon 6,6<br \/>\nComposition de la mati\u00e8re : (60% PA \/ 14% AG \/ 25% rev\u00eatement PU) \u00b1 10%<br \/>\nRev\u00eatement PU : polyur\u00e9thane conducteurreite 128 cm \u00b1 3 cm<br \/>\nR\u00e9sistance \u00e9lectrique de surface : < 0.3 \u03a9\/\u25a1 (max. 0,5 \u03a9\/\u25a1)\nFr\u00e9quence mesur\u00e9e : 0,2 GHz - 14 GHz\nCapacit\u00e9 de blindage (0,2-2 GHz) Moyenne 62 dB\nCapacit\u00e9 de blindage (2-5 GHz) Moyenne 61 dB\nCapacit\u00e9 de blindage (5-14 GHz) Moyenne 65 dB\nR\u00e9sistance \u00e0 l'abrasion : \u2265 20000 cycles\nPoids total : 58 g\/m\u00b2 \u00b1 10\n\u00c9paisseur totale : 0,10 mm \u00b1 12\nPlage de temp\u00e9rature : - 30 \u00b0C \u00e0 90 \u00b0C\nStockage et manipulation : selon nos instructions d'entretien et de manipulation.\nConformit\u00e9 et certification : OEKO-TEX STANDARD 100, DIN EN ISO 9001, REACH, RoHS\n\nApplication : \nTentes de blindage\nApplications CEM\nForensique mobile\n<\/p>\n","protected":false},"excerpt":{"rendered":"<p>Ce textil completement metallis\u00e9 a l&#8217;argent est le parfait allrounder aussi bien pour tous les produits techniques que lpour les produits de blindage \u00e9lectromagn\u00e9tique. Avec une capacit\u00e9 de blindage moyenne de 60 dB dans la gamme de fr\u00e9quences de 0,2 \u00e0 14 GHz, ce tissu conducteur est id\u00e9al pour toutes les applications CEM. <\/p>\n<p>Application :<br \/>\nTentes de blindage<br \/>\nApplications CEM<br \/>\nForensique mobile<\/p>\n","protected":false},"featured_media":776,"template":"","meta":{"inline_featured_image":false,"site-sidebar-layout":"default","site-content-layout":"","ast-site-content-layout":"default","site-content-style":"default","site-sidebar-style":"default","ast-global-header-display":"","ast-banner-title-visibility":"","ast-main-header-display":"","ast-hfb-above-header-display":"","ast-hfb-below-header-display":"","ast-hfb-mobile-header-display":"","site-post-title":"","ast-breadcrumbs-content":"","ast-featured-img":"","footer-sml-layout":"","ast-disable-related-posts":"","theme-transparent-header-meta":"","adv-header-id-meta":"","stick-header-meta":"","header-above-stick-meta":"","header-main-stick-meta":"","header-below-stick-meta":"","astra-migrate-meta-layouts":"default","ast-page-background-enabled":"default","ast-page-background-meta":{"desktop":{"background-color":"var(--ast-global-color-5)","background-image":"","background-repeat":"repeat","background-position":"center center","background-size":"auto","background-attachment":"scroll","background-type":"","background-media":"","overlay-type":"","overlay-color":"","overlay-opacity":"","overlay-gradient":""},"tablet":{"background-color":"","background-image":"","background-repeat":"repeat","background-position":"center center","background-size":"auto","background-attachment":"scroll","background-type":"","background-media":"","overlay-type":"","overlay-color":"","overlay-opacity":"","overlay-gradient":""},"mobile":{"background-color":"","background-image":"","background-repeat":"repeat","background-position":"center center","background-size":"auto","background-attachment":"scroll","background-type":"","background-media":"","overlay-type":"","overlay-color":"","overlay-opacity":"","overlay-gradient":""}},"ast-content-background-meta":{"desktop":{"background-color":"var(--ast-global-color-4)","background-image":"","background-repeat":"repeat","background-position":"center center","background-size":"auto","background-attachment":"scroll","background-type":"","background-media":"","overlay-type":"","overlay-color":"","overlay-opacity":"","overlay-gradient":""},"tablet":{"background-color":"var(--ast-global-color-4)","background-image":"","background-repeat":"repeat","background-position":"center center","background-size":"auto","background-attachment":"scroll","background-type":"","background-media":"","overlay-type":"","overlay-color":"","overlay-opacity":"","overlay-gradient":""},"mobile":{"background-color":"var(--ast-global-color-4)","background-image":"","background-repeat":"repeat","background-position":"center center","background-size":"auto","background-attachment":"scroll","background-type":"","background-media":"","overlay-type":"","overlay-color":"","overlay-opacity":"","overlay-gradient":""}}},"product_brand":[],"product_cat":[442,625],"product_tag":[444,187,316],"class_list":{"0":"post-7832","1":"product","2":"type-product","3":"status-publish","4":"has-post-thumbnail","6":"product_cat-applications-emc","7":"product_cat-textiles-techniques-applications-emc","8":"product_tag-blindage-cem","9":"product_tag-protection-contre-la-5g","10":"product_tag-tissu-ecran","11":"product_shipping_class-standardversand","12":"desktop-align-left","13":"tablet-align-left","14":"mobile-align-left","16":"first","17":"instock","18":"taxable","19":"shipping-taxable","20":"product-type-simple"},"yoast_head":"<!-- This site is optimized with the Yoast SEO plugin v27.3 - https:\/\/yoast.com\/product\/yoast-seo-wordpress\/ -->\n<title>Tissu m\u00e9tallis\u00e9 AGC2 - Elektrosmog-Schutz Onlineshop<\/title>\n<meta name=\"description\" content=\"Ces tissus polyvalents conviennent parfaitement comme tissus de blindage CEM dans diff\u00e9rentes applications techniques.\" \/>\n<meta name=\"robots\" content=\"index, follow, max-snippet:-1, max-image-preview:large, max-video-preview:-1\" \/>\n<link rel=\"canonical\" href=\"https:\/\/ecologa-europe.com\/shop\/produkt\/tissu-metallise-agc2\/\" \/>\n<meta property=\"og:locale\" content=\"de_DE\" \/>\n<meta property=\"og:type\" content=\"article\" \/>\n<meta property=\"og:title\" content=\"Tissu m\u00e9tallis\u00e9 AGC2 - Elektrosmog-Schutz Onlineshop\" \/>\n<meta property=\"og:description\" content=\"Ces tissus polyvalents conviennent parfaitement comme tissus de blindage CEM dans diff\u00e9rentes applications techniques.\" \/>\n<meta property=\"og:url\" content=\"https:\/\/ecologa-europe.com\/shop\/produkt\/tissu-metallise-agc2\/?lang=fr\" \/>\n<meta property=\"og:site_name\" content=\"Elektrosmog-Schutz Onlineshop\" \/>\n<meta property=\"article:publisher\" content=\"https:\/\/www.facebook.com\/Ecologa-Europe-GmbH-1604744566252298\/\" \/>\n<meta property=\"article:modified_time\" content=\"2025-05-16T10:42:23+00:00\" \/>\n<meta property=\"og:image\" content=\"https:\/\/ecologa-europe.com\/shop\/wp-content\/uploads\/2025\/04\/AGC2-RS.jpg\" \/>\n\t<meta property=\"og:image:width\" content=\"1920\" \/>\n\t<meta property=\"og:image:height\" content=\"1280\" \/>\n\t<meta property=\"og:image:type\" content=\"image\/jpeg\" \/>\n<meta name=\"twitter:card\" content=\"summary_large_image\" \/>\n<meta name=\"twitter:label1\" content=\"Gesch\u00e4tzte Lesezeit\" \/>\n\t<meta name=\"twitter:data1\" content=\"2\u00a0Minuten\" \/>\n<script type=\"application\/ld+json\" class=\"yoast-schema-graph\">{\"@context\":\"https:\\\/\\\/schema.org\",\"@graph\":[{\"@type\":\"WebPage\",\"@id\":\"https:\\\/\\\/ecologa-europe.com\\\/shop\\\/produkt\\\/tissu-metallise-agc2\\\/?lang=fr\",\"url\":\"https:\\\/\\\/ecologa-europe.com\\\/shop\\\/produkt\\\/tissu-metallise-agc2\\\/?lang=fr\",\"name\":\"Tissu m\u00e9tallis\u00e9 AGC2 - Elektrosmog-Schutz Onlineshop\",\"isPartOf\":{\"@id\":\"https:\\\/\\\/ecologa-europe.com\\\/shop\\\/#website\"},\"primaryImageOfPage\":{\"@id\":\"https:\\\/\\\/ecologa-europe.com\\\/shop\\\/produkt\\\/tissu-metallise-agc2\\\/?lang=fr#primaryimage\"},\"image\":{\"@id\":\"https:\\\/\\\/ecologa-europe.com\\\/shop\\\/produkt\\\/tissu-metallise-agc2\\\/?lang=fr#primaryimage\"},\"thumbnailUrl\":\"https:\\\/\\\/ecologa-europe.com\\\/shop\\\/wp-content\\\/uploads\\\/2025\\\/04\\\/AGC2-RS.jpg\",\"datePublished\":\"2025-05-16T10:27:45+00:00\",\"dateModified\":\"2025-05-16T10:42:23+00:00\",\"description\":\"Ces tissus polyvalents conviennent parfaitement comme tissus de blindage CEM dans diff\u00e9rentes applications techniques.\",\"breadcrumb\":{\"@id\":\"https:\\\/\\\/ecologa-europe.com\\\/shop\\\/produkt\\\/tissu-metallise-agc2\\\/?lang=fr#breadcrumb\"},\"inLanguage\":\"de\",\"potentialAction\":[{\"@type\":\"ReadAction\",\"target\":[\"https:\\\/\\\/ecologa-europe.com\\\/shop\\\/produkt\\\/tissu-metallise-agc2\\\/?lang=fr\"]}]},{\"@type\":\"ImageObject\",\"inLanguage\":\"de\",\"@id\":\"https:\\\/\\\/ecologa-europe.com\\\/shop\\\/produkt\\\/tissu-metallise-agc2\\\/?lang=fr#primaryimage\",\"url\":\"https:\\\/\\\/ecologa-europe.com\\\/shop\\\/wp-content\\\/uploads\\\/2025\\\/04\\\/AGC2-RS.jpg\",\"contentUrl\":\"https:\\\/\\\/ecologa-europe.com\\\/shop\\\/wp-content\\\/uploads\\\/2025\\\/04\\\/AGC2-RS.jpg\",\"width\":1920,\"height\":1280},{\"@type\":\"BreadcrumbList\",\"@id\":\"https:\\\/\\\/ecologa-europe.com\\\/shop\\\/produkt\\\/tissu-metallise-agc2\\\/?lang=fr#breadcrumb\",\"itemListElement\":[{\"@type\":\"ListItem\",\"position\":1,\"name\":\"Startseite\",\"item\":\"https:\\\/\\\/ecologa-europe.com\\\/shop\\\/\"},{\"@type\":\"ListItem\",\"position\":2,\"name\":\"Shop\",\"item\":\"https:\\\/\\\/ecologa-europe.com\\\/shop\\\/shop\\\/\"},{\"@type\":\"ListItem\",\"position\":3,\"name\":\"Tissu m\u00e9tallis\u00e9 AGC2\"}]},{\"@type\":\"WebSite\",\"@id\":\"https:\\\/\\\/ecologa-europe.com\\\/shop\\\/#website\",\"url\":\"https:\\\/\\\/ecologa-europe.com\\\/shop\\\/\",\"name\":\"Elektrosmog-Schutz Onlineshop\",\"description\":\"Ecologa Europe\",\"publisher\":{\"@id\":\"https:\\\/\\\/ecologa-europe.com\\\/shop\\\/#organization\"},\"potentialAction\":[{\"@type\":\"SearchAction\",\"target\":{\"@type\":\"EntryPoint\",\"urlTemplate\":\"https:\\\/\\\/ecologa-europe.com\\\/shop\\\/?s={search_term_string}\"},\"query-input\":{\"@type\":\"PropertyValueSpecification\",\"valueRequired\":true,\"valueName\":\"search_term_string\"}}],\"inLanguage\":\"de\"},{\"@type\":\"Organization\",\"@id\":\"https:\\\/\\\/ecologa-europe.com\\\/shop\\\/#organization\",\"name\":\"Elektrosmog-Schutz Onlineshop\",\"url\":\"https:\\\/\\\/ecologa-europe.com\\\/shop\\\/\",\"logo\":{\"@type\":\"ImageObject\",\"inLanguage\":\"de\",\"@id\":\"https:\\\/\\\/ecologa-europe.com\\\/shop\\\/#\\\/schema\\\/logo\\\/image\\\/\",\"url\":\"https:\\\/\\\/ecologa-europe.com\\\/shop\\\/wp-content\\\/uploads\\\/2025\\\/04\\\/vertical-navbar-logo.svg\",\"contentUrl\":\"https:\\\/\\\/ecologa-europe.com\\\/shop\\\/wp-content\\\/uploads\\\/2025\\\/04\\\/vertical-navbar-logo.svg\",\"width\":182,\"height\":70,\"caption\":\"Elektrosmog-Schutz Onlineshop\"},\"image\":{\"@id\":\"https:\\\/\\\/ecologa-europe.com\\\/shop\\\/#\\\/schema\\\/logo\\\/image\\\/\"},\"sameAs\":[\"https:\\\/\\\/www.facebook.com\\\/Ecologa-Europe-GmbH-1604744566252298\\\/\",\"https:\\\/\\\/www.instagram.com\\\/ecologaeurope\\\/\"]}]}<\/script>\n<!-- \/ Yoast SEO plugin. -->","yoast_head_json":{"title":"Tissu m\u00e9tallis\u00e9 AGC2 - Elektrosmog-Schutz Onlineshop","description":"Ces tissus polyvalents conviennent parfaitement comme tissus de blindage CEM dans diff\u00e9rentes applications techniques.","robots":{"index":"index","follow":"follow","max-snippet":"max-snippet:-1","max-image-preview":"max-image-preview:large","max-video-preview":"max-video-preview:-1"},"canonical":"https:\/\/ecologa-europe.com\/shop\/produkt\/tissu-metallise-agc2\/","og_locale":"de_DE","og_type":"article","og_title":"Tissu m\u00e9tallis\u00e9 AGC2 - Elektrosmog-Schutz Onlineshop","og_description":"Ces tissus polyvalents conviennent parfaitement comme tissus de blindage CEM dans diff\u00e9rentes applications techniques.","og_url":"https:\/\/ecologa-europe.com\/shop\/produkt\/tissu-metallise-agc2\/?lang=fr","og_site_name":"Elektrosmog-Schutz Onlineshop","article_publisher":"https:\/\/www.facebook.com\/Ecologa-Europe-GmbH-1604744566252298\/","article_modified_time":"2025-05-16T10:42:23+00:00","og_image":[{"width":1920,"height":1280,"url":"https:\/\/ecologa-europe.com\/shop\/wp-content\/uploads\/2025\/04\/AGC2-RS.jpg","type":"image\/jpeg"}],"twitter_card":"summary_large_image","twitter_misc":{"Gesch\u00e4tzte Lesezeit":"2\u00a0Minuten"},"schema":{"@context":"https:\/\/schema.org","@graph":[{"@type":"WebPage","@id":"https:\/\/ecologa-europe.com\/shop\/produkt\/tissu-metallise-agc2\/?lang=fr","url":"https:\/\/ecologa-europe.com\/shop\/produkt\/tissu-metallise-agc2\/?lang=fr","name":"Tissu m\u00e9tallis\u00e9 AGC2 - Elektrosmog-Schutz Onlineshop","isPartOf":{"@id":"https:\/\/ecologa-europe.com\/shop\/#website"},"primaryImageOfPage":{"@id":"https:\/\/ecologa-europe.com\/shop\/produkt\/tissu-metallise-agc2\/?lang=fr#primaryimage"},"image":{"@id":"https:\/\/ecologa-europe.com\/shop\/produkt\/tissu-metallise-agc2\/?lang=fr#primaryimage"},"thumbnailUrl":"https:\/\/ecologa-europe.com\/shop\/wp-content\/uploads\/2025\/04\/AGC2-RS.jpg","datePublished":"2025-05-16T10:27:45+00:00","dateModified":"2025-05-16T10:42:23+00:00","description":"Ces tissus polyvalents conviennent parfaitement comme tissus de blindage CEM dans diff\u00e9rentes applications techniques.","breadcrumb":{"@id":"https:\/\/ecologa-europe.com\/shop\/produkt\/tissu-metallise-agc2\/?lang=fr#breadcrumb"},"inLanguage":"de","potentialAction":[{"@type":"ReadAction","target":["https:\/\/ecologa-europe.com\/shop\/produkt\/tissu-metallise-agc2\/?lang=fr"]}]},{"@type":"ImageObject","inLanguage":"de","@id":"https:\/\/ecologa-europe.com\/shop\/produkt\/tissu-metallise-agc2\/?lang=fr#primaryimage","url":"https:\/\/ecologa-europe.com\/shop\/wp-content\/uploads\/2025\/04\/AGC2-RS.jpg","contentUrl":"https:\/\/ecologa-europe.com\/shop\/wp-content\/uploads\/2025\/04\/AGC2-RS.jpg","width":1920,"height":1280},{"@type":"BreadcrumbList","@id":"https:\/\/ecologa-europe.com\/shop\/produkt\/tissu-metallise-agc2\/?lang=fr#breadcrumb","itemListElement":[{"@type":"ListItem","position":1,"name":"Startseite","item":"https:\/\/ecologa-europe.com\/shop\/"},{"@type":"ListItem","position":2,"name":"Shop","item":"https:\/\/ecologa-europe.com\/shop\/shop\/"},{"@type":"ListItem","position":3,"name":"Tissu m\u00e9tallis\u00e9 AGC2"}]},{"@type":"WebSite","@id":"https:\/\/ecologa-europe.com\/shop\/#website","url":"https:\/\/ecologa-europe.com\/shop\/","name":"Elektrosmog-Schutz Onlineshop","description":"Ecologa Europe","publisher":{"@id":"https:\/\/ecologa-europe.com\/shop\/#organization"},"potentialAction":[{"@type":"SearchAction","target":{"@type":"EntryPoint","urlTemplate":"https:\/\/ecologa-europe.com\/shop\/?s={search_term_string}"},"query-input":{"@type":"PropertyValueSpecification","valueRequired":true,"valueName":"search_term_string"}}],"inLanguage":"de"},{"@type":"Organization","@id":"https:\/\/ecologa-europe.com\/shop\/#organization","name":"Elektrosmog-Schutz Onlineshop","url":"https:\/\/ecologa-europe.com\/shop\/","logo":{"@type":"ImageObject","inLanguage":"de","@id":"https:\/\/ecologa-europe.com\/shop\/#\/schema\/logo\/image\/","url":"https:\/\/ecologa-europe.com\/shop\/wp-content\/uploads\/2025\/04\/vertical-navbar-logo.svg","contentUrl":"https:\/\/ecologa-europe.com\/shop\/wp-content\/uploads\/2025\/04\/vertical-navbar-logo.svg","width":182,"height":70,"caption":"Elektrosmog-Schutz Onlineshop"},"image":{"@id":"https:\/\/ecologa-europe.com\/shop\/#\/schema\/logo\/image\/"},"sameAs":["https:\/\/www.facebook.com\/Ecologa-Europe-GmbH-1604744566252298\/","https:\/\/www.instagram.com\/ecologaeurope\/"]}]}},"_links":{"self":[{"href":"https:\/\/ecologa-europe.com\/shop\/wp-json\/wp\/v2\/product\/7832","targetHints":{"allow":["GET"]}}],"collection":[{"href":"https:\/\/ecologa-europe.com\/shop\/wp-json\/wp\/v2\/product"}],"about":[{"href":"https:\/\/ecologa-europe.com\/shop\/wp-json\/wp\/v2\/types\/product"}],"wp:featuredmedia":[{"embeddable":true,"href":"https:\/\/ecologa-europe.com\/shop\/wp-json\/wp\/v2\/media\/776"}],"wp:attachment":[{"href":"https:\/\/ecologa-europe.com\/shop\/wp-json\/wp\/v2\/media?parent=7832"}],"wp:term":[{"taxonomy":"product_brand","embeddable":true,"href":"https:\/\/ecologa-europe.com\/shop\/wp-json\/wp\/v2\/product_brand?post=7832"},{"taxonomy":"product_cat","embeddable":true,"href":"https:\/\/ecologa-europe.com\/shop\/wp-json\/wp\/v2\/product_cat?post=7832"},{"taxonomy":"product_tag","embeddable":true,"href":"https:\/\/ecologa-europe.com\/shop\/wp-json\/wp\/v2\/product_tag?post=7832"}],"curies":[{"name":"wp","href":"https:\/\/api.w.org\/{rel}","templated":true}]}}