{"id":7834,"date":"2025-05-16T10:27:45","date_gmt":"2025-05-16T10:27:45","guid":{"rendered":"https:\/\/639.pm-domains.de\/?post_type=product&#038;p=7834"},"modified":"2025-05-16T10:42:23","modified_gmt":"2025-05-16T10:42:23","slug":"tessuto-metallizzato-agc2","status":"publish","type":"product","link":"https:\/\/ecologa-europe.com\/shop\/produkt\/tessuto-metallizzato-agc2\/?lang=it","title":{"rendered":"Tessuto metallizzato AGC2"},"content":{"rendered":"<p><strong>Tessuti per l&#8217;industria<\/strong><\/p>\n<p>Tessuti tecnici, qualit\u00e0 made in Germany da oltre 40 anni.<br \/>\nArgento, rame, nichel e stagno autentici sono utilizzati in un processo chimico unico per metallizzare questi tessuti, sfruttando le propriet\u00e0 naturali dei metalli in una forma tessile e flessibile.<br \/>\nQuesti tessuti versatili sono ideali per essere utilizzati come tessuti di schermatura EMC in varie applicazioni tecniche.<\/p>\n<p>Questo textil completamente metallizzato in argento \u00e8 il perfetto allrounder per i prodotti di schermatura tecnica ed elettromagnetica. Con una capacit\u00e0 di schermatura media di 60 dB nella gamma di frequenze da 0,2 a 14 GHz, questo tessuto conduttivo \u00e8 ideale per tutte le applicazioni EMC.<br \/>\nRivestito su un lato con un poliuretano conduttivo, questo tessuto conduttivo \u00e8 particolarmente resistente alle influenze ambientali. \u00c8 certificato OEKO-TEX\u00ae STANDARD 100.<\/p>\n<p><strong>Dati tecnici:<\/strong><\/p>\n<p>Larghezza 128 cm \u00b1 3 cm<br \/>\nLunghezza del rotolo: mediamente 100\/200\/300 m<br \/>\nTipo: Ripstop<br \/>\nMetallizzazione: Argento<br \/>\nDensit\u00e0 dei fili in ordito: \u2248 480-500 fili\/dm<br \/>\nDensit\u00e0 del filo di trama: \u2248 450-490 fili\/dm<br \/>\nMateria prima: 100% poliammide \/ nylon 6.6<br \/>\nComposizione del materiale: (60% PA \/ 14% AG \/ 25% rivestimento PU) \u00b1 10%<br \/>\nRivestimento in PU: poliuretano conduttivo<br \/>\nResistenza elettrica di superficie: &lt; 0,3 \u03a9\/\u25a1 (max. 0,5 \u03a9\/\u25a1)<br \/>\nFrequenza misurata: 0,2 GHz &#8211; 14 GHz<br \/>\nCapacit\u00e0 di schermatura (0,2-2 GHz) media 62 dB<br \/>\nCapacit\u00e0 di schermatura (2-5 GHz) media 61 dB<br \/>\nCapacit\u00e0 di schermatura (5-14 GHz) media 65 dB<br \/>\nResistenza all&#8217;abrasione: \u2265 20000 cicli<br \/>\nPeso totale: 58 g\/m\u00b2 \u00b1 10%<br \/>\nSpessore totale: 0,10 mm \u00b1 12%<br \/>\nIntervallo di temperatura: da &#8211; 30 \u00b0C a 90 \u00b0C<br \/>\nConservazione e manipolazione: Secondo le nostre istruzioni di manutenzione e manipolazione<br \/>\nConformit\u00e0 e certificazione: OEKO-TEX STANDARD 100, DIN EN ISO 9001, REACH, RoHS<\/p>\n<p>Applicazioni:<br \/>\nTende di schermatura<br \/>\nApplicazioni EMC<br \/>\nApplicazioni mobili forensi<\/p>\n","protected":false},"excerpt":{"rendered":"<p>Questo textil completamente metallizzato in argento \u00e8 il perfetto allrounder per i prodotti di schermatura tecnica ed elettromagnetica. Con una capacit\u00e0 di schermatura media di 60 dB nella gamma di frequenze da 0,2 a 14 GHz, questo tessuto conduttivo \u00e8 ideale per tutte le applicazioni EMC.<\/p>\n<p>Applicazioni:<br \/>\nTende di schermatura<br \/>\nApplicazioni EMC<br \/>\nApplicazioni mobili forensi<\/p>\n","protected":false},"featured_media":776,"template":"","meta":{"inline_featured_image":false,"site-sidebar-layout":"default","site-content-layout":"","ast-site-content-layout":"default","site-content-style":"default","site-sidebar-style":"default","ast-global-header-display":"","ast-banner-title-visibility":"","ast-main-header-display":"","ast-hfb-above-header-display":"","ast-hfb-below-header-display":"","ast-hfb-mobile-header-display":"","site-post-title":"","ast-breadcrumbs-content":"","ast-featured-img":"","footer-sml-layout":"","ast-disable-related-posts":"","theme-transparent-header-meta":"","adv-header-id-meta":"","stick-header-meta":"","header-above-stick-meta":"","header-main-stick-meta":"","header-below-stick-meta":"","astra-migrate-meta-layouts":"default","ast-page-background-enabled":"default","ast-page-background-meta":{"desktop":{"background-color":"var(--ast-global-color-5)","background-image":"","background-repeat":"repeat","background-position":"center center","background-size":"auto","background-attachment":"scroll","background-type":"","background-media":"","overlay-type":"","overlay-color":"","overlay-opacity":"","overlay-gradient":""},"tablet":{"background-color":"","background-image":"","background-repeat":"repeat","background-position":"center center","background-size":"auto","background-attachment":"scroll","background-type":"","background-media":"","overlay-type":"","overlay-color":"","overlay-opacity":"","overlay-gradient":""},"mobile":{"background-color":"","background-image":"","background-repeat":"repeat","background-position":"center center","background-size":"auto","background-attachment":"scroll","background-type":"","background-media":"","overlay-type":"","overlay-color":"","overlay-opacity":"","overlay-gradient":""}},"ast-content-background-meta":{"desktop":{"background-color":"var(--ast-global-color-4)","background-image":"","background-repeat":"repeat","background-position":"center center","background-size":"auto","background-attachment":"scroll","background-type":"","background-media":"","overlay-type":"","overlay-color":"","overlay-opacity":"","overlay-gradient":""},"tablet":{"background-color":"var(--ast-global-color-4)","background-image":"","background-repeat":"repeat","background-position":"center center","background-size":"auto","background-attachment":"scroll","background-type":"","background-media":"","overlay-type":"","overlay-color":"","overlay-opacity":"","overlay-gradient":""},"mobile":{"background-color":"var(--ast-global-color-4)","background-image":"","background-repeat":"repeat","background-position":"center center","background-size":"auto","background-attachment":"scroll","background-type":"","background-media":"","overlay-type":"","overlay-color":"","overlay-opacity":"","overlay-gradient":""}}},"product_brand":[],"product_cat":[622,368,626],"product_tag":[194,448,319],"class_list":{"0":"post-7834","1":"product","2":"type-product","3":"status-publish","4":"has-post-thumbnail","6":"product_cat-applicazioni-emc-2","7":"product_cat-informarsi-ora","8":"product_cat-tessili-tecnici-applicazioni-emc-2","9":"product_tag-protezione-dal-5g","10":"product_tag-schermatura-emc","11":"product_tag-tessuto-schermante","12":"product_shipping_class-standardversand","13":"desktop-align-left","14":"tablet-align-left","15":"mobile-align-left","17":"first","18":"instock","19":"taxable","20":"shipping-taxable","21":"product-type-simple"},"yoast_head":"<!-- This site is optimized with the Yoast SEO plugin v27.3 - https:\/\/yoast.com\/product\/yoast-seo-wordpress\/ -->\n<title>Tessuto metallizzato AGC2 - Elektrosmog-Schutz Onlineshop<\/title>\n<meta name=\"description\" content=\"Questi tessuti versatili sono ideali per essere utilizzati come tessuti di schermatura EMC in varie applicazioni tecniche.\" \/>\n<meta name=\"robots\" content=\"index, follow, max-snippet:-1, max-image-preview:large, max-video-preview:-1\" \/>\n<link rel=\"canonical\" href=\"https:\/\/ecologa-europe.com\/shop\/produkt\/tessuto-metallizzato-agc2\/\" \/>\n<meta property=\"og:locale\" content=\"de_DE\" \/>\n<meta property=\"og:type\" content=\"article\" \/>\n<meta property=\"og:title\" content=\"Tessuto metallizzato AGC2 - Elektrosmog-Schutz Onlineshop\" \/>\n<meta property=\"og:description\" content=\"Questi tessuti versatili sono ideali per essere utilizzati come tessuti di schermatura EMC in varie applicazioni tecniche.\" \/>\n<meta property=\"og:url\" content=\"https:\/\/ecologa-europe.com\/shop\/produkt\/tessuto-metallizzato-agc2\/?lang=it\" \/>\n<meta property=\"og:site_name\" content=\"Elektrosmog-Schutz Onlineshop\" \/>\n<meta property=\"article:publisher\" content=\"https:\/\/www.facebook.com\/Ecologa-Europe-GmbH-1604744566252298\/\" \/>\n<meta property=\"article:modified_time\" content=\"2025-05-16T10:42:23+00:00\" \/>\n<meta property=\"og:image\" content=\"https:\/\/ecologa-europe.com\/shop\/wp-content\/uploads\/2025\/04\/AGC2-RS.jpg\" \/>\n\t<meta property=\"og:image:width\" content=\"1920\" \/>\n\t<meta property=\"og:image:height\" content=\"1280\" \/>\n\t<meta property=\"og:image:type\" content=\"image\/jpeg\" \/>\n<meta name=\"twitter:card\" content=\"summary_large_image\" \/>\n<meta name=\"twitter:label1\" content=\"Gesch\u00e4tzte Lesezeit\" \/>\n\t<meta name=\"twitter:data1\" content=\"2\u00a0Minuten\" \/>\n<script type=\"application\/ld+json\" class=\"yoast-schema-graph\">{\"@context\":\"https:\\\/\\\/schema.org\",\"@graph\":[{\"@type\":\"WebPage\",\"@id\":\"https:\\\/\\\/ecologa-europe.com\\\/shop\\\/produkt\\\/tessuto-metallizzato-agc2\\\/?lang=it\",\"url\":\"https:\\\/\\\/ecologa-europe.com\\\/shop\\\/produkt\\\/tessuto-metallizzato-agc2\\\/?lang=it\",\"name\":\"Tessuto metallizzato AGC2 - Elektrosmog-Schutz Onlineshop\",\"isPartOf\":{\"@id\":\"https:\\\/\\\/ecologa-europe.com\\\/shop\\\/#website\"},\"primaryImageOfPage\":{\"@id\":\"https:\\\/\\\/ecologa-europe.com\\\/shop\\\/produkt\\\/tessuto-metallizzato-agc2\\\/?lang=it#primaryimage\"},\"image\":{\"@id\":\"https:\\\/\\\/ecologa-europe.com\\\/shop\\\/produkt\\\/tessuto-metallizzato-agc2\\\/?lang=it#primaryimage\"},\"thumbnailUrl\":\"https:\\\/\\\/ecologa-europe.com\\\/shop\\\/wp-content\\\/uploads\\\/2025\\\/04\\\/AGC2-RS.jpg\",\"datePublished\":\"2025-05-16T10:27:45+00:00\",\"dateModified\":\"2025-05-16T10:42:23+00:00\",\"description\":\"Questi tessuti versatili sono ideali per essere utilizzati come tessuti di schermatura EMC in varie applicazioni tecniche.\",\"breadcrumb\":{\"@id\":\"https:\\\/\\\/ecologa-europe.com\\\/shop\\\/produkt\\\/tessuto-metallizzato-agc2\\\/?lang=it#breadcrumb\"},\"inLanguage\":\"de\",\"potentialAction\":[{\"@type\":\"ReadAction\",\"target\":[\"https:\\\/\\\/ecologa-europe.com\\\/shop\\\/produkt\\\/tessuto-metallizzato-agc2\\\/?lang=it\"]}]},{\"@type\":\"ImageObject\",\"inLanguage\":\"de\",\"@id\":\"https:\\\/\\\/ecologa-europe.com\\\/shop\\\/produkt\\\/tessuto-metallizzato-agc2\\\/?lang=it#primaryimage\",\"url\":\"https:\\\/\\\/ecologa-europe.com\\\/shop\\\/wp-content\\\/uploads\\\/2025\\\/04\\\/AGC2-RS.jpg\",\"contentUrl\":\"https:\\\/\\\/ecologa-europe.com\\\/shop\\\/wp-content\\\/uploads\\\/2025\\\/04\\\/AGC2-RS.jpg\",\"width\":1920,\"height\":1280},{\"@type\":\"BreadcrumbList\",\"@id\":\"https:\\\/\\\/ecologa-europe.com\\\/shop\\\/produkt\\\/tessuto-metallizzato-agc2\\\/?lang=it#breadcrumb\",\"itemListElement\":[{\"@type\":\"ListItem\",\"position\":1,\"name\":\"Startseite\",\"item\":\"https:\\\/\\\/ecologa-europe.com\\\/shop\\\/\"},{\"@type\":\"ListItem\",\"position\":2,\"name\":\"Shop\",\"item\":\"https:\\\/\\\/ecologa-europe.com\\\/shop\\\/shop\\\/\"},{\"@type\":\"ListItem\",\"position\":3,\"name\":\"Tessuto metallizzato AGC2\"}]},{\"@type\":\"WebSite\",\"@id\":\"https:\\\/\\\/ecologa-europe.com\\\/shop\\\/#website\",\"url\":\"https:\\\/\\\/ecologa-europe.com\\\/shop\\\/\",\"name\":\"Elektrosmog-Schutz Onlineshop\",\"description\":\"Ecologa Europe\",\"publisher\":{\"@id\":\"https:\\\/\\\/ecologa-europe.com\\\/shop\\\/#organization\"},\"potentialAction\":[{\"@type\":\"SearchAction\",\"target\":{\"@type\":\"EntryPoint\",\"urlTemplate\":\"https:\\\/\\\/ecologa-europe.com\\\/shop\\\/?s={search_term_string}\"},\"query-input\":{\"@type\":\"PropertyValueSpecification\",\"valueRequired\":true,\"valueName\":\"search_term_string\"}}],\"inLanguage\":\"de\"},{\"@type\":\"Organization\",\"@id\":\"https:\\\/\\\/ecologa-europe.com\\\/shop\\\/#organization\",\"name\":\"Elektrosmog-Schutz Onlineshop\",\"url\":\"https:\\\/\\\/ecologa-europe.com\\\/shop\\\/\",\"logo\":{\"@type\":\"ImageObject\",\"inLanguage\":\"de\",\"@id\":\"https:\\\/\\\/ecologa-europe.com\\\/shop\\\/#\\\/schema\\\/logo\\\/image\\\/\",\"url\":\"https:\\\/\\\/ecologa-europe.com\\\/shop\\\/wp-content\\\/uploads\\\/2025\\\/04\\\/vertical-navbar-logo.svg\",\"contentUrl\":\"https:\\\/\\\/ecologa-europe.com\\\/shop\\\/wp-content\\\/uploads\\\/2025\\\/04\\\/vertical-navbar-logo.svg\",\"width\":182,\"height\":70,\"caption\":\"Elektrosmog-Schutz Onlineshop\"},\"image\":{\"@id\":\"https:\\\/\\\/ecologa-europe.com\\\/shop\\\/#\\\/schema\\\/logo\\\/image\\\/\"},\"sameAs\":[\"https:\\\/\\\/www.facebook.com\\\/Ecologa-Europe-GmbH-1604744566252298\\\/\",\"https:\\\/\\\/www.instagram.com\\\/ecologaeurope\\\/\"]}]}<\/script>\n<!-- \/ Yoast SEO plugin. -->","yoast_head_json":{"title":"Tessuto metallizzato AGC2 - Elektrosmog-Schutz Onlineshop","description":"Questi tessuti versatili sono ideali per essere utilizzati come tessuti di schermatura EMC in varie applicazioni tecniche.","robots":{"index":"index","follow":"follow","max-snippet":"max-snippet:-1","max-image-preview":"max-image-preview:large","max-video-preview":"max-video-preview:-1"},"canonical":"https:\/\/ecologa-europe.com\/shop\/produkt\/tessuto-metallizzato-agc2\/","og_locale":"de_DE","og_type":"article","og_title":"Tessuto metallizzato AGC2 - Elektrosmog-Schutz Onlineshop","og_description":"Questi tessuti versatili sono ideali per essere utilizzati come tessuti di schermatura EMC in varie applicazioni tecniche.","og_url":"https:\/\/ecologa-europe.com\/shop\/produkt\/tessuto-metallizzato-agc2\/?lang=it","og_site_name":"Elektrosmog-Schutz Onlineshop","article_publisher":"https:\/\/www.facebook.com\/Ecologa-Europe-GmbH-1604744566252298\/","article_modified_time":"2025-05-16T10:42:23+00:00","og_image":[{"width":1920,"height":1280,"url":"https:\/\/ecologa-europe.com\/shop\/wp-content\/uploads\/2025\/04\/AGC2-RS.jpg","type":"image\/jpeg"}],"twitter_card":"summary_large_image","twitter_misc":{"Gesch\u00e4tzte Lesezeit":"2\u00a0Minuten"},"schema":{"@context":"https:\/\/schema.org","@graph":[{"@type":"WebPage","@id":"https:\/\/ecologa-europe.com\/shop\/produkt\/tessuto-metallizzato-agc2\/?lang=it","url":"https:\/\/ecologa-europe.com\/shop\/produkt\/tessuto-metallizzato-agc2\/?lang=it","name":"Tessuto metallizzato AGC2 - Elektrosmog-Schutz Onlineshop","isPartOf":{"@id":"https:\/\/ecologa-europe.com\/shop\/#website"},"primaryImageOfPage":{"@id":"https:\/\/ecologa-europe.com\/shop\/produkt\/tessuto-metallizzato-agc2\/?lang=it#primaryimage"},"image":{"@id":"https:\/\/ecologa-europe.com\/shop\/produkt\/tessuto-metallizzato-agc2\/?lang=it#primaryimage"},"thumbnailUrl":"https:\/\/ecologa-europe.com\/shop\/wp-content\/uploads\/2025\/04\/AGC2-RS.jpg","datePublished":"2025-05-16T10:27:45+00:00","dateModified":"2025-05-16T10:42:23+00:00","description":"Questi tessuti versatili sono ideali per essere utilizzati come tessuti di schermatura EMC in varie applicazioni tecniche.","breadcrumb":{"@id":"https:\/\/ecologa-europe.com\/shop\/produkt\/tessuto-metallizzato-agc2\/?lang=it#breadcrumb"},"inLanguage":"de","potentialAction":[{"@type":"ReadAction","target":["https:\/\/ecologa-europe.com\/shop\/produkt\/tessuto-metallizzato-agc2\/?lang=it"]}]},{"@type":"ImageObject","inLanguage":"de","@id":"https:\/\/ecologa-europe.com\/shop\/produkt\/tessuto-metallizzato-agc2\/?lang=it#primaryimage","url":"https:\/\/ecologa-europe.com\/shop\/wp-content\/uploads\/2025\/04\/AGC2-RS.jpg","contentUrl":"https:\/\/ecologa-europe.com\/shop\/wp-content\/uploads\/2025\/04\/AGC2-RS.jpg","width":1920,"height":1280},{"@type":"BreadcrumbList","@id":"https:\/\/ecologa-europe.com\/shop\/produkt\/tessuto-metallizzato-agc2\/?lang=it#breadcrumb","itemListElement":[{"@type":"ListItem","position":1,"name":"Startseite","item":"https:\/\/ecologa-europe.com\/shop\/"},{"@type":"ListItem","position":2,"name":"Shop","item":"https:\/\/ecologa-europe.com\/shop\/shop\/"},{"@type":"ListItem","position":3,"name":"Tessuto metallizzato AGC2"}]},{"@type":"WebSite","@id":"https:\/\/ecologa-europe.com\/shop\/#website","url":"https:\/\/ecologa-europe.com\/shop\/","name":"Elektrosmog-Schutz Onlineshop","description":"Ecologa Europe","publisher":{"@id":"https:\/\/ecologa-europe.com\/shop\/#organization"},"potentialAction":[{"@type":"SearchAction","target":{"@type":"EntryPoint","urlTemplate":"https:\/\/ecologa-europe.com\/shop\/?s={search_term_string}"},"query-input":{"@type":"PropertyValueSpecification","valueRequired":true,"valueName":"search_term_string"}}],"inLanguage":"de"},{"@type":"Organization","@id":"https:\/\/ecologa-europe.com\/shop\/#organization","name":"Elektrosmog-Schutz Onlineshop","url":"https:\/\/ecologa-europe.com\/shop\/","logo":{"@type":"ImageObject","inLanguage":"de","@id":"https:\/\/ecologa-europe.com\/shop\/#\/schema\/logo\/image\/","url":"https:\/\/ecologa-europe.com\/shop\/wp-content\/uploads\/2025\/04\/vertical-navbar-logo.svg","contentUrl":"https:\/\/ecologa-europe.com\/shop\/wp-content\/uploads\/2025\/04\/vertical-navbar-logo.svg","width":182,"height":70,"caption":"Elektrosmog-Schutz Onlineshop"},"image":{"@id":"https:\/\/ecologa-europe.com\/shop\/#\/schema\/logo\/image\/"},"sameAs":["https:\/\/www.facebook.com\/Ecologa-Europe-GmbH-1604744566252298\/","https:\/\/www.instagram.com\/ecologaeurope\/"]}]}},"_links":{"self":[{"href":"https:\/\/ecologa-europe.com\/shop\/wp-json\/wp\/v2\/product\/7834","targetHints":{"allow":["GET"]}}],"collection":[{"href":"https:\/\/ecologa-europe.com\/shop\/wp-json\/wp\/v2\/product"}],"about":[{"href":"https:\/\/ecologa-europe.com\/shop\/wp-json\/wp\/v2\/types\/product"}],"wp:featuredmedia":[{"embeddable":true,"href":"https:\/\/ecologa-europe.com\/shop\/wp-json\/wp\/v2\/media\/776"}],"wp:attachment":[{"href":"https:\/\/ecologa-europe.com\/shop\/wp-json\/wp\/v2\/media?parent=7834"}],"wp:term":[{"taxonomy":"product_brand","embeddable":true,"href":"https:\/\/ecologa-europe.com\/shop\/wp-json\/wp\/v2\/product_brand?post=7834"},{"taxonomy":"product_cat","embeddable":true,"href":"https:\/\/ecologa-europe.com\/shop\/wp-json\/wp\/v2\/product_cat?post=7834"},{"taxonomy":"product_tag","embeddable":true,"href":"https:\/\/ecologa-europe.com\/shop\/wp-json\/wp\/v2\/product_tag?post=7834"}],"curies":[{"name":"wp","href":"https:\/\/api.w.org\/{rel}","templated":true}]}}