{"id":7836,"date":"2025-05-16T10:27:45","date_gmt":"2025-05-16T10:27:45","guid":{"rendered":"https:\/\/639.pm-domains.de\/?post_type=product&#038;p=7836"},"modified":"2025-05-16T10:42:24","modified_gmt":"2025-05-16T10:42:24","slug":"tissu-metallise-cr-ag-cu-ni","status":"publish","type":"product","link":"https:\/\/ecologa-europe.com\/shop\/produkt\/tissu-metallise-cr-ag-cu-ni\/?lang=fr","title":{"rendered":"Tissu m\u00e9tallis\u00e9 CR \/ Ag-Cu-Ni"},"content":{"rendered":"<p><strong>Tissus pour l&#8217;industrie<\/strong><\/p>\n<p>Textiles techniques, qualit\u00e9 made in Germany depuis plus de 40 ans.<br \/>\nDe l&#8217;argent, du cuivre, du nickel et de l&#8217;\u00e9tain v\u00e9ritables sont utilis\u00e9s pour m\u00e9talliser ces tissus gr\u00e2ce \u00e0 un proc\u00e9d\u00e9 chimique unique au monde, qui exploite les propri\u00e9t\u00e9s naturelles des m\u00e9taux sous forme textile et flexible.<br \/>\nCes tissus polyvalents conviennent parfaitement comme tissus de blindage CEM dans diverses applications techniques.<\/p>\n<p>Ce tissu metallise a l&#8217;argent, au cuivre et au nickel, contient environ 50% de cuivre.<br \/>\nLa forte teneur en cuivre augmente considerablement la conductivite thermique et electrique du tissu.<\/p>\n<p>D&#8217;autre part, son revetement special CR supplementaire, le rendcompatible aux applications en salle blanche.<\/p>\n<p>Ce textile se distingue par une tres bonne conductivite de &lt; 0,009 ohm\/\u25a1.<\/p>\n<p>Grace a sa structure ripstop robuste d&#8217;environ 2500 fils par cm2 (sens de la chaine et de la trame), ce tissu est utilis\u00e9 dans l&#8217;industrie, entre autre, pour des applications techniques qui demandent une forte r\u00e9sistance aux contraintes m\u00e9caniques.<\/p>\n<p>A part cela, ce conducteur est adapt\u00e9 \u00e0 tun tr\u00e8s grand nombre d\u2018applications techniques ainsi qu&#8217;au blindage des rayons \u00e9lectromagn\u00e9tiques dans le domaine industriel.<\/p>\n<p>Tissu conforme aux normes REACH et RoHS.<\/p>\n<p><strong>Donn\u00e9es techniques:<\/strong><br \/>\nlargeur 132 cm \u00b1 4 cm<br \/>\nLongueur du rouleau : moyenne 100 m<br \/>\nType : Ripstop<br \/>\nM\u00e9tallisation : argent + cuivre + nickel<br \/>\nDensit\u00e9 de fil cha\u00eene : \u2248 480-500 fils\/dm<br \/>\nDensit\u00e9 de fil trame : \u2248 450-490 fils\/dm<br \/>\nMati\u00e8re premi\u00e8re : 100% polyamide \/ nylon 6,6<br \/>\nComposition de la mati\u00e8re : 31,82 \u00b1 3% PA\/ 7,27 \u00b1 2% Ag\/ 48,18 \u00b1 3% Cu\/ 3,64 \u00b1 1% Ni\/ 9,09 \u00b1 2% + rev\u00eatement CR<br \/>\nRev\u00eatement CR : Actylic<br \/>\nR\u00e9sistance \u00e9lectrique de surface : &lt; 0.009 \u03a9\/\u25a1<br \/>\nFr\u00e9quence mesur\u00e9e : 0,2 GHz &#8211; 14 GHz<br \/>\nCapacit\u00e9 de blindage (0,2-2 GHz) Moyenne 87 dB<br \/>\nCapacit\u00e9 de blindage (2-5 GHz) Moyenne 80 dB<br \/>\nCapacit\u00e9 de blindage (5-14 GHz) Moyenne 77 dB<br \/>\nCapacit\u00e9 de blindage (26-40GHz) Moyenne 56 dB<br \/>\nR\u00e9sistance \u00e0 l&#8217;abrasion : \u2265 3000 cycles<br \/>\nAllongement \u00e0 la force maximale Cha\u00eene: 20 \u00b1 2%<br \/>\nAllongement \u00e0 la force maximale Trame: 22,5 \u00b1 2%<br \/>\nPoids total : 110 g\/m\u00b2 \u00b1 15%<br \/>\n\u00c9paisseur totale : 0,105mm \u00b1 15%<br \/>\nPlage de temp\u00e9rature : &#8211; 30 \u00b0C \u00e0 90 \u00b0C<br \/>\nStockage et manipulation : selon nos instructions d&#8217;entretien et de manipulation.<\/p>\n<p><strong>Applications:<br \/>\n<\/strong>Tentes de blindage<br \/>\nBlindage electromagnetique<br \/>\nApplications CEM<br \/>\nBlindage de locaux<br \/>\nBlindage textile de cables.<\/p>\n","protected":false},"excerpt":{"rendered":"<p>Ce tissu m\u00e9tallis\u00e9 \u00e0 l&#8217;argent, au cuivre et au nickel contient environ 50 % de cuivre.<br \/>\nLa forte proportion de cuivre augmente consid\u00e9rablement la conductivit\u00e9 thermique et \u00e9lectrique du tissu.<\/p>\n<p>Ce textile se caract\u00e9rise par une tr\u00e8s bonne conductivit\u00e9 de <span style=\"font-family: Arial, sans-serif;\">&lt; <\/span><span style=\"font-family: Arial, sans-serif;\">0.009 \u03a9\/\u25a1 <\/span><\/p>\n<p>En raison de la structure robuste du tissu ripstop, avec environ 2500 fils par cm\u00b2 (sens de la cha\u00eene et de la trame), ce tissu est utilis\u00e9 dans l&#8217;industrie pour de nombreuses applications techniques qui doivent r\u00e9sister \u00e0 des contraintes m\u00e9caniques.<\/p>\n<p>Fr\u00e9quence mesur\u00e9e : 0,2 GHz &#8211; 14 GHz.<br \/>\nCapacit\u00e9 de blindage (0,2-2 GHz) 87 dB en moyenne<br \/>\nCapacit\u00e9 de blindage (2-5 GHz) Moyenne 80 dB<br \/>\nCapacit\u00e9 de blindage (5-14 GHz) Moyenne 77 dB<br \/>\nCapacit\u00e9 de blindage (26-40 GHz) Moyenne 56 dB<\/p>\n<p><strong>Application:<\/strong>.<br \/>\nTentes de blindage<br \/>\nBlindage \u00e9lectromagn\u00e9tique<br \/>\nApplications CEM<br \/>\nBlindage de locaux<br \/>\nBlindage textile de c\u00e2bles<\/p>\n","protected":false},"featured_media":777,"template":"","meta":{"inline_featured_image":false,"site-sidebar-layout":"default","site-content-layout":"","ast-site-content-layout":"default","site-content-style":"default","site-sidebar-style":"default","ast-global-header-display":"","ast-banner-title-visibility":"","ast-main-header-display":"","ast-hfb-above-header-display":"","ast-hfb-below-header-display":"","ast-hfb-mobile-header-display":"","site-post-title":"","ast-breadcrumbs-content":"","ast-featured-img":"","footer-sml-layout":"","ast-disable-related-posts":"","theme-transparent-header-meta":"","adv-header-id-meta":"","stick-header-meta":"","header-above-stick-meta":"","header-main-stick-meta":"","header-below-stick-meta":"","astra-migrate-meta-layouts":"default","ast-page-background-enabled":"default","ast-page-background-meta":{"desktop":{"background-color":"var(--ast-global-color-5)","background-image":"","background-repeat":"repeat","background-position":"center center","background-size":"auto","background-attachment":"scroll","background-type":"","background-media":"","overlay-type":"","overlay-color":"","overlay-opacity":"","overlay-gradient":""},"tablet":{"background-color":"","background-image":"","background-repeat":"repeat","background-position":"center center","background-size":"auto","background-attachment":"scroll","background-type":"","background-media":"","overlay-type":"","overlay-color":"","overlay-opacity":"","overlay-gradient":""},"mobile":{"background-color":"","background-image":"","background-repeat":"repeat","background-position":"center center","background-size":"auto","background-attachment":"scroll","background-type":"","background-media":"","overlay-type":"","overlay-color":"","overlay-opacity":"","overlay-gradient":""}},"ast-content-background-meta":{"desktop":{"background-color":"var(--ast-global-color-4)","background-image":"","background-repeat":"repeat","background-position":"center center","background-size":"auto","background-attachment":"scroll","background-type":"","background-media":"","overlay-type":"","overlay-color":"","overlay-opacity":"","overlay-gradient":""},"tablet":{"background-color":"var(--ast-global-color-4)","background-image":"","background-repeat":"repeat","background-position":"center center","background-size":"auto","background-attachment":"scroll","background-type":"","background-media":"","overlay-type":"","overlay-color":"","overlay-opacity":"","overlay-gradient":""},"mobile":{"background-color":"var(--ast-global-color-4)","background-image":"","background-repeat":"repeat","background-position":"center center","background-size":"auto","background-attachment":"scroll","background-type":"","background-media":"","overlay-type":"","overlay-color":"","overlay-opacity":"","overlay-gradient":""}}},"product_brand":[],"product_cat":[442,625],"product_tag":[444,187,316],"class_list":{"0":"post-7836","1":"product","2":"type-product","3":"status-publish","4":"has-post-thumbnail","6":"product_cat-applications-emc","7":"product_cat-textiles-techniques-applications-emc","8":"product_tag-blindage-cem","9":"product_tag-protection-contre-la-5g","10":"product_tag-tissu-ecran","11":"product_shipping_class-standardversand","12":"desktop-align-left","13":"tablet-align-left","14":"mobile-align-left","16":"first","17":"instock","18":"taxable","19":"shipping-taxable","20":"product-type-simple"},"yoast_head":"<!-- This site is optimized with the Yoast SEO plugin v27.3 - https:\/\/yoast.com\/product\/yoast-seo-wordpress\/ -->\n<title>Tissu m\u00e9tallis\u00e9 CR \/ Ag-Cu-Ni - Elektrosmog-Schutz Onlineshop<\/title>\n<meta name=\"description\" content=\"Le tissu convient \u00e0 toutes les applications techniques ainsi qu&#039;\u00e0 la protection contre les rayonnements \u00e9lectromagn\u00e9tiques dans le domaine industriel.\" \/>\n<meta name=\"robots\" content=\"index, follow, max-snippet:-1, max-image-preview:large, max-video-preview:-1\" \/>\n<link rel=\"canonical\" href=\"https:\/\/ecologa-europe.com\/shop\/produkt\/tissu-metallise-cr-ag-cu-ni\/\" \/>\n<meta property=\"og:locale\" content=\"de_DE\" \/>\n<meta property=\"og:type\" content=\"article\" \/>\n<meta property=\"og:title\" content=\"Tissu m\u00e9tallis\u00e9 CR \/ Ag-Cu-Ni - Elektrosmog-Schutz Onlineshop\" \/>\n<meta property=\"og:description\" content=\"Le tissu convient \u00e0 toutes les applications techniques ainsi qu&#039;\u00e0 la protection contre les rayonnements \u00e9lectromagn\u00e9tiques dans le domaine industriel.\" \/>\n<meta property=\"og:url\" content=\"https:\/\/ecologa-europe.com\/shop\/produkt\/tissu-metallise-cr-ag-cu-ni\/?lang=fr\" \/>\n<meta property=\"og:site_name\" content=\"Elektrosmog-Schutz Onlineshop\" \/>\n<meta property=\"article:publisher\" content=\"https:\/\/www.facebook.com\/Ecologa-Europe-GmbH-1604744566252298\/\" \/>\n<meta property=\"article:modified_time\" content=\"2025-05-16T10:42:24+00:00\" \/>\n<meta property=\"og:image\" content=\"https:\/\/ecologa-europe.com\/shop\/wp-content\/uploads\/2025\/04\/Gewebe-CR-Ag-Cu-Ni.jpg\" \/>\n\t<meta property=\"og:image:width\" content=\"1772\" \/>\n\t<meta property=\"og:image:height\" content=\"1280\" \/>\n\t<meta property=\"og:image:type\" content=\"image\/jpeg\" \/>\n<meta name=\"twitter:card\" content=\"summary_large_image\" \/>\n<meta name=\"twitter:label1\" content=\"Gesch\u00e4tzte Lesezeit\" \/>\n\t<meta name=\"twitter:data1\" content=\"2\u00a0Minuten\" \/>\n<script type=\"application\/ld+json\" class=\"yoast-schema-graph\">{\"@context\":\"https:\\\/\\\/schema.org\",\"@graph\":[{\"@type\":\"WebPage\",\"@id\":\"https:\\\/\\\/ecologa-europe.com\\\/shop\\\/produkt\\\/tissu-metallise-cr-ag-cu-ni\\\/?lang=fr\",\"url\":\"https:\\\/\\\/ecologa-europe.com\\\/shop\\\/produkt\\\/tissu-metallise-cr-ag-cu-ni\\\/?lang=fr\",\"name\":\"Tissu m\u00e9tallis\u00e9 CR \\\/ Ag-Cu-Ni - Elektrosmog-Schutz Onlineshop\",\"isPartOf\":{\"@id\":\"https:\\\/\\\/ecologa-europe.com\\\/shop\\\/#website\"},\"primaryImageOfPage\":{\"@id\":\"https:\\\/\\\/ecologa-europe.com\\\/shop\\\/produkt\\\/tissu-metallise-cr-ag-cu-ni\\\/?lang=fr#primaryimage\"},\"image\":{\"@id\":\"https:\\\/\\\/ecologa-europe.com\\\/shop\\\/produkt\\\/tissu-metallise-cr-ag-cu-ni\\\/?lang=fr#primaryimage\"},\"thumbnailUrl\":\"https:\\\/\\\/ecologa-europe.com\\\/shop\\\/wp-content\\\/uploads\\\/2025\\\/04\\\/Gewebe-CR-Ag-Cu-Ni.jpg\",\"datePublished\":\"2025-05-16T10:27:45+00:00\",\"dateModified\":\"2025-05-16T10:42:24+00:00\",\"description\":\"Le tissu convient \u00e0 toutes les applications techniques ainsi qu'\u00e0 la protection contre les rayonnements \u00e9lectromagn\u00e9tiques dans le domaine industriel.\",\"breadcrumb\":{\"@id\":\"https:\\\/\\\/ecologa-europe.com\\\/shop\\\/produkt\\\/tissu-metallise-cr-ag-cu-ni\\\/?lang=fr#breadcrumb\"},\"inLanguage\":\"de\",\"potentialAction\":[{\"@type\":\"ReadAction\",\"target\":[\"https:\\\/\\\/ecologa-europe.com\\\/shop\\\/produkt\\\/tissu-metallise-cr-ag-cu-ni\\\/?lang=fr\"]}]},{\"@type\":\"ImageObject\",\"inLanguage\":\"de\",\"@id\":\"https:\\\/\\\/ecologa-europe.com\\\/shop\\\/produkt\\\/tissu-metallise-cr-ag-cu-ni\\\/?lang=fr#primaryimage\",\"url\":\"https:\\\/\\\/ecologa-europe.com\\\/shop\\\/wp-content\\\/uploads\\\/2025\\\/04\\\/Gewebe-CR-Ag-Cu-Ni.jpg\",\"contentUrl\":\"https:\\\/\\\/ecologa-europe.com\\\/shop\\\/wp-content\\\/uploads\\\/2025\\\/04\\\/Gewebe-CR-Ag-Cu-Ni.jpg\",\"width\":1772,\"height\":1280},{\"@type\":\"BreadcrumbList\",\"@id\":\"https:\\\/\\\/ecologa-europe.com\\\/shop\\\/produkt\\\/tissu-metallise-cr-ag-cu-ni\\\/?lang=fr#breadcrumb\",\"itemListElement\":[{\"@type\":\"ListItem\",\"position\":1,\"name\":\"Startseite\",\"item\":\"https:\\\/\\\/ecologa-europe.com\\\/shop\\\/\"},{\"@type\":\"ListItem\",\"position\":2,\"name\":\"Shop\",\"item\":\"https:\\\/\\\/ecologa-europe.com\\\/shop\\\/shop\\\/\"},{\"@type\":\"ListItem\",\"position\":3,\"name\":\"Tissu m\u00e9tallis\u00e9 CR \\\/ Ag-Cu-Ni\"}]},{\"@type\":\"WebSite\",\"@id\":\"https:\\\/\\\/ecologa-europe.com\\\/shop\\\/#website\",\"url\":\"https:\\\/\\\/ecologa-europe.com\\\/shop\\\/\",\"name\":\"Elektrosmog-Schutz Onlineshop\",\"description\":\"Ecologa Europe\",\"publisher\":{\"@id\":\"https:\\\/\\\/ecologa-europe.com\\\/shop\\\/#organization\"},\"potentialAction\":[{\"@type\":\"SearchAction\",\"target\":{\"@type\":\"EntryPoint\",\"urlTemplate\":\"https:\\\/\\\/ecologa-europe.com\\\/shop\\\/?s={search_term_string}\"},\"query-input\":{\"@type\":\"PropertyValueSpecification\",\"valueRequired\":true,\"valueName\":\"search_term_string\"}}],\"inLanguage\":\"de\"},{\"@type\":\"Organization\",\"@id\":\"https:\\\/\\\/ecologa-europe.com\\\/shop\\\/#organization\",\"name\":\"Elektrosmog-Schutz Onlineshop\",\"url\":\"https:\\\/\\\/ecologa-europe.com\\\/shop\\\/\",\"logo\":{\"@type\":\"ImageObject\",\"inLanguage\":\"de\",\"@id\":\"https:\\\/\\\/ecologa-europe.com\\\/shop\\\/#\\\/schema\\\/logo\\\/image\\\/\",\"url\":\"https:\\\/\\\/ecologa-europe.com\\\/shop\\\/wp-content\\\/uploads\\\/2025\\\/04\\\/vertical-navbar-logo.svg\",\"contentUrl\":\"https:\\\/\\\/ecologa-europe.com\\\/shop\\\/wp-content\\\/uploads\\\/2025\\\/04\\\/vertical-navbar-logo.svg\",\"width\":182,\"height\":70,\"caption\":\"Elektrosmog-Schutz Onlineshop\"},\"image\":{\"@id\":\"https:\\\/\\\/ecologa-europe.com\\\/shop\\\/#\\\/schema\\\/logo\\\/image\\\/\"},\"sameAs\":[\"https:\\\/\\\/www.facebook.com\\\/Ecologa-Europe-GmbH-1604744566252298\\\/\",\"https:\\\/\\\/www.instagram.com\\\/ecologaeurope\\\/\"]}]}<\/script>\n<!-- \/ Yoast SEO plugin. -->","yoast_head_json":{"title":"Tissu m\u00e9tallis\u00e9 CR \/ Ag-Cu-Ni - Elektrosmog-Schutz Onlineshop","description":"Le tissu convient \u00e0 toutes les applications techniques ainsi qu'\u00e0 la protection contre les rayonnements \u00e9lectromagn\u00e9tiques dans le domaine industriel.","robots":{"index":"index","follow":"follow","max-snippet":"max-snippet:-1","max-image-preview":"max-image-preview:large","max-video-preview":"max-video-preview:-1"},"canonical":"https:\/\/ecologa-europe.com\/shop\/produkt\/tissu-metallise-cr-ag-cu-ni\/","og_locale":"de_DE","og_type":"article","og_title":"Tissu m\u00e9tallis\u00e9 CR \/ Ag-Cu-Ni - Elektrosmog-Schutz Onlineshop","og_description":"Le tissu convient \u00e0 toutes les applications techniques ainsi qu'\u00e0 la protection contre les rayonnements \u00e9lectromagn\u00e9tiques dans le domaine industriel.","og_url":"https:\/\/ecologa-europe.com\/shop\/produkt\/tissu-metallise-cr-ag-cu-ni\/?lang=fr","og_site_name":"Elektrosmog-Schutz Onlineshop","article_publisher":"https:\/\/www.facebook.com\/Ecologa-Europe-GmbH-1604744566252298\/","article_modified_time":"2025-05-16T10:42:24+00:00","og_image":[{"width":1772,"height":1280,"url":"https:\/\/ecologa-europe.com\/shop\/wp-content\/uploads\/2025\/04\/Gewebe-CR-Ag-Cu-Ni.jpg","type":"image\/jpeg"}],"twitter_card":"summary_large_image","twitter_misc":{"Gesch\u00e4tzte Lesezeit":"2\u00a0Minuten"},"schema":{"@context":"https:\/\/schema.org","@graph":[{"@type":"WebPage","@id":"https:\/\/ecologa-europe.com\/shop\/produkt\/tissu-metallise-cr-ag-cu-ni\/?lang=fr","url":"https:\/\/ecologa-europe.com\/shop\/produkt\/tissu-metallise-cr-ag-cu-ni\/?lang=fr","name":"Tissu m\u00e9tallis\u00e9 CR \/ Ag-Cu-Ni - Elektrosmog-Schutz Onlineshop","isPartOf":{"@id":"https:\/\/ecologa-europe.com\/shop\/#website"},"primaryImageOfPage":{"@id":"https:\/\/ecologa-europe.com\/shop\/produkt\/tissu-metallise-cr-ag-cu-ni\/?lang=fr#primaryimage"},"image":{"@id":"https:\/\/ecologa-europe.com\/shop\/produkt\/tissu-metallise-cr-ag-cu-ni\/?lang=fr#primaryimage"},"thumbnailUrl":"https:\/\/ecologa-europe.com\/shop\/wp-content\/uploads\/2025\/04\/Gewebe-CR-Ag-Cu-Ni.jpg","datePublished":"2025-05-16T10:27:45+00:00","dateModified":"2025-05-16T10:42:24+00:00","description":"Le tissu convient \u00e0 toutes les applications techniques ainsi qu'\u00e0 la protection contre les rayonnements \u00e9lectromagn\u00e9tiques dans le domaine industriel.","breadcrumb":{"@id":"https:\/\/ecologa-europe.com\/shop\/produkt\/tissu-metallise-cr-ag-cu-ni\/?lang=fr#breadcrumb"},"inLanguage":"de","potentialAction":[{"@type":"ReadAction","target":["https:\/\/ecologa-europe.com\/shop\/produkt\/tissu-metallise-cr-ag-cu-ni\/?lang=fr"]}]},{"@type":"ImageObject","inLanguage":"de","@id":"https:\/\/ecologa-europe.com\/shop\/produkt\/tissu-metallise-cr-ag-cu-ni\/?lang=fr#primaryimage","url":"https:\/\/ecologa-europe.com\/shop\/wp-content\/uploads\/2025\/04\/Gewebe-CR-Ag-Cu-Ni.jpg","contentUrl":"https:\/\/ecologa-europe.com\/shop\/wp-content\/uploads\/2025\/04\/Gewebe-CR-Ag-Cu-Ni.jpg","width":1772,"height":1280},{"@type":"BreadcrumbList","@id":"https:\/\/ecologa-europe.com\/shop\/produkt\/tissu-metallise-cr-ag-cu-ni\/?lang=fr#breadcrumb","itemListElement":[{"@type":"ListItem","position":1,"name":"Startseite","item":"https:\/\/ecologa-europe.com\/shop\/"},{"@type":"ListItem","position":2,"name":"Shop","item":"https:\/\/ecologa-europe.com\/shop\/shop\/"},{"@type":"ListItem","position":3,"name":"Tissu m\u00e9tallis\u00e9 CR \/ Ag-Cu-Ni"}]},{"@type":"WebSite","@id":"https:\/\/ecologa-europe.com\/shop\/#website","url":"https:\/\/ecologa-europe.com\/shop\/","name":"Elektrosmog-Schutz Onlineshop","description":"Ecologa Europe","publisher":{"@id":"https:\/\/ecologa-europe.com\/shop\/#organization"},"potentialAction":[{"@type":"SearchAction","target":{"@type":"EntryPoint","urlTemplate":"https:\/\/ecologa-europe.com\/shop\/?s={search_term_string}"},"query-input":{"@type":"PropertyValueSpecification","valueRequired":true,"valueName":"search_term_string"}}],"inLanguage":"de"},{"@type":"Organization","@id":"https:\/\/ecologa-europe.com\/shop\/#organization","name":"Elektrosmog-Schutz Onlineshop","url":"https:\/\/ecologa-europe.com\/shop\/","logo":{"@type":"ImageObject","inLanguage":"de","@id":"https:\/\/ecologa-europe.com\/shop\/#\/schema\/logo\/image\/","url":"https:\/\/ecologa-europe.com\/shop\/wp-content\/uploads\/2025\/04\/vertical-navbar-logo.svg","contentUrl":"https:\/\/ecologa-europe.com\/shop\/wp-content\/uploads\/2025\/04\/vertical-navbar-logo.svg","width":182,"height":70,"caption":"Elektrosmog-Schutz Onlineshop"},"image":{"@id":"https:\/\/ecologa-europe.com\/shop\/#\/schema\/logo\/image\/"},"sameAs":["https:\/\/www.facebook.com\/Ecologa-Europe-GmbH-1604744566252298\/","https:\/\/www.instagram.com\/ecologaeurope\/"]}]}},"_links":{"self":[{"href":"https:\/\/ecologa-europe.com\/shop\/wp-json\/wp\/v2\/product\/7836","targetHints":{"allow":["GET"]}}],"collection":[{"href":"https:\/\/ecologa-europe.com\/shop\/wp-json\/wp\/v2\/product"}],"about":[{"href":"https:\/\/ecologa-europe.com\/shop\/wp-json\/wp\/v2\/types\/product"}],"wp:featuredmedia":[{"embeddable":true,"href":"https:\/\/ecologa-europe.com\/shop\/wp-json\/wp\/v2\/media\/777"}],"wp:attachment":[{"href":"https:\/\/ecologa-europe.com\/shop\/wp-json\/wp\/v2\/media?parent=7836"}],"wp:term":[{"taxonomy":"product_brand","embeddable":true,"href":"https:\/\/ecologa-europe.com\/shop\/wp-json\/wp\/v2\/product_brand?post=7836"},{"taxonomy":"product_cat","embeddable":true,"href":"https:\/\/ecologa-europe.com\/shop\/wp-json\/wp\/v2\/product_cat?post=7836"},{"taxonomy":"product_tag","embeddable":true,"href":"https:\/\/ecologa-europe.com\/shop\/wp-json\/wp\/v2\/product_tag?post=7836"}],"curies":[{"name":"wp","href":"https:\/\/api.w.org\/{rel}","templated":true}]}}