{"id":7839,"date":"2025-05-16T10:28:08","date_gmt":"2025-05-16T10:28:08","guid":{"rendered":"https:\/\/639.pm-domains.de\/?post_type=product&#038;p=7839"},"modified":"2025-05-16T10:42:34","modified_gmt":"2025-05-16T10:42:34","slug":"metallisiertes-gewebe-sn-cu-ag","status":"publish","type":"product","link":"https:\/\/ecologa-europe.com\/shop\/produkt\/metallisiertes-gewebe-sn-cu-ag\/","title":{"rendered":"Metallisiertes Gewebe Sn\/Cu\/Ag"},"content":{"rendered":"<p><strong>Stoffe f\u00fcr die Industrie<\/strong><\/p>\n<p>Technische Textilien, Qualit\u00e4t made in Germany seit \u00fcber 40 Jahren.<\/p>\n<p>Echtes Silber, Kupfer, Nickel und Zinn werden in einem weltweit einzigartigen chemischen Verfahren zur Metallisierung dieser Gewebe verwendet, wobei die nat\u00fcrlichen Eigenschaften der Metalle in textiler und flexibler Form ausgenutzt werden.<br \/>\nDiese vielseitig einsetzbaren Gewebe eignen sich hervorragend als EMV-Abschirmgewebe in verschiedenen technischen Anwendungen.<\/p>\n<p>Extrem leitf\u00e4higes, mit Silber, Kupfer und Zinn metallisiertes Gewebe mit einem elektrischen Oberfl\u00e4chenwiderstand von 0,02 \u03a9\/\u25a1.<br \/>\nDank seiner Zinnbeschichtung kann dieses Gewebe gel\u00f6tet werden, was es zu einem optimalen Material f\u00fcr textile Leiterbahnen und Leiterplatten macht und erm\u00f6glicht einen guten Kontakt zu anderen Materialien. Zinn l\u00e4sst sich auch durch nachgeschaltete Prozesse sehr gut aufl\u00f6sen.<br \/>\nDank seiner robusten Rip-Stop-Struktur mit 2.500 F\u00e4den pro cm\u00b2 in Kett- und Schussrichtung wird dieses Gewebe in der Industrie f\u00fcr viele technische Anwendungen eingesetzt, bei denen die mechanische Belastung im Vordergrund steht.<\/p>\n<p>Stoff entspricht den REACH- und RoHS-Standards.<\/p>\n<p><strong>Technische Daten:<\/strong><\/p>\n<p>Breite 130 cm \u00b1 4 cm<br \/>\nL\u00e4nge der Rolle: durchschnittlich 200 \u00b1 10 m<br \/>\nTyp: Ripstop<br \/>\nMetallisierung: Reines Silber 99,9%.<br \/>\nMetallgehalt: 10,39% Silber + 40,16% Kupfer + 4% Zinn<br \/>\nKettfadendichte: \u2248 480-500 F\u00e4den\/dm<br \/>\nSchussfadendichte: \u2248 450-490 F\u00e4den\/dm<br \/>\nRohstoff: 100% Polyamid \/ Nylon 6,6<br \/>\nElektrischer Oberfl\u00e4chenwiderstand: &lt; 0.02 \u03a9\/\u25a1.<br \/>\nGemessene Frequenz: 0,2 GHz &#8211; 14 GHz.<br \/>\nAbschirmungskapazit\u00e4t (0,2-2 GHz) Durchschnittlich &lt; 84 dB<br \/>\nAbschirmungsf\u00e4higkeit (2-5 GHz) Durchschnittlich &lt; 72 dB<br \/>\nAbschirmungsf\u00e4higkeit (5-14 GHz) Durchschnitt &lt; 67 dB<br \/>\nGesamtgewicht: 77 g\/m\u00b2 \u00b1 15%.<br \/>\nGesamtdicke: 0,11 mm \u00b1 15%.<br \/>\nTemperaturbereich: &#8211; 30 \u00b0C bis 90 \u00b0C.<br \/>\nLagerung und Handhabung: Gem\u00e4\u00df unseren Pflege- und Handhabungsanweisungen.<br \/>\nKonformit\u00e4t und Zertifizierung: DIN EN ISO 9001:2015, REACH, RoHS<\/p>\n<p><strong>Anwendungen:<\/strong><\/p>\n<p>Abschirmzelte<br \/>\nElektromagnetische Abschirmung<br \/>\nEMV-Anwendungen<br \/>\nAbschirmung von R\u00e4umen<br \/>\nTextile Abschirmung von Kabeln<\/p>\n","protected":false},"excerpt":{"rendered":"<p>Extrem leitf\u00e4higes, mit Silber, Kupfer und Zinn metallisiertes Gewebe mit einem elektrischen Oberfl\u00e4chenwiderstand von 0,02 \u03a9\/\u25a1.<br \/>\nDank seiner Zinnbeschichtung kann dieses Gewebe gel\u00f6tet werden, was es zu einem optimalen Material f\u00fcr textile Leiterbahnen und Leiterplatten macht und erm\u00f6glicht einen guten Kontakt zu anderen Materialien.<\/p>\n<p>Gemessene Frequenz: 0,2 GHz &#8211; 14 GHz.<br \/>\nAbschirmungskapazit\u00e4t (0,2-2 GHz) Durchschnittlich &lt; 84 dB<br \/>\nAbschirmungsf\u00e4higkeit (2-5 GHz) Durchschnittlich &lt; 72 dB<br \/>\nAbschirmungsf\u00e4higkeit (5-14 GHz) Durchschnitt &lt; 67 dB<\/p>\n<p><strong>Anwendung:<\/strong><br \/>\nTextile Abschirmung von Kabeln<br \/>\nAbschirmung von R\u00e4umen<br \/>\nAbschirmung von mobilen Zelten<br \/>\nLeiterbahnen und Leiterplatten<\/p>\n","protected":false},"featured_media":778,"template":"","meta":{"inline_featured_image":false,"site-sidebar-layout":"default","site-content-layout":"","ast-site-content-layout":"default","site-content-style":"default","site-sidebar-style":"default","ast-global-header-display":"","ast-banner-title-visibility":"","ast-main-header-display":"","ast-hfb-above-header-display":"","ast-hfb-below-header-display":"","ast-hfb-mobile-header-display":"","site-post-title":"","ast-breadcrumbs-content":"","ast-featured-img":"","footer-sml-layout":"","ast-disable-related-posts":"","theme-transparent-header-meta":"","adv-header-id-meta":"","stick-header-meta":"","header-above-stick-meta":"","header-main-stick-meta":"","header-below-stick-meta":"","astra-migrate-meta-layouts":"default","ast-page-background-enabled":"default","ast-page-background-meta":{"desktop":{"background-color":"var(--ast-global-color-5)","background-image":"","background-repeat":"repeat","background-position":"center center","background-size":"auto","background-attachment":"scroll","background-type":"","background-media":"","overlay-type":"","overlay-color":"","overlay-opacity":"","overlay-gradient":""},"tablet":{"background-color":"","background-image":"","background-repeat":"repeat","background-position":"center center","background-size":"auto","background-attachment":"scroll","background-type":"","background-media":"","overlay-type":"","overlay-color":"","overlay-opacity":"","overlay-gradient":""},"mobile":{"background-color":"","background-image":"","background-repeat":"repeat","background-position":"center center","background-size":"auto","background-attachment":"scroll","background-type":"","background-media":"","overlay-type":"","overlay-color":"","overlay-opacity":"","overlay-gradient":""}},"ast-content-background-meta":{"desktop":{"background-color":"var(--ast-global-color-4)","background-image":"","background-repeat":"repeat","background-position":"center center","background-size":"auto","background-attachment":"scroll","background-type":"","background-media":"","overlay-type":"","overlay-color":"","overlay-opacity":"","overlay-gradient":""},"tablet":{"background-color":"var(--ast-global-color-4)","background-image":"","background-repeat":"repeat","background-position":"center center","background-size":"auto","background-attachment":"scroll","background-type":"","background-media":"","overlay-type":"","overlay-color":"","overlay-opacity":"","overlay-gradient":""},"mobile":{"background-color":"var(--ast-global-color-4)","background-image":"","background-repeat":"repeat","background-position":"center center","background-size":"auto","background-attachment":"scroll","background-type":"","background-media":"","overlay-type":"","overlay-color":"","overlay-opacity":"","overlay-gradient":""}}},"product_brand":[],"product_cat":[147,118,157],"product_tag":[109,158,21],"class_list":{"0":"post-7839","1":"product","2":"type-product","3":"status-publish","4":"has-post-thumbnail","6":"product_cat-anfrage","7":"product_cat-emv-anwendungen","8":"product_cat-technische-textile","9":"product_tag-abschirmgewebe","10":"product_tag-emv-abschirmung","11":"product_tag-schutz-vor-5g","12":"product_shipping_class-standardversand","13":"desktop-align-left","14":"tablet-align-left","15":"mobile-align-left","17":"first","18":"instock","19":"taxable","20":"shipping-taxable","21":"product-type-simple"},"yoast_head":"<!-- This site is optimized with the Yoast SEO plugin v27.5 - https:\/\/yoast.com\/product\/yoast-seo-wordpress\/ -->\n<title>Metallisiertes Gewebe Sn\/Cu\/Ag - Elektrosmog-Schutz Onlineshop<\/title>\n<meta name=\"description\" content=\"Extrem leitf\u00e4higes, mit Silber, Kupfer und Zinn metallisiertes Gewebe. Dank seiner Zinnbeschichtung kann dieses Gewebe gel\u00f6tet werden,\" \/>\n<meta name=\"robots\" content=\"index, follow, max-snippet:-1, max-image-preview:large, max-video-preview:-1\" \/>\n<link rel=\"canonical\" href=\"https:\/\/ecologa-europe.com\/shop\/produkt\/metallisiertes-gewebe-sn-cu-ag\/\" \/>\n<meta property=\"og:locale\" content=\"de_DE\" \/>\n<meta property=\"og:type\" content=\"article\" \/>\n<meta property=\"og:title\" content=\"Metallisiertes Gewebe Sn\/Cu\/Ag - Elektrosmog-Schutz Onlineshop\" \/>\n<meta property=\"og:description\" content=\"Extrem leitf\u00e4higes, mit Silber, Kupfer und Zinn metallisiertes Gewebe. Dank seiner Zinnbeschichtung kann dieses Gewebe gel\u00f6tet werden,\" \/>\n<meta property=\"og:url\" content=\"https:\/\/ecologa-europe.com\/shop\/produkt\/metallisiertes-gewebe-sn-cu-ag\/\" \/>\n<meta property=\"og:site_name\" content=\"Elektrosmog-Schutz Onlineshop\" \/>\n<meta property=\"article:publisher\" content=\"https:\/\/www.facebook.com\/Ecologa-Europe-GmbH-1604744566252298\/\" \/>\n<meta property=\"article:modified_time\" content=\"2025-05-16T10:42:34+00:00\" \/>\n<meta property=\"og:image\" content=\"https:\/\/ecologa-europe.com\/shop\/wp-content\/uploads\/2025\/04\/Gewebe-SnCuAg.jpg\" \/>\n\t<meta property=\"og:image:width\" content=\"853\" \/>\n\t<meta property=\"og:image:height\" content=\"616\" \/>\n\t<meta property=\"og:image:type\" content=\"image\/jpeg\" \/>\n<meta name=\"twitter:card\" content=\"summary_large_image\" \/>\n<meta name=\"twitter:label1\" content=\"Gesch\u00e4tzte Lesezeit\" \/>\n\t<meta name=\"twitter:data1\" content=\"2\u00a0Minuten\" \/>\n<script type=\"application\/ld+json\" class=\"yoast-schema-graph\">{\"@context\":\"https:\\\/\\\/schema.org\",\"@graph\":[{\"@type\":\"WebPage\",\"@id\":\"https:\\\/\\\/ecologa-europe.com\\\/shop\\\/produkt\\\/metallisiertes-gewebe-sn-cu-ag\\\/\",\"url\":\"https:\\\/\\\/ecologa-europe.com\\\/shop\\\/produkt\\\/metallisiertes-gewebe-sn-cu-ag\\\/\",\"name\":\"Metallisiertes Gewebe Sn\\\/Cu\\\/Ag - Elektrosmog-Schutz Onlineshop\",\"isPartOf\":{\"@id\":\"https:\\\/\\\/ecologa-europe.com\\\/shop\\\/#website\"},\"primaryImageOfPage\":{\"@id\":\"https:\\\/\\\/ecologa-europe.com\\\/shop\\\/produkt\\\/metallisiertes-gewebe-sn-cu-ag\\\/#primaryimage\"},\"image\":{\"@id\":\"https:\\\/\\\/ecologa-europe.com\\\/shop\\\/produkt\\\/metallisiertes-gewebe-sn-cu-ag\\\/#primaryimage\"},\"thumbnailUrl\":\"https:\\\/\\\/ecologa-europe.com\\\/shop\\\/wp-content\\\/uploads\\\/2025\\\/04\\\/Gewebe-SnCuAg.jpg\",\"datePublished\":\"2025-05-16T10:28:08+00:00\",\"dateModified\":\"2025-05-16T10:42:34+00:00\",\"description\":\"Extrem leitf\u00e4higes, mit Silber, Kupfer und Zinn metallisiertes Gewebe. Dank seiner Zinnbeschichtung kann dieses Gewebe gel\u00f6tet werden,\",\"breadcrumb\":{\"@id\":\"https:\\\/\\\/ecologa-europe.com\\\/shop\\\/produkt\\\/metallisiertes-gewebe-sn-cu-ag\\\/#breadcrumb\"},\"inLanguage\":\"de\",\"potentialAction\":[{\"@type\":\"ReadAction\",\"target\":[\"https:\\\/\\\/ecologa-europe.com\\\/shop\\\/produkt\\\/metallisiertes-gewebe-sn-cu-ag\\\/\"]}]},{\"@type\":\"ImageObject\",\"inLanguage\":\"de\",\"@id\":\"https:\\\/\\\/ecologa-europe.com\\\/shop\\\/produkt\\\/metallisiertes-gewebe-sn-cu-ag\\\/#primaryimage\",\"url\":\"https:\\\/\\\/ecologa-europe.com\\\/shop\\\/wp-content\\\/uploads\\\/2025\\\/04\\\/Gewebe-SnCuAg.jpg\",\"contentUrl\":\"https:\\\/\\\/ecologa-europe.com\\\/shop\\\/wp-content\\\/uploads\\\/2025\\\/04\\\/Gewebe-SnCuAg.jpg\",\"width\":853,\"height\":616},{\"@type\":\"BreadcrumbList\",\"@id\":\"https:\\\/\\\/ecologa-europe.com\\\/shop\\\/produkt\\\/metallisiertes-gewebe-sn-cu-ag\\\/#breadcrumb\",\"itemListElement\":[{\"@type\":\"ListItem\",\"position\":1,\"name\":\"Startseite\",\"item\":\"https:\\\/\\\/ecologa-europe.com\\\/shop\\\/\"},{\"@type\":\"ListItem\",\"position\":2,\"name\":\"Shop\",\"item\":\"https:\\\/\\\/ecologa-europe.com\\\/shop\\\/shop\\\/\"},{\"@type\":\"ListItem\",\"position\":3,\"name\":\"Metallisiertes Gewebe Sn\\\/Cu\\\/Ag\"}]},{\"@type\":\"WebSite\",\"@id\":\"https:\\\/\\\/ecologa-europe.com\\\/shop\\\/#website\",\"url\":\"https:\\\/\\\/ecologa-europe.com\\\/shop\\\/\",\"name\":\"Elektrosmog-Schutz Onlineshop\",\"description\":\"Ecologa Europe\",\"publisher\":{\"@id\":\"https:\\\/\\\/ecologa-europe.com\\\/shop\\\/#organization\"},\"potentialAction\":[{\"@type\":\"SearchAction\",\"target\":{\"@type\":\"EntryPoint\",\"urlTemplate\":\"https:\\\/\\\/ecologa-europe.com\\\/shop\\\/?s={search_term_string}\"},\"query-input\":{\"@type\":\"PropertyValueSpecification\",\"valueRequired\":true,\"valueName\":\"search_term_string\"}}],\"inLanguage\":\"de\"},{\"@type\":\"Organization\",\"@id\":\"https:\\\/\\\/ecologa-europe.com\\\/shop\\\/#organization\",\"name\":\"Elektrosmog-Schutz Onlineshop\",\"url\":\"https:\\\/\\\/ecologa-europe.com\\\/shop\\\/\",\"logo\":{\"@type\":\"ImageObject\",\"inLanguage\":\"de\",\"@id\":\"https:\\\/\\\/ecologa-europe.com\\\/shop\\\/#\\\/schema\\\/logo\\\/image\\\/\",\"url\":\"https:\\\/\\\/ecologa-europe.com\\\/shop\\\/wp-content\\\/uploads\\\/2025\\\/04\\\/vertical-navbar-logo.svg\",\"contentUrl\":\"https:\\\/\\\/ecologa-europe.com\\\/shop\\\/wp-content\\\/uploads\\\/2025\\\/04\\\/vertical-navbar-logo.svg\",\"width\":182,\"height\":70,\"caption\":\"Elektrosmog-Schutz Onlineshop\"},\"image\":{\"@id\":\"https:\\\/\\\/ecologa-europe.com\\\/shop\\\/#\\\/schema\\\/logo\\\/image\\\/\"},\"sameAs\":[\"https:\\\/\\\/www.facebook.com\\\/Ecologa-Europe-GmbH-1604744566252298\\\/\",\"https:\\\/\\\/www.instagram.com\\\/ecologaeurope\\\/\"]}]}<\/script>\n<!-- \/ Yoast SEO plugin. -->","yoast_head_json":{"title":"Metallisiertes Gewebe Sn\/Cu\/Ag - Elektrosmog-Schutz Onlineshop","description":"Extrem leitf\u00e4higes, mit Silber, Kupfer und Zinn metallisiertes Gewebe. Dank seiner Zinnbeschichtung kann dieses Gewebe gel\u00f6tet werden,","robots":{"index":"index","follow":"follow","max-snippet":"max-snippet:-1","max-image-preview":"max-image-preview:large","max-video-preview":"max-video-preview:-1"},"canonical":"https:\/\/ecologa-europe.com\/shop\/produkt\/metallisiertes-gewebe-sn-cu-ag\/","og_locale":"de_DE","og_type":"article","og_title":"Metallisiertes Gewebe Sn\/Cu\/Ag - Elektrosmog-Schutz Onlineshop","og_description":"Extrem leitf\u00e4higes, mit Silber, Kupfer und Zinn metallisiertes Gewebe. Dank seiner Zinnbeschichtung kann dieses Gewebe gel\u00f6tet werden,","og_url":"https:\/\/ecologa-europe.com\/shop\/produkt\/metallisiertes-gewebe-sn-cu-ag\/","og_site_name":"Elektrosmog-Schutz Onlineshop","article_publisher":"https:\/\/www.facebook.com\/Ecologa-Europe-GmbH-1604744566252298\/","article_modified_time":"2025-05-16T10:42:34+00:00","og_image":[{"width":853,"height":616,"url":"https:\/\/ecologa-europe.com\/shop\/wp-content\/uploads\/2025\/04\/Gewebe-SnCuAg.jpg","type":"image\/jpeg"}],"twitter_card":"summary_large_image","twitter_misc":{"Gesch\u00e4tzte Lesezeit":"2\u00a0Minuten"},"schema":{"@context":"https:\/\/schema.org","@graph":[{"@type":"WebPage","@id":"https:\/\/ecologa-europe.com\/shop\/produkt\/metallisiertes-gewebe-sn-cu-ag\/","url":"https:\/\/ecologa-europe.com\/shop\/produkt\/metallisiertes-gewebe-sn-cu-ag\/","name":"Metallisiertes Gewebe Sn\/Cu\/Ag - Elektrosmog-Schutz Onlineshop","isPartOf":{"@id":"https:\/\/ecologa-europe.com\/shop\/#website"},"primaryImageOfPage":{"@id":"https:\/\/ecologa-europe.com\/shop\/produkt\/metallisiertes-gewebe-sn-cu-ag\/#primaryimage"},"image":{"@id":"https:\/\/ecologa-europe.com\/shop\/produkt\/metallisiertes-gewebe-sn-cu-ag\/#primaryimage"},"thumbnailUrl":"https:\/\/ecologa-europe.com\/shop\/wp-content\/uploads\/2025\/04\/Gewebe-SnCuAg.jpg","datePublished":"2025-05-16T10:28:08+00:00","dateModified":"2025-05-16T10:42:34+00:00","description":"Extrem leitf\u00e4higes, mit Silber, Kupfer und Zinn metallisiertes Gewebe. Dank seiner Zinnbeschichtung kann dieses Gewebe gel\u00f6tet werden,","breadcrumb":{"@id":"https:\/\/ecologa-europe.com\/shop\/produkt\/metallisiertes-gewebe-sn-cu-ag\/#breadcrumb"},"inLanguage":"de","potentialAction":[{"@type":"ReadAction","target":["https:\/\/ecologa-europe.com\/shop\/produkt\/metallisiertes-gewebe-sn-cu-ag\/"]}]},{"@type":"ImageObject","inLanguage":"de","@id":"https:\/\/ecologa-europe.com\/shop\/produkt\/metallisiertes-gewebe-sn-cu-ag\/#primaryimage","url":"https:\/\/ecologa-europe.com\/shop\/wp-content\/uploads\/2025\/04\/Gewebe-SnCuAg.jpg","contentUrl":"https:\/\/ecologa-europe.com\/shop\/wp-content\/uploads\/2025\/04\/Gewebe-SnCuAg.jpg","width":853,"height":616},{"@type":"BreadcrumbList","@id":"https:\/\/ecologa-europe.com\/shop\/produkt\/metallisiertes-gewebe-sn-cu-ag\/#breadcrumb","itemListElement":[{"@type":"ListItem","position":1,"name":"Startseite","item":"https:\/\/ecologa-europe.com\/shop\/"},{"@type":"ListItem","position":2,"name":"Shop","item":"https:\/\/ecologa-europe.com\/shop\/shop\/"},{"@type":"ListItem","position":3,"name":"Metallisiertes Gewebe Sn\/Cu\/Ag"}]},{"@type":"WebSite","@id":"https:\/\/ecologa-europe.com\/shop\/#website","url":"https:\/\/ecologa-europe.com\/shop\/","name":"Elektrosmog-Schutz Onlineshop","description":"Ecologa Europe","publisher":{"@id":"https:\/\/ecologa-europe.com\/shop\/#organization"},"potentialAction":[{"@type":"SearchAction","target":{"@type":"EntryPoint","urlTemplate":"https:\/\/ecologa-europe.com\/shop\/?s={search_term_string}"},"query-input":{"@type":"PropertyValueSpecification","valueRequired":true,"valueName":"search_term_string"}}],"inLanguage":"de"},{"@type":"Organization","@id":"https:\/\/ecologa-europe.com\/shop\/#organization","name":"Elektrosmog-Schutz Onlineshop","url":"https:\/\/ecologa-europe.com\/shop\/","logo":{"@type":"ImageObject","inLanguage":"de","@id":"https:\/\/ecologa-europe.com\/shop\/#\/schema\/logo\/image\/","url":"https:\/\/ecologa-europe.com\/shop\/wp-content\/uploads\/2025\/04\/vertical-navbar-logo.svg","contentUrl":"https:\/\/ecologa-europe.com\/shop\/wp-content\/uploads\/2025\/04\/vertical-navbar-logo.svg","width":182,"height":70,"caption":"Elektrosmog-Schutz Onlineshop"},"image":{"@id":"https:\/\/ecologa-europe.com\/shop\/#\/schema\/logo\/image\/"},"sameAs":["https:\/\/www.facebook.com\/Ecologa-Europe-GmbH-1604744566252298\/","https:\/\/www.instagram.com\/ecologaeurope\/"]}]}},"_links":{"self":[{"href":"https:\/\/ecologa-europe.com\/shop\/wp-json\/wp\/v2\/product\/7839","targetHints":{"allow":["GET"]}}],"collection":[{"href":"https:\/\/ecologa-europe.com\/shop\/wp-json\/wp\/v2\/product"}],"about":[{"href":"https:\/\/ecologa-europe.com\/shop\/wp-json\/wp\/v2\/types\/product"}],"wp:featuredmedia":[{"embeddable":true,"href":"https:\/\/ecologa-europe.com\/shop\/wp-json\/wp\/v2\/media\/778"}],"wp:attachment":[{"href":"https:\/\/ecologa-europe.com\/shop\/wp-json\/wp\/v2\/media?parent=7839"}],"wp:term":[{"taxonomy":"product_brand","embeddable":true,"href":"https:\/\/ecologa-europe.com\/shop\/wp-json\/wp\/v2\/product_brand?post=7839"},{"taxonomy":"product_cat","embeddable":true,"href":"https:\/\/ecologa-europe.com\/shop\/wp-json\/wp\/v2\/product_cat?post=7839"},{"taxonomy":"product_tag","embeddable":true,"href":"https:\/\/ecologa-europe.com\/shop\/wp-json\/wp\/v2\/product_tag?post=7839"}],"curies":[{"name":"wp","href":"https:\/\/api.w.org\/{rel}","templated":true}]}}