{"id":7845,"date":"2025-05-16T10:28:08","date_gmt":"2025-05-16T10:28:08","guid":{"rendered":"https:\/\/639.pm-domains.de\/?post_type=product&#038;p=7845"},"modified":"2025-05-16T10:42:37","modified_gmt":"2025-05-16T10:42:37","slug":"non-tisse-de-blindage-ag","status":"publish","type":"product","link":"https:\/\/ecologa-europe.com\/shop\/produkt\/non-tisse-de-blindage-ag\/?lang=fr","title":{"rendered":"Non-tiss\u00e9 de blindage Ag"},"content":{"rendered":"<p>Non-tiss\u00e9 hautement conducteur \u00e9lectrique et thermique aux propri\u00e9t\u00e9s antimicrobiennes. Thermoli\u00e9 en polyamide avec une teneur en argent d&#8217;environ 17%. Outre la protection CEM, ainsi qu&#8217;une tr\u00e8s bonne conductivit\u00e9 \u00e9lectrique allant jusqu&#8217;\u00e0 &lt; 0,5 \u03a9\/\u25a1, il convient particuli\u00e8rement aux capteurs utilis\u00e9s dans la technique m\u00e9dicale ainsi qu&#8217;\u00e0 la dissipation statique dans les composants \u00e9lectroniques.<\/p>\n<p style=\"text-align: left;\"><strong>Donn\u00e9es techniques :<\/strong><br \/>\nLargeur 100 cm \u00b1 3 cm<br \/>\nType : non-tiss\u00e9<br \/>\nM\u00e9tallisation : argent pur 99,9%<br \/>\nTeneur en m\u00e9tal: 83% PA \/ 17% argent<br \/>\nMati\u00e8re premi\u00e8re : 100% polyamide \/ nylon 6,6<br \/>\nR\u00e9sistance \u00e9lectrique de surface : &lt; 0.5 \u03a9\/\u25a1<br \/>\nFr\u00e9quence mesur\u00e9e : 0,2 GHz &#8211; 14 GHz<br \/>\nCapacit\u00e9 de blindage (0,2-2 GHz) moyenne &lt; 63 dB de 0.2 GHz &#8211; 2 GHz<br \/>\nCapacit\u00e9 de blindage (2-5 GHz) moyenne &lt; 70 dB de 2 GHz &#8211; 5 GHz<br \/>\nCapacit\u00e9 de blindage (5 &#8211; 14 GHz) moyenne &lt; 78 dB de 5 GHz &#8211; 14 GHz<br \/>\nPoids total : 56 g\/m\u00b2 \u00b1 15%<br \/>\n\u00c9paisseur totale : 0,35mm \u00b1 30%<br \/>\nPlage de temp\u00e9rature : &#8211; 30 \u00b0C \u00e0 90 \u00b0C<br \/>\nStockage et manipulation : selon nos instructions d&#8217;entretien et de manipulation.<br \/>\nConformit\u00e9 et certification : DIN EN ISO 9001:2015, REACH, RoHS<\/p>\n<p style=\"text-align: left;\">Fabriqu\u00e9 en Allemagne<\/p>\n<p style=\"text-align: left;\"><strong>Applications:<\/strong><br \/>\nCapteurs dans la technique m\u00e9dicale<br \/>\nPapiers peints de protection dans la protection des locaux<br \/>\nD\u00e9rivations antistatiques dans les composants \u00e9lectroniques.<br \/>\nLa conformit\u00e9 OEKO-TEX\u00ae STANDARD 100, REACH et RoHS est assur\u00e9e.<\/p>\n","protected":false},"excerpt":{"rendered":"<p>Non-tiss\u00e9 hautement conducteur \u00e9lectrique et thermique aux propri\u00e9t\u00e9s antimicrobiennes. Thermoli\u00e9 en polyamide avec une teneur en argent d&#8217;environ 17%. Outre la protection CEM, ainsi qu&#8217;une tr\u00e8s bonne conductivit\u00e9 \u00e9lectrique allant jusqu&#8217;\u00e0 &lt; 0,5 \u03a9\/\u25a1, il convient particuli\u00e8rement aux capteurs utilis\u00e9s dans la technique m\u00e9dicale ainsi qu&#8217;\u00e0 la dissipation statique dans les composants \u00e9lectroniques.<\/p>\n<p style=\"text-align: left;\">Capacit\u00e9 de blindage (0,2-2 GHz) moyenne &lt; 63 dB de 0.2 GHz &#8211; 2 GHz<br \/>\nCapacit\u00e9 de blindage (2-5 GHz) moyenne &lt; 70 dB de 2 GHz &#8211; 5 GHz<br \/>\nCapacit\u00e9 de blindage (5 &#8211; 14 GHz) moyenne &lt; 78 dB de 5 GHz &#8211; 14 GHz<br \/>\nLargeur 100 cm \u00b1 3 cm<br \/>\nPoids total : 56 g\/m\u00b2 \u00b1 15%<br \/>\n\u00c9paisseur totale : 0,35mm \u00b1 30%<\/p>\n<p style=\"text-align: left;\">Fabriqu\u00e9 en Allemagne<\/p>\n","protected":false},"featured_media":779,"template":"","meta":{"inline_featured_image":false,"site-sidebar-layout":"default","site-content-layout":"","ast-site-content-layout":"default","site-content-style":"default","site-sidebar-style":"default","ast-global-header-display":"","ast-banner-title-visibility":"","ast-main-header-display":"","ast-hfb-above-header-display":"","ast-hfb-below-header-display":"","ast-hfb-mobile-header-display":"","site-post-title":"","ast-breadcrumbs-content":"","ast-featured-img":"","footer-sml-layout":"","ast-disable-related-posts":"","theme-transparent-header-meta":"","adv-header-id-meta":"","stick-header-meta":"","header-above-stick-meta":"","header-main-stick-meta":"","header-below-stick-meta":"","astra-migrate-meta-layouts":"default","ast-page-background-enabled":"default","ast-page-background-meta":{"desktop":{"background-color":"var(--ast-global-color-5)","background-image":"","background-repeat":"repeat","background-position":"center center","background-size":"auto","background-attachment":"scroll","background-type":"","background-media":"","overlay-type":"","overlay-color":"","overlay-opacity":"","overlay-gradient":""},"tablet":{"background-color":"","background-image":"","background-repeat":"repeat","background-position":"center center","background-size":"auto","background-attachment":"scroll","background-type":"","background-media":"","overlay-type":"","overlay-color":"","overlay-opacity":"","overlay-gradient":""},"mobile":{"background-color":"","background-image":"","background-repeat":"repeat","background-position":"center center","background-size":"auto","background-attachment":"scroll","background-type":"","background-media":"","overlay-type":"","overlay-color":"","overlay-opacity":"","overlay-gradient":""}},"ast-content-background-meta":{"desktop":{"background-color":"var(--ast-global-color-4)","background-image":"","background-repeat":"repeat","background-position":"center center","background-size":"auto","background-attachment":"scroll","background-type":"","background-media":"","overlay-type":"","overlay-color":"","overlay-opacity":"","overlay-gradient":""},"tablet":{"background-color":"var(--ast-global-color-4)","background-image":"","background-repeat":"repeat","background-position":"center center","background-size":"auto","background-attachment":"scroll","background-type":"","background-media":"","overlay-type":"","overlay-color":"","overlay-opacity":"","overlay-gradient":""},"mobile":{"background-color":"var(--ast-global-color-4)","background-image":"","background-repeat":"repeat","background-position":"center center","background-size":"auto","background-attachment":"scroll","background-type":"","background-media":"","overlay-type":"","overlay-color":"","overlay-opacity":"","overlay-gradient":""}}},"product_brand":[],"product_cat":[281],"product_tag":[200,224,208],"class_list":{"0":"post-7845","1":"product","2":"type-product","3":"status-publish","4":"has-post-thumbnail","6":"product_cat-non-tisse-et-treillis-de-blindage","7":"product_tag-blindage-haute-frequence","8":"product_tag-protection-5g","9":"product_tag-protection-contre-lelectrosmog","10":"product_shipping_class-sperrgut","11":"desktop-align-left","12":"tablet-align-left","13":"mobile-align-left","15":"first","16":"instock","17":"taxable","18":"shipping-taxable","19":"purchasable","20":"product-type-simple"},"yoast_head":"<!-- This site is optimized with the Yoast SEO plugin v27.3 - https:\/\/yoast.com\/product\/yoast-seo-wordpress\/ -->\n<title>Non-tiss\u00e9 de blindage Ag - Elektrosmog-Schutz Onlineshop<\/title>\n<meta name=\"description\" content=\"Outre la protection CEM et une tr\u00e8s bonne conductivit\u00e9 \u00e9lectrique, le non-tiss\u00e9 de blindage est particuli\u00e8rement adapt\u00e9 aux capteurs et \u00e0 la dissipation statique.\" \/>\n<meta name=\"robots\" content=\"index, follow, max-snippet:-1, max-image-preview:large, max-video-preview:-1\" \/>\n<link rel=\"canonical\" href=\"https:\/\/ecologa-europe.com\/shop\/produkt\/non-tisse-de-blindage-ag\/\" \/>\n<meta property=\"og:locale\" content=\"de_DE\" \/>\n<meta property=\"og:type\" content=\"article\" \/>\n<meta property=\"og:title\" content=\"Non-tiss\u00e9 de blindage Ag - Elektrosmog-Schutz Onlineshop\" \/>\n<meta property=\"og:description\" content=\"Outre la protection CEM et une tr\u00e8s bonne conductivit\u00e9 \u00e9lectrique, le non-tiss\u00e9 de blindage est particuli\u00e8rement adapt\u00e9 aux capteurs et \u00e0 la dissipation statique.\" \/>\n<meta property=\"og:url\" content=\"https:\/\/ecologa-europe.com\/shop\/produkt\/non-tisse-de-blindage-ag\/?lang=fr\" \/>\n<meta property=\"og:site_name\" content=\"Elektrosmog-Schutz Onlineshop\" \/>\n<meta property=\"article:publisher\" content=\"https:\/\/www.facebook.com\/Ecologa-Europe-GmbH-1604744566252298\/\" \/>\n<meta property=\"article:modified_time\" content=\"2025-05-16T10:42:37+00:00\" \/>\n<meta property=\"og:image\" content=\"https:\/\/ecologa-europe.com\/shop\/wp-content\/uploads\/2025\/04\/abschirmvlies-Ag.jpg\" \/>\n\t<meta property=\"og:image:width\" content=\"1772\" \/>\n\t<meta property=\"og:image:height\" content=\"1280\" \/>\n\t<meta property=\"og:image:type\" content=\"image\/jpeg\" \/>\n<meta name=\"twitter:card\" content=\"summary_large_image\" \/>\n<meta name=\"twitter:label1\" content=\"Gesch\u00e4tzte Lesezeit\" \/>\n\t<meta name=\"twitter:data1\" content=\"1\u00a0Minute\" \/>\n<script type=\"application\/ld+json\" class=\"yoast-schema-graph\">{\"@context\":\"https:\\\/\\\/schema.org\",\"@graph\":[{\"@type\":\"WebPage\",\"@id\":\"https:\\\/\\\/ecologa-europe.com\\\/shop\\\/produkt\\\/non-tisse-de-blindage-ag\\\/?lang=fr\",\"url\":\"https:\\\/\\\/ecologa-europe.com\\\/shop\\\/produkt\\\/non-tisse-de-blindage-ag\\\/?lang=fr\",\"name\":\"Non-tiss\u00e9 de blindage Ag - Elektrosmog-Schutz Onlineshop\",\"isPartOf\":{\"@id\":\"https:\\\/\\\/ecologa-europe.com\\\/shop\\\/#website\"},\"primaryImageOfPage\":{\"@id\":\"https:\\\/\\\/ecologa-europe.com\\\/shop\\\/produkt\\\/non-tisse-de-blindage-ag\\\/?lang=fr#primaryimage\"},\"image\":{\"@id\":\"https:\\\/\\\/ecologa-europe.com\\\/shop\\\/produkt\\\/non-tisse-de-blindage-ag\\\/?lang=fr#primaryimage\"},\"thumbnailUrl\":\"https:\\\/\\\/ecologa-europe.com\\\/shop\\\/wp-content\\\/uploads\\\/2025\\\/04\\\/abschirmvlies-Ag.jpg\",\"datePublished\":\"2025-05-16T10:28:08+00:00\",\"dateModified\":\"2025-05-16T10:42:37+00:00\",\"description\":\"Outre la protection CEM et une tr\u00e8s bonne conductivit\u00e9 \u00e9lectrique, le non-tiss\u00e9 de blindage est particuli\u00e8rement adapt\u00e9 aux capteurs et \u00e0 la dissipation statique.\",\"breadcrumb\":{\"@id\":\"https:\\\/\\\/ecologa-europe.com\\\/shop\\\/produkt\\\/non-tisse-de-blindage-ag\\\/?lang=fr#breadcrumb\"},\"inLanguage\":\"de\",\"potentialAction\":[{\"@type\":\"ReadAction\",\"target\":[\"https:\\\/\\\/ecologa-europe.com\\\/shop\\\/produkt\\\/non-tisse-de-blindage-ag\\\/?lang=fr\"]}]},{\"@type\":\"ImageObject\",\"inLanguage\":\"de\",\"@id\":\"https:\\\/\\\/ecologa-europe.com\\\/shop\\\/produkt\\\/non-tisse-de-blindage-ag\\\/?lang=fr#primaryimage\",\"url\":\"https:\\\/\\\/ecologa-europe.com\\\/shop\\\/wp-content\\\/uploads\\\/2025\\\/04\\\/abschirmvlies-Ag.jpg\",\"contentUrl\":\"https:\\\/\\\/ecologa-europe.com\\\/shop\\\/wp-content\\\/uploads\\\/2025\\\/04\\\/abschirmvlies-Ag.jpg\",\"width\":1772,\"height\":1280},{\"@type\":\"BreadcrumbList\",\"@id\":\"https:\\\/\\\/ecologa-europe.com\\\/shop\\\/produkt\\\/non-tisse-de-blindage-ag\\\/?lang=fr#breadcrumb\",\"itemListElement\":[{\"@type\":\"ListItem\",\"position\":1,\"name\":\"Startseite\",\"item\":\"https:\\\/\\\/ecologa-europe.com\\\/shop\\\/\"},{\"@type\":\"ListItem\",\"position\":2,\"name\":\"Shop\",\"item\":\"https:\\\/\\\/ecologa-europe.com\\\/shop\\\/shop\\\/\"},{\"@type\":\"ListItem\",\"position\":3,\"name\":\"Non-tiss\u00e9 de blindage Ag\"}]},{\"@type\":\"WebSite\",\"@id\":\"https:\\\/\\\/ecologa-europe.com\\\/shop\\\/#website\",\"url\":\"https:\\\/\\\/ecologa-europe.com\\\/shop\\\/\",\"name\":\"Elektrosmog-Schutz Onlineshop\",\"description\":\"Ecologa Europe\",\"publisher\":{\"@id\":\"https:\\\/\\\/ecologa-europe.com\\\/shop\\\/#organization\"},\"potentialAction\":[{\"@type\":\"SearchAction\",\"target\":{\"@type\":\"EntryPoint\",\"urlTemplate\":\"https:\\\/\\\/ecologa-europe.com\\\/shop\\\/?s={search_term_string}\"},\"query-input\":{\"@type\":\"PropertyValueSpecification\",\"valueRequired\":true,\"valueName\":\"search_term_string\"}}],\"inLanguage\":\"de\"},{\"@type\":\"Organization\",\"@id\":\"https:\\\/\\\/ecologa-europe.com\\\/shop\\\/#organization\",\"name\":\"Elektrosmog-Schutz Onlineshop\",\"url\":\"https:\\\/\\\/ecologa-europe.com\\\/shop\\\/\",\"logo\":{\"@type\":\"ImageObject\",\"inLanguage\":\"de\",\"@id\":\"https:\\\/\\\/ecologa-europe.com\\\/shop\\\/#\\\/schema\\\/logo\\\/image\\\/\",\"url\":\"https:\\\/\\\/ecologa-europe.com\\\/shop\\\/wp-content\\\/uploads\\\/2025\\\/04\\\/vertical-navbar-logo.svg\",\"contentUrl\":\"https:\\\/\\\/ecologa-europe.com\\\/shop\\\/wp-content\\\/uploads\\\/2025\\\/04\\\/vertical-navbar-logo.svg\",\"width\":182,\"height\":70,\"caption\":\"Elektrosmog-Schutz Onlineshop\"},\"image\":{\"@id\":\"https:\\\/\\\/ecologa-europe.com\\\/shop\\\/#\\\/schema\\\/logo\\\/image\\\/\"},\"sameAs\":[\"https:\\\/\\\/www.facebook.com\\\/Ecologa-Europe-GmbH-1604744566252298\\\/\",\"https:\\\/\\\/www.instagram.com\\\/ecologaeurope\\\/\"]}]}<\/script>\n<!-- \/ Yoast SEO plugin. -->","yoast_head_json":{"title":"Non-tiss\u00e9 de blindage Ag - Elektrosmog-Schutz Onlineshop","description":"Outre la protection CEM et une tr\u00e8s bonne conductivit\u00e9 \u00e9lectrique, le non-tiss\u00e9 de blindage est particuli\u00e8rement adapt\u00e9 aux capteurs et \u00e0 la dissipation statique.","robots":{"index":"index","follow":"follow","max-snippet":"max-snippet:-1","max-image-preview":"max-image-preview:large","max-video-preview":"max-video-preview:-1"},"canonical":"https:\/\/ecologa-europe.com\/shop\/produkt\/non-tisse-de-blindage-ag\/","og_locale":"de_DE","og_type":"article","og_title":"Non-tiss\u00e9 de blindage Ag - Elektrosmog-Schutz Onlineshop","og_description":"Outre la protection CEM et une tr\u00e8s bonne conductivit\u00e9 \u00e9lectrique, le non-tiss\u00e9 de blindage est particuli\u00e8rement adapt\u00e9 aux capteurs et \u00e0 la dissipation statique.","og_url":"https:\/\/ecologa-europe.com\/shop\/produkt\/non-tisse-de-blindage-ag\/?lang=fr","og_site_name":"Elektrosmog-Schutz Onlineshop","article_publisher":"https:\/\/www.facebook.com\/Ecologa-Europe-GmbH-1604744566252298\/","article_modified_time":"2025-05-16T10:42:37+00:00","og_image":[{"width":1772,"height":1280,"url":"https:\/\/ecologa-europe.com\/shop\/wp-content\/uploads\/2025\/04\/abschirmvlies-Ag.jpg","type":"image\/jpeg"}],"twitter_card":"summary_large_image","twitter_misc":{"Gesch\u00e4tzte Lesezeit":"1\u00a0Minute"},"schema":{"@context":"https:\/\/schema.org","@graph":[{"@type":"WebPage","@id":"https:\/\/ecologa-europe.com\/shop\/produkt\/non-tisse-de-blindage-ag\/?lang=fr","url":"https:\/\/ecologa-europe.com\/shop\/produkt\/non-tisse-de-blindage-ag\/?lang=fr","name":"Non-tiss\u00e9 de blindage Ag - Elektrosmog-Schutz Onlineshop","isPartOf":{"@id":"https:\/\/ecologa-europe.com\/shop\/#website"},"primaryImageOfPage":{"@id":"https:\/\/ecologa-europe.com\/shop\/produkt\/non-tisse-de-blindage-ag\/?lang=fr#primaryimage"},"image":{"@id":"https:\/\/ecologa-europe.com\/shop\/produkt\/non-tisse-de-blindage-ag\/?lang=fr#primaryimage"},"thumbnailUrl":"https:\/\/ecologa-europe.com\/shop\/wp-content\/uploads\/2025\/04\/abschirmvlies-Ag.jpg","datePublished":"2025-05-16T10:28:08+00:00","dateModified":"2025-05-16T10:42:37+00:00","description":"Outre la protection CEM et une tr\u00e8s bonne conductivit\u00e9 \u00e9lectrique, le non-tiss\u00e9 de blindage est particuli\u00e8rement adapt\u00e9 aux capteurs et \u00e0 la dissipation statique.","breadcrumb":{"@id":"https:\/\/ecologa-europe.com\/shop\/produkt\/non-tisse-de-blindage-ag\/?lang=fr#breadcrumb"},"inLanguage":"de","potentialAction":[{"@type":"ReadAction","target":["https:\/\/ecologa-europe.com\/shop\/produkt\/non-tisse-de-blindage-ag\/?lang=fr"]}]},{"@type":"ImageObject","inLanguage":"de","@id":"https:\/\/ecologa-europe.com\/shop\/produkt\/non-tisse-de-blindage-ag\/?lang=fr#primaryimage","url":"https:\/\/ecologa-europe.com\/shop\/wp-content\/uploads\/2025\/04\/abschirmvlies-Ag.jpg","contentUrl":"https:\/\/ecologa-europe.com\/shop\/wp-content\/uploads\/2025\/04\/abschirmvlies-Ag.jpg","width":1772,"height":1280},{"@type":"BreadcrumbList","@id":"https:\/\/ecologa-europe.com\/shop\/produkt\/non-tisse-de-blindage-ag\/?lang=fr#breadcrumb","itemListElement":[{"@type":"ListItem","position":1,"name":"Startseite","item":"https:\/\/ecologa-europe.com\/shop\/"},{"@type":"ListItem","position":2,"name":"Shop","item":"https:\/\/ecologa-europe.com\/shop\/shop\/"},{"@type":"ListItem","position":3,"name":"Non-tiss\u00e9 de blindage Ag"}]},{"@type":"WebSite","@id":"https:\/\/ecologa-europe.com\/shop\/#website","url":"https:\/\/ecologa-europe.com\/shop\/","name":"Elektrosmog-Schutz Onlineshop","description":"Ecologa Europe","publisher":{"@id":"https:\/\/ecologa-europe.com\/shop\/#organization"},"potentialAction":[{"@type":"SearchAction","target":{"@type":"EntryPoint","urlTemplate":"https:\/\/ecologa-europe.com\/shop\/?s={search_term_string}"},"query-input":{"@type":"PropertyValueSpecification","valueRequired":true,"valueName":"search_term_string"}}],"inLanguage":"de"},{"@type":"Organization","@id":"https:\/\/ecologa-europe.com\/shop\/#organization","name":"Elektrosmog-Schutz Onlineshop","url":"https:\/\/ecologa-europe.com\/shop\/","logo":{"@type":"ImageObject","inLanguage":"de","@id":"https:\/\/ecologa-europe.com\/shop\/#\/schema\/logo\/image\/","url":"https:\/\/ecologa-europe.com\/shop\/wp-content\/uploads\/2025\/04\/vertical-navbar-logo.svg","contentUrl":"https:\/\/ecologa-europe.com\/shop\/wp-content\/uploads\/2025\/04\/vertical-navbar-logo.svg","width":182,"height":70,"caption":"Elektrosmog-Schutz Onlineshop"},"image":{"@id":"https:\/\/ecologa-europe.com\/shop\/#\/schema\/logo\/image\/"},"sameAs":["https:\/\/www.facebook.com\/Ecologa-Europe-GmbH-1604744566252298\/","https:\/\/www.instagram.com\/ecologaeurope\/"]}]}},"_links":{"self":[{"href":"https:\/\/ecologa-europe.com\/shop\/wp-json\/wp\/v2\/product\/7845","targetHints":{"allow":["GET"]}}],"collection":[{"href":"https:\/\/ecologa-europe.com\/shop\/wp-json\/wp\/v2\/product"}],"about":[{"href":"https:\/\/ecologa-europe.com\/shop\/wp-json\/wp\/v2\/types\/product"}],"wp:featuredmedia":[{"embeddable":true,"href":"https:\/\/ecologa-europe.com\/shop\/wp-json\/wp\/v2\/media\/779"}],"wp:attachment":[{"href":"https:\/\/ecologa-europe.com\/shop\/wp-json\/wp\/v2\/media?parent=7845"}],"wp:term":[{"taxonomy":"product_brand","embeddable":true,"href":"https:\/\/ecologa-europe.com\/shop\/wp-json\/wp\/v2\/product_brand?post=7845"},{"taxonomy":"product_cat","embeddable":true,"href":"https:\/\/ecologa-europe.com\/shop\/wp-json\/wp\/v2\/product_cat?post=7845"},{"taxonomy":"product_tag","embeddable":true,"href":"https:\/\/ecologa-europe.com\/shop\/wp-json\/wp\/v2\/product_tag?post=7845"}],"curies":[{"name":"wp","href":"https:\/\/api.w.org\/{rel}","templated":true}]}}