{"id":7848,"date":"2025-05-16T10:28:09","date_gmt":"2025-05-16T10:28:09","guid":{"rendered":"https:\/\/639.pm-domains.de\/?post_type=product&#038;p=7848"},"modified":"2025-05-16T10:42:39","modified_gmt":"2025-05-16T10:42:39","slug":"tissu-metallise-de-cuivre-pw","status":"publish","type":"product","link":"https:\/\/ecologa-europe.com\/shop\/produkt\/tissu-metallise-de-cuivre-pw\/?lang=fr","title":{"rendered":"Tissu m\u00e9tallis\u00e9 de cuivre PW"},"content":{"rendered":"<p><strong>Tissus pour l&#8217;industrie<\/strong><\/p>\n<p>Textiles techniques, qualit\u00e9 made in Germany depuis plus de 40 ans.<br \/>\nDe l&#8217;argent, du cuivre, du nickel et de l&#8217;\u00e9tain v\u00e9ritables sont utilis\u00e9s pour m\u00e9talliser ces tissus selon un proc\u00e9d\u00e9 chimique unique au monde, qui exploite les propri\u00e9t\u00e9s naturelles des m\u00e9taux sous forme textile et flexible.<br \/>\nCes tissus polyvalents conviennent parfaitement comme tissus de blindage CEM dans diverses applications techniques.<\/p>\n<p>Ce tissu est compos\u00e9 \u00e0 100% de polyester et contient 49% de cuivre. En raison de sa forte teneur en cuivre, ce textile est dot\u00e9 d&#8217;un rev\u00eatement suppl\u00e9mentaire qui le prot\u00e8ge contre la corrosion.<\/p>\n<p>Le textile m\u00e9tallis\u00e9 est utilis\u00e9 dans l&#8217;industrie pour de nombreuses applications techniques.<\/p>\n<p>En raison de sa tr\u00e8s bonne performance de blindage allant jusqu&#8217;\u00e0 70 dB dans la gamme de fr\u00e9quences de 0,2 GHz jusqu&#8217;\u00e0 14 GHz, ce tissu est id\u00e9al pour tous les produits de blindage \u00e9lectromagn\u00e9tique. Il s&#8217;agit entre autres du blindage de pi\u00e8ces et de c\u00e2bles ainsi que des tentes CEM mobiles.<\/p>\n<p>Tissu conforme aux normes REACH et RoHS.<\/p>\n<p><strong>Donn\u00e9es techniques:<\/strong><br \/>\nlargeur 132 cm \u00b1 3 cm<br \/>\nLongueur du rouleau : moyenne 200 m<br \/>\nType : Plainwaeve<br \/>\nM\u00e9tallisation : cuivre<br \/>\nDensit\u00e9 de fil cha\u00eene : \u2248 580 fils\/dm<br \/>\nDensit\u00e9 de fil trame : \u2248 450 fils\/dm<br \/>\nMati\u00e8re premi\u00e8re : 100% polyester<br \/>\nComposition de la mati\u00e8re : 46% PES \/ 49% Cu \/ 5% rev\u00eatement CR \u00b1 10%<br \/>\nRev\u00eatement CR : Actylic<br \/>\nR\u00e9sistance \u00e9lectrique de surface : &lt; 0.05 \u03a9\/\u25a1<br \/>\nFr\u00e9quence mesur\u00e9e : 0,2 GHz &#8211; 14 GHz<br \/>\nCapacit\u00e9 de blindage (0,2-2 GHz) Moyenne 75 dB<br \/>\nCapacit\u00e9 de blindage (2-5 GHz) Moyenne 71 dB<br \/>\nCapacit\u00e9 de blindage (5-14 GHz) Moyenne 70 dB<br \/>\nPoids total : 85 g\/m\u00b2 \u00b1 15%<br \/>\n\u00c9paisseur totale : 0,08mm \u00b1 15%<br \/>\nPlage de temp\u00e9rature : &#8211; 30 \u00b0C \u00e0 90 \u00b0C<br \/>\nStockage et manipulation : selon nos instructions d&#8217;entretien et de manipulation.<br \/>\nConformit\u00e9 et certification : DIN EN ISO 9001:2015, REACH, RoHS<\/p>\n<p><strong>Applications:<\/strong><br \/>\nTentes de blindage<br \/>\nBlindage \u00e9lectromagn\u00e9tique<br \/>\nCages de Faraday<br \/>\nBlindage de c\u00e2bles<br \/>\nGestion des stocks<\/p>\n","protected":false},"excerpt":{"rendered":"<p>Ce tissu est compos\u00e9 \u00e0 100% de polyester et contient 49% de cuivre. En raison de sa forte teneur en cuivre, ce textile est dot\u00e9 d&#8217;un rev\u00eatement suppl\u00e9mentaire qui le prot\u00e8ge contre la corrosion.<\/p>\n<p>Le textile m\u00e9tallis\u00e9 est utilis\u00e9 dans l&#8217;industrie pour de nombreuses applications techniques.<\/p>\n<p>En raison de sa tr\u00e8s bonne performance de blindage allant jusqu&#8217;\u00e0 70 dB dans la gamme de fr\u00e9quences de 0,2 GHz jusqu&#8217;\u00e0 14 GHz, ce tissu est id\u00e9al pour tous les produits de blindage \u00e9lectromagn\u00e9tique. Il s&#8217;agit entre autres du blindage de pi\u00e8ces et de c\u00e2bles ainsi que des tentes CEM mobiles.<\/p>\n<p>Fr\u00e9quence mesur\u00e9e : 0,2 GHz &#8211; 14 GHz.<br \/>\nCapacit\u00e9 de blindage (0,2-2 GHz) 75 dB en moyenne.<br \/>\nCapacit\u00e9 de blindage (2-5 GHz) Moyenne 71 dB.<br \/>\nCapacit\u00e9 de blindage (5-14 GHz) Moyenne de 70 dB.<\/p>\n<p><strong>Application:<\/strong><br \/>\nTentes de blindage<br \/>\nBlindage \u00e9lectromagn\u00e9tique<br \/>\nCages de Faraday<br \/>\nBlindage de c\u00e2bles<br \/>\nGestion des stocks<\/p>\n","protected":false},"featured_media":780,"template":"","meta":{"inline_featured_image":false,"site-sidebar-layout":"default","site-content-layout":"","ast-site-content-layout":"default","site-content-style":"default","site-sidebar-style":"default","ast-global-header-display":"","ast-banner-title-visibility":"","ast-main-header-display":"","ast-hfb-above-header-display":"","ast-hfb-below-header-display":"","ast-hfb-mobile-header-display":"","site-post-title":"","ast-breadcrumbs-content":"","ast-featured-img":"","footer-sml-layout":"","ast-disable-related-posts":"","theme-transparent-header-meta":"","adv-header-id-meta":"","stick-header-meta":"","header-above-stick-meta":"","header-main-stick-meta":"","header-below-stick-meta":"","astra-migrate-meta-layouts":"default","ast-page-background-enabled":"default","ast-page-background-meta":{"desktop":{"background-color":"var(--ast-global-color-5)","background-image":"","background-repeat":"repeat","background-position":"center center","background-size":"auto","background-attachment":"scroll","background-type":"","background-media":"","overlay-type":"","overlay-color":"","overlay-opacity":"","overlay-gradient":""},"tablet":{"background-color":"","background-image":"","background-repeat":"repeat","background-position":"center center","background-size":"auto","background-attachment":"scroll","background-type":"","background-media":"","overlay-type":"","overlay-color":"","overlay-opacity":"","overlay-gradient":""},"mobile":{"background-color":"","background-image":"","background-repeat":"repeat","background-position":"center center","background-size":"auto","background-attachment":"scroll","background-type":"","background-media":"","overlay-type":"","overlay-color":"","overlay-opacity":"","overlay-gradient":""}},"ast-content-background-meta":{"desktop":{"background-color":"var(--ast-global-color-4)","background-image":"","background-repeat":"repeat","background-position":"center center","background-size":"auto","background-attachment":"scroll","background-type":"","background-media":"","overlay-type":"","overlay-color":"","overlay-opacity":"","overlay-gradient":""},"tablet":{"background-color":"var(--ast-global-color-4)","background-image":"","background-repeat":"repeat","background-position":"center center","background-size":"auto","background-attachment":"scroll","background-type":"","background-media":"","overlay-type":"","overlay-color":"","overlay-opacity":"","overlay-gradient":""},"mobile":{"background-color":"var(--ast-global-color-4)","background-image":"","background-repeat":"repeat","background-position":"center center","background-size":"auto","background-attachment":"scroll","background-type":"","background-media":"","overlay-type":"","overlay-color":"","overlay-opacity":"","overlay-gradient":""}}},"product_brand":[],"product_cat":[442,443],"product_tag":[444,187,316],"class_list":{"0":"post-7848","1":"product","2":"type-product","3":"status-publish","4":"has-post-thumbnail","6":"product_cat-applications-emc","7":"product_cat-textiles-techniques","8":"product_tag-blindage-cem","9":"product_tag-protection-contre-la-5g","10":"product_tag-tissu-ecran","11":"product_shipping_class-standardversand","12":"desktop-align-left","13":"tablet-align-left","14":"mobile-align-left","16":"first","17":"instock","18":"taxable","19":"shipping-taxable","20":"product-type-simple"},"yoast_head":"<!-- This site is optimized with the Yoast SEO plugin v27.4 - https:\/\/yoast.com\/product\/yoast-seo-wordpress\/ -->\n<title>Tissu m\u00e9tallis\u00e9 de cuivre PW - Elektrosmog-Schutz Onlineshop<\/title>\n<meta name=\"description\" content=\"Ce tissu contient 49 % de cuivre. Tr\u00e8s bonne performance de blindage jusqu&#039;\u00e0 70 dB, ce tissu est id\u00e9al pour le blindage \u00e9lectromagn\u00e9tique.\" \/>\n<meta name=\"robots\" content=\"index, follow, max-snippet:-1, max-image-preview:large, max-video-preview:-1\" \/>\n<link rel=\"canonical\" href=\"https:\/\/ecologa-europe.com\/shop\/produkt\/tissu-metallise-de-cuivre-pw\/\" \/>\n<meta property=\"og:locale\" content=\"de_DE\" \/>\n<meta property=\"og:type\" content=\"article\" \/>\n<meta property=\"og:title\" content=\"Tissu m\u00e9tallis\u00e9 de cuivre PW - Elektrosmog-Schutz Onlineshop\" \/>\n<meta property=\"og:description\" content=\"Ce tissu contient 49 % de cuivre. Tr\u00e8s bonne performance de blindage jusqu&#039;\u00e0 70 dB, ce tissu est id\u00e9al pour le blindage \u00e9lectromagn\u00e9tique.\" \/>\n<meta property=\"og:url\" content=\"https:\/\/ecologa-europe.com\/shop\/produkt\/tissu-metallise-de-cuivre-pw\/?lang=fr\" \/>\n<meta property=\"og:site_name\" content=\"Elektrosmog-Schutz Onlineshop\" \/>\n<meta property=\"article:publisher\" content=\"https:\/\/www.facebook.com\/Ecologa-Europe-GmbH-1604744566252298\/\" \/>\n<meta property=\"article:modified_time\" content=\"2025-05-16T10:42:39+00:00\" \/>\n<meta property=\"og:image\" content=\"https:\/\/ecologa-europe.com\/shop\/wp-content\/uploads\/2025\/04\/kupfer_gewebe.jpg\" \/>\n\t<meta property=\"og:image:width\" content=\"1772\" \/>\n\t<meta property=\"og:image:height\" content=\"1280\" \/>\n\t<meta property=\"og:image:type\" content=\"image\/jpeg\" \/>\n<meta name=\"twitter:card\" content=\"summary_large_image\" \/>\n<meta name=\"twitter:label1\" content=\"Gesch\u00e4tzte Lesezeit\" \/>\n\t<meta name=\"twitter:data1\" content=\"2\u00a0Minuten\" \/>\n<script type=\"application\/ld+json\" class=\"yoast-schema-graph\">{\"@context\":\"https:\\\/\\\/schema.org\",\"@graph\":[{\"@type\":\"WebPage\",\"@id\":\"https:\\\/\\\/ecologa-europe.com\\\/shop\\\/produkt\\\/tissu-metallise-de-cuivre-pw\\\/?lang=fr\",\"url\":\"https:\\\/\\\/ecologa-europe.com\\\/shop\\\/produkt\\\/tissu-metallise-de-cuivre-pw\\\/?lang=fr\",\"name\":\"Tissu m\u00e9tallis\u00e9 de cuivre PW - Elektrosmog-Schutz Onlineshop\",\"isPartOf\":{\"@id\":\"https:\\\/\\\/ecologa-europe.com\\\/shop\\\/#website\"},\"primaryImageOfPage\":{\"@id\":\"https:\\\/\\\/ecologa-europe.com\\\/shop\\\/produkt\\\/tissu-metallise-de-cuivre-pw\\\/?lang=fr#primaryimage\"},\"image\":{\"@id\":\"https:\\\/\\\/ecologa-europe.com\\\/shop\\\/produkt\\\/tissu-metallise-de-cuivre-pw\\\/?lang=fr#primaryimage\"},\"thumbnailUrl\":\"https:\\\/\\\/ecologa-europe.com\\\/shop\\\/wp-content\\\/uploads\\\/2025\\\/04\\\/kupfer_gewebe.jpg\",\"datePublished\":\"2025-05-16T10:28:09+00:00\",\"dateModified\":\"2025-05-16T10:42:39+00:00\",\"description\":\"Ce tissu contient 49 % de cuivre. Tr\u00e8s bonne performance de blindage jusqu'\u00e0 70 dB, ce tissu est id\u00e9al pour le blindage \u00e9lectromagn\u00e9tique.\",\"breadcrumb\":{\"@id\":\"https:\\\/\\\/ecologa-europe.com\\\/shop\\\/produkt\\\/tissu-metallise-de-cuivre-pw\\\/?lang=fr#breadcrumb\"},\"inLanguage\":\"de\",\"potentialAction\":[{\"@type\":\"ReadAction\",\"target\":[\"https:\\\/\\\/ecologa-europe.com\\\/shop\\\/produkt\\\/tissu-metallise-de-cuivre-pw\\\/?lang=fr\"]}]},{\"@type\":\"ImageObject\",\"inLanguage\":\"de\",\"@id\":\"https:\\\/\\\/ecologa-europe.com\\\/shop\\\/produkt\\\/tissu-metallise-de-cuivre-pw\\\/?lang=fr#primaryimage\",\"url\":\"https:\\\/\\\/ecologa-europe.com\\\/shop\\\/wp-content\\\/uploads\\\/2025\\\/04\\\/kupfer_gewebe.jpg\",\"contentUrl\":\"https:\\\/\\\/ecologa-europe.com\\\/shop\\\/wp-content\\\/uploads\\\/2025\\\/04\\\/kupfer_gewebe.jpg\",\"width\":1772,\"height\":1280},{\"@type\":\"BreadcrumbList\",\"@id\":\"https:\\\/\\\/ecologa-europe.com\\\/shop\\\/produkt\\\/tissu-metallise-de-cuivre-pw\\\/?lang=fr#breadcrumb\",\"itemListElement\":[{\"@type\":\"ListItem\",\"position\":1,\"name\":\"Startseite\",\"item\":\"https:\\\/\\\/ecologa-europe.com\\\/shop\\\/\"},{\"@type\":\"ListItem\",\"position\":2,\"name\":\"Shop\",\"item\":\"https:\\\/\\\/ecologa-europe.com\\\/shop\\\/shop\\\/\"},{\"@type\":\"ListItem\",\"position\":3,\"name\":\"Tissu m\u00e9tallis\u00e9 de cuivre PW\"}]},{\"@type\":\"WebSite\",\"@id\":\"https:\\\/\\\/ecologa-europe.com\\\/shop\\\/#website\",\"url\":\"https:\\\/\\\/ecologa-europe.com\\\/shop\\\/\",\"name\":\"Elektrosmog-Schutz Onlineshop\",\"description\":\"Ecologa Europe\",\"publisher\":{\"@id\":\"https:\\\/\\\/ecologa-europe.com\\\/shop\\\/#organization\"},\"potentialAction\":[{\"@type\":\"SearchAction\",\"target\":{\"@type\":\"EntryPoint\",\"urlTemplate\":\"https:\\\/\\\/ecologa-europe.com\\\/shop\\\/?s={search_term_string}\"},\"query-input\":{\"@type\":\"PropertyValueSpecification\",\"valueRequired\":true,\"valueName\":\"search_term_string\"}}],\"inLanguage\":\"de\"},{\"@type\":\"Organization\",\"@id\":\"https:\\\/\\\/ecologa-europe.com\\\/shop\\\/#organization\",\"name\":\"Elektrosmog-Schutz Onlineshop\",\"url\":\"https:\\\/\\\/ecologa-europe.com\\\/shop\\\/\",\"logo\":{\"@type\":\"ImageObject\",\"inLanguage\":\"de\",\"@id\":\"https:\\\/\\\/ecologa-europe.com\\\/shop\\\/#\\\/schema\\\/logo\\\/image\\\/\",\"url\":\"https:\\\/\\\/ecologa-europe.com\\\/shop\\\/wp-content\\\/uploads\\\/2025\\\/04\\\/vertical-navbar-logo.svg\",\"contentUrl\":\"https:\\\/\\\/ecologa-europe.com\\\/shop\\\/wp-content\\\/uploads\\\/2025\\\/04\\\/vertical-navbar-logo.svg\",\"width\":182,\"height\":70,\"caption\":\"Elektrosmog-Schutz Onlineshop\"},\"image\":{\"@id\":\"https:\\\/\\\/ecologa-europe.com\\\/shop\\\/#\\\/schema\\\/logo\\\/image\\\/\"},\"sameAs\":[\"https:\\\/\\\/www.facebook.com\\\/Ecologa-Europe-GmbH-1604744566252298\\\/\",\"https:\\\/\\\/www.instagram.com\\\/ecologaeurope\\\/\"]}]}<\/script>\n<!-- \/ Yoast SEO plugin. -->","yoast_head_json":{"title":"Tissu m\u00e9tallis\u00e9 de cuivre PW - Elektrosmog-Schutz Onlineshop","description":"Ce tissu contient 49 % de cuivre. Tr\u00e8s bonne performance de blindage jusqu'\u00e0 70 dB, ce tissu est id\u00e9al pour le blindage \u00e9lectromagn\u00e9tique.","robots":{"index":"index","follow":"follow","max-snippet":"max-snippet:-1","max-image-preview":"max-image-preview:large","max-video-preview":"max-video-preview:-1"},"canonical":"https:\/\/ecologa-europe.com\/shop\/produkt\/tissu-metallise-de-cuivre-pw\/","og_locale":"de_DE","og_type":"article","og_title":"Tissu m\u00e9tallis\u00e9 de cuivre PW - Elektrosmog-Schutz Onlineshop","og_description":"Ce tissu contient 49 % de cuivre. Tr\u00e8s bonne performance de blindage jusqu'\u00e0 70 dB, ce tissu est id\u00e9al pour le blindage \u00e9lectromagn\u00e9tique.","og_url":"https:\/\/ecologa-europe.com\/shop\/produkt\/tissu-metallise-de-cuivre-pw\/?lang=fr","og_site_name":"Elektrosmog-Schutz Onlineshop","article_publisher":"https:\/\/www.facebook.com\/Ecologa-Europe-GmbH-1604744566252298\/","article_modified_time":"2025-05-16T10:42:39+00:00","og_image":[{"width":1772,"height":1280,"url":"https:\/\/ecologa-europe.com\/shop\/wp-content\/uploads\/2025\/04\/kupfer_gewebe.jpg","type":"image\/jpeg"}],"twitter_card":"summary_large_image","twitter_misc":{"Gesch\u00e4tzte Lesezeit":"2\u00a0Minuten"},"schema":{"@context":"https:\/\/schema.org","@graph":[{"@type":"WebPage","@id":"https:\/\/ecologa-europe.com\/shop\/produkt\/tissu-metallise-de-cuivre-pw\/?lang=fr","url":"https:\/\/ecologa-europe.com\/shop\/produkt\/tissu-metallise-de-cuivre-pw\/?lang=fr","name":"Tissu m\u00e9tallis\u00e9 de cuivre PW - Elektrosmog-Schutz Onlineshop","isPartOf":{"@id":"https:\/\/ecologa-europe.com\/shop\/#website"},"primaryImageOfPage":{"@id":"https:\/\/ecologa-europe.com\/shop\/produkt\/tissu-metallise-de-cuivre-pw\/?lang=fr#primaryimage"},"image":{"@id":"https:\/\/ecologa-europe.com\/shop\/produkt\/tissu-metallise-de-cuivre-pw\/?lang=fr#primaryimage"},"thumbnailUrl":"https:\/\/ecologa-europe.com\/shop\/wp-content\/uploads\/2025\/04\/kupfer_gewebe.jpg","datePublished":"2025-05-16T10:28:09+00:00","dateModified":"2025-05-16T10:42:39+00:00","description":"Ce tissu contient 49 % de cuivre. Tr\u00e8s bonne performance de blindage jusqu'\u00e0 70 dB, ce tissu est id\u00e9al pour le blindage \u00e9lectromagn\u00e9tique.","breadcrumb":{"@id":"https:\/\/ecologa-europe.com\/shop\/produkt\/tissu-metallise-de-cuivre-pw\/?lang=fr#breadcrumb"},"inLanguage":"de","potentialAction":[{"@type":"ReadAction","target":["https:\/\/ecologa-europe.com\/shop\/produkt\/tissu-metallise-de-cuivre-pw\/?lang=fr"]}]},{"@type":"ImageObject","inLanguage":"de","@id":"https:\/\/ecologa-europe.com\/shop\/produkt\/tissu-metallise-de-cuivre-pw\/?lang=fr#primaryimage","url":"https:\/\/ecologa-europe.com\/shop\/wp-content\/uploads\/2025\/04\/kupfer_gewebe.jpg","contentUrl":"https:\/\/ecologa-europe.com\/shop\/wp-content\/uploads\/2025\/04\/kupfer_gewebe.jpg","width":1772,"height":1280},{"@type":"BreadcrumbList","@id":"https:\/\/ecologa-europe.com\/shop\/produkt\/tissu-metallise-de-cuivre-pw\/?lang=fr#breadcrumb","itemListElement":[{"@type":"ListItem","position":1,"name":"Startseite","item":"https:\/\/ecologa-europe.com\/shop\/"},{"@type":"ListItem","position":2,"name":"Shop","item":"https:\/\/ecologa-europe.com\/shop\/shop\/"},{"@type":"ListItem","position":3,"name":"Tissu m\u00e9tallis\u00e9 de cuivre PW"}]},{"@type":"WebSite","@id":"https:\/\/ecologa-europe.com\/shop\/#website","url":"https:\/\/ecologa-europe.com\/shop\/","name":"Elektrosmog-Schutz Onlineshop","description":"Ecologa Europe","publisher":{"@id":"https:\/\/ecologa-europe.com\/shop\/#organization"},"potentialAction":[{"@type":"SearchAction","target":{"@type":"EntryPoint","urlTemplate":"https:\/\/ecologa-europe.com\/shop\/?s={search_term_string}"},"query-input":{"@type":"PropertyValueSpecification","valueRequired":true,"valueName":"search_term_string"}}],"inLanguage":"de"},{"@type":"Organization","@id":"https:\/\/ecologa-europe.com\/shop\/#organization","name":"Elektrosmog-Schutz Onlineshop","url":"https:\/\/ecologa-europe.com\/shop\/","logo":{"@type":"ImageObject","inLanguage":"de","@id":"https:\/\/ecologa-europe.com\/shop\/#\/schema\/logo\/image\/","url":"https:\/\/ecologa-europe.com\/shop\/wp-content\/uploads\/2025\/04\/vertical-navbar-logo.svg","contentUrl":"https:\/\/ecologa-europe.com\/shop\/wp-content\/uploads\/2025\/04\/vertical-navbar-logo.svg","width":182,"height":70,"caption":"Elektrosmog-Schutz Onlineshop"},"image":{"@id":"https:\/\/ecologa-europe.com\/shop\/#\/schema\/logo\/image\/"},"sameAs":["https:\/\/www.facebook.com\/Ecologa-Europe-GmbH-1604744566252298\/","https:\/\/www.instagram.com\/ecologaeurope\/"]}]}},"_links":{"self":[{"href":"https:\/\/ecologa-europe.com\/shop\/wp-json\/wp\/v2\/product\/7848","targetHints":{"allow":["GET"]}}],"collection":[{"href":"https:\/\/ecologa-europe.com\/shop\/wp-json\/wp\/v2\/product"}],"about":[{"href":"https:\/\/ecologa-europe.com\/shop\/wp-json\/wp\/v2\/types\/product"}],"wp:featuredmedia":[{"embeddable":true,"href":"https:\/\/ecologa-europe.com\/shop\/wp-json\/wp\/v2\/media\/780"}],"wp:attachment":[{"href":"https:\/\/ecologa-europe.com\/shop\/wp-json\/wp\/v2\/media?parent=7848"}],"wp:term":[{"taxonomy":"product_brand","embeddable":true,"href":"https:\/\/ecologa-europe.com\/shop\/wp-json\/wp\/v2\/product_brand?post=7848"},{"taxonomy":"product_cat","embeddable":true,"href":"https:\/\/ecologa-europe.com\/shop\/wp-json\/wp\/v2\/product_cat?post=7848"},{"taxonomy":"product_tag","embeddable":true,"href":"https:\/\/ecologa-europe.com\/shop\/wp-json\/wp\/v2\/product_tag?post=7848"}],"curies":[{"name":"wp","href":"https:\/\/api.w.org\/{rel}","templated":true}]}}