{"id":7851,"date":"2025-05-16T10:28:09","date_gmt":"2025-05-16T10:28:09","guid":{"rendered":"https:\/\/639.pm-domains.de\/?post_type=product&#038;p=7851"},"modified":"2025-05-16T10:42:46","modified_gmt":"2025-05-16T10:42:46","slug":"metallgewebe-cu-sn-rs","status":"publish","type":"product","link":"https:\/\/ecologa-europe.com\/shop\/produkt\/metallgewebe-cu-sn-rs\/","title":{"rendered":"Metallgewebe Cu\/Sn RS"},"content":{"rendered":"<p><strong>Stoffe f\u00fcr die Industrie<\/strong><\/p>\n<p>Technische Textilien, Qualit\u00e4t made in Germany seit \u00fcber 40 Jahren.<\/p>\n<p>Echtes Silber, Kupfer, Nickel und Zinn werden in einem weltweit einzigartigen chemischen Verfahren zur Metallisierung dieser Gewebe verwendet, wobei die nat\u00fcrlichen Eigenschaften der Metalle in textiler und flexibler Form ausgenutzt werden.<br \/>\nDiese vielseitig einsetzbaren Gewebe eignen sich hervorragend als EMV-Abschirmgewebe in verschiedenen technischen Anwendungen.<\/p>\n<p>Leitf\u00e4higes Ripstop-Gewebe aus 100% Polyester, das mit Kupfer und Zinn metallisiert ist. Die Abschirmungsleistung dieses Gewebes erreicht bis zu 87 dB in einem Frequenzbereich von bis zu 26 GHz!<br \/>\nDurch die zus\u00e4tzliche Zinnbeschichtung kann das leitf\u00e4hige Textil verl\u00f6tet werden und erm\u00f6glicht so einen sehr guten Kontakt zu anderen Bauteilen.<br \/>\nSein elektrischer Oberfl\u00e4chenwiderstand erreicht bis zu &lt;0,02 \u03a9\/\u25a1.<br \/>\nIn der Industrie wird es daher f\u00fcr viele technische Anwendungen eingesetzt, bei denen die mechanische Beanspruchung im Vordergrund steht.<br \/>\nAu\u00dferdem, eignet es sich hervorragend f\u00fcr Textildichtungen. Aufgrund seiner extrem hohen Abschirmungsleistung wird der Stoff aber auch f\u00fcr Produkte im Bereich der elektromagnetischen Abschirmung verwendet.<\/p>\n<p>Die Einhaltung von REACH und RoHS ist gew\u00e4hrleistet.<\/p>\n<p><strong>Technische Daten:<\/strong><\/p>\n<p align=\"left\">Breite 133 cm \u00b1 3 cm<br \/>\nRollenl\u00e4nge: durchschnittlich 200 m<br \/>\nTyp: Ripstop<br \/>\nMetallisierung: Kupfer<br \/>\nKettfadendichte: \u2248 580 F\u00e4den\/dm<br \/>\nSchussfadendichte: \u2248 450 F\u00e4den\/dm<br \/>\nAusgangsmaterial: 100% Polyester<br \/>\nZusammensetzung des Materials: (31% PES \/ 65% Cu \/ 4% SN) \u00b1 10%.<br \/>\nElektrischer Oberfl\u00e4chenwiderstand: &lt; 0.02 \u03a9\/\u25a1.<br \/>\nGemessene Frequenz: 0,2 GHz &#8211; 14 GHz.<br \/>\nAbschirmungskapazit\u00e4t (0,2-2 GHz) Durchschnittlich 91 dB.<br \/>\nAbschirmungsf\u00e4higkeit (2-5 GHz) Durchschnittlich 86 dB<br \/>\nAbschirmungsf\u00e4higkeit (5-14 GHz) Durchschnittlich 87 dB.<br \/>\nAbriebfestigkeit : \u2265 12000 Zyklen<br \/>\nGesamtgewicht: 120 g\/m\u00b2 \u00b1 12%.<br \/>\nGesamtdicke: 0,10 mm \u00b1 15%.<br \/>\nTemperaturbereich: &#8211; 30 \u00b0C bis 90 \u00b0C.<br \/>\nLagerung und Handhabung: Gem\u00e4\u00df unseren Pflege- und Handhabungsanweisungen.<br \/>\nKonformit\u00e4t und Zertifizierung: DIN EN ISO 9001:2015, REACH, RoHS<\/p>\n<p><strong>Anwendungen:<\/strong><\/p>\n<p>Elektromagnetische Abschirmung<br \/>\nAbschirmung von R\u00e4umen<br \/>\nMobile EMV-Zelte<br \/>\nTextile Abschirmung von Kabeln<\/p>\n<p><strong>\u00a0<\/strong><\/p>\n<p align=\"left\"><span style=\"font-family: Arial, sans-serif;\"><span style=\"font-size: medium;\">\u00a0<\/span><\/span><\/p>\n","protected":false},"excerpt":{"rendered":"<p>Leitf\u00e4higes Ripstop-Gewebe aus 100% Polyester, das mit Kupfer und Zinn metallisiert ist. Die Abschirmungsleistung dieses Gewebes erreicht bis zu 87 dB in einem Frequenzbereich von bis zu 26 GHz!<br \/>\nDurch die zus\u00e4tzliche Zinnbeschichtung kann das leitf\u00e4hige Textil verl\u00f6tet werden und erm\u00f6glicht so einen sehr guten Kontakt zu anderen Bauteilen.<br \/>\nSein elektrischer Oberfl\u00e4chenwiderstand erreicht bis zu &lt;0,02 \u03a9\/\u25a1.<\/p>\n<p>Gemessene Frequenz: 0,2 GHz &#8211; 14 GHz.<br \/>\nAbschirmungskapazit\u00e4t (0,2-2 GHz) Durchschnittlich 91 dB.<br \/>\nAbschirmungsf\u00e4higkeit (2-5 GHz) Durchschnittlich 86 dB<br \/>\nAbschirmungsf\u00e4higkeit (5-14 GHz) Durchschnittlich 87 dB.<\/p>\n<p><strong>Anwendung:<\/strong><br \/>\nElektromagnetische Abschirmung<br \/>\nAbschirmung von R\u00e4umen<br \/>\nMobile EMV-Zelte<br \/>\nTextile Abschirmung von Kabeln<\/p>\n","protected":false},"featured_media":781,"template":"","meta":{"inline_featured_image":false,"site-sidebar-layout":"default","site-content-layout":"","ast-site-content-layout":"default","site-content-style":"default","site-sidebar-style":"default","ast-global-header-display":"","ast-banner-title-visibility":"","ast-main-header-display":"","ast-hfb-above-header-display":"","ast-hfb-below-header-display":"","ast-hfb-mobile-header-display":"","site-post-title":"","ast-breadcrumbs-content":"","ast-featured-img":"","footer-sml-layout":"","ast-disable-related-posts":"","theme-transparent-header-meta":"","adv-header-id-meta":"","stick-header-meta":"","header-above-stick-meta":"","header-main-stick-meta":"","header-below-stick-meta":"","astra-migrate-meta-layouts":"default","ast-page-background-enabled":"default","ast-page-background-meta":{"desktop":{"background-color":"var(--ast-global-color-5)","background-image":"","background-repeat":"repeat","background-position":"center center","background-size":"auto","background-attachment":"scroll","background-type":"","background-media":"","overlay-type":"","overlay-color":"","overlay-opacity":"","overlay-gradient":""},"tablet":{"background-color":"","background-image":"","background-repeat":"repeat","background-position":"center center","background-size":"auto","background-attachment":"scroll","background-type":"","background-media":"","overlay-type":"","overlay-color":"","overlay-opacity":"","overlay-gradient":""},"mobile":{"background-color":"","background-image":"","background-repeat":"repeat","background-position":"center center","background-size":"auto","background-attachment":"scroll","background-type":"","background-media":"","overlay-type":"","overlay-color":"","overlay-opacity":"","overlay-gradient":""}},"ast-content-background-meta":{"desktop":{"background-color":"var(--ast-global-color-4)","background-image":"","background-repeat":"repeat","background-position":"center center","background-size":"auto","background-attachment":"scroll","background-type":"","background-media":"","overlay-type":"","overlay-color":"","overlay-opacity":"","overlay-gradient":""},"tablet":{"background-color":"var(--ast-global-color-4)","background-image":"","background-repeat":"repeat","background-position":"center center","background-size":"auto","background-attachment":"scroll","background-type":"","background-media":"","overlay-type":"","overlay-color":"","overlay-opacity":"","overlay-gradient":""},"mobile":{"background-color":"var(--ast-global-color-4)","background-image":"","background-repeat":"repeat","background-position":"center center","background-size":"auto","background-attachment":"scroll","background-type":"","background-media":"","overlay-type":"","overlay-color":"","overlay-opacity":"","overlay-gradient":""}}},"product_brand":[],"product_cat":[147,118,157],"product_tag":[109,158,21],"class_list":{"0":"post-7851","1":"product","2":"type-product","3":"status-publish","4":"has-post-thumbnail","6":"product_cat-anfrage","7":"product_cat-emv-anwendungen","8":"product_cat-technische-textile","9":"product_tag-abschirmgewebe","10":"product_tag-emv-abschirmung","11":"product_tag-schutz-vor-5g","12":"product_shipping_class-standardversand","13":"desktop-align-left","14":"tablet-align-left","15":"mobile-align-left","17":"first","18":"instock","19":"taxable","20":"shipping-taxable","21":"product-type-simple"},"yoast_head":"<!-- This site is optimized with the Yoast SEO plugin v27.3 - https:\/\/yoast.com\/product\/yoast-seo-wordpress\/ -->\n<title>Metallgewebe Cu\/Sn RS - Elektrosmog-Schutz Onlineshop<\/title>\n<meta name=\"description\" content=\"Aufgrund seiner extrem hohen Abschirmungsleistung wird der Stoff f\u00fcr Produkte im Bereich der elektromagnetischen Abschirmung verwendet.\" \/>\n<meta name=\"robots\" content=\"index, follow, max-snippet:-1, max-image-preview:large, max-video-preview:-1\" \/>\n<link rel=\"canonical\" href=\"https:\/\/ecologa-europe.com\/shop\/produkt\/metallgewebe-cu-sn-rs\/\" \/>\n<meta property=\"og:locale\" content=\"de_DE\" \/>\n<meta property=\"og:type\" content=\"article\" \/>\n<meta property=\"og:title\" content=\"Metallgewebe Cu\/Sn RS - Elektrosmog-Schutz Onlineshop\" \/>\n<meta property=\"og:description\" content=\"Aufgrund seiner extrem hohen Abschirmungsleistung wird der Stoff f\u00fcr Produkte im Bereich der elektromagnetischen Abschirmung verwendet.\" \/>\n<meta property=\"og:url\" content=\"https:\/\/ecologa-europe.com\/shop\/produkt\/metallgewebe-cu-sn-rs\/\" \/>\n<meta property=\"og:site_name\" content=\"Elektrosmog-Schutz Onlineshop\" \/>\n<meta property=\"article:publisher\" content=\"https:\/\/www.facebook.com\/Ecologa-Europe-GmbH-1604744566252298\/\" \/>\n<meta property=\"article:modified_time\" content=\"2025-05-16T10:42:46+00:00\" \/>\n<meta property=\"og:image\" content=\"https:\/\/ecologa-europe.com\/shop\/wp-content\/uploads\/2025\/04\/metallgewebe-Cu_Sn-RS.jpg\" \/>\n\t<meta property=\"og:image:width\" content=\"1772\" \/>\n\t<meta property=\"og:image:height\" content=\"1280\" \/>\n\t<meta property=\"og:image:type\" content=\"image\/jpeg\" \/>\n<meta name=\"twitter:card\" content=\"summary_large_image\" \/>\n<meta name=\"twitter:label1\" content=\"Gesch\u00e4tzte Lesezeit\" \/>\n\t<meta name=\"twitter:data1\" content=\"2\u00a0Minuten\" \/>\n<script type=\"application\/ld+json\" class=\"yoast-schema-graph\">{\"@context\":\"https:\\\/\\\/schema.org\",\"@graph\":[{\"@type\":\"WebPage\",\"@id\":\"https:\\\/\\\/ecologa-europe.com\\\/shop\\\/produkt\\\/metallgewebe-cu-sn-rs\\\/\",\"url\":\"https:\\\/\\\/ecologa-europe.com\\\/shop\\\/produkt\\\/metallgewebe-cu-sn-rs\\\/\",\"name\":\"Metallgewebe Cu\\\/Sn RS - Elektrosmog-Schutz Onlineshop\",\"isPartOf\":{\"@id\":\"https:\\\/\\\/ecologa-europe.com\\\/shop\\\/#website\"},\"primaryImageOfPage\":{\"@id\":\"https:\\\/\\\/ecologa-europe.com\\\/shop\\\/produkt\\\/metallgewebe-cu-sn-rs\\\/#primaryimage\"},\"image\":{\"@id\":\"https:\\\/\\\/ecologa-europe.com\\\/shop\\\/produkt\\\/metallgewebe-cu-sn-rs\\\/#primaryimage\"},\"thumbnailUrl\":\"https:\\\/\\\/ecologa-europe.com\\\/shop\\\/wp-content\\\/uploads\\\/2025\\\/04\\\/metallgewebe-Cu_Sn-RS.jpg\",\"datePublished\":\"2025-05-16T10:28:09+00:00\",\"dateModified\":\"2025-05-16T10:42:46+00:00\",\"description\":\"Aufgrund seiner extrem hohen Abschirmungsleistung wird der Stoff f\u00fcr Produkte im Bereich der elektromagnetischen Abschirmung verwendet.\",\"breadcrumb\":{\"@id\":\"https:\\\/\\\/ecologa-europe.com\\\/shop\\\/produkt\\\/metallgewebe-cu-sn-rs\\\/#breadcrumb\"},\"inLanguage\":\"de\",\"potentialAction\":[{\"@type\":\"ReadAction\",\"target\":[\"https:\\\/\\\/ecologa-europe.com\\\/shop\\\/produkt\\\/metallgewebe-cu-sn-rs\\\/\"]}]},{\"@type\":\"ImageObject\",\"inLanguage\":\"de\",\"@id\":\"https:\\\/\\\/ecologa-europe.com\\\/shop\\\/produkt\\\/metallgewebe-cu-sn-rs\\\/#primaryimage\",\"url\":\"https:\\\/\\\/ecologa-europe.com\\\/shop\\\/wp-content\\\/uploads\\\/2025\\\/04\\\/metallgewebe-Cu_Sn-RS.jpg\",\"contentUrl\":\"https:\\\/\\\/ecologa-europe.com\\\/shop\\\/wp-content\\\/uploads\\\/2025\\\/04\\\/metallgewebe-Cu_Sn-RS.jpg\",\"width\":1772,\"height\":1280},{\"@type\":\"BreadcrumbList\",\"@id\":\"https:\\\/\\\/ecologa-europe.com\\\/shop\\\/produkt\\\/metallgewebe-cu-sn-rs\\\/#breadcrumb\",\"itemListElement\":[{\"@type\":\"ListItem\",\"position\":1,\"name\":\"Startseite\",\"item\":\"https:\\\/\\\/ecologa-europe.com\\\/shop\\\/\"},{\"@type\":\"ListItem\",\"position\":2,\"name\":\"Shop\",\"item\":\"https:\\\/\\\/ecologa-europe.com\\\/shop\\\/shop\\\/\"},{\"@type\":\"ListItem\",\"position\":3,\"name\":\"Metallgewebe Cu\\\/Sn RS\"}]},{\"@type\":\"WebSite\",\"@id\":\"https:\\\/\\\/ecologa-europe.com\\\/shop\\\/#website\",\"url\":\"https:\\\/\\\/ecologa-europe.com\\\/shop\\\/\",\"name\":\"Elektrosmog-Schutz Onlineshop\",\"description\":\"Ecologa Europe\",\"publisher\":{\"@id\":\"https:\\\/\\\/ecologa-europe.com\\\/shop\\\/#organization\"},\"potentialAction\":[{\"@type\":\"SearchAction\",\"target\":{\"@type\":\"EntryPoint\",\"urlTemplate\":\"https:\\\/\\\/ecologa-europe.com\\\/shop\\\/?s={search_term_string}\"},\"query-input\":{\"@type\":\"PropertyValueSpecification\",\"valueRequired\":true,\"valueName\":\"search_term_string\"}}],\"inLanguage\":\"de\"},{\"@type\":\"Organization\",\"@id\":\"https:\\\/\\\/ecologa-europe.com\\\/shop\\\/#organization\",\"name\":\"Elektrosmog-Schutz Onlineshop\",\"url\":\"https:\\\/\\\/ecologa-europe.com\\\/shop\\\/\",\"logo\":{\"@type\":\"ImageObject\",\"inLanguage\":\"de\",\"@id\":\"https:\\\/\\\/ecologa-europe.com\\\/shop\\\/#\\\/schema\\\/logo\\\/image\\\/\",\"url\":\"https:\\\/\\\/ecologa-europe.com\\\/shop\\\/wp-content\\\/uploads\\\/2025\\\/04\\\/vertical-navbar-logo.svg\",\"contentUrl\":\"https:\\\/\\\/ecologa-europe.com\\\/shop\\\/wp-content\\\/uploads\\\/2025\\\/04\\\/vertical-navbar-logo.svg\",\"width\":182,\"height\":70,\"caption\":\"Elektrosmog-Schutz Onlineshop\"},\"image\":{\"@id\":\"https:\\\/\\\/ecologa-europe.com\\\/shop\\\/#\\\/schema\\\/logo\\\/image\\\/\"},\"sameAs\":[\"https:\\\/\\\/www.facebook.com\\\/Ecologa-Europe-GmbH-1604744566252298\\\/\",\"https:\\\/\\\/www.instagram.com\\\/ecologaeurope\\\/\"]}]}<\/script>\n<!-- \/ Yoast SEO plugin. -->","yoast_head_json":{"title":"Metallgewebe Cu\/Sn RS - Elektrosmog-Schutz Onlineshop","description":"Aufgrund seiner extrem hohen Abschirmungsleistung wird der Stoff f\u00fcr Produkte im Bereich der elektromagnetischen Abschirmung verwendet.","robots":{"index":"index","follow":"follow","max-snippet":"max-snippet:-1","max-image-preview":"max-image-preview:large","max-video-preview":"max-video-preview:-1"},"canonical":"https:\/\/ecologa-europe.com\/shop\/produkt\/metallgewebe-cu-sn-rs\/","og_locale":"de_DE","og_type":"article","og_title":"Metallgewebe Cu\/Sn RS - Elektrosmog-Schutz Onlineshop","og_description":"Aufgrund seiner extrem hohen Abschirmungsleistung wird der Stoff f\u00fcr Produkte im Bereich der elektromagnetischen Abschirmung verwendet.","og_url":"https:\/\/ecologa-europe.com\/shop\/produkt\/metallgewebe-cu-sn-rs\/","og_site_name":"Elektrosmog-Schutz Onlineshop","article_publisher":"https:\/\/www.facebook.com\/Ecologa-Europe-GmbH-1604744566252298\/","article_modified_time":"2025-05-16T10:42:46+00:00","og_image":[{"width":1772,"height":1280,"url":"https:\/\/ecologa-europe.com\/shop\/wp-content\/uploads\/2025\/04\/metallgewebe-Cu_Sn-RS.jpg","type":"image\/jpeg"}],"twitter_card":"summary_large_image","twitter_misc":{"Gesch\u00e4tzte Lesezeit":"2\u00a0Minuten"},"schema":{"@context":"https:\/\/schema.org","@graph":[{"@type":"WebPage","@id":"https:\/\/ecologa-europe.com\/shop\/produkt\/metallgewebe-cu-sn-rs\/","url":"https:\/\/ecologa-europe.com\/shop\/produkt\/metallgewebe-cu-sn-rs\/","name":"Metallgewebe Cu\/Sn RS - Elektrosmog-Schutz Onlineshop","isPartOf":{"@id":"https:\/\/ecologa-europe.com\/shop\/#website"},"primaryImageOfPage":{"@id":"https:\/\/ecologa-europe.com\/shop\/produkt\/metallgewebe-cu-sn-rs\/#primaryimage"},"image":{"@id":"https:\/\/ecologa-europe.com\/shop\/produkt\/metallgewebe-cu-sn-rs\/#primaryimage"},"thumbnailUrl":"https:\/\/ecologa-europe.com\/shop\/wp-content\/uploads\/2025\/04\/metallgewebe-Cu_Sn-RS.jpg","datePublished":"2025-05-16T10:28:09+00:00","dateModified":"2025-05-16T10:42:46+00:00","description":"Aufgrund seiner extrem hohen Abschirmungsleistung wird der Stoff f\u00fcr Produkte im Bereich der elektromagnetischen Abschirmung verwendet.","breadcrumb":{"@id":"https:\/\/ecologa-europe.com\/shop\/produkt\/metallgewebe-cu-sn-rs\/#breadcrumb"},"inLanguage":"de","potentialAction":[{"@type":"ReadAction","target":["https:\/\/ecologa-europe.com\/shop\/produkt\/metallgewebe-cu-sn-rs\/"]}]},{"@type":"ImageObject","inLanguage":"de","@id":"https:\/\/ecologa-europe.com\/shop\/produkt\/metallgewebe-cu-sn-rs\/#primaryimage","url":"https:\/\/ecologa-europe.com\/shop\/wp-content\/uploads\/2025\/04\/metallgewebe-Cu_Sn-RS.jpg","contentUrl":"https:\/\/ecologa-europe.com\/shop\/wp-content\/uploads\/2025\/04\/metallgewebe-Cu_Sn-RS.jpg","width":1772,"height":1280},{"@type":"BreadcrumbList","@id":"https:\/\/ecologa-europe.com\/shop\/produkt\/metallgewebe-cu-sn-rs\/#breadcrumb","itemListElement":[{"@type":"ListItem","position":1,"name":"Startseite","item":"https:\/\/ecologa-europe.com\/shop\/"},{"@type":"ListItem","position":2,"name":"Shop","item":"https:\/\/ecologa-europe.com\/shop\/shop\/"},{"@type":"ListItem","position":3,"name":"Metallgewebe Cu\/Sn RS"}]},{"@type":"WebSite","@id":"https:\/\/ecologa-europe.com\/shop\/#website","url":"https:\/\/ecologa-europe.com\/shop\/","name":"Elektrosmog-Schutz Onlineshop","description":"Ecologa Europe","publisher":{"@id":"https:\/\/ecologa-europe.com\/shop\/#organization"},"potentialAction":[{"@type":"SearchAction","target":{"@type":"EntryPoint","urlTemplate":"https:\/\/ecologa-europe.com\/shop\/?s={search_term_string}"},"query-input":{"@type":"PropertyValueSpecification","valueRequired":true,"valueName":"search_term_string"}}],"inLanguage":"de"},{"@type":"Organization","@id":"https:\/\/ecologa-europe.com\/shop\/#organization","name":"Elektrosmog-Schutz Onlineshop","url":"https:\/\/ecologa-europe.com\/shop\/","logo":{"@type":"ImageObject","inLanguage":"de","@id":"https:\/\/ecologa-europe.com\/shop\/#\/schema\/logo\/image\/","url":"https:\/\/ecologa-europe.com\/shop\/wp-content\/uploads\/2025\/04\/vertical-navbar-logo.svg","contentUrl":"https:\/\/ecologa-europe.com\/shop\/wp-content\/uploads\/2025\/04\/vertical-navbar-logo.svg","width":182,"height":70,"caption":"Elektrosmog-Schutz Onlineshop"},"image":{"@id":"https:\/\/ecologa-europe.com\/shop\/#\/schema\/logo\/image\/"},"sameAs":["https:\/\/www.facebook.com\/Ecologa-Europe-GmbH-1604744566252298\/","https:\/\/www.instagram.com\/ecologaeurope\/"]}]}},"_links":{"self":[{"href":"https:\/\/ecologa-europe.com\/shop\/wp-json\/wp\/v2\/product\/7851","targetHints":{"allow":["GET"]}}],"collection":[{"href":"https:\/\/ecologa-europe.com\/shop\/wp-json\/wp\/v2\/product"}],"about":[{"href":"https:\/\/ecologa-europe.com\/shop\/wp-json\/wp\/v2\/types\/product"}],"wp:featuredmedia":[{"embeddable":true,"href":"https:\/\/ecologa-europe.com\/shop\/wp-json\/wp\/v2\/media\/781"}],"wp:attachment":[{"href":"https:\/\/ecologa-europe.com\/shop\/wp-json\/wp\/v2\/media?parent=7851"}],"wp:term":[{"taxonomy":"product_brand","embeddable":true,"href":"https:\/\/ecologa-europe.com\/shop\/wp-json\/wp\/v2\/product_brand?post=7851"},{"taxonomy":"product_cat","embeddable":true,"href":"https:\/\/ecologa-europe.com\/shop\/wp-json\/wp\/v2\/product_cat?post=7851"},{"taxonomy":"product_tag","embeddable":true,"href":"https:\/\/ecologa-europe.com\/shop\/wp-json\/wp\/v2\/product_tag?post=7851"}],"curies":[{"name":"wp","href":"https:\/\/api.w.org\/{rel}","templated":true}]}}