{"id":7875,"date":"2025-05-16T10:28:36","date_gmt":"2025-05-16T10:28:36","guid":{"rendered":"https:\/\/639.pm-domains.de\/?post_type=product&#038;p=7875"},"modified":"2025-12-30T16:36:26","modified_gmt":"2025-12-30T16:36:26","slug":"abschirm-herren-t-shirt-kurzarm-outlet-b-ware","status":"publish","type":"product","link":"https:\/\/ecologa-europe.com\/shop\/produkt\/abschirm-herren-t-shirt-kurzarm-outlet-b-ware\/","title":{"rendered":"Abschirm-Herren-T-Shirt Kurzarm &#8211; Outlet &#8211; B Ware"},"content":{"rendered":"<p>Die W\u00e4sche, die vor elektromagnetischer Strahlung sch\u00fctzt!<br \/>\nHautfreundlich, waschbest\u00e4ndig und frei von Nanotechnologie.<\/p>\n<p>Ihr professioneller Schutz!<\/p>\n<p>Ob f\u00fcr sportlichen Aktivit\u00e4ten oder f\u00fcr Zuhause, dieses l\u00e4ssige Herrenshirt ist immer der perfekte Begleiter.<br \/>\nDer Kurzarmshirt verf\u00fcgt \u00fcber einen Rundhalsausschnitt und ist angenehm zu tragen.<br \/>\nNicht einlaufvorbehandelt.<\/p>\n<p>Bei dieser Qualit\u00e4t handelt es sich um ein Rechts-Links Jacquard-Gestrick, in einer Kombination aus gek\u00e4mmter Baumwolle und mit Silber beschichtetem Polyamid. Die Beschichtung besteht nicht aus umstrittenem Nanosilber, sondern aus Reinsilber, das die gesamte Polyamidfaser umgibt. Das metallische Silber ist f\u00fcr die Gesundheit des Menschen und f\u00fcr die Natur absolut unsch\u00e4dlich.<br \/>\nDurch den innovativen Aufbau der Stoffkonstruktion und den Einsatz hochwertiger Materialien sch\u00fctzt dieses Gestrick gegen elektromagnetische Strahlung mit einem Wirkungsgrad von bis zu 99%. Dies best\u00e4tigt ein Gutachten von Prof. Pauli von der Universit\u00e4t der Bundeswehr in M\u00fcnchen.<\/p>\n\n<table id=\"tablepress-1\" class=\"tablepress tablepress-id-1\">\n<thead>\n<tr class=\"row-1\">\n\t<td class=\"column-1\"><\/td><th class=\"column-2\">Frequenz \/ Anwendung (MHz)<\/th><th class=\"column-3\">Dezibel (dB*)<\/th><th class=\"column-4\">Prozent (%)<\/th>\n<\/tr>\n<\/thead>\n<tbody class=\"row-striping row-hover\">\n<tr class=\"row-2\">\n\t<td class=\"column-1\">Tetra 450<\/td><td class=\"column-2\">450MHz<\/td><td class=\"column-3\">33dB<\/td><td class=\"column-4\">99,9%<\/td>\n<\/tr>\n<tr class=\"row-3\">\n\t<td class=\"column-1\">LTE 800<\/td><td class=\"column-2\">800MHz<\/td><td class=\"column-3\">31dB<\/td><td class=\"column-4\">99,9%<\/td>\n<\/tr>\n<tr class=\"row-4\">\n\t<td class=\"column-1\">GSM 900<\/td><td class=\"column-2\">900MHz<\/td><td class=\"column-3\">31dB<\/td><td class=\"column-4\">99,9%<\/td>\n<\/tr>\n<tr class=\"row-5\">\n\t<td class=\"column-1\">GSM 1800<\/td><td class=\"column-2\">1800MHz<\/td><td class=\"column-3\">23dB<\/td><td class=\"column-4\">99%<\/td>\n<\/tr>\n<tr class=\"row-6\">\n\t<td class=\"column-1\">DECT 1800<\/td><td class=\"column-2\">1800MHz<\/td><td class=\"column-3\">23dB<\/td><td class=\"column-4\">99%<\/td>\n<\/tr>\n<tr class=\"row-7\">\n\t<td class=\"column-1\">UMTS 2000<\/td><td class=\"column-2\">2000MHz<\/td><td class=\"column-3\">21dB<\/td><td class=\"column-4\">99%<\/td>\n<\/tr>\n<tr class=\"row-8\">\n\t<td class=\"column-1\">WLAN 2400<\/td><td class=\"column-2\">2400MHz<\/td><td class=\"column-3\">21dB<\/td><td class=\"column-4\">90%<\/td>\n<\/tr>\n<tr class=\"row-9\">\n\t<td class=\"column-1\">LTE 2600<\/td><td class=\"column-2\">2600MHz<\/td><td class=\"column-3\">21dB<\/td><td class=\"column-4\">99%<\/td>\n<\/tr>\n<tr class=\"row-10\">\n\t<td class=\"column-1\">WLAN 5800<\/td><td class=\"column-2\">5800MHz<\/td><td class=\"column-3\">15dB<\/td><td class=\"column-4\">90%<\/td>\n<\/tr>\n<\/tbody>\n<\/table>\n<!-- #tablepress-1 from cache -->\n<p>Zusammensetzung: 89% Bio Baumwolle, 9% Polyamid, 2% Silber<br \/>\nFarbe: wei\u00df<\/p>\n<p>Gr\u00f6\u00dfen: 5\/M, 6\/L, 7\/XL, 8\/XXL, 9\/3XXL<\/p>\n\n<table id=\"tablepress-15\" class=\"tablepress tablepress-id-15\">\n<thead>\n<tr class=\"row-1\">\n\t<th class=\"column-1\">Gr\u00f6\u00dfe<\/th><th class=\"column-2\">5<\/th><th class=\"column-3\">6<\/th><th class=\"column-4\">7<\/th><th class=\"column-5\">8<\/th><th class=\"column-6\">9<\/th>\n<\/tr>\n<\/thead>\n<tbody class=\"row-striping row-hover\">\n<tr class=\"row-2\">\n\t<td class=\"column-1\">\u00bd Oberweite<\/td><td class=\"column-2\">47<\/td><td class=\"column-3\">49<\/td><td class=\"column-4\">51<\/td><td class=\"column-5\">54<\/td><td class=\"column-6\">62<\/td>\n<\/tr>\n<tr class=\"row-3\">\n\t<td class=\"column-1\">Ganze L\u00e4nge<\/td><td class=\"column-2\">72<\/td><td class=\"column-3\">74<\/td><td class=\"column-4\">76<\/td><td class=\"column-5\">78<\/td><td class=\"column-6\">79<\/td>\n<\/tr>\n<tr class=\"row-4\">\n\t<td class=\"column-1\">\u00bd Halslochweite (VT + RT)<\/td><td class=\"column-2\">24,5<\/td><td class=\"column-3\">25<\/td><td class=\"column-4\">26<\/td><td class=\"column-5\">27<\/td><td class=\"column-6\">27<\/td>\n<\/tr>\n<tr class=\"row-5\">\n\t<td class=\"column-1\">Halslochtiefe RT<\/td><td class=\"column-2\">2,5<\/td><td class=\"column-3\">2,5<\/td><td class=\"column-4\">2,5<\/td><td class=\"column-5\">2,5<\/td><td class=\"column-6\">3<\/td>\n<\/tr>\n<tr class=\"row-6\">\n\t<td class=\"column-1\">Halslochtiefe VT<\/td><td class=\"column-2\">8,5<\/td><td class=\"column-3\">9<\/td><td class=\"column-4\">9<\/td><td class=\"column-5\">9,5<\/td><td class=\"column-6\">9,5<\/td>\n<\/tr>\n<tr class=\"row-7\">\n\t<td class=\"column-1\">Schulterl\u00e4nge<\/td><td class=\"column-2\">15<\/td><td class=\"column-3\">16<\/td><td class=\"column-4\">16,5<\/td><td class=\"column-5\">17<\/td><td class=\"column-6\">18<\/td>\n<\/tr>\n<tr class=\"row-8\">\n\t<td class=\"column-1\">\u00c4rmell\u00e4nge<\/td><td class=\"column-2\">23,5<\/td><td class=\"column-3\">24<\/td><td class=\"column-4\">24,5<\/td><td class=\"column-5\">25<\/td><td class=\"column-6\">23<\/td>\n<\/tr>\n<tr class=\"row-9\">\n\t<td class=\"column-1\">\u00bd \u00c4rmelsaumweite<\/td><td class=\"column-2\">16,5<\/td><td class=\"column-3\">17<\/td><td class=\"column-4\">17,5<\/td><td class=\"column-5\">18<\/td><td class=\"column-6\">21<\/td>\n<\/tr>\n<tr class=\"row-10\">\n\t<td class=\"column-1\">\u00bd Armlochweite<\/td><td class=\"column-2\">26,5<\/td><td class=\"column-3\">26,5<\/td><td class=\"column-4\">27,5<\/td><td class=\"column-5\">28,5<\/td><td class=\"column-6\">29<\/td>\n<\/tr>\n<\/tbody>\n<\/table>\n<!-- #tablepress-15 from cache -->\n<p>Pflegehinweis:<br \/>\nMit dem passenden Waschmittel waschbar bei 30 Grad im Wollwaschgang.<br \/>\nNicht f\u00fcr den Trockner geeignet. Bei niedriger Temperatur b\u00fcgeln.<\/p>\n","protected":false},"excerpt":{"rendered":"<p><strong>B-Ware mit kleinen Webfehlern in der Textilie<\/strong><\/p>\n<p>Bei der Produktion wurde eine kleine Anzahl von T-Shirts als B-Ware bezeichnet, da der Stoff einige kleine Fehler aufwies.<br \/>\nDa dies keinen Einfluss auf die Abschirmung des Produkts hat, bieten wir sie zu reduzierten Preisen an.<\/p>\n<p>Die W\u00e4sche, die vor elektromagnetischer Strahlung sch\u00fctzt!<\/p>\n<p>Ob f\u00fcr sportlichen Aktivit\u00e4ten oder f\u00fcr Zuhause, dieses l\u00e4ssige Herrenshirt ist immer der perfekte Begleiter.<br \/>\nDer Kurzarmshirt verf\u00fcgt \u00fcber einen Rundhalsausschnitt und ist angenehm zu tragen.<br \/>\nNicht einlaufvorbehandelt.<\/p>\n<ul>\n<li>Zur Abschirmung hochfrequenter elektromagnetischer Wellen<\/li>\n<li><strong>Organic Cotton, kbA (kontrolliert biologischer Anbau)<\/strong><\/li>\n<li>Sehr hochwertige Verarbeitung<\/li>\n<li>Einfach zum Wohlf\u00fchlen!<\/li>\n<li>Antibakteriell, antistatisch und\u00a0 temperaturregulierend.<\/li>\n<\/ul>\n<p>Zusammensetzung: 89% Bio-Baumwolle, 9% Polyamid, 2% Silber<br \/>\nFarbe: wei\u00df<br \/>\nGr\u00f6\u00dfen: 5\/M, 6\/L, 7\/XL, 8\/XXL, 9\/3XXL<\/p>\n","protected":false},"featured_media":397,"template":"","meta":{"inline_featured_image":false,"site-sidebar-layout":"default","site-content-layout":"","ast-site-content-layout":"default","site-content-style":"default","site-sidebar-style":"default","ast-global-header-display":"","ast-banner-title-visibility":"","ast-main-header-display":"","ast-hfb-above-header-display":"","ast-hfb-below-header-display":"","ast-hfb-mobile-header-display":"","site-post-title":"","ast-breadcrumbs-content":"","ast-featured-img":"","footer-sml-layout":"","ast-disable-related-posts":"","theme-transparent-header-meta":"","adv-header-id-meta":"","stick-header-meta":"","header-above-stick-meta":"","header-main-stick-meta":"","header-below-stick-meta":"","astra-migrate-meta-layouts":"default","ast-page-background-enabled":"default","ast-page-background-meta":{"desktop":{"background-color":"var(--ast-global-color-5)","background-image":"","background-repeat":"repeat","background-position":"center center","background-size":"auto","background-attachment":"scroll","background-type":"","background-media":"","overlay-type":"","overlay-color":"","overlay-opacity":"","overlay-gradient":""},"tablet":{"background-color":"","background-image":"","background-repeat":"repeat","background-position":"center center","background-size":"auto","background-attachment":"scroll","background-type":"","background-media":"","overlay-type":"","overlay-color":"","overlay-opacity":"","overlay-gradient":""},"mobile":{"background-color":"","background-image":"","background-repeat":"repeat","background-position":"center center","background-size":"auto","background-attachment":"scroll","background-type":"","background-media":"","overlay-type":"","overlay-color":"","overlay-opacity":"","overlay-gradient":""}},"ast-content-background-meta":{"desktop":{"background-color":"var(--ast-global-color-4)","background-image":"","background-repeat":"repeat","background-position":"center center","background-size":"auto","background-attachment":"scroll","background-type":"","background-media":"","overlay-type":"","overlay-color":"","overlay-opacity":"","overlay-gradient":""},"tablet":{"background-color":"var(--ast-global-color-4)","background-image":"","background-repeat":"repeat","background-position":"center center","background-size":"auto","background-attachment":"scroll","background-type":"","background-media":"","overlay-type":"","overlay-color":"","overlay-opacity":"","overlay-gradient":""},"mobile":{"background-color":"var(--ast-global-color-4)","background-image":"","background-repeat":"repeat","background-position":"center center","background-size":"auto","background-attachment":"scroll","background-type":"","background-media":"","overlay-type":"","overlay-color":"","overlay-opacity":"","overlay-gradient":""}}},"product_brand":[],"product_cat":[159],"product_tag":[19,68,27],"class_list":{"0":"post-7875","1":"product","2":"type-product","3":"status-publish","4":"has-post-thumbnail","6":"product_cat-outlet-wahl-b","7":"product_tag-abschirmkleidung","8":"product_tag-schutz-5g","9":"product_tag-schutzkleidung-elektrosmog","10":"product_shipping_class-standardversand","11":"pa_groesse-5-m","12":"pa_groesse-6-l","13":"pa_groesse-7-xl","14":"pa_groesse-8-xxl","15":"pa_groesse-9-3xl","16":"desktop-align-left","17":"tablet-align-left","18":"mobile-align-left","20":"first","21":"outofstock","22":"sale","23":"taxable","24":"shipping-taxable","25":"purchasable","26":"product-type-variable"},"yoast_head":"<!-- This site is optimized with the Yoast SEO plugin v27.3 - https:\/\/yoast.com\/product\/yoast-seo-wordpress\/ -->\n<title>Abschirm-Herren-T-Shirt Kurzarm - Outlet - B Ware - Elektrosmog-Schutz Onlineshop<\/title>\n<meta name=\"description\" content=\"Der Kurzarmshirt aus Organic Cotton zur Abschirmung hochfrequenter elektromagnetischer Wellen\" \/>\n<meta name=\"robots\" content=\"index, follow, max-snippet:-1, max-image-preview:large, max-video-preview:-1\" \/>\n<link rel=\"canonical\" href=\"https:\/\/ecologa-europe.com\/shop\/produkt\/abschirm-herren-t-shirt-kurzarm-outlet-b-ware\/\" \/>\n<meta property=\"og:locale\" content=\"de_DE\" \/>\n<meta property=\"og:type\" content=\"article\" \/>\n<meta property=\"og:title\" content=\"Abschirm-Herren-T-Shirt Kurzarm - Outlet - B Ware - Elektrosmog-Schutz Onlineshop\" \/>\n<meta property=\"og:description\" content=\"Der Kurzarmshirt aus Organic Cotton zur Abschirmung hochfrequenter elektromagnetischer Wellen\" \/>\n<meta property=\"og:url\" content=\"https:\/\/ecologa-europe.com\/shop\/produkt\/abschirm-herren-t-shirt-kurzarm-outlet-b-ware\/\" \/>\n<meta property=\"og:site_name\" content=\"Elektrosmog-Schutz Onlineshop\" \/>\n<meta property=\"article:publisher\" content=\"https:\/\/www.facebook.com\/Ecologa-Europe-GmbH-1604744566252298\/\" \/>\n<meta property=\"article:modified_time\" content=\"2025-12-30T16:36:26+00:00\" \/>\n<meta property=\"og:image\" content=\"https:\/\/ecologa-europe.com\/shop\/wp-content\/uploads\/2025\/04\/unterwaesche_herren.jpg\" \/>\n\t<meta property=\"og:image:width\" content=\"1772\" \/>\n\t<meta property=\"og:image:height\" content=\"1280\" \/>\n\t<meta property=\"og:image:type\" content=\"image\/jpeg\" \/>\n<meta name=\"twitter:card\" content=\"summary_large_image\" \/>\n<meta name=\"twitter:label1\" content=\"Gesch\u00e4tzte Lesezeit\" \/>\n\t<meta name=\"twitter:data1\" content=\"2\u00a0Minuten\" \/>\n<script type=\"application\/ld+json\" class=\"yoast-schema-graph\">{\"@context\":\"https:\\\/\\\/schema.org\",\"@graph\":[{\"@type\":\"WebPage\",\"@id\":\"https:\\\/\\\/ecologa-europe.com\\\/shop\\\/produkt\\\/abschirm-herren-t-shirt-kurzarm-outlet-b-ware\\\/\",\"url\":\"https:\\\/\\\/ecologa-europe.com\\\/shop\\\/produkt\\\/abschirm-herren-t-shirt-kurzarm-outlet-b-ware\\\/\",\"name\":\"Abschirm-Herren-T-Shirt Kurzarm - Outlet - B Ware - Elektrosmog-Schutz Onlineshop\",\"isPartOf\":{\"@id\":\"https:\\\/\\\/ecologa-europe.com\\\/shop\\\/#website\"},\"primaryImageOfPage\":{\"@id\":\"https:\\\/\\\/ecologa-europe.com\\\/shop\\\/produkt\\\/abschirm-herren-t-shirt-kurzarm-outlet-b-ware\\\/#primaryimage\"},\"image\":{\"@id\":\"https:\\\/\\\/ecologa-europe.com\\\/shop\\\/produkt\\\/abschirm-herren-t-shirt-kurzarm-outlet-b-ware\\\/#primaryimage\"},\"thumbnailUrl\":\"https:\\\/\\\/ecologa-europe.com\\\/shop\\\/wp-content\\\/uploads\\\/2025\\\/04\\\/unterwaesche_herren.jpg\",\"datePublished\":\"2025-05-16T10:28:36+00:00\",\"dateModified\":\"2025-12-30T16:36:26+00:00\",\"description\":\"Der Kurzarmshirt aus Organic Cotton zur Abschirmung hochfrequenter elektromagnetischer Wellen\",\"breadcrumb\":{\"@id\":\"https:\\\/\\\/ecologa-europe.com\\\/shop\\\/produkt\\\/abschirm-herren-t-shirt-kurzarm-outlet-b-ware\\\/#breadcrumb\"},\"inLanguage\":\"de\",\"potentialAction\":[{\"@type\":\"ReadAction\",\"target\":[\"https:\\\/\\\/ecologa-europe.com\\\/shop\\\/produkt\\\/abschirm-herren-t-shirt-kurzarm-outlet-b-ware\\\/\"]}]},{\"@type\":\"ImageObject\",\"inLanguage\":\"de\",\"@id\":\"https:\\\/\\\/ecologa-europe.com\\\/shop\\\/produkt\\\/abschirm-herren-t-shirt-kurzarm-outlet-b-ware\\\/#primaryimage\",\"url\":\"https:\\\/\\\/ecologa-europe.com\\\/shop\\\/wp-content\\\/uploads\\\/2025\\\/04\\\/unterwaesche_herren.jpg\",\"contentUrl\":\"https:\\\/\\\/ecologa-europe.com\\\/shop\\\/wp-content\\\/uploads\\\/2025\\\/04\\\/unterwaesche_herren.jpg\",\"width\":1772,\"height\":1280},{\"@type\":\"BreadcrumbList\",\"@id\":\"https:\\\/\\\/ecologa-europe.com\\\/shop\\\/produkt\\\/abschirm-herren-t-shirt-kurzarm-outlet-b-ware\\\/#breadcrumb\",\"itemListElement\":[{\"@type\":\"ListItem\",\"position\":1,\"name\":\"Startseite\",\"item\":\"https:\\\/\\\/ecologa-europe.com\\\/shop\\\/\"},{\"@type\":\"ListItem\",\"position\":2,\"name\":\"Shop\",\"item\":\"https:\\\/\\\/ecologa-europe.com\\\/shop\\\/shop\\\/\"},{\"@type\":\"ListItem\",\"position\":3,\"name\":\"Abschirm-Herren-T-Shirt Kurzarm &#8211; Outlet &#8211; B Ware\"}]},{\"@type\":\"WebSite\",\"@id\":\"https:\\\/\\\/ecologa-europe.com\\\/shop\\\/#website\",\"url\":\"https:\\\/\\\/ecologa-europe.com\\\/shop\\\/\",\"name\":\"Elektrosmog-Schutz Onlineshop\",\"description\":\"Ecologa Europe\",\"publisher\":{\"@id\":\"https:\\\/\\\/ecologa-europe.com\\\/shop\\\/#organization\"},\"potentialAction\":[{\"@type\":\"SearchAction\",\"target\":{\"@type\":\"EntryPoint\",\"urlTemplate\":\"https:\\\/\\\/ecologa-europe.com\\\/shop\\\/?s={search_term_string}\"},\"query-input\":{\"@type\":\"PropertyValueSpecification\",\"valueRequired\":true,\"valueName\":\"search_term_string\"}}],\"inLanguage\":\"de\"},{\"@type\":\"Organization\",\"@id\":\"https:\\\/\\\/ecologa-europe.com\\\/shop\\\/#organization\",\"name\":\"Elektrosmog-Schutz Onlineshop\",\"url\":\"https:\\\/\\\/ecologa-europe.com\\\/shop\\\/\",\"logo\":{\"@type\":\"ImageObject\",\"inLanguage\":\"de\",\"@id\":\"https:\\\/\\\/ecologa-europe.com\\\/shop\\\/#\\\/schema\\\/logo\\\/image\\\/\",\"url\":\"https:\\\/\\\/ecologa-europe.com\\\/shop\\\/wp-content\\\/uploads\\\/2025\\\/04\\\/vertical-navbar-logo.svg\",\"contentUrl\":\"https:\\\/\\\/ecologa-europe.com\\\/shop\\\/wp-content\\\/uploads\\\/2025\\\/04\\\/vertical-navbar-logo.svg\",\"width\":182,\"height\":70,\"caption\":\"Elektrosmog-Schutz Onlineshop\"},\"image\":{\"@id\":\"https:\\\/\\\/ecologa-europe.com\\\/shop\\\/#\\\/schema\\\/logo\\\/image\\\/\"},\"sameAs\":[\"https:\\\/\\\/www.facebook.com\\\/Ecologa-Europe-GmbH-1604744566252298\\\/\",\"https:\\\/\\\/www.instagram.com\\\/ecologaeurope\\\/\"]}]}<\/script>\n<!-- \/ Yoast SEO plugin. -->","yoast_head_json":{"title":"Abschirm-Herren-T-Shirt Kurzarm - Outlet - B Ware - Elektrosmog-Schutz Onlineshop","description":"Der Kurzarmshirt aus Organic Cotton zur Abschirmung hochfrequenter elektromagnetischer Wellen","robots":{"index":"index","follow":"follow","max-snippet":"max-snippet:-1","max-image-preview":"max-image-preview:large","max-video-preview":"max-video-preview:-1"},"canonical":"https:\/\/ecologa-europe.com\/shop\/produkt\/abschirm-herren-t-shirt-kurzarm-outlet-b-ware\/","og_locale":"de_DE","og_type":"article","og_title":"Abschirm-Herren-T-Shirt Kurzarm - Outlet - B Ware - Elektrosmog-Schutz Onlineshop","og_description":"Der Kurzarmshirt aus Organic Cotton zur Abschirmung hochfrequenter elektromagnetischer Wellen","og_url":"https:\/\/ecologa-europe.com\/shop\/produkt\/abschirm-herren-t-shirt-kurzarm-outlet-b-ware\/","og_site_name":"Elektrosmog-Schutz Onlineshop","article_publisher":"https:\/\/www.facebook.com\/Ecologa-Europe-GmbH-1604744566252298\/","article_modified_time":"2025-12-30T16:36:26+00:00","og_image":[{"width":1772,"height":1280,"url":"https:\/\/ecologa-europe.com\/shop\/wp-content\/uploads\/2025\/04\/unterwaesche_herren.jpg","type":"image\/jpeg"}],"twitter_card":"summary_large_image","twitter_misc":{"Gesch\u00e4tzte Lesezeit":"2\u00a0Minuten"},"schema":{"@context":"https:\/\/schema.org","@graph":[{"@type":"WebPage","@id":"https:\/\/ecologa-europe.com\/shop\/produkt\/abschirm-herren-t-shirt-kurzarm-outlet-b-ware\/","url":"https:\/\/ecologa-europe.com\/shop\/produkt\/abschirm-herren-t-shirt-kurzarm-outlet-b-ware\/","name":"Abschirm-Herren-T-Shirt Kurzarm - Outlet - B Ware - Elektrosmog-Schutz Onlineshop","isPartOf":{"@id":"https:\/\/ecologa-europe.com\/shop\/#website"},"primaryImageOfPage":{"@id":"https:\/\/ecologa-europe.com\/shop\/produkt\/abschirm-herren-t-shirt-kurzarm-outlet-b-ware\/#primaryimage"},"image":{"@id":"https:\/\/ecologa-europe.com\/shop\/produkt\/abschirm-herren-t-shirt-kurzarm-outlet-b-ware\/#primaryimage"},"thumbnailUrl":"https:\/\/ecologa-europe.com\/shop\/wp-content\/uploads\/2025\/04\/unterwaesche_herren.jpg","datePublished":"2025-05-16T10:28:36+00:00","dateModified":"2025-12-30T16:36:26+00:00","description":"Der Kurzarmshirt aus Organic Cotton zur Abschirmung hochfrequenter elektromagnetischer Wellen","breadcrumb":{"@id":"https:\/\/ecologa-europe.com\/shop\/produkt\/abschirm-herren-t-shirt-kurzarm-outlet-b-ware\/#breadcrumb"},"inLanguage":"de","potentialAction":[{"@type":"ReadAction","target":["https:\/\/ecologa-europe.com\/shop\/produkt\/abschirm-herren-t-shirt-kurzarm-outlet-b-ware\/"]}]},{"@type":"ImageObject","inLanguage":"de","@id":"https:\/\/ecologa-europe.com\/shop\/produkt\/abschirm-herren-t-shirt-kurzarm-outlet-b-ware\/#primaryimage","url":"https:\/\/ecologa-europe.com\/shop\/wp-content\/uploads\/2025\/04\/unterwaesche_herren.jpg","contentUrl":"https:\/\/ecologa-europe.com\/shop\/wp-content\/uploads\/2025\/04\/unterwaesche_herren.jpg","width":1772,"height":1280},{"@type":"BreadcrumbList","@id":"https:\/\/ecologa-europe.com\/shop\/produkt\/abschirm-herren-t-shirt-kurzarm-outlet-b-ware\/#breadcrumb","itemListElement":[{"@type":"ListItem","position":1,"name":"Startseite","item":"https:\/\/ecologa-europe.com\/shop\/"},{"@type":"ListItem","position":2,"name":"Shop","item":"https:\/\/ecologa-europe.com\/shop\/shop\/"},{"@type":"ListItem","position":3,"name":"Abschirm-Herren-T-Shirt Kurzarm &#8211; Outlet &#8211; B Ware"}]},{"@type":"WebSite","@id":"https:\/\/ecologa-europe.com\/shop\/#website","url":"https:\/\/ecologa-europe.com\/shop\/","name":"Elektrosmog-Schutz Onlineshop","description":"Ecologa Europe","publisher":{"@id":"https:\/\/ecologa-europe.com\/shop\/#organization"},"potentialAction":[{"@type":"SearchAction","target":{"@type":"EntryPoint","urlTemplate":"https:\/\/ecologa-europe.com\/shop\/?s={search_term_string}"},"query-input":{"@type":"PropertyValueSpecification","valueRequired":true,"valueName":"search_term_string"}}],"inLanguage":"de"},{"@type":"Organization","@id":"https:\/\/ecologa-europe.com\/shop\/#organization","name":"Elektrosmog-Schutz Onlineshop","url":"https:\/\/ecologa-europe.com\/shop\/","logo":{"@type":"ImageObject","inLanguage":"de","@id":"https:\/\/ecologa-europe.com\/shop\/#\/schema\/logo\/image\/","url":"https:\/\/ecologa-europe.com\/shop\/wp-content\/uploads\/2025\/04\/vertical-navbar-logo.svg","contentUrl":"https:\/\/ecologa-europe.com\/shop\/wp-content\/uploads\/2025\/04\/vertical-navbar-logo.svg","width":182,"height":70,"caption":"Elektrosmog-Schutz Onlineshop"},"image":{"@id":"https:\/\/ecologa-europe.com\/shop\/#\/schema\/logo\/image\/"},"sameAs":["https:\/\/www.facebook.com\/Ecologa-Europe-GmbH-1604744566252298\/","https:\/\/www.instagram.com\/ecologaeurope\/"]}]}},"_links":{"self":[{"href":"https:\/\/ecologa-europe.com\/shop\/wp-json\/wp\/v2\/product\/7875","targetHints":{"allow":["GET"]}}],"collection":[{"href":"https:\/\/ecologa-europe.com\/shop\/wp-json\/wp\/v2\/product"}],"about":[{"href":"https:\/\/ecologa-europe.com\/shop\/wp-json\/wp\/v2\/types\/product"}],"wp:featuredmedia":[{"embeddable":true,"href":"https:\/\/ecologa-europe.com\/shop\/wp-json\/wp\/v2\/media\/397"}],"wp:attachment":[{"href":"https:\/\/ecologa-europe.com\/shop\/wp-json\/wp\/v2\/media?parent=7875"}],"wp:term":[{"taxonomy":"product_brand","embeddable":true,"href":"https:\/\/ecologa-europe.com\/shop\/wp-json\/wp\/v2\/product_brand?post=7875"},{"taxonomy":"product_cat","embeddable":true,"href":"https:\/\/ecologa-europe.com\/shop\/wp-json\/wp\/v2\/product_cat?post=7875"},{"taxonomy":"product_tag","embeddable":true,"href":"https:\/\/ecologa-europe.com\/shop\/wp-json\/wp\/v2\/product_tag?post=7875"}],"curies":[{"name":"wp","href":"https:\/\/api.w.org\/{rel}","templated":true}]}}