{"id":7882,"date":"2025-05-16T10:28:36","date_gmt":"2025-05-16T10:28:36","guid":{"rendered":"https:\/\/639.pm-domains.de\/?post_type=product&#038;p=7882"},"modified":"2025-05-16T10:42:51","modified_gmt":"2025-05-16T10:42:51","slug":"t-shirt-blinde-pour-hommes-a-manches-courtes-outlet-choix-b","status":"publish","type":"product","link":"https:\/\/ecologa-europe.com\/shop\/produkt\/t-shirt-blinde-pour-hommes-a-manches-courtes-outlet-choix-b\/?lang=fr","title":{"rendered":"T-shirt blind\u00e9 pour hommes \u00e0 manches courtes &#8211; Outlet &#8211; Choix B"},"content":{"rendered":"<p>Le linge qui prot\u00e8ge des rayonnements \u00e9lectromagn\u00e9tiques !<br \/>\nDoux pour la peau, r\u00e9sistant au lavage et exempt de nanotechnologie.<\/p>\n<p>Votre protection professionnelle !<\/p>\n<p>Que ce soit pour des activit\u00e9s sportives ou \u00e0 la maison, ce t-shirt d\u00e9contract\u00e9 pour homme est toujours le compagnon id\u00e9al.<br \/>\nLe t-shirt \u00e0 manches courtes dispose d&#8217;une encolure ronde et est agr\u00e9able \u00e0 porter.<br \/>\nNon pr\u00e9trait\u00e9 au r\u00e9tr\u00e9cissement.<\/p>\n<p>Cette qualit\u00e9 est un tricot jacquard endroit\/envers, dans une combinaison de coton peign\u00e9 et de polyamide rev\u00eatu d&#8217;argent. Le rev\u00eatement n&#8217;est pas constitu\u00e9 de nano-argent controvers\u00e9, mais d&#8217;argent pur qui entoure toute la fibre de polyamide. L&#8217;argent m\u00e9tallique est absolument inoffensif pour la sant\u00e9 de l&#8217;homme et pour la nature.<br \/>\nGr\u00e2ce \u00e0 la structure innovante du tissu et \u00e0 l&#8217;utilisation de mat\u00e9riaux de haute qualit\u00e9, ce tricot prot\u00e8ge contre les rayonnements \u00e9lectromagn\u00e9tiques avec une efficacit\u00e9 pouvant atteindre 99%. C&#8217;est ce que confirme une expertise du professeur Pauli de l&#8217;Universit\u00e9 de la Bundeswehr \u00e0 Munich.<\/p>\n\n<table id=\"tablepress-18\" class=\"tablepress tablepress-id-18\">\n<thead>\n<tr class=\"row-1\">\n\t<td class=\"column-1\"><\/td><th class=\"column-2\">Frequence \/ Application (MHz)<\/th><th class=\"column-3\">D\u00e9cibel (dB*)<\/th><th class=\"column-4\">Pourcentage (%)<\/th>\n<\/tr>\n<\/thead>\n<tbody class=\"row-striping row-hover\">\n<tr class=\"row-2\">\n\t<td class=\"column-1\">Tetra 450<\/td><td class=\"column-2\">450MHz<\/td><td class=\"column-3\">33dB<\/td><td class=\"column-4\">99,9%<\/td>\n<\/tr>\n<tr class=\"row-3\">\n\t<td class=\"column-1\">LTE 800<\/td><td class=\"column-2\">800MHz<\/td><td class=\"column-3\">31dB<\/td><td class=\"column-4\">99,9%<\/td>\n<\/tr>\n<tr class=\"row-4\">\n\t<td class=\"column-1\">GSM 900<\/td><td class=\"column-2\">900MHz<\/td><td class=\"column-3\">31dB<\/td><td class=\"column-4\">99,9%<\/td>\n<\/tr>\n<tr class=\"row-5\">\n\t<td class=\"column-1\">GSM 1800<\/td><td class=\"column-2\">1800MHz<\/td><td class=\"column-3\">23dB<\/td><td class=\"column-4\">99%<\/td>\n<\/tr>\n<tr class=\"row-6\">\n\t<td class=\"column-1\">DECT 1800<\/td><td class=\"column-2\">1800MHz<\/td><td class=\"column-3\">23dB<\/td><td class=\"column-4\">99%<\/td>\n<\/tr>\n<tr class=\"row-7\">\n\t<td class=\"column-1\">UMTS 2000<\/td><td class=\"column-2\">2000MHz<\/td><td class=\"column-3\">21dB<\/td><td class=\"column-4\">99%<\/td>\n<\/tr>\n<tr class=\"row-8\">\n\t<td class=\"column-1\">WLAN 2400<\/td><td class=\"column-2\">2400MHz<\/td><td class=\"column-3\">21dB<\/td><td class=\"column-4\">90%<\/td>\n<\/tr>\n<tr class=\"row-9\">\n\t<td class=\"column-1\">LTE 2600<\/td><td class=\"column-2\">2600MHz<\/td><td class=\"column-3\">21dB<\/td><td class=\"column-4\">99%<\/td>\n<\/tr>\n<tr class=\"row-10\">\n\t<td class=\"column-1\">WLAN 5800<\/td><td class=\"column-2\">5800MHz<\/td><td class=\"column-3\">15dB<\/td><td class=\"column-4\">90%<\/td>\n<\/tr>\n<\/tbody>\n<\/table>\n<!-- #tablepress-18 from cache -->\n<p>Composition : 89% coton bio, 9% polyamide, 2% argent.<br \/>\nCouleur : blanc<\/p>\n<p>Tailles : 5\/M, 6\/L, 7\/XL, 8\/XXL, 9\/3XXL<\/p>\n\n<table id=\"tablepress-54\" class=\"tablepress tablepress-id-54\">\n<thead>\n<tr class=\"row-1\">\n\t<th class=\"column-1\">Tailles<\/th><th class=\"column-2\">5<\/th><th class=\"column-3\">6<\/th><th class=\"column-4\">7<\/th><th class=\"column-5\">8<\/th><th class=\"column-6\">9<\/th>\n<\/tr>\n<\/thead>\n<tbody class=\"row-striping row-hover\">\n<tr class=\"row-2\">\n\t<td class=\"column-1\">\u00bd largeur de poitrine<\/td><td class=\"column-2\">47<\/td><td class=\"column-3\">49<\/td><td class=\"column-4\">51<\/td><td class=\"column-5\">54<\/td><td class=\"column-6\">62<\/td>\n<\/tr>\n<tr class=\"row-3\">\n\t<td class=\"column-1\">longueur de l'encolure a l'ourlet<\/td><td class=\"column-2\">72<\/td><td class=\"column-3\">74<\/td><td class=\"column-4\">76<\/td><td class=\"column-5\">78<\/td><td class=\"column-6\">79<\/td>\n<\/tr>\n<tr class=\"row-4\">\n\t<td class=\"column-1\">\u00bd  d\u00e9colt\u00e9 (RT + VT)<\/td><td class=\"column-2\">24,5<\/td><td class=\"column-3\">25<\/td><td class=\"column-4\">26<\/td><td class=\"column-5\">27<\/td><td class=\"column-6\">27<\/td>\n<\/tr>\n<tr class=\"row-5\">\n\t<td class=\"column-1\">Profondeur decolt\u00e9 derriere<\/td><td class=\"column-2\">2,5<\/td><td class=\"column-3\">2,5<\/td><td class=\"column-4\">2,5<\/td><td class=\"column-5\">2,5<\/td><td class=\"column-6\">3<\/td>\n<\/tr>\n<tr class=\"row-6\">\n\t<td class=\"column-1\">Profondeur decolt\u00e9 devant<\/td><td class=\"column-2\">8,5<\/td><td class=\"column-3\">9<\/td><td class=\"column-4\">9<\/td><td class=\"column-5\">9,5<\/td><td class=\"column-6\">9,5<\/td>\n<\/tr>\n<tr class=\"row-7\">\n\t<td class=\"column-1\">Longueur d'\u00e9paule<\/td><td class=\"column-2\">15<\/td><td class=\"column-3\">16<\/td><td class=\"column-4\">16,5<\/td><td class=\"column-5\">17<\/td><td class=\"column-6\">18<\/td>\n<\/tr>\n<tr class=\"row-8\">\n\t<td class=\"column-1\">Longueur de manche<\/td><td class=\"column-2\">23,5<\/td><td class=\"column-3\">24<\/td><td class=\"column-4\">24,5<\/td><td class=\"column-5\">25<\/td><td class=\"column-6\">23<\/td>\n<\/tr>\n<tr class=\"row-9\">\n\t<td class=\"column-1\">\u00bd largeur de manche<\/td><td class=\"column-2\">16,5<\/td><td class=\"column-3\">17<\/td><td class=\"column-4\">17,5<\/td><td class=\"column-5\">18<\/td><td class=\"column-6\">21<\/td>\n<\/tr>\n<tr class=\"row-10\">\n\t<td class=\"column-1\">\u00bd largeur ouverture de manche<\/td><td class=\"column-2\">26,5<\/td><td class=\"column-3\">26,5<\/td><td class=\"column-4\">27,5<\/td><td class=\"column-5\">28,5<\/td><td class=\"column-6\">29<\/td>\n<\/tr>\n<\/tbody>\n<\/table>\n\n<p>Conseils d&#8217;entretien :<br \/>\nLavable \u00e0 30 degr\u00e9s en cycle laine avec la lessive adapt\u00e9e.<br \/>\nNe convient pas au s\u00e8che-linge. Repasser \u00e0 basse temp\u00e9rature.<\/p>\n","protected":false},"excerpt":{"rendered":"<p><strong>Marchandise choix B avec petits d\u00e9fauts de tissage dans le textile<\/strong><\/p>\n<p>Lors de la production, un petit nombre de T-shirts a \u00e9t\u00e9 qualifi\u00e9 de marchandise B, car le tissu pr\u00e9sentait quelques petits d\u00e9fauts.<br \/>\nComme cela n&#8217;a pas d&#8217;influence sur le blindage du produit, nous les proposons \u00e0 des prix r\u00e9duits.<\/p>\n<p>Le linge qui prot\u00e8ge des rayonnements \u00e9lectromagn\u00e9tiques !<\/p>\n<p>Que ce soit pour les activit\u00e9s sportives ou pour la maison, ce t-shirt d\u00e9contract\u00e9 pour hommes est toujours le compagnon id\u00e9al.<br \/>\nLe t-shirt \u00e0 manches courtes dispose d&#8217;une encolure ronde et est agr\u00e9able \u00e0 porter.<br \/>\nNon pr\u00e9trait\u00e9 au r\u00e9tr\u00e9cissement.<\/p>\n<ul>\n<li>Pour la protection contre les ondes \u00e9lectromagn\u00e9tiques \u00e0 haute fr\u00e9quence.<\/li>\n<li>Coton organique, kbA (culture biologique contr\u00f4l\u00e9e)<\/li>\n<li>Finition de tr\u00e8s haute qualit\u00e9<\/li>\n<li>Tout simplement pour se sentir bien !<\/li>\n<li>Antibact\u00e9rien, antistatique et thermor\u00e9gulateur.<\/li>\n<\/ul>\n<p>Composition : 89% coton bio, 9% polyamide, 2% argent.<br \/>\nCouleur : blanc<br \/>\nTailles : 5\/M, 6\/L, 7\/XL, 8\/XXL, 9\/3XXL<\/p>\n","protected":false},"featured_media":397,"template":"","meta":{"inline_featured_image":false,"site-sidebar-layout":"default","site-content-layout":"","ast-site-content-layout":"default","site-content-style":"default","site-sidebar-style":"default","ast-global-header-display":"","ast-banner-title-visibility":"","ast-main-header-display":"","ast-hfb-above-header-display":"","ast-hfb-below-header-display":"","ast-hfb-mobile-header-display":"","site-post-title":"","ast-breadcrumbs-content":"","ast-featured-img":"","footer-sml-layout":"","ast-disable-related-posts":"","theme-transparent-header-meta":"","adv-header-id-meta":"","stick-header-meta":"","header-above-stick-meta":"","header-main-stick-meta":"","header-below-stick-meta":"","astra-migrate-meta-layouts":"default","ast-page-background-enabled":"default","ast-page-background-meta":{"desktop":{"background-color":"var(--ast-global-color-5)","background-image":"","background-repeat":"repeat","background-position":"center center","background-size":"auto","background-attachment":"scroll","background-type":"","background-media":"","overlay-type":"","overlay-color":"","overlay-opacity":"","overlay-gradient":""},"tablet":{"background-color":"","background-image":"","background-repeat":"repeat","background-position":"center center","background-size":"auto","background-attachment":"scroll","background-type":"","background-media":"","overlay-type":"","overlay-color":"","overlay-opacity":"","overlay-gradient":""},"mobile":{"background-color":"","background-image":"","background-repeat":"repeat","background-position":"center center","background-size":"auto","background-attachment":"scroll","background-type":"","background-media":"","overlay-type":"","overlay-color":"","overlay-opacity":"","overlay-gradient":""}},"ast-content-background-meta":{"desktop":{"background-color":"var(--ast-global-color-4)","background-image":"","background-repeat":"repeat","background-position":"center center","background-size":"auto","background-attachment":"scroll","background-type":"","background-media":"","overlay-type":"","overlay-color":"","overlay-opacity":"","overlay-gradient":""},"tablet":{"background-color":"var(--ast-global-color-4)","background-image":"","background-repeat":"repeat","background-position":"center center","background-size":"auto","background-attachment":"scroll","background-type":"","background-media":"","overlay-type":"","overlay-color":"","overlay-opacity":"","overlay-gradient":""},"mobile":{"background-color":"var(--ast-global-color-4)","background-image":"","background-repeat":"repeat","background-position":"center center","background-size":"auto","background-attachment":"scroll","background-type":"","background-media":"","overlay-type":"","overlay-color":"","overlay-opacity":"","overlay-gradient":""}}},"product_brand":[],"product_cat":[450],"product_tag":[224,188,189],"class_list":{"0":"post-7882","1":"product","2":"type-product","3":"status-publish","4":"has-post-thumbnail","6":"product_cat-outlet-choix-b","7":"product_tag-protection-5g","8":"product_tag-vetements-de-protection","9":"product_tag-vetements-de-protection-contre-lelectrosmog","10":"product_shipping_class-standardversand","11":"pa_groesse-5-m-2","12":"pa_groesse-6-l-2","13":"pa_groesse-7-xl-2","14":"pa_groesse-8-xxl-2","15":"pa_groesse-9-3xl-2","16":"desktop-align-left","17":"tablet-align-left","18":"mobile-align-left","20":"first","21":"outofstock","22":"sale","23":"taxable","24":"shipping-taxable","25":"purchasable","26":"product-type-variable"},"yoast_head":"<!-- This site is optimized with the Yoast SEO plugin v27.4 - https:\/\/yoast.com\/product\/yoast-seo-wordpress\/ -->\n<title>T-shirt blind\u00e9 pour hommes \u00e0 manches courtes - Outlet - Choix B - Elektrosmog-Schutz Onlineshop<\/title>\n<meta name=\"description\" content=\"Le t-shirt \u00e0 manches courtes en coton organique pour la protection contre les ondes \u00e9lectromagn\u00e9tiques \u00e0 haute fr\u00e9quence\" \/>\n<meta name=\"robots\" content=\"index, follow, max-snippet:-1, max-image-preview:large, max-video-preview:-1\" \/>\n<link rel=\"canonical\" href=\"https:\/\/ecologa-europe.com\/shop\/produkt\/t-shirt-blinde-pour-hommes-a-manches-courtes-outlet-choix-b\/\" \/>\n<meta property=\"og:locale\" content=\"de_DE\" \/>\n<meta property=\"og:type\" content=\"article\" \/>\n<meta property=\"og:title\" content=\"T-shirt blind\u00e9 pour hommes \u00e0 manches courtes - Outlet - Choix B - Elektrosmog-Schutz Onlineshop\" \/>\n<meta property=\"og:description\" content=\"Le t-shirt \u00e0 manches courtes en coton organique pour la protection contre les ondes \u00e9lectromagn\u00e9tiques \u00e0 haute fr\u00e9quence\" \/>\n<meta property=\"og:url\" content=\"https:\/\/ecologa-europe.com\/shop\/produkt\/t-shirt-blinde-pour-hommes-a-manches-courtes-outlet-choix-b\/?lang=fr\" \/>\n<meta property=\"og:site_name\" content=\"Elektrosmog-Schutz Onlineshop\" \/>\n<meta property=\"article:publisher\" content=\"https:\/\/www.facebook.com\/Ecologa-Europe-GmbH-1604744566252298\/\" \/>\n<meta property=\"article:modified_time\" content=\"2025-05-16T10:42:51+00:00\" \/>\n<meta property=\"og:image\" content=\"https:\/\/ecologa-europe.com\/shop\/wp-content\/uploads\/2025\/04\/unterwaesche_herren.jpg\" \/>\n\t<meta property=\"og:image:width\" content=\"1772\" \/>\n\t<meta property=\"og:image:height\" content=\"1280\" \/>\n\t<meta property=\"og:image:type\" content=\"image\/jpeg\" \/>\n<meta name=\"twitter:card\" content=\"summary_large_image\" \/>\n<meta name=\"twitter:label1\" content=\"Gesch\u00e4tzte Lesezeit\" \/>\n\t<meta name=\"twitter:data1\" content=\"1\u00a0Minute\" \/>\n<script type=\"application\/ld+json\" class=\"yoast-schema-graph\">{\"@context\":\"https:\\\/\\\/schema.org\",\"@graph\":[{\"@type\":\"WebPage\",\"@id\":\"https:\\\/\\\/ecologa-europe.com\\\/shop\\\/produkt\\\/t-shirt-blinde-pour-hommes-a-manches-courtes-outlet-choix-b\\\/?lang=fr\",\"url\":\"https:\\\/\\\/ecologa-europe.com\\\/shop\\\/produkt\\\/t-shirt-blinde-pour-hommes-a-manches-courtes-outlet-choix-b\\\/?lang=fr\",\"name\":\"T-shirt blind\u00e9 pour hommes \u00e0 manches courtes - Outlet - Choix B - Elektrosmog-Schutz Onlineshop\",\"isPartOf\":{\"@id\":\"https:\\\/\\\/ecologa-europe.com\\\/shop\\\/#website\"},\"primaryImageOfPage\":{\"@id\":\"https:\\\/\\\/ecologa-europe.com\\\/shop\\\/produkt\\\/t-shirt-blinde-pour-hommes-a-manches-courtes-outlet-choix-b\\\/?lang=fr#primaryimage\"},\"image\":{\"@id\":\"https:\\\/\\\/ecologa-europe.com\\\/shop\\\/produkt\\\/t-shirt-blinde-pour-hommes-a-manches-courtes-outlet-choix-b\\\/?lang=fr#primaryimage\"},\"thumbnailUrl\":\"https:\\\/\\\/ecologa-europe.com\\\/shop\\\/wp-content\\\/uploads\\\/2025\\\/04\\\/unterwaesche_herren.jpg\",\"datePublished\":\"2025-05-16T10:28:36+00:00\",\"dateModified\":\"2025-05-16T10:42:51+00:00\",\"description\":\"Le t-shirt \u00e0 manches courtes en coton organique pour la protection contre les ondes \u00e9lectromagn\u00e9tiques \u00e0 haute fr\u00e9quence\",\"breadcrumb\":{\"@id\":\"https:\\\/\\\/ecologa-europe.com\\\/shop\\\/produkt\\\/t-shirt-blinde-pour-hommes-a-manches-courtes-outlet-choix-b\\\/?lang=fr#breadcrumb\"},\"inLanguage\":\"de\",\"potentialAction\":[{\"@type\":\"ReadAction\",\"target\":[\"https:\\\/\\\/ecologa-europe.com\\\/shop\\\/produkt\\\/t-shirt-blinde-pour-hommes-a-manches-courtes-outlet-choix-b\\\/?lang=fr\"]}]},{\"@type\":\"ImageObject\",\"inLanguage\":\"de\",\"@id\":\"https:\\\/\\\/ecologa-europe.com\\\/shop\\\/produkt\\\/t-shirt-blinde-pour-hommes-a-manches-courtes-outlet-choix-b\\\/?lang=fr#primaryimage\",\"url\":\"https:\\\/\\\/ecologa-europe.com\\\/shop\\\/wp-content\\\/uploads\\\/2025\\\/04\\\/unterwaesche_herren.jpg\",\"contentUrl\":\"https:\\\/\\\/ecologa-europe.com\\\/shop\\\/wp-content\\\/uploads\\\/2025\\\/04\\\/unterwaesche_herren.jpg\",\"width\":1772,\"height\":1280},{\"@type\":\"BreadcrumbList\",\"@id\":\"https:\\\/\\\/ecologa-europe.com\\\/shop\\\/produkt\\\/t-shirt-blinde-pour-hommes-a-manches-courtes-outlet-choix-b\\\/?lang=fr#breadcrumb\",\"itemListElement\":[{\"@type\":\"ListItem\",\"position\":1,\"name\":\"Startseite\",\"item\":\"https:\\\/\\\/ecologa-europe.com\\\/shop\\\/\"},{\"@type\":\"ListItem\",\"position\":2,\"name\":\"Shop\",\"item\":\"https:\\\/\\\/ecologa-europe.com\\\/shop\\\/shop\\\/\"},{\"@type\":\"ListItem\",\"position\":3,\"name\":\"T-shirt blind\u00e9 pour hommes \u00e0 manches courtes &#8211; Outlet &#8211; Choix B\"}]},{\"@type\":\"WebSite\",\"@id\":\"https:\\\/\\\/ecologa-europe.com\\\/shop\\\/#website\",\"url\":\"https:\\\/\\\/ecologa-europe.com\\\/shop\\\/\",\"name\":\"Elektrosmog-Schutz Onlineshop\",\"description\":\"Ecologa Europe\",\"publisher\":{\"@id\":\"https:\\\/\\\/ecologa-europe.com\\\/shop\\\/#organization\"},\"potentialAction\":[{\"@type\":\"SearchAction\",\"target\":{\"@type\":\"EntryPoint\",\"urlTemplate\":\"https:\\\/\\\/ecologa-europe.com\\\/shop\\\/?s={search_term_string}\"},\"query-input\":{\"@type\":\"PropertyValueSpecification\",\"valueRequired\":true,\"valueName\":\"search_term_string\"}}],\"inLanguage\":\"de\"},{\"@type\":\"Organization\",\"@id\":\"https:\\\/\\\/ecologa-europe.com\\\/shop\\\/#organization\",\"name\":\"Elektrosmog-Schutz Onlineshop\",\"url\":\"https:\\\/\\\/ecologa-europe.com\\\/shop\\\/\",\"logo\":{\"@type\":\"ImageObject\",\"inLanguage\":\"de\",\"@id\":\"https:\\\/\\\/ecologa-europe.com\\\/shop\\\/#\\\/schema\\\/logo\\\/image\\\/\",\"url\":\"https:\\\/\\\/ecologa-europe.com\\\/shop\\\/wp-content\\\/uploads\\\/2025\\\/04\\\/vertical-navbar-logo.svg\",\"contentUrl\":\"https:\\\/\\\/ecologa-europe.com\\\/shop\\\/wp-content\\\/uploads\\\/2025\\\/04\\\/vertical-navbar-logo.svg\",\"width\":182,\"height\":70,\"caption\":\"Elektrosmog-Schutz Onlineshop\"},\"image\":{\"@id\":\"https:\\\/\\\/ecologa-europe.com\\\/shop\\\/#\\\/schema\\\/logo\\\/image\\\/\"},\"sameAs\":[\"https:\\\/\\\/www.facebook.com\\\/Ecologa-Europe-GmbH-1604744566252298\\\/\",\"https:\\\/\\\/www.instagram.com\\\/ecologaeurope\\\/\"]}]}<\/script>\n<!-- \/ Yoast SEO plugin. -->","yoast_head_json":{"title":"T-shirt blind\u00e9 pour hommes \u00e0 manches courtes - Outlet - Choix B - Elektrosmog-Schutz Onlineshop","description":"Le t-shirt \u00e0 manches courtes en coton organique pour la protection contre les ondes \u00e9lectromagn\u00e9tiques \u00e0 haute fr\u00e9quence","robots":{"index":"index","follow":"follow","max-snippet":"max-snippet:-1","max-image-preview":"max-image-preview:large","max-video-preview":"max-video-preview:-1"},"canonical":"https:\/\/ecologa-europe.com\/shop\/produkt\/t-shirt-blinde-pour-hommes-a-manches-courtes-outlet-choix-b\/","og_locale":"de_DE","og_type":"article","og_title":"T-shirt blind\u00e9 pour hommes \u00e0 manches courtes - Outlet - Choix B - Elektrosmog-Schutz Onlineshop","og_description":"Le t-shirt \u00e0 manches courtes en coton organique pour la protection contre les ondes \u00e9lectromagn\u00e9tiques \u00e0 haute fr\u00e9quence","og_url":"https:\/\/ecologa-europe.com\/shop\/produkt\/t-shirt-blinde-pour-hommes-a-manches-courtes-outlet-choix-b\/?lang=fr","og_site_name":"Elektrosmog-Schutz Onlineshop","article_publisher":"https:\/\/www.facebook.com\/Ecologa-Europe-GmbH-1604744566252298\/","article_modified_time":"2025-05-16T10:42:51+00:00","og_image":[{"width":1772,"height":1280,"url":"https:\/\/ecologa-europe.com\/shop\/wp-content\/uploads\/2025\/04\/unterwaesche_herren.jpg","type":"image\/jpeg"}],"twitter_card":"summary_large_image","twitter_misc":{"Gesch\u00e4tzte Lesezeit":"1\u00a0Minute"},"schema":{"@context":"https:\/\/schema.org","@graph":[{"@type":"WebPage","@id":"https:\/\/ecologa-europe.com\/shop\/produkt\/t-shirt-blinde-pour-hommes-a-manches-courtes-outlet-choix-b\/?lang=fr","url":"https:\/\/ecologa-europe.com\/shop\/produkt\/t-shirt-blinde-pour-hommes-a-manches-courtes-outlet-choix-b\/?lang=fr","name":"T-shirt blind\u00e9 pour hommes \u00e0 manches courtes - Outlet - Choix B - Elektrosmog-Schutz Onlineshop","isPartOf":{"@id":"https:\/\/ecologa-europe.com\/shop\/#website"},"primaryImageOfPage":{"@id":"https:\/\/ecologa-europe.com\/shop\/produkt\/t-shirt-blinde-pour-hommes-a-manches-courtes-outlet-choix-b\/?lang=fr#primaryimage"},"image":{"@id":"https:\/\/ecologa-europe.com\/shop\/produkt\/t-shirt-blinde-pour-hommes-a-manches-courtes-outlet-choix-b\/?lang=fr#primaryimage"},"thumbnailUrl":"https:\/\/ecologa-europe.com\/shop\/wp-content\/uploads\/2025\/04\/unterwaesche_herren.jpg","datePublished":"2025-05-16T10:28:36+00:00","dateModified":"2025-05-16T10:42:51+00:00","description":"Le t-shirt \u00e0 manches courtes en coton organique pour la protection contre les ondes \u00e9lectromagn\u00e9tiques \u00e0 haute fr\u00e9quence","breadcrumb":{"@id":"https:\/\/ecologa-europe.com\/shop\/produkt\/t-shirt-blinde-pour-hommes-a-manches-courtes-outlet-choix-b\/?lang=fr#breadcrumb"},"inLanguage":"de","potentialAction":[{"@type":"ReadAction","target":["https:\/\/ecologa-europe.com\/shop\/produkt\/t-shirt-blinde-pour-hommes-a-manches-courtes-outlet-choix-b\/?lang=fr"]}]},{"@type":"ImageObject","inLanguage":"de","@id":"https:\/\/ecologa-europe.com\/shop\/produkt\/t-shirt-blinde-pour-hommes-a-manches-courtes-outlet-choix-b\/?lang=fr#primaryimage","url":"https:\/\/ecologa-europe.com\/shop\/wp-content\/uploads\/2025\/04\/unterwaesche_herren.jpg","contentUrl":"https:\/\/ecologa-europe.com\/shop\/wp-content\/uploads\/2025\/04\/unterwaesche_herren.jpg","width":1772,"height":1280},{"@type":"BreadcrumbList","@id":"https:\/\/ecologa-europe.com\/shop\/produkt\/t-shirt-blinde-pour-hommes-a-manches-courtes-outlet-choix-b\/?lang=fr#breadcrumb","itemListElement":[{"@type":"ListItem","position":1,"name":"Startseite","item":"https:\/\/ecologa-europe.com\/shop\/"},{"@type":"ListItem","position":2,"name":"Shop","item":"https:\/\/ecologa-europe.com\/shop\/shop\/"},{"@type":"ListItem","position":3,"name":"T-shirt blind\u00e9 pour hommes \u00e0 manches courtes &#8211; Outlet &#8211; Choix B"}]},{"@type":"WebSite","@id":"https:\/\/ecologa-europe.com\/shop\/#website","url":"https:\/\/ecologa-europe.com\/shop\/","name":"Elektrosmog-Schutz Onlineshop","description":"Ecologa Europe","publisher":{"@id":"https:\/\/ecologa-europe.com\/shop\/#organization"},"potentialAction":[{"@type":"SearchAction","target":{"@type":"EntryPoint","urlTemplate":"https:\/\/ecologa-europe.com\/shop\/?s={search_term_string}"},"query-input":{"@type":"PropertyValueSpecification","valueRequired":true,"valueName":"search_term_string"}}],"inLanguage":"de"},{"@type":"Organization","@id":"https:\/\/ecologa-europe.com\/shop\/#organization","name":"Elektrosmog-Schutz Onlineshop","url":"https:\/\/ecologa-europe.com\/shop\/","logo":{"@type":"ImageObject","inLanguage":"de","@id":"https:\/\/ecologa-europe.com\/shop\/#\/schema\/logo\/image\/","url":"https:\/\/ecologa-europe.com\/shop\/wp-content\/uploads\/2025\/04\/vertical-navbar-logo.svg","contentUrl":"https:\/\/ecologa-europe.com\/shop\/wp-content\/uploads\/2025\/04\/vertical-navbar-logo.svg","width":182,"height":70,"caption":"Elektrosmog-Schutz Onlineshop"},"image":{"@id":"https:\/\/ecologa-europe.com\/shop\/#\/schema\/logo\/image\/"},"sameAs":["https:\/\/www.facebook.com\/Ecologa-Europe-GmbH-1604744566252298\/","https:\/\/www.instagram.com\/ecologaeurope\/"]}]}},"_links":{"self":[{"href":"https:\/\/ecologa-europe.com\/shop\/wp-json\/wp\/v2\/product\/7882","targetHints":{"allow":["GET"]}}],"collection":[{"href":"https:\/\/ecologa-europe.com\/shop\/wp-json\/wp\/v2\/product"}],"about":[{"href":"https:\/\/ecologa-europe.com\/shop\/wp-json\/wp\/v2\/types\/product"}],"wp:featuredmedia":[{"embeddable":true,"href":"https:\/\/ecologa-europe.com\/shop\/wp-json\/wp\/v2\/media\/397"}],"wp:attachment":[{"href":"https:\/\/ecologa-europe.com\/shop\/wp-json\/wp\/v2\/media?parent=7882"}],"wp:term":[{"taxonomy":"product_brand","embeddable":true,"href":"https:\/\/ecologa-europe.com\/shop\/wp-json\/wp\/v2\/product_brand?post=7882"},{"taxonomy":"product_cat","embeddable":true,"href":"https:\/\/ecologa-europe.com\/shop\/wp-json\/wp\/v2\/product_cat?post=7882"},{"taxonomy":"product_tag","embeddable":true,"href":"https:\/\/ecologa-europe.com\/shop\/wp-json\/wp\/v2\/product_tag?post=7882"}],"curies":[{"name":"wp","href":"https:\/\/api.w.org\/{rel}","templated":true}]}}