{"id":7905,"date":"2025-05-16T10:29:03","date_gmt":"2025-05-16T10:29:03","guid":{"rendered":"https:\/\/639.pm-domains.de\/?post_type=product&#038;p=7905"},"modified":"2026-03-05T16:37:12","modified_gmt":"2026-03-05T16:37:12","slug":"t-shirt-schermante-unisex-keno","status":"publish","type":"product","link":"https:\/\/ecologa-europe.com\/shop\/produkt\/t-shirt-schermante-unisex-keno\/?lang=it","title":{"rendered":"T-shirt schermante unisex Keno"},"content":{"rendered":"<p>La maglietta basic perfetta per la schermatura.<\/p>\n<p>La maglietta a maniche lunghe \u00e8 realizzata in puro cotone jersey.<\/p>\n<p>Questo capo ha un taglio oversize che gli conferisce un aspetto casual. Questo look \u00e8 enfatizzato da una cucitura orizzontale nella parte inferiore della schiena.<\/p>\n<p>L&#8217;orlo \u00e8 leggermente arrotondato. Lo scollo rotondo lo rende particolarmente comodo da indossare. Le maniche lunghe sono raglan.<br \/>\nIl nostro nuovo modello androgino \u00e8 disponibile in nero, uno dei colori classici pi\u00f9 utilizzati.<br \/>\nKeno \u00e8 unisex.<\/p>\n<p>Il suo tessuto, un jersey argentato, \u00e8 una combinazione di filato d&#8217;argento puro e cotone. La maglia \u00e8 particolarmente morbida, confortevole ed elastica. Grazie alla sua speciale finitura, ha pi\u00f9 volume di un normale jersey. La percentuale di fili d&#8217;argento \u00e8 di circa il 17%, mentre il contenuto di cotone \u00e8 dell&#8217;83%. Grazie all&#8217;argento incorporato, Keno \u00e8 particolarmente delicato sulla pelle e offre una sensazione di eccezionale morbidezza. \u00c8 garantita la conformit\u00e0 alle norme RoHS e REACH.<\/p>\n<p>Il tessuto \u00e8 inoltre certificato OEKO-TEX\u00ae STANDARD 100. Questa certificazione garantisce che il prodotto \u00e8 privo di sostanze nocive, rendendolo particolarmente delicato per la pelle e sicuro per il contatto con il corpo.<\/p>\n<p>Grazie alla struttura innovativa del tessuto a maglia e all&#8217;uso di materiali di alta qualit\u00e0, questo tessuto a maglia offre una protezione molto efficace contro le radiazioni elettromagnetiche. Il valore medio \u00e8 di 38 dB, che garantisce una protezione del 99,98% nell&#8217;intervallo da 20 kHz a 5 GHz.<\/p>\n<p>Keno \u00e8 prodotto in Germania.<\/p>\n<p>Composizione<br \/>\nTessuto schermante: 83% cotone, 17% poliammide con argento puro al 99%.<br \/>\nColore: nero<br \/>\nTaglie: S, M, L, XL<\/p>\n\n<table id=\"tablepress-99\" class=\"tablepress tablepress-id-99\">\n<thead>\n<tr class=\"row-1\">\n\t<th class=\"column-1\">Gr\u00f6\u00dfe<\/th><th class=\"column-2\">S<\/th><th class=\"column-3\">M<\/th><th class=\"column-4\">L<\/th><th class=\"column-5\">XL<\/th>\n<\/tr>\n<\/thead>\n<tbody class=\"row-striping row-hover\">\n<tr class=\"row-2\">\n\t<td class=\"column-1\">\u00bd Oberweite<\/td><td class=\"column-2\">53<\/td><td class=\"column-3\">56<\/td><td class=\"column-4\">59<\/td><td class=\"column-5\">62<\/td>\n<\/tr>\n<tr class=\"row-3\">\n\t<td class=\"column-1\">L\u00e4nge von Halsnaht bis Saum<\/td><td class=\"column-2\">73<\/td><td class=\"column-3\">76<\/td><td class=\"column-4\">77<\/td><td class=\"column-5\">78<\/td>\n<\/tr>\n<tr class=\"row-4\">\n\t<td class=\"column-1\">Arml\u00e4nge ab Achselh\u00f6hle bis Handgelenk<\/td><td class=\"column-2\">55<\/td><td class=\"column-3\">56<\/td><td class=\"column-4\">58<\/td><td class=\"column-5\">59<\/td>\n<\/tr>\n<tr class=\"row-5\">\n\t<td class=\"column-1\">\u00bd Saumweite<\/td><td class=\"column-2\">52<\/td><td class=\"column-3\">54<\/td><td class=\"column-4\">58<\/td><td class=\"column-5\">61<\/td>\n<\/tr>\n<\/tbody>\n<\/table>\n<!-- #tablepress-99 from cache -->\n<p>Istruzioni per la cura<br \/>\nTemperatura di lavaggio: 30\u00b0C (lavaggio delicato)<br \/>\nTemperatura di stiratura: livello 1 &#8211; stiratura delicata<br \/>\nAsciugatrice: non asciugare in asciugatrice<br \/>\nCandeggio: Non candeggiare &#8211; Non usare detersivi con candeggina.<br \/>\nLavaggio a secco: Nessun lavaggio a secco<\/p>\n","protected":false},"excerpt":{"rendered":"<p>La T-shirt basic perfetta per proteggersi!<\/p>\n<p>Questa T-shirt a maniche lunghe in jersey di puro cotone ha un taglio oversize che le conferisce un look casual.<\/p>\n<p>L&#8217;orlo \u00e8 leggermente arrotondato. Lo scollo rotondo la rende particolarmente comoda da indossare. Le maniche lunghe sono a raglan. Il nostro nuovo modello androgino \u00e8 disponibile in nero.<br \/>\nKeno \u00e8 unisex.<\/p>\n<p>Il suo tessuto, un jersey argentato, \u00e8 una combinazione di filato d&#8217;argento puro e cotone. La maglia \u00e8 particolarmente morbida, confortevole ed elastica. La percentuale di filato d&#8217;argento \u00e8 di circa il 17%, mentre la percentuale di cotone \u00e8 dell&#8217;83%. Il tessuto \u00e8 certificato OEKO-TEX\u00ae STANDARD 100.<\/p>\n<p>Grazie alla struttura innovativa del tessuto a maglia e all&#8217;uso di materiali di alta qualit\u00e0, questo tessuto a maglia offre una protezione molto efficace contro le radiazioni elettromagnetiche. Il valore medio \u00e8 di 38 dB, che garantisce una protezione del 99,98% nell&#8217;intervallo da 20 kHz a 5 GHz.<\/p>\n<p>Keno \u00e8 prodotto in Germania.<\/p>\n<p>Composizione<br \/>\nTessuto schermante: 83% cotone, 17% poliammide con argento puro al 99%.<br \/>\nColore: nero<br \/>\nTaglie: S, M, L, XL<\/p>\n","protected":false},"featured_media":1886,"template":"","meta":{"inline_featured_image":false,"site-sidebar-layout":"default","site-content-layout":"","ast-site-content-layout":"default","site-content-style":"default","site-sidebar-style":"default","ast-global-header-display":"","ast-banner-title-visibility":"","ast-main-header-display":"","ast-hfb-above-header-display":"","ast-hfb-below-header-display":"","ast-hfb-mobile-header-display":"","site-post-title":"","ast-breadcrumbs-content":"","ast-featured-img":"","footer-sml-layout":"","ast-disable-related-posts":"","theme-transparent-header-meta":"default","adv-header-id-meta":"","stick-header-meta":"","header-above-stick-meta":"","header-main-stick-meta":"","header-below-stick-meta":"","astra-migrate-meta-layouts":"default","ast-page-background-enabled":"default","ast-page-background-meta":{"desktop":{"background-color":"var(--ast-global-color-5)","background-image":"","background-repeat":"repeat","background-position":"center center","background-size":"auto","background-attachment":"scroll","background-type":"","background-media":"","overlay-type":"","overlay-color":"","overlay-opacity":"","overlay-gradient":""},"tablet":{"background-color":"","background-image":"","background-repeat":"repeat","background-position":"center center","background-size":"auto","background-attachment":"scroll","background-type":"","background-media":"","overlay-type":"","overlay-color":"","overlay-opacity":"","overlay-gradient":""},"mobile":{"background-color":"","background-image":"","background-repeat":"repeat","background-position":"center center","background-size":"auto","background-attachment":"scroll","background-type":"","background-media":"","overlay-type":"","overlay-color":"","overlay-opacity":"","overlay-gradient":""}},"ast-content-background-meta":{"desktop":{"background-color":"var(--ast-global-color-4)","background-image":"","background-repeat":"repeat","background-position":"center center","background-size":"auto","background-attachment":"scroll","background-type":"","background-media":"","overlay-type":"","overlay-color":"","overlay-opacity":"","overlay-gradient":""},"tablet":{"background-color":"var(--ast-global-color-4)","background-image":"","background-repeat":"repeat","background-position":"center center","background-size":"auto","background-attachment":"scroll","background-type":"","background-media":"","overlay-type":"","overlay-color":"","overlay-opacity":"","overlay-gradient":""},"mobile":{"background-color":"var(--ast-global-color-4)","background-image":"","background-repeat":"repeat","background-position":"center center","background-size":"auto","background-attachment":"scroll","background-type":"","background-media":"","overlay-type":"","overlay-color":"","overlay-opacity":"","overlay-gradient":""}}},"product_brand":[],"product_cat":[190,202,191],"product_tag":[],"class_list":{"0":"post-7905","1":"product","2":"type-product","3":"status-publish","4":"has-post-thumbnail","6":"product_cat-abbigliamento-high-tech","7":"product_cat-donne","8":"product_cat-uomo","9":"product_shipping_class-standardversand","10":"pa_groesse-l-3","11":"pa_groesse-m-4","12":"pa_groesse-s-4","13":"pa_groesse-xl-2","14":"desktop-align-left","15":"tablet-align-left","16":"mobile-align-left","18":"first","19":"instock","20":"taxable","21":"shipping-taxable","22":"purchasable","23":"product-type-variable","24":"has-default-attributes"},"yoast_head":"<!-- This site is optimized with the Yoast SEO plugin v27.4 - https:\/\/yoast.com\/product\/yoast-seo-wordpress\/ -->\n<title>T-shirt schermante unisex Keno - Elektrosmog-Schutz Onlineshop<\/title>\n<meta name=\"description\" content=\"La T-shirt schermante unisex Keno offre un&#039;eccellente protezione dall&#039;elettrosmog grazie al suo tessuto schermante in cotone.\" \/>\n<meta name=\"robots\" content=\"index, follow, max-snippet:-1, max-image-preview:large, max-video-preview:-1\" \/>\n<link rel=\"canonical\" href=\"https:\/\/ecologa-europe.com\/shop\/produkt\/t-shirt-schermante-unisex-keno\/\" \/>\n<meta property=\"og:locale\" content=\"de_DE\" \/>\n<meta property=\"og:type\" content=\"article\" \/>\n<meta property=\"og:title\" content=\"T-shirt schermante unisex Keno - Elektrosmog-Schutz Onlineshop\" \/>\n<meta property=\"og:description\" content=\"La T-shirt schermante unisex Keno offre un&#039;eccellente protezione dall&#039;elettrosmog grazie al suo tessuto schermante in cotone.\" \/>\n<meta property=\"og:url\" content=\"https:\/\/ecologa-europe.com\/shop\/produkt\/t-shirt-schermante-unisex-keno\/?lang=it\" \/>\n<meta property=\"og:site_name\" content=\"Elektrosmog-Schutz Onlineshop\" \/>\n<meta property=\"article:publisher\" content=\"https:\/\/www.facebook.com\/Ecologa-Europe-GmbH-1604744566252298\/\" \/>\n<meta property=\"article:modified_time\" content=\"2026-03-05T16:37:12+00:00\" \/>\n<meta property=\"og:image\" content=\"https:\/\/ecologa-europe.com\/shop\/wp-content\/uploads\/2025\/04\/keno_unisex_1.jpg\" \/>\n\t<meta property=\"og:image:width\" content=\"1200\" \/>\n\t<meta property=\"og:image:height\" content=\"1800\" \/>\n\t<meta property=\"og:image:type\" content=\"image\/jpeg\" \/>\n<meta name=\"twitter:card\" content=\"summary_large_image\" \/>\n<meta name=\"twitter:label1\" content=\"Gesch\u00e4tzte Lesezeit\" \/>\n\t<meta name=\"twitter:data1\" content=\"2\u00a0Minuten\" \/>\n<script type=\"application\/ld+json\" class=\"yoast-schema-graph\">{\"@context\":\"https:\\\/\\\/schema.org\",\"@graph\":[{\"@type\":\"WebPage\",\"@id\":\"https:\\\/\\\/ecologa-europe.com\\\/shop\\\/produkt\\\/t-shirt-schermante-unisex-keno\\\/?lang=it\",\"url\":\"https:\\\/\\\/ecologa-europe.com\\\/shop\\\/produkt\\\/t-shirt-schermante-unisex-keno\\\/?lang=it\",\"name\":\"T-shirt schermante unisex Keno - Elektrosmog-Schutz Onlineshop\",\"isPartOf\":{\"@id\":\"https:\\\/\\\/ecologa-europe.com\\\/shop\\\/#website\"},\"primaryImageOfPage\":{\"@id\":\"https:\\\/\\\/ecologa-europe.com\\\/shop\\\/produkt\\\/t-shirt-schermante-unisex-keno\\\/?lang=it#primaryimage\"},\"image\":{\"@id\":\"https:\\\/\\\/ecologa-europe.com\\\/shop\\\/produkt\\\/t-shirt-schermante-unisex-keno\\\/?lang=it#primaryimage\"},\"thumbnailUrl\":\"https:\\\/\\\/ecologa-europe.com\\\/shop\\\/wp-content\\\/uploads\\\/2025\\\/04\\\/keno_unisex_1.jpg\",\"datePublished\":\"2025-05-16T10:29:03+00:00\",\"dateModified\":\"2026-03-05T16:37:12+00:00\",\"description\":\"La T-shirt schermante unisex Keno offre un'eccellente protezione dall'elettrosmog grazie al suo tessuto schermante in cotone.\",\"breadcrumb\":{\"@id\":\"https:\\\/\\\/ecologa-europe.com\\\/shop\\\/produkt\\\/t-shirt-schermante-unisex-keno\\\/?lang=it#breadcrumb\"},\"inLanguage\":\"de\",\"potentialAction\":[{\"@type\":\"ReadAction\",\"target\":[\"https:\\\/\\\/ecologa-europe.com\\\/shop\\\/produkt\\\/t-shirt-schermante-unisex-keno\\\/?lang=it\"]}]},{\"@type\":\"ImageObject\",\"inLanguage\":\"de\",\"@id\":\"https:\\\/\\\/ecologa-europe.com\\\/shop\\\/produkt\\\/t-shirt-schermante-unisex-keno\\\/?lang=it#primaryimage\",\"url\":\"https:\\\/\\\/ecologa-europe.com\\\/shop\\\/wp-content\\\/uploads\\\/2025\\\/04\\\/keno_unisex_1.jpg\",\"contentUrl\":\"https:\\\/\\\/ecologa-europe.com\\\/shop\\\/wp-content\\\/uploads\\\/2025\\\/04\\\/keno_unisex_1.jpg\",\"width\":1200,\"height\":1800},{\"@type\":\"BreadcrumbList\",\"@id\":\"https:\\\/\\\/ecologa-europe.com\\\/shop\\\/produkt\\\/t-shirt-schermante-unisex-keno\\\/?lang=it#breadcrumb\",\"itemListElement\":[{\"@type\":\"ListItem\",\"position\":1,\"name\":\"Startseite\",\"item\":\"https:\\\/\\\/ecologa-europe.com\\\/shop\\\/\"},{\"@type\":\"ListItem\",\"position\":2,\"name\":\"Shop\",\"item\":\"https:\\\/\\\/ecologa-europe.com\\\/shop\\\/shop\\\/\"},{\"@type\":\"ListItem\",\"position\":3,\"name\":\"T-shirt schermante unisex Keno\"}]},{\"@type\":\"WebSite\",\"@id\":\"https:\\\/\\\/ecologa-europe.com\\\/shop\\\/#website\",\"url\":\"https:\\\/\\\/ecologa-europe.com\\\/shop\\\/\",\"name\":\"Elektrosmog-Schutz Onlineshop\",\"description\":\"Ecologa Europe\",\"publisher\":{\"@id\":\"https:\\\/\\\/ecologa-europe.com\\\/shop\\\/#organization\"},\"potentialAction\":[{\"@type\":\"SearchAction\",\"target\":{\"@type\":\"EntryPoint\",\"urlTemplate\":\"https:\\\/\\\/ecologa-europe.com\\\/shop\\\/?s={search_term_string}\"},\"query-input\":{\"@type\":\"PropertyValueSpecification\",\"valueRequired\":true,\"valueName\":\"search_term_string\"}}],\"inLanguage\":\"de\"},{\"@type\":\"Organization\",\"@id\":\"https:\\\/\\\/ecologa-europe.com\\\/shop\\\/#organization\",\"name\":\"Elektrosmog-Schutz Onlineshop\",\"url\":\"https:\\\/\\\/ecologa-europe.com\\\/shop\\\/\",\"logo\":{\"@type\":\"ImageObject\",\"inLanguage\":\"de\",\"@id\":\"https:\\\/\\\/ecologa-europe.com\\\/shop\\\/#\\\/schema\\\/logo\\\/image\\\/\",\"url\":\"https:\\\/\\\/ecologa-europe.com\\\/shop\\\/wp-content\\\/uploads\\\/2025\\\/04\\\/vertical-navbar-logo.svg\",\"contentUrl\":\"https:\\\/\\\/ecologa-europe.com\\\/shop\\\/wp-content\\\/uploads\\\/2025\\\/04\\\/vertical-navbar-logo.svg\",\"width\":182,\"height\":70,\"caption\":\"Elektrosmog-Schutz Onlineshop\"},\"image\":{\"@id\":\"https:\\\/\\\/ecologa-europe.com\\\/shop\\\/#\\\/schema\\\/logo\\\/image\\\/\"},\"sameAs\":[\"https:\\\/\\\/www.facebook.com\\\/Ecologa-Europe-GmbH-1604744566252298\\\/\",\"https:\\\/\\\/www.instagram.com\\\/ecologaeurope\\\/\"]}]}<\/script>\n<!-- \/ Yoast SEO plugin. -->","yoast_head_json":{"title":"T-shirt schermante unisex Keno - Elektrosmog-Schutz Onlineshop","description":"La T-shirt schermante unisex Keno offre un'eccellente protezione dall'elettrosmog grazie al suo tessuto schermante in cotone.","robots":{"index":"index","follow":"follow","max-snippet":"max-snippet:-1","max-image-preview":"max-image-preview:large","max-video-preview":"max-video-preview:-1"},"canonical":"https:\/\/ecologa-europe.com\/shop\/produkt\/t-shirt-schermante-unisex-keno\/","og_locale":"de_DE","og_type":"article","og_title":"T-shirt schermante unisex Keno - Elektrosmog-Schutz Onlineshop","og_description":"La T-shirt schermante unisex Keno offre un'eccellente protezione dall'elettrosmog grazie al suo tessuto schermante in cotone.","og_url":"https:\/\/ecologa-europe.com\/shop\/produkt\/t-shirt-schermante-unisex-keno\/?lang=it","og_site_name":"Elektrosmog-Schutz Onlineshop","article_publisher":"https:\/\/www.facebook.com\/Ecologa-Europe-GmbH-1604744566252298\/","article_modified_time":"2026-03-05T16:37:12+00:00","og_image":[{"width":1200,"height":1800,"url":"https:\/\/ecologa-europe.com\/shop\/wp-content\/uploads\/2025\/04\/keno_unisex_1.jpg","type":"image\/jpeg"}],"twitter_card":"summary_large_image","twitter_misc":{"Gesch\u00e4tzte Lesezeit":"2\u00a0Minuten"},"schema":{"@context":"https:\/\/schema.org","@graph":[{"@type":"WebPage","@id":"https:\/\/ecologa-europe.com\/shop\/produkt\/t-shirt-schermante-unisex-keno\/?lang=it","url":"https:\/\/ecologa-europe.com\/shop\/produkt\/t-shirt-schermante-unisex-keno\/?lang=it","name":"T-shirt schermante unisex Keno - Elektrosmog-Schutz Onlineshop","isPartOf":{"@id":"https:\/\/ecologa-europe.com\/shop\/#website"},"primaryImageOfPage":{"@id":"https:\/\/ecologa-europe.com\/shop\/produkt\/t-shirt-schermante-unisex-keno\/?lang=it#primaryimage"},"image":{"@id":"https:\/\/ecologa-europe.com\/shop\/produkt\/t-shirt-schermante-unisex-keno\/?lang=it#primaryimage"},"thumbnailUrl":"https:\/\/ecologa-europe.com\/shop\/wp-content\/uploads\/2025\/04\/keno_unisex_1.jpg","datePublished":"2025-05-16T10:29:03+00:00","dateModified":"2026-03-05T16:37:12+00:00","description":"La T-shirt schermante unisex Keno offre un'eccellente protezione dall'elettrosmog grazie al suo tessuto schermante in cotone.","breadcrumb":{"@id":"https:\/\/ecologa-europe.com\/shop\/produkt\/t-shirt-schermante-unisex-keno\/?lang=it#breadcrumb"},"inLanguage":"de","potentialAction":[{"@type":"ReadAction","target":["https:\/\/ecologa-europe.com\/shop\/produkt\/t-shirt-schermante-unisex-keno\/?lang=it"]}]},{"@type":"ImageObject","inLanguage":"de","@id":"https:\/\/ecologa-europe.com\/shop\/produkt\/t-shirt-schermante-unisex-keno\/?lang=it#primaryimage","url":"https:\/\/ecologa-europe.com\/shop\/wp-content\/uploads\/2025\/04\/keno_unisex_1.jpg","contentUrl":"https:\/\/ecologa-europe.com\/shop\/wp-content\/uploads\/2025\/04\/keno_unisex_1.jpg","width":1200,"height":1800},{"@type":"BreadcrumbList","@id":"https:\/\/ecologa-europe.com\/shop\/produkt\/t-shirt-schermante-unisex-keno\/?lang=it#breadcrumb","itemListElement":[{"@type":"ListItem","position":1,"name":"Startseite","item":"https:\/\/ecologa-europe.com\/shop\/"},{"@type":"ListItem","position":2,"name":"Shop","item":"https:\/\/ecologa-europe.com\/shop\/shop\/"},{"@type":"ListItem","position":3,"name":"T-shirt schermante unisex Keno"}]},{"@type":"WebSite","@id":"https:\/\/ecologa-europe.com\/shop\/#website","url":"https:\/\/ecologa-europe.com\/shop\/","name":"Elektrosmog-Schutz Onlineshop","description":"Ecologa Europe","publisher":{"@id":"https:\/\/ecologa-europe.com\/shop\/#organization"},"potentialAction":[{"@type":"SearchAction","target":{"@type":"EntryPoint","urlTemplate":"https:\/\/ecologa-europe.com\/shop\/?s={search_term_string}"},"query-input":{"@type":"PropertyValueSpecification","valueRequired":true,"valueName":"search_term_string"}}],"inLanguage":"de"},{"@type":"Organization","@id":"https:\/\/ecologa-europe.com\/shop\/#organization","name":"Elektrosmog-Schutz Onlineshop","url":"https:\/\/ecologa-europe.com\/shop\/","logo":{"@type":"ImageObject","inLanguage":"de","@id":"https:\/\/ecologa-europe.com\/shop\/#\/schema\/logo\/image\/","url":"https:\/\/ecologa-europe.com\/shop\/wp-content\/uploads\/2025\/04\/vertical-navbar-logo.svg","contentUrl":"https:\/\/ecologa-europe.com\/shop\/wp-content\/uploads\/2025\/04\/vertical-navbar-logo.svg","width":182,"height":70,"caption":"Elektrosmog-Schutz Onlineshop"},"image":{"@id":"https:\/\/ecologa-europe.com\/shop\/#\/schema\/logo\/image\/"},"sameAs":["https:\/\/www.facebook.com\/Ecologa-Europe-GmbH-1604744566252298\/","https:\/\/www.instagram.com\/ecologaeurope\/"]}]}},"_links":{"self":[{"href":"https:\/\/ecologa-europe.com\/shop\/wp-json\/wp\/v2\/product\/7905","targetHints":{"allow":["GET"]}}],"collection":[{"href":"https:\/\/ecologa-europe.com\/shop\/wp-json\/wp\/v2\/product"}],"about":[{"href":"https:\/\/ecologa-europe.com\/shop\/wp-json\/wp\/v2\/types\/product"}],"wp:featuredmedia":[{"embeddable":true,"href":"https:\/\/ecologa-europe.com\/shop\/wp-json\/wp\/v2\/media\/1886"}],"wp:attachment":[{"href":"https:\/\/ecologa-europe.com\/shop\/wp-json\/wp\/v2\/media?parent=7905"}],"wp:term":[{"taxonomy":"product_brand","embeddable":true,"href":"https:\/\/ecologa-europe.com\/shop\/wp-json\/wp\/v2\/product_brand?post=7905"},{"taxonomy":"product_cat","embeddable":true,"href":"https:\/\/ecologa-europe.com\/shop\/wp-json\/wp\/v2\/product_cat?post=7905"},{"taxonomy":"product_tag","embeddable":true,"href":"https:\/\/ecologa-europe.com\/shop\/wp-json\/wp\/v2\/product_tag?post=7905"}],"curies":[{"name":"wp","href":"https:\/\/api.w.org\/{rel}","templated":true}]}}