{"id":7919,"date":"2025-05-16T10:29:06","date_gmt":"2025-05-16T10:29:06","guid":{"rendered":"https:\/\/639.pm-domains.de\/?post_type=product&#038;p=7919"},"modified":"2025-12-16T13:34:08","modified_gmt":"2025-12-16T13:34:08","slug":"baldachinunterlage-hochfrequenz-niederfrequenz","status":"publish","type":"product","link":"https:\/\/ecologa-europe.com\/shop\/produkt\/baldachinunterlage-hochfrequenz-niederfrequenz\/","title":{"rendered":"Baldachinunterlage Hochfrequenz \/ Niederfrequenz"},"content":{"rendered":"<p><b>Baldachinunterlage geeignet f\u00fcr alle unsere Ecologa-Baldachine.<\/b><\/p>\n<p>Zur gro\u00dffl\u00e4chigen Abschirmung hochfrequenter elektromagnetischer Wellen, niederfrequenter elektrischer Wechselfelder und statischer Ladungen<br \/>\nF\u00fcr 5G Frequenzen geeignet<\/p>\n<p>Diese Matte ist ideal f\u00fcr den Fall, dass Sie sich sowohl vor hochfrequenten als auch vor niederfrequenten Wellen sch\u00fctzen m\u00fcssen.<br \/>\nNiederfrequente elektrische Felder sind tats\u00e4chlich \u00fcberall zu finden. In jedem elektrischen Ger\u00e4t oder jeder Stromleitung, die unter Spannung steht, gibt es ein niederfrequentes elektrisches Feld, auch wenn kein Strom flie\u00dft.<br \/>\nWenn Strom durch das Ger\u00e4t oder die Leitung flie\u00dft, wird auch ein niederfrequentes Magnetfeld erzeugt.<\/p>\n<p>Niederfrequente elektrische Felder sollten daher vermieden werden, vor allem in der N\u00e4he des Bettes.<br \/>\nDie Auswirkungen auf die Zellen des lebenden Organismus sind h\u00e4ufig eine Ver\u00e4nderung der Zellspannung\/des Membranpotentials, was zu einer massiven Beeintr\u00e4chtigung der Zellfunktion f\u00fchrt.<br \/>\nAndererseits werden niederfrequente elektrische Felder \u00fcber den K\u00f6rper und Metalloberfl\u00e4chen \u00fcbertragen, weshalb der gesamte K\u00f6rper betroffen ist, auch wenn nur ein kleiner Teil des K\u00f6rpers exponiert ist.<br \/>\nNiederfrequente elektrische Felder k\u00f6nnen jedoch sehr leicht \u00fcber die Erde\/das Potenzial abgeleitet werden und k\u00f6nnen so vollst\u00e4ndig neutralisiert werden.<\/p>\n<p>Die Matte wird aus einem Gewebe mit einer ungew\u00f6hnlich hohen und richtungsunabh\u00e4ngigen Abschirmungsd\u00e4mpfung gefertigt.<br \/>\nEingewebte Filamente aus rostfreiem Stahl sch\u00fctzen das Textil vor mechanischen Einwirkungen und Korrosion und erh\u00f6hen die Waschbest\u00e4ndigkeit.<\/p>\n<p>Die Matte wird mit einem Erdungsset geliefert.<br \/>\nSie muss mit dem Erdpotenzial verbunden werden!<\/p>\n<p>Damit die Erdung richtig funktioniert, ist es wichtig, dass das Erdpotenzial des Hauses geeignet ist, um die Ausbreitung des Feldes zu verhindern.<br \/>\nDiese Bodenmatte wird unter dem Bett direkt auf den Boden gelegt.<br \/>\nWir empfehlen, einen d\u00fcnnen Teppich darauf zu legen, um sie vor mechanischen Einfl\u00fcssen zu sch\u00fctzen.<\/p>\n<p><b>Beschreibung:<\/b><br \/>\nEinzelbett 2,20 m x 1,10 m<br \/>\nDoppelbett 2,20 m x 2,20 m<br \/>\nAndere Gr\u00f6\u00dfen auf Anfrage !<\/p>\n<p><b>Technische Daten:<\/b><br \/>\nMaterial: 92 % Polyester, 8% Edelstahl<br \/>\nFarbe: hellgrau<br \/>\nPr\u00fcfnormen: MIL-STD 285, NSA 65-6<br \/>\nSchirmd\u00e4mpfung: max. 42 dB (99,99 %)<br \/>\nStandard OEKO-TEX 100<br \/>\nHergestellt in Deutschland<\/p>\n<p><b>Pflegehinweise:<\/b><br \/>\nDas Material kann mit 30\u00b0C im Schonwaschgang gewaschen werden. Das Gewebe darf jedoch nicht geschleudert oder maschinell getrocknet werden.<br \/>\nZu hohe Mechanik k\u00f6nnte zu Fadenbr\u00fcchen f\u00fchren.<br \/>\nKEINE aggressive Reinigungsmittel oder Chlor!<\/p>\n","protected":false},"excerpt":{"rendered":"<p><strong>Baldachinunterlage geeignet f\u00fcr alle unsere Ecologa-Baldachine.<\/strong><\/p>\n<p>Zur gro\u00dffl\u00e4chigen Abschirmung hochfrequenter elektromagnetischer Wellen, niederfrequenter elektrischer Wechselfelder und statischer Ladungen<br \/>\nF\u00fcr 5G Frequenzen geeignet<\/p>\n<p>Diese Matte ist ideal f\u00fcr den Fall, dass Sie sich sowohl vor hochfrequenten als auch vor niederfrequenten Wellen sch\u00fctzen m\u00fcssen.<br \/>\nNiederfrequente elektrische Felder sind tats\u00e4chlich \u00fcberall zu finden. In jedem elektrischen Ger\u00e4t oder jeder Stromleitung, die unter Spannung steht, gibt es ein niederfrequentes elektrisches Feld, auch wenn kein Strom flie\u00dft.<\/p>\n<p>Niederfrequente elektrische Felder sollten daher vermieden werden, vor allem in der N\u00e4he des Bettes.<\/p>\n<p>Niederfrequente elektrische Felder k\u00f6nnen jedoch sehr leicht \u00fcber die Erde\/das Potenzial abgeleitet werden und k\u00f6nnen so vollst\u00e4ndig neutralisiert werden.<\/p>\n<p>Die Matte wird mit einem Erdungsset geliefert.<br \/>\nSie muss mit dem Erdpotenzial verbunden werden!<\/p>\n<p>Einzelbett 2,20 m x 1,10 m<br \/>\nDoppelbett 2,20 m x 2,20 m<br \/>\nAndere Gr\u00f6\u00dfen auf Anfrage !<\/p>\n<p>Schirmd\u00e4mpfung: max. 42 dB (99,99 %)<br \/>\nStandard OEKO-TEX 100<br \/>\nHergestellt in Deutschland<\/p>\n","protected":false},"featured_media":803,"template":"","meta":{"inline_featured_image":false,"site-sidebar-layout":"default","site-content-layout":"","ast-site-content-layout":"default","site-content-style":"default","site-sidebar-style":"default","ast-global-header-display":"","ast-banner-title-visibility":"","ast-main-header-display":"","ast-hfb-above-header-display":"","ast-hfb-below-header-display":"","ast-hfb-mobile-header-display":"","site-post-title":"","ast-breadcrumbs-content":"","ast-featured-img":"","footer-sml-layout":"","ast-disable-related-posts":"","theme-transparent-header-meta":"default","adv-header-id-meta":"","stick-header-meta":"","header-above-stick-meta":"","header-main-stick-meta":"","header-below-stick-meta":"","astra-migrate-meta-layouts":"set","ast-page-background-enabled":"default","ast-page-background-meta":{"desktop":{"background-color":"var(--ast-global-color-5)","background-image":"","background-repeat":"repeat","background-position":"center center","background-size":"auto","background-attachment":"scroll","background-type":"","background-media":"","overlay-type":"","overlay-color":"","overlay-opacity":"","overlay-gradient":""},"tablet":{"background-color":"","background-image":"","background-repeat":"repeat","background-position":"center center","background-size":"auto","background-attachment":"scroll","background-type":"","background-media":"","overlay-type":"","overlay-color":"","overlay-opacity":"","overlay-gradient":""},"mobile":{"background-color":"","background-image":"","background-repeat":"repeat","background-position":"center center","background-size":"auto","background-attachment":"scroll","background-type":"","background-media":"","overlay-type":"","overlay-color":"","overlay-opacity":"","overlay-gradient":""}},"ast-content-background-meta":{"desktop":{"background-color":"var(--ast-global-color-4)","background-image":"","background-repeat":"repeat","background-position":"center center","background-size":"auto","background-attachment":"scroll","background-type":"","background-media":"","overlay-type":"","overlay-color":"","overlay-opacity":"","overlay-gradient":""},"tablet":{"background-color":"var(--ast-global-color-4)","background-image":"","background-repeat":"repeat","background-position":"center center","background-size":"auto","background-attachment":"scroll","background-type":"","background-media":"","overlay-type":"","overlay-color":"","overlay-opacity":"","overlay-gradient":""},"mobile":{"background-color":"var(--ast-global-color-4)","background-image":"","background-repeat":"repeat","background-position":"center center","background-size":"auto","background-attachment":"scroll","background-type":"","background-media":"","overlay-type":"","overlay-color":"","overlay-opacity":"","overlay-gradient":""}}},"product_brand":[],"product_cat":[50,637,636,129,131],"product_tag":[137,21,33],"class_list":{"0":"post-7919","1":"product","2":"type-product","3":"status-publish","4":"has-post-thumbnail","6":"product_cat-abschirm-baldachine","7":"product_cat-abschirmbaldachine-doppelbett","8":"product_cat-abschirmbaldachine-einzelbett","9":"product_cat-abschirmbaldachine-standard","10":"product_cat-erdungszubehoer-fuer-baldachine","11":"product_tag-gesunder-schlaf","12":"product_tag-schutz-vor-5g","13":"product_tag-schutz-vor-elektrosmog","14":"product_shipping_class-standardversand","15":"pa_groesse-doppelbett","16":"pa_groesse-einzelbett","17":"desktop-align-left","18":"tablet-align-left","19":"mobile-align-left","21":"first","22":"instock","23":"taxable","24":"shipping-taxable","25":"purchasable","26":"product-type-variable"},"yoast_head":"<!-- This site is optimized with the Yoast SEO plugin v27.3 - https:\/\/yoast.com\/product\/yoast-seo-wordpress\/ -->\n<title>Baldachinunterlage Hochfrequenz \/ Niederfrequenz - Elektrosmog-Schutz Onlineshop<\/title>\n<meta name=\"description\" content=\"Baldachinunterlage zur gro\u00dffl\u00e4chigen Abschirmung hochfrequenter elektromagnetischer Wellen, niederfrequenter elektrischer Wechselfelder und statischer Ladungen\" \/>\n<meta name=\"robots\" content=\"index, follow, max-snippet:-1, max-image-preview:large, max-video-preview:-1\" \/>\n<link rel=\"canonical\" href=\"https:\/\/ecologa-europe.com\/shop\/produkt\/baldachinunterlage-hochfrequenz-niederfrequenz\/\" \/>\n<meta property=\"og:locale\" content=\"de_DE\" \/>\n<meta property=\"og:type\" content=\"article\" \/>\n<meta property=\"og:title\" content=\"Baldachinunterlage Hochfrequenz \/ Niederfrequenz - Elektrosmog-Schutz Onlineshop\" \/>\n<meta property=\"og:description\" content=\"Baldachinunterlage zur gro\u00dffl\u00e4chigen Abschirmung hochfrequenter elektromagnetischer Wellen, niederfrequenter elektrischer Wechselfelder und statischer Ladungen\" \/>\n<meta property=\"og:url\" content=\"https:\/\/ecologa-europe.com\/shop\/produkt\/baldachinunterlage-hochfrequenz-niederfrequenz\/\" \/>\n<meta property=\"og:site_name\" content=\"Elektrosmog-Schutz Onlineshop\" \/>\n<meta property=\"article:publisher\" content=\"https:\/\/www.facebook.com\/Ecologa-Europe-GmbH-1604744566252298\/\" \/>\n<meta property=\"article:modified_time\" content=\"2025-12-16T13:34:08+00:00\" \/>\n<meta property=\"og:image\" content=\"https:\/\/ecologa-europe.com\/shop\/wp-content\/uploads\/2025\/04\/baldachinunterlage_nf_hft-.jpg\" \/>\n\t<meta property=\"og:image:width\" content=\"1772\" \/>\n\t<meta property=\"og:image:height\" content=\"1280\" \/>\n\t<meta property=\"og:image:type\" content=\"image\/jpeg\" \/>\n<meta name=\"twitter:card\" content=\"summary_large_image\" \/>\n<meta name=\"twitter:label1\" content=\"Gesch\u00e4tzte Lesezeit\" \/>\n\t<meta name=\"twitter:data1\" content=\"3\u00a0Minuten\" \/>\n<script type=\"application\/ld+json\" class=\"yoast-schema-graph\">{\"@context\":\"https:\\\/\\\/schema.org\",\"@graph\":[{\"@type\":\"WebPage\",\"@id\":\"https:\\\/\\\/ecologa-europe.com\\\/shop\\\/produkt\\\/baldachinunterlage-hochfrequenz-niederfrequenz\\\/\",\"url\":\"https:\\\/\\\/ecologa-europe.com\\\/shop\\\/produkt\\\/baldachinunterlage-hochfrequenz-niederfrequenz\\\/\",\"name\":\"Baldachinunterlage Hochfrequenz \\\/ Niederfrequenz - Elektrosmog-Schutz Onlineshop\",\"isPartOf\":{\"@id\":\"https:\\\/\\\/ecologa-europe.com\\\/shop\\\/#website\"},\"primaryImageOfPage\":{\"@id\":\"https:\\\/\\\/ecologa-europe.com\\\/shop\\\/produkt\\\/baldachinunterlage-hochfrequenz-niederfrequenz\\\/#primaryimage\"},\"image\":{\"@id\":\"https:\\\/\\\/ecologa-europe.com\\\/shop\\\/produkt\\\/baldachinunterlage-hochfrequenz-niederfrequenz\\\/#primaryimage\"},\"thumbnailUrl\":\"https:\\\/\\\/ecologa-europe.com\\\/shop\\\/wp-content\\\/uploads\\\/2025\\\/04\\\/baldachinunterlage_nf_hft-.jpg\",\"datePublished\":\"2025-05-16T10:29:06+00:00\",\"dateModified\":\"2025-12-16T13:34:08+00:00\",\"description\":\"Baldachinunterlage zur gro\u00dffl\u00e4chigen Abschirmung hochfrequenter elektromagnetischer Wellen, niederfrequenter elektrischer Wechselfelder und statischer Ladungen\",\"breadcrumb\":{\"@id\":\"https:\\\/\\\/ecologa-europe.com\\\/shop\\\/produkt\\\/baldachinunterlage-hochfrequenz-niederfrequenz\\\/#breadcrumb\"},\"inLanguage\":\"de\",\"potentialAction\":[{\"@type\":\"ReadAction\",\"target\":[\"https:\\\/\\\/ecologa-europe.com\\\/shop\\\/produkt\\\/baldachinunterlage-hochfrequenz-niederfrequenz\\\/\"]}]},{\"@type\":\"ImageObject\",\"inLanguage\":\"de\",\"@id\":\"https:\\\/\\\/ecologa-europe.com\\\/shop\\\/produkt\\\/baldachinunterlage-hochfrequenz-niederfrequenz\\\/#primaryimage\",\"url\":\"https:\\\/\\\/ecologa-europe.com\\\/shop\\\/wp-content\\\/uploads\\\/2025\\\/04\\\/baldachinunterlage_nf_hft-.jpg\",\"contentUrl\":\"https:\\\/\\\/ecologa-europe.com\\\/shop\\\/wp-content\\\/uploads\\\/2025\\\/04\\\/baldachinunterlage_nf_hft-.jpg\",\"width\":1772,\"height\":1280},{\"@type\":\"BreadcrumbList\",\"@id\":\"https:\\\/\\\/ecologa-europe.com\\\/shop\\\/produkt\\\/baldachinunterlage-hochfrequenz-niederfrequenz\\\/#breadcrumb\",\"itemListElement\":[{\"@type\":\"ListItem\",\"position\":1,\"name\":\"Startseite\",\"item\":\"https:\\\/\\\/ecologa-europe.com\\\/shop\\\/\"},{\"@type\":\"ListItem\",\"position\":2,\"name\":\"Shop\",\"item\":\"https:\\\/\\\/ecologa-europe.com\\\/shop\\\/shop\\\/\"},{\"@type\":\"ListItem\",\"position\":3,\"name\":\"Baldachinunterlage Hochfrequenz \\\/ Niederfrequenz\"}]},{\"@type\":\"WebSite\",\"@id\":\"https:\\\/\\\/ecologa-europe.com\\\/shop\\\/#website\",\"url\":\"https:\\\/\\\/ecologa-europe.com\\\/shop\\\/\",\"name\":\"Elektrosmog-Schutz Onlineshop\",\"description\":\"Ecologa Europe\",\"publisher\":{\"@id\":\"https:\\\/\\\/ecologa-europe.com\\\/shop\\\/#organization\"},\"potentialAction\":[{\"@type\":\"SearchAction\",\"target\":{\"@type\":\"EntryPoint\",\"urlTemplate\":\"https:\\\/\\\/ecologa-europe.com\\\/shop\\\/?s={search_term_string}\"},\"query-input\":{\"@type\":\"PropertyValueSpecification\",\"valueRequired\":true,\"valueName\":\"search_term_string\"}}],\"inLanguage\":\"de\"},{\"@type\":\"Organization\",\"@id\":\"https:\\\/\\\/ecologa-europe.com\\\/shop\\\/#organization\",\"name\":\"Elektrosmog-Schutz Onlineshop\",\"url\":\"https:\\\/\\\/ecologa-europe.com\\\/shop\\\/\",\"logo\":{\"@type\":\"ImageObject\",\"inLanguage\":\"de\",\"@id\":\"https:\\\/\\\/ecologa-europe.com\\\/shop\\\/#\\\/schema\\\/logo\\\/image\\\/\",\"url\":\"https:\\\/\\\/ecologa-europe.com\\\/shop\\\/wp-content\\\/uploads\\\/2025\\\/04\\\/vertical-navbar-logo.svg\",\"contentUrl\":\"https:\\\/\\\/ecologa-europe.com\\\/shop\\\/wp-content\\\/uploads\\\/2025\\\/04\\\/vertical-navbar-logo.svg\",\"width\":182,\"height\":70,\"caption\":\"Elektrosmog-Schutz Onlineshop\"},\"image\":{\"@id\":\"https:\\\/\\\/ecologa-europe.com\\\/shop\\\/#\\\/schema\\\/logo\\\/image\\\/\"},\"sameAs\":[\"https:\\\/\\\/www.facebook.com\\\/Ecologa-Europe-GmbH-1604744566252298\\\/\",\"https:\\\/\\\/www.instagram.com\\\/ecologaeurope\\\/\"]}]}<\/script>\n<!-- \/ Yoast SEO plugin. -->","yoast_head_json":{"title":"Baldachinunterlage Hochfrequenz \/ Niederfrequenz - Elektrosmog-Schutz Onlineshop","description":"Baldachinunterlage zur gro\u00dffl\u00e4chigen Abschirmung hochfrequenter elektromagnetischer Wellen, niederfrequenter elektrischer Wechselfelder und statischer Ladungen","robots":{"index":"index","follow":"follow","max-snippet":"max-snippet:-1","max-image-preview":"max-image-preview:large","max-video-preview":"max-video-preview:-1"},"canonical":"https:\/\/ecologa-europe.com\/shop\/produkt\/baldachinunterlage-hochfrequenz-niederfrequenz\/","og_locale":"de_DE","og_type":"article","og_title":"Baldachinunterlage Hochfrequenz \/ Niederfrequenz - Elektrosmog-Schutz Onlineshop","og_description":"Baldachinunterlage zur gro\u00dffl\u00e4chigen Abschirmung hochfrequenter elektromagnetischer Wellen, niederfrequenter elektrischer Wechselfelder und statischer Ladungen","og_url":"https:\/\/ecologa-europe.com\/shop\/produkt\/baldachinunterlage-hochfrequenz-niederfrequenz\/","og_site_name":"Elektrosmog-Schutz Onlineshop","article_publisher":"https:\/\/www.facebook.com\/Ecologa-Europe-GmbH-1604744566252298\/","article_modified_time":"2025-12-16T13:34:08+00:00","og_image":[{"width":1772,"height":1280,"url":"https:\/\/ecologa-europe.com\/shop\/wp-content\/uploads\/2025\/04\/baldachinunterlage_nf_hft-.jpg","type":"image\/jpeg"}],"twitter_card":"summary_large_image","twitter_misc":{"Gesch\u00e4tzte Lesezeit":"3\u00a0Minuten"},"schema":{"@context":"https:\/\/schema.org","@graph":[{"@type":"WebPage","@id":"https:\/\/ecologa-europe.com\/shop\/produkt\/baldachinunterlage-hochfrequenz-niederfrequenz\/","url":"https:\/\/ecologa-europe.com\/shop\/produkt\/baldachinunterlage-hochfrequenz-niederfrequenz\/","name":"Baldachinunterlage Hochfrequenz \/ Niederfrequenz - Elektrosmog-Schutz Onlineshop","isPartOf":{"@id":"https:\/\/ecologa-europe.com\/shop\/#website"},"primaryImageOfPage":{"@id":"https:\/\/ecologa-europe.com\/shop\/produkt\/baldachinunterlage-hochfrequenz-niederfrequenz\/#primaryimage"},"image":{"@id":"https:\/\/ecologa-europe.com\/shop\/produkt\/baldachinunterlage-hochfrequenz-niederfrequenz\/#primaryimage"},"thumbnailUrl":"https:\/\/ecologa-europe.com\/shop\/wp-content\/uploads\/2025\/04\/baldachinunterlage_nf_hft-.jpg","datePublished":"2025-05-16T10:29:06+00:00","dateModified":"2025-12-16T13:34:08+00:00","description":"Baldachinunterlage zur gro\u00dffl\u00e4chigen Abschirmung hochfrequenter elektromagnetischer Wellen, niederfrequenter elektrischer Wechselfelder und statischer Ladungen","breadcrumb":{"@id":"https:\/\/ecologa-europe.com\/shop\/produkt\/baldachinunterlage-hochfrequenz-niederfrequenz\/#breadcrumb"},"inLanguage":"de","potentialAction":[{"@type":"ReadAction","target":["https:\/\/ecologa-europe.com\/shop\/produkt\/baldachinunterlage-hochfrequenz-niederfrequenz\/"]}]},{"@type":"ImageObject","inLanguage":"de","@id":"https:\/\/ecologa-europe.com\/shop\/produkt\/baldachinunterlage-hochfrequenz-niederfrequenz\/#primaryimage","url":"https:\/\/ecologa-europe.com\/shop\/wp-content\/uploads\/2025\/04\/baldachinunterlage_nf_hft-.jpg","contentUrl":"https:\/\/ecologa-europe.com\/shop\/wp-content\/uploads\/2025\/04\/baldachinunterlage_nf_hft-.jpg","width":1772,"height":1280},{"@type":"BreadcrumbList","@id":"https:\/\/ecologa-europe.com\/shop\/produkt\/baldachinunterlage-hochfrequenz-niederfrequenz\/#breadcrumb","itemListElement":[{"@type":"ListItem","position":1,"name":"Startseite","item":"https:\/\/ecologa-europe.com\/shop\/"},{"@type":"ListItem","position":2,"name":"Shop","item":"https:\/\/ecologa-europe.com\/shop\/shop\/"},{"@type":"ListItem","position":3,"name":"Baldachinunterlage Hochfrequenz \/ Niederfrequenz"}]},{"@type":"WebSite","@id":"https:\/\/ecologa-europe.com\/shop\/#website","url":"https:\/\/ecologa-europe.com\/shop\/","name":"Elektrosmog-Schutz Onlineshop","description":"Ecologa Europe","publisher":{"@id":"https:\/\/ecologa-europe.com\/shop\/#organization"},"potentialAction":[{"@type":"SearchAction","target":{"@type":"EntryPoint","urlTemplate":"https:\/\/ecologa-europe.com\/shop\/?s={search_term_string}"},"query-input":{"@type":"PropertyValueSpecification","valueRequired":true,"valueName":"search_term_string"}}],"inLanguage":"de"},{"@type":"Organization","@id":"https:\/\/ecologa-europe.com\/shop\/#organization","name":"Elektrosmog-Schutz Onlineshop","url":"https:\/\/ecologa-europe.com\/shop\/","logo":{"@type":"ImageObject","inLanguage":"de","@id":"https:\/\/ecologa-europe.com\/shop\/#\/schema\/logo\/image\/","url":"https:\/\/ecologa-europe.com\/shop\/wp-content\/uploads\/2025\/04\/vertical-navbar-logo.svg","contentUrl":"https:\/\/ecologa-europe.com\/shop\/wp-content\/uploads\/2025\/04\/vertical-navbar-logo.svg","width":182,"height":70,"caption":"Elektrosmog-Schutz Onlineshop"},"image":{"@id":"https:\/\/ecologa-europe.com\/shop\/#\/schema\/logo\/image\/"},"sameAs":["https:\/\/www.facebook.com\/Ecologa-Europe-GmbH-1604744566252298\/","https:\/\/www.instagram.com\/ecologaeurope\/"]}]}},"_links":{"self":[{"href":"https:\/\/ecologa-europe.com\/shop\/wp-json\/wp\/v2\/product\/7919","targetHints":{"allow":["GET"]}}],"collection":[{"href":"https:\/\/ecologa-europe.com\/shop\/wp-json\/wp\/v2\/product"}],"about":[{"href":"https:\/\/ecologa-europe.com\/shop\/wp-json\/wp\/v2\/types\/product"}],"wp:featuredmedia":[{"embeddable":true,"href":"https:\/\/ecologa-europe.com\/shop\/wp-json\/wp\/v2\/media\/803"}],"wp:attachment":[{"href":"https:\/\/ecologa-europe.com\/shop\/wp-json\/wp\/v2\/media?parent=7919"}],"wp:term":[{"taxonomy":"product_brand","embeddable":true,"href":"https:\/\/ecologa-europe.com\/shop\/wp-json\/wp\/v2\/product_brand?post=7919"},{"taxonomy":"product_cat","embeddable":true,"href":"https:\/\/ecologa-europe.com\/shop\/wp-json\/wp\/v2\/product_cat?post=7919"},{"taxonomy":"product_tag","embeddable":true,"href":"https:\/\/ecologa-europe.com\/shop\/wp-json\/wp\/v2\/product_tag?post=7919"}],"curies":[{"name":"wp","href":"https:\/\/api.w.org\/{rel}","templated":true}]}}