{"id":7933,"date":"2025-05-16T10:29:31","date_gmt":"2025-05-16T10:29:31","guid":{"rendered":"https:\/\/639.pm-domains.de\/?post_type=product&#038;p=7933"},"modified":"2025-12-20T00:56:01","modified_gmt":"2025-12-20T00:56:01","slug":"casquette-ballon-blindee-raya","status":"publish","type":"product","link":"https:\/\/ecologa-europe.com\/shop\/produkt\/casquette-ballon-blindee-raya\/?lang=fr","title":{"rendered":"Casquette ballon blind\u00e9e Raya"},"content":{"rendered":"<p>La casquette ballon Raya est un v\u00e9ritable accroche-regards. Le design de l&#8217;ancienne  Newsboy Cap s&#8217;est aujourd&#8217;hui adapt\u00e9 \u00e0 la mode et a su s&#8217;imposer comme un accessoire indispensable dans l&#8217;univers du streetwear.<br \/>\nCette casquette \u00e0 ballon en imitation cuir lui donne un aspect \u00e9l\u00e9gant. Le ballon g\u00e9n\u00e9reux tombe l\u00e9g\u00e8rement sur la nuque. Elle est \u00e9quip\u00e9e d\u2018une bande elastique qui lui permet de s\u2018adapter a plusieures tailles.<\/p>\n<p>La protection contre les hautes fr\u00e9quences est assur\u00e9e par sa doublure interm\u00e9diaire en Polyester, dont la construction avec des fils de cuivre argent\u00e9s dans la chaine et dans la trame, apporte un blindage exceptionnellement \u00e9lev\u00e9 et ind\u00e9pendant de la direction.<\/p>\n<p>La casquette dispose \u00e9galement d\u2018une doublure en filet en polyester de facon a ce que le tissu de blindage ne touche pas directement la tete.<\/p>\n\n<table id=\"tablepress-26\" class=\"tablepress tablepress-id-26\">\n<thead>\n<tr class=\"row-1\">\n\t<td class=\"column-1\"><\/td><th class=\"column-2\">Fr\u00e9quence \/Application (MHz)<\/th><th class=\"column-3\">D\u00e9cibel (dB)<\/th><th class=\"column-4\">Pourcentage (%)<\/th>\n<\/tr>\n<\/thead>\n<tbody class=\"row-striping row-hover\">\n<tr class=\"row-2\">\n\t<td class=\"column-1\">Tetra 450<\/td><td class=\"column-2\">450MHz<\/td><td class=\"column-3\">30dB<\/td><td class=\"column-4\">99,9%<\/td>\n<\/tr>\n<tr class=\"row-3\">\n\t<td class=\"column-1\">LTE 800<\/td><td class=\"column-2\">800MHz<\/td><td class=\"column-3\">40dB<\/td><td class=\"column-4\">99,99%<\/td>\n<\/tr>\n<tr class=\"row-4\">\n\t<td class=\"column-1\">GSM 900<\/td><td class=\"column-2\">900MHz<\/td><td class=\"column-3\">40dB<\/td><td class=\"column-4\">99,99%<\/td>\n<\/tr>\n<tr class=\"row-5\">\n\t<td class=\"column-1\">GSM 1800<\/td><td class=\"column-2\">1800MHz<\/td><td class=\"column-3\">30dB<\/td><td class=\"column-4\">99,9%<\/td>\n<\/tr>\n<tr class=\"row-6\">\n\t<td class=\"column-1\">DECT 1800<\/td><td class=\"column-2\">1800MHz<\/td><td class=\"column-3\">30dB<\/td><td class=\"column-4\">99,9%<\/td>\n<\/tr>\n<tr class=\"row-7\">\n\t<td class=\"column-1\">UMTS 2000<\/td><td class=\"column-2\">2000MHz<\/td><td class=\"column-3\">30dB<\/td><td class=\"column-4\">99,9%<\/td>\n<\/tr>\n<tr class=\"row-8\">\n\t<td class=\"column-1\">WLAN 2400<\/td><td class=\"column-2\">2400MHz<\/td><td class=\"column-3\">20dB<\/td><td class=\"column-4\">99%<\/td>\n<\/tr>\n<tr class=\"row-9\">\n\t<td class=\"column-1\">LTE 2600<\/td><td class=\"column-2\">2600MHz<\/td><td class=\"column-3\">20dB<\/td><td class=\"column-4\">99%<\/td>\n<\/tr>\n<tr class=\"row-10\">\n\t<td class=\"column-1\">WLAN 5800<\/td><td class=\"column-2\">5800MHz<\/td><td class=\"column-3\">20dB<\/td><td class=\"column-4\">99%<\/td>\n<\/tr>\n<\/tbody>\n<\/table>\n<!-- #tablepress-26 from cache -->\n<p>Fabriqu\u00e9 en Allemagne<\/p>\n<p>Donn\u00e9es techniques<br \/>\nTaille unique<br \/>\nCouleur: bleu fonc\u00e9<br \/>\nTissu ext\u00e9rieur : similicuir<br \/>\nDoublure interm\u00e9diaire de blindage: Polyester 90%, 10% metal<br \/>\nDoublure en filet: polyester <\/p>\n","protected":false},"excerpt":{"rendered":"<p>La casquette ballon Raya est un v\u00e9ritable accroche-regard. La casquette \u00e0 ballon en similicuir lui conf\u00e8re une allure \u00e9l\u00e9gante. Le ballon g\u00e9n\u00e9reux tombe l\u00e9g\u00e8rement sur la nuque. La casquette est \u00e9quip\u00e9e d&#8217;une bande \u00e9lastique, ce qui permet de l&#8217;adapter \u00e0 diff\u00e9rentes tailles.<\/p>\n<p>Pour la protection contre les ondes \u00e9lectromagn\u00e9tiques \u00e0 haute fr\u00e9quence.<br \/>\nFinition de tr\u00e8s haute qualit\u00e9<br \/>\nGrand confort de port<br \/>\nMat\u00e9riau sup\u00e9rieur : cuir synth\u00e9tique<br \/>\nDoublure interm\u00e9diaire de blindage : polyester 90%, 10% m\u00e9tal<br \/>\nDoublure en maille : polyester<br \/>\nTaille : Taille unique<br \/>\nCouleur : bleu fonc\u00e9<br \/>\nAtt\u00e9nuation du blindage : ~40 dB de 500 MHz \u00e0 6 GHz<\/p>\n","protected":false},"featured_media":1903,"template":"","meta":{"inline_featured_image":false,"site-sidebar-layout":"default","site-content-layout":"","ast-site-content-layout":"default","site-content-style":"default","site-sidebar-style":"default","ast-global-header-display":"","ast-banner-title-visibility":"","ast-main-header-display":"","ast-hfb-above-header-display":"","ast-hfb-below-header-display":"","ast-hfb-mobile-header-display":"","site-post-title":"","ast-breadcrumbs-content":"","ast-featured-img":"","footer-sml-layout":"","ast-disable-related-posts":"","theme-transparent-header-meta":"default","adv-header-id-meta":"","stick-header-meta":"","header-above-stick-meta":"","header-main-stick-meta":"","header-below-stick-meta":"","astra-migrate-meta-layouts":"default","ast-page-background-enabled":"default","ast-page-background-meta":{"desktop":{"background-color":"var(--ast-global-color-5)","background-image":"","background-repeat":"repeat","background-position":"center center","background-size":"auto","background-attachment":"scroll","background-type":"","background-media":"","overlay-type":"","overlay-color":"","overlay-opacity":"","overlay-gradient":""},"tablet":{"background-color":"","background-image":"","background-repeat":"repeat","background-position":"center center","background-size":"auto","background-attachment":"scroll","background-type":"","background-media":"","overlay-type":"","overlay-color":"","overlay-opacity":"","overlay-gradient":""},"mobile":{"background-color":"","background-image":"","background-repeat":"repeat","background-position":"center center","background-size":"auto","background-attachment":"scroll","background-type":"","background-media":"","overlay-type":"","overlay-color":"","overlay-opacity":"","overlay-gradient":""}},"ast-content-background-meta":{"desktop":{"background-color":"var(--ast-global-color-4)","background-image":"","background-repeat":"repeat","background-position":"center center","background-size":"auto","background-attachment":"scroll","background-type":"","background-media":"","overlay-type":"","overlay-color":"","overlay-opacity":"","overlay-gradient":""},"tablet":{"background-color":"var(--ast-global-color-4)","background-image":"","background-repeat":"repeat","background-position":"center center","background-size":"auto","background-attachment":"scroll","background-type":"","background-media":"","overlay-type":"","overlay-color":"","overlay-opacity":"","overlay-gradient":""},"mobile":{"background-color":"var(--ast-global-color-4)","background-image":"","background-repeat":"repeat","background-position":"center center","background-size":"auto","background-attachment":"scroll","background-type":"","background-media":"","overlay-type":"","overlay-color":"","overlay-opacity":"","overlay-gradient":""}}},"product_brand":[],"product_cat":[198,185],"product_tag":[188],"class_list":{"0":"post-7933","1":"product","2":"type-product","3":"status-publish","4":"has-post-thumbnail","6":"product_cat-femmes","7":"product_cat-vetements-high-tech","8":"product_tag-vetements-de-protection","9":"product_shipping_class-standardversand","10":"desktop-align-left","11":"tablet-align-left","12":"mobile-align-left","14":"first","15":"instock","16":"taxable","17":"shipping-taxable","18":"purchasable","19":"product-type-simple"},"yoast_head":"<!-- This site is optimized with the Yoast SEO plugin v27.4 - https:\/\/yoast.com\/product\/yoast-seo-wordpress\/ -->\n<title>Casquette ballon blind\u00e9e Raya - Elektrosmog-Schutz Onlineshop<\/title>\n<meta name=\"description\" content=\"La casquette \u00e9cran Raya est doubl\u00e9e d&#039;un tissu de blindage qui vous prot\u00e8ge tr\u00e8s efficacement contre la pollution \u00e9lectromagn\u00e9tique.\" \/>\n<meta name=\"robots\" content=\"index, follow, max-snippet:-1, max-image-preview:large, max-video-preview:-1\" \/>\n<link rel=\"canonical\" href=\"https:\/\/ecologa-europe.com\/shop\/produkt\/casquette-ballon-blindee-raya\/\" \/>\n<meta property=\"og:locale\" content=\"de_DE\" \/>\n<meta property=\"og:type\" content=\"article\" \/>\n<meta property=\"og:title\" content=\"Casquette ballon blind\u00e9e Raya - Elektrosmog-Schutz Onlineshop\" \/>\n<meta property=\"og:description\" content=\"La casquette \u00e9cran Raya est doubl\u00e9e d&#039;un tissu de blindage qui vous prot\u00e8ge tr\u00e8s efficacement contre la pollution \u00e9lectromagn\u00e9tique.\" \/>\n<meta property=\"og:url\" content=\"https:\/\/ecologa-europe.com\/shop\/produkt\/casquette-ballon-blindee-raya\/?lang=fr\" \/>\n<meta property=\"og:site_name\" content=\"Elektrosmog-Schutz Onlineshop\" \/>\n<meta property=\"article:publisher\" content=\"https:\/\/www.facebook.com\/Ecologa-Europe-GmbH-1604744566252298\/\" \/>\n<meta property=\"article:modified_time\" content=\"2025-12-20T00:56:01+00:00\" \/>\n<meta property=\"og:image\" content=\"https:\/\/ecologa-europe.com\/shop\/wp-content\/uploads\/2025\/04\/ballonmuetze_raya_1.jpg\" \/>\n\t<meta property=\"og:image:width\" content=\"1920\" \/>\n\t<meta property=\"og:image:height\" content=\"1280\" \/>\n\t<meta property=\"og:image:type\" content=\"image\/jpeg\" \/>\n<meta name=\"twitter:card\" content=\"summary_large_image\" \/>\n<meta name=\"twitter:label1\" content=\"Gesch\u00e4tzte Lesezeit\" \/>\n\t<meta name=\"twitter:data1\" content=\"2\u00a0Minuten\" \/>\n<script type=\"application\/ld+json\" class=\"yoast-schema-graph\">{\"@context\":\"https:\\\/\\\/schema.org\",\"@graph\":[{\"@type\":\"WebPage\",\"@id\":\"https:\\\/\\\/ecologa-europe.com\\\/shop\\\/produkt\\\/casquette-ballon-blindee-raya\\\/?lang=fr\",\"url\":\"https:\\\/\\\/ecologa-europe.com\\\/shop\\\/produkt\\\/casquette-ballon-blindee-raya\\\/?lang=fr\",\"name\":\"Casquette ballon blind\u00e9e Raya - Elektrosmog-Schutz Onlineshop\",\"isPartOf\":{\"@id\":\"https:\\\/\\\/ecologa-europe.com\\\/shop\\\/#website\"},\"primaryImageOfPage\":{\"@id\":\"https:\\\/\\\/ecologa-europe.com\\\/shop\\\/produkt\\\/casquette-ballon-blindee-raya\\\/?lang=fr#primaryimage\"},\"image\":{\"@id\":\"https:\\\/\\\/ecologa-europe.com\\\/shop\\\/produkt\\\/casquette-ballon-blindee-raya\\\/?lang=fr#primaryimage\"},\"thumbnailUrl\":\"https:\\\/\\\/ecologa-europe.com\\\/shop\\\/wp-content\\\/uploads\\\/2025\\\/04\\\/ballonmuetze_raya_1.jpg\",\"datePublished\":\"2025-05-16T10:29:31+00:00\",\"dateModified\":\"2025-12-20T00:56:01+00:00\",\"description\":\"La casquette \u00e9cran Raya est doubl\u00e9e d'un tissu de blindage qui vous prot\u00e8ge tr\u00e8s efficacement contre la pollution \u00e9lectromagn\u00e9tique.\",\"breadcrumb\":{\"@id\":\"https:\\\/\\\/ecologa-europe.com\\\/shop\\\/produkt\\\/casquette-ballon-blindee-raya\\\/?lang=fr#breadcrumb\"},\"inLanguage\":\"de\",\"potentialAction\":[{\"@type\":\"ReadAction\",\"target\":[\"https:\\\/\\\/ecologa-europe.com\\\/shop\\\/produkt\\\/casquette-ballon-blindee-raya\\\/?lang=fr\"]}]},{\"@type\":\"ImageObject\",\"inLanguage\":\"de\",\"@id\":\"https:\\\/\\\/ecologa-europe.com\\\/shop\\\/produkt\\\/casquette-ballon-blindee-raya\\\/?lang=fr#primaryimage\",\"url\":\"https:\\\/\\\/ecologa-europe.com\\\/shop\\\/wp-content\\\/uploads\\\/2025\\\/04\\\/ballonmuetze_raya_1.jpg\",\"contentUrl\":\"https:\\\/\\\/ecologa-europe.com\\\/shop\\\/wp-content\\\/uploads\\\/2025\\\/04\\\/ballonmuetze_raya_1.jpg\",\"width\":1920,\"height\":1280},{\"@type\":\"BreadcrumbList\",\"@id\":\"https:\\\/\\\/ecologa-europe.com\\\/shop\\\/produkt\\\/casquette-ballon-blindee-raya\\\/?lang=fr#breadcrumb\",\"itemListElement\":[{\"@type\":\"ListItem\",\"position\":1,\"name\":\"Startseite\",\"item\":\"https:\\\/\\\/ecologa-europe.com\\\/shop\\\/\"},{\"@type\":\"ListItem\",\"position\":2,\"name\":\"Shop\",\"item\":\"https:\\\/\\\/ecologa-europe.com\\\/shop\\\/shop\\\/\"},{\"@type\":\"ListItem\",\"position\":3,\"name\":\"Casquette ballon blind\u00e9e Raya\"}]},{\"@type\":\"WebSite\",\"@id\":\"https:\\\/\\\/ecologa-europe.com\\\/shop\\\/#website\",\"url\":\"https:\\\/\\\/ecologa-europe.com\\\/shop\\\/\",\"name\":\"Elektrosmog-Schutz Onlineshop\",\"description\":\"Ecologa Europe\",\"publisher\":{\"@id\":\"https:\\\/\\\/ecologa-europe.com\\\/shop\\\/#organization\"},\"potentialAction\":[{\"@type\":\"SearchAction\",\"target\":{\"@type\":\"EntryPoint\",\"urlTemplate\":\"https:\\\/\\\/ecologa-europe.com\\\/shop\\\/?s={search_term_string}\"},\"query-input\":{\"@type\":\"PropertyValueSpecification\",\"valueRequired\":true,\"valueName\":\"search_term_string\"}}],\"inLanguage\":\"de\"},{\"@type\":\"Organization\",\"@id\":\"https:\\\/\\\/ecologa-europe.com\\\/shop\\\/#organization\",\"name\":\"Elektrosmog-Schutz Onlineshop\",\"url\":\"https:\\\/\\\/ecologa-europe.com\\\/shop\\\/\",\"logo\":{\"@type\":\"ImageObject\",\"inLanguage\":\"de\",\"@id\":\"https:\\\/\\\/ecologa-europe.com\\\/shop\\\/#\\\/schema\\\/logo\\\/image\\\/\",\"url\":\"https:\\\/\\\/ecologa-europe.com\\\/shop\\\/wp-content\\\/uploads\\\/2025\\\/04\\\/vertical-navbar-logo.svg\",\"contentUrl\":\"https:\\\/\\\/ecologa-europe.com\\\/shop\\\/wp-content\\\/uploads\\\/2025\\\/04\\\/vertical-navbar-logo.svg\",\"width\":182,\"height\":70,\"caption\":\"Elektrosmog-Schutz Onlineshop\"},\"image\":{\"@id\":\"https:\\\/\\\/ecologa-europe.com\\\/shop\\\/#\\\/schema\\\/logo\\\/image\\\/\"},\"sameAs\":[\"https:\\\/\\\/www.facebook.com\\\/Ecologa-Europe-GmbH-1604744566252298\\\/\",\"https:\\\/\\\/www.instagram.com\\\/ecologaeurope\\\/\"]}]}<\/script>\n<!-- \/ Yoast SEO plugin. -->","yoast_head_json":{"title":"Casquette ballon blind\u00e9e Raya - Elektrosmog-Schutz Onlineshop","description":"La casquette \u00e9cran Raya est doubl\u00e9e d'un tissu de blindage qui vous prot\u00e8ge tr\u00e8s efficacement contre la pollution \u00e9lectromagn\u00e9tique.","robots":{"index":"index","follow":"follow","max-snippet":"max-snippet:-1","max-image-preview":"max-image-preview:large","max-video-preview":"max-video-preview:-1"},"canonical":"https:\/\/ecologa-europe.com\/shop\/produkt\/casquette-ballon-blindee-raya\/","og_locale":"de_DE","og_type":"article","og_title":"Casquette ballon blind\u00e9e Raya - Elektrosmog-Schutz Onlineshop","og_description":"La casquette \u00e9cran Raya est doubl\u00e9e d'un tissu de blindage qui vous prot\u00e8ge tr\u00e8s efficacement contre la pollution \u00e9lectromagn\u00e9tique.","og_url":"https:\/\/ecologa-europe.com\/shop\/produkt\/casquette-ballon-blindee-raya\/?lang=fr","og_site_name":"Elektrosmog-Schutz Onlineshop","article_publisher":"https:\/\/www.facebook.com\/Ecologa-Europe-GmbH-1604744566252298\/","article_modified_time":"2025-12-20T00:56:01+00:00","og_image":[{"width":1920,"height":1280,"url":"https:\/\/ecologa-europe.com\/shop\/wp-content\/uploads\/2025\/04\/ballonmuetze_raya_1.jpg","type":"image\/jpeg"}],"twitter_card":"summary_large_image","twitter_misc":{"Gesch\u00e4tzte Lesezeit":"2\u00a0Minuten"},"schema":{"@context":"https:\/\/schema.org","@graph":[{"@type":"WebPage","@id":"https:\/\/ecologa-europe.com\/shop\/produkt\/casquette-ballon-blindee-raya\/?lang=fr","url":"https:\/\/ecologa-europe.com\/shop\/produkt\/casquette-ballon-blindee-raya\/?lang=fr","name":"Casquette ballon blind\u00e9e Raya - Elektrosmog-Schutz Onlineshop","isPartOf":{"@id":"https:\/\/ecologa-europe.com\/shop\/#website"},"primaryImageOfPage":{"@id":"https:\/\/ecologa-europe.com\/shop\/produkt\/casquette-ballon-blindee-raya\/?lang=fr#primaryimage"},"image":{"@id":"https:\/\/ecologa-europe.com\/shop\/produkt\/casquette-ballon-blindee-raya\/?lang=fr#primaryimage"},"thumbnailUrl":"https:\/\/ecologa-europe.com\/shop\/wp-content\/uploads\/2025\/04\/ballonmuetze_raya_1.jpg","datePublished":"2025-05-16T10:29:31+00:00","dateModified":"2025-12-20T00:56:01+00:00","description":"La casquette \u00e9cran Raya est doubl\u00e9e d'un tissu de blindage qui vous prot\u00e8ge tr\u00e8s efficacement contre la pollution \u00e9lectromagn\u00e9tique.","breadcrumb":{"@id":"https:\/\/ecologa-europe.com\/shop\/produkt\/casquette-ballon-blindee-raya\/?lang=fr#breadcrumb"},"inLanguage":"de","potentialAction":[{"@type":"ReadAction","target":["https:\/\/ecologa-europe.com\/shop\/produkt\/casquette-ballon-blindee-raya\/?lang=fr"]}]},{"@type":"ImageObject","inLanguage":"de","@id":"https:\/\/ecologa-europe.com\/shop\/produkt\/casquette-ballon-blindee-raya\/?lang=fr#primaryimage","url":"https:\/\/ecologa-europe.com\/shop\/wp-content\/uploads\/2025\/04\/ballonmuetze_raya_1.jpg","contentUrl":"https:\/\/ecologa-europe.com\/shop\/wp-content\/uploads\/2025\/04\/ballonmuetze_raya_1.jpg","width":1920,"height":1280},{"@type":"BreadcrumbList","@id":"https:\/\/ecologa-europe.com\/shop\/produkt\/casquette-ballon-blindee-raya\/?lang=fr#breadcrumb","itemListElement":[{"@type":"ListItem","position":1,"name":"Startseite","item":"https:\/\/ecologa-europe.com\/shop\/"},{"@type":"ListItem","position":2,"name":"Shop","item":"https:\/\/ecologa-europe.com\/shop\/shop\/"},{"@type":"ListItem","position":3,"name":"Casquette ballon blind\u00e9e Raya"}]},{"@type":"WebSite","@id":"https:\/\/ecologa-europe.com\/shop\/#website","url":"https:\/\/ecologa-europe.com\/shop\/","name":"Elektrosmog-Schutz Onlineshop","description":"Ecologa Europe","publisher":{"@id":"https:\/\/ecologa-europe.com\/shop\/#organization"},"potentialAction":[{"@type":"SearchAction","target":{"@type":"EntryPoint","urlTemplate":"https:\/\/ecologa-europe.com\/shop\/?s={search_term_string}"},"query-input":{"@type":"PropertyValueSpecification","valueRequired":true,"valueName":"search_term_string"}}],"inLanguage":"de"},{"@type":"Organization","@id":"https:\/\/ecologa-europe.com\/shop\/#organization","name":"Elektrosmog-Schutz Onlineshop","url":"https:\/\/ecologa-europe.com\/shop\/","logo":{"@type":"ImageObject","inLanguage":"de","@id":"https:\/\/ecologa-europe.com\/shop\/#\/schema\/logo\/image\/","url":"https:\/\/ecologa-europe.com\/shop\/wp-content\/uploads\/2025\/04\/vertical-navbar-logo.svg","contentUrl":"https:\/\/ecologa-europe.com\/shop\/wp-content\/uploads\/2025\/04\/vertical-navbar-logo.svg","width":182,"height":70,"caption":"Elektrosmog-Schutz Onlineshop"},"image":{"@id":"https:\/\/ecologa-europe.com\/shop\/#\/schema\/logo\/image\/"},"sameAs":["https:\/\/www.facebook.com\/Ecologa-Europe-GmbH-1604744566252298\/","https:\/\/www.instagram.com\/ecologaeurope\/"]}]}},"_links":{"self":[{"href":"https:\/\/ecologa-europe.com\/shop\/wp-json\/wp\/v2\/product\/7933","targetHints":{"allow":["GET"]}}],"collection":[{"href":"https:\/\/ecologa-europe.com\/shop\/wp-json\/wp\/v2\/product"}],"about":[{"href":"https:\/\/ecologa-europe.com\/shop\/wp-json\/wp\/v2\/types\/product"}],"wp:featuredmedia":[{"embeddable":true,"href":"https:\/\/ecologa-europe.com\/shop\/wp-json\/wp\/v2\/media\/1903"}],"wp:attachment":[{"href":"https:\/\/ecologa-europe.com\/shop\/wp-json\/wp\/v2\/media?parent=7933"}],"wp:term":[{"taxonomy":"product_brand","embeddable":true,"href":"https:\/\/ecologa-europe.com\/shop\/wp-json\/wp\/v2\/product_brand?post=7933"},{"taxonomy":"product_cat","embeddable":true,"href":"https:\/\/ecologa-europe.com\/shop\/wp-json\/wp\/v2\/product_cat?post=7933"},{"taxonomy":"product_tag","embeddable":true,"href":"https:\/\/ecologa-europe.com\/shop\/wp-json\/wp\/v2\/product_tag?post=7933"}],"curies":[{"name":"wp","href":"https:\/\/api.w.org\/{rel}","templated":true}]}}