{"id":7944,"date":"2025-05-16T10:29:32","date_gmt":"2025-05-16T10:29:32","guid":{"rendered":"https:\/\/639.pm-domains.de\/?post_type=product&#038;p=7944"},"modified":"2025-05-16T10:43:07","modified_gmt":"2025-05-16T10:43:07","slug":"cosse-tubulaire-acier-inoxydable","status":"publish","type":"product","link":"https:\/\/ecologa-europe.com\/shop\/produkt\/cosse-tubulaire-acier-inoxydable\/?lang=fr","title":{"rendered":"Cosse tubulaire acier inoxydable"},"content":{"rendered":"<p>La cosse tubulaire est un petit composant fabriqu\u00e9 en acier inoxydable pour le raccordement au ruban de mise \u00e0 la terre en acier inoxydable. Les deux composants sont en acier inoxydable et emp\u00eachent ainsi la corrosion galvanique.<\/p>\n<p>Utilisable pour les conducteurs ronds multifilaires et \u00e0 fils fins, par exemple selon DIN EN 60228 cl. 2 et 5, ainsi que pour les conducteurs avec des secteurs multifilaires arrondis.<br \/>\nId\u00e9al pour les conditions ambiantes agressives, r\u00e9sistant aux acides et \u00e0 la rouille.<\/p>\n<p>IMPORTANT !<br \/>\nL&#8217;installation n\u00e9cessaire doit imp\u00e9rativement \u00eatre effectu\u00e9e par un \u00e9lectricien sp\u00e9cialis\u00e9. Il faut installer un disjoncteur diff\u00e9rentiel<br \/>\ndisjoncteur (FI ou RCD \u2264 30 mA) doit \u00eatre pr\u00e9sent dans le circuit \u00e9lectrique. Si vous ne disposez pas de ce dispositif standard, votre \u00e9lectricien vous l&#8217;installera.<br \/>\nTous les travaux \u00e9lectriques (travaux sur les appareils et installations \u00e9lectriques) doivent \u00eatre effectu\u00e9s et contr\u00f4l\u00e9s par un \u00e9lectricien qualifi\u00e9 ou sous sa direction et sa surveillance !<\/p>\n<p><strong>Caract\u00e9ristiques techniques<\/strong><\/p>\n<p>Couleur : argent<br \/>\nMat\u00e9riau : V2A (X5CrNi18-10)<\/p>\n<p>Cosse tubulaire 2,5 :<br \/>\nL : 22 mm<br \/>\nd0 : M5<br \/>\nd1 : 3 mm (1,5 &#8211; 2,5 mm\u00b2)<\/p>\n<p>Cosse tubulaire 6 :<br \/>\nL : 27 mm<br \/>\nd0 : M6<br \/>\nd1 : 4 mm (4 &#8211; 6 mm\u00b2)<\/p>\n<p>Cosse tubulaire 16 :<br \/>\nL : 38 mm<br \/>\nd0 : M8<br \/>\nd1 : 6 mm (16 mm\u00b2)<\/p>\n","protected":false},"excerpt":{"rendered":"<p>La cosse tubulaire est un petit composant en acier inoxydable pour le raccordement au ruban de mise \u00e0 la terre en acier inoxydable. Les deux composants sont en acier inoxydable et emp\u00eachent ainsi la corrosion galvanique.<\/p>\n<p>Utilisable pour les conducteurs ronds multifilaires et \u00e0 fils fins, par exemple selon DIN EN 60228 cl. 2 et 5, ainsi que pour les conducteurs avec des secteurs multifilaires arrondis.<br \/>\nId\u00e9al pour les conditions ambiantes agressives, r\u00e9sistant aux acides et \u00e0 la rouille<\/p>\n","protected":false},"featured_media":1915,"template":"","meta":{"inline_featured_image":false,"site-sidebar-layout":"default","site-content-layout":"","ast-site-content-layout":"default","site-content-style":"default","site-sidebar-style":"default","ast-global-header-display":"","ast-banner-title-visibility":"","ast-main-header-display":"","ast-hfb-above-header-display":"","ast-hfb-below-header-display":"","ast-hfb-mobile-header-display":"","site-post-title":"","ast-breadcrumbs-content":"","ast-featured-img":"","footer-sml-layout":"","ast-disable-related-posts":"","theme-transparent-header-meta":"default","adv-header-id-meta":"","stick-header-meta":"","header-above-stick-meta":"","header-main-stick-meta":"","header-below-stick-meta":"","astra-migrate-meta-layouts":"default","ast-page-background-enabled":"default","ast-page-background-meta":{"desktop":{"background-color":"var(--ast-global-color-5)","background-image":"","background-repeat":"repeat","background-position":"center center","background-size":"auto","background-attachment":"scroll","background-type":"","background-media":"","overlay-type":"","overlay-color":"","overlay-opacity":"","overlay-gradient":""},"tablet":{"background-color":"","background-image":"","background-repeat":"repeat","background-position":"center center","background-size":"auto","background-attachment":"scroll","background-type":"","background-media":"","overlay-type":"","overlay-color":"","overlay-opacity":"","overlay-gradient":""},"mobile":{"background-color":"","background-image":"","background-repeat":"repeat","background-position":"center center","background-size":"auto","background-attachment":"scroll","background-type":"","background-media":"","overlay-type":"","overlay-color":"","overlay-opacity":"","overlay-gradient":""}},"ast-content-background-meta":{"desktop":{"background-color":"var(--ast-global-color-4)","background-image":"","background-repeat":"repeat","background-position":"center center","background-size":"auto","background-attachment":"scroll","background-type":"","background-media":"","overlay-type":"","overlay-color":"","overlay-opacity":"","overlay-gradient":""},"tablet":{"background-color":"var(--ast-global-color-4)","background-image":"","background-repeat":"repeat","background-position":"center center","background-size":"auto","background-attachment":"scroll","background-type":"","background-media":"","overlay-type":"","overlay-color":"","overlay-opacity":"","overlay-gradient":""},"mobile":{"background-color":"var(--ast-global-color-4)","background-image":"","background-repeat":"repeat","background-position":"center center","background-size":"auto","background-attachment":"scroll","background-type":"","background-media":"","overlay-type":"","overlay-color":"","overlay-opacity":"","overlay-gradient":""}}},"product_brand":[],"product_cat":[280,281],"product_tag":[657],"class_list":{"0":"post-7944","1":"product","2":"type-product","3":"status-publish","4":"has-post-thumbnail","6":"product_cat-accessoires-de-mise-a-terre","7":"product_cat-non-tisse-et-treillis-de-blindage","8":"product_tag-mise-a-la-terre-fr","9":"product_shipping_class-standardversand","10":"desktop-align-left","11":"tablet-align-left","12":"mobile-align-left","14":"first","15":"instock","16":"taxable","17":"shipping-taxable","18":"purchasable","19":"product-type-variable"},"yoast_head":"<!-- This site is optimized with the Yoast SEO plugin v27.3 - https:\/\/yoast.com\/product\/yoast-seo-wordpress\/ -->\n<title>Cosse tubulaire acier inoxydable - Elektrosmog-Schutz Onlineshop<\/title>\n<meta name=\"description\" content=\"La cosse tubulaire est un petit \u00e9l\u00e9ment en acier inoxydable destin\u00e9 au raccordement au ruban de mise \u00e0 la terre en acier inoxydable.\" \/>\n<meta name=\"robots\" content=\"index, follow, max-snippet:-1, max-image-preview:large, max-video-preview:-1\" \/>\n<link rel=\"canonical\" href=\"https:\/\/ecologa-europe.com\/shop\/produkt\/cosse-tubulaire-acier-inoxydable\/\" \/>\n<meta property=\"og:locale\" content=\"de_DE\" \/>\n<meta property=\"og:type\" content=\"article\" \/>\n<meta property=\"og:title\" content=\"Cosse tubulaire acier inoxydable - Elektrosmog-Schutz Onlineshop\" \/>\n<meta property=\"og:description\" content=\"La cosse tubulaire est un petit \u00e9l\u00e9ment en acier inoxydable destin\u00e9 au raccordement au ruban de mise \u00e0 la terre en acier inoxydable.\" \/>\n<meta property=\"og:url\" content=\"https:\/\/ecologa-europe.com\/shop\/produkt\/cosse-tubulaire-acier-inoxydable\/?lang=fr\" \/>\n<meta property=\"og:site_name\" content=\"Elektrosmog-Schutz Onlineshop\" \/>\n<meta property=\"article:publisher\" content=\"https:\/\/www.facebook.com\/Ecologa-Europe-GmbH-1604744566252298\/\" \/>\n<meta property=\"article:modified_time\" content=\"2025-05-16T10:43:07+00:00\" \/>\n<meta property=\"og:image\" content=\"https:\/\/ecologa-europe.com\/shop\/wp-content\/uploads\/2025\/04\/Rohrkabelschuh_1.jpg\" \/>\n\t<meta property=\"og:image:width\" content=\"720\" \/>\n\t<meta property=\"og:image:height\" content=\"720\" \/>\n\t<meta property=\"og:image:type\" content=\"image\/jpeg\" \/>\n<meta name=\"twitter:card\" content=\"summary_large_image\" \/>\n<meta name=\"twitter:label1\" content=\"Gesch\u00e4tzte Lesezeit\" \/>\n\t<meta name=\"twitter:data1\" content=\"2\u00a0Minuten\" \/>\n<script type=\"application\/ld+json\" class=\"yoast-schema-graph\">{\"@context\":\"https:\\\/\\\/schema.org\",\"@graph\":[{\"@type\":\"WebPage\",\"@id\":\"https:\\\/\\\/ecologa-europe.com\\\/shop\\\/produkt\\\/cosse-tubulaire-acier-inoxydable\\\/?lang=fr\",\"url\":\"https:\\\/\\\/ecologa-europe.com\\\/shop\\\/produkt\\\/cosse-tubulaire-acier-inoxydable\\\/?lang=fr\",\"name\":\"Cosse tubulaire acier inoxydable - Elektrosmog-Schutz Onlineshop\",\"isPartOf\":{\"@id\":\"https:\\\/\\\/ecologa-europe.com\\\/shop\\\/#website\"},\"primaryImageOfPage\":{\"@id\":\"https:\\\/\\\/ecologa-europe.com\\\/shop\\\/produkt\\\/cosse-tubulaire-acier-inoxydable\\\/?lang=fr#primaryimage\"},\"image\":{\"@id\":\"https:\\\/\\\/ecologa-europe.com\\\/shop\\\/produkt\\\/cosse-tubulaire-acier-inoxydable\\\/?lang=fr#primaryimage\"},\"thumbnailUrl\":\"https:\\\/\\\/ecologa-europe.com\\\/shop\\\/wp-content\\\/uploads\\\/2025\\\/04\\\/Rohrkabelschuh_1.jpg\",\"datePublished\":\"2025-05-16T10:29:32+00:00\",\"dateModified\":\"2025-05-16T10:43:07+00:00\",\"description\":\"La cosse tubulaire est un petit \u00e9l\u00e9ment en acier inoxydable destin\u00e9 au raccordement au ruban de mise \u00e0 la terre en acier inoxydable.\",\"breadcrumb\":{\"@id\":\"https:\\\/\\\/ecologa-europe.com\\\/shop\\\/produkt\\\/cosse-tubulaire-acier-inoxydable\\\/?lang=fr#breadcrumb\"},\"inLanguage\":\"de\",\"potentialAction\":[{\"@type\":\"ReadAction\",\"target\":[\"https:\\\/\\\/ecologa-europe.com\\\/shop\\\/produkt\\\/cosse-tubulaire-acier-inoxydable\\\/?lang=fr\"]}]},{\"@type\":\"ImageObject\",\"inLanguage\":\"de\",\"@id\":\"https:\\\/\\\/ecologa-europe.com\\\/shop\\\/produkt\\\/cosse-tubulaire-acier-inoxydable\\\/?lang=fr#primaryimage\",\"url\":\"https:\\\/\\\/ecologa-europe.com\\\/shop\\\/wp-content\\\/uploads\\\/2025\\\/04\\\/Rohrkabelschuh_1.jpg\",\"contentUrl\":\"https:\\\/\\\/ecologa-europe.com\\\/shop\\\/wp-content\\\/uploads\\\/2025\\\/04\\\/Rohrkabelschuh_1.jpg\",\"width\":720,\"height\":720},{\"@type\":\"BreadcrumbList\",\"@id\":\"https:\\\/\\\/ecologa-europe.com\\\/shop\\\/produkt\\\/cosse-tubulaire-acier-inoxydable\\\/?lang=fr#breadcrumb\",\"itemListElement\":[{\"@type\":\"ListItem\",\"position\":1,\"name\":\"Startseite\",\"item\":\"https:\\\/\\\/ecologa-europe.com\\\/shop\\\/\"},{\"@type\":\"ListItem\",\"position\":2,\"name\":\"Shop\",\"item\":\"https:\\\/\\\/ecologa-europe.com\\\/shop\\\/shop\\\/\"},{\"@type\":\"ListItem\",\"position\":3,\"name\":\"Cosse tubulaire acier inoxydable\"}]},{\"@type\":\"WebSite\",\"@id\":\"https:\\\/\\\/ecologa-europe.com\\\/shop\\\/#website\",\"url\":\"https:\\\/\\\/ecologa-europe.com\\\/shop\\\/\",\"name\":\"Elektrosmog-Schutz Onlineshop\",\"description\":\"Ecologa Europe\",\"publisher\":{\"@id\":\"https:\\\/\\\/ecologa-europe.com\\\/shop\\\/#organization\"},\"potentialAction\":[{\"@type\":\"SearchAction\",\"target\":{\"@type\":\"EntryPoint\",\"urlTemplate\":\"https:\\\/\\\/ecologa-europe.com\\\/shop\\\/?s={search_term_string}\"},\"query-input\":{\"@type\":\"PropertyValueSpecification\",\"valueRequired\":true,\"valueName\":\"search_term_string\"}}],\"inLanguage\":\"de\"},{\"@type\":\"Organization\",\"@id\":\"https:\\\/\\\/ecologa-europe.com\\\/shop\\\/#organization\",\"name\":\"Elektrosmog-Schutz Onlineshop\",\"url\":\"https:\\\/\\\/ecologa-europe.com\\\/shop\\\/\",\"logo\":{\"@type\":\"ImageObject\",\"inLanguage\":\"de\",\"@id\":\"https:\\\/\\\/ecologa-europe.com\\\/shop\\\/#\\\/schema\\\/logo\\\/image\\\/\",\"url\":\"https:\\\/\\\/ecologa-europe.com\\\/shop\\\/wp-content\\\/uploads\\\/2025\\\/04\\\/vertical-navbar-logo.svg\",\"contentUrl\":\"https:\\\/\\\/ecologa-europe.com\\\/shop\\\/wp-content\\\/uploads\\\/2025\\\/04\\\/vertical-navbar-logo.svg\",\"width\":182,\"height\":70,\"caption\":\"Elektrosmog-Schutz Onlineshop\"},\"image\":{\"@id\":\"https:\\\/\\\/ecologa-europe.com\\\/shop\\\/#\\\/schema\\\/logo\\\/image\\\/\"},\"sameAs\":[\"https:\\\/\\\/www.facebook.com\\\/Ecologa-Europe-GmbH-1604744566252298\\\/\",\"https:\\\/\\\/www.instagram.com\\\/ecologaeurope\\\/\"]}]}<\/script>\n<!-- \/ Yoast SEO plugin. -->","yoast_head_json":{"title":"Cosse tubulaire acier inoxydable - Elektrosmog-Schutz Onlineshop","description":"La cosse tubulaire est un petit \u00e9l\u00e9ment en acier inoxydable destin\u00e9 au raccordement au ruban de mise \u00e0 la terre en acier inoxydable.","robots":{"index":"index","follow":"follow","max-snippet":"max-snippet:-1","max-image-preview":"max-image-preview:large","max-video-preview":"max-video-preview:-1"},"canonical":"https:\/\/ecologa-europe.com\/shop\/produkt\/cosse-tubulaire-acier-inoxydable\/","og_locale":"de_DE","og_type":"article","og_title":"Cosse tubulaire acier inoxydable - Elektrosmog-Schutz Onlineshop","og_description":"La cosse tubulaire est un petit \u00e9l\u00e9ment en acier inoxydable destin\u00e9 au raccordement au ruban de mise \u00e0 la terre en acier inoxydable.","og_url":"https:\/\/ecologa-europe.com\/shop\/produkt\/cosse-tubulaire-acier-inoxydable\/?lang=fr","og_site_name":"Elektrosmog-Schutz Onlineshop","article_publisher":"https:\/\/www.facebook.com\/Ecologa-Europe-GmbH-1604744566252298\/","article_modified_time":"2025-05-16T10:43:07+00:00","og_image":[{"width":720,"height":720,"url":"https:\/\/ecologa-europe.com\/shop\/wp-content\/uploads\/2025\/04\/Rohrkabelschuh_1.jpg","type":"image\/jpeg"}],"twitter_card":"summary_large_image","twitter_misc":{"Gesch\u00e4tzte Lesezeit":"2\u00a0Minuten"},"schema":{"@context":"https:\/\/schema.org","@graph":[{"@type":"WebPage","@id":"https:\/\/ecologa-europe.com\/shop\/produkt\/cosse-tubulaire-acier-inoxydable\/?lang=fr","url":"https:\/\/ecologa-europe.com\/shop\/produkt\/cosse-tubulaire-acier-inoxydable\/?lang=fr","name":"Cosse tubulaire acier inoxydable - Elektrosmog-Schutz Onlineshop","isPartOf":{"@id":"https:\/\/ecologa-europe.com\/shop\/#website"},"primaryImageOfPage":{"@id":"https:\/\/ecologa-europe.com\/shop\/produkt\/cosse-tubulaire-acier-inoxydable\/?lang=fr#primaryimage"},"image":{"@id":"https:\/\/ecologa-europe.com\/shop\/produkt\/cosse-tubulaire-acier-inoxydable\/?lang=fr#primaryimage"},"thumbnailUrl":"https:\/\/ecologa-europe.com\/shop\/wp-content\/uploads\/2025\/04\/Rohrkabelschuh_1.jpg","datePublished":"2025-05-16T10:29:32+00:00","dateModified":"2025-05-16T10:43:07+00:00","description":"La cosse tubulaire est un petit \u00e9l\u00e9ment en acier inoxydable destin\u00e9 au raccordement au ruban de mise \u00e0 la terre en acier inoxydable.","breadcrumb":{"@id":"https:\/\/ecologa-europe.com\/shop\/produkt\/cosse-tubulaire-acier-inoxydable\/?lang=fr#breadcrumb"},"inLanguage":"de","potentialAction":[{"@type":"ReadAction","target":["https:\/\/ecologa-europe.com\/shop\/produkt\/cosse-tubulaire-acier-inoxydable\/?lang=fr"]}]},{"@type":"ImageObject","inLanguage":"de","@id":"https:\/\/ecologa-europe.com\/shop\/produkt\/cosse-tubulaire-acier-inoxydable\/?lang=fr#primaryimage","url":"https:\/\/ecologa-europe.com\/shop\/wp-content\/uploads\/2025\/04\/Rohrkabelschuh_1.jpg","contentUrl":"https:\/\/ecologa-europe.com\/shop\/wp-content\/uploads\/2025\/04\/Rohrkabelschuh_1.jpg","width":720,"height":720},{"@type":"BreadcrumbList","@id":"https:\/\/ecologa-europe.com\/shop\/produkt\/cosse-tubulaire-acier-inoxydable\/?lang=fr#breadcrumb","itemListElement":[{"@type":"ListItem","position":1,"name":"Startseite","item":"https:\/\/ecologa-europe.com\/shop\/"},{"@type":"ListItem","position":2,"name":"Shop","item":"https:\/\/ecologa-europe.com\/shop\/shop\/"},{"@type":"ListItem","position":3,"name":"Cosse tubulaire acier inoxydable"}]},{"@type":"WebSite","@id":"https:\/\/ecologa-europe.com\/shop\/#website","url":"https:\/\/ecologa-europe.com\/shop\/","name":"Elektrosmog-Schutz Onlineshop","description":"Ecologa Europe","publisher":{"@id":"https:\/\/ecologa-europe.com\/shop\/#organization"},"potentialAction":[{"@type":"SearchAction","target":{"@type":"EntryPoint","urlTemplate":"https:\/\/ecologa-europe.com\/shop\/?s={search_term_string}"},"query-input":{"@type":"PropertyValueSpecification","valueRequired":true,"valueName":"search_term_string"}}],"inLanguage":"de"},{"@type":"Organization","@id":"https:\/\/ecologa-europe.com\/shop\/#organization","name":"Elektrosmog-Schutz Onlineshop","url":"https:\/\/ecologa-europe.com\/shop\/","logo":{"@type":"ImageObject","inLanguage":"de","@id":"https:\/\/ecologa-europe.com\/shop\/#\/schema\/logo\/image\/","url":"https:\/\/ecologa-europe.com\/shop\/wp-content\/uploads\/2025\/04\/vertical-navbar-logo.svg","contentUrl":"https:\/\/ecologa-europe.com\/shop\/wp-content\/uploads\/2025\/04\/vertical-navbar-logo.svg","width":182,"height":70,"caption":"Elektrosmog-Schutz Onlineshop"},"image":{"@id":"https:\/\/ecologa-europe.com\/shop\/#\/schema\/logo\/image\/"},"sameAs":["https:\/\/www.facebook.com\/Ecologa-Europe-GmbH-1604744566252298\/","https:\/\/www.instagram.com\/ecologaeurope\/"]}]}},"_links":{"self":[{"href":"https:\/\/ecologa-europe.com\/shop\/wp-json\/wp\/v2\/product\/7944","targetHints":{"allow":["GET"]}}],"collection":[{"href":"https:\/\/ecologa-europe.com\/shop\/wp-json\/wp\/v2\/product"}],"about":[{"href":"https:\/\/ecologa-europe.com\/shop\/wp-json\/wp\/v2\/types\/product"}],"wp:featuredmedia":[{"embeddable":true,"href":"https:\/\/ecologa-europe.com\/shop\/wp-json\/wp\/v2\/media\/1915"}],"wp:attachment":[{"href":"https:\/\/ecologa-europe.com\/shop\/wp-json\/wp\/v2\/media?parent=7944"}],"wp:term":[{"taxonomy":"product_brand","embeddable":true,"href":"https:\/\/ecologa-europe.com\/shop\/wp-json\/wp\/v2\/product_brand?post=7944"},{"taxonomy":"product_cat","embeddable":true,"href":"https:\/\/ecologa-europe.com\/shop\/wp-json\/wp\/v2\/product_cat?post=7944"},{"taxonomy":"product_tag","embeddable":true,"href":"https:\/\/ecologa-europe.com\/shop\/wp-json\/wp\/v2\/product_tag?post=7944"}],"curies":[{"name":"wp","href":"https:\/\/api.w.org\/{rel}","templated":true}]}}