{"id":7946,"date":"2025-05-16T10:29:33","date_gmt":"2025-05-16T10:29:33","guid":{"rendered":"https:\/\/639.pm-domains.de\/?post_type=product&#038;p=7946"},"modified":"2025-05-16T10:43:08","modified_gmt":"2025-05-16T10:43:08","slug":"edelstahlerdungsband","status":"publish","type":"product","link":"https:\/\/ecologa-europe.com\/shop\/produkt\/edelstahlerdungsband\/","title":{"rendered":"Edelstahlerdungsband"},"content":{"rendered":"<p>Dieses Edelstahlband eignet sich f\u00fcr die Verlegung unter Putz (z. B. unter Parkett, Laminat oder Gipskartonplatten) und ist ideal f\u00fcr die Erdung im Trockenbau.<\/p>\n<p><strong><br \/>\nVerarbeitung von gelochtem Erdungsband aus Edelstahl<\/strong><\/p>\n<p>Die Gitterbahnen aus Edelstahlgewebe werden auf der Oberfl\u00e4che ausgerollt, mit einer \u00dcberlappung von 5 bis 10 cm positioniert und dann auf dem Untergrund befestigt.<br \/>\nUm die elektrische Leitf\u00e4higkeit bei der Erdung aller Edelstahlgewebebahnen zu gew\u00e4hrleisten, wird das Erdungsband in den \u00fcberlappenden Bereichen senkrecht zu allen Bahnen am Untergrund angeschraubt. Auf diese Weise werden die verschiedenen Edelstahlgitterbahnen gegenseitig zusammengepresst, wodurch eine gute Leitf\u00e4higkeit hergestellt wird (auch wenn im Falle eines Fu\u00dfbodens anschlie\u00dfend der Estrich gegossen wird). Um das Erdungsband an den Bahnen zu befestigen, sollten die Schrauben mindestens alle 20 cm entlang des perforierten Streifens angebracht werden.<\/p>\n<p>WICHTIG!<br \/>\nDie erforderliche Installation muss unbedingt von einer qualifizierten Elektriker durchgef\u00fchrt werden. Es muss ein Fehlerstromschutzschalter (FI oder RCD \u2264 30 mA) in den Stromkreis eingebaut werden. Dieses Standardger\u00e4t installiert Ihre Elektrofachkraft, falls Sie nicht \u00fcber eine solche verf\u00fcgen.<br \/>\nAlle elektrischen Arbeiten (Arbeiten an Ger\u00e4ten und Anlagen) m\u00fcssen von einer qualifizierten Elektrofachkraft oder unter deren Anleitung und Aufsicht durchgef\u00fchrt und kontrolliert werden !<\/p>\n<p><strong>Technische Daten<\/strong><br \/>\nL\u00e4nge: 10,0 Meter \/ 1 Rolle<br \/>\nBreite: 16,0 mm<br \/>\nDicke: 0,9 mm<br \/>\nLochdurchmesser klein: \u00d8 4 mm<br \/>\nLochdurchmesser gro\u00df: \u00d8 7 mm<br \/>\nLochabstand klein: 20 mm<br \/>\nLochabstand gro\u00df: 20 mm<br \/>\nFarbe: silber<br \/>\nZusammensetzung: Edelstahl<br \/>\nKorrosionsfeste Komponente<br \/>\nAnwendungsbereich:<br \/>\nDachbereich innen<br \/>\nWand- und Deckenbereich innen<br \/>\nBodenbereich (unter schwimmend und fest verlegten<br \/>\nTeppichen, Parkett und Holzdielen)<\/p>\n","protected":false},"excerpt":{"rendered":"<p>Korrosionsbest\u00e4ndige Komponente aus rostfreiem Stahl, um vorhandene Abschirmungsfl\u00e4chen in den Potenzialausgleich einzubeziehen.<\/p>\n<p>Dieses Edelstahlband eignet sich f\u00fcr die Verlegung unter Putz (z. B. unter Parkett, Laminat oder Gipskartonplatten) und ist ideal f\u00fcr die Erdung im Trockenbau.<\/p>\n<p>WICHTIG!<br \/>\nDie erforderliche Installation muss unbedingt von einer qualifizierten Elektriker durchgef\u00fchrt werden. Es muss ein Fehlerstromschutzschalter (FI oder RCD \u2264 30 mA) in den Stromkreis eingebaut werden. Dieses Standardger\u00e4t installiert Ihre Elektrofachkraft, falls Sie nicht \u00fcber eine solche verf\u00fcgen.<br \/>\nAlle elektrischen Arbeiten (Arbeiten an Ger\u00e4ten und Anlagen) m\u00fcssen von einer qualifizierten Elektrofachkraft oder unter deren Anleitung und Aufsicht durchgef\u00fchrt und kontrolliert werden !<\/p>\n<p>Farbe silber<br \/>\nL\u00e4nge 10 m- Rolle<br \/>\nBreite: 16,0 mm<br \/>\nDicke: 0,9 mm<\/p>\n","protected":false},"featured_media":811,"template":"","meta":{"inline_featured_image":false,"site-sidebar-layout":"default","site-content-layout":"","ast-site-content-layout":"default","site-content-style":"default","site-sidebar-style":"default","ast-global-header-display":"","ast-banner-title-visibility":"","ast-main-header-display":"","ast-hfb-above-header-display":"","ast-hfb-below-header-display":"","ast-hfb-mobile-header-display":"","site-post-title":"","ast-breadcrumbs-content":"","ast-featured-img":"","footer-sml-layout":"","ast-disable-related-posts":"","theme-transparent-header-meta":"","adv-header-id-meta":"","stick-header-meta":"","header-above-stick-meta":"","header-main-stick-meta":"","header-below-stick-meta":"","astra-migrate-meta-layouts":"default","ast-page-background-enabled":"default","ast-page-background-meta":{"desktop":{"background-color":"var(--ast-global-color-5)","background-image":"","background-repeat":"repeat","background-position":"center center","background-size":"auto","background-attachment":"scroll","background-type":"","background-media":"","overlay-type":"","overlay-color":"","overlay-opacity":"","overlay-gradient":""},"tablet":{"background-color":"","background-image":"","background-repeat":"repeat","background-position":"center center","background-size":"auto","background-attachment":"scroll","background-type":"","background-media":"","overlay-type":"","overlay-color":"","overlay-opacity":"","overlay-gradient":""},"mobile":{"background-color":"","background-image":"","background-repeat":"repeat","background-position":"center center","background-size":"auto","background-attachment":"scroll","background-type":"","background-media":"","overlay-type":"","overlay-color":"","overlay-opacity":"","overlay-gradient":""}},"ast-content-background-meta":{"desktop":{"background-color":"var(--ast-global-color-4)","background-image":"","background-repeat":"repeat","background-position":"center center","background-size":"auto","background-attachment":"scroll","background-type":"","background-media":"","overlay-type":"","overlay-color":"","overlay-opacity":"","overlay-gradient":""},"tablet":{"background-color":"var(--ast-global-color-4)","background-image":"","background-repeat":"repeat","background-position":"center center","background-size":"auto","background-attachment":"scroll","background-type":"","background-media":"","overlay-type":"","overlay-color":"","overlay-opacity":"","overlay-gradient":""},"mobile":{"background-color":"var(--ast-global-color-4)","background-image":"","background-repeat":"repeat","background-position":"center center","background-size":"auto","background-attachment":"scroll","background-type":"","background-media":"","overlay-type":"","overlay-color":"","overlay-opacity":"","overlay-gradient":""}}},"product_brand":[],"product_cat":[114,115],"product_tag":[116,71,117],"class_list":{"0":"post-7946","1":"product","2":"type-product","3":"status-publish","4":"has-post-thumbnail","6":"product_cat-abschirmvlies-und-gewirke","7":"product_cat-erdungzubehoer","8":"product_tag-erdung","9":"product_tag-hochfrequenz","10":"product_tag-niederfrequenz","11":"product_shipping_class-standardversand","12":"desktop-align-left","13":"tablet-align-left","14":"mobile-align-left","16":"first","17":"instock","18":"taxable","19":"shipping-taxable","20":"purchasable","21":"product-type-simple"},"yoast_head":"<!-- This site is optimized with the Yoast SEO plugin v27.3 - https:\/\/yoast.com\/product\/yoast-seo-wordpress\/ -->\n<title>Edelstahlerdungsband - Elektrosmog-Schutz Onlineshop<\/title>\n<meta name=\"description\" content=\"Korrosionsbest\u00e4ndige Komponente aus rostfreiem Stahl, um Abschirmungsfl\u00e4chen in den Potenzialausgleich einzubeziehen\" \/>\n<meta name=\"robots\" content=\"index, follow, max-snippet:-1, max-image-preview:large, max-video-preview:-1\" \/>\n<link rel=\"canonical\" href=\"https:\/\/ecologa-europe.com\/shop\/produkt\/edelstahlerdungsband\/\" \/>\n<meta property=\"og:locale\" content=\"de_DE\" \/>\n<meta property=\"og:type\" content=\"article\" \/>\n<meta property=\"og:title\" content=\"Edelstahlerdungsband - Elektrosmog-Schutz Onlineshop\" \/>\n<meta property=\"og:description\" content=\"Korrosionsbest\u00e4ndige Komponente aus rostfreiem Stahl, um Abschirmungsfl\u00e4chen in den Potenzialausgleich einzubeziehen\" \/>\n<meta property=\"og:url\" content=\"https:\/\/ecologa-europe.com\/shop\/produkt\/edelstahlerdungsband\/\" \/>\n<meta property=\"og:site_name\" content=\"Elektrosmog-Schutz Onlineshop\" \/>\n<meta property=\"article:publisher\" content=\"https:\/\/www.facebook.com\/Ecologa-Europe-GmbH-1604744566252298\/\" \/>\n<meta property=\"article:modified_time\" content=\"2025-05-16T10:43:08+00:00\" \/>\n<meta property=\"og:image\" content=\"https:\/\/ecologa-europe.com\/shop\/wp-content\/uploads\/2025\/04\/Edelstahlerdungsband_1.jpg\" \/>\n\t<meta property=\"og:image:width\" content=\"720\" \/>\n\t<meta property=\"og:image:height\" content=\"720\" \/>\n\t<meta property=\"og:image:type\" content=\"image\/jpeg\" \/>\n<meta name=\"twitter:card\" content=\"summary_large_image\" \/>\n<meta name=\"twitter:label1\" content=\"Gesch\u00e4tzte Lesezeit\" \/>\n\t<meta name=\"twitter:data1\" content=\"2\u00a0Minuten\" \/>\n<script type=\"application\/ld+json\" class=\"yoast-schema-graph\">{\"@context\":\"https:\\\/\\\/schema.org\",\"@graph\":[{\"@type\":\"WebPage\",\"@id\":\"https:\\\/\\\/ecologa-europe.com\\\/shop\\\/produkt\\\/edelstahlerdungsband\\\/\",\"url\":\"https:\\\/\\\/ecologa-europe.com\\\/shop\\\/produkt\\\/edelstahlerdungsband\\\/\",\"name\":\"Edelstahlerdungsband - Elektrosmog-Schutz Onlineshop\",\"isPartOf\":{\"@id\":\"https:\\\/\\\/ecologa-europe.com\\\/shop\\\/#website\"},\"primaryImageOfPage\":{\"@id\":\"https:\\\/\\\/ecologa-europe.com\\\/shop\\\/produkt\\\/edelstahlerdungsband\\\/#primaryimage\"},\"image\":{\"@id\":\"https:\\\/\\\/ecologa-europe.com\\\/shop\\\/produkt\\\/edelstahlerdungsband\\\/#primaryimage\"},\"thumbnailUrl\":\"https:\\\/\\\/ecologa-europe.com\\\/shop\\\/wp-content\\\/uploads\\\/2025\\\/04\\\/Edelstahlerdungsband_1.jpg\",\"datePublished\":\"2025-05-16T10:29:33+00:00\",\"dateModified\":\"2025-05-16T10:43:08+00:00\",\"description\":\"Korrosionsbest\u00e4ndige Komponente aus rostfreiem Stahl, um Abschirmungsfl\u00e4chen in den Potenzialausgleich einzubeziehen\",\"breadcrumb\":{\"@id\":\"https:\\\/\\\/ecologa-europe.com\\\/shop\\\/produkt\\\/edelstahlerdungsband\\\/#breadcrumb\"},\"inLanguage\":\"de\",\"potentialAction\":[{\"@type\":\"ReadAction\",\"target\":[\"https:\\\/\\\/ecologa-europe.com\\\/shop\\\/produkt\\\/edelstahlerdungsband\\\/\"]}]},{\"@type\":\"ImageObject\",\"inLanguage\":\"de\",\"@id\":\"https:\\\/\\\/ecologa-europe.com\\\/shop\\\/produkt\\\/edelstahlerdungsband\\\/#primaryimage\",\"url\":\"https:\\\/\\\/ecologa-europe.com\\\/shop\\\/wp-content\\\/uploads\\\/2025\\\/04\\\/Edelstahlerdungsband_1.jpg\",\"contentUrl\":\"https:\\\/\\\/ecologa-europe.com\\\/shop\\\/wp-content\\\/uploads\\\/2025\\\/04\\\/Edelstahlerdungsband_1.jpg\",\"width\":720,\"height\":720},{\"@type\":\"BreadcrumbList\",\"@id\":\"https:\\\/\\\/ecologa-europe.com\\\/shop\\\/produkt\\\/edelstahlerdungsband\\\/#breadcrumb\",\"itemListElement\":[{\"@type\":\"ListItem\",\"position\":1,\"name\":\"Startseite\",\"item\":\"https:\\\/\\\/ecologa-europe.com\\\/shop\\\/\"},{\"@type\":\"ListItem\",\"position\":2,\"name\":\"Shop\",\"item\":\"https:\\\/\\\/ecologa-europe.com\\\/shop\\\/shop\\\/\"},{\"@type\":\"ListItem\",\"position\":3,\"name\":\"Edelstahlerdungsband\"}]},{\"@type\":\"WebSite\",\"@id\":\"https:\\\/\\\/ecologa-europe.com\\\/shop\\\/#website\",\"url\":\"https:\\\/\\\/ecologa-europe.com\\\/shop\\\/\",\"name\":\"Elektrosmog-Schutz Onlineshop\",\"description\":\"Ecologa Europe\",\"publisher\":{\"@id\":\"https:\\\/\\\/ecologa-europe.com\\\/shop\\\/#organization\"},\"potentialAction\":[{\"@type\":\"SearchAction\",\"target\":{\"@type\":\"EntryPoint\",\"urlTemplate\":\"https:\\\/\\\/ecologa-europe.com\\\/shop\\\/?s={search_term_string}\"},\"query-input\":{\"@type\":\"PropertyValueSpecification\",\"valueRequired\":true,\"valueName\":\"search_term_string\"}}],\"inLanguage\":\"de\"},{\"@type\":\"Organization\",\"@id\":\"https:\\\/\\\/ecologa-europe.com\\\/shop\\\/#organization\",\"name\":\"Elektrosmog-Schutz Onlineshop\",\"url\":\"https:\\\/\\\/ecologa-europe.com\\\/shop\\\/\",\"logo\":{\"@type\":\"ImageObject\",\"inLanguage\":\"de\",\"@id\":\"https:\\\/\\\/ecologa-europe.com\\\/shop\\\/#\\\/schema\\\/logo\\\/image\\\/\",\"url\":\"https:\\\/\\\/ecologa-europe.com\\\/shop\\\/wp-content\\\/uploads\\\/2025\\\/04\\\/vertical-navbar-logo.svg\",\"contentUrl\":\"https:\\\/\\\/ecologa-europe.com\\\/shop\\\/wp-content\\\/uploads\\\/2025\\\/04\\\/vertical-navbar-logo.svg\",\"width\":182,\"height\":70,\"caption\":\"Elektrosmog-Schutz Onlineshop\"},\"image\":{\"@id\":\"https:\\\/\\\/ecologa-europe.com\\\/shop\\\/#\\\/schema\\\/logo\\\/image\\\/\"},\"sameAs\":[\"https:\\\/\\\/www.facebook.com\\\/Ecologa-Europe-GmbH-1604744566252298\\\/\",\"https:\\\/\\\/www.instagram.com\\\/ecologaeurope\\\/\"]}]}<\/script>\n<!-- \/ Yoast SEO plugin. -->","yoast_head_json":{"title":"Edelstahlerdungsband - Elektrosmog-Schutz Onlineshop","description":"Korrosionsbest\u00e4ndige Komponente aus rostfreiem Stahl, um Abschirmungsfl\u00e4chen in den Potenzialausgleich einzubeziehen","robots":{"index":"index","follow":"follow","max-snippet":"max-snippet:-1","max-image-preview":"max-image-preview:large","max-video-preview":"max-video-preview:-1"},"canonical":"https:\/\/ecologa-europe.com\/shop\/produkt\/edelstahlerdungsband\/","og_locale":"de_DE","og_type":"article","og_title":"Edelstahlerdungsband - Elektrosmog-Schutz Onlineshop","og_description":"Korrosionsbest\u00e4ndige Komponente aus rostfreiem Stahl, um Abschirmungsfl\u00e4chen in den Potenzialausgleich einzubeziehen","og_url":"https:\/\/ecologa-europe.com\/shop\/produkt\/edelstahlerdungsband\/","og_site_name":"Elektrosmog-Schutz Onlineshop","article_publisher":"https:\/\/www.facebook.com\/Ecologa-Europe-GmbH-1604744566252298\/","article_modified_time":"2025-05-16T10:43:08+00:00","og_image":[{"width":720,"height":720,"url":"https:\/\/ecologa-europe.com\/shop\/wp-content\/uploads\/2025\/04\/Edelstahlerdungsband_1.jpg","type":"image\/jpeg"}],"twitter_card":"summary_large_image","twitter_misc":{"Gesch\u00e4tzte Lesezeit":"2\u00a0Minuten"},"schema":{"@context":"https:\/\/schema.org","@graph":[{"@type":"WebPage","@id":"https:\/\/ecologa-europe.com\/shop\/produkt\/edelstahlerdungsband\/","url":"https:\/\/ecologa-europe.com\/shop\/produkt\/edelstahlerdungsband\/","name":"Edelstahlerdungsband - Elektrosmog-Schutz Onlineshop","isPartOf":{"@id":"https:\/\/ecologa-europe.com\/shop\/#website"},"primaryImageOfPage":{"@id":"https:\/\/ecologa-europe.com\/shop\/produkt\/edelstahlerdungsband\/#primaryimage"},"image":{"@id":"https:\/\/ecologa-europe.com\/shop\/produkt\/edelstahlerdungsband\/#primaryimage"},"thumbnailUrl":"https:\/\/ecologa-europe.com\/shop\/wp-content\/uploads\/2025\/04\/Edelstahlerdungsband_1.jpg","datePublished":"2025-05-16T10:29:33+00:00","dateModified":"2025-05-16T10:43:08+00:00","description":"Korrosionsbest\u00e4ndige Komponente aus rostfreiem Stahl, um Abschirmungsfl\u00e4chen in den Potenzialausgleich einzubeziehen","breadcrumb":{"@id":"https:\/\/ecologa-europe.com\/shop\/produkt\/edelstahlerdungsband\/#breadcrumb"},"inLanguage":"de","potentialAction":[{"@type":"ReadAction","target":["https:\/\/ecologa-europe.com\/shop\/produkt\/edelstahlerdungsband\/"]}]},{"@type":"ImageObject","inLanguage":"de","@id":"https:\/\/ecologa-europe.com\/shop\/produkt\/edelstahlerdungsband\/#primaryimage","url":"https:\/\/ecologa-europe.com\/shop\/wp-content\/uploads\/2025\/04\/Edelstahlerdungsband_1.jpg","contentUrl":"https:\/\/ecologa-europe.com\/shop\/wp-content\/uploads\/2025\/04\/Edelstahlerdungsband_1.jpg","width":720,"height":720},{"@type":"BreadcrumbList","@id":"https:\/\/ecologa-europe.com\/shop\/produkt\/edelstahlerdungsband\/#breadcrumb","itemListElement":[{"@type":"ListItem","position":1,"name":"Startseite","item":"https:\/\/ecologa-europe.com\/shop\/"},{"@type":"ListItem","position":2,"name":"Shop","item":"https:\/\/ecologa-europe.com\/shop\/shop\/"},{"@type":"ListItem","position":3,"name":"Edelstahlerdungsband"}]},{"@type":"WebSite","@id":"https:\/\/ecologa-europe.com\/shop\/#website","url":"https:\/\/ecologa-europe.com\/shop\/","name":"Elektrosmog-Schutz Onlineshop","description":"Ecologa Europe","publisher":{"@id":"https:\/\/ecologa-europe.com\/shop\/#organization"},"potentialAction":[{"@type":"SearchAction","target":{"@type":"EntryPoint","urlTemplate":"https:\/\/ecologa-europe.com\/shop\/?s={search_term_string}"},"query-input":{"@type":"PropertyValueSpecification","valueRequired":true,"valueName":"search_term_string"}}],"inLanguage":"de"},{"@type":"Organization","@id":"https:\/\/ecologa-europe.com\/shop\/#organization","name":"Elektrosmog-Schutz Onlineshop","url":"https:\/\/ecologa-europe.com\/shop\/","logo":{"@type":"ImageObject","inLanguage":"de","@id":"https:\/\/ecologa-europe.com\/shop\/#\/schema\/logo\/image\/","url":"https:\/\/ecologa-europe.com\/shop\/wp-content\/uploads\/2025\/04\/vertical-navbar-logo.svg","contentUrl":"https:\/\/ecologa-europe.com\/shop\/wp-content\/uploads\/2025\/04\/vertical-navbar-logo.svg","width":182,"height":70,"caption":"Elektrosmog-Schutz Onlineshop"},"image":{"@id":"https:\/\/ecologa-europe.com\/shop\/#\/schema\/logo\/image\/"},"sameAs":["https:\/\/www.facebook.com\/Ecologa-Europe-GmbH-1604744566252298\/","https:\/\/www.instagram.com\/ecologaeurope\/"]}]}},"_links":{"self":[{"href":"https:\/\/ecologa-europe.com\/shop\/wp-json\/wp\/v2\/product\/7946","targetHints":{"allow":["GET"]}}],"collection":[{"href":"https:\/\/ecologa-europe.com\/shop\/wp-json\/wp\/v2\/product"}],"about":[{"href":"https:\/\/ecologa-europe.com\/shop\/wp-json\/wp\/v2\/types\/product"}],"wp:featuredmedia":[{"embeddable":true,"href":"https:\/\/ecologa-europe.com\/shop\/wp-json\/wp\/v2\/media\/811"}],"wp:attachment":[{"href":"https:\/\/ecologa-europe.com\/shop\/wp-json\/wp\/v2\/media?parent=7946"}],"wp:term":[{"taxonomy":"product_brand","embeddable":true,"href":"https:\/\/ecologa-europe.com\/shop\/wp-json\/wp\/v2\/product_brand?post=7946"},{"taxonomy":"product_cat","embeddable":true,"href":"https:\/\/ecologa-europe.com\/shop\/wp-json\/wp\/v2\/product_cat?post=7946"},{"taxonomy":"product_tag","embeddable":true,"href":"https:\/\/ecologa-europe.com\/shop\/wp-json\/wp\/v2\/product_tag?post=7946"}],"curies":[{"name":"wp","href":"https:\/\/api.w.org\/{rel}","templated":true}]}}