{"id":7948,"date":"2025-05-16T10:29:33","date_gmt":"2025-05-16T10:29:33","guid":{"rendered":"https:\/\/639.pm-domains.de\/?post_type=product&#038;p=7948"},"modified":"2025-05-16T10:43:08","modified_gmt":"2025-05-16T10:43:08","slug":"bande-de-mise-a-la-terre-en-acier-inoxydable","status":"publish","type":"product","link":"https:\/\/ecologa-europe.com\/shop\/produkt\/bande-de-mise-a-la-terre-en-acier-inoxydable\/?lang=fr","title":{"rendered":"Bande de mise \u00e0 la terre en acier inoxydable"},"content":{"rendered":"<p>Ce ruban en acier inoxydable convient \u00e0 la pose sous cr\u00e9pi (par exemple sous le parquet, le stratifi\u00e9 ou les plaques de pl\u00e2tre) et est id\u00e9al pour la mise \u00e0 la terre dans la construction s\u00e8che.<\/p>\n<p><strong>Mise en place du ruban de mise \u00e0 la terre perfor\u00e9 en acier inoxydable<\/strong><\/p>\n<p>Les bandes de grillage en acier inoxydable tiss\u00e9 sont d\u00e9roul\u00e9es sur la surface, positionn\u00e9es avec un chevauchement de 5 \u00e0 10 cm, puis fix\u00e9es sur le support.<br \/>\nAfin de garantir la conductivit\u00e9 \u00e9lectrique lors de la mise \u00e0 la terre de tous les l\u00e9s de grillage en acier inoxydable, la bande de mise \u00e0 la terre est viss\u00e9e au support dans les zones de chevauchement, perpendiculairement \u00e0 tous les l\u00e9s. De cette mani\u00e8re, les diff\u00e9rents l\u00e9s de treillis en acier inoxydable sont press\u00e9s les uns contre les autres, ce qui permet d&#8217;\u00e9tablir une bonne conductivit\u00e9 (m\u00eame si, dans le cas d&#8217;un plancher, la chape est ensuite coul\u00e9e). Pour fixer la bande de mise \u00e0 la terre sur les l\u00e9s, les vis doivent \u00eatre plac\u00e9es au moins tous les 20 cm le long de la bande perfor\u00e9e.<\/p>\n<p>IMPORTANT !<br \/>\nL&#8217;installation requise doit imp\u00e9rativement \u00eatre effectu\u00e9e par un \u00e9lectricien qualifi\u00e9. Un disjoncteur de fuite \u00e0 la terre (FI ou RCD \u2264 30 mA) doit \u00eatre install\u00e9 dans le circuit \u00e9lectrique. Ce dispositif standard est install\u00e9 par votre \u00e9lectricien qualifi\u00e9 si vous n&#8217;en disposez pas.<br \/>\nTous les travaux \u00e9lectriques (travaux sur les appareils et les installations) doivent \u00eatre effectu\u00e9s et contr\u00f4l\u00e9s par un \u00e9lectricien qualifi\u00e9 ou sous sa direction et sa surveillance !<\/p>\n<p><strong>Donn\u00e9es techniques<\/strong><br \/>\nLongueur : 10,0 m\u00e8tres \/ 1 rouleau<br \/>\nlargeur : 16,0 mm<br \/>\n\u00e9paisseur : 0,9 mm<br \/>\nDiam\u00e8tre du trou petit : \u00d8 4 mm<br \/>\nDiam\u00e8tre du trou grand : \u00d8 7 mm<br \/>\nEspacement des trous petit : 20 mm<br \/>\nEspacement des trous grand : 20 mm<br \/>\nCouleur : argent<br \/>\nComposition : acier inoxydable<br \/>\nComposant r\u00e9sistant \u00e0 la corrosion<br \/>\nDomaine d&#8217;application :<br \/>\nToiture int\u00e9rieure<br \/>\nDomaine des murs et des plafonds \u00e0 l&#8217;int\u00e9rieur<br \/>\nSols (sous rev\u00eatements flottants et fixes).<br \/>\nmoquettes, parquets et planchers en bois)<\/p>\n<p>&nbsp;<\/p>\n","protected":false},"excerpt":{"rendered":"<p>Composant en acier inoxydable r\u00e9sistant \u00e0 la corrosion, permettant d&#8217;inclure les surfaces de blindage existantes dans la compensation de potentiel.<\/p>\n<p>Ce ruban en acier inoxydable convient \u00e0 la pose sous cr\u00e9pi (par exemple sous le parquet, le stratifi\u00e9 ou les plaques de pl\u00e2tre) et est id\u00e9al pour la mise \u00e0 la terre dans la construction s\u00e8che.<\/p>\n<p>IMPORTANT !<br \/>\nL&#8217;installation requise doit imp\u00e9rativement \u00eatre effectu\u00e9e par un \u00e9lectricien qualifi\u00e9. Un disjoncteur de fuite \u00e0 la terre (FI ou RCD \u2264 30 mA) doit \u00eatre install\u00e9 dans le circuit \u00e9lectrique. Ce dispositif standard est install\u00e9 par votre \u00e9lectricien qualifi\u00e9 si vous n&#8217;en disposez pas.<br \/>\nTous les travaux \u00e9lectriques (travaux sur les appareils et les installations) doivent \u00eatre effectu\u00e9s et contr\u00f4l\u00e9s par un \u00e9lectricien qualifi\u00e9 ou sous sa direction et sa surveillance !<\/p>\n<p>Couleur argent\u00e9e<br \/>\nlongueur 10 m- rouleau<br \/>\nlargeur : 16,0 mm<br \/>\n\u00c9paisseur : 0,9 mm<\/p>\n","protected":false},"featured_media":811,"template":"","meta":{"inline_featured_image":false,"site-sidebar-layout":"default","site-content-layout":"","ast-site-content-layout":"default","site-content-style":"default","site-sidebar-style":"default","ast-global-header-display":"","ast-banner-title-visibility":"","ast-main-header-display":"","ast-hfb-above-header-display":"","ast-hfb-below-header-display":"","ast-hfb-mobile-header-display":"","site-post-title":"","ast-breadcrumbs-content":"","ast-featured-img":"","footer-sml-layout":"","ast-disable-related-posts":"","theme-transparent-header-meta":"","adv-header-id-meta":"","stick-header-meta":"","header-above-stick-meta":"","header-main-stick-meta":"","header-below-stick-meta":"","astra-migrate-meta-layouts":"default","ast-page-background-enabled":"default","ast-page-background-meta":{"desktop":{"background-color":"var(--ast-global-color-5)","background-image":"","background-repeat":"repeat","background-position":"center center","background-size":"auto","background-attachment":"scroll","background-type":"","background-media":"","overlay-type":"","overlay-color":"","overlay-opacity":"","overlay-gradient":""},"tablet":{"background-color":"","background-image":"","background-repeat":"repeat","background-position":"center center","background-size":"auto","background-attachment":"scroll","background-type":"","background-media":"","overlay-type":"","overlay-color":"","overlay-opacity":"","overlay-gradient":""},"mobile":{"background-color":"","background-image":"","background-repeat":"repeat","background-position":"center center","background-size":"auto","background-attachment":"scroll","background-type":"","background-media":"","overlay-type":"","overlay-color":"","overlay-opacity":"","overlay-gradient":""}},"ast-content-background-meta":{"desktop":{"background-color":"var(--ast-global-color-4)","background-image":"","background-repeat":"repeat","background-position":"center center","background-size":"auto","background-attachment":"scroll","background-type":"","background-media":"","overlay-type":"","overlay-color":"","overlay-opacity":"","overlay-gradient":""},"tablet":{"background-color":"var(--ast-global-color-4)","background-image":"","background-repeat":"repeat","background-position":"center center","background-size":"auto","background-attachment":"scroll","background-type":"","background-media":"","overlay-type":"","overlay-color":"","overlay-opacity":"","overlay-gradient":""},"mobile":{"background-color":"var(--ast-global-color-4)","background-image":"","background-repeat":"repeat","background-position":"center center","background-size":"auto","background-attachment":"scroll","background-type":"","background-media":"","overlay-type":"","overlay-color":"","overlay-opacity":"","overlay-gradient":""}}},"product_brand":[],"product_cat":[280,281],"product_tag":[282,210,283],"class_list":{"0":"post-7948","1":"product","2":"type-product","3":"status-publish","4":"has-post-thumbnail","6":"product_cat-accessoires-de-mise-a-terre","7":"product_cat-non-tisse-et-treillis-de-blindage","8":"product_tag-basse-frequence","9":"product_tag-haute-frequence","10":"product_tag-mise-a-la-terre","11":"product_shipping_class-standardversand","12":"desktop-align-left","13":"tablet-align-left","14":"mobile-align-left","16":"first","17":"instock","18":"taxable","19":"shipping-taxable","20":"purchasable","21":"product-type-simple"},"yoast_head":"<!-- This site is optimized with the Yoast SEO plugin v27.3 - https:\/\/yoast.com\/product\/yoast-seo-wordpress\/ -->\n<title>Bande de mise \u00e0 la terre en acier inoxydable - Elektrosmog-Schutz Onlineshop<\/title>\n<meta name=\"description\" content=\"Composant en acier inoxydable r\u00e9sistant \u00e0 la corrosion, pour inclure les surfaces de blindage dans la liaison \u00e9quipotentielle\" \/>\n<meta name=\"robots\" content=\"index, follow, max-snippet:-1, max-image-preview:large, max-video-preview:-1\" \/>\n<link rel=\"canonical\" href=\"https:\/\/ecologa-europe.com\/shop\/produkt\/bande-de-mise-a-la-terre-en-acier-inoxydable\/\" \/>\n<meta property=\"og:locale\" content=\"de_DE\" \/>\n<meta property=\"og:type\" content=\"article\" \/>\n<meta property=\"og:title\" content=\"Bande de mise \u00e0 la terre en acier inoxydable - Elektrosmog-Schutz Onlineshop\" \/>\n<meta property=\"og:description\" content=\"Composant en acier inoxydable r\u00e9sistant \u00e0 la corrosion, pour inclure les surfaces de blindage dans la liaison \u00e9quipotentielle\" \/>\n<meta property=\"og:url\" content=\"https:\/\/ecologa-europe.com\/shop\/produkt\/bande-de-mise-a-la-terre-en-acier-inoxydable\/?lang=fr\" \/>\n<meta property=\"og:site_name\" content=\"Elektrosmog-Schutz Onlineshop\" \/>\n<meta property=\"article:publisher\" content=\"https:\/\/www.facebook.com\/Ecologa-Europe-GmbH-1604744566252298\/\" \/>\n<meta property=\"article:modified_time\" content=\"2025-05-16T10:43:08+00:00\" \/>\n<meta property=\"og:image\" content=\"https:\/\/ecologa-europe.com\/shop\/wp-content\/uploads\/2025\/04\/Edelstahlerdungsband_1.jpg\" \/>\n\t<meta property=\"og:image:width\" content=\"720\" \/>\n\t<meta property=\"og:image:height\" content=\"720\" \/>\n\t<meta property=\"og:image:type\" content=\"image\/jpeg\" \/>\n<meta name=\"twitter:card\" content=\"summary_large_image\" \/>\n<meta name=\"twitter:label1\" content=\"Gesch\u00e4tzte Lesezeit\" \/>\n\t<meta name=\"twitter:data1\" content=\"3\u00a0Minuten\" \/>\n<script type=\"application\/ld+json\" class=\"yoast-schema-graph\">{\"@context\":\"https:\\\/\\\/schema.org\",\"@graph\":[{\"@type\":\"WebPage\",\"@id\":\"https:\\\/\\\/ecologa-europe.com\\\/shop\\\/produkt\\\/bande-de-mise-a-la-terre-en-acier-inoxydable\\\/?lang=fr\",\"url\":\"https:\\\/\\\/ecologa-europe.com\\\/shop\\\/produkt\\\/bande-de-mise-a-la-terre-en-acier-inoxydable\\\/?lang=fr\",\"name\":\"Bande de mise \u00e0 la terre en acier inoxydable - Elektrosmog-Schutz Onlineshop\",\"isPartOf\":{\"@id\":\"https:\\\/\\\/ecologa-europe.com\\\/shop\\\/#website\"},\"primaryImageOfPage\":{\"@id\":\"https:\\\/\\\/ecologa-europe.com\\\/shop\\\/produkt\\\/bande-de-mise-a-la-terre-en-acier-inoxydable\\\/?lang=fr#primaryimage\"},\"image\":{\"@id\":\"https:\\\/\\\/ecologa-europe.com\\\/shop\\\/produkt\\\/bande-de-mise-a-la-terre-en-acier-inoxydable\\\/?lang=fr#primaryimage\"},\"thumbnailUrl\":\"https:\\\/\\\/ecologa-europe.com\\\/shop\\\/wp-content\\\/uploads\\\/2025\\\/04\\\/Edelstahlerdungsband_1.jpg\",\"datePublished\":\"2025-05-16T10:29:33+00:00\",\"dateModified\":\"2025-05-16T10:43:08+00:00\",\"description\":\"Composant en acier inoxydable r\u00e9sistant \u00e0 la corrosion, pour inclure les surfaces de blindage dans la liaison \u00e9quipotentielle\",\"breadcrumb\":{\"@id\":\"https:\\\/\\\/ecologa-europe.com\\\/shop\\\/produkt\\\/bande-de-mise-a-la-terre-en-acier-inoxydable\\\/?lang=fr#breadcrumb\"},\"inLanguage\":\"de\",\"potentialAction\":[{\"@type\":\"ReadAction\",\"target\":[\"https:\\\/\\\/ecologa-europe.com\\\/shop\\\/produkt\\\/bande-de-mise-a-la-terre-en-acier-inoxydable\\\/?lang=fr\"]}]},{\"@type\":\"ImageObject\",\"inLanguage\":\"de\",\"@id\":\"https:\\\/\\\/ecologa-europe.com\\\/shop\\\/produkt\\\/bande-de-mise-a-la-terre-en-acier-inoxydable\\\/?lang=fr#primaryimage\",\"url\":\"https:\\\/\\\/ecologa-europe.com\\\/shop\\\/wp-content\\\/uploads\\\/2025\\\/04\\\/Edelstahlerdungsband_1.jpg\",\"contentUrl\":\"https:\\\/\\\/ecologa-europe.com\\\/shop\\\/wp-content\\\/uploads\\\/2025\\\/04\\\/Edelstahlerdungsband_1.jpg\",\"width\":720,\"height\":720},{\"@type\":\"BreadcrumbList\",\"@id\":\"https:\\\/\\\/ecologa-europe.com\\\/shop\\\/produkt\\\/bande-de-mise-a-la-terre-en-acier-inoxydable\\\/?lang=fr#breadcrumb\",\"itemListElement\":[{\"@type\":\"ListItem\",\"position\":1,\"name\":\"Startseite\",\"item\":\"https:\\\/\\\/ecologa-europe.com\\\/shop\\\/\"},{\"@type\":\"ListItem\",\"position\":2,\"name\":\"Shop\",\"item\":\"https:\\\/\\\/ecologa-europe.com\\\/shop\\\/shop\\\/\"},{\"@type\":\"ListItem\",\"position\":3,\"name\":\"Bande de mise \u00e0 la terre en acier inoxydable\"}]},{\"@type\":\"WebSite\",\"@id\":\"https:\\\/\\\/ecologa-europe.com\\\/shop\\\/#website\",\"url\":\"https:\\\/\\\/ecologa-europe.com\\\/shop\\\/\",\"name\":\"Elektrosmog-Schutz Onlineshop\",\"description\":\"Ecologa Europe\",\"publisher\":{\"@id\":\"https:\\\/\\\/ecologa-europe.com\\\/shop\\\/#organization\"},\"potentialAction\":[{\"@type\":\"SearchAction\",\"target\":{\"@type\":\"EntryPoint\",\"urlTemplate\":\"https:\\\/\\\/ecologa-europe.com\\\/shop\\\/?s={search_term_string}\"},\"query-input\":{\"@type\":\"PropertyValueSpecification\",\"valueRequired\":true,\"valueName\":\"search_term_string\"}}],\"inLanguage\":\"de\"},{\"@type\":\"Organization\",\"@id\":\"https:\\\/\\\/ecologa-europe.com\\\/shop\\\/#organization\",\"name\":\"Elektrosmog-Schutz Onlineshop\",\"url\":\"https:\\\/\\\/ecologa-europe.com\\\/shop\\\/\",\"logo\":{\"@type\":\"ImageObject\",\"inLanguage\":\"de\",\"@id\":\"https:\\\/\\\/ecologa-europe.com\\\/shop\\\/#\\\/schema\\\/logo\\\/image\\\/\",\"url\":\"https:\\\/\\\/ecologa-europe.com\\\/shop\\\/wp-content\\\/uploads\\\/2025\\\/04\\\/vertical-navbar-logo.svg\",\"contentUrl\":\"https:\\\/\\\/ecologa-europe.com\\\/shop\\\/wp-content\\\/uploads\\\/2025\\\/04\\\/vertical-navbar-logo.svg\",\"width\":182,\"height\":70,\"caption\":\"Elektrosmog-Schutz Onlineshop\"},\"image\":{\"@id\":\"https:\\\/\\\/ecologa-europe.com\\\/shop\\\/#\\\/schema\\\/logo\\\/image\\\/\"},\"sameAs\":[\"https:\\\/\\\/www.facebook.com\\\/Ecologa-Europe-GmbH-1604744566252298\\\/\",\"https:\\\/\\\/www.instagram.com\\\/ecologaeurope\\\/\"]}]}<\/script>\n<!-- \/ Yoast SEO plugin. -->","yoast_head_json":{"title":"Bande de mise \u00e0 la terre en acier inoxydable - Elektrosmog-Schutz Onlineshop","description":"Composant en acier inoxydable r\u00e9sistant \u00e0 la corrosion, pour inclure les surfaces de blindage dans la liaison \u00e9quipotentielle","robots":{"index":"index","follow":"follow","max-snippet":"max-snippet:-1","max-image-preview":"max-image-preview:large","max-video-preview":"max-video-preview:-1"},"canonical":"https:\/\/ecologa-europe.com\/shop\/produkt\/bande-de-mise-a-la-terre-en-acier-inoxydable\/","og_locale":"de_DE","og_type":"article","og_title":"Bande de mise \u00e0 la terre en acier inoxydable - Elektrosmog-Schutz Onlineshop","og_description":"Composant en acier inoxydable r\u00e9sistant \u00e0 la corrosion, pour inclure les surfaces de blindage dans la liaison \u00e9quipotentielle","og_url":"https:\/\/ecologa-europe.com\/shop\/produkt\/bande-de-mise-a-la-terre-en-acier-inoxydable\/?lang=fr","og_site_name":"Elektrosmog-Schutz Onlineshop","article_publisher":"https:\/\/www.facebook.com\/Ecologa-Europe-GmbH-1604744566252298\/","article_modified_time":"2025-05-16T10:43:08+00:00","og_image":[{"width":720,"height":720,"url":"https:\/\/ecologa-europe.com\/shop\/wp-content\/uploads\/2025\/04\/Edelstahlerdungsband_1.jpg","type":"image\/jpeg"}],"twitter_card":"summary_large_image","twitter_misc":{"Gesch\u00e4tzte Lesezeit":"3\u00a0Minuten"},"schema":{"@context":"https:\/\/schema.org","@graph":[{"@type":"WebPage","@id":"https:\/\/ecologa-europe.com\/shop\/produkt\/bande-de-mise-a-la-terre-en-acier-inoxydable\/?lang=fr","url":"https:\/\/ecologa-europe.com\/shop\/produkt\/bande-de-mise-a-la-terre-en-acier-inoxydable\/?lang=fr","name":"Bande de mise \u00e0 la terre en acier inoxydable - Elektrosmog-Schutz Onlineshop","isPartOf":{"@id":"https:\/\/ecologa-europe.com\/shop\/#website"},"primaryImageOfPage":{"@id":"https:\/\/ecologa-europe.com\/shop\/produkt\/bande-de-mise-a-la-terre-en-acier-inoxydable\/?lang=fr#primaryimage"},"image":{"@id":"https:\/\/ecologa-europe.com\/shop\/produkt\/bande-de-mise-a-la-terre-en-acier-inoxydable\/?lang=fr#primaryimage"},"thumbnailUrl":"https:\/\/ecologa-europe.com\/shop\/wp-content\/uploads\/2025\/04\/Edelstahlerdungsband_1.jpg","datePublished":"2025-05-16T10:29:33+00:00","dateModified":"2025-05-16T10:43:08+00:00","description":"Composant en acier inoxydable r\u00e9sistant \u00e0 la corrosion, pour inclure les surfaces de blindage dans la liaison \u00e9quipotentielle","breadcrumb":{"@id":"https:\/\/ecologa-europe.com\/shop\/produkt\/bande-de-mise-a-la-terre-en-acier-inoxydable\/?lang=fr#breadcrumb"},"inLanguage":"de","potentialAction":[{"@type":"ReadAction","target":["https:\/\/ecologa-europe.com\/shop\/produkt\/bande-de-mise-a-la-terre-en-acier-inoxydable\/?lang=fr"]}]},{"@type":"ImageObject","inLanguage":"de","@id":"https:\/\/ecologa-europe.com\/shop\/produkt\/bande-de-mise-a-la-terre-en-acier-inoxydable\/?lang=fr#primaryimage","url":"https:\/\/ecologa-europe.com\/shop\/wp-content\/uploads\/2025\/04\/Edelstahlerdungsband_1.jpg","contentUrl":"https:\/\/ecologa-europe.com\/shop\/wp-content\/uploads\/2025\/04\/Edelstahlerdungsband_1.jpg","width":720,"height":720},{"@type":"BreadcrumbList","@id":"https:\/\/ecologa-europe.com\/shop\/produkt\/bande-de-mise-a-la-terre-en-acier-inoxydable\/?lang=fr#breadcrumb","itemListElement":[{"@type":"ListItem","position":1,"name":"Startseite","item":"https:\/\/ecologa-europe.com\/shop\/"},{"@type":"ListItem","position":2,"name":"Shop","item":"https:\/\/ecologa-europe.com\/shop\/shop\/"},{"@type":"ListItem","position":3,"name":"Bande de mise \u00e0 la terre en acier inoxydable"}]},{"@type":"WebSite","@id":"https:\/\/ecologa-europe.com\/shop\/#website","url":"https:\/\/ecologa-europe.com\/shop\/","name":"Elektrosmog-Schutz Onlineshop","description":"Ecologa Europe","publisher":{"@id":"https:\/\/ecologa-europe.com\/shop\/#organization"},"potentialAction":[{"@type":"SearchAction","target":{"@type":"EntryPoint","urlTemplate":"https:\/\/ecologa-europe.com\/shop\/?s={search_term_string}"},"query-input":{"@type":"PropertyValueSpecification","valueRequired":true,"valueName":"search_term_string"}}],"inLanguage":"de"},{"@type":"Organization","@id":"https:\/\/ecologa-europe.com\/shop\/#organization","name":"Elektrosmog-Schutz Onlineshop","url":"https:\/\/ecologa-europe.com\/shop\/","logo":{"@type":"ImageObject","inLanguage":"de","@id":"https:\/\/ecologa-europe.com\/shop\/#\/schema\/logo\/image\/","url":"https:\/\/ecologa-europe.com\/shop\/wp-content\/uploads\/2025\/04\/vertical-navbar-logo.svg","contentUrl":"https:\/\/ecologa-europe.com\/shop\/wp-content\/uploads\/2025\/04\/vertical-navbar-logo.svg","width":182,"height":70,"caption":"Elektrosmog-Schutz Onlineshop"},"image":{"@id":"https:\/\/ecologa-europe.com\/shop\/#\/schema\/logo\/image\/"},"sameAs":["https:\/\/www.facebook.com\/Ecologa-Europe-GmbH-1604744566252298\/","https:\/\/www.instagram.com\/ecologaeurope\/"]}]}},"_links":{"self":[{"href":"https:\/\/ecologa-europe.com\/shop\/wp-json\/wp\/v2\/product\/7948","targetHints":{"allow":["GET"]}}],"collection":[{"href":"https:\/\/ecologa-europe.com\/shop\/wp-json\/wp\/v2\/product"}],"about":[{"href":"https:\/\/ecologa-europe.com\/shop\/wp-json\/wp\/v2\/types\/product"}],"wp:featuredmedia":[{"embeddable":true,"href":"https:\/\/ecologa-europe.com\/shop\/wp-json\/wp\/v2\/media\/811"}],"wp:attachment":[{"href":"https:\/\/ecologa-europe.com\/shop\/wp-json\/wp\/v2\/media?parent=7948"}],"wp:term":[{"taxonomy":"product_brand","embeddable":true,"href":"https:\/\/ecologa-europe.com\/shop\/wp-json\/wp\/v2\/product_brand?post=7948"},{"taxonomy":"product_cat","embeddable":true,"href":"https:\/\/ecologa-europe.com\/shop\/wp-json\/wp\/v2\/product_cat?post=7948"},{"taxonomy":"product_tag","embeddable":true,"href":"https:\/\/ecologa-europe.com\/shop\/wp-json\/wp\/v2\/product_tag?post=7948"}],"curies":[{"name":"wp","href":"https:\/\/api.w.org\/{rel}","templated":true}]}}