{"id":7962,"date":"2025-05-16T10:29:51","date_gmt":"2025-05-16T10:29:51","guid":{"rendered":"https:\/\/639.pm-domains.de\/?post_type=product&#038;p=7962"},"modified":"2026-03-25T16:58:19","modified_gmt":"2026-03-25T16:58:19","slug":"abschirmponcho-viggo","status":"publish","type":"product","link":"https:\/\/ecologa-europe.com\/shop\/produkt\/abschirmponcho-viggo\/","title":{"rendered":"Abschirmponcho Viggo"},"content":{"rendered":"<p>Elektrosensibilit\u00e4t, auch elektromagnetische Hypersensibilit\u00e4t genannt, betrifft weltweit eine wachsende Zahl von Menschen. Forschungsergebnissen zufolge weisen zwischen 2 und 15 % der Bev\u00f6lkerung eine Hypersensibilit\u00e4t gegen\u00fcber Hochfrequenzen auf. Obwohl dieses Ph\u00e4nomen von der Wissenschaft noch nicht anerkannt ist, empfinden die Betroffenen ihre Schmerzen sehr greifbar. Die Symptome sind von Person zu Person unterschiedlich, umfassen jedoch h\u00e4ufig Kopfschmerzen, M\u00fcdigkeit, Konzentrationsschwierigkeiten, \u00dcbelkeit, Herzklopfen sowie Verdauungsprobleme.<\/p>\n<p>F\u00fcr diejenigen, die sich sch\u00fctzen m\u00f6chten, haben wir eine Reihe von hochwirksamer Abschirmkleidung f\u00fcr M\u00e4nner und Frauen entwickelt. Diese Kleidung bietet einen wesentlichen Schutz vor hohen Frequenzen und ist gleichzeitig in einem modernen Streetwear-Stil gestaltet. Streetwear ist mehr als nur ein Kleidungsstil; sie ist eine weltweite kulturelle Bewegung, die Komfort, \u00c4sthetik und Selbstausdruck miteinander verbindet und f\u00fcr alle Altersgruppen zug\u00e4nglich ist.<\/p>\n<p>Wir stellen Ihnen eine unserer neuesten Kreationen vor: den Poncho Viggo.<\/p>\n<p>Ponchos erleben gerade ein Comeback und eignen sich ideal als \u00dcbergangsjacken, die jedem Outfit einen l\u00e4ssigen Touch verleihen. Mit seinem kurzen Schnitt bleibt Viggo leicht und angenehm zu tragen, ohne einzuengen.<\/p>\n<p>Der Poncho besteht au\u00dfen aus Mini Cable Jersey-Baumwolle, innen aus Punta di Milano Jersey und ist mit einem abschirmenden Futter versehen.<br \/>\nDer Stoff Mini Cable Jersey verleiht dem traditionellen Baumwolljersey eine einzigartige Note und sorgt mit seinem raffinierten Design daf\u00fcr, dass Sie auch im Alltag elegant aussehen.<br \/>\nMit seiner robusten Struktur und dem Vier-Wege-Stretch eignet sich Punta di Milano perfekt f\u00fcr Kleidungsst\u00fccke, die Stil und Komfort miteinander verbinden.<br \/>\nDieser Stoff wird aus Ringspinngarn hergestellt, das entsteht, indem die Fasern gedreht und ausged\u00fcnnt werden, um ein feines, weiches und strapazierf\u00e4higes Garn zu erzeugen. Dieser Prozess f\u00fchrt zu einem Stoff, der haltbarer ist und sich besser anf\u00fchlt als Standardgarne. Kleidungsst\u00fccke aus Ringspinngarn sind luxuri\u00f6ser und haben eine l\u00e4ngere Lebensdauer, wodurch sie sich ideal f\u00fcr den t\u00e4glichen Gebrauch eignen.<\/p>\n<p>Der Poncho Viggo ist in Hellgrau und Schwarz erh\u00e4ltlich und mit einer Kapuze ausgestattet, die auch den Kopf sch\u00fctzt.<br \/>\nEr bietet einen Schutz von etwa 99 % vor Hochfrequenzen.<\/p>\n<p>Die verwendeten Stoffe entsprechen dem OEKO-TEX Standard 100, der schadstoffgepr\u00fcfte Textilien garantiert und Kriterien f\u00fcr die Textilsicherheit von der Garnproduktion bis zum fertigen Produkt festlegt. Jeder Artikel, der das OEKO-TEX\u00ae STANDARD 100-Label tr\u00e4gt, hat die Labortests auf Schadstoffe bestanden.<\/p>\n<p>Unsere Produkte werden in Deutschland hergestellt.<\/p>\n<p>Technische Daten:<\/p>\n<p>Gr\u00f6\u00dfe: Einzelgr\u00f6\u00dfe<br \/>\nFarbe: hellgrau meliert, schwarz<br \/>\nAu\u00dfenmaterial: Mini Cable Cotton Jersey hellgrau gemischt oder schwarz<br \/>\nZusammensetzung: 80% Baumwolle 15% Polyester 5% Elastan<br \/>\nInnenstoff: Jersey Punta di Milano 65% Viskose, 30% Polyamid, 5% Elasthan<br \/>\nAbgeschirmtes Futter: 90% Polyester, 10% Kupfersilber<br \/>\nAbschirmungsd\u00e4mpfung: 30 dB im Durchschnitt im Bereich von 450 MHz bis 5,8 GHz.<br \/>\nBei einer Abschirmungsd\u00e4mpfung von 30 dB werden 99,9 % der eingehenden Leistung abgeschirmt und nur 0,1 % weitergeleitet.<\/p>\n<p>Die von uns angebotenen Kleidungsst\u00fccke sch\u00fctzen vor Hochfrequenzen.<br \/>\nDiese abgeschirmten Stoffe sch\u00fctzen nicht vor Niederfrequenzen oder magnetischen Feldern.<br \/>\nDaher sind sie f\u00fcr Tr\u00e4ger von Herzschrittmachern ungeeignet.<br \/>\nF\u00fcr weitere Informationen zu diesem Thema wenden Sie sich bitte an uns.<\/p>\n<p>Pflegehinweise :<\/p>\n<p>30 \u00b0C Feinw\u00e4sche\/Wollwaschgang.<br \/>\nNicht bleichen.<br \/>\nNicht im Trockner trocknen. Die Textilien vertragen keine Trocknung im Trockner.<br \/>\nNicht hei\u00df b\u00fcgeln<br \/>\nKeine chemische Reinigung m\u00f6glich. Nicht mit L\u00f6sungsmitteln behandeln.<br \/>\nKeine Fleckenentferner auf L\u00f6sungsmittelbasis verwenden.<br \/>\nTrocknen auf einer W\u00e4scheleine im Schatten<\/p>\n","protected":false},"excerpt":{"rendered":"<p>Elektrosensibilit\u00e4t, auch elektromagnetische Hypersensibilit\u00e4t genannt, betrifft weltweit eine wachsende Zahl von Menschen. Forschungsergebnissen zufolge weisen zwischen 2 und 15 % der Bev\u00f6lkerung eine Hypersensibilit\u00e4t gegen\u00fcber Hochfrequenzen auf.<\/p>\n<p>F\u00fcr diejenigen, die sich sch\u00fctzen m\u00f6chten, haben wir eine Reihe von hochwirksamer Abschirmkleidung f\u00fcr M\u00e4nner und Frauen entwickelt.<\/p>\n<p>Wir stellen Ihnen eine unserer neuesten Kreationen vor: den Poncho Viggo.<\/p>\n<p>Viggo ist in Hellgrau und Schwarz erh\u00e4ltlich und mit einer Kapuze ausgestattet, die auch den Kopf sch\u00fctzt. Mit seinem kurzen Schnitt bleibt Viggo leicht und angenehm zu tragen, ohne einzuengen.<br \/>\nEr bietet einen Schutz von etwa 99 % vor Hochfrequenzen.<br \/>\nAbschirmungsd\u00e4mpfung: 30 dB im Durchschnitt im Bereich von 450 MHz bis 5,8 GHz.<br \/>\nBei einer Abschirmungsd\u00e4mpfung von 30 dB werden 99,9 % der eingehenden Leistung abgeschirmt und nur 0,1 % weitergeleitet.<\/p>\n<p>Die verwendeten Stoffe entsprechen dem OEKO-TEX Standard 100<\/p>\n<p>Einheitsgr\u00f6\u00dfe<br \/>\nIn Deutschland gefertigt<\/p>\n","protected":false},"featured_media":7987,"template":"","meta":{"inline_featured_image":false,"site-sidebar-layout":"default","site-content-layout":"","ast-site-content-layout":"default","site-content-style":"default","site-sidebar-style":"default","ast-global-header-display":"","ast-banner-title-visibility":"","ast-main-header-display":"","ast-hfb-above-header-display":"","ast-hfb-below-header-display":"","ast-hfb-mobile-header-display":"","site-post-title":"","ast-breadcrumbs-content":"","ast-featured-img":"","footer-sml-layout":"","ast-disable-related-posts":"","theme-transparent-header-meta":"default","adv-header-id-meta":"","stick-header-meta":"","header-above-stick-meta":"","header-main-stick-meta":"","header-below-stick-meta":"","astra-migrate-meta-layouts":"set","ast-page-background-enabled":"default","ast-page-background-meta":{"desktop":{"background-color":"var(--ast-global-color-5)","background-image":"","background-repeat":"repeat","background-position":"center center","background-size":"auto","background-attachment":"scroll","background-type":"","background-media":"","overlay-type":"","overlay-color":"","overlay-opacity":"","overlay-gradient":""},"tablet":{"background-color":"","background-image":"","background-repeat":"repeat","background-position":"center center","background-size":"auto","background-attachment":"scroll","background-type":"","background-media":"","overlay-type":"","overlay-color":"","overlay-opacity":"","overlay-gradient":""},"mobile":{"background-color":"","background-image":"","background-repeat":"repeat","background-position":"center center","background-size":"auto","background-attachment":"scroll","background-type":"","background-media":"","overlay-type":"","overlay-color":"","overlay-opacity":"","overlay-gradient":""}},"ast-content-background-meta":{"desktop":{"background-color":"var(--ast-global-color-4)","background-image":"","background-repeat":"repeat","background-position":"center center","background-size":"auto","background-attachment":"scroll","background-type":"","background-media":"","overlay-type":"","overlay-color":"","overlay-opacity":"","overlay-gradient":""},"tablet":{"background-color":"var(--ast-global-color-4)","background-image":"","background-repeat":"repeat","background-position":"center center","background-size":"auto","background-attachment":"scroll","background-type":"","background-media":"","overlay-type":"","overlay-color":"","overlay-opacity":"","overlay-gradient":""},"mobile":{"background-color":"var(--ast-global-color-4)","background-image":"","background-repeat":"repeat","background-position":"center center","background-size":"auto","background-attachment":"scroll","background-type":"","background-media":"","overlay-type":"","overlay-color":"","overlay-opacity":"","overlay-gradient":""}}},"product_brand":[],"product_cat":[16,17,82],"product_tag":[19,68,27],"class_list":{"0":"post-7962","1":"product","2":"type-product","3":"status-publish","4":"has-post-thumbnail","6":"product_cat-abschirmkleidung","7":"product_cat-abschirmkleidung-damen","8":"product_cat-jacken","9":"product_tag-abschirmkleidung","10":"product_tag-schutz-5g","11":"product_tag-schutzkleidung-elektrosmog","12":"product_shipping_class-standardversand","13":"pa_farbe-hellgrau","14":"pa_farbe-schwarz","15":"desktop-align-left","16":"tablet-align-left","17":"mobile-align-left","19":"first","20":"instock","21":"taxable","22":"shipping-taxable","23":"purchasable","24":"product-type-variable"},"yoast_head":"<!-- This site is optimized with the Yoast SEO plugin v27.3 - https:\/\/yoast.com\/product\/yoast-seo-wordpress\/ -->\n<title>Abschirmponcho Viggo - Elektrosmog-Schutz Onlineshop<\/title>\n<meta name=\"description\" content=\"Der Poncho Viggo ist leicht und angenehm zu tragen, ohne einzuengen. Er bietet einen Schutz von etwa 99 % vor Hochfrequenzen.\" \/>\n<meta name=\"robots\" content=\"index, follow, max-snippet:-1, max-image-preview:large, max-video-preview:-1\" \/>\n<link rel=\"canonical\" href=\"https:\/\/ecologa-europe.com\/shop\/produkt\/abschirmponcho-viggo\/\" \/>\n<meta property=\"og:locale\" content=\"de_DE\" \/>\n<meta property=\"og:type\" content=\"article\" \/>\n<meta property=\"og:title\" content=\"Abschirmponcho Viggo - Elektrosmog-Schutz Onlineshop\" \/>\n<meta property=\"og:description\" content=\"Der Poncho Viggo ist leicht und angenehm zu tragen, ohne einzuengen. Er bietet einen Schutz von etwa 99 % vor Hochfrequenzen.\" \/>\n<meta property=\"og:url\" content=\"https:\/\/ecologa-europe.com\/shop\/produkt\/abschirmponcho-viggo\/\" \/>\n<meta property=\"og:site_name\" content=\"Elektrosmog-Schutz Onlineshop\" \/>\n<meta property=\"article:publisher\" content=\"https:\/\/www.facebook.com\/Ecologa-Europe-GmbH-1604744566252298\/\" \/>\n<meta property=\"article:modified_time\" content=\"2026-03-25T16:58:19+00:00\" \/>\n<meta property=\"og:image\" content=\"https:\/\/ecologa-europe.com\/shop\/wp-content\/uploads\/2025\/05\/viggo_1-3.jpg\" \/>\n\t<meta property=\"og:image:width\" content=\"1200\" \/>\n\t<meta property=\"og:image:height\" content=\"1800\" \/>\n\t<meta property=\"og:image:type\" content=\"image\/jpeg\" \/>\n<meta name=\"twitter:card\" content=\"summary_large_image\" \/>\n<meta name=\"twitter:label1\" content=\"Gesch\u00e4tzte Lesezeit\" \/>\n\t<meta name=\"twitter:data1\" content=\"4\u00a0Minuten\" \/>\n<script type=\"application\/ld+json\" class=\"yoast-schema-graph\">{\"@context\":\"https:\\\/\\\/schema.org\",\"@graph\":[{\"@type\":\"WebPage\",\"@id\":\"https:\\\/\\\/ecologa-europe.com\\\/shop\\\/produkt\\\/abschirmponcho-viggo\\\/\",\"url\":\"https:\\\/\\\/ecologa-europe.com\\\/shop\\\/produkt\\\/abschirmponcho-viggo\\\/\",\"name\":\"Abschirmponcho Viggo - Elektrosmog-Schutz Onlineshop\",\"isPartOf\":{\"@id\":\"https:\\\/\\\/ecologa-europe.com\\\/shop\\\/#website\"},\"primaryImageOfPage\":{\"@id\":\"https:\\\/\\\/ecologa-europe.com\\\/shop\\\/produkt\\\/abschirmponcho-viggo\\\/#primaryimage\"},\"image\":{\"@id\":\"https:\\\/\\\/ecologa-europe.com\\\/shop\\\/produkt\\\/abschirmponcho-viggo\\\/#primaryimage\"},\"thumbnailUrl\":\"https:\\\/\\\/ecologa-europe.com\\\/shop\\\/wp-content\\\/uploads\\\/2025\\\/05\\\/viggo_1-3.jpg\",\"datePublished\":\"2025-05-16T10:29:51+00:00\",\"dateModified\":\"2026-03-25T16:58:19+00:00\",\"description\":\"Der Poncho Viggo ist leicht und angenehm zu tragen, ohne einzuengen. Er bietet einen Schutz von etwa 99 % vor Hochfrequenzen.\",\"breadcrumb\":{\"@id\":\"https:\\\/\\\/ecologa-europe.com\\\/shop\\\/produkt\\\/abschirmponcho-viggo\\\/#breadcrumb\"},\"inLanguage\":\"de\",\"potentialAction\":[{\"@type\":\"ReadAction\",\"target\":[\"https:\\\/\\\/ecologa-europe.com\\\/shop\\\/produkt\\\/abschirmponcho-viggo\\\/\"]}]},{\"@type\":\"ImageObject\",\"inLanguage\":\"de\",\"@id\":\"https:\\\/\\\/ecologa-europe.com\\\/shop\\\/produkt\\\/abschirmponcho-viggo\\\/#primaryimage\",\"url\":\"https:\\\/\\\/ecologa-europe.com\\\/shop\\\/wp-content\\\/uploads\\\/2025\\\/05\\\/viggo_1-3.jpg\",\"contentUrl\":\"https:\\\/\\\/ecologa-europe.com\\\/shop\\\/wp-content\\\/uploads\\\/2025\\\/05\\\/viggo_1-3.jpg\",\"width\":1200,\"height\":1800},{\"@type\":\"BreadcrumbList\",\"@id\":\"https:\\\/\\\/ecologa-europe.com\\\/shop\\\/produkt\\\/abschirmponcho-viggo\\\/#breadcrumb\",\"itemListElement\":[{\"@type\":\"ListItem\",\"position\":1,\"name\":\"Startseite\",\"item\":\"https:\\\/\\\/ecologa-europe.com\\\/shop\\\/\"},{\"@type\":\"ListItem\",\"position\":2,\"name\":\"Shop\",\"item\":\"https:\\\/\\\/ecologa-europe.com\\\/shop\\\/shop\\\/\"},{\"@type\":\"ListItem\",\"position\":3,\"name\":\"Abschirmponcho Viggo\"}]},{\"@type\":\"WebSite\",\"@id\":\"https:\\\/\\\/ecologa-europe.com\\\/shop\\\/#website\",\"url\":\"https:\\\/\\\/ecologa-europe.com\\\/shop\\\/\",\"name\":\"Elektrosmog-Schutz Onlineshop\",\"description\":\"Ecologa Europe\",\"publisher\":{\"@id\":\"https:\\\/\\\/ecologa-europe.com\\\/shop\\\/#organization\"},\"potentialAction\":[{\"@type\":\"SearchAction\",\"target\":{\"@type\":\"EntryPoint\",\"urlTemplate\":\"https:\\\/\\\/ecologa-europe.com\\\/shop\\\/?s={search_term_string}\"},\"query-input\":{\"@type\":\"PropertyValueSpecification\",\"valueRequired\":true,\"valueName\":\"search_term_string\"}}],\"inLanguage\":\"de\"},{\"@type\":\"Organization\",\"@id\":\"https:\\\/\\\/ecologa-europe.com\\\/shop\\\/#organization\",\"name\":\"Elektrosmog-Schutz Onlineshop\",\"url\":\"https:\\\/\\\/ecologa-europe.com\\\/shop\\\/\",\"logo\":{\"@type\":\"ImageObject\",\"inLanguage\":\"de\",\"@id\":\"https:\\\/\\\/ecologa-europe.com\\\/shop\\\/#\\\/schema\\\/logo\\\/image\\\/\",\"url\":\"https:\\\/\\\/ecologa-europe.com\\\/shop\\\/wp-content\\\/uploads\\\/2025\\\/04\\\/vertical-navbar-logo.svg\",\"contentUrl\":\"https:\\\/\\\/ecologa-europe.com\\\/shop\\\/wp-content\\\/uploads\\\/2025\\\/04\\\/vertical-navbar-logo.svg\",\"width\":182,\"height\":70,\"caption\":\"Elektrosmog-Schutz Onlineshop\"},\"image\":{\"@id\":\"https:\\\/\\\/ecologa-europe.com\\\/shop\\\/#\\\/schema\\\/logo\\\/image\\\/\"},\"sameAs\":[\"https:\\\/\\\/www.facebook.com\\\/Ecologa-Europe-GmbH-1604744566252298\\\/\",\"https:\\\/\\\/www.instagram.com\\\/ecologaeurope\\\/\"]}]}<\/script>\n<!-- \/ Yoast SEO plugin. -->","yoast_head_json":{"title":"Abschirmponcho Viggo - Elektrosmog-Schutz Onlineshop","description":"Der Poncho Viggo ist leicht und angenehm zu tragen, ohne einzuengen. Er bietet einen Schutz von etwa 99 % vor Hochfrequenzen.","robots":{"index":"index","follow":"follow","max-snippet":"max-snippet:-1","max-image-preview":"max-image-preview:large","max-video-preview":"max-video-preview:-1"},"canonical":"https:\/\/ecologa-europe.com\/shop\/produkt\/abschirmponcho-viggo\/","og_locale":"de_DE","og_type":"article","og_title":"Abschirmponcho Viggo - Elektrosmog-Schutz Onlineshop","og_description":"Der Poncho Viggo ist leicht und angenehm zu tragen, ohne einzuengen. Er bietet einen Schutz von etwa 99 % vor Hochfrequenzen.","og_url":"https:\/\/ecologa-europe.com\/shop\/produkt\/abschirmponcho-viggo\/","og_site_name":"Elektrosmog-Schutz Onlineshop","article_publisher":"https:\/\/www.facebook.com\/Ecologa-Europe-GmbH-1604744566252298\/","article_modified_time":"2026-03-25T16:58:19+00:00","og_image":[{"width":1200,"height":1800,"url":"https:\/\/ecologa-europe.com\/shop\/wp-content\/uploads\/2025\/05\/viggo_1-3.jpg","type":"image\/jpeg"}],"twitter_card":"summary_large_image","twitter_misc":{"Gesch\u00e4tzte Lesezeit":"4\u00a0Minuten"},"schema":{"@context":"https:\/\/schema.org","@graph":[{"@type":"WebPage","@id":"https:\/\/ecologa-europe.com\/shop\/produkt\/abschirmponcho-viggo\/","url":"https:\/\/ecologa-europe.com\/shop\/produkt\/abschirmponcho-viggo\/","name":"Abschirmponcho Viggo - Elektrosmog-Schutz Onlineshop","isPartOf":{"@id":"https:\/\/ecologa-europe.com\/shop\/#website"},"primaryImageOfPage":{"@id":"https:\/\/ecologa-europe.com\/shop\/produkt\/abschirmponcho-viggo\/#primaryimage"},"image":{"@id":"https:\/\/ecologa-europe.com\/shop\/produkt\/abschirmponcho-viggo\/#primaryimage"},"thumbnailUrl":"https:\/\/ecologa-europe.com\/shop\/wp-content\/uploads\/2025\/05\/viggo_1-3.jpg","datePublished":"2025-05-16T10:29:51+00:00","dateModified":"2026-03-25T16:58:19+00:00","description":"Der Poncho Viggo ist leicht und angenehm zu tragen, ohne einzuengen. Er bietet einen Schutz von etwa 99 % vor Hochfrequenzen.","breadcrumb":{"@id":"https:\/\/ecologa-europe.com\/shop\/produkt\/abschirmponcho-viggo\/#breadcrumb"},"inLanguage":"de","potentialAction":[{"@type":"ReadAction","target":["https:\/\/ecologa-europe.com\/shop\/produkt\/abschirmponcho-viggo\/"]}]},{"@type":"ImageObject","inLanguage":"de","@id":"https:\/\/ecologa-europe.com\/shop\/produkt\/abschirmponcho-viggo\/#primaryimage","url":"https:\/\/ecologa-europe.com\/shop\/wp-content\/uploads\/2025\/05\/viggo_1-3.jpg","contentUrl":"https:\/\/ecologa-europe.com\/shop\/wp-content\/uploads\/2025\/05\/viggo_1-3.jpg","width":1200,"height":1800},{"@type":"BreadcrumbList","@id":"https:\/\/ecologa-europe.com\/shop\/produkt\/abschirmponcho-viggo\/#breadcrumb","itemListElement":[{"@type":"ListItem","position":1,"name":"Startseite","item":"https:\/\/ecologa-europe.com\/shop\/"},{"@type":"ListItem","position":2,"name":"Shop","item":"https:\/\/ecologa-europe.com\/shop\/shop\/"},{"@type":"ListItem","position":3,"name":"Abschirmponcho Viggo"}]},{"@type":"WebSite","@id":"https:\/\/ecologa-europe.com\/shop\/#website","url":"https:\/\/ecologa-europe.com\/shop\/","name":"Elektrosmog-Schutz Onlineshop","description":"Ecologa Europe","publisher":{"@id":"https:\/\/ecologa-europe.com\/shop\/#organization"},"potentialAction":[{"@type":"SearchAction","target":{"@type":"EntryPoint","urlTemplate":"https:\/\/ecologa-europe.com\/shop\/?s={search_term_string}"},"query-input":{"@type":"PropertyValueSpecification","valueRequired":true,"valueName":"search_term_string"}}],"inLanguage":"de"},{"@type":"Organization","@id":"https:\/\/ecologa-europe.com\/shop\/#organization","name":"Elektrosmog-Schutz Onlineshop","url":"https:\/\/ecologa-europe.com\/shop\/","logo":{"@type":"ImageObject","inLanguage":"de","@id":"https:\/\/ecologa-europe.com\/shop\/#\/schema\/logo\/image\/","url":"https:\/\/ecologa-europe.com\/shop\/wp-content\/uploads\/2025\/04\/vertical-navbar-logo.svg","contentUrl":"https:\/\/ecologa-europe.com\/shop\/wp-content\/uploads\/2025\/04\/vertical-navbar-logo.svg","width":182,"height":70,"caption":"Elektrosmog-Schutz Onlineshop"},"image":{"@id":"https:\/\/ecologa-europe.com\/shop\/#\/schema\/logo\/image\/"},"sameAs":["https:\/\/www.facebook.com\/Ecologa-Europe-GmbH-1604744566252298\/","https:\/\/www.instagram.com\/ecologaeurope\/"]}]}},"_links":{"self":[{"href":"https:\/\/ecologa-europe.com\/shop\/wp-json\/wp\/v2\/product\/7962","targetHints":{"allow":["GET"]}}],"collection":[{"href":"https:\/\/ecologa-europe.com\/shop\/wp-json\/wp\/v2\/product"}],"about":[{"href":"https:\/\/ecologa-europe.com\/shop\/wp-json\/wp\/v2\/types\/product"}],"wp:featuredmedia":[{"embeddable":true,"href":"https:\/\/ecologa-europe.com\/shop\/wp-json\/wp\/v2\/media\/7987"}],"wp:attachment":[{"href":"https:\/\/ecologa-europe.com\/shop\/wp-json\/wp\/v2\/media?parent=7962"}],"wp:term":[{"taxonomy":"product_brand","embeddable":true,"href":"https:\/\/ecologa-europe.com\/shop\/wp-json\/wp\/v2\/product_brand?post=7962"},{"taxonomy":"product_cat","embeddable":true,"href":"https:\/\/ecologa-europe.com\/shop\/wp-json\/wp\/v2\/product_cat?post=7962"},{"taxonomy":"product_tag","embeddable":true,"href":"https:\/\/ecologa-europe.com\/shop\/wp-json\/wp\/v2\/product_tag?post=7962"}],"curies":[{"name":"wp","href":"https:\/\/api.w.org\/{rel}","templated":true}]}}