{"id":7965,"date":"2025-05-16T10:29:51","date_gmt":"2025-05-16T10:29:51","guid":{"rendered":"https:\/\/639.pm-domains.de\/?post_type=product&#038;p=7965"},"modified":"2025-12-20T00:56:36","modified_gmt":"2025-12-20T00:56:36","slug":"poncho-schermante-viggo","status":"publish","type":"product","link":"https:\/\/ecologa-europe.com\/shop\/produkt\/poncho-schermante-viggo\/?lang=it","title":{"rendered":"Poncho schermante Viggo"},"content":{"rendered":"<p>L&#8217;elettrosensibilit\u00e0, nota anche come ipersensibilit\u00e0 elettromagnetica, colpisce un numero crescente di persone in tutto il mondo. Le ricerche indicano che tra il 2% e il 15% della popolazione \u00e8 ipersensibile alle radiofrequenze. Sebbene questo fenomeno non sia ancora riconosciuto dalla scienza, chi ne soffre avverte il dolore in modo molto tangibile. I sintomi variano da un individuo all&#8217;altro, ma spesso includono mal di testa, stanchezza, difficolt\u00e0 di concentrazione, nausea, palpitazioni e problemi digestivi.<\/p>\n<p>Per coloro che desiderano proteggersi, abbiamo creato una gamma di indumenti corazzati altamente efficaci per uomini e donne. Questi indumenti offrono una protezione essenziale contro le alte frequenze e sono progettati in un moderno stile streetwear. Lo streetwear \u00e8 pi\u00f9 di un semplice stile di abbigliamento; \u00e8 un movimento culturale globale che combina comfort, estetica ed espressione personale, accessibile a tutte le et\u00e0.<\/p>\n<p>Ecco una delle nostre ultime creazioni: il\u00a0 Poncho Viggo.<\/p>\n<p>I poncho stanno tornando di moda e sono ideali come giacche di transizione, aggiungendo un tocco casual a qualsiasi abbigliamento. Con il suo taglio corto, Viggo \u00e8 leggero e comodo da indossare, senza essere soffocante.<\/p>\n<p>Il poncho \u00e8 realizzato in cotone jersey mini cable all&#8217;esterno, con jersey Punta di Milano all&#8217;interno e una fodera blindata.<br \/>\nIl tessuto Mini Cable Jersey offre un tocco unico al tradizionale jersey di cotone, con il suo design raffinato che vi far\u00e0 apparire eleganti ogni giorno.<br \/>\nGrazie alla sua struttura robusta e all&#8217;elasticit\u00e0 dello stretch a quattro vie, Punta di Milano \u00e8 perfetto per capi che uniscono stile e comfort.<br \/>\nQuesto tessuto \u00e8 realizzato con un filato ad anello, che si ottiene torcendo e assottigliando le fibre per creare un filato fine, morbido e resistente. Questo processo produce un tessuto pi\u00f9 resistente e piacevole al tatto rispetto ai filati standard. I capi realizzati con filati ad anello sono pi\u00f9 lussuosi e durano pi\u00f9 a lungo, il che li rende ideali per l&#8217;uso quotidiano.<\/p>\n<p>Il Poncho Viggo \u00e8 disponibile nei colori grigio chiaro e nero ed \u00e8 dotato di un cappuccio per proteggere anche la testa.<br \/>\nOffre una protezione del 99% circa contro le alte frequenze.<\/p>\n<p>I tessuti utilizzati sono conformi all&#8217;OEKO-TEX Standard 100, che garantisce tessuti testati per le sostanze nocive e stabilisce criteri di sicurezza tessile, dalla produzione del filato al prodotto finito. Ogni articolo con il marchio OEKO-TEX\u00ae STANDARD 100 ha superato i test di laboratorio per le sostanze nocive.<\/p>\n<p>I nostri prodotti sono realizzati in Germania.<\/p>\n<p>Dati tecnici:<\/p>\n<p>Taglia: taglia unica<br \/>\nColore: misto grigio chiaro, nero<br \/>\nTessuto esterno: Mini Cable misto cotone Jersey grigio chiaro<br \/>\nComposizione: 80% cotone 15% poliestere 5% elastan<br \/>\nTessuto interno: Jersey Punta di Milano 65% Viscosa, 30% Poliammide, 5% Elastan<br \/>\nFodera blindata: 90% poliestere, 10% rame argentato<br \/>\nAttenuazione dello schermo: 30 dB medi sulla gamma da 450 MHz a 5,8 GHz<br \/>\nCon un&#8217;attenuazione dello schermo di 30 dB, il 99,9% della potenza in ingresso \u00e8 protetto e solo lo 0,1% viene trasmesso.<\/p>\n<p>Gli indumenti che offriamo proteggono dalle alte frequenze.<br \/>\nQuesti tessuti schermati non proteggono dalle basse frequenze o dai campi magnetici.<br \/>\nNon sono quindi adatti ai portatori di pacemaker.<br \/>\nPer ulteriori informazioni, contattateci.<\/p>\n<p>Istruzioni per la cura :<\/p>\n<p>Lavaggio delicato\/di lana a 30\u00b0C<br \/>\nNon candeggiare<br \/>\nNon asciugare in asciugatrice. I tessuti non possono essere asciugati in asciugatrice.<br \/>\nNon stirare a caldo<br \/>\nNon lavare a secco. Non trattare con solventi.<br \/>\nNon utilizzare smacchiatori a base di solventi.<br \/>\nAsciugare su uno stendino all&#8217;ombra.<\/p>\n<p>&nbsp;<\/p>\n","protected":false},"excerpt":{"rendered":"<p>L&#8217;elettrosensibilit\u00e0, nota anche come ipersensibilit\u00e0 elettromagnetica, colpisce un numero crescente di persone in tutto il mondo. Secondo le ricerche, tra il 2% e il 15% della popolazione \u00e8 ipersensibile alle radiofrequenze.<\/p>\n<p>Per coloro che desiderano proteggersi, abbiamo sviluppato una gamma di indumenti schermanti altamente efficaci per uomini e donne.<\/p>\n<p>Vi presentiamo una delle nostre ultime creazioni: il poncho Viggo.<\/p>\n<p>Viggo \u00e8 disponibile in grigio chiaro e nero ed \u00e8 dotato di un cappuccio che protegge anche la testa. Grazie al suo taglio corto, Viggo rimane leggero e comodo da indossare senza essere costrittivo.<br \/>\nOffre una protezione del 99% circa contro le alte frequenze.<br \/>\nAttenuazione della schermatura: 30 dB in media nella gamma da 450 MHz a 5,8 GHz.<br \/>\nCon un&#8217;attenuazione della schermatura di 30 dB, il 99,9% della potenza in ingresso viene schermata e solo lo 0,1% viene trasmesso.<\/p>\n<p>I tessuti utilizzati sono conformi allo standard OEKO-TEX 100.<\/p>\n<p>Taglia unica<br \/>\nProdotto in Germania<\/p>\n","protected":false},"featured_media":7990,"template":"","meta":{"inline_featured_image":false,"site-sidebar-layout":"default","site-content-layout":"","ast-site-content-layout":"default","site-content-style":"default","site-sidebar-style":"default","ast-global-header-display":"","ast-banner-title-visibility":"","ast-main-header-display":"","ast-hfb-above-header-display":"","ast-hfb-below-header-display":"","ast-hfb-mobile-header-display":"","site-post-title":"","ast-breadcrumbs-content":"","ast-featured-img":"","footer-sml-layout":"","ast-disable-related-posts":"","theme-transparent-header-meta":"default","adv-header-id-meta":"","stick-header-meta":"","header-above-stick-meta":"","header-main-stick-meta":"","header-below-stick-meta":"","astra-migrate-meta-layouts":"default","ast-page-background-enabled":"default","ast-page-background-meta":{"desktop":{"background-color":"var(--ast-global-color-5)","background-image":"","background-repeat":"repeat","background-position":"center center","background-size":"auto","background-attachment":"scroll","background-type":"","background-media":"","overlay-type":"","overlay-color":"","overlay-opacity":"","overlay-gradient":""},"tablet":{"background-color":"","background-image":"","background-repeat":"repeat","background-position":"center center","background-size":"auto","background-attachment":"scroll","background-type":"","background-media":"","overlay-type":"","overlay-color":"","overlay-opacity":"","overlay-gradient":""},"mobile":{"background-color":"","background-image":"","background-repeat":"repeat","background-position":"center center","background-size":"auto","background-attachment":"scroll","background-type":"","background-media":"","overlay-type":"","overlay-color":"","overlay-opacity":"","overlay-gradient":""}},"ast-content-background-meta":{"desktop":{"background-color":"var(--ast-global-color-4)","background-image":"","background-repeat":"repeat","background-position":"center center","background-size":"auto","background-attachment":"scroll","background-type":"","background-media":"","overlay-type":"","overlay-color":"","overlay-opacity":"","overlay-gradient":""},"tablet":{"background-color":"var(--ast-global-color-4)","background-image":"","background-repeat":"repeat","background-position":"center center","background-size":"auto","background-attachment":"scroll","background-type":"","background-media":"","overlay-type":"","overlay-color":"","overlay-opacity":"","overlay-gradient":""},"mobile":{"background-color":"var(--ast-global-color-4)","background-image":"","background-repeat":"repeat","background-position":"center center","background-size":"auto","background-attachment":"scroll","background-type":"","background-media":"","overlay-type":"","overlay-color":"","overlay-opacity":"","overlay-gradient":""}}},"product_brand":[],"product_cat":[190,202],"product_tag":[192,230],"class_list":{"0":"post-7965","1":"product","2":"type-product","3":"status-publish","4":"has-post-thumbnail","6":"product_cat-abbigliamento-high-tech","7":"product_cat-donne","8":"product_tag-abbigliamenti-schermanti","9":"product_tag-protezione-5g","10":"product_shipping_class-standardversand","11":"pa_farbe-grigio-chiaro","12":"pa_farbe-nero","13":"desktop-align-left","14":"tablet-align-left","15":"mobile-align-left","17":"first","18":"instock","19":"taxable","20":"shipping-taxable","21":"purchasable","22":"product-type-variable"},"yoast_head":"<!-- This site is optimized with the Yoast SEO plugin v27.3 - https:\/\/yoast.com\/product\/yoast-seo-wordpress\/ -->\n<title>Poncho schermante Viggo - Elektrosmog-Schutz Onlineshop<\/title>\n<meta name=\"description\" content=\"Viggo \u00e8 leggero e comodo da indossare senza essere costrittivo. Offre una protezione del 99% circa contro le alte frequenze.\" \/>\n<meta name=\"robots\" content=\"index, follow, max-snippet:-1, max-image-preview:large, max-video-preview:-1\" \/>\n<link rel=\"canonical\" href=\"https:\/\/ecologa-europe.com\/shop\/produkt\/poncho-schermante-viggo\/\" \/>\n<meta property=\"og:locale\" content=\"de_DE\" \/>\n<meta property=\"og:type\" content=\"article\" \/>\n<meta property=\"og:title\" content=\"Poncho schermante Viggo - Elektrosmog-Schutz Onlineshop\" \/>\n<meta property=\"og:description\" content=\"Viggo \u00e8 leggero e comodo da indossare senza essere costrittivo. Offre una protezione del 99% circa contro le alte frequenze.\" \/>\n<meta property=\"og:url\" content=\"https:\/\/ecologa-europe.com\/shop\/produkt\/poncho-schermante-viggo\/?lang=it\" \/>\n<meta property=\"og:site_name\" content=\"Elektrosmog-Schutz Onlineshop\" \/>\n<meta property=\"article:publisher\" content=\"https:\/\/www.facebook.com\/Ecologa-Europe-GmbH-1604744566252298\/\" \/>\n<meta property=\"article:modified_time\" content=\"2025-12-20T00:56:36+00:00\" \/>\n<meta property=\"og:image\" content=\"https:\/\/ecologa-europe.com\/shop\/wp-content\/uploads\/2025\/05\/viggo_1-3.jpg\" \/>\n\t<meta property=\"og:image:width\" content=\"1200\" \/>\n\t<meta property=\"og:image:height\" content=\"1800\" \/>\n\t<meta property=\"og:image:type\" content=\"image\/jpeg\" \/>\n<meta name=\"twitter:card\" content=\"summary_large_image\" \/>\n<meta name=\"twitter:label1\" content=\"Gesch\u00e4tzte Lesezeit\" \/>\n\t<meta name=\"twitter:data1\" content=\"4\u00a0Minuten\" \/>\n<script type=\"application\/ld+json\" class=\"yoast-schema-graph\">{\"@context\":\"https:\\\/\\\/schema.org\",\"@graph\":[{\"@type\":\"WebPage\",\"@id\":\"https:\\\/\\\/ecologa-europe.com\\\/shop\\\/produkt\\\/poncho-schermante-viggo\\\/?lang=it\",\"url\":\"https:\\\/\\\/ecologa-europe.com\\\/shop\\\/produkt\\\/poncho-schermante-viggo\\\/?lang=it\",\"name\":\"Poncho schermante Viggo - Elektrosmog-Schutz Onlineshop\",\"isPartOf\":{\"@id\":\"https:\\\/\\\/ecologa-europe.com\\\/shop\\\/#website\"},\"primaryImageOfPage\":{\"@id\":\"https:\\\/\\\/ecologa-europe.com\\\/shop\\\/produkt\\\/poncho-schermante-viggo\\\/?lang=it#primaryimage\"},\"image\":{\"@id\":\"https:\\\/\\\/ecologa-europe.com\\\/shop\\\/produkt\\\/poncho-schermante-viggo\\\/?lang=it#primaryimage\"},\"thumbnailUrl\":\"https:\\\/\\\/ecologa-europe.com\\\/shop\\\/wp-content\\\/uploads\\\/2025\\\/05\\\/viggo_1-3.jpg\",\"datePublished\":\"2025-05-16T10:29:51+00:00\",\"dateModified\":\"2025-12-20T00:56:36+00:00\",\"description\":\"Viggo \u00e8 leggero e comodo da indossare senza essere costrittivo. Offre una protezione del 99% circa contro le alte frequenze.\",\"breadcrumb\":{\"@id\":\"https:\\\/\\\/ecologa-europe.com\\\/shop\\\/produkt\\\/poncho-schermante-viggo\\\/?lang=it#breadcrumb\"},\"inLanguage\":\"de\",\"potentialAction\":[{\"@type\":\"ReadAction\",\"target\":[\"https:\\\/\\\/ecologa-europe.com\\\/shop\\\/produkt\\\/poncho-schermante-viggo\\\/?lang=it\"]}]},{\"@type\":\"ImageObject\",\"inLanguage\":\"de\",\"@id\":\"https:\\\/\\\/ecologa-europe.com\\\/shop\\\/produkt\\\/poncho-schermante-viggo\\\/?lang=it#primaryimage\",\"url\":\"https:\\\/\\\/ecologa-europe.com\\\/shop\\\/wp-content\\\/uploads\\\/2025\\\/05\\\/viggo_1-3.jpg\",\"contentUrl\":\"https:\\\/\\\/ecologa-europe.com\\\/shop\\\/wp-content\\\/uploads\\\/2025\\\/05\\\/viggo_1-3.jpg\",\"width\":1200,\"height\":1800},{\"@type\":\"BreadcrumbList\",\"@id\":\"https:\\\/\\\/ecologa-europe.com\\\/shop\\\/produkt\\\/poncho-schermante-viggo\\\/?lang=it#breadcrumb\",\"itemListElement\":[{\"@type\":\"ListItem\",\"position\":1,\"name\":\"Startseite\",\"item\":\"https:\\\/\\\/ecologa-europe.com\\\/shop\\\/\"},{\"@type\":\"ListItem\",\"position\":2,\"name\":\"Shop\",\"item\":\"https:\\\/\\\/ecologa-europe.com\\\/shop\\\/shop\\\/\"},{\"@type\":\"ListItem\",\"position\":3,\"name\":\"Poncho schermante Viggo\"}]},{\"@type\":\"WebSite\",\"@id\":\"https:\\\/\\\/ecologa-europe.com\\\/shop\\\/#website\",\"url\":\"https:\\\/\\\/ecologa-europe.com\\\/shop\\\/\",\"name\":\"Elektrosmog-Schutz Onlineshop\",\"description\":\"Ecologa Europe\",\"publisher\":{\"@id\":\"https:\\\/\\\/ecologa-europe.com\\\/shop\\\/#organization\"},\"potentialAction\":[{\"@type\":\"SearchAction\",\"target\":{\"@type\":\"EntryPoint\",\"urlTemplate\":\"https:\\\/\\\/ecologa-europe.com\\\/shop\\\/?s={search_term_string}\"},\"query-input\":{\"@type\":\"PropertyValueSpecification\",\"valueRequired\":true,\"valueName\":\"search_term_string\"}}],\"inLanguage\":\"de\"},{\"@type\":\"Organization\",\"@id\":\"https:\\\/\\\/ecologa-europe.com\\\/shop\\\/#organization\",\"name\":\"Elektrosmog-Schutz Onlineshop\",\"url\":\"https:\\\/\\\/ecologa-europe.com\\\/shop\\\/\",\"logo\":{\"@type\":\"ImageObject\",\"inLanguage\":\"de\",\"@id\":\"https:\\\/\\\/ecologa-europe.com\\\/shop\\\/#\\\/schema\\\/logo\\\/image\\\/\",\"url\":\"https:\\\/\\\/ecologa-europe.com\\\/shop\\\/wp-content\\\/uploads\\\/2025\\\/04\\\/vertical-navbar-logo.svg\",\"contentUrl\":\"https:\\\/\\\/ecologa-europe.com\\\/shop\\\/wp-content\\\/uploads\\\/2025\\\/04\\\/vertical-navbar-logo.svg\",\"width\":182,\"height\":70,\"caption\":\"Elektrosmog-Schutz Onlineshop\"},\"image\":{\"@id\":\"https:\\\/\\\/ecologa-europe.com\\\/shop\\\/#\\\/schema\\\/logo\\\/image\\\/\"},\"sameAs\":[\"https:\\\/\\\/www.facebook.com\\\/Ecologa-Europe-GmbH-1604744566252298\\\/\",\"https:\\\/\\\/www.instagram.com\\\/ecologaeurope\\\/\"]}]}<\/script>\n<!-- \/ Yoast SEO plugin. -->","yoast_head_json":{"title":"Poncho schermante Viggo - Elektrosmog-Schutz Onlineshop","description":"Viggo \u00e8 leggero e comodo da indossare senza essere costrittivo. Offre una protezione del 99% circa contro le alte frequenze.","robots":{"index":"index","follow":"follow","max-snippet":"max-snippet:-1","max-image-preview":"max-image-preview:large","max-video-preview":"max-video-preview:-1"},"canonical":"https:\/\/ecologa-europe.com\/shop\/produkt\/poncho-schermante-viggo\/","og_locale":"de_DE","og_type":"article","og_title":"Poncho schermante Viggo - Elektrosmog-Schutz Onlineshop","og_description":"Viggo \u00e8 leggero e comodo da indossare senza essere costrittivo. Offre una protezione del 99% circa contro le alte frequenze.","og_url":"https:\/\/ecologa-europe.com\/shop\/produkt\/poncho-schermante-viggo\/?lang=it","og_site_name":"Elektrosmog-Schutz Onlineshop","article_publisher":"https:\/\/www.facebook.com\/Ecologa-Europe-GmbH-1604744566252298\/","article_modified_time":"2025-12-20T00:56:36+00:00","og_image":[{"width":1200,"height":1800,"url":"https:\/\/ecologa-europe.com\/shop\/wp-content\/uploads\/2025\/05\/viggo_1-3.jpg","type":"image\/jpeg"}],"twitter_card":"summary_large_image","twitter_misc":{"Gesch\u00e4tzte Lesezeit":"4\u00a0Minuten"},"schema":{"@context":"https:\/\/schema.org","@graph":[{"@type":"WebPage","@id":"https:\/\/ecologa-europe.com\/shop\/produkt\/poncho-schermante-viggo\/?lang=it","url":"https:\/\/ecologa-europe.com\/shop\/produkt\/poncho-schermante-viggo\/?lang=it","name":"Poncho schermante Viggo - Elektrosmog-Schutz Onlineshop","isPartOf":{"@id":"https:\/\/ecologa-europe.com\/shop\/#website"},"primaryImageOfPage":{"@id":"https:\/\/ecologa-europe.com\/shop\/produkt\/poncho-schermante-viggo\/?lang=it#primaryimage"},"image":{"@id":"https:\/\/ecologa-europe.com\/shop\/produkt\/poncho-schermante-viggo\/?lang=it#primaryimage"},"thumbnailUrl":"https:\/\/ecologa-europe.com\/shop\/wp-content\/uploads\/2025\/05\/viggo_1-3.jpg","datePublished":"2025-05-16T10:29:51+00:00","dateModified":"2025-12-20T00:56:36+00:00","description":"Viggo \u00e8 leggero e comodo da indossare senza essere costrittivo. Offre una protezione del 99% circa contro le alte frequenze.","breadcrumb":{"@id":"https:\/\/ecologa-europe.com\/shop\/produkt\/poncho-schermante-viggo\/?lang=it#breadcrumb"},"inLanguage":"de","potentialAction":[{"@type":"ReadAction","target":["https:\/\/ecologa-europe.com\/shop\/produkt\/poncho-schermante-viggo\/?lang=it"]}]},{"@type":"ImageObject","inLanguage":"de","@id":"https:\/\/ecologa-europe.com\/shop\/produkt\/poncho-schermante-viggo\/?lang=it#primaryimage","url":"https:\/\/ecologa-europe.com\/shop\/wp-content\/uploads\/2025\/05\/viggo_1-3.jpg","contentUrl":"https:\/\/ecologa-europe.com\/shop\/wp-content\/uploads\/2025\/05\/viggo_1-3.jpg","width":1200,"height":1800},{"@type":"BreadcrumbList","@id":"https:\/\/ecologa-europe.com\/shop\/produkt\/poncho-schermante-viggo\/?lang=it#breadcrumb","itemListElement":[{"@type":"ListItem","position":1,"name":"Startseite","item":"https:\/\/ecologa-europe.com\/shop\/"},{"@type":"ListItem","position":2,"name":"Shop","item":"https:\/\/ecologa-europe.com\/shop\/shop\/"},{"@type":"ListItem","position":3,"name":"Poncho schermante Viggo"}]},{"@type":"WebSite","@id":"https:\/\/ecologa-europe.com\/shop\/#website","url":"https:\/\/ecologa-europe.com\/shop\/","name":"Elektrosmog-Schutz Onlineshop","description":"Ecologa Europe","publisher":{"@id":"https:\/\/ecologa-europe.com\/shop\/#organization"},"potentialAction":[{"@type":"SearchAction","target":{"@type":"EntryPoint","urlTemplate":"https:\/\/ecologa-europe.com\/shop\/?s={search_term_string}"},"query-input":{"@type":"PropertyValueSpecification","valueRequired":true,"valueName":"search_term_string"}}],"inLanguage":"de"},{"@type":"Organization","@id":"https:\/\/ecologa-europe.com\/shop\/#organization","name":"Elektrosmog-Schutz Onlineshop","url":"https:\/\/ecologa-europe.com\/shop\/","logo":{"@type":"ImageObject","inLanguage":"de","@id":"https:\/\/ecologa-europe.com\/shop\/#\/schema\/logo\/image\/","url":"https:\/\/ecologa-europe.com\/shop\/wp-content\/uploads\/2025\/04\/vertical-navbar-logo.svg","contentUrl":"https:\/\/ecologa-europe.com\/shop\/wp-content\/uploads\/2025\/04\/vertical-navbar-logo.svg","width":182,"height":70,"caption":"Elektrosmog-Schutz Onlineshop"},"image":{"@id":"https:\/\/ecologa-europe.com\/shop\/#\/schema\/logo\/image\/"},"sameAs":["https:\/\/www.facebook.com\/Ecologa-Europe-GmbH-1604744566252298\/","https:\/\/www.instagram.com\/ecologaeurope\/"]}]}},"_links":{"self":[{"href":"https:\/\/ecologa-europe.com\/shop\/wp-json\/wp\/v2\/product\/7965","targetHints":{"allow":["GET"]}}],"collection":[{"href":"https:\/\/ecologa-europe.com\/shop\/wp-json\/wp\/v2\/product"}],"about":[{"href":"https:\/\/ecologa-europe.com\/shop\/wp-json\/wp\/v2\/types\/product"}],"wp:featuredmedia":[{"embeddable":true,"href":"https:\/\/ecologa-europe.com\/shop\/wp-json\/wp\/v2\/media\/7990"}],"wp:attachment":[{"href":"https:\/\/ecologa-europe.com\/shop\/wp-json\/wp\/v2\/media?parent=7965"}],"wp:term":[{"taxonomy":"product_brand","embeddable":true,"href":"https:\/\/ecologa-europe.com\/shop\/wp-json\/wp\/v2\/product_brand?post=7965"},{"taxonomy":"product_cat","embeddable":true,"href":"https:\/\/ecologa-europe.com\/shop\/wp-json\/wp\/v2\/product_cat?post=7965"},{"taxonomy":"product_tag","embeddable":true,"href":"https:\/\/ecologa-europe.com\/shop\/wp-json\/wp\/v2\/product_tag?post=7965"}],"curies":[{"name":"wp","href":"https:\/\/api.w.org\/{rel}","templated":true}]}}