{"id":7974,"date":"2025-05-16T10:29:52","date_gmt":"2025-05-16T10:29:52","guid":{"rendered":"https:\/\/639.pm-domains.de\/?post_type=product&#038;p=7974"},"modified":"2026-03-27T09:41:02","modified_gmt":"2026-03-27T09:41:02","slug":"abschirm-kopfnetz-noha","status":"publish","type":"product","link":"https:\/\/ecologa-europe.com\/shop\/produkt\/abschirm-kopfnetz-noha\/","title":{"rendered":"Abschirm-Kopfnetz Noha"},"content":{"rendered":"<p>Elektromagnetische Strahlung kann je nach Intensit\u00e4t und Dauer der Exposition verschiedene Reaktionen im menschlichen K\u00f6rper hervorrufen. Die Forschung der letzten zehn Jahre zeigt wiederholt Hinweise auf Ver\u00e4nderungen des oxidativen Gleichgewichts, die durch die Exposition gegen\u00fcber elektromagnetischen Feldern (EMF) selbst in geringen Dosen verursacht werden.<br \/>\nUm unseren Stress zu reduzieren, ist es von entscheidender Bedeutung, unsere pers\u00f6nliche Exposition gegen\u00fcber elektromagnetischer Strahlung zu verringern. Durch einfache Ma\u00dfnahmen im Alltag k\u00f6nnen Sie die Symptome lindern und Ihre Lebensqualit\u00e4t verbessern. Abgeschirmte Kleidung bietet ebenfalls einen zus\u00e4tzlichen Schutz.<\/p>\n<p>F\u00fcr den Kopf- und Halsbereich haben wir das Noha-Netz entwickelt. Dieses Netz aus abgeschirmtem Stoff sch\u00fctzt Kopf und Hals wirksam vor hohen Frequenzen wie Wi-Fi, schnurlosen Telefonen, Mobilfunkmasten, Smartphones und WLAN.<br \/>\nDas feinmaschige Netz liegt bequem auf den Schultern und wird unter den Achseln von einem verstellbaren Gummiband gehalten. Es kann direkt auf dem Kopf oder \u00fcber einer M\u00fctze, Kappe oder einem Hut getragen werden und passt f\u00fcr Kopfbedeckungen mit einem Durchmesser von bis zu 35 cm.<\/p>\n<p>Hergestellt aus einem leitf\u00e4higen Gewebe mit 10 % Silberanteil, ist es sehr effektiv bei der Abschirmung von EMF. Die D\u00e4mpfung der Leistungsdichte von 200 MHz bis 14 GHz erreicht 99,995 % (nur 0,005 % werden \u00fcbertragen).<\/p>\n<p>Seine Abschirmungsf\u00e4higkeit ist wie folgt:<br \/>\ndurchschnittlich &lt; 45 dB von 0,2 GHz &#8211; 2 GHz<br \/>\ndurchschnittlich &lt; 40 dB von 2 GHz &#8211; 5 GHz<br \/>\ndurchschnittlich &lt; 36 dB von 5 GHz &#8211; 14 GHZ<\/p>\n<p>Silber gilt als biozider Wirkstoff gem\u00e4\u00df \u00a767 der EU-Biozidrichtlinie. Dar\u00fcber hinaus ist der Stoff frei von Nanotechnologie und nach OEKO-TEX\u00ae STANDARD 100 zertifiziert.<\/p>\n<p>Das Noha-Netz ist nicht f\u00fcr den Einsatz im Freien gedacht, da das abgeschirmte Gewebe nicht transparent genug ist, um Aktivit\u00e4ten im Freien zu erm\u00f6glichen. Es ist aufgrund seiner Undurchsichtigkeit auch nicht f\u00fcr den Einsatz auf Treppen oder beim Autofahren geeignet. Dagegen ist sie ideal f\u00fcr Flugreisen oder f\u00fcr den Gebrauch zu Hause.<\/p>\n<p>Noha ist ein Unisex-Netz<\/p>\n<p>Netz in Deutschland hergestellt<\/p>\n<p>Pflegehinweise:<br \/>\nNicht trocknergeeignet, Maschinenw\u00e4sche bei 30\u00b0C Schonwaschgang<br \/>\nkein Weichsp\u00fcler verwenden<\/p>\n","protected":false},"excerpt":{"rendered":"<p>Elektromagnetische Strahlung kann im menschlichen K\u00f6rper je nach Intensit\u00e4t und Dauer der Exposition unterschiedliche Reaktionen hervorrufen.<\/p>\n<p>Durch einfache Ma\u00dfnahmen im Alltag k\u00f6nnen Sie die Symptome lindern und Ihre Lebensqualit\u00e4t verbessern. Auch abgeschirmte Kleidung bietet zus\u00e4tzlichen Schutz.<\/p>\n<p>F\u00fcr den Kopf- und Nackenbereich haben wir das Noha-Netz entwickelt. Dieses Netz aus abgeschirmtem Gewebe sch\u00fctzt Kopf und Nacken wirksam vor hohen Frequenzen wie Wi-Fi, Schnurlostelefonen, Mobilfunkmasten, Smartphones und WLAN.<\/p>\n<p>Das feinmaschige Netz sitzt bequem auf den Schultern und wird mit einem verstellbaren Gummiband unter den Achseln fixiert. Es kann direkt auf dem Kopf oder \u00fcber einer Kappe, M\u00fctze oder einem Hut getragen werden und passt auf Kopfbedeckungen mit einem Durchmesser von bis zu 35 cm.<\/p>\n<p>Er besteht aus einem leitf\u00e4higen Gewebe mit 10 % Silberanteil und schirmt EMF sehr wirksam ab. Die Abschw\u00e4chung der Leistungsdichte von 200 MHz bis 14 GHz erreicht 99,995 % (nur 0,005 % werden \u00fcbertragen).<\/p>\n<p>Noha ist ein Unisex-Netz<\/p>\n<p>Made in Germany<\/p>\n","protected":false},"featured_media":8004,"template":"","meta":{"inline_featured_image":false,"site-sidebar-layout":"default","site-content-layout":"","ast-site-content-layout":"default","site-content-style":"default","site-sidebar-style":"default","ast-global-header-display":"","ast-banner-title-visibility":"","ast-main-header-display":"","ast-hfb-above-header-display":"","ast-hfb-below-header-display":"","ast-hfb-mobile-header-display":"","site-post-title":"","ast-breadcrumbs-content":"","ast-featured-img":"","footer-sml-layout":"","ast-disable-related-posts":"","theme-transparent-header-meta":"default","adv-header-id-meta":"","stick-header-meta":"","header-above-stick-meta":"","header-main-stick-meta":"","header-below-stick-meta":"","astra-migrate-meta-layouts":"set","ast-page-background-enabled":"default","ast-page-background-meta":{"desktop":{"background-color":"var(--ast-global-color-5)","background-image":"","background-repeat":"repeat","background-position":"center center","background-size":"auto","background-attachment":"scroll","background-type":"","background-media":"","overlay-type":"","overlay-color":"","overlay-opacity":"","overlay-gradient":""},"tablet":{"background-color":"","background-image":"","background-repeat":"repeat","background-position":"center center","background-size":"auto","background-attachment":"scroll","background-type":"","background-media":"","overlay-type":"","overlay-color":"","overlay-opacity":"","overlay-gradient":""},"mobile":{"background-color":"","background-image":"","background-repeat":"repeat","background-position":"center center","background-size":"auto","background-attachment":"scroll","background-type":"","background-media":"","overlay-type":"","overlay-color":"","overlay-opacity":"","overlay-gradient":""}},"ast-content-background-meta":{"desktop":{"background-color":"var(--ast-global-color-4)","background-image":"","background-repeat":"repeat","background-position":"center center","background-size":"auto","background-attachment":"scroll","background-type":"","background-media":"","overlay-type":"","overlay-color":"","overlay-opacity":"","overlay-gradient":""},"tablet":{"background-color":"var(--ast-global-color-4)","background-image":"","background-repeat":"repeat","background-position":"center center","background-size":"auto","background-attachment":"scroll","background-type":"","background-media":"","overlay-type":"","overlay-color":"","overlay-opacity":"","overlay-gradient":""},"mobile":{"background-color":"var(--ast-global-color-4)","background-image":"","background-repeat":"repeat","background-position":"center center","background-size":"auto","background-attachment":"scroll","background-type":"","background-media":"","overlay-type":"","overlay-color":"","overlay-opacity":"","overlay-gradient":""}}},"product_brand":[],"product_cat":[16,17,30,23],"product_tag":[19,46,47],"class_list":{"0":"post-7974","1":"product","2":"type-product","3":"status-publish","4":"has-post-thumbnail","6":"product_cat-abschirmkleidung","7":"product_cat-abschirmkleidung-damen","8":"product_cat-abschirmkleidung-herren","9":"product_cat-accessoires","10":"product_tag-abschirmkleidung","11":"product_tag-abschirmmuetze","12":"product_tag-elektrosmog-abschirmen","13":"product_shipping_class-standardversand","14":"desktop-align-left","15":"tablet-align-left","16":"mobile-align-left","18":"first","19":"instock","20":"taxable","21":"shipping-taxable","22":"purchasable","23":"product-type-simple"},"yoast_head":"<!-- This site is optimized with the Yoast SEO plugin v27.5 - https:\/\/yoast.com\/product\/yoast-seo-wordpress\/ -->\n<title>Abschirm-Kopfnetz Noha - Elektrosmog-Schutz Onlineshop<\/title>\n<meta name=\"description\" content=\"Noha schirmt EMF sehr wirksam ab. Die Abschw\u00e4chung der Leistungsdichte von 200 MHz bis 14 GHz erreicht 99,995 % (nur 0,005 % werden \u00fcbertragen).\" \/>\n<meta name=\"robots\" content=\"index, follow, max-snippet:-1, max-image-preview:large, max-video-preview:-1\" \/>\n<link rel=\"canonical\" href=\"https:\/\/ecologa-europe.com\/shop\/produkt\/abschirm-kopfnetz-noha\/\" \/>\n<meta property=\"og:locale\" content=\"de_DE\" \/>\n<meta property=\"og:type\" content=\"article\" \/>\n<meta property=\"og:title\" content=\"Abschirm-Kopfnetz Noha - Elektrosmog-Schutz Onlineshop\" \/>\n<meta property=\"og:description\" content=\"Noha schirmt EMF sehr wirksam ab. Die Abschw\u00e4chung der Leistungsdichte von 200 MHz bis 14 GHz erreicht 99,995 % (nur 0,005 % werden \u00fcbertragen).\" \/>\n<meta property=\"og:url\" content=\"https:\/\/ecologa-europe.com\/shop\/produkt\/abschirm-kopfnetz-noha\/\" \/>\n<meta property=\"og:site_name\" content=\"Elektrosmog-Schutz Onlineshop\" \/>\n<meta property=\"article:publisher\" content=\"https:\/\/www.facebook.com\/Ecologa-Europe-GmbH-1604744566252298\/\" \/>\n<meta property=\"article:modified_time\" content=\"2026-03-27T09:41:02+00:00\" \/>\n<meta property=\"og:image\" content=\"https:\/\/ecologa-europe.com\/shop\/wp-content\/uploads\/2025\/05\/noha_tuell_1.jpg\" \/>\n\t<meta property=\"og:image:width\" content=\"778\" \/>\n\t<meta property=\"og:image:height\" content=\"560\" \/>\n\t<meta property=\"og:image:type\" content=\"image\/jpeg\" \/>\n<meta name=\"twitter:card\" content=\"summary_large_image\" \/>\n<meta name=\"twitter:label1\" content=\"Gesch\u00e4tzte Lesezeit\" \/>\n\t<meta name=\"twitter:data1\" content=\"2\u00a0Minuten\" \/>\n<script type=\"application\/ld+json\" class=\"yoast-schema-graph\">{\"@context\":\"https:\\\/\\\/schema.org\",\"@graph\":[{\"@type\":\"WebPage\",\"@id\":\"https:\\\/\\\/ecologa-europe.com\\\/shop\\\/produkt\\\/abschirm-kopfnetz-noha\\\/\",\"url\":\"https:\\\/\\\/ecologa-europe.com\\\/shop\\\/produkt\\\/abschirm-kopfnetz-noha\\\/\",\"name\":\"Abschirm-Kopfnetz Noha - Elektrosmog-Schutz Onlineshop\",\"isPartOf\":{\"@id\":\"https:\\\/\\\/ecologa-europe.com\\\/shop\\\/#website\"},\"primaryImageOfPage\":{\"@id\":\"https:\\\/\\\/ecologa-europe.com\\\/shop\\\/produkt\\\/abschirm-kopfnetz-noha\\\/#primaryimage\"},\"image\":{\"@id\":\"https:\\\/\\\/ecologa-europe.com\\\/shop\\\/produkt\\\/abschirm-kopfnetz-noha\\\/#primaryimage\"},\"thumbnailUrl\":\"https:\\\/\\\/ecologa-europe.com\\\/shop\\\/wp-content\\\/uploads\\\/2025\\\/05\\\/noha_tuell_1.jpg\",\"datePublished\":\"2025-05-16T10:29:52+00:00\",\"dateModified\":\"2026-03-27T09:41:02+00:00\",\"description\":\"Noha schirmt EMF sehr wirksam ab. Die Abschw\u00e4chung der Leistungsdichte von 200 MHz bis 14 GHz erreicht 99,995 % (nur 0,005 % werden \u00fcbertragen).\",\"breadcrumb\":{\"@id\":\"https:\\\/\\\/ecologa-europe.com\\\/shop\\\/produkt\\\/abschirm-kopfnetz-noha\\\/#breadcrumb\"},\"inLanguage\":\"de\",\"potentialAction\":[{\"@type\":\"ReadAction\",\"target\":[\"https:\\\/\\\/ecologa-europe.com\\\/shop\\\/produkt\\\/abschirm-kopfnetz-noha\\\/\"]}]},{\"@type\":\"ImageObject\",\"inLanguage\":\"de\",\"@id\":\"https:\\\/\\\/ecologa-europe.com\\\/shop\\\/produkt\\\/abschirm-kopfnetz-noha\\\/#primaryimage\",\"url\":\"https:\\\/\\\/ecologa-europe.com\\\/shop\\\/wp-content\\\/uploads\\\/2025\\\/05\\\/noha_tuell_1.jpg\",\"contentUrl\":\"https:\\\/\\\/ecologa-europe.com\\\/shop\\\/wp-content\\\/uploads\\\/2025\\\/05\\\/noha_tuell_1.jpg\",\"width\":778,\"height\":560},{\"@type\":\"BreadcrumbList\",\"@id\":\"https:\\\/\\\/ecologa-europe.com\\\/shop\\\/produkt\\\/abschirm-kopfnetz-noha\\\/#breadcrumb\",\"itemListElement\":[{\"@type\":\"ListItem\",\"position\":1,\"name\":\"Startseite\",\"item\":\"https:\\\/\\\/ecologa-europe.com\\\/shop\\\/\"},{\"@type\":\"ListItem\",\"position\":2,\"name\":\"Shop\",\"item\":\"https:\\\/\\\/ecologa-europe.com\\\/shop\\\/shop\\\/\"},{\"@type\":\"ListItem\",\"position\":3,\"name\":\"Abschirm-Kopfnetz Noha\"}]},{\"@type\":\"WebSite\",\"@id\":\"https:\\\/\\\/ecologa-europe.com\\\/shop\\\/#website\",\"url\":\"https:\\\/\\\/ecologa-europe.com\\\/shop\\\/\",\"name\":\"Elektrosmog-Schutz Onlineshop\",\"description\":\"Ecologa Europe\",\"publisher\":{\"@id\":\"https:\\\/\\\/ecologa-europe.com\\\/shop\\\/#organization\"},\"potentialAction\":[{\"@type\":\"SearchAction\",\"target\":{\"@type\":\"EntryPoint\",\"urlTemplate\":\"https:\\\/\\\/ecologa-europe.com\\\/shop\\\/?s={search_term_string}\"},\"query-input\":{\"@type\":\"PropertyValueSpecification\",\"valueRequired\":true,\"valueName\":\"search_term_string\"}}],\"inLanguage\":\"de\"},{\"@type\":\"Organization\",\"@id\":\"https:\\\/\\\/ecologa-europe.com\\\/shop\\\/#organization\",\"name\":\"Elektrosmog-Schutz Onlineshop\",\"url\":\"https:\\\/\\\/ecologa-europe.com\\\/shop\\\/\",\"logo\":{\"@type\":\"ImageObject\",\"inLanguage\":\"de\",\"@id\":\"https:\\\/\\\/ecologa-europe.com\\\/shop\\\/#\\\/schema\\\/logo\\\/image\\\/\",\"url\":\"https:\\\/\\\/ecologa-europe.com\\\/shop\\\/wp-content\\\/uploads\\\/2025\\\/04\\\/vertical-navbar-logo.svg\",\"contentUrl\":\"https:\\\/\\\/ecologa-europe.com\\\/shop\\\/wp-content\\\/uploads\\\/2025\\\/04\\\/vertical-navbar-logo.svg\",\"width\":182,\"height\":70,\"caption\":\"Elektrosmog-Schutz Onlineshop\"},\"image\":{\"@id\":\"https:\\\/\\\/ecologa-europe.com\\\/shop\\\/#\\\/schema\\\/logo\\\/image\\\/\"},\"sameAs\":[\"https:\\\/\\\/www.facebook.com\\\/Ecologa-Europe-GmbH-1604744566252298\\\/\",\"https:\\\/\\\/www.instagram.com\\\/ecologaeurope\\\/\"]}]}<\/script>\n<!-- \/ Yoast SEO plugin. -->","yoast_head_json":{"title":"Abschirm-Kopfnetz Noha - Elektrosmog-Schutz Onlineshop","description":"Noha schirmt EMF sehr wirksam ab. Die Abschw\u00e4chung der Leistungsdichte von 200 MHz bis 14 GHz erreicht 99,995 % (nur 0,005 % werden \u00fcbertragen).","robots":{"index":"index","follow":"follow","max-snippet":"max-snippet:-1","max-image-preview":"max-image-preview:large","max-video-preview":"max-video-preview:-1"},"canonical":"https:\/\/ecologa-europe.com\/shop\/produkt\/abschirm-kopfnetz-noha\/","og_locale":"de_DE","og_type":"article","og_title":"Abschirm-Kopfnetz Noha - Elektrosmog-Schutz Onlineshop","og_description":"Noha schirmt EMF sehr wirksam ab. Die Abschw\u00e4chung der Leistungsdichte von 200 MHz bis 14 GHz erreicht 99,995 % (nur 0,005 % werden \u00fcbertragen).","og_url":"https:\/\/ecologa-europe.com\/shop\/produkt\/abschirm-kopfnetz-noha\/","og_site_name":"Elektrosmog-Schutz Onlineshop","article_publisher":"https:\/\/www.facebook.com\/Ecologa-Europe-GmbH-1604744566252298\/","article_modified_time":"2026-03-27T09:41:02+00:00","og_image":[{"width":778,"height":560,"url":"https:\/\/ecologa-europe.com\/shop\/wp-content\/uploads\/2025\/05\/noha_tuell_1.jpg","type":"image\/jpeg"}],"twitter_card":"summary_large_image","twitter_misc":{"Gesch\u00e4tzte Lesezeit":"2\u00a0Minuten"},"schema":{"@context":"https:\/\/schema.org","@graph":[{"@type":"WebPage","@id":"https:\/\/ecologa-europe.com\/shop\/produkt\/abschirm-kopfnetz-noha\/","url":"https:\/\/ecologa-europe.com\/shop\/produkt\/abschirm-kopfnetz-noha\/","name":"Abschirm-Kopfnetz Noha - Elektrosmog-Schutz Onlineshop","isPartOf":{"@id":"https:\/\/ecologa-europe.com\/shop\/#website"},"primaryImageOfPage":{"@id":"https:\/\/ecologa-europe.com\/shop\/produkt\/abschirm-kopfnetz-noha\/#primaryimage"},"image":{"@id":"https:\/\/ecologa-europe.com\/shop\/produkt\/abschirm-kopfnetz-noha\/#primaryimage"},"thumbnailUrl":"https:\/\/ecologa-europe.com\/shop\/wp-content\/uploads\/2025\/05\/noha_tuell_1.jpg","datePublished":"2025-05-16T10:29:52+00:00","dateModified":"2026-03-27T09:41:02+00:00","description":"Noha schirmt EMF sehr wirksam ab. Die Abschw\u00e4chung der Leistungsdichte von 200 MHz bis 14 GHz erreicht 99,995 % (nur 0,005 % werden \u00fcbertragen).","breadcrumb":{"@id":"https:\/\/ecologa-europe.com\/shop\/produkt\/abschirm-kopfnetz-noha\/#breadcrumb"},"inLanguage":"de","potentialAction":[{"@type":"ReadAction","target":["https:\/\/ecologa-europe.com\/shop\/produkt\/abschirm-kopfnetz-noha\/"]}]},{"@type":"ImageObject","inLanguage":"de","@id":"https:\/\/ecologa-europe.com\/shop\/produkt\/abschirm-kopfnetz-noha\/#primaryimage","url":"https:\/\/ecologa-europe.com\/shop\/wp-content\/uploads\/2025\/05\/noha_tuell_1.jpg","contentUrl":"https:\/\/ecologa-europe.com\/shop\/wp-content\/uploads\/2025\/05\/noha_tuell_1.jpg","width":778,"height":560},{"@type":"BreadcrumbList","@id":"https:\/\/ecologa-europe.com\/shop\/produkt\/abschirm-kopfnetz-noha\/#breadcrumb","itemListElement":[{"@type":"ListItem","position":1,"name":"Startseite","item":"https:\/\/ecologa-europe.com\/shop\/"},{"@type":"ListItem","position":2,"name":"Shop","item":"https:\/\/ecologa-europe.com\/shop\/shop\/"},{"@type":"ListItem","position":3,"name":"Abschirm-Kopfnetz Noha"}]},{"@type":"WebSite","@id":"https:\/\/ecologa-europe.com\/shop\/#website","url":"https:\/\/ecologa-europe.com\/shop\/","name":"Elektrosmog-Schutz Onlineshop","description":"Ecologa Europe","publisher":{"@id":"https:\/\/ecologa-europe.com\/shop\/#organization"},"potentialAction":[{"@type":"SearchAction","target":{"@type":"EntryPoint","urlTemplate":"https:\/\/ecologa-europe.com\/shop\/?s={search_term_string}"},"query-input":{"@type":"PropertyValueSpecification","valueRequired":true,"valueName":"search_term_string"}}],"inLanguage":"de"},{"@type":"Organization","@id":"https:\/\/ecologa-europe.com\/shop\/#organization","name":"Elektrosmog-Schutz Onlineshop","url":"https:\/\/ecologa-europe.com\/shop\/","logo":{"@type":"ImageObject","inLanguage":"de","@id":"https:\/\/ecologa-europe.com\/shop\/#\/schema\/logo\/image\/","url":"https:\/\/ecologa-europe.com\/shop\/wp-content\/uploads\/2025\/04\/vertical-navbar-logo.svg","contentUrl":"https:\/\/ecologa-europe.com\/shop\/wp-content\/uploads\/2025\/04\/vertical-navbar-logo.svg","width":182,"height":70,"caption":"Elektrosmog-Schutz Onlineshop"},"image":{"@id":"https:\/\/ecologa-europe.com\/shop\/#\/schema\/logo\/image\/"},"sameAs":["https:\/\/www.facebook.com\/Ecologa-Europe-GmbH-1604744566252298\/","https:\/\/www.instagram.com\/ecologaeurope\/"]}]}},"_links":{"self":[{"href":"https:\/\/ecologa-europe.com\/shop\/wp-json\/wp\/v2\/product\/7974","targetHints":{"allow":["GET"]}}],"collection":[{"href":"https:\/\/ecologa-europe.com\/shop\/wp-json\/wp\/v2\/product"}],"about":[{"href":"https:\/\/ecologa-europe.com\/shop\/wp-json\/wp\/v2\/types\/product"}],"wp:featuredmedia":[{"embeddable":true,"href":"https:\/\/ecologa-europe.com\/shop\/wp-json\/wp\/v2\/media\/8004"}],"wp:attachment":[{"href":"https:\/\/ecologa-europe.com\/shop\/wp-json\/wp\/v2\/media?parent=7974"}],"wp:term":[{"taxonomy":"product_brand","embeddable":true,"href":"https:\/\/ecologa-europe.com\/shop\/wp-json\/wp\/v2\/product_brand?post=7974"},{"taxonomy":"product_cat","embeddable":true,"href":"https:\/\/ecologa-europe.com\/shop\/wp-json\/wp\/v2\/product_cat?post=7974"},{"taxonomy":"product_tag","embeddable":true,"href":"https:\/\/ecologa-europe.com\/shop\/wp-json\/wp\/v2\/product_tag?post=7974"}],"curies":[{"name":"wp","href":"https:\/\/api.w.org\/{rel}","templated":true}]}}